{"id":13482,"date":"2024-07-12T17:16:15","date_gmt":"2024-07-12T17:16:15","guid":{"rendered":"https:\/\/cafesantahelena.alivanstudio.com\/mein-account\/"},"modified":"2025-03-16T10:44:04","modified_gmt":"2025-03-16T10:44:04","slug":"mein-konto","status":"publish","type":"page","link":"https:\/\/cafesantahelena.com\/de\/mein-konto\/","title":{"rendered":"Mein Konto"},"content":{"rendered":"\t\t<div data-elementor-type=\"wp-page\" data-elementor-id=\"13482\" class=\"elementor elementor-13482 elementor-11\" data-elementor-post-type=\"page\">\n\t\t\t\t<div class=\"elementor-element elementor-element-489107c4 e-flex e-con-boxed e-con e-parent\" data-id=\"489107c4\" data-element_type=\"container\" data-settings=\"{&quot;background_background&quot;:&quot;classic&quot;}\">\n\t\t\t\t\t<div class=\"e-con-inner\">\n\t\t\t\t<div class=\"elementor-element elementor-element-fda2996 e-my-account-tabs-vertical elementor-widget elementor-widget-woocommerce-my-account\" data-id=\"fda2996\" data-element_type=\"widget\" data-widget_type=\"woocommerce-my-account.default\">\n\t\t\t\t<div class=\"elementor-widget-container\">\n\t\t\t\t\t<div class=\"e-my-account-tab e-my-account-tab__ \">\t\t\t<div class=\"woocommerce\"><\/div>\t\t<\/div>\n\t\t\t\t\t\t<\/div>\n\t\t\t\t<\/div>\n\t\t\t\t\t<\/div>\n\t\t\t\t<\/div>\n\t\t\t\t<\/div>\n\t\t","protected":false},"excerpt":{"rendered":"<p>Ausgehen Bestellungen Downloads Adressen Zahlungsmethoden Kontodaten Ausgehen Hallo Caf\u00e9 Santa Helena (nicht Caf\u00e9 Santa Helena? Abmelden) In deiner Konto-\u00dcbersicht kannst du deine letzten Bestellungen ansehen, deine Liefer- und Rechnungsadresse verwalten und dein Passwort und die Kontodetails bearbeiten.<\/p>\n","protected":false},"author":1,"featured_media":0,"parent":0,"menu_order":0,"comment_status":"closed","ping_status":"closed","template":"elementor_header_footer","meta":{"footnotes":""},"class_list":["post-13482","page","type-page","status-publish","hentry"],"yoast_head":"<!-- This site is optimized with the Yoast SEO plugin v26.4 - https:\/\/yoast.com\/wordpress\/plugins\/seo\/ -->\n<title>Meiner Kontoseite - Caf\u00e9 Santa Helena<\/title>\n<meta name=\"description\" content=\"Auf meiner Kontoseite werden meine Daten aud der Website gespeichert.\" \/>\n<meta name=\"robots\" content=\"index, follow, max-snippet:-1, max-image-preview:large, max-video-preview:-1\" \/>\n<link rel=\"canonical\" href=\"https:\/\/cafesantahelena.com\/de\/mein-konto\/\" \/>\n<meta property=\"og:locale\" content=\"de_DE\" \/>\n<meta property=\"og:type\" content=\"article\" \/>\n<meta property=\"og:title\" content=\"Meiner Kontoseite - Caf\u00e9 Santa Helena\" \/>\n<meta property=\"og:description\" content=\"Auf meiner Kontoseite werden meine Daten aud der Website gespeichert.\" \/>\n<meta property=\"og:url\" content=\"https:\/\/cafesantahelena.com\/de\/mein-konto\/\" \/>\n<meta property=\"og:site_name\" content=\"Caf\u00e9 Santa Helena\" \/>\n<meta property=\"article:modified_time\" content=\"2025-03-16T10:44:04+00:00\" \/>\n<meta name=\"twitter:card\" content=\"summary_large_image\" \/>\n<meta name=\"twitter:label1\" content=\"Gesch\u00e4tzte Lesezeit\" \/>\n\t<meta name=\"twitter:data1\" content=\"1\u00a0Minute\" \/>\n<script type=\"application\/ld+json\" class=\"yoast-schema-graph\">{\"@context\":\"https:\/\/schema.org\",\"@graph\":[{\"@type\":\"WebPage\",\"@id\":\"https:\/\/cafesantahelena.com\/de\/mein-konto\/\",\"url\":\"https:\/\/cafesantahelena.com\/de\/mein-konto\/\",\"name\":\"Meiner Kontoseite - Caf\u00e9 Santa Helena\",\"isPartOf\":{\"@id\":\"https:\/\/cafesantahelena.com\/#website\"},\"datePublished\":\"2024-07-12T17:16:15+00:00\",\"dateModified\":\"2025-03-16T10:44:04+00:00\",\"description\":\"Auf meiner Kontoseite werden meine Daten aud der Website gespeichert.\",\"breadcrumb\":{\"@id\":\"https:\/\/cafesantahelena.com\/de\/mein-konto\/#breadcrumb\"},\"inLanguage\":\"de\",\"potentialAction\":[{\"@type\":\"ReadAction\",\"target\":[\"https:\/\/cafesantahelena.com\/de\/mein-konto\/\"]}]},{\"@type\":\"BreadcrumbList\",\"@id\":\"https:\/\/cafesantahelena.com\/de\/mein-konto\/#breadcrumb\",\"itemListElement\":[{\"@type\":\"ListItem\",\"position\":1,\"name\":\"In\u00edcio\",\"item\":\"https:\/\/cafesantahelena.com\/de\/\"},{\"@type\":\"ListItem\",\"position\":2,\"name\":\"Mein Konto\"}]},{\"@type\":\"WebSite\",\"@id\":\"https:\/\/cafesantahelena.com\/#website\",\"url\":\"https:\/\/cafesantahelena.com\/\",\"name\":\"Caf\u00e9 Santa Helena\",\"description\":\"\",\"potentialAction\":[{\"@type\":\"SearchAction\",\"target\":{\"@type\":\"EntryPoint\",\"urlTemplate\":\"https:\/\/cafesantahelena.com\/?s={search_term_string}\"},\"query-input\":{\"@type\":\"PropertyValueSpecification\",\"valueRequired\":true,\"valueName\":\"search_term_string\"}}],\"inLanguage\":\"de\"}]}<\/script>\n<!-- \/ Yoast SEO plugin. -->","yoast_head_json":{"title":"Meiner Kontoseite - Caf\u00e9 Santa Helena","description":"Auf meiner Kontoseite werden meine Daten aud der Website gespeichert.","robots":{"index":"index","follow":"follow","max-snippet":"max-snippet:-1","max-image-preview":"max-image-preview:large","max-video-preview":"max-video-preview:-1"},"canonical":"https:\/\/cafesantahelena.com\/de\/mein-konto\/","og_locale":"de_DE","og_type":"article","og_title":"Meiner Kontoseite - Caf\u00e9 Santa Helena","og_description":"Auf meiner Kontoseite werden meine Daten aud der Website gespeichert.","og_url":"https:\/\/cafesantahelena.com\/de\/mein-konto\/","og_site_name":"Caf\u00e9 Santa Helena","article_modified_time":"2025-03-16T10:44:04+00:00","twitter_card":"summary_large_image","twitter_misc":{"Gesch\u00e4tzte Lesezeit":"1\u00a0Minute"},"schema":{"@context":"https:\/\/schema.org","@graph":[{"@type":"WebPage","@id":"https:\/\/cafesantahelena.com\/de\/mein-konto\/","url":"https:\/\/cafesantahelena.com\/de\/mein-konto\/","name":"Meiner Kontoseite - Caf\u00e9 Santa Helena","isPartOf":{"@id":"https:\/\/cafesantahelena.com\/#website"},"datePublished":"2024-07-12T17:16:15+00:00","dateModified":"2025-03-16T10:44:04+00:00","description":"Auf meiner Kontoseite werden meine Daten aud der Website gespeichert.","breadcrumb":{"@id":"https:\/\/cafesantahelena.com\/de\/mein-konto\/#breadcrumb"},"inLanguage":"de","potentialAction":[{"@type":"ReadAction","target":["https:\/\/cafesantahelena.com\/de\/mein-konto\/"]}]},{"@type":"BreadcrumbList","@id":"https:\/\/cafesantahelena.com\/de\/mein-konto\/#breadcrumb","itemListElement":[{"@type":"ListItem","position":1,"name":"In\u00edcio","item":"https:\/\/cafesantahelena.com\/de\/"},{"@type":"ListItem","position":2,"name":"Mein Konto"}]},{"@type":"WebSite","@id":"https:\/\/cafesantahelena.com\/#website","url":"https:\/\/cafesantahelena.com\/","name":"Caf\u00e9 Santa Helena","description":"","potentialAction":[{"@type":"SearchAction","target":{"@type":"EntryPoint","urlTemplate":"https:\/\/cafesantahelena.com\/?s={search_term_string}"},"query-input":{"@type":"PropertyValueSpecification","valueRequired":true,"valueName":"search_term_string"}}],"inLanguage":"de"}]}},"_links":{"self":[{"href":"https:\/\/cafesantahelena.com\/de\/wp-json\/wp\/v2\/pages\/13482","targetHints":{"allow":["GET"]}}],"collection":[{"href":"https:\/\/cafesantahelena.com\/de\/wp-json\/wp\/v2\/pages"}],"about":[{"href":"https:\/\/cafesantahelena.com\/de\/wp-json\/wp\/v2\/types\/page"}],"author":[{"embeddable":true,"href":"https:\/\/cafesantahelena.com\/de\/wp-json\/wp\/v2\/users\/1"}],"replies":[{"embeddable":true,"href":"https:\/\/cafesantahelena.com\/de\/wp-json\/wp\/v2\/comments?post=13482"}],"version-history":[{"count":1,"href":"https:\/\/cafesantahelena.com\/de\/wp-json\/wp\/v2\/pages\/13482\/revisions"}],"predecessor-version":[{"id":19873,"href":"https:\/\/cafesantahelena.com\/de\/wp-json\/wp\/v2\/pages\/13482\/revisions\/19873"}],"wp:attachment":[{"href":"https:\/\/cafesantahelena.com\/de\/wp-json\/wp\/v2\/media?parent=13482"}],"curies":[{"name":"wp","href":"https:\/\/api.w.org\/{rel}","templated":true}]}}