{"id":15086,"date":"2025-02-02T23:12:48","date_gmt":"2025-02-02T23:12:48","guid":{"rendered":"https:\/\/cafesantahelena.alivanstudio.com\/?page_id=15086"},"modified":"2025-03-16T16:38:27","modified_gmt":"2025-03-16T16:38:27","slug":"ruckgabe-und-ruckerstattungsrichtli","status":"publish","type":"page","link":"https:\/\/cafesantahelena.com\/de\/ruckgabe-und-ruckerstattungsrichtli\/","title":{"rendered":"R\u00fcckgabe-und R\u00fcckerstattungsrichtli"},"content":{"rendered":"\t\t<div data-elementor-type=\"wp-page\" data-elementor-id=\"15086\" class=\"elementor elementor-15086\" data-elementor-post-type=\"page\">\n\t\t\t\t<div class=\"elementor-element elementor-element-4e7a07dc e-flex e-con-boxed e-con e-parent\" data-id=\"4e7a07dc\" data-element_type=\"container\">\n\t\t\t\t\t<div class=\"e-con-inner\">\n\t\t\t\t<div class=\"elementor-element elementor-element-776a31a4 elementor-widget elementor-widget-text-editor\" data-id=\"776a31a4\" data-element_type=\"widget\" data-widget_type=\"text-editor.default\">\n\t\t\t\t<div class=\"elementor-widget-container\">\n\t\t\t\t\t\t\t\t\t<p><strong>R\u00fcckerstattung und R\u00fcckgabe<\/strong><\/p><p class=\"wp-block-heading\"><strong>\u00dcbersicht<\/strong><\/p><p>In der Schweiz haben Verbraucher kein gesetzliches R\u00fcckgabe- oder Umtauschrecht.<\/p><p><br \/>Wir vom Caf\u00e9 Santa Helena gew\u00e4hren dem Kunden freiwillig ein Umtauschrecht innerhalb von 7 Tagen nach dem Kaufdatum, wenn:<\/p><p><br \/>Ihr Produkt hat einen Schaden. Sie m\u00fcssen es in der gleichen Verpackung und ohne Anzeichen von Manipulationen an uns zur\u00fcckschicken. Wir nehmen keine Produkte an, die ge\u00f6ffnet sind oder Gebrauchsspuren aufweisen.<\/p><p><br \/>Wir danken Ihnen f\u00fcr Ihren Kauf! Wir hoffen, dass Sie mit Ihrem Kauf zufrieden sind.<\/p><p><br \/>Wenn Sie jedoch aus irgendeinem Grund mit Ihrem Kauf nicht zufrieden sind, k\u00f6nnen Sie ihn gegen eine volle R\u00fcckerstattung, eine Gutschrift oder einen Umtausch an uns zur\u00fcckgeben.<\/p><p>Unsere Erstattungs- und R\u00fcckgabebestimmungen gelten f\u00fcr 7 Tage. Wenn 7 Tage seit Ihrem Kauf vergangen sind, k\u00f6nnen wir Ihnen keine volle R\u00fcckerstattung oder keinen Umtausch anbieten.<\/p><p><br \/>Um f\u00fcr eine R\u00fcckgabe in Frage zu kommen, muss Ihr Artikel unbenutzt sein und sich in demselben Zustand befinden, in dem Sie ihn erhalten haben. Au\u00dferdem muss er sich in der Originalverpackung befinden.<\/p><p><br \/>Um Ihre R\u00fcckgabe abzuschlie\u00dfen, ben\u00f6tigen wir eine Quittung oder einen Kaufbeleg.<br \/>Bitte senden Sie Ihren Einkauf zur\u00fcck an Caf\u00e9 Santa Helena: Via Grevas 11, 7514 -Sils\/Segl Maria.<\/p><p><strong style=\"font-family: -apple-system, BlinkMacSystemFont, 'Segoe UI', Roboto, 'Helvetica Neue', Arial, 'Noto Sans', sans-serif, 'Apple Color Emoji', 'Segoe UI Emoji', 'Segoe UI Symbol', 'Noto Color Emoji';\">R\u00fcckerstattungen<\/strong><\/p><p>Sobald wir Ihre R\u00fccksendung erhalten und gepr\u00fcft haben, senden wir Ihnen eine E-Mail, um Sie dar\u00fcber zu informieren, dass wir Ihren zur\u00fcckgesandten Artikel erhalten haben. Wir werden Sie auch \u00fcber die Genehmigung oder Ablehnung Ihrer R\u00fcckerstattung informieren.<\/p><p>Im Falle einer Genehmigung wird Ihre R\u00fcckerstattung bearbeitet und innerhalb einer bestimmten Anzahl von Tagen automatisch auf Ihre Kreditkarte oder Ihre urspr\u00fcngliche Zahlungsmethode zur\u00fcckgebucht.<\/p><p>Versp\u00e4tete oder fehlende R\u00fcckerstattungen<\/p><p>Wenn Sie noch keine R\u00fcckerstattung erhalten haben, pr\u00fcfen Sie zun\u00e4chst Ihr Bankkonto erneut.<\/p><p>Wenden Sie sich dann an Ihr Kreditkartenunternehmen, da es einige Zeit dauern kann, bis Ihre Erstattung offiziell verbucht wird.<\/p><p>Wenden Sie sich dann an Ihre Bank. Oft dauert es einige Zeit, bis eine R\u00fcckerstattung verbucht wird.<\/p><p>Wenn Sie all dies getan haben und Ihre R\u00fcckerstattung immer noch nicht erhalten haben, kontaktieren Sie uns bitte unter info@cafesantahelena.com.<\/p><p><strong>Verkaufte Artikel<\/strong><\/p><p>Es k\u00f6nnen nur Artikel zum regul\u00e4ren Preis erstattet werden. Ausverkaufte Artikel k\u00f6nnen nicht zur\u00fcckerstattet werden.<\/p><p><strong>Umtausch<\/strong><\/p><p>Wir ersetzen nur Artikel, die defekt oder besch\u00e4digt sind. Wenn Sie den Artikel umtauschen m\u00f6chten, senden Sie uns eine E-Mail an info@cafesantahelena.com und schicken Sie den Artikel an: Via Grevas 11, 7514 &#8211; Sils\/Segl Maria<\/p><p><strong>Geschenke<\/strong><\/p><p>Wenn der Artikel beim Kauf als Geschenk gekennzeichnet war und direkt an Sie versandt wurde, erhalten Sie eine Geschenkgutschrift in H\u00f6he des Wertes Ihrer R\u00fccksendung. Sobald der zur\u00fcckgegebene Artikel eingegangen ist, wird Ihnen ein Geschenkgutschein zugeschickt.<\/p><p>Wenn der Artikel beim Kauf nicht als Geschenk gekennzeichnet war oder der Schenkende die Bestellung an sich selbst geschickt hat, um sie Ihnen sp\u00e4ter zu schenken, senden wir eine R\u00fcckerstattung an den Schenkenden und er erf\u00e4hrt von Ihrer R\u00fcckgabe.<\/p><p><strong>R\u00fccksendungen<\/strong><\/p><p>Wenn Sie Ihr Produkt zur\u00fcckgeben m\u00f6chten, schicken Sie es bitte an folgende Adresse: Via Grevas 11, 7514 &#8211; Sils\/Segl Maria<\/p><p>Die Versandkosten f\u00fcr die R\u00fccksendung des Artikels m\u00fcssen Sie selbst tragen. Die Versandkosten sind nicht erstattungsf\u00e4hig. Wenn Sie eine R\u00fcckerstattung erhalten, werden die Kosten f\u00fcr den R\u00fcckversand von Ihrer R\u00fcckerstattung abgezogen.<\/p><p>Je nachdem, wo Sie wohnen, kann es unterschiedlich lange dauern, bis das umgetauschte Produkt bei Ihnen eintrifft.<\/p><p>Wenn Sie teurere Artikel zur\u00fccksenden, sollten Sie einen verfolgbaren Versanddienst nutzen oder eine Versandversicherung abschlie\u00dfen. Wir k\u00f6nnen nicht garantieren, dass wir Ihren zur\u00fcckgesandten Artikel erhalten.<\/p><p><strong>Brauchen Sie Hilfe?<\/strong><\/p><p>Kontaktieren Sie uns unter info@cafesantahelena.comfor bei Fragen zu R\u00fcckerstattungen und R\u00fccksendungen.<\/p><p>\u00a0<\/p><p style=\"text-align: center;\"><img decoding=\"async\" class=\"alignnone  wp-image-15377\" src=\"https:\/\/cafesantahelena.com\/wp-content\/uploads\/2024\/11\/logo-1.png\" alt=\"Logo Caf\u00e9 Santa Helena\" width=\"171\" height=\"171\" srcset=\"https:\/\/cafesantahelena.com\/wp-content\/uploads\/2024\/11\/logo-1.png 300w, https:\/\/cafesantahelena.com\/wp-content\/uploads\/2024\/11\/logo-1-100x100.png 100w, https:\/\/cafesantahelena.com\/wp-content\/uploads\/2024\/11\/logo-1-64x64.png 64w, https:\/\/cafesantahelena.com\/wp-content\/uploads\/2024\/11\/logo-1-150x150.png 150w\" sizes=\"(max-width: 171px) 100vw, 171px\" \/><\/p>\t\t\t\t\t\t\t\t<\/div>\n\t\t\t\t<\/div>\n\t\t\t\t\t<\/div>\n\t\t\t\t<\/div>\n\t\t\t\t<\/div>\n\t\t","protected":false},"excerpt":{"rendered":"<p>R\u00fcckerstattung und R\u00fcckgabe \u00dcbersicht In der Schweiz haben Verbraucher kein gesetzliches R\u00fcckgabe- oder Umtauschrecht. Wir vom Caf\u00e9 Santa Helena gew\u00e4hren dem Kunden freiwillig ein Umtauschrecht innerhalb von 7 Tagen nach dem Kaufdatum, wenn: Ihr Produkt hat einen Schaden. Sie m\u00fcssen es in der gleichen Verpackung und ohne Anzeichen von Manipulationen an uns zur\u00fcckschicken. Wir nehmen [&hellip;]<\/p>\n","protected":false},"author":1,"featured_media":0,"parent":0,"menu_order":0,"comment_status":"closed","ping_status":"closed","template":"","meta":{"footnotes":""},"class_list":["post-15086","page","type-page","status-publish","hentry"],"yoast_head":"<!-- This site is optimized with the Yoast SEO plugin v26.4 - https:\/\/yoast.com\/wordpress\/plugins\/seo\/ -->\n<title>R\u00fcckgabe-und R\u00fcckerstattungsrichtli - Caf\u00e9 Santa Helena<\/title>\n<meta name=\"description\" content=\"R\u00fcckgabe-und R\u00fcckerstattungsrichtlinien sind eine Seite, auf der Sie die Bedingungen f\u00fcr den Umtausch oder die R\u00fcckerstattung finden.\" \/>\n<meta name=\"robots\" content=\"index, follow, max-snippet:-1, max-image-preview:large, max-video-preview:-1\" \/>\n<link rel=\"canonical\" href=\"https:\/\/cafesantahelena.com\/de\/ruckgabe-und-ruckerstattungsrichtli\/\" \/>\n<meta property=\"og:locale\" content=\"de_DE\" \/>\n<meta property=\"og:type\" content=\"article\" \/>\n<meta property=\"og:title\" content=\"R\u00fcckgabe-und R\u00fcckerstattungsrichtli - Caf\u00e9 Santa Helena\" \/>\n<meta property=\"og:description\" content=\"R\u00fcckgabe-und R\u00fcckerstattungsrichtlinien sind eine Seite, auf der Sie die Bedingungen f\u00fcr den Umtausch oder die R\u00fcckerstattung finden.\" \/>\n<meta property=\"og:url\" content=\"https:\/\/cafesantahelena.com\/de\/ruckgabe-und-ruckerstattungsrichtli\/\" \/>\n<meta property=\"og:site_name\" content=\"Caf\u00e9 Santa Helena\" \/>\n<meta property=\"article:modified_time\" content=\"2025-03-16T16:38:27+00:00\" \/>\n<meta property=\"og:image\" content=\"https:\/\/cafesantahelena.com\/wp-content\/uploads\/2024\/11\/logo-1.png\" \/>\n\t<meta property=\"og:image:width\" content=\"300\" \/>\n\t<meta property=\"og:image:height\" content=\"300\" \/>\n\t<meta property=\"og:image:type\" content=\"image\/png\" \/>\n<meta name=\"twitter:card\" content=\"summary_large_image\" \/>\n<meta name=\"twitter:label1\" content=\"Gesch\u00e4tzte Lesezeit\" \/>\n\t<meta name=\"twitter:data1\" content=\"4\u00a0Minuten\" \/>\n<script type=\"application\/ld+json\" class=\"yoast-schema-graph\">{\"@context\":\"https:\/\/schema.org\",\"@graph\":[{\"@type\":\"WebPage\",\"@id\":\"https:\/\/cafesantahelena.com\/de\/ruckgabe-und-ruckerstattungsrichtli\/\",\"url\":\"https:\/\/cafesantahelena.com\/de\/ruckgabe-und-ruckerstattungsrichtli\/\",\"name\":\"R\u00fcckgabe-und R\u00fcckerstattungsrichtli - Caf\u00e9 Santa Helena\",\"isPartOf\":{\"@id\":\"https:\/\/cafesantahelena.com\/#website\"},\"primaryImageOfPage\":{\"@id\":\"https:\/\/cafesantahelena.com\/de\/ruckgabe-und-ruckerstattungsrichtli\/#primaryimage\"},\"image\":{\"@id\":\"https:\/\/cafesantahelena.com\/de\/ruckgabe-und-ruckerstattungsrichtli\/#primaryimage\"},\"thumbnailUrl\":\"https:\/\/cafesantahelena.com\/wp-content\/uploads\/2024\/11\/logo-1.png\",\"datePublished\":\"2025-02-02T23:12:48+00:00\",\"dateModified\":\"2025-03-16T16:38:27+00:00\",\"description\":\"R\u00fcckgabe-und R\u00fcckerstattungsrichtlinien sind eine Seite, auf der Sie die Bedingungen f\u00fcr den Umtausch oder die R\u00fcckerstattung finden.\",\"breadcrumb\":{\"@id\":\"https:\/\/cafesantahelena.com\/de\/ruckgabe-und-ruckerstattungsrichtli\/#breadcrumb\"},\"inLanguage\":\"de\",\"potentialAction\":[{\"@type\":\"ReadAction\",\"target\":[\"https:\/\/cafesantahelena.com\/de\/ruckgabe-und-ruckerstattungsrichtli\/\"]}]},{\"@type\":\"ImageObject\",\"inLanguage\":\"de\",\"@id\":\"https:\/\/cafesantahelena.com\/de\/ruckgabe-und-ruckerstattungsrichtli\/#primaryimage\",\"url\":\"https:\/\/cafesantahelena.com\/wp-content\/uploads\/2024\/11\/logo-1.png\",\"contentUrl\":\"https:\/\/cafesantahelena.com\/wp-content\/uploads\/2024\/11\/logo-1.png\"},{\"@type\":\"BreadcrumbList\",\"@id\":\"https:\/\/cafesantahelena.com\/de\/ruckgabe-und-ruckerstattungsrichtli\/#breadcrumb\",\"itemListElement\":[{\"@type\":\"ListItem\",\"position\":1,\"name\":\"In\u00edcio\",\"item\":\"https:\/\/cafesantahelena.com\/de\/\"},{\"@type\":\"ListItem\",\"position\":2,\"name\":\"R\u00fcckgabe-und R\u00fcckerstattungsrichtli\"}]},{\"@type\":\"WebSite\",\"@id\":\"https:\/\/cafesantahelena.com\/#website\",\"url\":\"https:\/\/cafesantahelena.com\/\",\"name\":\"Caf\u00e9 Santa Helena\",\"description\":\"\",\"potentialAction\":[{\"@type\":\"SearchAction\",\"target\":{\"@type\":\"EntryPoint\",\"urlTemplate\":\"https:\/\/cafesantahelena.com\/?s={search_term_string}\"},\"query-input\":{\"@type\":\"PropertyValueSpecification\",\"valueRequired\":true,\"valueName\":\"search_term_string\"}}],\"inLanguage\":\"de\"}]}<\/script>\n<!-- \/ Yoast SEO plugin. -->","yoast_head_json":{"title":"R\u00fcckgabe-und R\u00fcckerstattungsrichtli - Caf\u00e9 Santa Helena","description":"R\u00fcckgabe-und R\u00fcckerstattungsrichtlinien sind eine Seite, auf der Sie die Bedingungen f\u00fcr den Umtausch oder die R\u00fcckerstattung finden.","robots":{"index":"index","follow":"follow","max-snippet":"max-snippet:-1","max-image-preview":"max-image-preview:large","max-video-preview":"max-video-preview:-1"},"canonical":"https:\/\/cafesantahelena.com\/de\/ruckgabe-und-ruckerstattungsrichtli\/","og_locale":"de_DE","og_type":"article","og_title":"R\u00fcckgabe-und R\u00fcckerstattungsrichtli - Caf\u00e9 Santa Helena","og_description":"R\u00fcckgabe-und R\u00fcckerstattungsrichtlinien sind eine Seite, auf der Sie die Bedingungen f\u00fcr den Umtausch oder die R\u00fcckerstattung finden.","og_url":"https:\/\/cafesantahelena.com\/de\/ruckgabe-und-ruckerstattungsrichtli\/","og_site_name":"Caf\u00e9 Santa Helena","article_modified_time":"2025-03-16T16:38:27+00:00","og_image":[{"width":300,"height":300,"url":"https:\/\/cafesantahelena.com\/wp-content\/uploads\/2024\/11\/logo-1.png","type":"image\/png"}],"twitter_card":"summary_large_image","twitter_misc":{"Gesch\u00e4tzte Lesezeit":"4\u00a0Minuten"},"schema":{"@context":"https:\/\/schema.org","@graph":[{"@type":"WebPage","@id":"https:\/\/cafesantahelena.com\/de\/ruckgabe-und-ruckerstattungsrichtli\/","url":"https:\/\/cafesantahelena.com\/de\/ruckgabe-und-ruckerstattungsrichtli\/","name":"R\u00fcckgabe-und R\u00fcckerstattungsrichtli - Caf\u00e9 Santa Helena","isPartOf":{"@id":"https:\/\/cafesantahelena.com\/#website"},"primaryImageOfPage":{"@id":"https:\/\/cafesantahelena.com\/de\/ruckgabe-und-ruckerstattungsrichtli\/#primaryimage"},"image":{"@id":"https:\/\/cafesantahelena.com\/de\/ruckgabe-und-ruckerstattungsrichtli\/#primaryimage"},"thumbnailUrl":"https:\/\/cafesantahelena.com\/wp-content\/uploads\/2024\/11\/logo-1.png","datePublished":"2025-02-02T23:12:48+00:00","dateModified":"2025-03-16T16:38:27+00:00","description":"R\u00fcckgabe-und R\u00fcckerstattungsrichtlinien sind eine Seite, auf der Sie die Bedingungen f\u00fcr den Umtausch oder die R\u00fcckerstattung finden.","breadcrumb":{"@id":"https:\/\/cafesantahelena.com\/de\/ruckgabe-und-ruckerstattungsrichtli\/#breadcrumb"},"inLanguage":"de","potentialAction":[{"@type":"ReadAction","target":["https:\/\/cafesantahelena.com\/de\/ruckgabe-und-ruckerstattungsrichtli\/"]}]},{"@type":"ImageObject","inLanguage":"de","@id":"https:\/\/cafesantahelena.com\/de\/ruckgabe-und-ruckerstattungsrichtli\/#primaryimage","url":"https:\/\/cafesantahelena.com\/wp-content\/uploads\/2024\/11\/logo-1.png","contentUrl":"https:\/\/cafesantahelena.com\/wp-content\/uploads\/2024\/11\/logo-1.png"},{"@type":"BreadcrumbList","@id":"https:\/\/cafesantahelena.com\/de\/ruckgabe-und-ruckerstattungsrichtli\/#breadcrumb","itemListElement":[{"@type":"ListItem","position":1,"name":"In\u00edcio","item":"https:\/\/cafesantahelena.com\/de\/"},{"@type":"ListItem","position":2,"name":"R\u00fcckgabe-und R\u00fcckerstattungsrichtli"}]},{"@type":"WebSite","@id":"https:\/\/cafesantahelena.com\/#website","url":"https:\/\/cafesantahelena.com\/","name":"Caf\u00e9 Santa Helena","description":"","potentialAction":[{"@type":"SearchAction","target":{"@type":"EntryPoint","urlTemplate":"https:\/\/cafesantahelena.com\/?s={search_term_string}"},"query-input":{"@type":"PropertyValueSpecification","valueRequired":true,"valueName":"search_term_string"}}],"inLanguage":"de"}]}},"_links":{"self":[{"href":"https:\/\/cafesantahelena.com\/de\/wp-json\/wp\/v2\/pages\/15086","targetHints":{"allow":["GET"]}}],"collection":[{"href":"https:\/\/cafesantahelena.com\/de\/wp-json\/wp\/v2\/pages"}],"about":[{"href":"https:\/\/cafesantahelena.com\/de\/wp-json\/wp\/v2\/types\/page"}],"author":[{"embeddable":true,"href":"https:\/\/cafesantahelena.com\/de\/wp-json\/wp\/v2\/users\/1"}],"replies":[{"embeddable":true,"href":"https:\/\/cafesantahelena.com\/de\/wp-json\/wp\/v2\/comments?post=15086"}],"version-history":[{"count":10,"href":"https:\/\/cafesantahelena.com\/de\/wp-json\/wp\/v2\/pages\/15086\/revisions"}],"predecessor-version":[{"id":19907,"href":"https:\/\/cafesantahelena.com\/de\/wp-json\/wp\/v2\/pages\/15086\/revisions\/19907"}],"wp:attachment":[{"href":"https:\/\/cafesantahelena.com\/de\/wp-json\/wp\/v2\/media?parent=15086"}],"curies":[{"name":"wp","href":"https:\/\/api.w.org\/{rel}","templated":true}]}}