{"id":14042,"date":"2024-07-22T15:08:59","date_gmt":"2024-07-22T15:08:59","guid":{"rendered":"https:\/\/cafesantahelena.alivanstudio.com\/?post_type=product&#038;p=14042"},"modified":"2025-01-20T18:18:48","modified_gmt":"2025-01-20T18:18:48","slug":"kaffee-gemahlen-feminino","status":"publish","type":"product","link":"https:\/\/cafesantahelena.com\/de\/products\/kaffee-gemahlen-feminino\/","title":{"rendered":"Caf\u00e9 Feminino Gemahlen"},"content":{"rendered":"<h2 style=\"text-align: left;\">Kaffee Gemahlen Feminino<\/h2>\n<p><strong>Der Kaffee wird von Frauen angebaut, ausgew\u00e4hlt, gew\u00f6lbt, ger\u00f6stet und verpackt.<\/strong><\/p>\n<p>\ud83c\udf1f\u2615 St\u00e4rkung der Frauen durch Kaffee \u2615\ud83c\udf31<\/p>\n<p>Wir stellen unseren Caf\u00e9 Feminino vor &#8211; ein Werk der Liebe und des Empowerments, das ausschlie\u00dflich von den unglaublichen Frauen Brasiliens hergestellt wird. Diese Kaffeek\u00f6niginnen haben jede einzelne Bohne gepflegt, um ein reichhaltiges, biologisches Gebr\u00e4u zu gew\u00e4hrleisten, das gut f\u00fcr Sie und gut f\u00fcr die Welt ist.[expander_maker id=&#8220;1&#8243; more=&#8220;Mehr lesen&#8220; less=&#8220;Weniger lesen&#8220;]<\/p>\n<p><strong>Zusammensetzung:<\/strong><\/p>\n<p>100% Arabica (Spezialit\u00e4tenkaffee). Bio und Fairtrade.<\/p>\n<p>Sorte &#8211; Catua\u00ed Vermelho.<\/p>\n<p>K\u00f6rper &#8211; Milder K\u00f6rper mit nat\u00fcrlichem hohen Grad an S\u00fc\u00dfe, lang anhaltender Abgang, geringer S\u00e4uregehalt.<\/p>\n<p>Sensorische Noten &#8211; Blumige und Fruchtige Noten.<\/p>\n<p>Intensit\u00e4t &#8211; 3 von 5<\/p>\n<p>R\u00f6stung: Traditionelle Langsamr\u00f6stung mit einem Holzr\u00f6ster \ud83e\udeb5\ud83d\udd25.<\/p>\n<p>R\u00f6stgrad: Mittelleicht<\/p>\n<p>Ideal f\u00fcr: Moka, Filter oder \u00c4hnliches<\/p>\n<p><strong>Zutaten:<\/strong><\/p>\n<p>Kaffee Gemahlen Feminino, 100% Bio Arabica, Spezialit\u00e4tenkaffee, Microlot, Single Origin aus Brasilien. Beutel 500g.<\/p>\n<p style=\"text-align: center;\"><a href=\"?add-to-cart=14042\"><span style=\"font-size: 18pt; color: #800000;\"><em><strong>Probieren Sie unseren Caf\u00e9 Feminino jetzt!<\/strong><\/em><\/span><\/a><\/p>\n<p><img decoding=\"async\" class=\" wp-image-14058 aligncenter\" src=\"https:\/\/cafesantahelena.com\/wp-content\/uploads\/2024\/07\/F16BA1DC-4552-44E6-9CAF-7827F4298B30-300x300-1.png\" alt=\"\" width=\"170\" height=\"170\" srcset=\"https:\/\/cafesantahelena.com\/wp-content\/uploads\/2024\/07\/F16BA1DC-4552-44E6-9CAF-7827F4298B30-300x300-1.png 300w, https:\/\/cafesantahelena.com\/wp-content\/uploads\/2024\/07\/F16BA1DC-4552-44E6-9CAF-7827F4298B30-300x300-1-100x100.png 100w, https:\/\/cafesantahelena.com\/wp-content\/uploads\/2024\/07\/F16BA1DC-4552-44E6-9CAF-7827F4298B30-300x300-1-64x64.png 64w, https:\/\/cafesantahelena.com\/wp-content\/uploads\/2024\/07\/F16BA1DC-4552-44E6-9CAF-7827F4298B30-300x300-1-150x150.png 150w\" sizes=\"(max-width: 170px) 100vw, 170px\" \/><\/p>\n<p>&nbsp;<\/p>\n<p>&nbsp;<\/p>\n","protected":false},"excerpt":{"rendered":"<p>Inkl. MwSt<\/p>\n<p>Versandkosten an der Kasse<\/p>\n<p>Der Kaffee wird nur von Frauen angebaut<\/p>\n<p>R\u00f6stgrad: Mittel Leicht<\/p>\n<p>Gemahlen<\/p>\n<p>Hoher Grad an S\u00fc\u00dfe<\/p>\n<p>Sensorische Noten: Blumige und Fruchtige Noten.<\/p>\n<p>100% Bio-Arabica, Fairtrade, Spezialit\u00e4tenkaffee, Single Origin aus Brasilien<\/p>\n<p>Ideal f\u00fcr: Moka, Filter oder \u00c4hnliches<\/p>\n<p>Beutel: 500g<\/p>\n","protected":false},"featured_media":17228,"comment_status":"open","ping_status":"closed","template":"","meta":[],"product_brand":[],"product_cat":[183,185],"product_tag":[235,213,217,230],"class_list":{"0":"post-14042","1":"product","2":"type-product","3":"status-publish","4":"has-post-thumbnail","6":"product_cat-kaffee","7":"product_cat-kaffee-gemahlen","8":"product_tag-cafe-feminino-de","9":"product_tag-kaffee-de","10":"product_tag-kaffeegemahlen-de","11":"product_tag-organic-coffee-de","13":"first","14":"outofstock","15":"shipping-taxable","16":"purchasable","17":"product-type-simple"},"yoast_head":"<!-- This site is optimized with the Yoast SEO plugin v26.4 - https:\/\/yoast.com\/wordpress\/plugins\/seo\/ -->\n<title>Kaffee Gemahlen Feminino - Caf\u00e9 Santa Helena<\/title>\n<meta name=\"description\" content=\"Kaffee gemahlen Feminino nur von Frauen angebaut. Spezialit\u00e4tenkaffee, bio, 100% Arabica aus Brasilien. Gemahlen speziell f\u00fcr Moka, filter oder \u00e4hnliches.\" \/>\n<meta name=\"robots\" content=\"index, follow, max-snippet:-1, max-image-preview:large, max-video-preview:-1\" \/>\n<link rel=\"canonical\" href=\"https:\/\/cafesantahelena.com\/de\/products\/kaffee-gemahlen-feminino\/\" \/>\n<meta property=\"og:locale\" content=\"de_DE\" \/>\n<meta property=\"og:type\" content=\"article\" \/>\n<meta property=\"og:title\" content=\"Kaffee Gemahlen Feminino - Caf\u00e9 Santa Helena\" \/>\n<meta property=\"og:description\" content=\"Kaffee gemahlen Feminino nur von Frauen angebaut. Spezialit\u00e4tenkaffee, bio, 100% Arabica aus Brasilien. Gemahlen speziell f\u00fcr Moka, filter oder \u00e4hnliches.\" \/>\n<meta property=\"og:url\" content=\"https:\/\/cafesantahelena.com\/de\/products\/kaffee-gemahlen-feminino\/\" \/>\n<meta property=\"og:site_name\" content=\"Caf\u00e9 Santa Helena\" \/>\n<meta property=\"article:modified_time\" content=\"2025-01-20T18:18:48+00:00\" \/>\n<meta property=\"og:image\" content=\"https:\/\/cafesantahelena.com\/wp-content\/uploads\/2024\/07\/Cafe-Feminino-ground.webp\" \/>\n\t<meta property=\"og:image:width\" content=\"350\" \/>\n\t<meta property=\"og:image:height\" content=\"450\" \/>\n\t<meta property=\"og:image:type\" content=\"image\/webp\" \/>\n<meta name=\"twitter:card\" content=\"summary_large_image\" \/>\n<meta name=\"twitter:label1\" content=\"Gesch\u00e4tzte Lesezeit\" \/>\n\t<meta name=\"twitter:data1\" content=\"2\u00a0Minuten\" \/>\n<script type=\"application\/ld+json\" class=\"yoast-schema-graph\">{\"@context\":\"https:\/\/schema.org\",\"@graph\":[{\"@type\":\"WebPage\",\"@id\":\"https:\/\/cafesantahelena.com\/de\/products\/kaffee-gemahlen-feminino\/\",\"url\":\"https:\/\/cafesantahelena.com\/de\/products\/kaffee-gemahlen-feminino\/\",\"name\":\"Kaffee Gemahlen Feminino - Caf\u00e9 Santa Helena\",\"isPartOf\":{\"@id\":\"https:\/\/cafesantahelena.com\/#website\"},\"primaryImageOfPage\":{\"@id\":\"https:\/\/cafesantahelena.com\/de\/products\/kaffee-gemahlen-feminino\/#primaryimage\"},\"image\":{\"@id\":\"https:\/\/cafesantahelena.com\/de\/products\/kaffee-gemahlen-feminino\/#primaryimage\"},\"thumbnailUrl\":\"https:\/\/cafesantahelena.com\/wp-content\/uploads\/2024\/07\/Cafe-Feminino-ground.webp\",\"datePublished\":\"2024-07-22T15:08:59+00:00\",\"dateModified\":\"2025-01-20T18:18:48+00:00\",\"description\":\"Kaffee gemahlen Feminino nur von Frauen angebaut. Spezialit\u00e4tenkaffee, bio, 100% Arabica aus Brasilien. Gemahlen speziell f\u00fcr Moka, filter oder \u00e4hnliches.\",\"breadcrumb\":{\"@id\":\"https:\/\/cafesantahelena.com\/de\/products\/kaffee-gemahlen-feminino\/#breadcrumb\"},\"inLanguage\":\"de\",\"potentialAction\":[{\"@type\":\"ReadAction\",\"target\":[\"https:\/\/cafesantahelena.com\/de\/products\/kaffee-gemahlen-feminino\/\"]}]},{\"@type\":\"ImageObject\",\"inLanguage\":\"de\",\"@id\":\"https:\/\/cafesantahelena.com\/de\/products\/kaffee-gemahlen-feminino\/#primaryimage\",\"url\":\"https:\/\/cafesantahelena.com\/wp-content\/uploads\/2024\/07\/Cafe-Feminino-ground.webp\",\"contentUrl\":\"https:\/\/cafesantahelena.com\/wp-content\/uploads\/2024\/07\/Cafe-Feminino-ground.webp\",\"width\":350,\"height\":450,\"caption\":\"caf\u00e9 feminino ground\"},{\"@type\":\"BreadcrumbList\",\"@id\":\"https:\/\/cafesantahelena.com\/de\/products\/kaffee-gemahlen-feminino\/#breadcrumb\",\"itemListElement\":[{\"@type\":\"ListItem\",\"position\":1,\"name\":\"In\u00edcio\",\"item\":\"https:\/\/cafesantahelena.com\/de\/\"},{\"@type\":\"ListItem\",\"position\":2,\"name\":\"Produtos\",\"item\":\"https:\/\/cafesantahelena.com\/loja\/\"},{\"@type\":\"ListItem\",\"position\":3,\"name\":\"Caf\u00e9 Feminino Gemahlen\"}]},{\"@type\":\"WebSite\",\"@id\":\"https:\/\/cafesantahelena.com\/#website\",\"url\":\"https:\/\/cafesantahelena.com\/\",\"name\":\"Caf\u00e9 Santa Helena\",\"description\":\"\",\"potentialAction\":[{\"@type\":\"SearchAction\",\"target\":{\"@type\":\"EntryPoint\",\"urlTemplate\":\"https:\/\/cafesantahelena.com\/?s={search_term_string}\"},\"query-input\":{\"@type\":\"PropertyValueSpecification\",\"valueRequired\":true,\"valueName\":\"search_term_string\"}}],\"inLanguage\":\"de\"}]}<\/script>\n<!-- \/ Yoast SEO plugin. -->","yoast_head_json":{"title":"Kaffee Gemahlen Feminino - Caf\u00e9 Santa Helena","description":"Kaffee gemahlen Feminino nur von Frauen angebaut. Spezialit\u00e4tenkaffee, bio, 100% Arabica aus Brasilien. Gemahlen speziell f\u00fcr Moka, filter oder \u00e4hnliches.","robots":{"index":"index","follow":"follow","max-snippet":"max-snippet:-1","max-image-preview":"max-image-preview:large","max-video-preview":"max-video-preview:-1"},"canonical":"https:\/\/cafesantahelena.com\/de\/products\/kaffee-gemahlen-feminino\/","og_locale":"de_DE","og_type":"article","og_title":"Kaffee Gemahlen Feminino - Caf\u00e9 Santa Helena","og_description":"Kaffee gemahlen Feminino nur von Frauen angebaut. Spezialit\u00e4tenkaffee, bio, 100% Arabica aus Brasilien. Gemahlen speziell f\u00fcr Moka, filter oder \u00e4hnliches.","og_url":"https:\/\/cafesantahelena.com\/de\/products\/kaffee-gemahlen-feminino\/","og_site_name":"Caf\u00e9 Santa Helena","article_modified_time":"2025-01-20T18:18:48+00:00","og_image":[{"width":350,"height":450,"url":"https:\/\/cafesantahelena.com\/wp-content\/uploads\/2024\/07\/Cafe-Feminino-ground.webp","type":"image\/webp"}],"twitter_card":"summary_large_image","twitter_misc":{"Gesch\u00e4tzte Lesezeit":"2\u00a0Minuten"},"schema":{"@context":"https:\/\/schema.org","@graph":[{"@type":"WebPage","@id":"https:\/\/cafesantahelena.com\/de\/products\/kaffee-gemahlen-feminino\/","url":"https:\/\/cafesantahelena.com\/de\/products\/kaffee-gemahlen-feminino\/","name":"Kaffee Gemahlen Feminino - Caf\u00e9 Santa Helena","isPartOf":{"@id":"https:\/\/cafesantahelena.com\/#website"},"primaryImageOfPage":{"@id":"https:\/\/cafesantahelena.com\/de\/products\/kaffee-gemahlen-feminino\/#primaryimage"},"image":{"@id":"https:\/\/cafesantahelena.com\/de\/products\/kaffee-gemahlen-feminino\/#primaryimage"},"thumbnailUrl":"https:\/\/cafesantahelena.com\/wp-content\/uploads\/2024\/07\/Cafe-Feminino-ground.webp","datePublished":"2024-07-22T15:08:59+00:00","dateModified":"2025-01-20T18:18:48+00:00","description":"Kaffee gemahlen Feminino nur von Frauen angebaut. Spezialit\u00e4tenkaffee, bio, 100% Arabica aus Brasilien. Gemahlen speziell f\u00fcr Moka, filter oder \u00e4hnliches.","breadcrumb":{"@id":"https:\/\/cafesantahelena.com\/de\/products\/kaffee-gemahlen-feminino\/#breadcrumb"},"inLanguage":"de","potentialAction":[{"@type":"ReadAction","target":["https:\/\/cafesantahelena.com\/de\/products\/kaffee-gemahlen-feminino\/"]}]},{"@type":"ImageObject","inLanguage":"de","@id":"https:\/\/cafesantahelena.com\/de\/products\/kaffee-gemahlen-feminino\/#primaryimage","url":"https:\/\/cafesantahelena.com\/wp-content\/uploads\/2024\/07\/Cafe-Feminino-ground.webp","contentUrl":"https:\/\/cafesantahelena.com\/wp-content\/uploads\/2024\/07\/Cafe-Feminino-ground.webp","width":350,"height":450,"caption":"caf\u00e9 feminino ground"},{"@type":"BreadcrumbList","@id":"https:\/\/cafesantahelena.com\/de\/products\/kaffee-gemahlen-feminino\/#breadcrumb","itemListElement":[{"@type":"ListItem","position":1,"name":"In\u00edcio","item":"https:\/\/cafesantahelena.com\/de\/"},{"@type":"ListItem","position":2,"name":"Produtos","item":"https:\/\/cafesantahelena.com\/loja\/"},{"@type":"ListItem","position":3,"name":"Caf\u00e9 Feminino Gemahlen"}]},{"@type":"WebSite","@id":"https:\/\/cafesantahelena.com\/#website","url":"https:\/\/cafesantahelena.com\/","name":"Caf\u00e9 Santa Helena","description":"","potentialAction":[{"@type":"SearchAction","target":{"@type":"EntryPoint","urlTemplate":"https:\/\/cafesantahelena.com\/?s={search_term_string}"},"query-input":{"@type":"PropertyValueSpecification","valueRequired":true,"valueName":"search_term_string"}}],"inLanguage":"de"}]}},"_links":{"self":[{"href":"https:\/\/cafesantahelena.com\/de\/wp-json\/wp\/v2\/product\/14042","targetHints":{"allow":["GET"]}}],"collection":[{"href":"https:\/\/cafesantahelena.com\/de\/wp-json\/wp\/v2\/product"}],"about":[{"href":"https:\/\/cafesantahelena.com\/de\/wp-json\/wp\/v2\/types\/product"}],"replies":[{"embeddable":true,"href":"https:\/\/cafesantahelena.com\/de\/wp-json\/wp\/v2\/comments?post=14042"}],"wp:featuredmedia":[{"embeddable":true,"href":"https:\/\/cafesantahelena.com\/de\/wp-json\/wp\/v2\/media\/17228"}],"wp:attachment":[{"href":"https:\/\/cafesantahelena.com\/de\/wp-json\/wp\/v2\/media?parent=14042"}],"wp:term":[{"taxonomy":"product_brand","embeddable":true,"href":"https:\/\/cafesantahelena.com\/de\/wp-json\/wp\/v2\/product_brand?post=14042"},{"taxonomy":"product_cat","embeddable":true,"href":"https:\/\/cafesantahelena.com\/de\/wp-json\/wp\/v2\/product_cat?post=14042"},{"taxonomy":"product_tag","embeddable":true,"href":"https:\/\/cafesantahelena.com\/de\/wp-json\/wp\/v2\/product_tag?post=14042"}],"curies":[{"name":"wp","href":"https:\/\/api.w.org\/{rel}","templated":true}]}}