{"id":14074,"date":"2024-07-27T15:08:57","date_gmt":"2024-07-27T15:08:57","guid":{"rendered":"https:\/\/cafesantahelena.alivanstudio.com\/?post_type=product&#038;p=14074"},"modified":"2025-01-24T23:07:00","modified_gmt":"2025-01-24T23:07:00","slug":"bio-kaffeebohnen","status":"publish","type":"product","link":"https:\/\/cafesantahelena.com\/de\/products\/bio-kaffeebohnen\/","title":{"rendered":"Bio KaffeeBohnen Espresso"},"content":{"rendered":"<h2 style=\"text-align: left;\"><strong style=\"color: #666666; font-size: 14px;\"><span style=\"font-size: 12pt;\">Bio Kaffee Bohnen<\/span><\/strong><\/h2>\n<h2 style=\"text-align: left;\"><strong style=\"color: #666666; font-size: 14px;\"><span style=\"font-size: 12pt;\">Spezialit\u00e4tenkaffee &#8211; 85 punkte SCA &#8211; 100% Arabica Single Origin aus Brasilien<\/span><\/strong><\/h2>\n<h2 style=\"text-align: left;\"><strong><span style=\"font-size: 12pt;\">Langsam und handwerklich HolzfeuerR\u00f6stung\u00a0<\/span><\/strong><\/h2>\n<p><span style=\"font-size: 12pt;\">Der Kaffee ist bio-zertifiziert durch die AAO (Association of Organic Agriculture), die internationale Bio-Zertifizierung USDA, Fairtrade und BIO INSPECTA in der Schweiz.<\/span><\/p>\n<p><span style=\"color: #000000;\"><strong><span style=\"font-size: 14pt;\">Charakteristisch f\u00fcr den Kaffee:<\/span><\/strong><\/span><\/p>\n<p><span style=\"font-size: 12pt;\"><strong>Botanische Sorte: <\/strong>Arabica (Catuai Vermelho)<\/span><\/p>\n<p><span style=\"font-size: 12pt;\"><strong>Herkunftsland: <\/strong>Brasilien<\/span><\/p>\n<p><span style=\"font-size: 12pt;\"><strong>Ernte: <\/strong>Von Hand<\/span><\/p>\n<p><span style=\"font-size: 12pt;\"><strong>Trocknen: <\/strong>An der Sonne<\/span><\/p>\n<p><span style=\"font-size: 12pt;\"><strong>R\u00f6stung: <\/strong>Langsame handwerkliche R\u00f6stung in einem Holzr\u00f6ster\u00a0<\/span><\/p>\n<p><span style=\"font-size: 12pt;\"><strong>Intensit\u00e4t: <\/strong>Dunkler R\u00f6stgrad<\/span><\/p>\n<p>Unser Kaffee kommt in rohen Arabica-Bohnen aus Brasilien und wird direkt in die Engadiner Berge gebracht.<\/p>\n<p><span style=\"font-size: 12pt;\">Dort wird er in einem Holzr\u00f6ster ger\u00f6stet, wobei alte Traditionen respektiert werden.<\/span><br \/>\n<span style=\"font-size: 12pt;\">Er wird weder chemisch noch mechanisch ger\u00f6stet oder gemischt.<\/span><\/p>\n<p><span style=\"font-size: 12pt;\">F\u00fcr diejenigen, die einen st\u00e4rkeren und akzentuierteren Geschmack m\u00f6gen, ist die dunkle R\u00f6stung die richtige Wahl, da sie den Geschmack verst\u00e4rkt. <\/span><\/p>\n<p><span style=\"font-size: 12pt;\">Sie ist ideal f\u00fcr die Zubereitung eines klassischen, vollmundigen italienischen Espresso mit einer sch\u00f6nen Crema.<\/span><\/p>\n<p style=\"text-align: center;\"><span style=\"font-size: 14pt; color: #000000;\"><strong>Wenn Sie Kaffee lieben, probieren Sie diese Bio-Kaffe!<\/strong><\/span><\/p>\n<p style=\"text-align: center;\"><span style=\"color: #800000;\"><a style=\"color: #800000;\" href=\"?add-to-cart=14074\"><span style=\"font-size: 24pt;\"><em><strong><span style=\"font-size: 14pt; color: #800000;\">In den Warenkorb!<\/span><\/strong><\/em><\/span><\/a><\/span><\/p>\n<p style=\"text-align: center;\"><a href=\"https:\/\/cafesantahelena.com\/wp-content\/uploads\/2021\/06\/F16BA1DC-4552-44E6-9CAF-7827F4298B30-300x300.png\"><img decoding=\"async\" class=\"alignnone wp-image-15377\" src=\"https:\/\/cafesantahelena.com\/wp-content\/uploads\/2024\/11\/logo-1.png\" alt=\"\" width=\"170\" height=\"170\" srcset=\"https:\/\/cafesantahelena.com\/wp-content\/uploads\/2024\/11\/logo-1.png 300w, https:\/\/cafesantahelena.com\/wp-content\/uploads\/2024\/11\/logo-1-100x100.png 100w, https:\/\/cafesantahelena.com\/wp-content\/uploads\/2024\/11\/logo-1-64x64.png 64w, https:\/\/cafesantahelena.com\/wp-content\/uploads\/2024\/11\/logo-1-150x150.png 150w\" sizes=\"(max-width: 170px) 100vw, 170px\" \/><\/a><\/p>\n<p>&nbsp;<\/p>\n","protected":false},"excerpt":{"rendered":"<p><span style=\"font-size: 12pt;\">Inklusive MwSt<\/span><\/p>\n<p><span style=\"font-size: 12pt;\">Versandkosten an der Kasse<\/span><\/p>\n<p><span style=\"font-size: 12pt;\">Spezialit\u00e4ten Kaffeebohnen<\/span><\/p>\n<p><span style=\"font-size: 12pt;\">100% Bio Arabica Single Origin<\/span><\/p>\n<p><span style=\"font-size: 12pt;\">Langsame handwerkliche HolzfeuerR\u00f6stung\u00a0<\/span><span style=\"font-size: 12pt;\">\u00a0<\/span><\/p>\n<p><span style=\"font-size: 12pt;\">R\u00f6stgrad: Dunkle<\/span><\/p>\n<p><span style=\"font-size: 12pt;\">4 von 5<\/span><\/p>\n<p><img decoding=\"async\" class=\"alignnone wp-image-14167\" src=\"https:\/\/cafesantahelena.com\/wp-content\/uploads\/2024\/07\/B3DDE4ED-DC26-45F4-9E02-44607276617E-300x33-1.png\" alt=\"\" width=\"245\" height=\"27\" srcset=\"https:\/\/cafesantahelena.com\/wp-content\/uploads\/2024\/07\/B3DDE4ED-DC26-45F4-9E02-44607276617E-300x33-1.png 300w, https:\/\/cafesantahelena.com\/wp-content\/uploads\/2024\/07\/B3DDE4ED-DC26-45F4-9E02-44607276617E-300x33-1-64x7.png 64w\" sizes=\"(max-width: 245px) 100vw, 245px\" \/><\/p>\n<p><span style=\"font-size: 12pt;\">F\u00fcr diejenigen, die einen st\u00e4rkeren und akzentuierteren Geschmack mit einer schmackhaften Crema m\u00f6gen.<\/span><\/p>\n<p><span style=\"font-size: 12pt;\">Feiner Kaffee mit einer echten Spitzenqualit\u00e4t.<\/span><\/p>\n<p><span style=\"font-size: 12pt;\">Akzentuierte S\u00fc\u00dfe mit Noten von Karamell, Schokolade und Fr\u00fcchten.<\/span><\/p>\n<p><span style=\"font-size: 12pt;\">Gewicht: 500g<\/span><\/p>\n<p>&nbsp;<\/p>\n","protected":false},"featured_media":17143,"comment_status":"open","ping_status":"closed","template":"","meta":[],"product_brand":[],"product_cat":[183,184],"product_tag":[231,232,233],"class_list":{"0":"post-14074","1":"product","2":"type-product","3":"status-publish","4":"has-post-thumbnail","6":"product_cat-kaffee","7":"product_cat-kaffeebohnen","8":"product_tag-bestseller-de","9":"product_tag-espresso-de","10":"product_tag-ganze-bohnen-de","12":"first","13":"instock","14":"featured","15":"shipping-taxable","16":"purchasable","17":"product-type-simple"},"yoast_head":"<!-- This site is optimized with the Yoast SEO plugin v26.4 - https:\/\/yoast.com\/wordpress\/plugins\/seo\/ -->\n<title>Bio KaffeeBohnen -Caf\u00e9 Santa Helena<\/title>\n<meta name=\"description\" content=\"Bio Kaffeebohnen espresso. 100% Arabica, single origein aus Brasilien. Spezialit\u00e4ten kaffee. Langsame handwerkliche R\u00f6stung in einem Holzr\u00f6ster.\" \/>\n<meta name=\"robots\" content=\"index, follow, max-snippet:-1, max-image-preview:large, max-video-preview:-1\" \/>\n<link rel=\"canonical\" href=\"https:\/\/cafesantahelena.com\/de\/products\/bio-kaffeebohnen\/\" \/>\n<meta property=\"og:locale\" content=\"de_DE\" \/>\n<meta property=\"og:type\" content=\"article\" \/>\n<meta property=\"og:title\" content=\"Bio KaffeeBohnen -Caf\u00e9 Santa Helena\" \/>\n<meta property=\"og:description\" content=\"Bio Kaffeebohnen espresso. 100% Arabica, single origein aus Brasilien. Spezialit\u00e4ten kaffee. Langsame handwerkliche R\u00f6stung in einem Holzr\u00f6ster.\" \/>\n<meta property=\"og:url\" content=\"https:\/\/cafesantahelena.com\/de\/products\/bio-kaffeebohnen\/\" \/>\n<meta property=\"og:site_name\" content=\"Caf\u00e9 Santa Helena\" \/>\n<meta property=\"article:modified_time\" content=\"2025-01-24T23:07:00+00:00\" \/>\n<meta property=\"og:image\" content=\"https:\/\/cafesantahelena.com\/wp-content\/uploads\/2024\/07\/Whole-beans-coffee-espresso-.webp\" \/>\n\t<meta property=\"og:image:width\" content=\"350\" \/>\n\t<meta property=\"og:image:height\" content=\"450\" \/>\n\t<meta property=\"og:image:type\" content=\"image\/webp\" \/>\n<meta name=\"twitter:card\" content=\"summary_large_image\" \/>\n<meta name=\"twitter:label1\" content=\"Gesch\u00e4tzte Lesezeit\" \/>\n\t<meta name=\"twitter:data1\" content=\"2\u00a0Minuten\" \/>\n<script type=\"application\/ld+json\" class=\"yoast-schema-graph\">{\"@context\":\"https:\/\/schema.org\",\"@graph\":[{\"@type\":\"WebPage\",\"@id\":\"https:\/\/cafesantahelena.com\/de\/products\/bio-kaffeebohnen\/\",\"url\":\"https:\/\/cafesantahelena.com\/de\/products\/bio-kaffeebohnen\/\",\"name\":\"Bio KaffeeBohnen -Caf\u00e9 Santa Helena\",\"isPartOf\":{\"@id\":\"https:\/\/cafesantahelena.com\/#website\"},\"primaryImageOfPage\":{\"@id\":\"https:\/\/cafesantahelena.com\/de\/products\/bio-kaffeebohnen\/#primaryimage\"},\"image\":{\"@id\":\"https:\/\/cafesantahelena.com\/de\/products\/bio-kaffeebohnen\/#primaryimage\"},\"thumbnailUrl\":\"https:\/\/cafesantahelena.com\/wp-content\/uploads\/2024\/07\/Whole-beans-coffee-espresso-.webp\",\"datePublished\":\"2024-07-27T15:08:57+00:00\",\"dateModified\":\"2025-01-24T23:07:00+00:00\",\"description\":\"Bio Kaffeebohnen espresso. 100% Arabica, single origein aus Brasilien. Spezialit\u00e4ten kaffee. Langsame handwerkliche R\u00f6stung in einem Holzr\u00f6ster.\",\"breadcrumb\":{\"@id\":\"https:\/\/cafesantahelena.com\/de\/products\/bio-kaffeebohnen\/#breadcrumb\"},\"inLanguage\":\"de\",\"potentialAction\":[{\"@type\":\"ReadAction\",\"target\":[\"https:\/\/cafesantahelena.com\/de\/products\/bio-kaffeebohnen\/\"]}]},{\"@type\":\"ImageObject\",\"inLanguage\":\"de\",\"@id\":\"https:\/\/cafesantahelena.com\/de\/products\/bio-kaffeebohnen\/#primaryimage\",\"url\":\"https:\/\/cafesantahelena.com\/wp-content\/uploads\/2024\/07\/Whole-beans-coffee-espresso-.webp\",\"contentUrl\":\"https:\/\/cafesantahelena.com\/wp-content\/uploads\/2024\/07\/Whole-beans-coffee-espresso-.webp\",\"width\":350,\"height\":450,\"caption\":\"whole beans coffee\"},{\"@type\":\"BreadcrumbList\",\"@id\":\"https:\/\/cafesantahelena.com\/de\/products\/bio-kaffeebohnen\/#breadcrumb\",\"itemListElement\":[{\"@type\":\"ListItem\",\"position\":1,\"name\":\"In\u00edcio\",\"item\":\"https:\/\/cafesantahelena.com\/de\/\"},{\"@type\":\"ListItem\",\"position\":2,\"name\":\"Produtos\",\"item\":\"https:\/\/cafesantahelena.com\/loja\/\"},{\"@type\":\"ListItem\",\"position\":3,\"name\":\"Bio KaffeeBohnen Espresso\"}]},{\"@type\":\"WebSite\",\"@id\":\"https:\/\/cafesantahelena.com\/#website\",\"url\":\"https:\/\/cafesantahelena.com\/\",\"name\":\"Caf\u00e9 Santa Helena\",\"description\":\"\",\"potentialAction\":[{\"@type\":\"SearchAction\",\"target\":{\"@type\":\"EntryPoint\",\"urlTemplate\":\"https:\/\/cafesantahelena.com\/?s={search_term_string}\"},\"query-input\":{\"@type\":\"PropertyValueSpecification\",\"valueRequired\":true,\"valueName\":\"search_term_string\"}}],\"inLanguage\":\"de\"}]}<\/script>\n<!-- \/ Yoast SEO plugin. -->","yoast_head_json":{"title":"Bio KaffeeBohnen -Caf\u00e9 Santa Helena","description":"Bio Kaffeebohnen espresso. 100% Arabica, single origein aus Brasilien. Spezialit\u00e4ten kaffee. Langsame handwerkliche R\u00f6stung in einem Holzr\u00f6ster.","robots":{"index":"index","follow":"follow","max-snippet":"max-snippet:-1","max-image-preview":"max-image-preview:large","max-video-preview":"max-video-preview:-1"},"canonical":"https:\/\/cafesantahelena.com\/de\/products\/bio-kaffeebohnen\/","og_locale":"de_DE","og_type":"article","og_title":"Bio KaffeeBohnen -Caf\u00e9 Santa Helena","og_description":"Bio Kaffeebohnen espresso. 100% Arabica, single origein aus Brasilien. Spezialit\u00e4ten kaffee. Langsame handwerkliche R\u00f6stung in einem Holzr\u00f6ster.","og_url":"https:\/\/cafesantahelena.com\/de\/products\/bio-kaffeebohnen\/","og_site_name":"Caf\u00e9 Santa Helena","article_modified_time":"2025-01-24T23:07:00+00:00","og_image":[{"width":350,"height":450,"url":"https:\/\/cafesantahelena.com\/wp-content\/uploads\/2024\/07\/Whole-beans-coffee-espresso-.webp","type":"image\/webp"}],"twitter_card":"summary_large_image","twitter_misc":{"Gesch\u00e4tzte Lesezeit":"2\u00a0Minuten"},"schema":{"@context":"https:\/\/schema.org","@graph":[{"@type":"WebPage","@id":"https:\/\/cafesantahelena.com\/de\/products\/bio-kaffeebohnen\/","url":"https:\/\/cafesantahelena.com\/de\/products\/bio-kaffeebohnen\/","name":"Bio KaffeeBohnen -Caf\u00e9 Santa Helena","isPartOf":{"@id":"https:\/\/cafesantahelena.com\/#website"},"primaryImageOfPage":{"@id":"https:\/\/cafesantahelena.com\/de\/products\/bio-kaffeebohnen\/#primaryimage"},"image":{"@id":"https:\/\/cafesantahelena.com\/de\/products\/bio-kaffeebohnen\/#primaryimage"},"thumbnailUrl":"https:\/\/cafesantahelena.com\/wp-content\/uploads\/2024\/07\/Whole-beans-coffee-espresso-.webp","datePublished":"2024-07-27T15:08:57+00:00","dateModified":"2025-01-24T23:07:00+00:00","description":"Bio Kaffeebohnen espresso. 100% Arabica, single origein aus Brasilien. Spezialit\u00e4ten kaffee. Langsame handwerkliche R\u00f6stung in einem Holzr\u00f6ster.","breadcrumb":{"@id":"https:\/\/cafesantahelena.com\/de\/products\/bio-kaffeebohnen\/#breadcrumb"},"inLanguage":"de","potentialAction":[{"@type":"ReadAction","target":["https:\/\/cafesantahelena.com\/de\/products\/bio-kaffeebohnen\/"]}]},{"@type":"ImageObject","inLanguage":"de","@id":"https:\/\/cafesantahelena.com\/de\/products\/bio-kaffeebohnen\/#primaryimage","url":"https:\/\/cafesantahelena.com\/wp-content\/uploads\/2024\/07\/Whole-beans-coffee-espresso-.webp","contentUrl":"https:\/\/cafesantahelena.com\/wp-content\/uploads\/2024\/07\/Whole-beans-coffee-espresso-.webp","width":350,"height":450,"caption":"whole beans coffee"},{"@type":"BreadcrumbList","@id":"https:\/\/cafesantahelena.com\/de\/products\/bio-kaffeebohnen\/#breadcrumb","itemListElement":[{"@type":"ListItem","position":1,"name":"In\u00edcio","item":"https:\/\/cafesantahelena.com\/de\/"},{"@type":"ListItem","position":2,"name":"Produtos","item":"https:\/\/cafesantahelena.com\/loja\/"},{"@type":"ListItem","position":3,"name":"Bio KaffeeBohnen Espresso"}]},{"@type":"WebSite","@id":"https:\/\/cafesantahelena.com\/#website","url":"https:\/\/cafesantahelena.com\/","name":"Caf\u00e9 Santa Helena","description":"","potentialAction":[{"@type":"SearchAction","target":{"@type":"EntryPoint","urlTemplate":"https:\/\/cafesantahelena.com\/?s={search_term_string}"},"query-input":{"@type":"PropertyValueSpecification","valueRequired":true,"valueName":"search_term_string"}}],"inLanguage":"de"}]}},"_links":{"self":[{"href":"https:\/\/cafesantahelena.com\/de\/wp-json\/wp\/v2\/product\/14074","targetHints":{"allow":["GET"]}}],"collection":[{"href":"https:\/\/cafesantahelena.com\/de\/wp-json\/wp\/v2\/product"}],"about":[{"href":"https:\/\/cafesantahelena.com\/de\/wp-json\/wp\/v2\/types\/product"}],"replies":[{"embeddable":true,"href":"https:\/\/cafesantahelena.com\/de\/wp-json\/wp\/v2\/comments?post=14074"}],"wp:featuredmedia":[{"embeddable":true,"href":"https:\/\/cafesantahelena.com\/de\/wp-json\/wp\/v2\/media\/17143"}],"wp:attachment":[{"href":"https:\/\/cafesantahelena.com\/de\/wp-json\/wp\/v2\/media?parent=14074"}],"wp:term":[{"taxonomy":"product_brand","embeddable":true,"href":"https:\/\/cafesantahelena.com\/de\/wp-json\/wp\/v2\/product_brand?post=14074"},{"taxonomy":"product_cat","embeddable":true,"href":"https:\/\/cafesantahelena.com\/de\/wp-json\/wp\/v2\/product_cat?post=14074"},{"taxonomy":"product_tag","embeddable":true,"href":"https:\/\/cafesantahelena.com\/de\/wp-json\/wp\/v2\/product_tag?post=14074"}],"curies":[{"name":"wp","href":"https:\/\/api.w.org\/{rel}","templated":true}]}}