{"id":14078,"date":"2024-07-22T15:08:59","date_gmt":"2024-07-22T15:08:59","guid":{"rendered":"https:\/\/cafesantahelena.alivanstudio.com\/?post_type=product&#038;p=14078"},"modified":"2025-01-19T23:02:57","modified_gmt":"2025-01-19T23:02:57","slug":"kaffeebohnen","status":"publish","type":"product","link":"https:\/\/cafesantahelena.com\/de\/products\/kaffeebohnen\/","title":{"rendered":"Caf\u00e9 Feminino Bohnen"},"content":{"rendered":"<div id=\"cc-m-13695954727\" style=\"text-align: center;\">\n<h2 id=\"cc-m-header-13695954727\" style=\"text-align: left;\"><b style=\"text-align: left;\">Kaffeebohnen Caf\u00e9 Feminino\u00a0<\/b><\/h2>\n<p style=\"text-align: left;\"><b>Der Kaffee wird von Frauen angebaut, ausgew\u00e4hlt, cupped, ger\u00f6stet und verpackt.<\/b><\/p>\n<p style=\"text-align: left;\">\ud83c\udf1f\u2615 St\u00e4rkung der Frauen durch Kaffee \u2615\ud83c\udf31<\/p>\n<p style=\"text-align: left;\">Ein Werk der Liebe und des Empowerments, das ausschlie\u00dflich von den unglaublichen Frauen Brasiliens hergestellt wird. Diese Kaffeek\u00f6niginnen haben jede einzelne Bohne gepflegt, um ein reichhaltiges, biologisches Gebr\u00e4u zu gew\u00e4hrleisten, das gut f\u00fcr Sie und gut f\u00fcr die Welt ist.<\/p>\n<p style=\"text-align: left;\"><b>Zusammensetzung:<\/b><\/p>\n<p style=\"text-align: left;\">KaffeeBohnen, 100% Arabica, Spezialit\u00e4tenkaffee. Mikrolot.<\/p>\n<p style=\"text-align: left;\">K\u00f6rper &#8211; Milder K\u00f6rper mit nat\u00fcrlichem hohen Grad an S\u00fc\u00dfe, lang anhaltender Abgang, geringer S\u00e4uregehalt.<\/p>\n<p style=\"text-align: left;\">Sensorische Noten &#8211; Blumige und Fruchtige.<\/p>\n<p style=\"text-align: left;\">R\u00f6stgrad: Mittel<\/p>\n<p style=\"text-align: left;\">Sorte &#8211; Catua\u00ed Vermelho, 100% Arabica.<\/p>\n<p style=\"text-align: left;\">R\u00f6stverfahren: Traditionelle Langsamr\u00f6stung mit einem Holzr\u00f6ster \ud83e\udeb5\ud83d\udd25.<\/p>\n<p style=\"text-align: left;\">Ideal f\u00fcr: Espresso, Lungo und Capuccino.<\/p>\n<p style=\"text-align: left;\"><b>Zutaten:<\/b><\/p>\n<p style=\"text-align: left;\">Kaffee ganze Bohnen, 100% Arabica, Bio und Fairtrade, Microlot, Spezialit\u00e4tenkaffee aus Brasilien. Beutel 500g.<\/p>\n<p><a href=\"?add-to-cart=10425\"><span style=\"color: #800000;\"><em><strong><span style=\"font-size: 18pt;\">Probieren Sie unseren Caf\u00e9 Feminino Bohnen jetzt!<\/span><\/strong><\/em><\/span><\/a><\/p>\n<p><img decoding=\"async\" class=\"alignnone wp-image-14058\" src=\"https:\/\/cafesantahelena.com\/wp-content\/uploads\/2024\/07\/F16BA1DC-4552-44E6-9CAF-7827F4298B30-300x300-1.png\" alt=\"\" width=\"171\" height=\"171\" srcset=\"https:\/\/cafesantahelena.com\/wp-content\/uploads\/2024\/07\/F16BA1DC-4552-44E6-9CAF-7827F4298B30-300x300-1.png 300w, https:\/\/cafesantahelena.com\/wp-content\/uploads\/2024\/07\/F16BA1DC-4552-44E6-9CAF-7827F4298B30-300x300-1-100x100.png 100w, https:\/\/cafesantahelena.com\/wp-content\/uploads\/2024\/07\/F16BA1DC-4552-44E6-9CAF-7827F4298B30-300x300-1-64x64.png 64w, https:\/\/cafesantahelena.com\/wp-content\/uploads\/2024\/07\/F16BA1DC-4552-44E6-9CAF-7827F4298B30-300x300-1-150x150.png 150w\" sizes=\"(max-width: 171px) 100vw, 171px\" \/><\/p>\n<p>&nbsp;<\/p>\n<\/div>\n","protected":false},"excerpt":{"rendered":"<p>Inkl. MwSt<\/p>\n<p>Versandkosten an der Kasse<\/p>\n<p>Der Kaffee wird nur von Frauen angebaut.<\/p>\n<p>100% Arabica, Bio und Fairtrade, Spezialit\u00e4tenkaffee, Single Origin aus Brasilien.<\/p>\n<p>Sensorische Noten: Blumige und Fruchtige.<\/p>\n<p>R\u00f6stgrad: Mittel<\/p>\n<p>Ideal f\u00fcr: Espresso, Lungo, Capuccino.<\/p>\n","protected":false},"featured_media":17083,"comment_status":"open","ping_status":"closed","template":"","meta":[],"product_brand":[],"product_cat":[183,184],"product_tag":[231,235,236,213],"class_list":{"0":"post-14078","1":"product","2":"type-product","3":"status-publish","4":"has-post-thumbnail","6":"product_cat-kaffee","7":"product_cat-kaffeebohnen","8":"product_tag-bestseller-de","9":"product_tag-cafe-feminino-de","10":"product_tag-espresso-coffee-de","11":"product_tag-kaffee-de","13":"first","14":"outofstock","15":"shipping-taxable","16":"purchasable","17":"product-type-simple"},"yoast_head":"<!-- This site is optimized with the Yoast SEO plugin v26.4 - https:\/\/yoast.com\/wordpress\/plugins\/seo\/ -->\n<title>Kaffeebohnen-Caf\u00e9 Feminino - Caf\u00e9 Santa Helena<\/title>\n<meta name=\"description\" content=\"Kaffeebohnen-Caf\u00e9 Feminino. Nur f\u00fcr Frauen angebaut. 100% Arabica, Spezialit\u00e4tenkaffee. Mikrolot. Single Origin aus Brasilien. 500g\" \/>\n<meta name=\"robots\" content=\"index, follow, max-snippet:-1, max-image-preview:large, max-video-preview:-1\" \/>\n<link rel=\"canonical\" href=\"https:\/\/cafesantahelena.com\/de\/products\/kaffeebohnen\/\" \/>\n<meta property=\"og:locale\" content=\"de_DE\" \/>\n<meta property=\"og:type\" content=\"article\" \/>\n<meta property=\"og:title\" content=\"Kaffeebohnen-Caf\u00e9 Feminino - Caf\u00e9 Santa Helena\" \/>\n<meta property=\"og:description\" content=\"Kaffeebohnen-Caf\u00e9 Feminino. Nur f\u00fcr Frauen angebaut. 100% Arabica, Spezialit\u00e4tenkaffee. Mikrolot. Single Origin aus Brasilien. 500g\" \/>\n<meta property=\"og:url\" content=\"https:\/\/cafesantahelena.com\/de\/products\/kaffeebohnen\/\" \/>\n<meta property=\"og:site_name\" content=\"Caf\u00e9 Santa Helena\" \/>\n<meta property=\"article:modified_time\" content=\"2025-01-19T23:02:57+00:00\" \/>\n<meta property=\"og:image\" content=\"https:\/\/cafesantahelena.com\/wp-content\/uploads\/2024\/07\/Cafe-feminino-whole-beans.webp\" \/>\n\t<meta property=\"og:image:width\" content=\"350\" \/>\n\t<meta property=\"og:image:height\" content=\"450\" \/>\n\t<meta property=\"og:image:type\" content=\"image\/webp\" \/>\n<meta name=\"twitter:card\" content=\"summary_large_image\" \/>\n<meta name=\"twitter:label1\" content=\"Gesch\u00e4tzte Lesezeit\" \/>\n\t<meta name=\"twitter:data1\" content=\"1\u00a0Minute\" \/>\n<script type=\"application\/ld+json\" class=\"yoast-schema-graph\">{\"@context\":\"https:\/\/schema.org\",\"@graph\":[{\"@type\":\"WebPage\",\"@id\":\"https:\/\/cafesantahelena.com\/de\/products\/kaffeebohnen\/\",\"url\":\"https:\/\/cafesantahelena.com\/de\/products\/kaffeebohnen\/\",\"name\":\"Kaffeebohnen-Caf\u00e9 Feminino - Caf\u00e9 Santa Helena\",\"isPartOf\":{\"@id\":\"https:\/\/cafesantahelena.com\/#website\"},\"primaryImageOfPage\":{\"@id\":\"https:\/\/cafesantahelena.com\/de\/products\/kaffeebohnen\/#primaryimage\"},\"image\":{\"@id\":\"https:\/\/cafesantahelena.com\/de\/products\/kaffeebohnen\/#primaryimage\"},\"thumbnailUrl\":\"https:\/\/cafesantahelena.com\/wp-content\/uploads\/2024\/07\/Cafe-feminino-whole-beans.webp\",\"datePublished\":\"2024-07-22T15:08:59+00:00\",\"dateModified\":\"2025-01-19T23:02:57+00:00\",\"description\":\"Kaffeebohnen-Caf\u00e9 Feminino. Nur f\u00fcr Frauen angebaut. 100% Arabica, Spezialit\u00e4tenkaffee. Mikrolot. Single Origin aus Brasilien. 500g\",\"breadcrumb\":{\"@id\":\"https:\/\/cafesantahelena.com\/de\/products\/kaffeebohnen\/#breadcrumb\"},\"inLanguage\":\"de\",\"potentialAction\":[{\"@type\":\"ReadAction\",\"target\":[\"https:\/\/cafesantahelena.com\/de\/products\/kaffeebohnen\/\"]}]},{\"@type\":\"ImageObject\",\"inLanguage\":\"de\",\"@id\":\"https:\/\/cafesantahelena.com\/de\/products\/kaffeebohnen\/#primaryimage\",\"url\":\"https:\/\/cafesantahelena.com\/wp-content\/uploads\/2024\/07\/Cafe-feminino-whole-beans.webp\",\"contentUrl\":\"https:\/\/cafesantahelena.com\/wp-content\/uploads\/2024\/07\/Cafe-feminino-whole-beans.webp\",\"width\":350,\"height\":450,\"caption\":\"cafe feminino en grains\"},{\"@type\":\"BreadcrumbList\",\"@id\":\"https:\/\/cafesantahelena.com\/de\/products\/kaffeebohnen\/#breadcrumb\",\"itemListElement\":[{\"@type\":\"ListItem\",\"position\":1,\"name\":\"In\u00edcio\",\"item\":\"https:\/\/cafesantahelena.com\/de\/\"},{\"@type\":\"ListItem\",\"position\":2,\"name\":\"Produtos\",\"item\":\"https:\/\/cafesantahelena.com\/loja\/\"},{\"@type\":\"ListItem\",\"position\":3,\"name\":\"Caf\u00e9 Feminino Bohnen\"}]},{\"@type\":\"WebSite\",\"@id\":\"https:\/\/cafesantahelena.com\/#website\",\"url\":\"https:\/\/cafesantahelena.com\/\",\"name\":\"Caf\u00e9 Santa Helena\",\"description\":\"\",\"potentialAction\":[{\"@type\":\"SearchAction\",\"target\":{\"@type\":\"EntryPoint\",\"urlTemplate\":\"https:\/\/cafesantahelena.com\/?s={search_term_string}\"},\"query-input\":{\"@type\":\"PropertyValueSpecification\",\"valueRequired\":true,\"valueName\":\"search_term_string\"}}],\"inLanguage\":\"de\"}]}<\/script>\n<!-- \/ Yoast SEO plugin. -->","yoast_head_json":{"title":"Kaffeebohnen-Caf\u00e9 Feminino - Caf\u00e9 Santa Helena","description":"Kaffeebohnen-Caf\u00e9 Feminino. Nur f\u00fcr Frauen angebaut. 100% Arabica, Spezialit\u00e4tenkaffee. Mikrolot. Single Origin aus Brasilien. 500g","robots":{"index":"index","follow":"follow","max-snippet":"max-snippet:-1","max-image-preview":"max-image-preview:large","max-video-preview":"max-video-preview:-1"},"canonical":"https:\/\/cafesantahelena.com\/de\/products\/kaffeebohnen\/","og_locale":"de_DE","og_type":"article","og_title":"Kaffeebohnen-Caf\u00e9 Feminino - Caf\u00e9 Santa Helena","og_description":"Kaffeebohnen-Caf\u00e9 Feminino. Nur f\u00fcr Frauen angebaut. 100% Arabica, Spezialit\u00e4tenkaffee. Mikrolot. Single Origin aus Brasilien. 500g","og_url":"https:\/\/cafesantahelena.com\/de\/products\/kaffeebohnen\/","og_site_name":"Caf\u00e9 Santa Helena","article_modified_time":"2025-01-19T23:02:57+00:00","og_image":[{"width":350,"height":450,"url":"https:\/\/cafesantahelena.com\/wp-content\/uploads\/2024\/07\/Cafe-feminino-whole-beans.webp","type":"image\/webp"}],"twitter_card":"summary_large_image","twitter_misc":{"Gesch\u00e4tzte Lesezeit":"1\u00a0Minute"},"schema":{"@context":"https:\/\/schema.org","@graph":[{"@type":"WebPage","@id":"https:\/\/cafesantahelena.com\/de\/products\/kaffeebohnen\/","url":"https:\/\/cafesantahelena.com\/de\/products\/kaffeebohnen\/","name":"Kaffeebohnen-Caf\u00e9 Feminino - Caf\u00e9 Santa Helena","isPartOf":{"@id":"https:\/\/cafesantahelena.com\/#website"},"primaryImageOfPage":{"@id":"https:\/\/cafesantahelena.com\/de\/products\/kaffeebohnen\/#primaryimage"},"image":{"@id":"https:\/\/cafesantahelena.com\/de\/products\/kaffeebohnen\/#primaryimage"},"thumbnailUrl":"https:\/\/cafesantahelena.com\/wp-content\/uploads\/2024\/07\/Cafe-feminino-whole-beans.webp","datePublished":"2024-07-22T15:08:59+00:00","dateModified":"2025-01-19T23:02:57+00:00","description":"Kaffeebohnen-Caf\u00e9 Feminino. Nur f\u00fcr Frauen angebaut. 100% Arabica, Spezialit\u00e4tenkaffee. Mikrolot. Single Origin aus Brasilien. 500g","breadcrumb":{"@id":"https:\/\/cafesantahelena.com\/de\/products\/kaffeebohnen\/#breadcrumb"},"inLanguage":"de","potentialAction":[{"@type":"ReadAction","target":["https:\/\/cafesantahelena.com\/de\/products\/kaffeebohnen\/"]}]},{"@type":"ImageObject","inLanguage":"de","@id":"https:\/\/cafesantahelena.com\/de\/products\/kaffeebohnen\/#primaryimage","url":"https:\/\/cafesantahelena.com\/wp-content\/uploads\/2024\/07\/Cafe-feminino-whole-beans.webp","contentUrl":"https:\/\/cafesantahelena.com\/wp-content\/uploads\/2024\/07\/Cafe-feminino-whole-beans.webp","width":350,"height":450,"caption":"cafe feminino en grains"},{"@type":"BreadcrumbList","@id":"https:\/\/cafesantahelena.com\/de\/products\/kaffeebohnen\/#breadcrumb","itemListElement":[{"@type":"ListItem","position":1,"name":"In\u00edcio","item":"https:\/\/cafesantahelena.com\/de\/"},{"@type":"ListItem","position":2,"name":"Produtos","item":"https:\/\/cafesantahelena.com\/loja\/"},{"@type":"ListItem","position":3,"name":"Caf\u00e9 Feminino Bohnen"}]},{"@type":"WebSite","@id":"https:\/\/cafesantahelena.com\/#website","url":"https:\/\/cafesantahelena.com\/","name":"Caf\u00e9 Santa Helena","description":"","potentialAction":[{"@type":"SearchAction","target":{"@type":"EntryPoint","urlTemplate":"https:\/\/cafesantahelena.com\/?s={search_term_string}"},"query-input":{"@type":"PropertyValueSpecification","valueRequired":true,"valueName":"search_term_string"}}],"inLanguage":"de"}]}},"_links":{"self":[{"href":"https:\/\/cafesantahelena.com\/de\/wp-json\/wp\/v2\/product\/14078","targetHints":{"allow":["GET"]}}],"collection":[{"href":"https:\/\/cafesantahelena.com\/de\/wp-json\/wp\/v2\/product"}],"about":[{"href":"https:\/\/cafesantahelena.com\/de\/wp-json\/wp\/v2\/types\/product"}],"replies":[{"embeddable":true,"href":"https:\/\/cafesantahelena.com\/de\/wp-json\/wp\/v2\/comments?post=14078"}],"wp:featuredmedia":[{"embeddable":true,"href":"https:\/\/cafesantahelena.com\/de\/wp-json\/wp\/v2\/media\/17083"}],"wp:attachment":[{"href":"https:\/\/cafesantahelena.com\/de\/wp-json\/wp\/v2\/media?parent=14078"}],"wp:term":[{"taxonomy":"product_brand","embeddable":true,"href":"https:\/\/cafesantahelena.com\/de\/wp-json\/wp\/v2\/product_brand?post=14078"},{"taxonomy":"product_cat","embeddable":true,"href":"https:\/\/cafesantahelena.com\/de\/wp-json\/wp\/v2\/product_cat?post=14078"},{"taxonomy":"product_tag","embeddable":true,"href":"https:\/\/cafesantahelena.com\/de\/wp-json\/wp\/v2\/product_tag?post=14078"}],"curies":[{"name":"wp","href":"https:\/\/api.w.org\/{rel}","templated":true}]}}