{"id":14088,"date":"2024-07-22T15:08:57","date_gmt":"2024-07-22T15:08:57","guid":{"rendered":"https:\/\/cafesantahelena.alivanstudio.com\/?post_type=product&#038;p=14088"},"modified":"2025-01-19T23:07:21","modified_gmt":"2025-01-19T23:07:21","slug":"kaffee-gemahlen-500g","status":"publish","type":"product","link":"https:\/\/cafesantahelena.com\/de\/products\/kaffee-gemahlen-500g\/","title":{"rendered":"Kaffee Gemahlen 500g"},"content":{"rendered":"<p>&nbsp;<\/p>\n<p><strong><span style=\"font-size: 12pt;\">Bio-Kaffee Gemahlen<\/span><\/strong><\/p>\n<p><strong><span style=\"font-size: 12pt;\">Speziell f\u00fcr Moka, Filter oder \u00e4hnliches gemahlen.<\/span><\/strong><\/p>\n<p><strong><span style=\"font-size: 12pt;\">Spezialit\u00e4tenkaffee 85 punkte SCA<\/span><\/strong><\/p>\n<p><strong><span style=\"font-size: 12pt;\">100% Arabica<\/span><\/strong><\/p>\n<p><span style=\"font-size: 12pt;\">Der Kaffee ist von der AAO (Association of Organic Agriculture), der International Organic Certification USDA, Fairtrade und BIO INSPECTA in der Schweiz zertifiziert.<\/span><strong><span style=\"font-size: 12pt;\"><br \/>\n<\/span><\/strong><img decoding=\"async\" class=\"alignnone size-full wp-image-14098\" src=\"https:\/\/cafesantahelena.com\/wp-content\/uploads\/2024\/07\/DA7819F7-177F-4E28-A0D0-2B99487CAE75-300x52-2.jpeg\" alt=\"\" width=\"300\" height=\"52\" srcset=\"https:\/\/cafesantahelena.com\/wp-content\/uploads\/2024\/07\/DA7819F7-177F-4E28-A0D0-2B99487CAE75-300x52-2.jpeg 300w, https:\/\/cafesantahelena.com\/wp-content\/uploads\/2024\/07\/DA7819F7-177F-4E28-A0D0-2B99487CAE75-300x52-2-64x11.jpeg 64w\" sizes=\"(max-width: 300px) 100vw, 300px\" \/><\/p>\n<p><strong style=\"color: #800000; font-size: 14pt;\">Die Merkmale des Kaffees:<\/strong><\/p>\n<p><strong><span style=\"font-size: 12pt;\">Botanische Sorte: <\/span><\/strong><span style=\"font-size: 12pt;\">Arabica (Catua\u00ed Vermelho)<\/span><\/p>\n<p><strong><span style=\"font-size: 12pt;\">Herkunftsland: <\/span><\/strong><span style=\"font-size: 12pt;\">Brasilien<\/span><\/p>\n<p><strong><span style=\"font-size: 12pt;\">Ernte: <\/span><\/strong><span style=\"font-size: 12pt;\">Von Hand<\/span><\/p>\n<p><strong><span style=\"font-size: 12pt;\">Trocknen: <\/span><\/strong><span style=\"font-size: 12pt;\">An der Sonne<\/span><\/p>\n<p><strong><span style=\"font-size: 12pt;\">R\u00f6stung: <\/span><\/strong><span style=\"font-size: 12pt;\">Langsame handwerkliche R\u00f6stung in einem Holzr\u00f6ster\u00a0<\/span><\/p>\n<p><strong><span style=\"font-size: 12pt;\">R\u00f6stgrad: <\/span><\/strong><span style=\"font-size: 12pt;\">M<\/span><span style=\"font-size: 12pt;\">ittel<\/span><\/p>\n<p><span style=\"font-size: 12pt;\">Unser Kaffee kommt in rohen <strong>Arabica-Gr\u00fcnbohnen aus Brasilien<\/strong> und wird direkt in die <strong>Engadiner Berge gebracht<\/strong>.\u00a0Dort r\u00f6sten wir den Kaffee in einem <strong>Holzr\u00f6ster<\/strong> in einem handwerklichen Verfahren.<\/span><br \/>\n<span style=\"font-size: 12pt;\">Schliesslich wird er von Hand gemahlen. Das bedeutet, dass wir alte Traditionen respektieren. <\/span><span style=\"font-size: 12pt;\">Er wird weder chemisch noch mechanisch gemahlen oder gemischt.<\/span><\/p>\n<p><b>Zutaten: <\/b>Kaffee gemahlen, 100%Arabica. R\u00f6stgrad mittlerer. Speziell fur Moka, <span style=\"font-size: 12pt;\">Filter oder \u00e4hnliches gemahlen.<\/span><\/p>\n<p style=\"text-align: left;\"><strong><span style=\"font-size: 12pt;\">F\u00fcr diejenigen, die einen sanfteren Kaffee bevorzugen, bei dem der nat\u00fcrliche Geschmack des Kaffees erhalten bleibt.<\/span><\/strong><\/p>\n<p style=\"text-align: center;\"><span style=\"font-size: 14pt; color: #800000;\"><strong>Kaffee macht vor allem eines: Spa\u00df!<\/strong><\/span><\/p>\n<p><span style=\"font-size: 12pt;\"><strong>Es ist ein Genuss, der alle Sinne weckt: sch\u00f6n anzusehen, angenehm zu riechen und sicher k\u00f6stlich zu schmecken.<\/strong><\/span><\/p>\n<p>&nbsp;<\/p>\n<p style=\"text-align: center;\"><span style=\"font-size: 14pt; color: #800000;\"><strong>Wenn Sie Kaffee lieben, probieren Sie diesen gesunden Bio-Kaffee!<\/strong><\/span><\/p>\n<p>&nbsp;<\/p>\n<p style=\"text-align: center;\"><span style=\"color: #800000;\"><a style=\"color: #800000;\" href=\"?add-to-cart=14088\"><em><strong><span style=\"font-size: 24pt;\">Jetzt Kaufen!<\/span><\/strong><\/em><\/a><\/span><\/p>\n<p>&nbsp;<\/p>\n<p><img decoding=\"async\" class=\" wp-image-14058 aligncenter\" src=\"https:\/\/cafesantahelena.com\/wp-content\/uploads\/2024\/07\/F16BA1DC-4552-44E6-9CAF-7827F4298B30-300x300-1.png\" alt=\"\" width=\"171\" height=\"171\" srcset=\"https:\/\/cafesantahelena.com\/wp-content\/uploads\/2024\/07\/F16BA1DC-4552-44E6-9CAF-7827F4298B30-300x300-1.png 300w, https:\/\/cafesantahelena.com\/wp-content\/uploads\/2024\/07\/F16BA1DC-4552-44E6-9CAF-7827F4298B30-300x300-1-100x100.png 100w, https:\/\/cafesantahelena.com\/wp-content\/uploads\/2024\/07\/F16BA1DC-4552-44E6-9CAF-7827F4298B30-300x300-1-64x64.png 64w, https:\/\/cafesantahelena.com\/wp-content\/uploads\/2024\/07\/F16BA1DC-4552-44E6-9CAF-7827F4298B30-300x300-1-150x150.png 150w\" sizes=\"(max-width: 171px) 100vw, 171px\" \/><\/p>\n<p style=\"text-align: center;\">\n<p>&nbsp;<\/p>\n","protected":false},"excerpt":{"rendered":"<p><span style=\"font-size: 12pt;\">Inkl. MwSt<\/span><\/p>\n<p>Versandkosten an der Kasse<\/p>\n<p>Spezialit\u00e4tenkaffee<\/p>\n<p>100% Arabica, Reiner Ursprung aus Brasilien.<\/p>\n<p>Langsam handwerklich ger\u00f6stet<\/p>\n<p>R\u00f6stgrad: Mittel<\/p>\n<p><b>3 von 5<\/b><\/p>\n<p><img decoding=\"async\" class=\"alignnone wp-image-14158\" src=\"https:\/\/cafesantahelena.com\/wp-content\/uploads\/2024\/07\/025D99D1-34D9-41E3-9975-494901AC3E57-300x33-2.png\" alt=\"\" width=\"209\" height=\"23\" srcset=\"https:\/\/cafesantahelena.com\/wp-content\/uploads\/2024\/07\/025D99D1-34D9-41E3-9975-494901AC3E57-300x33-2.png 300w, https:\/\/cafesantahelena.com\/wp-content\/uploads\/2024\/07\/025D99D1-34D9-41E3-9975-494901AC3E57-300x33-2-64x7.png 64w\" sizes=\"(max-width: 209px) 100vw, 209px\" \/><\/p>\n<p>Feiner Kaffee von wirklich hoher Qualit\u00e4t. Der Kaffee hat einen s\u00fc\u00dfen Geschmack mit Noten von Karamell, Schokolade, Honig, einem Hauch von N\u00fcssen und Fr\u00fcchten.<\/p>\n<p>Speziell gemahlen f\u00fcr Mokka, Filter oder \u00e4hnliches.<\/p>\n<p>Gewicht: 500g<\/p>\n","protected":false},"featured_media":17128,"comment_status":"closed","ping_status":"closed","template":"","meta":[],"product_brand":[],"product_cat":[183,185],"product_tag":[217,230],"class_list":{"0":"post-14088","1":"product","2":"type-product","3":"status-publish","4":"has-post-thumbnail","6":"product_cat-kaffee","7":"product_cat-kaffee-gemahlen","8":"product_tag-kaffeegemahlen-de","9":"product_tag-organic-coffee-de","11":"first","12":"instock","13":"shipping-taxable","14":"purchasable","15":"product-type-simple"},"yoast_head":"<!-- This site is optimized with the Yoast SEO plugin v26.4 - https:\/\/yoast.com\/wordpress\/plugins\/seo\/ -->\n<title>Kaffee Gemahlen - Caf\u00e9 Santa Helena<\/title>\n<meta name=\"description\" content=\"kaffee gemahlen, Spezialit\u00e4tenkaffee von Brasilien. Langsam handwerklich ger\u00f6stet. Intensit\u00e4t: Mittlere R\u00f6stgrad. Verpackung 500g.\" \/>\n<meta name=\"robots\" content=\"index, follow, max-snippet:-1, max-image-preview:large, max-video-preview:-1\" \/>\n<link rel=\"canonical\" href=\"https:\/\/cafesantahelena.com\/de\/products\/kaffee-gemahlen-500g\/\" \/>\n<meta property=\"og:locale\" content=\"de_DE\" \/>\n<meta property=\"og:type\" content=\"article\" \/>\n<meta property=\"og:title\" content=\"Kaffee Gemahlen - Caf\u00e9 Santa Helena\" \/>\n<meta property=\"og:description\" content=\"kaffee gemahlen, Spezialit\u00e4tenkaffee von Brasilien. Langsam handwerklich ger\u00f6stet. Intensit\u00e4t: Mittlere R\u00f6stgrad. Verpackung 500g.\" \/>\n<meta property=\"og:url\" content=\"https:\/\/cafesantahelena.com\/de\/products\/kaffee-gemahlen-500g\/\" \/>\n<meta property=\"og:site_name\" content=\"Caf\u00e9 Santa Helena\" \/>\n<meta property=\"article:modified_time\" content=\"2025-01-19T23:07:21+00:00\" \/>\n<meta property=\"og:image\" content=\"https:\/\/cafesantahelena.com\/wp-content\/uploads\/2024\/07\/Organic-coffee-ground-2.webp\" \/>\n\t<meta property=\"og:image:width\" content=\"350\" \/>\n\t<meta property=\"og:image:height\" content=\"450\" \/>\n\t<meta property=\"og:image:type\" content=\"image\/webp\" \/>\n<meta name=\"twitter:card\" content=\"summary_large_image\" \/>\n<meta name=\"twitter:label1\" content=\"Gesch\u00e4tzte Lesezeit\" \/>\n\t<meta name=\"twitter:data1\" content=\"2\u00a0Minuten\" \/>\n<script type=\"application\/ld+json\" class=\"yoast-schema-graph\">{\"@context\":\"https:\/\/schema.org\",\"@graph\":[{\"@type\":\"WebPage\",\"@id\":\"https:\/\/cafesantahelena.com\/de\/products\/kaffee-gemahlen-500g\/\",\"url\":\"https:\/\/cafesantahelena.com\/de\/products\/kaffee-gemahlen-500g\/\",\"name\":\"Kaffee Gemahlen - Caf\u00e9 Santa Helena\",\"isPartOf\":{\"@id\":\"https:\/\/cafesantahelena.com\/#website\"},\"primaryImageOfPage\":{\"@id\":\"https:\/\/cafesantahelena.com\/de\/products\/kaffee-gemahlen-500g\/#primaryimage\"},\"image\":{\"@id\":\"https:\/\/cafesantahelena.com\/de\/products\/kaffee-gemahlen-500g\/#primaryimage\"},\"thumbnailUrl\":\"https:\/\/cafesantahelena.com\/wp-content\/uploads\/2024\/07\/Organic-coffee-ground-2.webp\",\"datePublished\":\"2024-07-22T15:08:57+00:00\",\"dateModified\":\"2025-01-19T23:07:21+00:00\",\"description\":\"kaffee gemahlen, Spezialit\u00e4tenkaffee von Brasilien. Langsam handwerklich ger\u00f6stet. Intensit\u00e4t: Mittlere R\u00f6stgrad. Verpackung 500g.\",\"breadcrumb\":{\"@id\":\"https:\/\/cafesantahelena.com\/de\/products\/kaffee-gemahlen-500g\/#breadcrumb\"},\"inLanguage\":\"de\",\"potentialAction\":[{\"@type\":\"ReadAction\",\"target\":[\"https:\/\/cafesantahelena.com\/de\/products\/kaffee-gemahlen-500g\/\"]}]},{\"@type\":\"ImageObject\",\"inLanguage\":\"de\",\"@id\":\"https:\/\/cafesantahelena.com\/de\/products\/kaffee-gemahlen-500g\/#primaryimage\",\"url\":\"https:\/\/cafesantahelena.com\/wp-content\/uploads\/2024\/07\/Organic-coffee-ground-2.webp\",\"contentUrl\":\"https:\/\/cafesantahelena.com\/wp-content\/uploads\/2024\/07\/Organic-coffee-ground-2.webp\",\"width\":350,\"height\":450,\"caption\":\"organic coffee ground\"},{\"@type\":\"BreadcrumbList\",\"@id\":\"https:\/\/cafesantahelena.com\/de\/products\/kaffee-gemahlen-500g\/#breadcrumb\",\"itemListElement\":[{\"@type\":\"ListItem\",\"position\":1,\"name\":\"In\u00edcio\",\"item\":\"https:\/\/cafesantahelena.com\/de\/\"},{\"@type\":\"ListItem\",\"position\":2,\"name\":\"Produtos\",\"item\":\"https:\/\/cafesantahelena.com\/loja\/\"},{\"@type\":\"ListItem\",\"position\":3,\"name\":\"Kaffee Gemahlen 500g\"}]},{\"@type\":\"WebSite\",\"@id\":\"https:\/\/cafesantahelena.com\/#website\",\"url\":\"https:\/\/cafesantahelena.com\/\",\"name\":\"Caf\u00e9 Santa Helena\",\"description\":\"\",\"potentialAction\":[{\"@type\":\"SearchAction\",\"target\":{\"@type\":\"EntryPoint\",\"urlTemplate\":\"https:\/\/cafesantahelena.com\/?s={search_term_string}\"},\"query-input\":{\"@type\":\"PropertyValueSpecification\",\"valueRequired\":true,\"valueName\":\"search_term_string\"}}],\"inLanguage\":\"de\"}]}<\/script>\n<!-- \/ Yoast SEO plugin. -->","yoast_head_json":{"title":"Kaffee Gemahlen - Caf\u00e9 Santa Helena","description":"kaffee gemahlen, Spezialit\u00e4tenkaffee von Brasilien. Langsam handwerklich ger\u00f6stet. Intensit\u00e4t: Mittlere R\u00f6stgrad. Verpackung 500g.","robots":{"index":"index","follow":"follow","max-snippet":"max-snippet:-1","max-image-preview":"max-image-preview:large","max-video-preview":"max-video-preview:-1"},"canonical":"https:\/\/cafesantahelena.com\/de\/products\/kaffee-gemahlen-500g\/","og_locale":"de_DE","og_type":"article","og_title":"Kaffee Gemahlen - Caf\u00e9 Santa Helena","og_description":"kaffee gemahlen, Spezialit\u00e4tenkaffee von Brasilien. Langsam handwerklich ger\u00f6stet. Intensit\u00e4t: Mittlere R\u00f6stgrad. Verpackung 500g.","og_url":"https:\/\/cafesantahelena.com\/de\/products\/kaffee-gemahlen-500g\/","og_site_name":"Caf\u00e9 Santa Helena","article_modified_time":"2025-01-19T23:07:21+00:00","og_image":[{"width":350,"height":450,"url":"https:\/\/cafesantahelena.com\/wp-content\/uploads\/2024\/07\/Organic-coffee-ground-2.webp","type":"image\/webp"}],"twitter_card":"summary_large_image","twitter_misc":{"Gesch\u00e4tzte Lesezeit":"2\u00a0Minuten"},"schema":{"@context":"https:\/\/schema.org","@graph":[{"@type":"WebPage","@id":"https:\/\/cafesantahelena.com\/de\/products\/kaffee-gemahlen-500g\/","url":"https:\/\/cafesantahelena.com\/de\/products\/kaffee-gemahlen-500g\/","name":"Kaffee Gemahlen - Caf\u00e9 Santa Helena","isPartOf":{"@id":"https:\/\/cafesantahelena.com\/#website"},"primaryImageOfPage":{"@id":"https:\/\/cafesantahelena.com\/de\/products\/kaffee-gemahlen-500g\/#primaryimage"},"image":{"@id":"https:\/\/cafesantahelena.com\/de\/products\/kaffee-gemahlen-500g\/#primaryimage"},"thumbnailUrl":"https:\/\/cafesantahelena.com\/wp-content\/uploads\/2024\/07\/Organic-coffee-ground-2.webp","datePublished":"2024-07-22T15:08:57+00:00","dateModified":"2025-01-19T23:07:21+00:00","description":"kaffee gemahlen, Spezialit\u00e4tenkaffee von Brasilien. Langsam handwerklich ger\u00f6stet. Intensit\u00e4t: Mittlere R\u00f6stgrad. Verpackung 500g.","breadcrumb":{"@id":"https:\/\/cafesantahelena.com\/de\/products\/kaffee-gemahlen-500g\/#breadcrumb"},"inLanguage":"de","potentialAction":[{"@type":"ReadAction","target":["https:\/\/cafesantahelena.com\/de\/products\/kaffee-gemahlen-500g\/"]}]},{"@type":"ImageObject","inLanguage":"de","@id":"https:\/\/cafesantahelena.com\/de\/products\/kaffee-gemahlen-500g\/#primaryimage","url":"https:\/\/cafesantahelena.com\/wp-content\/uploads\/2024\/07\/Organic-coffee-ground-2.webp","contentUrl":"https:\/\/cafesantahelena.com\/wp-content\/uploads\/2024\/07\/Organic-coffee-ground-2.webp","width":350,"height":450,"caption":"organic coffee ground"},{"@type":"BreadcrumbList","@id":"https:\/\/cafesantahelena.com\/de\/products\/kaffee-gemahlen-500g\/#breadcrumb","itemListElement":[{"@type":"ListItem","position":1,"name":"In\u00edcio","item":"https:\/\/cafesantahelena.com\/de\/"},{"@type":"ListItem","position":2,"name":"Produtos","item":"https:\/\/cafesantahelena.com\/loja\/"},{"@type":"ListItem","position":3,"name":"Kaffee Gemahlen 500g"}]},{"@type":"WebSite","@id":"https:\/\/cafesantahelena.com\/#website","url":"https:\/\/cafesantahelena.com\/","name":"Caf\u00e9 Santa Helena","description":"","potentialAction":[{"@type":"SearchAction","target":{"@type":"EntryPoint","urlTemplate":"https:\/\/cafesantahelena.com\/?s={search_term_string}"},"query-input":{"@type":"PropertyValueSpecification","valueRequired":true,"valueName":"search_term_string"}}],"inLanguage":"de"}]}},"_links":{"self":[{"href":"https:\/\/cafesantahelena.com\/de\/wp-json\/wp\/v2\/product\/14088","targetHints":{"allow":["GET"]}}],"collection":[{"href":"https:\/\/cafesantahelena.com\/de\/wp-json\/wp\/v2\/product"}],"about":[{"href":"https:\/\/cafesantahelena.com\/de\/wp-json\/wp\/v2\/types\/product"}],"replies":[{"embeddable":true,"href":"https:\/\/cafesantahelena.com\/de\/wp-json\/wp\/v2\/comments?post=14088"}],"wp:featuredmedia":[{"embeddable":true,"href":"https:\/\/cafesantahelena.com\/de\/wp-json\/wp\/v2\/media\/17128"}],"wp:attachment":[{"href":"https:\/\/cafesantahelena.com\/de\/wp-json\/wp\/v2\/media?parent=14088"}],"wp:term":[{"taxonomy":"product_brand","embeddable":true,"href":"https:\/\/cafesantahelena.com\/de\/wp-json\/wp\/v2\/product_brand?post=14088"},{"taxonomy":"product_cat","embeddable":true,"href":"https:\/\/cafesantahelena.com\/de\/wp-json\/wp\/v2\/product_cat?post=14088"},{"taxonomy":"product_tag","embeddable":true,"href":"https:\/\/cafesantahelena.com\/de\/wp-json\/wp\/v2\/product_tag?post=14088"}],"curies":[{"name":"wp","href":"https:\/\/api.w.org\/{rel}","templated":true}]}}