{"id":14090,"date":"2024-07-22T15:08:58","date_gmt":"2024-07-22T15:08:58","guid":{"rendered":"https:\/\/cafesantahelena.alivanstudio.com\/?post_type=product&#038;p=14090"},"modified":"2025-01-19T23:04:08","modified_gmt":"2025-01-19T23:04:08","slug":"kaffeekapseln-fur-lungo","status":"publish","type":"product","link":"https:\/\/cafesantahelena.com\/de\/products\/kaffeekapseln-fur-lungo\/","title":{"rendered":"Bio Kaffeekapseln Lungo Classico"},"content":{"rendered":"<h2>Nachhaltige Kaffekapseln Aus Holz<\/h2>\n<p>Kaffeekapseln f\u00fcr Lungo<\/p>\n<p>Kaffeekapseln kompatibel mit Nespresso\u00ae-System.<\/p>\n<p>Kapseln 100 % organisch, heimkompostierbar und biologisch abbaubar.<\/p>\n<p>Spezialit\u00e4tenkaffee<\/p>\n<p>100 % Bio-Arabica und Fairtrade, Single Origin<\/p>\n<p>Langsame handwerkliche R\u00f6stung<\/p>\n<p>Intensit\u00e4t: Mittlerer R\u00f6stgrad<\/p>\n<p><strong style=\"text-align: center;\"><span style=\"font-size: 12pt;\">Produktion:<\/span><\/strong><\/p>\n<p><strong>Botanische Sorte: <\/strong>Arabica (Catuai Vermelho)<\/p>\n<p><strong>Herkunftsland: <\/strong>Brasilien<\/p>\n<p><strong>Ernte: <\/strong>Von Hand<\/p>\n<p><strong>Trocknen: <\/strong>An der Sonne<\/p>\n<h3 style=\"text-align: center;\"><strong>Was bedeutet Lungo-Kaffee?<\/strong><\/h3>\n<p><b>Lungo ist ein Kaffeegetr\u00e4nk<\/b>, das mit einer Espressomaschine nach italienischer Art zubereitet wird. Es ist ein kurzer schwarzer Kaffee mit mehr Wasser, was zu einem gr\u00f6\u00dferen Kaffee, einem Lungo, f\u00fchrt.<\/p>\n<p>Der Lungo-Kaffee ist weniger stark als ein Espresso.<\/p>\n<p><b>Zutaten: <\/b>Schachtel mit 10 Kapseln = 60g. Kaffee Gemahlen f\u00fcr Lungo-Kaffee<\/p>\n<p>&nbsp;<\/p>\n<p><span style=\"font-size: 14pt;\"><strong>Zertifizierungen von Santa Helena&#8217;s Kaffee:<\/strong><\/span><\/p>\n<p><img decoding=\"async\" class=\"alignnone size-full wp-image-14085\" src=\"https:\/\/cafesantahelena.com\/wp-content\/uploads\/2024\/07\/DA7819F7-177F-4E28-A0D0-2B99487CAE75-300x52-1.jpeg\" alt=\"\" width=\"300\" height=\"52\" srcset=\"https:\/\/cafesantahelena.com\/wp-content\/uploads\/2024\/07\/DA7819F7-177F-4E28-A0D0-2B99487CAE75-300x52-1.jpeg 300w, https:\/\/cafesantahelena.com\/wp-content\/uploads\/2024\/07\/DA7819F7-177F-4E28-A0D0-2B99487CAE75-300x52-1-64x11.jpeg 64w\" sizes=\"(max-width: 300px) 100vw, 300px\" \/><\/p>\n<p>&nbsp;<\/p>\n<p style=\"text-align: center;\"><em style=\"color: #800000;\"><span style=\"font-size: 18pt;\"><strong>Sie lieben Kaffeekapseln? W\u00e4hlen Sie die besten! Caf\u00e9 Santa Helena<\/strong><\/span><\/em><\/p>\n<p>&nbsp;<\/p>\n<p style=\"text-align: center;\"><a href=\"?add-to-cart=14090\"><span style=\"font-size: 24pt; color: #800000;\"><strong>\u00a0In den Warenkorb!<\/strong><\/span><\/a><\/p>\n<p>&nbsp;<\/p>\n<p style=\"text-align: center;\"><a href=\"https:\/\/cafesantahelena.com\/wp-content\/uploads\/2021\/06\/F16BA1DC-4552-44E6-9CAF-7827F4298B30-300x300.png\"><img decoding=\"async\" class=\"alignnone wp-image-14058\" src=\"https:\/\/cafesantahelena.com\/wp-content\/uploads\/2024\/07\/F16BA1DC-4552-44E6-9CAF-7827F4298B30-300x300-1.png\" alt=\"\" width=\"171\" height=\"171\" srcset=\"https:\/\/cafesantahelena.com\/wp-content\/uploads\/2024\/07\/F16BA1DC-4552-44E6-9CAF-7827F4298B30-300x300-1.png 300w, https:\/\/cafesantahelena.com\/wp-content\/uploads\/2024\/07\/F16BA1DC-4552-44E6-9CAF-7827F4298B30-300x300-1-100x100.png 100w, https:\/\/cafesantahelena.com\/wp-content\/uploads\/2024\/07\/F16BA1DC-4552-44E6-9CAF-7827F4298B30-300x300-1-64x64.png 64w, https:\/\/cafesantahelena.com\/wp-content\/uploads\/2024\/07\/F16BA1DC-4552-44E6-9CAF-7827F4298B30-300x300-1-150x150.png 150w\" sizes=\"(max-width: 171px) 100vw, 171px\" \/><\/a><\/p>\n<p>&nbsp;<\/p>\n","protected":false},"excerpt":{"rendered":"<p><span style=\"font-size: 12pt;\">Inklusive MwSt<\/span><\/p>\n<p><span style=\"font-size: 12pt;\">Versandkosten an der Kasse<\/span><\/p>\n<p><strong style=\"font-size: 12pt;\">Spezialit\u00e4tenkaffee, 100% Bio-Arabica, Single Origin<\/strong><\/p>\n<p><span style=\"font-size: 12pt;\">Lungo Classico Italiano<\/span><\/p>\n<p><span style=\"font-size: 12pt;\">Au\u00dfergew\u00f6hnlicher Kaffee, der handwerklich in einem Holzr\u00f6ster ger\u00f6stet wird, was ihm ein besonderes Aroma verleiht.<\/span><\/p>\n<p><span style=\"font-size: 12pt;\"><strong>R\u00f6stgrad: Mittel<\/strong><\/span><\/p>\n<p><b>3 von 5<\/b><\/p>\n<p><a href=\"https:\/\/cafesantahelena.com\/wp-content\/uploads\/2021\/02\/025D99D1-34D9-41E3-9975-494901AC3E57.png\"><img decoding=\"async\" class=\"alignnone wp-image-14158\" src=\"https:\/\/cafesantahelena.com\/wp-content\/uploads\/2024\/07\/025D99D1-34D9-41E3-9975-494901AC3E57-300x33-2.png\" alt=\"\" width=\"209\" height=\"23\" srcset=\"https:\/\/cafesantahelena.com\/wp-content\/uploads\/2024\/07\/025D99D1-34D9-41E3-9975-494901AC3E57-300x33-2.png 300w, https:\/\/cafesantahelena.com\/wp-content\/uploads\/2024\/07\/025D99D1-34D9-41E3-9975-494901AC3E57-300x33-2-64x7.png 64w\" sizes=\"(max-width: 209px) 100vw, 209px\" \/><\/a><\/p>\n<p class=\"p1\"><strong style=\"font-size: 12pt;\">Ideal f\u00fcr:<\/strong><\/p>\n<p><span style=\"font-size: 12pt;\">F\u00fcr Kaffeetrinker, die einen ausgewogenen Geschmack m\u00f6gen, ist unser Kaffee Lungo perfekt. Er hat eine akzentuierte S\u00fc\u00dfe mit Noten von Karamell, Schokolade, Honig und einem Hauch von Fr\u00fcchten. Er ist schmackhaft mit einer sch\u00f6nen Crema und vollmundigem Lungo.<\/span><\/p>\n<p><span style=\"font-size: 12pt;\">Schachtel mit 10 kapseln \u00a0<\/span><b><span style=\"font-size: 12pt;\">Nespresso\u00ae-Kompatibel Kapselmaschine<\/span><\/b><\/p>\n<p><b>Gewicht: 60g<\/b><\/p>\n","protected":false},"featured_media":17033,"comment_status":"open","ping_status":"closed","template":"","meta":[],"product_brand":[],"product_cat":[182],"product_tag":[313,209],"class_list":{"0":"post-14090","1":"product","2":"type-product","3":"status-publish","4":"has-post-thumbnail","6":"product_cat-oko-kapseln","7":"product_tag-kaffee-lungo-de","8":"product_tag-kapseln-de","10":"first","11":"outofstock","12":"shipping-taxable","13":"purchasable","14":"product-type-simple"},"yoast_head":"<!-- This site is optimized with the Yoast SEO plugin v26.4 - https:\/\/yoast.com\/wordpress\/plugins\/seo\/ -->\n<title>Kaffeekapseln f\u00fcr Lungo Classico-Caf\u00e9 Santa Helena<\/title>\n<meta name=\"description\" content=\"Kaffeekapseln f\u00fcr lungo classico. 100% Bio-Arabica, spezialit\u00e4ten kaffee. Kapseln heimkompostierbar und biologisch abbaubar. Kompatibel mit Nespresso System\" \/>\n<meta name=\"robots\" content=\"index, follow, max-snippet:-1, max-image-preview:large, max-video-preview:-1\" \/>\n<link rel=\"canonical\" href=\"https:\/\/cafesantahelena.com\/de\/products\/kaffeekapseln-fur-lungo\/\" \/>\n<meta property=\"og:locale\" content=\"de_DE\" \/>\n<meta property=\"og:type\" content=\"article\" \/>\n<meta property=\"og:title\" content=\"Kaffeekapseln f\u00fcr Lungo Classico-Caf\u00e9 Santa Helena\" \/>\n<meta property=\"og:description\" content=\"Kaffeekapseln f\u00fcr lungo classico. 100% Bio-Arabica, spezialit\u00e4ten kaffee. Kapseln heimkompostierbar und biologisch abbaubar. Kompatibel mit Nespresso System\" \/>\n<meta property=\"og:url\" content=\"https:\/\/cafesantahelena.com\/de\/products\/kaffeekapseln-fur-lungo\/\" \/>\n<meta property=\"og:site_name\" content=\"Caf\u00e9 Santa Helena\" \/>\n<meta property=\"article:modified_time\" content=\"2025-01-19T23:04:08+00:00\" \/>\n<meta property=\"og:image\" content=\"https:\/\/cafesantahelena.com\/wp-content\/uploads\/2024\/07\/Coffee-capsules-lungo-classico.webp\" \/>\n\t<meta property=\"og:image:width\" content=\"350\" \/>\n\t<meta property=\"og:image:height\" content=\"450\" \/>\n\t<meta property=\"og:image:type\" content=\"image\/webp\" \/>\n<meta name=\"twitter:card\" content=\"summary_large_image\" \/>\n<meta name=\"twitter:label1\" content=\"Gesch\u00e4tzte Lesezeit\" \/>\n\t<meta name=\"twitter:data1\" content=\"2\u00a0Minuten\" \/>\n<script type=\"application\/ld+json\" class=\"yoast-schema-graph\">{\"@context\":\"https:\/\/schema.org\",\"@graph\":[{\"@type\":\"WebPage\",\"@id\":\"https:\/\/cafesantahelena.com\/de\/products\/kaffeekapseln-fur-lungo\/\",\"url\":\"https:\/\/cafesantahelena.com\/de\/products\/kaffeekapseln-fur-lungo\/\",\"name\":\"Kaffeekapseln f\u00fcr Lungo Classico-Caf\u00e9 Santa Helena\",\"isPartOf\":{\"@id\":\"https:\/\/cafesantahelena.com\/#website\"},\"primaryImageOfPage\":{\"@id\":\"https:\/\/cafesantahelena.com\/de\/products\/kaffeekapseln-fur-lungo\/#primaryimage\"},\"image\":{\"@id\":\"https:\/\/cafesantahelena.com\/de\/products\/kaffeekapseln-fur-lungo\/#primaryimage\"},\"thumbnailUrl\":\"https:\/\/cafesantahelena.com\/wp-content\/uploads\/2024\/07\/Coffee-capsules-lungo-classico.webp\",\"datePublished\":\"2024-07-22T15:08:58+00:00\",\"dateModified\":\"2025-01-19T23:04:08+00:00\",\"description\":\"Kaffeekapseln f\u00fcr lungo classico. 100% Bio-Arabica, spezialit\u00e4ten kaffee. Kapseln heimkompostierbar und biologisch abbaubar. Kompatibel mit Nespresso System\",\"breadcrumb\":{\"@id\":\"https:\/\/cafesantahelena.com\/de\/products\/kaffeekapseln-fur-lungo\/#breadcrumb\"},\"inLanguage\":\"de\",\"potentialAction\":[{\"@type\":\"ReadAction\",\"target\":[\"https:\/\/cafesantahelena.com\/de\/products\/kaffeekapseln-fur-lungo\/\"]}]},{\"@type\":\"ImageObject\",\"inLanguage\":\"de\",\"@id\":\"https:\/\/cafesantahelena.com\/de\/products\/kaffeekapseln-fur-lungo\/#primaryimage\",\"url\":\"https:\/\/cafesantahelena.com\/wp-content\/uploads\/2024\/07\/Coffee-capsules-lungo-classico.webp\",\"contentUrl\":\"https:\/\/cafesantahelena.com\/wp-content\/uploads\/2024\/07\/Coffee-capsules-lungo-classico.webp\",\"width\":350,\"height\":450,\"caption\":\"lungo coffee capsules\"},{\"@type\":\"BreadcrumbList\",\"@id\":\"https:\/\/cafesantahelena.com\/de\/products\/kaffeekapseln-fur-lungo\/#breadcrumb\",\"itemListElement\":[{\"@type\":\"ListItem\",\"position\":1,\"name\":\"In\u00edcio\",\"item\":\"https:\/\/cafesantahelena.com\/de\/\"},{\"@type\":\"ListItem\",\"position\":2,\"name\":\"Produtos\",\"item\":\"https:\/\/cafesantahelena.com\/loja\/\"},{\"@type\":\"ListItem\",\"position\":3,\"name\":\"Bio Kaffeekapseln Lungo Classico\"}]},{\"@type\":\"WebSite\",\"@id\":\"https:\/\/cafesantahelena.com\/#website\",\"url\":\"https:\/\/cafesantahelena.com\/\",\"name\":\"Caf\u00e9 Santa Helena\",\"description\":\"\",\"potentialAction\":[{\"@type\":\"SearchAction\",\"target\":{\"@type\":\"EntryPoint\",\"urlTemplate\":\"https:\/\/cafesantahelena.com\/?s={search_term_string}\"},\"query-input\":{\"@type\":\"PropertyValueSpecification\",\"valueRequired\":true,\"valueName\":\"search_term_string\"}}],\"inLanguage\":\"de\"}]}<\/script>\n<!-- \/ Yoast SEO plugin. -->","yoast_head_json":{"title":"Kaffeekapseln f\u00fcr Lungo Classico-Caf\u00e9 Santa Helena","description":"Kaffeekapseln f\u00fcr lungo classico. 100% Bio-Arabica, spezialit\u00e4ten kaffee. Kapseln heimkompostierbar und biologisch abbaubar. Kompatibel mit Nespresso System","robots":{"index":"index","follow":"follow","max-snippet":"max-snippet:-1","max-image-preview":"max-image-preview:large","max-video-preview":"max-video-preview:-1"},"canonical":"https:\/\/cafesantahelena.com\/de\/products\/kaffeekapseln-fur-lungo\/","og_locale":"de_DE","og_type":"article","og_title":"Kaffeekapseln f\u00fcr Lungo Classico-Caf\u00e9 Santa Helena","og_description":"Kaffeekapseln f\u00fcr lungo classico. 100% Bio-Arabica, spezialit\u00e4ten kaffee. Kapseln heimkompostierbar und biologisch abbaubar. Kompatibel mit Nespresso System","og_url":"https:\/\/cafesantahelena.com\/de\/products\/kaffeekapseln-fur-lungo\/","og_site_name":"Caf\u00e9 Santa Helena","article_modified_time":"2025-01-19T23:04:08+00:00","og_image":[{"width":350,"height":450,"url":"https:\/\/cafesantahelena.com\/wp-content\/uploads\/2024\/07\/Coffee-capsules-lungo-classico.webp","type":"image\/webp"}],"twitter_card":"summary_large_image","twitter_misc":{"Gesch\u00e4tzte Lesezeit":"2\u00a0Minuten"},"schema":{"@context":"https:\/\/schema.org","@graph":[{"@type":"WebPage","@id":"https:\/\/cafesantahelena.com\/de\/products\/kaffeekapseln-fur-lungo\/","url":"https:\/\/cafesantahelena.com\/de\/products\/kaffeekapseln-fur-lungo\/","name":"Kaffeekapseln f\u00fcr Lungo Classico-Caf\u00e9 Santa Helena","isPartOf":{"@id":"https:\/\/cafesantahelena.com\/#website"},"primaryImageOfPage":{"@id":"https:\/\/cafesantahelena.com\/de\/products\/kaffeekapseln-fur-lungo\/#primaryimage"},"image":{"@id":"https:\/\/cafesantahelena.com\/de\/products\/kaffeekapseln-fur-lungo\/#primaryimage"},"thumbnailUrl":"https:\/\/cafesantahelena.com\/wp-content\/uploads\/2024\/07\/Coffee-capsules-lungo-classico.webp","datePublished":"2024-07-22T15:08:58+00:00","dateModified":"2025-01-19T23:04:08+00:00","description":"Kaffeekapseln f\u00fcr lungo classico. 100% Bio-Arabica, spezialit\u00e4ten kaffee. Kapseln heimkompostierbar und biologisch abbaubar. Kompatibel mit Nespresso System","breadcrumb":{"@id":"https:\/\/cafesantahelena.com\/de\/products\/kaffeekapseln-fur-lungo\/#breadcrumb"},"inLanguage":"de","potentialAction":[{"@type":"ReadAction","target":["https:\/\/cafesantahelena.com\/de\/products\/kaffeekapseln-fur-lungo\/"]}]},{"@type":"ImageObject","inLanguage":"de","@id":"https:\/\/cafesantahelena.com\/de\/products\/kaffeekapseln-fur-lungo\/#primaryimage","url":"https:\/\/cafesantahelena.com\/wp-content\/uploads\/2024\/07\/Coffee-capsules-lungo-classico.webp","contentUrl":"https:\/\/cafesantahelena.com\/wp-content\/uploads\/2024\/07\/Coffee-capsules-lungo-classico.webp","width":350,"height":450,"caption":"lungo coffee capsules"},{"@type":"BreadcrumbList","@id":"https:\/\/cafesantahelena.com\/de\/products\/kaffeekapseln-fur-lungo\/#breadcrumb","itemListElement":[{"@type":"ListItem","position":1,"name":"In\u00edcio","item":"https:\/\/cafesantahelena.com\/de\/"},{"@type":"ListItem","position":2,"name":"Produtos","item":"https:\/\/cafesantahelena.com\/loja\/"},{"@type":"ListItem","position":3,"name":"Bio Kaffeekapseln Lungo Classico"}]},{"@type":"WebSite","@id":"https:\/\/cafesantahelena.com\/#website","url":"https:\/\/cafesantahelena.com\/","name":"Caf\u00e9 Santa Helena","description":"","potentialAction":[{"@type":"SearchAction","target":{"@type":"EntryPoint","urlTemplate":"https:\/\/cafesantahelena.com\/?s={search_term_string}"},"query-input":{"@type":"PropertyValueSpecification","valueRequired":true,"valueName":"search_term_string"}}],"inLanguage":"de"}]}},"_links":{"self":[{"href":"https:\/\/cafesantahelena.com\/de\/wp-json\/wp\/v2\/product\/14090","targetHints":{"allow":["GET"]}}],"collection":[{"href":"https:\/\/cafesantahelena.com\/de\/wp-json\/wp\/v2\/product"}],"about":[{"href":"https:\/\/cafesantahelena.com\/de\/wp-json\/wp\/v2\/types\/product"}],"replies":[{"embeddable":true,"href":"https:\/\/cafesantahelena.com\/de\/wp-json\/wp\/v2\/comments?post=14090"}],"wp:featuredmedia":[{"embeddable":true,"href":"https:\/\/cafesantahelena.com\/de\/wp-json\/wp\/v2\/media\/17033"}],"wp:attachment":[{"href":"https:\/\/cafesantahelena.com\/de\/wp-json\/wp\/v2\/media?parent=14090"}],"wp:term":[{"taxonomy":"product_brand","embeddable":true,"href":"https:\/\/cafesantahelena.com\/de\/wp-json\/wp\/v2\/product_brand?post=14090"},{"taxonomy":"product_cat","embeddable":true,"href":"https:\/\/cafesantahelena.com\/de\/wp-json\/wp\/v2\/product_cat?post=14090"},{"taxonomy":"product_tag","embeddable":true,"href":"https:\/\/cafesantahelena.com\/de\/wp-json\/wp\/v2\/product_tag?post=14090"}],"curies":[{"name":"wp","href":"https:\/\/api.w.org\/{rel}","templated":true}]}}