{"id":14094,"date":"2024-07-22T15:08:58","date_gmt":"2024-07-22T15:08:58","guid":{"rendered":"https:\/\/cafesantahelena.alivanstudio.com\/?post_type=product&#038;p=14094"},"modified":"2025-01-19T23:05:04","modified_gmt":"2025-01-19T23:05:04","slug":"bio-kaffeekapseln","status":"publish","type":"product","link":"https:\/\/cafesantahelena.com\/de\/products\/bio-kaffeekapseln\/","title":{"rendered":"Bio-Kaffeekapseln"},"content":{"rendered":"<h2 style=\"text-align: center;\"><strong>Nachhaltige Kaffeekapseln Aus Holz\u00a0 F\u00fcr Espresso<\/strong><\/h2>\n<p><span style=\"font-size: 12pt;\"><b>Bio-Kaffeekapseln f\u00fcr Espresso &#8211; kompatibel mit Nespresso\u00ae-System.<\/b><\/span><\/p>\n<p><span style=\"font-size: 12pt;\">Kapseln 100% organisch, heimkompostierbar und biologisch abbaubar\u00a0<\/span><\/p>\n<p><span style=\"font-size: 12pt;\">Spezialit\u00e4tenkaffee<\/span><\/p>\n<p><span style=\"font-size: 12pt;\">100% Bio Arabica und Fairtrade, Single Origin\u00a0<\/span><\/p>\n<p><span style=\"font-size: 12pt;\">Langsame handwerkliche R\u00f6stung<\/span><\/p>\n<h3 style=\"text-align: left;\"><strong>Produktion<\/strong><\/h3>\n<p><strong><span style=\"font-size: 12pt;\">Botanische Sorte: <\/span><\/strong><span style=\"font-size: 12pt;\">Arabica (Catuai Vermelho)<\/span><\/p>\n<p><strong><span style=\"font-size: 12pt;\">Herkunft Rohkaffee: <\/span><\/strong><span style=\"font-size: 12pt;\">Fazenda Santa Helena aus Brasilien<\/span><\/p>\n<p><strong><span style=\"font-size: 12pt;\">Ernte: <\/span><\/strong><span style=\"font-size: 12pt;\">Von Hand<\/span><\/p>\n<p><strong><span style=\"font-size: 12pt;\">Trocknen: <\/span><\/strong><span style=\"font-size: 12pt;\">An der Sonne<\/span><\/p>\n<p><strong><span style=\"font-size: 12pt;\">R\u00f6stung: Langsame, handwerkliche R\u00f6stung in einem Holzr\u00f6ster in den Schweizer Bergen.<\/span><\/strong><\/p>\n<p><span style=\"font-size: 12pt;\">Er wird von Hand gemahlen, wobei alte Traditionen respektiert werden.<\/span><br \/>\n<span style=\"font-size: 12pt;\">Er wird nicht chemisch, mechanisch oder gemischt verarbeitet. Folglich kein Schaden f\u00fcr Ihre Gesundheit.<\/span><\/p>\n<ul>\n<li class=\"p1\" style=\"text-align: left;\"><span style=\"font-size: 12pt;\"><span class=\"s1\">Finer Kaffee mit einer wirklich hohen Qualit\u00e4t.<\/span><\/span><\/li>\n<li class=\"p1\" style=\"text-align: left;\"><span style=\"font-size: 12pt;\"><span class=\"s1\">Er hat ein ausgepr\u00e4gtes Aroma mit einem geringen Rests\u00e4uregehalt.<\/span><\/span><\/li>\n<\/ul>\n<p><span style=\"font-size: 12pt;\"><span class=\"s1\">Akzentuierte S\u00fc\u00dfe mit Noten von Karamell, Schokolade, Honig, einem Hauch von Waln\u00fcssen und Fr\u00fcchten.<\/span><\/span><\/p>\n<h3 style=\"text-align: center;\"><strong>Was ist die Bedeutung von Espresso-Kaffee?<\/strong><\/h3>\n<p><span style=\"font-size: 12pt;\">Espresso ist eine italienische Art von Kaffee, bei der hei\u00dfes Wasser (etwa 90 \u00b0C) unter Druck durch dunkel ger\u00f6stete, fein gemahlene Kaffeebohnen gepresst wird.<\/span><\/p>\n<p><span style=\"font-size: 12pt;\">Wenn Sie dem Espresso dampfende Milch hinzuf\u00fcgen, erhalten Sie einen Cappuccino.<\/span><\/p>\n<p><strong><span style=\"font-size: 12pt;\">Zutaten: Bio-kaffeekapseln. <\/span><\/strong><span style=\"font-size: 12pt;\"><strong>Spezialit\u00e4tenkaffee 100% Arabica. Intensit\u00e4t dunkler r\u00f6stgrad. <\/strong><\/span><strong><span style=\"font-size: 12pt;\">Schachtel mit 10 kapseln.<\/span><\/strong><\/p>\n<p>&nbsp;<\/p>\n<p style=\"text-align: center;\"><em style=\"color: #800000;\"><strong><span style=\"font-size: 18pt;\">W\u00e4hlen Sie das Beste, w\u00e4hlen Sie das Caf\u00e9 Santa Helena!<\/span><\/strong><\/em><\/p>\n<p style=\"text-align: center;\"><span style=\"color: #800000;\"><em><a style=\"color: #800000;\" href=\"?add-to-cart=14094\"><span style=\"font-size: 24pt;\"><strong>In den Warenkorb!<\/strong><\/span><\/a><\/em><\/span><\/p>\n<p><img decoding=\"async\" class=\" wp-image-14058 aligncenter\" src=\"https:\/\/cafesantahelena.com\/wp-content\/uploads\/2024\/07\/F16BA1DC-4552-44E6-9CAF-7827F4298B30-300x300-1.png\" alt=\"\" width=\"170\" height=\"170\" srcset=\"https:\/\/cafesantahelena.com\/wp-content\/uploads\/2024\/07\/F16BA1DC-4552-44E6-9CAF-7827F4298B30-300x300-1.png 300w, https:\/\/cafesantahelena.com\/wp-content\/uploads\/2024\/07\/F16BA1DC-4552-44E6-9CAF-7827F4298B30-300x300-1-100x100.png 100w, https:\/\/cafesantahelena.com\/wp-content\/uploads\/2024\/07\/F16BA1DC-4552-44E6-9CAF-7827F4298B30-300x300-1-64x64.png 64w, https:\/\/cafesantahelena.com\/wp-content\/uploads\/2024\/07\/F16BA1DC-4552-44E6-9CAF-7827F4298B30-300x300-1-150x150.png 150w\" sizes=\"(max-width: 170px) 100vw, 170px\" \/><\/p>\n<p>&nbsp;<\/p>\n<p>&nbsp;<\/p>\n","protected":false},"excerpt":{"rendered":"<p>Inklusive MwSt<\/p>\n<p>Versandkosten an der Kasse<\/p>\n<p><span style=\"font-size: 12pt;\">Au\u00dfergew\u00f6hnliche Kaffeekapseln f\u00fcr Espresso, handwerklich ger\u00f6stet in einem Holzr\u00f6ster, der ein besonderes Aroma verleiht.<\/span><\/p>\n<p><span style=\"font-size: 12pt;\">100% Bio-Arabica, Spezialit\u00e4tenkaffee, Single Origin<\/span><\/p>\n<p><span style=\"font-size: 12pt;\">Akzentuierte S\u00fc\u00dfe mit Noten von Karamell, Schokolade, Honig, einem Hauch von Waln\u00fcssen und Fr\u00fcchten. Voller K\u00f6rper und schmackhafte Crema.<\/span><\/p>\n<p><span style=\"font-size: 12pt;\">Ideal f\u00fcr alle, die einen starken Espresso lieben.<\/span><\/p>\n<p><span style=\"font-size: 12pt;\">R\u00f6stgrad: Dunkle<\/span><\/p>\n<p>4 von 5<\/p>\n<p><img decoding=\"async\" class=\"alignnone wp-image-14167\" src=\"https:\/\/cafesantahelena.com\/wp-content\/uploads\/2024\/07\/B3DDE4ED-DC26-45F4-9E02-44607276617E-300x33-1.png\" alt=\"\" width=\"209\" height=\"23\" srcset=\"https:\/\/cafesantahelena.com\/wp-content\/uploads\/2024\/07\/B3DDE4ED-DC26-45F4-9E02-44607276617E-300x33-1.png 300w, https:\/\/cafesantahelena.com\/wp-content\/uploads\/2024\/07\/B3DDE4ED-DC26-45F4-9E02-44607276617E-300x33-1-64x7.png 64w\" sizes=\"(max-width: 209px) 100vw, 209px\" \/><\/p>\n<p><span style=\"font-size: 12pt;\">Kapseln von Naturmaterial, kompostierbar und biologisch abbaubar.<\/span><\/p>\n<p><span style=\"font-size: 12pt;\">Schachtel mit 10 kapseln=60g Nespresso\u00ae-Kompatibel\u00a0<\/span><\/p>\n<p>&nbsp;<\/p>\n","protected":false},"featured_media":17043,"comment_status":"open","ping_status":"closed","template":"","meta":[],"product_brand":[],"product_cat":[182],"product_tag":[231,236,209],"class_list":{"0":"post-14094","1":"product","2":"type-product","3":"status-publish","4":"has-post-thumbnail","6":"product_cat-oko-kapseln","7":"product_tag-bestseller-de","8":"product_tag-espresso-coffee-de","9":"product_tag-kapseln-de","11":"first","12":"outofstock","13":"shipping-taxable","14":"purchasable","15":"product-type-simple"},"yoast_head":"<!-- This site is optimized with the Yoast SEO plugin v26.4 - https:\/\/yoast.com\/wordpress\/plugins\/seo\/ -->\n<title>Bio Kaffeekapseln - Caf\u00e9 Santa Helena<\/title>\n<meta name=\"description\" content=\"Bio Kaffeekapseln f\u00fcr espresso. 100% Bio-Arabica, Spezialit\u00e4tenkaffee, Single Origin. Kapseln 100% biologisch, kompostierbar und biologisch abbaubar.\" \/>\n<meta name=\"robots\" content=\"index, follow, max-snippet:-1, max-image-preview:large, max-video-preview:-1\" \/>\n<link rel=\"canonical\" href=\"https:\/\/cafesantahelena.com\/de\/products\/bio-kaffeekapseln\/\" \/>\n<meta property=\"og:locale\" content=\"de_DE\" \/>\n<meta property=\"og:type\" content=\"article\" \/>\n<meta property=\"og:title\" content=\"Bio Kaffeekapseln - Caf\u00e9 Santa Helena\" \/>\n<meta property=\"og:description\" content=\"Bio Kaffeekapseln f\u00fcr espresso. 100% Bio-Arabica, Spezialit\u00e4tenkaffee, Single Origin. Kapseln 100% biologisch, kompostierbar und biologisch abbaubar.\" \/>\n<meta property=\"og:url\" content=\"https:\/\/cafesantahelena.com\/de\/products\/bio-kaffeekapseln\/\" \/>\n<meta property=\"og:site_name\" content=\"Caf\u00e9 Santa Helena\" \/>\n<meta property=\"article:modified_time\" content=\"2025-01-19T23:05:04+00:00\" \/>\n<meta property=\"og:image\" content=\"https:\/\/cafesantahelena.com\/wp-content\/uploads\/2024\/07\/Espresso-coffee-capsules.webp\" \/>\n\t<meta property=\"og:image:width\" content=\"350\" \/>\n\t<meta property=\"og:image:height\" content=\"450\" \/>\n\t<meta property=\"og:image:type\" content=\"image\/webp\" \/>\n<meta name=\"twitter:card\" content=\"summary_large_image\" \/>\n<meta name=\"twitter:label1\" content=\"Gesch\u00e4tzte Lesezeit\" \/>\n\t<meta name=\"twitter:data1\" content=\"2\u00a0Minuten\" \/>\n<script type=\"application\/ld+json\" class=\"yoast-schema-graph\">{\"@context\":\"https:\/\/schema.org\",\"@graph\":[{\"@type\":\"WebPage\",\"@id\":\"https:\/\/cafesantahelena.com\/de\/products\/bio-kaffeekapseln\/\",\"url\":\"https:\/\/cafesantahelena.com\/de\/products\/bio-kaffeekapseln\/\",\"name\":\"Bio Kaffeekapseln - Caf\u00e9 Santa Helena\",\"isPartOf\":{\"@id\":\"https:\/\/cafesantahelena.com\/#website\"},\"primaryImageOfPage\":{\"@id\":\"https:\/\/cafesantahelena.com\/de\/products\/bio-kaffeekapseln\/#primaryimage\"},\"image\":{\"@id\":\"https:\/\/cafesantahelena.com\/de\/products\/bio-kaffeekapseln\/#primaryimage\"},\"thumbnailUrl\":\"https:\/\/cafesantahelena.com\/wp-content\/uploads\/2024\/07\/Espresso-coffee-capsules.webp\",\"datePublished\":\"2024-07-22T15:08:58+00:00\",\"dateModified\":\"2025-01-19T23:05:04+00:00\",\"description\":\"Bio Kaffeekapseln f\u00fcr espresso. 100% Bio-Arabica, Spezialit\u00e4tenkaffee, Single Origin. Kapseln 100% biologisch, kompostierbar und biologisch abbaubar.\",\"breadcrumb\":{\"@id\":\"https:\/\/cafesantahelena.com\/de\/products\/bio-kaffeekapseln\/#breadcrumb\"},\"inLanguage\":\"de\",\"potentialAction\":[{\"@type\":\"ReadAction\",\"target\":[\"https:\/\/cafesantahelena.com\/de\/products\/bio-kaffeekapseln\/\"]}]},{\"@type\":\"ImageObject\",\"inLanguage\":\"de\",\"@id\":\"https:\/\/cafesantahelena.com\/de\/products\/bio-kaffeekapseln\/#primaryimage\",\"url\":\"https:\/\/cafesantahelena.com\/wp-content\/uploads\/2024\/07\/Espresso-coffee-capsules.webp\",\"contentUrl\":\"https:\/\/cafesantahelena.com\/wp-content\/uploads\/2024\/07\/Espresso-coffee-capsules.webp\",\"width\":350,\"height\":450,\"caption\":\"espresso coffee capsules\"},{\"@type\":\"BreadcrumbList\",\"@id\":\"https:\/\/cafesantahelena.com\/de\/products\/bio-kaffeekapseln\/#breadcrumb\",\"itemListElement\":[{\"@type\":\"ListItem\",\"position\":1,\"name\":\"In\u00edcio\",\"item\":\"https:\/\/cafesantahelena.com\/de\/\"},{\"@type\":\"ListItem\",\"position\":2,\"name\":\"Produtos\",\"item\":\"https:\/\/cafesantahelena.com\/loja\/\"},{\"@type\":\"ListItem\",\"position\":3,\"name\":\"Bio-Kaffeekapseln\"}]},{\"@type\":\"WebSite\",\"@id\":\"https:\/\/cafesantahelena.com\/#website\",\"url\":\"https:\/\/cafesantahelena.com\/\",\"name\":\"Caf\u00e9 Santa Helena\",\"description\":\"\",\"potentialAction\":[{\"@type\":\"SearchAction\",\"target\":{\"@type\":\"EntryPoint\",\"urlTemplate\":\"https:\/\/cafesantahelena.com\/?s={search_term_string}\"},\"query-input\":{\"@type\":\"PropertyValueSpecification\",\"valueRequired\":true,\"valueName\":\"search_term_string\"}}],\"inLanguage\":\"de\"}]}<\/script>\n<!-- \/ Yoast SEO plugin. -->","yoast_head_json":{"title":"Bio Kaffeekapseln - Caf\u00e9 Santa Helena","description":"Bio Kaffeekapseln f\u00fcr espresso. 100% Bio-Arabica, Spezialit\u00e4tenkaffee, Single Origin. Kapseln 100% biologisch, kompostierbar und biologisch abbaubar.","robots":{"index":"index","follow":"follow","max-snippet":"max-snippet:-1","max-image-preview":"max-image-preview:large","max-video-preview":"max-video-preview:-1"},"canonical":"https:\/\/cafesantahelena.com\/de\/products\/bio-kaffeekapseln\/","og_locale":"de_DE","og_type":"article","og_title":"Bio Kaffeekapseln - Caf\u00e9 Santa Helena","og_description":"Bio Kaffeekapseln f\u00fcr espresso. 100% Bio-Arabica, Spezialit\u00e4tenkaffee, Single Origin. Kapseln 100% biologisch, kompostierbar und biologisch abbaubar.","og_url":"https:\/\/cafesantahelena.com\/de\/products\/bio-kaffeekapseln\/","og_site_name":"Caf\u00e9 Santa Helena","article_modified_time":"2025-01-19T23:05:04+00:00","og_image":[{"width":350,"height":450,"url":"https:\/\/cafesantahelena.com\/wp-content\/uploads\/2024\/07\/Espresso-coffee-capsules.webp","type":"image\/webp"}],"twitter_card":"summary_large_image","twitter_misc":{"Gesch\u00e4tzte Lesezeit":"2\u00a0Minuten"},"schema":{"@context":"https:\/\/schema.org","@graph":[{"@type":"WebPage","@id":"https:\/\/cafesantahelena.com\/de\/products\/bio-kaffeekapseln\/","url":"https:\/\/cafesantahelena.com\/de\/products\/bio-kaffeekapseln\/","name":"Bio Kaffeekapseln - Caf\u00e9 Santa Helena","isPartOf":{"@id":"https:\/\/cafesantahelena.com\/#website"},"primaryImageOfPage":{"@id":"https:\/\/cafesantahelena.com\/de\/products\/bio-kaffeekapseln\/#primaryimage"},"image":{"@id":"https:\/\/cafesantahelena.com\/de\/products\/bio-kaffeekapseln\/#primaryimage"},"thumbnailUrl":"https:\/\/cafesantahelena.com\/wp-content\/uploads\/2024\/07\/Espresso-coffee-capsules.webp","datePublished":"2024-07-22T15:08:58+00:00","dateModified":"2025-01-19T23:05:04+00:00","description":"Bio Kaffeekapseln f\u00fcr espresso. 100% Bio-Arabica, Spezialit\u00e4tenkaffee, Single Origin. Kapseln 100% biologisch, kompostierbar und biologisch abbaubar.","breadcrumb":{"@id":"https:\/\/cafesantahelena.com\/de\/products\/bio-kaffeekapseln\/#breadcrumb"},"inLanguage":"de","potentialAction":[{"@type":"ReadAction","target":["https:\/\/cafesantahelena.com\/de\/products\/bio-kaffeekapseln\/"]}]},{"@type":"ImageObject","inLanguage":"de","@id":"https:\/\/cafesantahelena.com\/de\/products\/bio-kaffeekapseln\/#primaryimage","url":"https:\/\/cafesantahelena.com\/wp-content\/uploads\/2024\/07\/Espresso-coffee-capsules.webp","contentUrl":"https:\/\/cafesantahelena.com\/wp-content\/uploads\/2024\/07\/Espresso-coffee-capsules.webp","width":350,"height":450,"caption":"espresso coffee capsules"},{"@type":"BreadcrumbList","@id":"https:\/\/cafesantahelena.com\/de\/products\/bio-kaffeekapseln\/#breadcrumb","itemListElement":[{"@type":"ListItem","position":1,"name":"In\u00edcio","item":"https:\/\/cafesantahelena.com\/de\/"},{"@type":"ListItem","position":2,"name":"Produtos","item":"https:\/\/cafesantahelena.com\/loja\/"},{"@type":"ListItem","position":3,"name":"Bio-Kaffeekapseln"}]},{"@type":"WebSite","@id":"https:\/\/cafesantahelena.com\/#website","url":"https:\/\/cafesantahelena.com\/","name":"Caf\u00e9 Santa Helena","description":"","potentialAction":[{"@type":"SearchAction","target":{"@type":"EntryPoint","urlTemplate":"https:\/\/cafesantahelena.com\/?s={search_term_string}"},"query-input":{"@type":"PropertyValueSpecification","valueRequired":true,"valueName":"search_term_string"}}],"inLanguage":"de"}]}},"_links":{"self":[{"href":"https:\/\/cafesantahelena.com\/de\/wp-json\/wp\/v2\/product\/14094","targetHints":{"allow":["GET"]}}],"collection":[{"href":"https:\/\/cafesantahelena.com\/de\/wp-json\/wp\/v2\/product"}],"about":[{"href":"https:\/\/cafesantahelena.com\/de\/wp-json\/wp\/v2\/types\/product"}],"replies":[{"embeddable":true,"href":"https:\/\/cafesantahelena.com\/de\/wp-json\/wp\/v2\/comments?post=14094"}],"wp:featuredmedia":[{"embeddable":true,"href":"https:\/\/cafesantahelena.com\/de\/wp-json\/wp\/v2\/media\/17043"}],"wp:attachment":[{"href":"https:\/\/cafesantahelena.com\/de\/wp-json\/wp\/v2\/media?parent=14094"}],"wp:term":[{"taxonomy":"product_brand","embeddable":true,"href":"https:\/\/cafesantahelena.com\/de\/wp-json\/wp\/v2\/product_brand?post=14094"},{"taxonomy":"product_cat","embeddable":true,"href":"https:\/\/cafesantahelena.com\/de\/wp-json\/wp\/v2\/product_cat?post=14094"},{"taxonomy":"product_tag","embeddable":true,"href":"https:\/\/cafesantahelena.com\/de\/wp-json\/wp\/v2\/product_tag?post=14094"}],"curies":[{"name":"wp","href":"https:\/\/api.w.org\/{rel}","templated":true}]}}