{"id":14126,"date":"2024-07-22T15:08:58","date_gmt":"2024-07-22T15:08:58","guid":{"rendered":"https:\/\/cafesantahelena.alivanstudio.com\/?post_type=product&#038;p=14126"},"modified":"2025-01-25T17:03:24","modified_gmt":"2025-01-25T17:03:24","slug":"kaffeepapierfilter-2","status":"publish","type":"product","link":"https:\/\/cafesantahelena.com\/de\/products\/kaffeepapierfilter-2\/","title":{"rendered":"Papierfilter"},"content":{"rendered":"<h2 class=\"h2 product-single__title\" style=\"text-align: left;\"><span style=\"color: #000000;\">CAFEC Kegelf\u00f6rmige Einwegfilter aus Abaca-Papier<\/span><\/h2>\n<p><span style=\"color: #000000;\">CAFEC Kaffeefilter nutzen die Two-Sided-Crepe-Papiertechnologie, um das feinste Mahlgut herauszufiltern und einen klareren Kaffee zu bieten. CAFEC Kaffeefilter passen perfekt zu unseren Tornado-Drippern und sind eine umweltfreundliche M\u00f6glichkeit, den besten Tropfkaffee zu genie\u00dfen. Hergestellt aus starkem, d\u00fcnnem, biologisch abbaubarem, raffiniertem Zellstoff, ohne Farbstoffe und ohne Chemikalien, damit Sie nur den Kaffee schmecken.  <\/span><\/p>\n<p><span style=\"color: #000000;\">Werfen Sie den Papierfilter und den alten Kaffee auf den Kompost.<\/span><\/p>\n<p class=\"cbb-frequently-bought-title translatable\"><span style=\"font-size: 14pt; color: #000000;\"><strong>H\u00e4ufig zusammen gekauft<\/strong><\/span><\/p>\n<p><a href=\"https:\/\/cafesantahelena.com\/products\/glass-coffee-dripper\/\"><img fetchpriority=\"high\" decoding=\"async\" class=\"alignnone wp-image-14616\" src=\"https:\/\/cafesantahelena.com\/wp-content\/uploads\/2024\/07\/image11-233x300.jpeg\" alt=\"\" width=\"197\" height=\"254\"><\/a>    <span style=\"font-size: 36pt;\">+<\/span>  <a href=\"https:\/\/cafesantahelena.com\/products\/organic-coffee-ground-500g\/\"><img decoding=\"async\" class=\"alignnone size-full wp-image-14108\" src=\"https:\/\/cafesantahelena.com\/wp-content\/uploads\/2024\/07\/9C5C9788-A87B-48D1-88EC-BA38B6E9CAD8-215x300-1.jpeg\" alt=\"\" width=\"215\" height=\"300\"><img decoding=\"async\" class=\"alignnone wp-image-14611\" src=\"https:\/\/cafesantahelena.com\/wp-content\/uploads\/2024\/07\/image12-233x300.jpeg\" alt=\"Papierfilter\" width=\"190\" height=\"245\"><\/a><\/p>\n<p><span style=\"color: #800000;\"><b>Tornado Duo Dripper + Filtert\u00fcten + Bio-Kaffee gemahlen 500g = CHF 99.90<\/b><\/span><\/p>\n<p style=\"text-align: center;\"><em><strong><span style=\"color: #800000; font-size: 14pt;\"><br \/>\nSparen Sie beim Kauf dieser Produkte zusammen 10%!!  <\/span><\/strong><\/em><\/p>\n<p style=\"text-align: center;\"><span style=\"font-size: 18pt; color: #800000;\"><em><strong>Profitieren Sie von diesem Rabatt auf diese tollen Produkte!<\/strong><\/em><\/span><\/p>\n<p>&nbsp;<\/p>\n<h3 style=\"text-align: center;\"><span style=\"font-size: 24pt; color: #800000;\"><em><strong><a href=\"?add-to-cart=369\"><span style=\"color: #800000;\">In den Warenkorb<\/span><\/a><span style=\"color: #800000;\"> <\/span><\/strong><\/em><\/span><\/h3>\n<p><img loading=\"lazy\" decoding=\"async\" class=\" wp-image-14056 aligncenter\" src=\"https:\/\/cafesantahelena.com\/wp-content\/uploads\/2024\/07\/F16BA1DC-4552-44E6-9CAF-7827F4298B30-300x300-1.png\" alt=\"\" width=\"170\" height=\"170\" srcset=\"https:\/\/cafesantahelena.com\/wp-content\/uploads\/2024\/07\/F16BA1DC-4552-44E6-9CAF-7827F4298B30-300x300-1.png 300w, https:\/\/cafesantahelena.com\/wp-content\/uploads\/2024\/07\/F16BA1DC-4552-44E6-9CAF-7827F4298B30-300x300-1-100x100.png 100w, https:\/\/cafesantahelena.com\/wp-content\/uploads\/2024\/07\/F16BA1DC-4552-44E6-9CAF-7827F4298B30-300x300-1-64x64.png 64w, https:\/\/cafesantahelena.com\/wp-content\/uploads\/2024\/07\/F16BA1DC-4552-44E6-9CAF-7827F4298B30-300x300-1-150x150.png 150w\" sizes=\"(max-width: 170px) 100vw, 170px\" \/><\/p>\n<p>&nbsp;<\/p>\n<p>&nbsp;<\/p>\n","protected":false},"excerpt":{"rendered":"<p>IVA inkl.<br \/>\nVersandkosten an der Kasse CAFEC Kaffeefilter nutzen die Two-Sided-Crepe-Papiertechnologie, um das feinste Mahlgut herauszufiltern und einen klareren Kaffee zu bieten.<\/p>\n<ul>\n<li style=\"font-weight: 400;\"><span style=\"font-weight: 400;\">Umweltfreundliches Material aus Abaca<\/span><\/li>\n<li style=\"font-weight: 400;\"><span style=\"font-weight: 400;\">Universelles konisches Design, passend f\u00fcr konische Tropfer<\/span><\/li>\n<li style=\"font-weight: 400;\"><span style=\"font-weight: 400;\">100 Einwegfilter pro Packung<\/span><\/li>\n<\/ul>\n<p><strong><i>Sparen Sie 10% beim Kauf von Papierfiltern, einem Coffee Dripper und einer 500g-Packung gemahlenen Bio- und Fairtrade-Kaffees von Santa Helena!<\/i><\/strong><\/p>\n<p><strong>Geben Sie Ihre Cupon Promo3 an der Kasse ein<\/strong><\/p>\n","protected":false},"featured_media":17218,"comment_status":"open","ping_status":"closed","template":"","meta":[],"product_brand":[],"product_cat":[168],"product_tag":[257],"class_list":{"0":"post-14126","1":"product","2":"type-product","3":"status-publish","4":"has-post-thumbnail","6":"product_cat-zubehor","7":"product_tag-papierfilter-de","9":"first","10":"instock","11":"featured","12":"shipping-taxable","13":"purchasable","14":"product-type-variable"},"yoast_head":"<!-- This site is optimized with the Yoast SEO plugin v26.4 - https:\/\/yoast.com\/wordpress\/plugins\/seo\/ -->\n<title>Papierfilter f\u00fcr Kaffee-Caf\u00e9 Santa Helena<\/title>\n<meta name=\"description\" content=\"Papierfilter aus umweltfreundlichem Material aus Abaca. 100 Einwegfilter pro Packung. Universelles konisches Design, passend f\u00fcr alle konischen Tropfer.\" \/>\n<meta name=\"robots\" content=\"index, follow, max-snippet:-1, max-image-preview:large, max-video-preview:-1\" \/>\n<link rel=\"canonical\" href=\"https:\/\/cafesantahelena.com\/de\/products\/kaffeepapierfilter-2\/\" \/>\n<meta property=\"og:locale\" content=\"de_DE\" \/>\n<meta property=\"og:type\" content=\"article\" \/>\n<meta property=\"og:title\" content=\"Papierfilter f\u00fcr Kaffee-Caf\u00e9 Santa Helena\" \/>\n<meta property=\"og:description\" content=\"Papierfilter aus umweltfreundlichem Material aus Abaca. 100 Einwegfilter pro Packung. Universelles konisches Design, passend f\u00fcr alle konischen Tropfer.\" \/>\n<meta property=\"og:url\" content=\"https:\/\/cafesantahelena.com\/de\/products\/kaffeepapierfilter-2\/\" \/>\n<meta property=\"og:site_name\" content=\"Caf\u00e9 Santa Helena\" \/>\n<meta property=\"article:modified_time\" content=\"2025-01-25T17:03:24+00:00\" \/>\n<meta property=\"og:image\" content=\"https:\/\/cafesantahelena.com\/wp-content\/uploads\/2024\/07\/Paper-filters-2.webp\" \/>\n\t<meta property=\"og:image:width\" content=\"350\" \/>\n\t<meta property=\"og:image:height\" content=\"450\" \/>\n\t<meta property=\"og:image:type\" content=\"image\/webp\" \/>\n<meta name=\"twitter:card\" content=\"summary_large_image\" \/>\n<meta name=\"twitter:label1\" content=\"Gesch\u00e4tzte Lesezeit\" \/>\n\t<meta name=\"twitter:data1\" content=\"2\u00a0Minuten\" \/>\n<script type=\"application\/ld+json\" class=\"yoast-schema-graph\">{\"@context\":\"https:\/\/schema.org\",\"@graph\":[{\"@type\":\"WebPage\",\"@id\":\"https:\/\/cafesantahelena.com\/de\/products\/kaffeepapierfilter-2\/\",\"url\":\"https:\/\/cafesantahelena.com\/de\/products\/kaffeepapierfilter-2\/\",\"name\":\"Papierfilter f\u00fcr Kaffee-Caf\u00e9 Santa Helena\",\"isPartOf\":{\"@id\":\"https:\/\/cafesantahelena.com\/#website\"},\"primaryImageOfPage\":{\"@id\":\"https:\/\/cafesantahelena.com\/de\/products\/kaffeepapierfilter-2\/#primaryimage\"},\"image\":{\"@id\":\"https:\/\/cafesantahelena.com\/de\/products\/kaffeepapierfilter-2\/#primaryimage\"},\"thumbnailUrl\":\"https:\/\/cafesantahelena.com\/wp-content\/uploads\/2024\/07\/Paper-filters-2.webp\",\"datePublished\":\"2024-07-22T15:08:58+00:00\",\"dateModified\":\"2025-01-25T17:03:24+00:00\",\"description\":\"Papierfilter aus umweltfreundlichem Material aus Abaca. 100 Einwegfilter pro Packung. Universelles konisches Design, passend f\u00fcr alle konischen Tropfer.\",\"breadcrumb\":{\"@id\":\"https:\/\/cafesantahelena.com\/de\/products\/kaffeepapierfilter-2\/#breadcrumb\"},\"inLanguage\":\"de\",\"potentialAction\":[{\"@type\":\"ReadAction\",\"target\":[\"https:\/\/cafesantahelena.com\/de\/products\/kaffeepapierfilter-2\/\"]}]},{\"@type\":\"ImageObject\",\"inLanguage\":\"de\",\"@id\":\"https:\/\/cafesantahelena.com\/de\/products\/kaffeepapierfilter-2\/#primaryimage\",\"url\":\"https:\/\/cafesantahelena.com\/wp-content\/uploads\/2024\/07\/Paper-filters-2.webp\",\"contentUrl\":\"https:\/\/cafesantahelena.com\/wp-content\/uploads\/2024\/07\/Paper-filters-2.webp\",\"width\":350,\"height\":450,\"caption\":\"Papierfilter\"},{\"@type\":\"BreadcrumbList\",\"@id\":\"https:\/\/cafesantahelena.com\/de\/products\/kaffeepapierfilter-2\/#breadcrumb\",\"itemListElement\":[{\"@type\":\"ListItem\",\"position\":1,\"name\":\"In\u00edcio\",\"item\":\"https:\/\/cafesantahelena.com\/de\/\"},{\"@type\":\"ListItem\",\"position\":2,\"name\":\"Produtos\",\"item\":\"https:\/\/cafesantahelena.com\/loja\/\"},{\"@type\":\"ListItem\",\"position\":3,\"name\":\"Papierfilter\"}]},{\"@type\":\"WebSite\",\"@id\":\"https:\/\/cafesantahelena.com\/#website\",\"url\":\"https:\/\/cafesantahelena.com\/\",\"name\":\"Caf\u00e9 Santa Helena\",\"description\":\"\",\"potentialAction\":[{\"@type\":\"SearchAction\",\"target\":{\"@type\":\"EntryPoint\",\"urlTemplate\":\"https:\/\/cafesantahelena.com\/?s={search_term_string}\"},\"query-input\":{\"@type\":\"PropertyValueSpecification\",\"valueRequired\":true,\"valueName\":\"search_term_string\"}}],\"inLanguage\":\"de\"}]}<\/script>\n<!-- \/ Yoast SEO plugin. -->","yoast_head_json":{"title":"Papierfilter f\u00fcr Kaffee-Caf\u00e9 Santa Helena","description":"Papierfilter aus umweltfreundlichem Material aus Abaca. 100 Einwegfilter pro Packung. Universelles konisches Design, passend f\u00fcr alle konischen Tropfer.","robots":{"index":"index","follow":"follow","max-snippet":"max-snippet:-1","max-image-preview":"max-image-preview:large","max-video-preview":"max-video-preview:-1"},"canonical":"https:\/\/cafesantahelena.com\/de\/products\/kaffeepapierfilter-2\/","og_locale":"de_DE","og_type":"article","og_title":"Papierfilter f\u00fcr Kaffee-Caf\u00e9 Santa Helena","og_description":"Papierfilter aus umweltfreundlichem Material aus Abaca. 100 Einwegfilter pro Packung. Universelles konisches Design, passend f\u00fcr alle konischen Tropfer.","og_url":"https:\/\/cafesantahelena.com\/de\/products\/kaffeepapierfilter-2\/","og_site_name":"Caf\u00e9 Santa Helena","article_modified_time":"2025-01-25T17:03:24+00:00","og_image":[{"width":350,"height":450,"url":"https:\/\/cafesantahelena.com\/wp-content\/uploads\/2024\/07\/Paper-filters-2.webp","type":"image\/webp"}],"twitter_card":"summary_large_image","twitter_misc":{"Gesch\u00e4tzte Lesezeit":"2\u00a0Minuten"},"schema":{"@context":"https:\/\/schema.org","@graph":[{"@type":"WebPage","@id":"https:\/\/cafesantahelena.com\/de\/products\/kaffeepapierfilter-2\/","url":"https:\/\/cafesantahelena.com\/de\/products\/kaffeepapierfilter-2\/","name":"Papierfilter f\u00fcr Kaffee-Caf\u00e9 Santa Helena","isPartOf":{"@id":"https:\/\/cafesantahelena.com\/#website"},"primaryImageOfPage":{"@id":"https:\/\/cafesantahelena.com\/de\/products\/kaffeepapierfilter-2\/#primaryimage"},"image":{"@id":"https:\/\/cafesantahelena.com\/de\/products\/kaffeepapierfilter-2\/#primaryimage"},"thumbnailUrl":"https:\/\/cafesantahelena.com\/wp-content\/uploads\/2024\/07\/Paper-filters-2.webp","datePublished":"2024-07-22T15:08:58+00:00","dateModified":"2025-01-25T17:03:24+00:00","description":"Papierfilter aus umweltfreundlichem Material aus Abaca. 100 Einwegfilter pro Packung. Universelles konisches Design, passend f\u00fcr alle konischen Tropfer.","breadcrumb":{"@id":"https:\/\/cafesantahelena.com\/de\/products\/kaffeepapierfilter-2\/#breadcrumb"},"inLanguage":"de","potentialAction":[{"@type":"ReadAction","target":["https:\/\/cafesantahelena.com\/de\/products\/kaffeepapierfilter-2\/"]}]},{"@type":"ImageObject","inLanguage":"de","@id":"https:\/\/cafesantahelena.com\/de\/products\/kaffeepapierfilter-2\/#primaryimage","url":"https:\/\/cafesantahelena.com\/wp-content\/uploads\/2024\/07\/Paper-filters-2.webp","contentUrl":"https:\/\/cafesantahelena.com\/wp-content\/uploads\/2024\/07\/Paper-filters-2.webp","width":350,"height":450,"caption":"Papierfilter"},{"@type":"BreadcrumbList","@id":"https:\/\/cafesantahelena.com\/de\/products\/kaffeepapierfilter-2\/#breadcrumb","itemListElement":[{"@type":"ListItem","position":1,"name":"In\u00edcio","item":"https:\/\/cafesantahelena.com\/de\/"},{"@type":"ListItem","position":2,"name":"Produtos","item":"https:\/\/cafesantahelena.com\/loja\/"},{"@type":"ListItem","position":3,"name":"Papierfilter"}]},{"@type":"WebSite","@id":"https:\/\/cafesantahelena.com\/#website","url":"https:\/\/cafesantahelena.com\/","name":"Caf\u00e9 Santa Helena","description":"","potentialAction":[{"@type":"SearchAction","target":{"@type":"EntryPoint","urlTemplate":"https:\/\/cafesantahelena.com\/?s={search_term_string}"},"query-input":{"@type":"PropertyValueSpecification","valueRequired":true,"valueName":"search_term_string"}}],"inLanguage":"de"}]}},"_links":{"self":[{"href":"https:\/\/cafesantahelena.com\/de\/wp-json\/wp\/v2\/product\/14126","targetHints":{"allow":["GET"]}}],"collection":[{"href":"https:\/\/cafesantahelena.com\/de\/wp-json\/wp\/v2\/product"}],"about":[{"href":"https:\/\/cafesantahelena.com\/de\/wp-json\/wp\/v2\/types\/product"}],"replies":[{"embeddable":true,"href":"https:\/\/cafesantahelena.com\/de\/wp-json\/wp\/v2\/comments?post=14126"}],"wp:featuredmedia":[{"embeddable":true,"href":"https:\/\/cafesantahelena.com\/de\/wp-json\/wp\/v2\/media\/17218"}],"wp:attachment":[{"href":"https:\/\/cafesantahelena.com\/de\/wp-json\/wp\/v2\/media?parent=14126"}],"wp:term":[{"taxonomy":"product_brand","embeddable":true,"href":"https:\/\/cafesantahelena.com\/de\/wp-json\/wp\/v2\/product_brand?post=14126"},{"taxonomy":"product_cat","embeddable":true,"href":"https:\/\/cafesantahelena.com\/de\/wp-json\/wp\/v2\/product_cat?post=14126"},{"taxonomy":"product_tag","embeddable":true,"href":"https:\/\/cafesantahelena.com\/de\/wp-json\/wp\/v2\/product_tag?post=14126"}],"curies":[{"name":"wp","href":"https:\/\/api.w.org\/{rel}","templated":true}]}}