{"id":14131,"date":"2024-07-22T15:08:57","date_gmt":"2024-07-22T15:08:57","guid":{"rendered":"https:\/\/cafesantahelena.alivanstudio.com\/?post_type=product&#038;p=14131"},"modified":"2025-02-08T21:00:46","modified_gmt":"2025-02-08T21:00:46","slug":"spezialitaten-kaffeebohnen","status":"publish","type":"product","link":"https:\/\/cafesantahelena.com\/de\/products\/spezialitaten-kaffeebohnen\/","title":{"rendered":"Spezialit\u00e4ten Kaffeebohnen"},"content":{"rendered":"<p>Spezialit\u00e4ten Kaffeebohnen<br \/>\nSpezialit\u00e4tenkaffee 85 punkte SCA &#8211; 100% Arabica Single Origin aus Brasilien.<\/p>\n<p>Handwerkliche Langsamr\u00f6stung<\/p>\n<p>Unser Kaffee kommt in rohen Bohnen aus Brasilien und wird direkt ins Engadin in die Schweizer Berge gebracht.<br \/>\nDort wird er in einem holzbefeuerten R\u00f6ster nach alter Tradition ger\u00f6stet.<br \/>\nEr wird weder chemisch noch mechanisch bearbeitet oder gemischt.<\/p>\n<p><span style=\"color: #000000;\"><strong>Produktion:<\/strong><\/span><\/p>\n<p class=\"p1\"><span style=\"font-size: 12pt; color: #000000;\"><span class=\"s1\">Botanical Variety: <\/span><span class=\"s1\">Ar\u00e1bica (Catuai Vermelho)<\/span><\/span><\/p>\n<p class=\"p1\"><span style=\"font-size: 12pt; color: #000000;\"><span class=\"s1\">Provenience<\/span><span class=\"s1\">: <\/span><span class=\"s1\">Brazil (Sul de Minas)<\/span><\/span><\/p>\n<p class=\"p1\"><span style=\"font-size: 12pt; color: #000000;\"><span class=\"s1\">Harvest: Manual<\/span><\/span><\/p>\n<p class=\"p1\"><span style=\"font-size: 12pt; color: #000000;\"><span class=\"s1\">Trocknen: An der Sonne<\/span><\/span><\/p>\n<p class=\"p1\"><span style=\"font-size: 12pt; color: #000000;\"><span class=\"s1\">Roasting: Slow Artisanal wood-fired roast<\/span><\/span><span style=\"font-size: 12pt; color: #000000;\">: <\/span> <\/p>\n<p class=\"p1\"><span style=\"font-size: 12pt; color: #000000;\">Roast Degree: Dark Roast<\/span><\/p>\n<p>F\u00fcr diejenigen, die einen st\u00e4rkeren und akzentuierteren Geschmack m\u00f6gen, ist die dunkle R\u00f6stung die richtige Wahl, denn sie verst\u00e4rkt den Geschmack.<\/p>\n<p>.<\/p>\n<p>Er ist ideal f\u00fcr die Zubereitung eines klassischen, vollmundigen italienischen Espressos mit einer sch\u00f6nen Crema.<\/p>\n<p style=\"text-align: center;\"><span style=\"color: #000000;\"><strong>Ein Kaffee macht vor allem Spa\u00df!<\/strong><\/span><\/p>\n<p>Er ist ein Genuss, der alle Sinne anspricht: sch\u00f6n anzusehen, angenehm zu riechen und nat\u00fcrlich k\u00f6stlich zu schmecken<\/p>\n<p>Wenn Sie Kaffee lieben, probieren Sie diesen biologischn und gesunden Kaffee.<\/p>\n<h3 style=\"text-align: center;\"><span style=\"color: #800000;\"><a style=\"color: #800000;\" href=\"?add-to-cart=361\"><span style=\"font-size: 24pt;\"><em><strong>In den Warenkorb<\/strong><\/em><\/span><\/a><\/span><\/h3>\n<p><img decoding=\"async\" class=\" wp-image-15375 aligncenter\" src=\"https:\/\/cafesantahelena.com\/wp-content\/uploads\/2024\/11\/logo-1.png\" alt=\"\" width=\"170\" height=\"170\" srcset=\"https:\/\/cafesantahelena.com\/wp-content\/uploads\/2024\/11\/logo-1.png 300w, https:\/\/cafesantahelena.com\/wp-content\/uploads\/2024\/11\/logo-1-100x100.png 100w, https:\/\/cafesantahelena.com\/wp-content\/uploads\/2024\/11\/logo-1-64x64.png 64w, https:\/\/cafesantahelena.com\/wp-content\/uploads\/2024\/11\/logo-1-150x150.png 150w\" sizes=\"(max-width: 170px) 100vw, 170px\" \/><\/p>\n<p>&nbsp;<\/p>\n","protected":false},"excerpt":{"rendered":"<p style=\"text-align: left;\">IVA inklusive.<\/p>\n<p>Versandkosten an der Kasse<\/p>\n<p>Spezialit\u00e4ten Kaffeebohnen<\/p>\n<p>Spezialit\u00e4t Kaffee<\/p>\n<p>100% Bio Arabica, Einziger Ursprung<\/p>\n<p>Langsame handwerkliche R\u00f6stung<\/p>\n<p><strong>Intensit\u00e4t dunkle R\u00f6stung<\/strong><\/p>\n<p><b>4 de 5<\/b><\/p>\n<p><img decoding=\"async\" class=\"alignnone wp-image-14166\" src=\"https:\/\/cafesantahelena.com\/wp-content\/uploads\/2024\/07\/B3DDE4ED-DC26-45F4-9E02-44607276617E-300x33-1.png\" alt=\"\" width=\"209\" height=\"23\" srcset=\"https:\/\/cafesantahelena.com\/wp-content\/uploads\/2024\/07\/B3DDE4ED-DC26-45F4-9E02-44607276617E-300x33-1.png 300w, https:\/\/cafesantahelena.com\/wp-content\/uploads\/2024\/07\/B3DDE4ED-DC26-45F4-9E02-44607276617E-300x33-1-64x7.png 64w\" sizes=\"(max-width: 209px) 100vw, 209px\" \/><\/p>\n<p><span style=\"font-size: 12pt;\">F\u00fcr diejenigen<\/span> <span style=\"font-size: 12pt;\">die einen st\u00e4rkeren und akzentuierteren Geschmack mit einer leckeren Crema m\u00f6gen.<\/span><br \/>\n<span style=\"font-size: 12pt;\">Feiner Kaffee, mit einer wirklich hervorragenden Qualit\u00e4t.<\/span><br \/>\n<span style=\"font-size: 12pt;\">Akzentuierte S\u00fc\u00dfe mit Noten von Karamell, Schokolade, Honig, Ankl\u00e4ngen von Waln\u00fcssen und Fr\u00fcchten.<\/span><br \/>\n<strong><br \/>\nGewicht 250g<\/strong><\/p>\n","protected":false},"featured_media":17008,"comment_status":"open","ping_status":"closed","template":"","meta":[],"product_brand":[],"product_cat":[183,184],"product_tag":[232,230,386],"class_list":{"0":"post-14131","1":"product","2":"type-product","3":"status-publish","4":"has-post-thumbnail","6":"product_cat-kaffee","7":"product_cat-kaffeebohnen","8":"product_tag-espresso-de","9":"product_tag-organic-coffee-de","10":"product_tag-spezialitaten-kaffeebohnen","12":"first","13":"instock","14":"featured","15":"shipping-taxable","16":"purchasable","17":"product-type-simple"},"yoast_head":"<!-- This site is optimized with the Yoast SEO plugin v26.4 - https:\/\/yoast.com\/wordpress\/plugins\/seo\/ -->\n<title>Spezialit\u00e4ten Kaffeebohnen - Caf\u00e9 Santa Helena<\/title>\n<meta name=\"description\" content=\"Spezialit\u00e4ten Kaffeebohnen, 100% Bio Arabica, Single Origin aus Brasilien. Langsame handwerkliche R\u00f6stung in einem Holzr\u00f6ster. Gewicht 250g. Jetzt Kaufen!\" \/>\n<meta name=\"robots\" content=\"index, follow, max-snippet:-1, max-image-preview:large, max-video-preview:-1\" \/>\n<link rel=\"canonical\" href=\"https:\/\/cafesantahelena.com\/de\/products\/spezialitaten-kaffeebohnen\/\" \/>\n<meta property=\"og:locale\" content=\"de_DE\" \/>\n<meta property=\"og:type\" content=\"article\" \/>\n<meta property=\"og:title\" content=\"Spezialit\u00e4ten Kaffeebohnen - Caf\u00e9 Santa Helena\" \/>\n<meta property=\"og:description\" content=\"Spezialit\u00e4ten Kaffeebohnen, 100% Bio Arabica, Single Origin aus Brasilien. Langsame handwerkliche R\u00f6stung in einem Holzr\u00f6ster. Gewicht 250g. Jetzt Kaufen!\" \/>\n<meta property=\"og:url\" content=\"https:\/\/cafesantahelena.com\/de\/products\/spezialitaten-kaffeebohnen\/\" \/>\n<meta property=\"og:site_name\" content=\"Caf\u00e9 Santa Helena\" \/>\n<meta property=\"article:modified_time\" content=\"2025-02-08T21:00:46+00:00\" \/>\n<meta property=\"og:image\" content=\"https:\/\/cafesantahelena.com\/wp-content\/uploads\/2024\/07\/Whole-beans-specialty-coffee-.webp\" \/>\n\t<meta property=\"og:image:width\" content=\"350\" \/>\n\t<meta property=\"og:image:height\" content=\"450\" \/>\n\t<meta property=\"og:image:type\" content=\"image\/webp\" \/>\n<meta name=\"twitter:card\" content=\"summary_large_image\" \/>\n<meta name=\"twitter:label1\" content=\"Gesch\u00e4tzte Lesezeit\" \/>\n\t<meta name=\"twitter:data1\" content=\"2\u00a0Minuten\" \/>\n<script type=\"application\/ld+json\" class=\"yoast-schema-graph\">{\"@context\":\"https:\/\/schema.org\",\"@graph\":[{\"@type\":\"WebPage\",\"@id\":\"https:\/\/cafesantahelena.com\/de\/products\/spezialitaten-kaffeebohnen\/\",\"url\":\"https:\/\/cafesantahelena.com\/de\/products\/spezialitaten-kaffeebohnen\/\",\"name\":\"Spezialit\u00e4ten Kaffeebohnen - Caf\u00e9 Santa Helena\",\"isPartOf\":{\"@id\":\"https:\/\/cafesantahelena.com\/#website\"},\"primaryImageOfPage\":{\"@id\":\"https:\/\/cafesantahelena.com\/de\/products\/spezialitaten-kaffeebohnen\/#primaryimage\"},\"image\":{\"@id\":\"https:\/\/cafesantahelena.com\/de\/products\/spezialitaten-kaffeebohnen\/#primaryimage\"},\"thumbnailUrl\":\"https:\/\/cafesantahelena.com\/wp-content\/uploads\/2024\/07\/Whole-beans-specialty-coffee-.webp\",\"datePublished\":\"2024-07-22T15:08:57+00:00\",\"dateModified\":\"2025-02-08T21:00:46+00:00\",\"description\":\"Spezialit\u00e4ten Kaffeebohnen, 100% Bio Arabica, Single Origin aus Brasilien. Langsame handwerkliche R\u00f6stung in einem Holzr\u00f6ster. Gewicht 250g. Jetzt Kaufen!\",\"breadcrumb\":{\"@id\":\"https:\/\/cafesantahelena.com\/de\/products\/spezialitaten-kaffeebohnen\/#breadcrumb\"},\"inLanguage\":\"de\",\"potentialAction\":[{\"@type\":\"ReadAction\",\"target\":[\"https:\/\/cafesantahelena.com\/de\/products\/spezialitaten-kaffeebohnen\/\"]}]},{\"@type\":\"ImageObject\",\"inLanguage\":\"de\",\"@id\":\"https:\/\/cafesantahelena.com\/de\/products\/spezialitaten-kaffeebohnen\/#primaryimage\",\"url\":\"https:\/\/cafesantahelena.com\/wp-content\/uploads\/2024\/07\/Whole-beans-specialty-coffee-.webp\",\"contentUrl\":\"https:\/\/cafesantahelena.com\/wp-content\/uploads\/2024\/07\/Whole-beans-specialty-coffee-.webp\",\"width\":350,\"height\":450,\"caption\":\"spezialit\u00e4ten kaffeebohnen\"},{\"@type\":\"BreadcrumbList\",\"@id\":\"https:\/\/cafesantahelena.com\/de\/products\/spezialitaten-kaffeebohnen\/#breadcrumb\",\"itemListElement\":[{\"@type\":\"ListItem\",\"position\":1,\"name\":\"In\u00edcio\",\"item\":\"https:\/\/cafesantahelena.com\/de\/\"},{\"@type\":\"ListItem\",\"position\":2,\"name\":\"Produtos\",\"item\":\"https:\/\/cafesantahelena.com\/loja\/\"},{\"@type\":\"ListItem\",\"position\":3,\"name\":\"Spezialit\u00e4ten Kaffeebohnen\"}]},{\"@type\":\"WebSite\",\"@id\":\"https:\/\/cafesantahelena.com\/#website\",\"url\":\"https:\/\/cafesantahelena.com\/\",\"name\":\"Caf\u00e9 Santa Helena\",\"description\":\"\",\"potentialAction\":[{\"@type\":\"SearchAction\",\"target\":{\"@type\":\"EntryPoint\",\"urlTemplate\":\"https:\/\/cafesantahelena.com\/?s={search_term_string}\"},\"query-input\":{\"@type\":\"PropertyValueSpecification\",\"valueRequired\":true,\"valueName\":\"search_term_string\"}}],\"inLanguage\":\"de\"}]}<\/script>\n<!-- \/ Yoast SEO plugin. -->","yoast_head_json":{"title":"Spezialit\u00e4ten Kaffeebohnen - Caf\u00e9 Santa Helena","description":"Spezialit\u00e4ten Kaffeebohnen, 100% Bio Arabica, Single Origin aus Brasilien. Langsame handwerkliche R\u00f6stung in einem Holzr\u00f6ster. Gewicht 250g. Jetzt Kaufen!","robots":{"index":"index","follow":"follow","max-snippet":"max-snippet:-1","max-image-preview":"max-image-preview:large","max-video-preview":"max-video-preview:-1"},"canonical":"https:\/\/cafesantahelena.com\/de\/products\/spezialitaten-kaffeebohnen\/","og_locale":"de_DE","og_type":"article","og_title":"Spezialit\u00e4ten Kaffeebohnen - Caf\u00e9 Santa Helena","og_description":"Spezialit\u00e4ten Kaffeebohnen, 100% Bio Arabica, Single Origin aus Brasilien. Langsame handwerkliche R\u00f6stung in einem Holzr\u00f6ster. Gewicht 250g. Jetzt Kaufen!","og_url":"https:\/\/cafesantahelena.com\/de\/products\/spezialitaten-kaffeebohnen\/","og_site_name":"Caf\u00e9 Santa Helena","article_modified_time":"2025-02-08T21:00:46+00:00","og_image":[{"width":350,"height":450,"url":"https:\/\/cafesantahelena.com\/wp-content\/uploads\/2024\/07\/Whole-beans-specialty-coffee-.webp","type":"image\/webp"}],"twitter_card":"summary_large_image","twitter_misc":{"Gesch\u00e4tzte Lesezeit":"2\u00a0Minuten"},"schema":{"@context":"https:\/\/schema.org","@graph":[{"@type":"WebPage","@id":"https:\/\/cafesantahelena.com\/de\/products\/spezialitaten-kaffeebohnen\/","url":"https:\/\/cafesantahelena.com\/de\/products\/spezialitaten-kaffeebohnen\/","name":"Spezialit\u00e4ten Kaffeebohnen - Caf\u00e9 Santa Helena","isPartOf":{"@id":"https:\/\/cafesantahelena.com\/#website"},"primaryImageOfPage":{"@id":"https:\/\/cafesantahelena.com\/de\/products\/spezialitaten-kaffeebohnen\/#primaryimage"},"image":{"@id":"https:\/\/cafesantahelena.com\/de\/products\/spezialitaten-kaffeebohnen\/#primaryimage"},"thumbnailUrl":"https:\/\/cafesantahelena.com\/wp-content\/uploads\/2024\/07\/Whole-beans-specialty-coffee-.webp","datePublished":"2024-07-22T15:08:57+00:00","dateModified":"2025-02-08T21:00:46+00:00","description":"Spezialit\u00e4ten Kaffeebohnen, 100% Bio Arabica, Single Origin aus Brasilien. Langsame handwerkliche R\u00f6stung in einem Holzr\u00f6ster. Gewicht 250g. Jetzt Kaufen!","breadcrumb":{"@id":"https:\/\/cafesantahelena.com\/de\/products\/spezialitaten-kaffeebohnen\/#breadcrumb"},"inLanguage":"de","potentialAction":[{"@type":"ReadAction","target":["https:\/\/cafesantahelena.com\/de\/products\/spezialitaten-kaffeebohnen\/"]}]},{"@type":"ImageObject","inLanguage":"de","@id":"https:\/\/cafesantahelena.com\/de\/products\/spezialitaten-kaffeebohnen\/#primaryimage","url":"https:\/\/cafesantahelena.com\/wp-content\/uploads\/2024\/07\/Whole-beans-specialty-coffee-.webp","contentUrl":"https:\/\/cafesantahelena.com\/wp-content\/uploads\/2024\/07\/Whole-beans-specialty-coffee-.webp","width":350,"height":450,"caption":"spezialit\u00e4ten kaffeebohnen"},{"@type":"BreadcrumbList","@id":"https:\/\/cafesantahelena.com\/de\/products\/spezialitaten-kaffeebohnen\/#breadcrumb","itemListElement":[{"@type":"ListItem","position":1,"name":"In\u00edcio","item":"https:\/\/cafesantahelena.com\/de\/"},{"@type":"ListItem","position":2,"name":"Produtos","item":"https:\/\/cafesantahelena.com\/loja\/"},{"@type":"ListItem","position":3,"name":"Spezialit\u00e4ten Kaffeebohnen"}]},{"@type":"WebSite","@id":"https:\/\/cafesantahelena.com\/#website","url":"https:\/\/cafesantahelena.com\/","name":"Caf\u00e9 Santa Helena","description":"","potentialAction":[{"@type":"SearchAction","target":{"@type":"EntryPoint","urlTemplate":"https:\/\/cafesantahelena.com\/?s={search_term_string}"},"query-input":{"@type":"PropertyValueSpecification","valueRequired":true,"valueName":"search_term_string"}}],"inLanguage":"de"}]}},"_links":{"self":[{"href":"https:\/\/cafesantahelena.com\/de\/wp-json\/wp\/v2\/product\/14131","targetHints":{"allow":["GET"]}}],"collection":[{"href":"https:\/\/cafesantahelena.com\/de\/wp-json\/wp\/v2\/product"}],"about":[{"href":"https:\/\/cafesantahelena.com\/de\/wp-json\/wp\/v2\/types\/product"}],"replies":[{"embeddable":true,"href":"https:\/\/cafesantahelena.com\/de\/wp-json\/wp\/v2\/comments?post=14131"}],"wp:featuredmedia":[{"embeddable":true,"href":"https:\/\/cafesantahelena.com\/de\/wp-json\/wp\/v2\/media\/17008"}],"wp:attachment":[{"href":"https:\/\/cafesantahelena.com\/de\/wp-json\/wp\/v2\/media?parent=14131"}],"wp:term":[{"taxonomy":"product_brand","embeddable":true,"href":"https:\/\/cafesantahelena.com\/de\/wp-json\/wp\/v2\/product_brand?post=14131"},{"taxonomy":"product_cat","embeddable":true,"href":"https:\/\/cafesantahelena.com\/de\/wp-json\/wp\/v2\/product_cat?post=14131"},{"taxonomy":"product_tag","embeddable":true,"href":"https:\/\/cafesantahelena.com\/de\/wp-json\/wp\/v2\/product_tag?post=14131"}],"curies":[{"name":"wp","href":"https:\/\/api.w.org\/{rel}","templated":true}]}}