{"id":14141,"date":"2024-07-22T15:08:58","date_gmt":"2024-07-22T15:08:58","guid":{"rendered":"https:\/\/cafesantahelena.alivanstudio.com\/?post_type=product&#038;p=14141"},"modified":"2025-01-25T17:46:56","modified_gmt":"2025-01-25T17:46:56","slug":"glastropfer","status":"publish","type":"product","link":"https:\/\/cafesantahelena.com\/de\/products\/glastropfer\/","title":{"rendered":"Tornado Duo Doppelwand Glastropfer"},"content":{"rendered":"<h2 style=\"text-align: center;\">Glastropfer<\/h2>\n<p style=\"text-align: center;\"><img decoding=\"async\" class=\"alignnone size-medium wp-image-17071\" src=\"https:\/\/cafesantahelena.com\/wp-content\/uploads\/2024\/07\/Dripper-brewista-300x157.webp\" alt=\"Glastropfer\" width=\"300\" height=\"157\" srcset=\"https:\/\/cafesantahelena.com\/wp-content\/uploads\/2024\/07\/Dripper-brewista-300x157.webp 300w, https:\/\/cafesantahelena.com\/wp-content\/uploads\/2024\/07\/Dripper-brewista-350x183.webp 350w, https:\/\/cafesantahelena.com\/wp-content\/uploads\/2024\/07\/Dripper-brewista-64x33.webp 64w, https:\/\/cafesantahelena.com\/wp-content\/uploads\/2024\/07\/Dripper-brewista.webp 692w\" sizes=\"(max-width: 300px) 100vw, 300px\" \/><\/p>\n<p><span style=\"color: #000000;\"><strong>Glastropfer Brewista Tornado<\/strong><\/span><\/p>\n<p><span style=\"color: #000000;\">Das Design- und F\u00fchrungsteam von Brewista sind alle zertifizierte Q-Grader. Das hei\u00dft, Q-grade ist die einzige Kaffeebewertung und -zertifizierung, die auf Qualit\u00e4t basiert. Es wurde von der Specialty Coffee Association of America (SCAA) entwickelt und ist ein Intensivkurs, in dem man lernt, wie man Kaffeer\u00f6stungen anhand vieler Faktoren bewertet. Au\u00dferdem ist es seit 15 Jahren die standardisierte Sprache f\u00fcr die Kommunikation von Kaffeequalit\u00e4t in der Branche.   <\/span><\/p>\n<p><span style=\"color: #000000;\">Vom Design, das die Wissenschaft der Kaffeezubereitung ernst nimmt, bis hin zu den eleganten Oberfl\u00e4chen. Die Verbraucher sind begeistert von den Produkten von Brewista, die zu Hause ein unvergleichliches Kaffeeerlebnis schaffen. <\/span><\/p>\n<h3 style=\"text-align: center;\"><span style=\"color: #800000; font-size: 18pt;\"><em><strong>Denken Sie nicht zu viel nach! Versuchen Sie, mit diesem herrlichen Tropfer zu Hause einen Kaffee mit Kunst zu br\u00fchen <\/strong><\/em><\/span><\/h3>\n<h3 style=\"text-align: center;\"><a href=\"?add-to-cart=368\"><span style=\"font-size: 24pt; color: #800000;\"><em><strong>in den Warenkorb!<\/strong><\/em><\/span><\/a><\/h3>\n<p><a href=\"https:\/\/cafesantahelena.com\/wp-content\/uploads\/2021\/11\/logo-preta-2.jpg\"><img decoding=\"async\" class=\" wp-image-14056 aligncenter\" src=\"https:\/\/cafesantahelena.com\/wp-content\/uploads\/2024\/07\/F16BA1DC-4552-44E6-9CAF-7827F4298B30-300x300-1.png\" alt=\"\" width=\"170\" height=\"170\" srcset=\"https:\/\/cafesantahelena.com\/wp-content\/uploads\/2024\/07\/F16BA1DC-4552-44E6-9CAF-7827F4298B30-300x300-1.png 300w, https:\/\/cafesantahelena.com\/wp-content\/uploads\/2024\/07\/F16BA1DC-4552-44E6-9CAF-7827F4298B30-300x300-1-100x100.png 100w, https:\/\/cafesantahelena.com\/wp-content\/uploads\/2024\/07\/F16BA1DC-4552-44E6-9CAF-7827F4298B30-300x300-1-64x64.png 64w, https:\/\/cafesantahelena.com\/wp-content\/uploads\/2024\/07\/F16BA1DC-4552-44E6-9CAF-7827F4298B30-300x300-1-150x150.png 150w\" sizes=\"(max-width: 170px) 100vw, 170px\" \/><\/a><\/p>\n<p>&nbsp;<\/p>\n","protected":false},"excerpt":{"rendered":"<p>IVA inkl.<br \/>\nVersandkosten an der Kasse Der neue Brewista Tornado Duo Dripper ist der erste versiegelte, doppelwandige Glastropfer der Welt. Der einzigartige gerippte Tropfer verlangsamt die Extraktionszeit beim \u00dcbergie\u00dfen und verleiht Ihrem Kaffee oder Tee einen kr\u00e4ftigeren und befriedigenderen Geschmack. Mit seinem eleganten Design ist der Tornado ein unverzichtbarer Bestandteil des Werkzeugkastens eines jeden Kaffeeliebhabers.<\/p>\n<ul>\n<li>Einzigartiger Tornado-Tropfer mit 18 Rippen f\u00fcr optimalen Extrakt<\/li>\n<li>Isolierglas mit doppelter Wandst\u00e4rke<\/li>\n<li>Versiegeltes, leicht zu reinigendes Design<\/li>\n<li>F\u00fcr 1-2 Tassen<\/li>\n<li>Verwendet einen Papierfilter &#8211; <strong>nicht im Lieferumfang enthalten<\/strong><\/li>\n<\/ul>\n","protected":false},"featured_media":17053,"comment_status":"open","ping_status":"closed","template":"","meta":[],"product_brand":[],"product_cat":[168],"product_tag":[304],"class_list":{"0":"post-14141","1":"product","2":"type-product","3":"status-publish","4":"has-post-thumbnail","6":"product_cat-zubehor","7":"product_tag-tropfer-de","9":"first","10":"instock","11":"featured","12":"shipping-taxable","13":"purchasable","14":"product-type-simple"},"yoast_head":"<!-- This site is optimized with the Yoast SEO plugin v26.4 - https:\/\/yoast.com\/wordpress\/plugins\/seo\/ -->\n<title>Glastropfer Tornado Duo doppelwand - Caf\u00e9 Santa Helena<\/title>\n<meta name=\"description\" content=\"Glastropfer Tornado Duo Doppelwand. Isoliertes doppelwandiges Glas. Versiegeltes, leicht zu reinigendes Design F\u00fcr 1-2 Tassen. Jetzt Kaufen!\" \/>\n<meta name=\"robots\" content=\"index, follow, max-snippet:-1, max-image-preview:large, max-video-preview:-1\" \/>\n<link rel=\"canonical\" href=\"https:\/\/cafesantahelena.com\/de\/products\/glastropfer\/\" \/>\n<meta property=\"og:locale\" content=\"de_DE\" \/>\n<meta property=\"og:type\" content=\"article\" \/>\n<meta property=\"og:title\" content=\"Glastropfer Tornado Duo doppelwand - Caf\u00e9 Santa Helena\" \/>\n<meta property=\"og:description\" content=\"Glastropfer Tornado Duo Doppelwand. Isoliertes doppelwandiges Glas. Versiegeltes, leicht zu reinigendes Design F\u00fcr 1-2 Tassen. Jetzt Kaufen!\" \/>\n<meta property=\"og:url\" content=\"https:\/\/cafesantahelena.com\/de\/products\/glastropfer\/\" \/>\n<meta property=\"og:site_name\" content=\"Caf\u00e9 Santa Helena\" \/>\n<meta property=\"article:modified_time\" content=\"2025-01-25T17:46:56+00:00\" \/>\n<meta property=\"og:image\" content=\"https:\/\/cafesantahelena.com\/wp-content\/uploads\/2024\/07\/Wall-glass-dripper.webp\" \/>\n\t<meta property=\"og:image:width\" content=\"350\" \/>\n\t<meta property=\"og:image:height\" content=\"450\" \/>\n\t<meta property=\"og:image:type\" content=\"image\/webp\" \/>\n<meta name=\"twitter:card\" content=\"summary_large_image\" \/>\n<meta name=\"twitter:label1\" content=\"Gesch\u00e4tzte Lesezeit\" \/>\n\t<meta name=\"twitter:data1\" content=\"2\u00a0Minuten\" \/>\n<script type=\"application\/ld+json\" class=\"yoast-schema-graph\">{\"@context\":\"https:\/\/schema.org\",\"@graph\":[{\"@type\":\"WebPage\",\"@id\":\"https:\/\/cafesantahelena.com\/de\/products\/glastropfer\/\",\"url\":\"https:\/\/cafesantahelena.com\/de\/products\/glastropfer\/\",\"name\":\"Glastropfer Tornado Duo doppelwand - Caf\u00e9 Santa Helena\",\"isPartOf\":{\"@id\":\"https:\/\/cafesantahelena.com\/#website\"},\"primaryImageOfPage\":{\"@id\":\"https:\/\/cafesantahelena.com\/de\/products\/glastropfer\/#primaryimage\"},\"image\":{\"@id\":\"https:\/\/cafesantahelena.com\/de\/products\/glastropfer\/#primaryimage\"},\"thumbnailUrl\":\"https:\/\/cafesantahelena.com\/wp-content\/uploads\/2024\/07\/Wall-glass-dripper.webp\",\"datePublished\":\"2024-07-22T15:08:58+00:00\",\"dateModified\":\"2025-01-25T17:46:56+00:00\",\"description\":\"Glastropfer Tornado Duo Doppelwand. Isoliertes doppelwandiges Glas. Versiegeltes, leicht zu reinigendes Design F\u00fcr 1-2 Tassen. Jetzt Kaufen!\",\"breadcrumb\":{\"@id\":\"https:\/\/cafesantahelena.com\/de\/products\/glastropfer\/#breadcrumb\"},\"inLanguage\":\"de\",\"potentialAction\":[{\"@type\":\"ReadAction\",\"target\":[\"https:\/\/cafesantahelena.com\/de\/products\/glastropfer\/\"]}]},{\"@type\":\"ImageObject\",\"inLanguage\":\"de\",\"@id\":\"https:\/\/cafesantahelena.com\/de\/products\/glastropfer\/#primaryimage\",\"url\":\"https:\/\/cafesantahelena.com\/wp-content\/uploads\/2024\/07\/Wall-glass-dripper.webp\",\"contentUrl\":\"https:\/\/cafesantahelena.com\/wp-content\/uploads\/2024\/07\/Wall-glass-dripper.webp\",\"width\":350,\"height\":450,\"caption\":\"Glastropfer\"},{\"@type\":\"BreadcrumbList\",\"@id\":\"https:\/\/cafesantahelena.com\/de\/products\/glastropfer\/#breadcrumb\",\"itemListElement\":[{\"@type\":\"ListItem\",\"position\":1,\"name\":\"In\u00edcio\",\"item\":\"https:\/\/cafesantahelena.com\/de\/\"},{\"@type\":\"ListItem\",\"position\":2,\"name\":\"Produtos\",\"item\":\"https:\/\/cafesantahelena.com\/loja\/\"},{\"@type\":\"ListItem\",\"position\":3,\"name\":\"Tornado Duo Doppelwand Glastropfer\"}]},{\"@type\":\"WebSite\",\"@id\":\"https:\/\/cafesantahelena.com\/#website\",\"url\":\"https:\/\/cafesantahelena.com\/\",\"name\":\"Caf\u00e9 Santa Helena\",\"description\":\"\",\"potentialAction\":[{\"@type\":\"SearchAction\",\"target\":{\"@type\":\"EntryPoint\",\"urlTemplate\":\"https:\/\/cafesantahelena.com\/?s={search_term_string}\"},\"query-input\":{\"@type\":\"PropertyValueSpecification\",\"valueRequired\":true,\"valueName\":\"search_term_string\"}}],\"inLanguage\":\"de\"}]}<\/script>\n<!-- \/ Yoast SEO plugin. -->","yoast_head_json":{"title":"Glastropfer Tornado Duo doppelwand - Caf\u00e9 Santa Helena","description":"Glastropfer Tornado Duo Doppelwand. Isoliertes doppelwandiges Glas. Versiegeltes, leicht zu reinigendes Design F\u00fcr 1-2 Tassen. Jetzt Kaufen!","robots":{"index":"index","follow":"follow","max-snippet":"max-snippet:-1","max-image-preview":"max-image-preview:large","max-video-preview":"max-video-preview:-1"},"canonical":"https:\/\/cafesantahelena.com\/de\/products\/glastropfer\/","og_locale":"de_DE","og_type":"article","og_title":"Glastropfer Tornado Duo doppelwand - Caf\u00e9 Santa Helena","og_description":"Glastropfer Tornado Duo Doppelwand. Isoliertes doppelwandiges Glas. Versiegeltes, leicht zu reinigendes Design F\u00fcr 1-2 Tassen. Jetzt Kaufen!","og_url":"https:\/\/cafesantahelena.com\/de\/products\/glastropfer\/","og_site_name":"Caf\u00e9 Santa Helena","article_modified_time":"2025-01-25T17:46:56+00:00","og_image":[{"width":350,"height":450,"url":"https:\/\/cafesantahelena.com\/wp-content\/uploads\/2024\/07\/Wall-glass-dripper.webp","type":"image\/webp"}],"twitter_card":"summary_large_image","twitter_misc":{"Gesch\u00e4tzte Lesezeit":"2\u00a0Minuten"},"schema":{"@context":"https:\/\/schema.org","@graph":[{"@type":"WebPage","@id":"https:\/\/cafesantahelena.com\/de\/products\/glastropfer\/","url":"https:\/\/cafesantahelena.com\/de\/products\/glastropfer\/","name":"Glastropfer Tornado Duo doppelwand - Caf\u00e9 Santa Helena","isPartOf":{"@id":"https:\/\/cafesantahelena.com\/#website"},"primaryImageOfPage":{"@id":"https:\/\/cafesantahelena.com\/de\/products\/glastropfer\/#primaryimage"},"image":{"@id":"https:\/\/cafesantahelena.com\/de\/products\/glastropfer\/#primaryimage"},"thumbnailUrl":"https:\/\/cafesantahelena.com\/wp-content\/uploads\/2024\/07\/Wall-glass-dripper.webp","datePublished":"2024-07-22T15:08:58+00:00","dateModified":"2025-01-25T17:46:56+00:00","description":"Glastropfer Tornado Duo Doppelwand. Isoliertes doppelwandiges Glas. Versiegeltes, leicht zu reinigendes Design F\u00fcr 1-2 Tassen. Jetzt Kaufen!","breadcrumb":{"@id":"https:\/\/cafesantahelena.com\/de\/products\/glastropfer\/#breadcrumb"},"inLanguage":"de","potentialAction":[{"@type":"ReadAction","target":["https:\/\/cafesantahelena.com\/de\/products\/glastropfer\/"]}]},{"@type":"ImageObject","inLanguage":"de","@id":"https:\/\/cafesantahelena.com\/de\/products\/glastropfer\/#primaryimage","url":"https:\/\/cafesantahelena.com\/wp-content\/uploads\/2024\/07\/Wall-glass-dripper.webp","contentUrl":"https:\/\/cafesantahelena.com\/wp-content\/uploads\/2024\/07\/Wall-glass-dripper.webp","width":350,"height":450,"caption":"Glastropfer"},{"@type":"BreadcrumbList","@id":"https:\/\/cafesantahelena.com\/de\/products\/glastropfer\/#breadcrumb","itemListElement":[{"@type":"ListItem","position":1,"name":"In\u00edcio","item":"https:\/\/cafesantahelena.com\/de\/"},{"@type":"ListItem","position":2,"name":"Produtos","item":"https:\/\/cafesantahelena.com\/loja\/"},{"@type":"ListItem","position":3,"name":"Tornado Duo Doppelwand Glastropfer"}]},{"@type":"WebSite","@id":"https:\/\/cafesantahelena.com\/#website","url":"https:\/\/cafesantahelena.com\/","name":"Caf\u00e9 Santa Helena","description":"","potentialAction":[{"@type":"SearchAction","target":{"@type":"EntryPoint","urlTemplate":"https:\/\/cafesantahelena.com\/?s={search_term_string}"},"query-input":{"@type":"PropertyValueSpecification","valueRequired":true,"valueName":"search_term_string"}}],"inLanguage":"de"}]}},"_links":{"self":[{"href":"https:\/\/cafesantahelena.com\/de\/wp-json\/wp\/v2\/product\/14141","targetHints":{"allow":["GET"]}}],"collection":[{"href":"https:\/\/cafesantahelena.com\/de\/wp-json\/wp\/v2\/product"}],"about":[{"href":"https:\/\/cafesantahelena.com\/de\/wp-json\/wp\/v2\/types\/product"}],"replies":[{"embeddable":true,"href":"https:\/\/cafesantahelena.com\/de\/wp-json\/wp\/v2\/comments?post=14141"}],"wp:featuredmedia":[{"embeddable":true,"href":"https:\/\/cafesantahelena.com\/de\/wp-json\/wp\/v2\/media\/17053"}],"wp:attachment":[{"href":"https:\/\/cafesantahelena.com\/de\/wp-json\/wp\/v2\/media?parent=14141"}],"wp:term":[{"taxonomy":"product_brand","embeddable":true,"href":"https:\/\/cafesantahelena.com\/de\/wp-json\/wp\/v2\/product_brand?post=14141"},{"taxonomy":"product_cat","embeddable":true,"href":"https:\/\/cafesantahelena.com\/de\/wp-json\/wp\/v2\/product_cat?post=14141"},{"taxonomy":"product_tag","embeddable":true,"href":"https:\/\/cafesantahelena.com\/de\/wp-json\/wp\/v2\/product_tag?post=14141"}],"curies":[{"name":"wp","href":"https:\/\/api.w.org\/{rel}","templated":true}]}}