{"id":14155,"date":"2024-07-22T15:08:57","date_gmt":"2024-07-22T15:08:57","guid":{"rendered":"https:\/\/cafesantahelena.alivanstudio.com\/?post_type=product&#038;p=14155"},"modified":"2025-01-25T18:07:11","modified_gmt":"2025-01-25T18:07:11","slug":"bio-kaffee-gemahlen-250g","status":"publish","type":"product","link":"https:\/\/cafesantahelena.com\/de\/products\/bio-kaffee-gemahlen-250g\/","title":{"rendered":"Spezialit\u00e4tenkaffee gemahlen 250g"},"content":{"rendered":"<h2 style=\"text-align: left;\"><span style=\"font-size: 12pt; color: #000000;\"><strong>Spezialit\u00e4tenkaffee gemahlen<\/strong><\/span><\/h2>\n<p style=\"text-align: left;\"><span style=\"font-size: 12pt; color: #000000;\"><strong>Spezialit\u00e4tenkaffee 85 Punkte SCA- 100% Bio Arabica, Single Origin.<\/strong><\/span><\/p>\n<p class=\"p1\"><span style=\"color: #000000;\"><strong><span class=\"s1\" style=\"font-size: 12pt;\">Langsame handwerkliche R\u00f6stung in einem Holzr\u00f6ster.<\/span><\/strong><\/span><\/p>\n<p>&nbsp;<\/p>\n<p><span style=\"color: #800000;\"><strong style=\"text-align: center; font-size: 14pt;\">Die Eigenschaften des Kaffees<\/strong><span style=\"text-align: center; font-size: 14pt;\">:<\/span><\/span><\/p>\n<p><span style=\"color: #000000;\"><strong style=\"font-size: 12pt;\">Botanische Sorte: <\/strong>Arabica (Catuai Vermelho)<\/span><\/p>\n<p><span style=\"font-size: 12pt; color: #000000;\"><strong>Provenienz : <\/strong>Brasilien<\/span><\/p>\n<p><span style=\"font-size: 12pt; color: #000000;\"><strong>Ernte :<\/strong> von Hand<\/span><\/p>\n<p><span style=\"font-size: 12pt; color: #000000;\"><strong>Trocknen : <\/strong>An der Sonne<\/span><\/p>\n<p><span style=\"font-size: 12pt; color: #000000;\"><strong>R\u00f6stung: <\/strong>Langsame, handwerkliche R\u00f6stung von Hand in einem Holzr\u00f6ster.<\/span><\/p>\n<p><strong>Intensit\u00e4t:<\/strong> Mittlere R\u00f6stung<\/p>\n<p>F\u00fcr diejenigen, die einen weicheren Kaffee bevorzugen, bei dem das nat\u00fcrliche Aroma des Kaffees erhalten bleibt, ist die R\u00f6stung mittel.<\/p>\n<p style=\"text-align: left;\"><span style=\"color: #000000;\"><b style=\"\">Zutaten:<\/b> Spezialit\u00e4tenkaffee gemahlen, 100% Bio Arabica. Gewicht 250g <\/span><br \/>\n<span style=\"color: #000000;\"><span style=\"font-size: 12pt;\">Speziell gemahlener Kaffee f\u00fcr <\/span><b style=\"font-size: 12pt;\">Moka, Filter <\/b><span style=\"font-size: 12pt;\">oder \u00e4hnliches.<\/span><\/span><\/p>\n<p style=\"text-align: center;\"><strong style=\"color: #800000; font-size: 12pt; text-align: center;\">Ein Kaffee macht vor allem eines: Spa\u00df<\/strong><span style=\"color: #800000; font-size: 12pt; text-align: center;\">!<\/span><\/p>\n<p style=\"text-align: center;\"><span style=\"color: #000000;\"><strong><span style=\"font-size: 12pt;\">Es ist ein Genuss, der alle Sinne weckt: sch\u00f6n anzusehen, angenehm zu riechen und nat\u00fcrlich k\u00f6stlich zu schmecken.<\/span><\/strong><\/span><\/p>\n<h3><\/h3>\n<h3 style=\"text-align: center;\"><span style=\"color: #800000;\"><em><strong><span style=\"font-size: 18pt;\">Wenn Sie Kaffee lieben, probieren Sie diesen gesunden Bio-Kaffee!<\/span><\/strong><\/em><\/span><\/h3>\n<h3 style=\"text-align: center;\"><a href=\"?add-to-cart=14131\"><span style=\"color: #800000;\"><em><strong><span style=\"font-size: 24pt;\">I den Warenkorb!<\/span><\/strong><\/em><\/span><\/a><\/h3>\n<p><img decoding=\"async\" class=\"alignnone wp-image-15375 aligncenter\" src=\"https:\/\/cafesantahelena.com\/wp-content\/uploads\/2024\/11\/logo-1.png\" alt=\"Logo Caf\u00e9 Santa Helena\" width=\"171\" height=\"171\" srcset=\"https:\/\/cafesantahelena.com\/wp-content\/uploads\/2024\/11\/logo-1.png 300w, https:\/\/cafesantahelena.com\/wp-content\/uploads\/2024\/11\/logo-1-100x100.png 100w, https:\/\/cafesantahelena.com\/wp-content\/uploads\/2024\/11\/logo-1-64x64.png 64w, https:\/\/cafesantahelena.com\/wp-content\/uploads\/2024\/11\/logo-1-150x150.png 150w\" sizes=\"(max-width: 171px) 100vw, 171px\" \/><\/p>\n<p>&nbsp;<\/p>\n<h3 style=\"text-align: center;\"><span style=\"font-size: 24pt; color: #800000;\"><em><strong>Das k\u00f6nnte Ihnen auch gefallen<\/strong><\/em><\/span><\/h3>\n<p style=\"text-align: center;\"><a href=\"https:\/\/cafesantahelena.com\/products\/electrical-kettle-brewista\/\"><img fetchpriority=\"high\" decoding=\"async\" class=\"alignnone size-medium wp-image-14596\" src=\"https:\/\/cafesantahelena.com\/wp-content\/uploads\/2024\/07\/image13-233x300.jpeg\" alt=\"Elektrisches Wassercocher\" width=\"233\" height=\"300\"><\/a><\/p>\n<p>&nbsp;<\/p>\n","protected":false},"excerpt":{"rendered":"<p>IVA inklusive.<\/p>\n<p>Versandkosten an der Kasse Spezialit\u00e4tenKaffee 100% Bio Arabica, Single Origin aus Brasilien.<\/p>\n<p><b>Langsame handwerkliche R\u00f6stung<\/b><\/p>\n<p>Der Kaffee schmeckt s\u00fc\u00df mit Noten von Karamell, Schokolade, Honig, einem Hauch von Waln\u00fcssen und Fr\u00fcchten. Speziell gemahlen f\u00fcr Moka, Filter oder \u00e4hnliches.<\/p>\n<p>Intensit\u00e4t Mittlere R\u00f6stung<\/p>\n<p><img decoding=\"async\" class=\"alignnone wp-image-14157\" src=\"https:\/\/cafesantahelena.com\/wp-content\/uploads\/2024\/07\/025D99D1-34D9-41E3-9975-494901AC3E57-300x33-2.png\" alt=\"\" width=\"218\" height=\"24\" srcset=\"https:\/\/cafesantahelena.com\/wp-content\/uploads\/2024\/07\/025D99D1-34D9-41E3-9975-494901AC3E57-300x33-2.png 300w, https:\/\/cafesantahelena.com\/wp-content\/uploads\/2024\/07\/025D99D1-34D9-41E3-9975-494901AC3E57-300x33-2-64x7.png 64w\" sizes=\"(max-width: 218px) 100vw, 218px\" \/><\/p>\n<p>Gewicht 250g<\/p>\n","protected":false},"featured_media":17223,"comment_status":"open","ping_status":"closed","template":"","meta":[],"product_brand":[],"product_cat":[183,185],"product_tag":[217,230,373],"class_list":{"0":"post-14155","1":"product","2":"type-product","3":"status-publish","4":"has-post-thumbnail","6":"product_cat-kaffee","7":"product_cat-kaffee-gemahlen","8":"product_tag-kaffeegemahlen-de","9":"product_tag-organic-coffee-de","10":"product_tag-spezialitatenkaffee","12":"first","13":"instock","14":"featured","15":"shipping-taxable","16":"purchasable","17":"product-type-simple"},"yoast_head":"<!-- This site is optimized with the Yoast SEO plugin v26.4 - https:\/\/yoast.com\/wordpress\/plugins\/seo\/ -->\n<title>Spezialit\u00e4tenkaffee gemahlen 250g-Caf\u00e9 Santa Helena<\/title>\n<meta name=\"description\" content=\"Spezialit\u00e4tenkaffee gemahlen. 100% Bio-Arabica, Einzelnes Ursprungsland Brasilien. Packung mit 250g. Langsame handwerkliche R\u00f6stung in einem Holzr\u00f6ster. R\u00f6stgrad mittel.\" \/>\n<meta name=\"robots\" content=\"index, follow, max-snippet:-1, max-image-preview:large, max-video-preview:-1\" \/>\n<link rel=\"canonical\" href=\"https:\/\/cafesantahelena.com\/de\/products\/bio-kaffee-gemahlen-250g\/\" \/>\n<meta property=\"og:locale\" content=\"de_DE\" \/>\n<meta property=\"og:type\" content=\"article\" \/>\n<meta property=\"og:title\" content=\"Spezialit\u00e4tenkaffee gemahlen 250g-Caf\u00e9 Santa Helena\" \/>\n<meta property=\"og:description\" content=\"Spezialit\u00e4tenkaffee gemahlen. 100% Bio-Arabica, Einzelnes Ursprungsland Brasilien. Packung mit 250g. Langsame handwerkliche R\u00f6stung in einem Holzr\u00f6ster. R\u00f6stgrad mittel.\" \/>\n<meta property=\"og:url\" content=\"https:\/\/cafesantahelena.com\/de\/products\/bio-kaffee-gemahlen-250g\/\" \/>\n<meta property=\"og:site_name\" content=\"Caf\u00e9 Santa Helena\" \/>\n<meta property=\"article:modified_time\" content=\"2025-01-25T18:07:11+00:00\" \/>\n<meta property=\"og:image\" content=\"https:\/\/cafesantahelena.com\/wp-content\/uploads\/2024\/07\/Specialty-coffee-ground.webp\" \/>\n\t<meta property=\"og:image:width\" content=\"350\" \/>\n\t<meta property=\"og:image:height\" content=\"450\" \/>\n\t<meta property=\"og:image:type\" content=\"image\/webp\" \/>\n<meta name=\"twitter:card\" content=\"summary_large_image\" \/>\n<meta name=\"twitter:label1\" content=\"Gesch\u00e4tzte Lesezeit\" \/>\n\t<meta name=\"twitter:data1\" content=\"2\u00a0Minuten\" \/>\n<script type=\"application\/ld+json\" class=\"yoast-schema-graph\">{\"@context\":\"https:\/\/schema.org\",\"@graph\":[{\"@type\":\"WebPage\",\"@id\":\"https:\/\/cafesantahelena.com\/de\/products\/bio-kaffee-gemahlen-250g\/\",\"url\":\"https:\/\/cafesantahelena.com\/de\/products\/bio-kaffee-gemahlen-250g\/\",\"name\":\"Spezialit\u00e4tenkaffee gemahlen 250g-Caf\u00e9 Santa Helena\",\"isPartOf\":{\"@id\":\"https:\/\/cafesantahelena.com\/#website\"},\"primaryImageOfPage\":{\"@id\":\"https:\/\/cafesantahelena.com\/de\/products\/bio-kaffee-gemahlen-250g\/#primaryimage\"},\"image\":{\"@id\":\"https:\/\/cafesantahelena.com\/de\/products\/bio-kaffee-gemahlen-250g\/#primaryimage\"},\"thumbnailUrl\":\"https:\/\/cafesantahelena.com\/wp-content\/uploads\/2024\/07\/Specialty-coffee-ground.webp\",\"datePublished\":\"2024-07-22T15:08:57+00:00\",\"dateModified\":\"2025-01-25T18:07:11+00:00\",\"description\":\"Spezialit\u00e4tenkaffee gemahlen. 100% Bio-Arabica, Einzelnes Ursprungsland Brasilien. Packung mit 250g. Langsame handwerkliche R\u00f6stung in einem Holzr\u00f6ster. R\u00f6stgrad mittel.\",\"breadcrumb\":{\"@id\":\"https:\/\/cafesantahelena.com\/de\/products\/bio-kaffee-gemahlen-250g\/#breadcrumb\"},\"inLanguage\":\"de\",\"potentialAction\":[{\"@type\":\"ReadAction\",\"target\":[\"https:\/\/cafesantahelena.com\/de\/products\/bio-kaffee-gemahlen-250g\/\"]}]},{\"@type\":\"ImageObject\",\"inLanguage\":\"de\",\"@id\":\"https:\/\/cafesantahelena.com\/de\/products\/bio-kaffee-gemahlen-250g\/#primaryimage\",\"url\":\"https:\/\/cafesantahelena.com\/wp-content\/uploads\/2024\/07\/Specialty-coffee-ground.webp\",\"contentUrl\":\"https:\/\/cafesantahelena.com\/wp-content\/uploads\/2024\/07\/Specialty-coffee-ground.webp\",\"width\":350,\"height\":450,\"caption\":\"Spezialit\u00e4tenkaffee gemahlen\"},{\"@type\":\"BreadcrumbList\",\"@id\":\"https:\/\/cafesantahelena.com\/de\/products\/bio-kaffee-gemahlen-250g\/#breadcrumb\",\"itemListElement\":[{\"@type\":\"ListItem\",\"position\":1,\"name\":\"In\u00edcio\",\"item\":\"https:\/\/cafesantahelena.com\/de\/\"},{\"@type\":\"ListItem\",\"position\":2,\"name\":\"Produtos\",\"item\":\"https:\/\/cafesantahelena.com\/loja\/\"},{\"@type\":\"ListItem\",\"position\":3,\"name\":\"Spezialit\u00e4tenkaffee gemahlen 250g\"}]},{\"@type\":\"WebSite\",\"@id\":\"https:\/\/cafesantahelena.com\/#website\",\"url\":\"https:\/\/cafesantahelena.com\/\",\"name\":\"Caf\u00e9 Santa Helena\",\"description\":\"\",\"potentialAction\":[{\"@type\":\"SearchAction\",\"target\":{\"@type\":\"EntryPoint\",\"urlTemplate\":\"https:\/\/cafesantahelena.com\/?s={search_term_string}\"},\"query-input\":{\"@type\":\"PropertyValueSpecification\",\"valueRequired\":true,\"valueName\":\"search_term_string\"}}],\"inLanguage\":\"de\"}]}<\/script>\n<!-- \/ Yoast SEO plugin. -->","yoast_head_json":{"title":"Spezialit\u00e4tenkaffee gemahlen 250g-Caf\u00e9 Santa Helena","description":"Spezialit\u00e4tenkaffee gemahlen. 100% Bio-Arabica, Einzelnes Ursprungsland Brasilien. Packung mit 250g. Langsame handwerkliche R\u00f6stung in einem Holzr\u00f6ster. R\u00f6stgrad mittel.","robots":{"index":"index","follow":"follow","max-snippet":"max-snippet:-1","max-image-preview":"max-image-preview:large","max-video-preview":"max-video-preview:-1"},"canonical":"https:\/\/cafesantahelena.com\/de\/products\/bio-kaffee-gemahlen-250g\/","og_locale":"de_DE","og_type":"article","og_title":"Spezialit\u00e4tenkaffee gemahlen 250g-Caf\u00e9 Santa Helena","og_description":"Spezialit\u00e4tenkaffee gemahlen. 100% Bio-Arabica, Einzelnes Ursprungsland Brasilien. Packung mit 250g. Langsame handwerkliche R\u00f6stung in einem Holzr\u00f6ster. R\u00f6stgrad mittel.","og_url":"https:\/\/cafesantahelena.com\/de\/products\/bio-kaffee-gemahlen-250g\/","og_site_name":"Caf\u00e9 Santa Helena","article_modified_time":"2025-01-25T18:07:11+00:00","og_image":[{"width":350,"height":450,"url":"https:\/\/cafesantahelena.com\/wp-content\/uploads\/2024\/07\/Specialty-coffee-ground.webp","type":"image\/webp"}],"twitter_card":"summary_large_image","twitter_misc":{"Gesch\u00e4tzte Lesezeit":"2\u00a0Minuten"},"schema":{"@context":"https:\/\/schema.org","@graph":[{"@type":"WebPage","@id":"https:\/\/cafesantahelena.com\/de\/products\/bio-kaffee-gemahlen-250g\/","url":"https:\/\/cafesantahelena.com\/de\/products\/bio-kaffee-gemahlen-250g\/","name":"Spezialit\u00e4tenkaffee gemahlen 250g-Caf\u00e9 Santa Helena","isPartOf":{"@id":"https:\/\/cafesantahelena.com\/#website"},"primaryImageOfPage":{"@id":"https:\/\/cafesantahelena.com\/de\/products\/bio-kaffee-gemahlen-250g\/#primaryimage"},"image":{"@id":"https:\/\/cafesantahelena.com\/de\/products\/bio-kaffee-gemahlen-250g\/#primaryimage"},"thumbnailUrl":"https:\/\/cafesantahelena.com\/wp-content\/uploads\/2024\/07\/Specialty-coffee-ground.webp","datePublished":"2024-07-22T15:08:57+00:00","dateModified":"2025-01-25T18:07:11+00:00","description":"Spezialit\u00e4tenkaffee gemahlen. 100% Bio-Arabica, Einzelnes Ursprungsland Brasilien. Packung mit 250g. Langsame handwerkliche R\u00f6stung in einem Holzr\u00f6ster. R\u00f6stgrad mittel.","breadcrumb":{"@id":"https:\/\/cafesantahelena.com\/de\/products\/bio-kaffee-gemahlen-250g\/#breadcrumb"},"inLanguage":"de","potentialAction":[{"@type":"ReadAction","target":["https:\/\/cafesantahelena.com\/de\/products\/bio-kaffee-gemahlen-250g\/"]}]},{"@type":"ImageObject","inLanguage":"de","@id":"https:\/\/cafesantahelena.com\/de\/products\/bio-kaffee-gemahlen-250g\/#primaryimage","url":"https:\/\/cafesantahelena.com\/wp-content\/uploads\/2024\/07\/Specialty-coffee-ground.webp","contentUrl":"https:\/\/cafesantahelena.com\/wp-content\/uploads\/2024\/07\/Specialty-coffee-ground.webp","width":350,"height":450,"caption":"Spezialit\u00e4tenkaffee gemahlen"},{"@type":"BreadcrumbList","@id":"https:\/\/cafesantahelena.com\/de\/products\/bio-kaffee-gemahlen-250g\/#breadcrumb","itemListElement":[{"@type":"ListItem","position":1,"name":"In\u00edcio","item":"https:\/\/cafesantahelena.com\/de\/"},{"@type":"ListItem","position":2,"name":"Produtos","item":"https:\/\/cafesantahelena.com\/loja\/"},{"@type":"ListItem","position":3,"name":"Spezialit\u00e4tenkaffee gemahlen 250g"}]},{"@type":"WebSite","@id":"https:\/\/cafesantahelena.com\/#website","url":"https:\/\/cafesantahelena.com\/","name":"Caf\u00e9 Santa Helena","description":"","potentialAction":[{"@type":"SearchAction","target":{"@type":"EntryPoint","urlTemplate":"https:\/\/cafesantahelena.com\/?s={search_term_string}"},"query-input":{"@type":"PropertyValueSpecification","valueRequired":true,"valueName":"search_term_string"}}],"inLanguage":"de"}]}},"_links":{"self":[{"href":"https:\/\/cafesantahelena.com\/de\/wp-json\/wp\/v2\/product\/14155","targetHints":{"allow":["GET"]}}],"collection":[{"href":"https:\/\/cafesantahelena.com\/de\/wp-json\/wp\/v2\/product"}],"about":[{"href":"https:\/\/cafesantahelena.com\/de\/wp-json\/wp\/v2\/types\/product"}],"replies":[{"embeddable":true,"href":"https:\/\/cafesantahelena.com\/de\/wp-json\/wp\/v2\/comments?post=14155"}],"wp:featuredmedia":[{"embeddable":true,"href":"https:\/\/cafesantahelena.com\/de\/wp-json\/wp\/v2\/media\/17223"}],"wp:attachment":[{"href":"https:\/\/cafesantahelena.com\/de\/wp-json\/wp\/v2\/media?parent=14155"}],"wp:term":[{"taxonomy":"product_brand","embeddable":true,"href":"https:\/\/cafesantahelena.com\/de\/wp-json\/wp\/v2\/product_brand?post=14155"},{"taxonomy":"product_cat","embeddable":true,"href":"https:\/\/cafesantahelena.com\/de\/wp-json\/wp\/v2\/product_cat?post=14155"},{"taxonomy":"product_tag","embeddable":true,"href":"https:\/\/cafesantahelena.com\/de\/wp-json\/wp\/v2\/product_tag?post=14155"}],"curies":[{"name":"wp","href":"https:\/\/api.w.org\/{rel}","templated":true}]}}