{"id":14172,"date":"2024-07-22T15:08:57","date_gmt":"2024-07-22T15:08:57","guid":{"rendered":"https:\/\/cafesantahelena.alivanstudio.com\/?post_type=product&#038;p=14172"},"modified":"2025-01-20T18:14:29","modified_gmt":"2025-01-20T18:14:29","slug":"bulletproof","status":"publish","type":"product","link":"https:\/\/cafesantahelena.com\/de\/products\/bulletproof\/","title":{"rendered":"Kit Bulletproof"},"content":{"rendered":"<p style=\"text-align: left;\"><strong><span style=\"font-size: 14pt;\">\u00a0<\/span><\/strong><\/p>\n<p><strong><span style=\"font-size: 12pt;\">Caf\u00e9 Santa Helena Bohnen f\u00fcr Espresso<\/span><\/strong><\/p>\n<p><span style=\"font-size: 12pt;\">Spezialit\u00e4tenkaffee &#8211; 100% Arabica Single Origin<\/span><\/p>\n<p><span style=\"font-size: 12pt;\">Bio- und Fairtrade zertifiziert\u00a0 <\/span><span style=\"font-size: 12pt;\">Langsame handwerkliche R\u00f6stung<\/span><\/p>\n<p><strong><span style=\"font-size: 12pt;\">Butter Ghee \u00a0Chr\u00fcterh\u00e4x 180g Bio Swiss<\/span><\/strong><\/p>\n<p><span style=\"font-size: 12pt;\">Bio nach ayurvedischer Tradition hergestellt!<\/span><\/p>\n<h2 style=\"text-align: left;\"><strong style=\"font-size: 14pt;\">Was ist Kaffee mit Ghee oder Bulletproof ?<\/strong><\/h2>\n<p><span style=\"font-size: 12pt;\"><strong>Kaffee und Ghee<\/strong> wird auch <strong>Bulletproof Coffee<\/strong> und <strong>Keto Coffee<\/strong> genannt. Es ist ein energiespendendes Getr\u00e4nk, das mit hochwertigen Fetten hergestellt wird. Um ihn zuzubereiten, mischen Sie frisch gebr\u00fchten <strong>Kaffee, MCT-\u00d6l oder Bio-Ghee-Butter zusammen.<\/strong><\/span><\/p>\n<p><span style=\"font-size: 12pt;\">Das Rezept f\u00fcr <strong>Bulletproof Coffee<\/strong> wurde von <strong>Dave Asprey<\/strong>, einem Technologieunternehmer, nach einer Reise nach Tibet entwickelt, wo er Tee mit Butter aus Yak-Milch, einem Wildrind der Region, probierte. Er soll satt machen, den Hunger reduzieren, die geistige Klarheit f\u00f6rdern, die Konzentration auf die Aufgaben erh\u00f6hen, die Fettverbrennung steigern und die Ausdauer des K\u00f6rpers verbessern.<\/span><\/p>\n<p><span style=\"font-size: 12pt;\"><strong>Ghee<\/strong> hilft, S\u00e4ure und Entz\u00fcndungen zu reduzieren, und der Kalziumgehalt neutralisiert deren Auswirkungen. Au\u00dferdem enth\u00e4lt es die gute Art von Fett &#8211; Butters\u00e4ure und Omega-3-Fetts\u00e4uren, die gut f\u00fcr die Darmgesundheit und den Stoffwechsel sind. Im Vergleich zu Butter hat Ghee einen nussigeren, leicht s\u00fc\u00dferen Geschmack. Ghee ist eine gekl\u00e4rte Butter, die durch Kochen von Butter (vorzugsweise Bio-Butter) hergestellt wird, bis das Wasser und die festen Bestandteile der Milch verdampft sind, und hat ein anderes Aussehen, einen anderen Geschmack und ein anderes N\u00e4hrstoffprofil als die Butter in Ihrem K\u00fchlschrank.<\/span><\/p>\n<p><span style=\"font-size: 12pt;\">Ghee ist auch bei Menschen mit Milchunvertr\u00e4glichkeiten sehr beliebt, da es frei von den in Butter enthaltenen Milchbestandteilen und Proteinen ist.<\/span><\/p>\n<p><span style=\"font-size: 12pt;\"><strong>Bulletproof Coffee<\/strong> hilft Ihnen, sich zufrieden, wach und konzentriert zu f\u00fchlen, dank einer Kombination aus Kaffee und hochwertigen Fetten. Das bedeutet ein konstantes Energieniveau.<\/span><\/p>\n<h3><strong>Wie funktioniert er?<\/strong><\/h3>\n<p><span style=\"font-size: 12pt;\">Kaffee schmeckt nicht nur gut. Er liefert auch Antioxidantien. Koffein h\u00e4lt Sie wach, kurbelt Ihren Stoffwechsel an und hilft Ihnen, Fett als Energiequelle zu verbrennen. Es kommt auf die Qualit\u00e4t des Kaffees an, den Sie trinken: Schlechter Kaffee kann dazu f\u00fchren, dass Sie sich mies f\u00fchlen, w\u00e4hrend die richtigen Bohnen Ihnen einen ausgezeichneten Vorteil verschaffen k\u00f6nnen. Entscheiden Sie sich deshalb f\u00fcr unseren Bio-Kaffee, 100% Arabica von der Fazenda Santa Helena in Brasilien \ud83c\udde7\ud83c\uddf7.<\/span><\/p>\n<p><span style=\"font-size: 12pt;\">Sie k\u00f6nnen Kaffee und Ghee mit kaffee bohnen in einer <strong>Espressomaschine<\/strong> zubereiten, oder gemahlenen Kaffee f\u00fcr <strong>Moka, Filter oder \u00e4hnliches.<\/strong> Sie k\u00f6nnen Ihr Getr\u00e4nk auch mit Kaffeekapseln zubereiten.<\/span><\/p>\n<p><span style=\"font-size: 12pt;\">Wenn man das aus erster Hand h\u00f6rt, f\u00fchlt es sich wirklich seltsam an, <strong>Ghee-Butter mit Kaffee<\/strong> zu mischen, nicht wahr?<\/span><\/p>\n<p><span style=\"font-size: 12pt;\">Aber Sie sollten wissen, dass diese Mischung die Kraft hat, Sie l\u00e4nger satt zu machen, Ihre Konzentration zu steigern, Ihren Fokus zu erh\u00f6hen und einen anderen Geschmack zu haben.<\/span><\/p>\n<p><span style=\"font-size: 12pt;\">Und das Beste daran ist, dass Sie die Mischung selbst zu Hause herstellen k\u00f6nnen! Die Wirkung ist bis zu 50 % h\u00f6her als die des Kaffees, den wir jeden Tag trinken.<\/span><\/p>\n<p><span style=\"font-size: 12pt;\">Dazu brauchen Sie 200 ml gebr\u00fchten oder gepressten Kaffee und 1 Essl\u00f6ffel Ghee-Butter.<\/span><\/p>\n<p><strong><span style=\"font-size: 12pt;\">Die Zubereitung ist ganz einfach: alle Zutaten hinzuf\u00fcgen und 40 Sekunden lang schlagen. Danach k\u00f6nnen Sie diese K\u00f6stlichkeit einfach verzehren!<\/span><\/strong><\/p>\n<p style=\"text-align: center;\"><span style=\"font-size: 18pt;\"><strong>Willst du Bulletproof ausprobieren?<\/strong><\/span><\/p>\n<p style=\"text-align: center;\"><span style=\"font-size: 18pt;\"><strong>Dann bestellen Sie jetzt unseren Kaffee oder Kapseln!<\/strong><\/span><\/p>\n<p>&nbsp;<\/p>\n<p style=\"text-align: center;\"><span style=\"color: #800000;\"><a style=\"color: #800000;\" href=\"?add-to-cart=14172\"><span style=\"font-size: 24pt;\"><em><strong>Jetzt Kaufen!<\/strong><\/em><\/span><\/a><\/span><\/p>\n<p>&nbsp;<\/p>\n<p style=\"text-align: center;\"><a href=\"https:\/\/cafesantahelena.com\/wp-content\/uploads\/2021\/06\/F16BA1DC-4552-44E6-9CAF-7827F4298B30.png\"><img decoding=\"async\" class=\"alignnone wp-image-14058\" src=\"https:\/\/cafesantahelena.com\/wp-content\/uploads\/2024\/07\/F16BA1DC-4552-44E6-9CAF-7827F4298B30-300x300-1.png\" alt=\"\" width=\"170\" height=\"170\" srcset=\"https:\/\/cafesantahelena.com\/wp-content\/uploads\/2024\/07\/F16BA1DC-4552-44E6-9CAF-7827F4298B30-300x300-1.png 300w, https:\/\/cafesantahelena.com\/wp-content\/uploads\/2024\/07\/F16BA1DC-4552-44E6-9CAF-7827F4298B30-300x300-1-100x100.png 100w, https:\/\/cafesantahelena.com\/wp-content\/uploads\/2024\/07\/F16BA1DC-4552-44E6-9CAF-7827F4298B30-300x300-1-64x64.png 64w, https:\/\/cafesantahelena.com\/wp-content\/uploads\/2024\/07\/F16BA1DC-4552-44E6-9CAF-7827F4298B30-300x300-1-150x150.png 150w\" sizes=\"(max-width: 170px) 100vw, 170px\" \/><\/a><\/p>\n<p>&nbsp;<\/p>\n<p>&nbsp;<\/p>\n","protected":false},"excerpt":{"rendered":"<p>Inklusive MwSt<\/p>\n<p>Versandkosten an der Kasse<\/p>\n<p><strong>Kit Bulletproof\u00a0<\/strong><\/p>\n<p>Caf\u00e9 Santa Helena Bohnen<\/p>\n<p>Spezialit\u00e4tenKaffee<\/p>\n<p>Gewicht: \u00a0250g<\/p>\n<p><span style=\"font-size: 12pt;\">Butter Ghee \u00a0Chr\u00fcterh\u00e4x 180g\u00a0<\/span><\/p>\n<p><span style=\"font-size: 12pt;\">Bio nach ayurvedischer Tradition hergestellt!<\/span><\/p>\n<p>&nbsp;<\/p>\n<p>&nbsp;<\/p>\n<p>&nbsp;<\/p>\n","protected":false},"featured_media":17133,"comment_status":"closed","ping_status":"closed","template":"","meta":[],"product_brand":[],"product_cat":[178,181],"product_tag":[205,333,213],"class_list":{"0":"post-14172","1":"product","2":"type-product","3":"status-publish","4":"has-post-thumbnail","6":"product_cat-andere","7":"product_cat-kits","8":"product_tag-bulletproof-de","9":"product_tag-ghee-de","10":"product_tag-kaffee-de","12":"first","13":"instock","14":"featured","15":"shipping-taxable","16":"purchasable","17":"product-type-simple"},"yoast_head":"<!-- This site is optimized with the Yoast SEO plugin v26.4 - https:\/\/yoast.com\/wordpress\/plugins\/seo\/ -->\n<title>Bulletproof - Caf\u00e9 Santa Helena<\/title>\n<meta name=\"description\" content=\"Bulletproof. Kaffee und Ghee wird auch Bulletproof Coffee und Keto Coffee genannt. Es ist ein energiespendendes Getr\u00e4nk, das mit hochwertigen Fetten\u2026\" \/>\n<meta name=\"robots\" content=\"index, follow, max-snippet:-1, max-image-preview:large, max-video-preview:-1\" \/>\n<link rel=\"canonical\" href=\"https:\/\/cafesantahelena.com\/de\/products\/bulletproof\/\" \/>\n<meta property=\"og:locale\" content=\"de_DE\" \/>\n<meta property=\"og:type\" content=\"article\" \/>\n<meta property=\"og:title\" content=\"Bulletproof - Caf\u00e9 Santa Helena\" \/>\n<meta property=\"og:description\" content=\"Bulletproof. Kaffee und Ghee wird auch Bulletproof Coffee und Keto Coffee genannt. Es ist ein energiespendendes Getr\u00e4nk, das mit hochwertigen Fetten\u2026\" \/>\n<meta property=\"og:url\" content=\"https:\/\/cafesantahelena.com\/de\/products\/bulletproof\/\" \/>\n<meta property=\"og:site_name\" content=\"Caf\u00e9 Santa Helena\" \/>\n<meta property=\"article:modified_time\" content=\"2025-01-20T18:14:29+00:00\" \/>\n<meta property=\"og:image\" content=\"https:\/\/cafesantahelena.com\/wp-content\/uploads\/2024\/07\/Bulletproof.webp\" \/>\n\t<meta property=\"og:image:width\" content=\"350\" \/>\n\t<meta property=\"og:image:height\" content=\"450\" \/>\n\t<meta property=\"og:image:type\" content=\"image\/webp\" \/>\n<meta name=\"twitter:card\" content=\"summary_large_image\" \/>\n<meta name=\"twitter:label1\" content=\"Gesch\u00e4tzte Lesezeit\" \/>\n\t<meta name=\"twitter:data1\" content=\"3\u00a0Minuten\" \/>\n<script type=\"application\/ld+json\" class=\"yoast-schema-graph\">{\"@context\":\"https:\/\/schema.org\",\"@graph\":[{\"@type\":\"WebPage\",\"@id\":\"https:\/\/cafesantahelena.com\/de\/products\/bulletproof\/\",\"url\":\"https:\/\/cafesantahelena.com\/de\/products\/bulletproof\/\",\"name\":\"Bulletproof - Caf\u00e9 Santa Helena\",\"isPartOf\":{\"@id\":\"https:\/\/cafesantahelena.com\/#website\"},\"primaryImageOfPage\":{\"@id\":\"https:\/\/cafesantahelena.com\/de\/products\/bulletproof\/#primaryimage\"},\"image\":{\"@id\":\"https:\/\/cafesantahelena.com\/de\/products\/bulletproof\/#primaryimage\"},\"thumbnailUrl\":\"https:\/\/cafesantahelena.com\/wp-content\/uploads\/2024\/07\/Bulletproof.webp\",\"datePublished\":\"2024-07-22T15:08:57+00:00\",\"dateModified\":\"2025-01-20T18:14:29+00:00\",\"description\":\"Bulletproof. Kaffee und Ghee wird auch Bulletproof Coffee und Keto Coffee genannt. Es ist ein energiespendendes Getr\u00e4nk, das mit hochwertigen Fetten\u2026\",\"breadcrumb\":{\"@id\":\"https:\/\/cafesantahelena.com\/de\/products\/bulletproof\/#breadcrumb\"},\"inLanguage\":\"de\",\"potentialAction\":[{\"@type\":\"ReadAction\",\"target\":[\"https:\/\/cafesantahelena.com\/de\/products\/bulletproof\/\"]}]},{\"@type\":\"ImageObject\",\"inLanguage\":\"de\",\"@id\":\"https:\/\/cafesantahelena.com\/de\/products\/bulletproof\/#primaryimage\",\"url\":\"https:\/\/cafesantahelena.com\/wp-content\/uploads\/2024\/07\/Bulletproof.webp\",\"contentUrl\":\"https:\/\/cafesantahelena.com\/wp-content\/uploads\/2024\/07\/Bulletproof.webp\",\"width\":350,\"height\":450,\"caption\":\"bulletproof\"},{\"@type\":\"BreadcrumbList\",\"@id\":\"https:\/\/cafesantahelena.com\/de\/products\/bulletproof\/#breadcrumb\",\"itemListElement\":[{\"@type\":\"ListItem\",\"position\":1,\"name\":\"In\u00edcio\",\"item\":\"https:\/\/cafesantahelena.com\/de\/\"},{\"@type\":\"ListItem\",\"position\":2,\"name\":\"Produtos\",\"item\":\"https:\/\/cafesantahelena.com\/loja\/\"},{\"@type\":\"ListItem\",\"position\":3,\"name\":\"Kit Bulletproof\"}]},{\"@type\":\"WebSite\",\"@id\":\"https:\/\/cafesantahelena.com\/#website\",\"url\":\"https:\/\/cafesantahelena.com\/\",\"name\":\"Caf\u00e9 Santa Helena\",\"description\":\"\",\"potentialAction\":[{\"@type\":\"SearchAction\",\"target\":{\"@type\":\"EntryPoint\",\"urlTemplate\":\"https:\/\/cafesantahelena.com\/?s={search_term_string}\"},\"query-input\":{\"@type\":\"PropertyValueSpecification\",\"valueRequired\":true,\"valueName\":\"search_term_string\"}}],\"inLanguage\":\"de\"}]}<\/script>\n<!-- \/ Yoast SEO plugin. -->","yoast_head_json":{"title":"Bulletproof - Caf\u00e9 Santa Helena","description":"Bulletproof. Kaffee und Ghee wird auch Bulletproof Coffee und Keto Coffee genannt. Es ist ein energiespendendes Getr\u00e4nk, das mit hochwertigen Fetten\u2026","robots":{"index":"index","follow":"follow","max-snippet":"max-snippet:-1","max-image-preview":"max-image-preview:large","max-video-preview":"max-video-preview:-1"},"canonical":"https:\/\/cafesantahelena.com\/de\/products\/bulletproof\/","og_locale":"de_DE","og_type":"article","og_title":"Bulletproof - Caf\u00e9 Santa Helena","og_description":"Bulletproof. Kaffee und Ghee wird auch Bulletproof Coffee und Keto Coffee genannt. Es ist ein energiespendendes Getr\u00e4nk, das mit hochwertigen Fetten\u2026","og_url":"https:\/\/cafesantahelena.com\/de\/products\/bulletproof\/","og_site_name":"Caf\u00e9 Santa Helena","article_modified_time":"2025-01-20T18:14:29+00:00","og_image":[{"width":350,"height":450,"url":"https:\/\/cafesantahelena.com\/wp-content\/uploads\/2024\/07\/Bulletproof.webp","type":"image\/webp"}],"twitter_card":"summary_large_image","twitter_misc":{"Gesch\u00e4tzte Lesezeit":"3\u00a0Minuten"},"schema":{"@context":"https:\/\/schema.org","@graph":[{"@type":"WebPage","@id":"https:\/\/cafesantahelena.com\/de\/products\/bulletproof\/","url":"https:\/\/cafesantahelena.com\/de\/products\/bulletproof\/","name":"Bulletproof - Caf\u00e9 Santa Helena","isPartOf":{"@id":"https:\/\/cafesantahelena.com\/#website"},"primaryImageOfPage":{"@id":"https:\/\/cafesantahelena.com\/de\/products\/bulletproof\/#primaryimage"},"image":{"@id":"https:\/\/cafesantahelena.com\/de\/products\/bulletproof\/#primaryimage"},"thumbnailUrl":"https:\/\/cafesantahelena.com\/wp-content\/uploads\/2024\/07\/Bulletproof.webp","datePublished":"2024-07-22T15:08:57+00:00","dateModified":"2025-01-20T18:14:29+00:00","description":"Bulletproof. Kaffee und Ghee wird auch Bulletproof Coffee und Keto Coffee genannt. Es ist ein energiespendendes Getr\u00e4nk, das mit hochwertigen Fetten\u2026","breadcrumb":{"@id":"https:\/\/cafesantahelena.com\/de\/products\/bulletproof\/#breadcrumb"},"inLanguage":"de","potentialAction":[{"@type":"ReadAction","target":["https:\/\/cafesantahelena.com\/de\/products\/bulletproof\/"]}]},{"@type":"ImageObject","inLanguage":"de","@id":"https:\/\/cafesantahelena.com\/de\/products\/bulletproof\/#primaryimage","url":"https:\/\/cafesantahelena.com\/wp-content\/uploads\/2024\/07\/Bulletproof.webp","contentUrl":"https:\/\/cafesantahelena.com\/wp-content\/uploads\/2024\/07\/Bulletproof.webp","width":350,"height":450,"caption":"bulletproof"},{"@type":"BreadcrumbList","@id":"https:\/\/cafesantahelena.com\/de\/products\/bulletproof\/#breadcrumb","itemListElement":[{"@type":"ListItem","position":1,"name":"In\u00edcio","item":"https:\/\/cafesantahelena.com\/de\/"},{"@type":"ListItem","position":2,"name":"Produtos","item":"https:\/\/cafesantahelena.com\/loja\/"},{"@type":"ListItem","position":3,"name":"Kit Bulletproof"}]},{"@type":"WebSite","@id":"https:\/\/cafesantahelena.com\/#website","url":"https:\/\/cafesantahelena.com\/","name":"Caf\u00e9 Santa Helena","description":"","potentialAction":[{"@type":"SearchAction","target":{"@type":"EntryPoint","urlTemplate":"https:\/\/cafesantahelena.com\/?s={search_term_string}"},"query-input":{"@type":"PropertyValueSpecification","valueRequired":true,"valueName":"search_term_string"}}],"inLanguage":"de"}]}},"_links":{"self":[{"href":"https:\/\/cafesantahelena.com\/de\/wp-json\/wp\/v2\/product\/14172","targetHints":{"allow":["GET"]}}],"collection":[{"href":"https:\/\/cafesantahelena.com\/de\/wp-json\/wp\/v2\/product"}],"about":[{"href":"https:\/\/cafesantahelena.com\/de\/wp-json\/wp\/v2\/types\/product"}],"replies":[{"embeddable":true,"href":"https:\/\/cafesantahelena.com\/de\/wp-json\/wp\/v2\/comments?post=14172"}],"wp:featuredmedia":[{"embeddable":true,"href":"https:\/\/cafesantahelena.com\/de\/wp-json\/wp\/v2\/media\/17133"}],"wp:attachment":[{"href":"https:\/\/cafesantahelena.com\/de\/wp-json\/wp\/v2\/media?parent=14172"}],"wp:term":[{"taxonomy":"product_brand","embeddable":true,"href":"https:\/\/cafesantahelena.com\/de\/wp-json\/wp\/v2\/product_brand?post=14172"},{"taxonomy":"product_cat","embeddable":true,"href":"https:\/\/cafesantahelena.com\/de\/wp-json\/wp\/v2\/product_cat?post=14172"},{"taxonomy":"product_tag","embeddable":true,"href":"https:\/\/cafesantahelena.com\/de\/wp-json\/wp\/v2\/product_tag?post=14172"}],"curies":[{"name":"wp","href":"https:\/\/api.w.org\/{rel}","templated":true}]}}