{"id":14189,"date":"2024-06-22T15:08:57","date_gmt":"2024-06-22T15:08:57","guid":{"rendered":"https:\/\/cafesantahelena.alivanstudio.com\/?post_type=product&#038;p=14189"},"modified":"2025-01-24T14:25:49","modified_gmt":"2025-01-24T14:25:49","slug":"gruner-kaffee-tee","status":"publish","type":"product","link":"https:\/\/cafesantahelena.com\/de\/products\/gruner-kaffee-tee\/","title":{"rendered":"Gr\u00fcner Kaffee Tee"},"content":{"rendered":"<h2 style=\"text-align: left;\"><span style=\"color: #000000;\">Was ist Gr\u00fcner Kaffee?<\/span><\/h2>\n<p style=\"text-align: left;\"><img decoding=\"async\" class=\" wp-image-14182 alignleft\" src=\"https:\/\/cafesantahelena.com\/wp-content\/uploads\/2024\/06\/99FE1F14-0E97-47CC-8F91-CA9C4E84A91C-267x300-1.jpeg\" alt=\"Gr\u00fcner Kaffee\" width=\"176\" height=\"198\" srcset=\"https:\/\/cafesantahelena.com\/wp-content\/uploads\/2024\/06\/99FE1F14-0E97-47CC-8F91-CA9C4E84A91C-267x300-1.jpeg 267w, https:\/\/cafesantahelena.com\/wp-content\/uploads\/2024\/06\/99FE1F14-0E97-47CC-8F91-CA9C4E84A91C-267x300-1-64x72.jpeg 64w\" sizes=\"(max-width: 176px) 100vw, 176px\" \/><\/p>\n<p>&nbsp;<\/p>\n<p>&nbsp;<\/p>\n<p>&nbsp;<\/p>\n<p>&nbsp;<\/p>\n<p>&nbsp;<\/p>\n<p>&nbsp;<\/p>\n<p style=\"text-align: left;\"><span style=\"font-size: 12pt; color: #000000;\">Gr\u00fcne Kaffeebohnen werden nicht ger\u00f6stet. Daher enth\u00e4lt er 3 bis 5 Mal mehr Antioxidantien als die herk\u00f6mmliche Version des Kaffees, ist &#8222;reiner&#8220; und sehr vorteilhaft f\u00fcr unsere Gesundheit.<br \/>\nEr enth\u00e4lt vor allem Chlorogens\u00e4ure (eine Phytochemikalie), die den Stoffwechsel anregt. <\/span><\/p>\n<p><span style=\"font-size: 12pt; color: #000000;\">Er hilft beim Abbau von K\u00f6rperfett und enth\u00e4lt doppelt so viel Koffein wie herk\u00f6mmlicher R\u00f6stkaffee.<\/span><\/p>\n<h3 style=\"text-align: left;\"><span style=\"color: #000000;\"><strong><span style=\"font-size: 14pt;\">Vorteile von Gr\u00fcnem Kaffee<\/span><\/strong><\/span><\/h3>\n<p><span style=\"font-size: 12pt; color: #000000;\">Die Vorteile, die dem Rohkaffee zugeschrieben werden, sind auf die Substanzen zur\u00fcckzuf\u00fchren, die er enth\u00e4lt: <strong>Chlorogens\u00e4ure und Koffein<\/strong>. Auf diese Weise k\u00f6nnen die wichtigsten Vorteile hervorgehoben werden: <\/span><\/p>\n<p><span style=\"font-size: 12pt; color: #000000;\"><strong>Vorbeugung von Bluthochdruck<\/strong>: Die rohen Kaffeebohnen haben eine hohe Konzentration an Phenols\u00e4uren, insbesondere an Polyphenolen wie der Chlorogens\u00e4ure, die eine blutdrucksenkende Wirkung hat.<br \/>\n<strong style=\"font-size: 12pt;\"><br \/>\nGewichtsabnahme:<\/strong><span style=\"font-size: 12pt;\"> Studien deuten darauf hin, dass Kaffee bei der Gewichtsabnahme hilft, indem er auf die Mobilisierung und Verbrennung von Fett einwirkt und die Einlagerung von Fett in den Zellen verringert.<\/span><br \/>\n<\/span><\/p>\n<p><span style=\"font-size: 12pt; color: #000000;\"><strong>Verb\u00fcndeter f\u00fcr k\u00f6rperliche Aktivit\u00e4t:<\/strong> Da er eine gute Dosis Koffein enth\u00e4lt, k\u00f6nnen rohe Kaffeebohnen ein guter Verb\u00fcndeter f\u00fcr diejenigen sein, die sich k\u00f6rperlich bet\u00e4tigen, da sie eine ausgezeichnete thermogene Wirkung haben.<\/span><\/p>\n<p><span style=\"font-size: 12pt; color: #000000;\"><strong>Stabilisierung des Blutzuckerspiegels:<\/strong> J\u00fcngste Forschungen zeigen auch, dass diese Art von Kaffee zur Stabilisierung des Blutzuckerspiegels beitr\u00e4gt. So wurde eine 32%ige Senkung des Blutzuckerspiegels nach einer Mahlzeit bei t\u00e4glicher Einnahme von 400 mg gr\u00fcnem Kaffeeextrakt nachgewiesen.<\/span><\/p>\n<p><span style=\"font-size: 12pt; color: #000000;\"><strong>Krankheitsvorbeugung:<\/strong> Die im Kaffee enthaltenen Chlorogens\u00e4uren haben entz\u00fcndungshemmende, krebshemmende, antimutagene und antioxidative Eigenschaften. Auf diese Weise kann das Produkt zur Vorbeugung verschiedener Arten von Krankheiten beitragen. <\/span><\/p>\n<p>&nbsp;<\/p>\n<p style=\"text-align: left;\"><span style=\"font-size: 14pt; color: #000000;\"><strong>Wie konsumiert man Rohkaffee als Tee?<\/strong><\/span><\/p>\n<p>&nbsp;<\/p>\n<p style=\"text-align: center;\"><img decoding=\"async\" class=\" wp-image-14177 alignleft\" src=\"https:\/\/cafesantahelena.com\/wp-content\/uploads\/2024\/06\/01050EF5-8528-491D-979D-8D7AD3DC7CE7-210x300-1.jpeg\" alt=\"Gr\u00fcner Kaffee Tee\" width=\"124\" height=\"177\" srcset=\"https:\/\/cafesantahelena.com\/wp-content\/uploads\/2024\/06\/01050EF5-8528-491D-979D-8D7AD3DC7CE7-210x300-1.jpeg 210w, https:\/\/cafesantahelena.com\/wp-content\/uploads\/2024\/06\/01050EF5-8528-491D-979D-8D7AD3DC7CE7-210x300-1-64x91.jpeg 64w\" sizes=\"(max-width: 124px) 100vw, 124px\" \/><\/p>\n<p>&nbsp;<\/p>\n<p>&nbsp;<\/p>\n<p>&nbsp;<\/p>\n<p>&nbsp;<\/p>\n<p>&nbsp;<\/p>\n<p><span style=\"color: #000000;\"><strong><span style=\"font-size: 14pt;\">Rohkaffee gemahlen<\/span><\/strong><\/span><\/p>\n<ul>\n<li><span style=\"color: #000000;\">Bringen Sie 300 ml Wasser zum Kochen.<\/span><\/li>\n<li><span style=\"color: #000000;\">Geben Sie 15 g gemahlenen Rohkaffee in eine franz\u00f6sische Presse oder \u00e4hnliches.<\/span><\/li>\n<li><span style=\"color: #000000;\">Gie\u00dfen Sie das kochende Wasser und lassen Sie es 5 Minuten stehen.<\/span><\/li>\n<li><span style=\"color: #000000;\">In eine Tasse geben und genie\u00dfen!<\/span><\/li>\n<\/ul>\n<p><span style=\"font-size: 12pt; color: #000000;\">Um den Genuss zu variieren, k\u00f6nnen Sie w\u00e4hrend des Aufgusses einige Minzbl\u00e4tter oder etwas Ingwer hinzuf\u00fcgen. <\/span><\/p>\n<p><span style=\"font-size: 12pt; color: #000000;\">Wenn Sie es etwas s\u00fc\u00dfer m\u00f6gen, k\u00f6nnen Sie einen L\u00f6ffel Honig hinzuf\u00fcgen. Genie\u00dfen! <\/span><\/p>\n<p><span style=\"font-size: 12pt; color: #000000;\">Hat Ihnen dieses Rezept gefallen? Also, z\u00f6gern Sie nicht. Probieren Sie diesen kraftvollen Tee!   <\/span><\/p>\n<p style=\"text-align: center;\"><a href=\"?add-to-cart=366\"><span style=\"color: #800000;\"><em><span style=\"font-size: 24pt;\"><strong> In den Warenkorb!<\/strong><\/span><\/em><\/span><\/a><\/p>\n<p style=\"text-align: center;\"><img decoding=\"async\" class=\"alignnone wp-image-15375\" src=\"https:\/\/cafesantahelena.com\/wp-content\/uploads\/2024\/11\/logo-1.png\" alt=\"\" width=\"170\" height=\"170\" srcset=\"https:\/\/cafesantahelena.com\/wp-content\/uploads\/2024\/11\/logo-1.png 300w, https:\/\/cafesantahelena.com\/wp-content\/uploads\/2024\/11\/logo-1-100x100.png 100w, https:\/\/cafesantahelena.com\/wp-content\/uploads\/2024\/11\/logo-1-64x64.png 64w, https:\/\/cafesantahelena.com\/wp-content\/uploads\/2024\/11\/logo-1-150x150.png 150w\" sizes=\"(max-width: 170px) 100vw, 170px\" \/><\/p>\n<p>&nbsp;<\/p>\n","protected":false},"excerpt":{"rendered":"<p><span style=\"font-size: 12pt;\">IVA inklusive. <\/span><\/p>\n<p><span style=\"font-size: 12pt;\">Versandkosten an der Kasse<\/span><\/p>\n<p><span style=\"font-size: 12pt;\">Gr\u00fcner Kaffee gemahlen f\u00fcr Aufg\u00fcsse<\/span><\/p>\n<p><span style=\"font-size: 12pt;\">Spezialit\u00e4tenkaffee-<\/span><span style=\"font-size: 12pt;\">100% Arabica <\/span> <\/p>\n<p><span style=\"font-size: 12pt;\">Bio und Fairtrade aus Fazenda Santa Helena in Brasilien.<\/span><\/p>\n<p><span style=\"font-size: 12pt;\">Gr\u00fcner Kaffeetee ist ein starkes Antioxidans mit einem hohen Gehalt an Koffein und Chlorogens\u00e4ure. Er ist ideal vor dem Training <\/span>. <span style=\"font-size: 12pt;\">Abnehmen!<\/span><\/p>\n<p><span style=\"font-size: 12pt;\">Gewicht 250g<\/span><\/p>\n","protected":false},"featured_media":17123,"comment_status":"closed","ping_status":"closed","template":"","meta":[],"product_brand":[],"product_cat":[179],"product_tag":[310,341],"class_list":{"0":"post-14189","1":"product","2":"type-product","3":"status-publish","4":"has-post-thumbnail","6":"product_cat-tee","7":"product_tag-gruner-kaffee-de","8":"product_tag-tee-de","10":"first","11":"outofstock","12":"featured","13":"shipping-taxable","14":"purchasable","15":"product-type-simple"},"yoast_head":"<!-- This site is optimized with the Yoast SEO plugin v26.4 - https:\/\/yoast.com\/wordpress\/plugins\/seo\/ -->\n<title>Gr\u00fcner Kaffee Tee-Caf\u00e9 Santa Helena<\/title>\n<meta name=\"description\" content=\"Gr\u00fcner Kaffee-Tee wird nicht ger\u00f6stet. Er ist roh und wird f\u00fcr Aufg\u00fcsse verwendet. Spezialit\u00e4tenkaffee 100% Bio-Arabica, aus Brasilien.\" \/>\n<meta name=\"robots\" content=\"index, follow, max-snippet:-1, max-image-preview:large, max-video-preview:-1\" \/>\n<link rel=\"canonical\" href=\"https:\/\/cafesantahelena.com\/de\/products\/gruner-kaffee-tee\/\" \/>\n<meta property=\"og:locale\" content=\"de_DE\" \/>\n<meta property=\"og:type\" content=\"article\" \/>\n<meta property=\"og:title\" content=\"Gr\u00fcner Kaffee Tee-Caf\u00e9 Santa Helena\" \/>\n<meta property=\"og:description\" content=\"Gr\u00fcner Kaffee-Tee wird nicht ger\u00f6stet. Er ist roh und wird f\u00fcr Aufg\u00fcsse verwendet. Spezialit\u00e4tenkaffee 100% Bio-Arabica, aus Brasilien.\" \/>\n<meta property=\"og:url\" content=\"https:\/\/cafesantahelena.com\/de\/products\/gruner-kaffee-tee\/\" \/>\n<meta property=\"og:site_name\" content=\"Caf\u00e9 Santa Helena\" \/>\n<meta property=\"article:modified_time\" content=\"2025-01-24T14:25:49+00:00\" \/>\n<meta property=\"og:image\" content=\"https:\/\/cafesantahelena.com\/wp-content\/uploads\/2024\/07\/Green-coffee-tea.webp\" \/>\n\t<meta property=\"og:image:width\" content=\"350\" \/>\n\t<meta property=\"og:image:height\" content=\"450\" \/>\n\t<meta property=\"og:image:type\" content=\"image\/webp\" \/>\n<meta name=\"twitter:card\" content=\"summary_large_image\" \/>\n<meta name=\"twitter:label1\" content=\"Gesch\u00e4tzte Lesezeit\" \/>\n\t<meta name=\"twitter:data1\" content=\"3\u00a0Minuten\" \/>\n<script type=\"application\/ld+json\" class=\"yoast-schema-graph\">{\"@context\":\"https:\/\/schema.org\",\"@graph\":[{\"@type\":\"WebPage\",\"@id\":\"https:\/\/cafesantahelena.com\/de\/products\/gruner-kaffee-tee\/\",\"url\":\"https:\/\/cafesantahelena.com\/de\/products\/gruner-kaffee-tee\/\",\"name\":\"Gr\u00fcner Kaffee Tee-Caf\u00e9 Santa Helena\",\"isPartOf\":{\"@id\":\"https:\/\/cafesantahelena.com\/#website\"},\"primaryImageOfPage\":{\"@id\":\"https:\/\/cafesantahelena.com\/de\/products\/gruner-kaffee-tee\/#primaryimage\"},\"image\":{\"@id\":\"https:\/\/cafesantahelena.com\/de\/products\/gruner-kaffee-tee\/#primaryimage\"},\"thumbnailUrl\":\"https:\/\/cafesantahelena.com\/wp-content\/uploads\/2024\/07\/Green-coffee-tea.webp\",\"datePublished\":\"2024-06-22T15:08:57+00:00\",\"dateModified\":\"2025-01-24T14:25:49+00:00\",\"description\":\"Gr\u00fcner Kaffee-Tee wird nicht ger\u00f6stet. Er ist roh und wird f\u00fcr Aufg\u00fcsse verwendet. Spezialit\u00e4tenkaffee 100% Bio-Arabica, aus Brasilien.\",\"breadcrumb\":{\"@id\":\"https:\/\/cafesantahelena.com\/de\/products\/gruner-kaffee-tee\/#breadcrumb\"},\"inLanguage\":\"de\",\"potentialAction\":[{\"@type\":\"ReadAction\",\"target\":[\"https:\/\/cafesantahelena.com\/de\/products\/gruner-kaffee-tee\/\"]}]},{\"@type\":\"ImageObject\",\"inLanguage\":\"de\",\"@id\":\"https:\/\/cafesantahelena.com\/de\/products\/gruner-kaffee-tee\/#primaryimage\",\"url\":\"https:\/\/cafesantahelena.com\/wp-content\/uploads\/2024\/07\/Green-coffee-tea.webp\",\"contentUrl\":\"https:\/\/cafesantahelena.com\/wp-content\/uploads\/2024\/07\/Green-coffee-tea.webp\",\"width\":350,\"height\":450,\"caption\":\"Gr\u00fcner Kaffee Tee\"},{\"@type\":\"BreadcrumbList\",\"@id\":\"https:\/\/cafesantahelena.com\/de\/products\/gruner-kaffee-tee\/#breadcrumb\",\"itemListElement\":[{\"@type\":\"ListItem\",\"position\":1,\"name\":\"In\u00edcio\",\"item\":\"https:\/\/cafesantahelena.com\/de\/\"},{\"@type\":\"ListItem\",\"position\":2,\"name\":\"Produtos\",\"item\":\"https:\/\/cafesantahelena.com\/loja\/\"},{\"@type\":\"ListItem\",\"position\":3,\"name\":\"Gr\u00fcner Kaffee Tee\"}]},{\"@type\":\"WebSite\",\"@id\":\"https:\/\/cafesantahelena.com\/#website\",\"url\":\"https:\/\/cafesantahelena.com\/\",\"name\":\"Caf\u00e9 Santa Helena\",\"description\":\"\",\"potentialAction\":[{\"@type\":\"SearchAction\",\"target\":{\"@type\":\"EntryPoint\",\"urlTemplate\":\"https:\/\/cafesantahelena.com\/?s={search_term_string}\"},\"query-input\":{\"@type\":\"PropertyValueSpecification\",\"valueRequired\":true,\"valueName\":\"search_term_string\"}}],\"inLanguage\":\"de\"}]}<\/script>\n<!-- \/ Yoast SEO plugin. -->","yoast_head_json":{"title":"Gr\u00fcner Kaffee Tee-Caf\u00e9 Santa Helena","description":"Gr\u00fcner Kaffee-Tee wird nicht ger\u00f6stet. Er ist roh und wird f\u00fcr Aufg\u00fcsse verwendet. Spezialit\u00e4tenkaffee 100% Bio-Arabica, aus Brasilien.","robots":{"index":"index","follow":"follow","max-snippet":"max-snippet:-1","max-image-preview":"max-image-preview:large","max-video-preview":"max-video-preview:-1"},"canonical":"https:\/\/cafesantahelena.com\/de\/products\/gruner-kaffee-tee\/","og_locale":"de_DE","og_type":"article","og_title":"Gr\u00fcner Kaffee Tee-Caf\u00e9 Santa Helena","og_description":"Gr\u00fcner Kaffee-Tee wird nicht ger\u00f6stet. Er ist roh und wird f\u00fcr Aufg\u00fcsse verwendet. Spezialit\u00e4tenkaffee 100% Bio-Arabica, aus Brasilien.","og_url":"https:\/\/cafesantahelena.com\/de\/products\/gruner-kaffee-tee\/","og_site_name":"Caf\u00e9 Santa Helena","article_modified_time":"2025-01-24T14:25:49+00:00","og_image":[{"width":350,"height":450,"url":"https:\/\/cafesantahelena.com\/wp-content\/uploads\/2024\/07\/Green-coffee-tea.webp","type":"image\/webp"}],"twitter_card":"summary_large_image","twitter_misc":{"Gesch\u00e4tzte Lesezeit":"3\u00a0Minuten"},"schema":{"@context":"https:\/\/schema.org","@graph":[{"@type":"WebPage","@id":"https:\/\/cafesantahelena.com\/de\/products\/gruner-kaffee-tee\/","url":"https:\/\/cafesantahelena.com\/de\/products\/gruner-kaffee-tee\/","name":"Gr\u00fcner Kaffee Tee-Caf\u00e9 Santa Helena","isPartOf":{"@id":"https:\/\/cafesantahelena.com\/#website"},"primaryImageOfPage":{"@id":"https:\/\/cafesantahelena.com\/de\/products\/gruner-kaffee-tee\/#primaryimage"},"image":{"@id":"https:\/\/cafesantahelena.com\/de\/products\/gruner-kaffee-tee\/#primaryimage"},"thumbnailUrl":"https:\/\/cafesantahelena.com\/wp-content\/uploads\/2024\/07\/Green-coffee-tea.webp","datePublished":"2024-06-22T15:08:57+00:00","dateModified":"2025-01-24T14:25:49+00:00","description":"Gr\u00fcner Kaffee-Tee wird nicht ger\u00f6stet. Er ist roh und wird f\u00fcr Aufg\u00fcsse verwendet. Spezialit\u00e4tenkaffee 100% Bio-Arabica, aus Brasilien.","breadcrumb":{"@id":"https:\/\/cafesantahelena.com\/de\/products\/gruner-kaffee-tee\/#breadcrumb"},"inLanguage":"de","potentialAction":[{"@type":"ReadAction","target":["https:\/\/cafesantahelena.com\/de\/products\/gruner-kaffee-tee\/"]}]},{"@type":"ImageObject","inLanguage":"de","@id":"https:\/\/cafesantahelena.com\/de\/products\/gruner-kaffee-tee\/#primaryimage","url":"https:\/\/cafesantahelena.com\/wp-content\/uploads\/2024\/07\/Green-coffee-tea.webp","contentUrl":"https:\/\/cafesantahelena.com\/wp-content\/uploads\/2024\/07\/Green-coffee-tea.webp","width":350,"height":450,"caption":"Gr\u00fcner Kaffee Tee"},{"@type":"BreadcrumbList","@id":"https:\/\/cafesantahelena.com\/de\/products\/gruner-kaffee-tee\/#breadcrumb","itemListElement":[{"@type":"ListItem","position":1,"name":"In\u00edcio","item":"https:\/\/cafesantahelena.com\/de\/"},{"@type":"ListItem","position":2,"name":"Produtos","item":"https:\/\/cafesantahelena.com\/loja\/"},{"@type":"ListItem","position":3,"name":"Gr\u00fcner Kaffee Tee"}]},{"@type":"WebSite","@id":"https:\/\/cafesantahelena.com\/#website","url":"https:\/\/cafesantahelena.com\/","name":"Caf\u00e9 Santa Helena","description":"","potentialAction":[{"@type":"SearchAction","target":{"@type":"EntryPoint","urlTemplate":"https:\/\/cafesantahelena.com\/?s={search_term_string}"},"query-input":{"@type":"PropertyValueSpecification","valueRequired":true,"valueName":"search_term_string"}}],"inLanguage":"de"}]}},"_links":{"self":[{"href":"https:\/\/cafesantahelena.com\/de\/wp-json\/wp\/v2\/product\/14189","targetHints":{"allow":["GET"]}}],"collection":[{"href":"https:\/\/cafesantahelena.com\/de\/wp-json\/wp\/v2\/product"}],"about":[{"href":"https:\/\/cafesantahelena.com\/de\/wp-json\/wp\/v2\/types\/product"}],"replies":[{"embeddable":true,"href":"https:\/\/cafesantahelena.com\/de\/wp-json\/wp\/v2\/comments?post=14189"}],"wp:featuredmedia":[{"embeddable":true,"href":"https:\/\/cafesantahelena.com\/de\/wp-json\/wp\/v2\/media\/17123"}],"wp:attachment":[{"href":"https:\/\/cafesantahelena.com\/de\/wp-json\/wp\/v2\/media?parent=14189"}],"wp:term":[{"taxonomy":"product_brand","embeddable":true,"href":"https:\/\/cafesantahelena.com\/de\/wp-json\/wp\/v2\/product_brand?post=14189"},{"taxonomy":"product_cat","embeddable":true,"href":"https:\/\/cafesantahelena.com\/de\/wp-json\/wp\/v2\/product_cat?post=14189"},{"taxonomy":"product_tag","embeddable":true,"href":"https:\/\/cafesantahelena.com\/de\/wp-json\/wp\/v2\/product_tag?post=14189"}],"curies":[{"name":"wp","href":"https:\/\/api.w.org\/{rel}","templated":true}]}}