{"id":14723,"date":"2024-10-29T14:32:50","date_gmt":"2024-10-29T14:32:50","guid":{"rendered":"https:\/\/cafesantahelena.alivanstudio.com\/?post_type=product&#038;p=14723"},"modified":"2025-01-24T21:05:18","modified_gmt":"2025-01-24T21:05:18","slug":"kaffeeset","status":"publish","type":"product","link":"https:\/\/cafesantahelena.com\/de\/products\/kaffeeset\/","title":{"rendered":"Kit Kaffee und Becher"},"content":{"rendered":"<p>Ein sch\u00f6nes Geschenk f\u00fcr jemanden, der Kaffee liebt! Bestehend aus: 1- Holztablett Caf\u00e9 Santa Helena. Made in Switzerland 2- Handtuch aus Schafwolle handgefertigt. Hergestellt in \u00d6sterreich 3- 1x Tonbecher. Made in Portugal 4- 1 x Packung Caf\u00e9 Santa Helena ganze Bohnen 250g. Spezieller Kaffee, Bio 100% Arabica aus Brasilien.      <\/p>\n<p style=\"text-align: center;\"><a href=\"?add-to-cart=14716\"><span style=\"font-size: 18pt; color: #800000;\"><em><strong>in den Warenkorb!<\/strong><\/em><\/span><\/a><\/p>\n<p style=\"text-align: center;\"><img decoding=\"async\" class=\"alignnone wp-image-15375\" src=\"https:\/\/cafesantahelena.com\/wp-content\/uploads\/2024\/11\/logo-1.png\" alt=\"Logo Caf\u00e9 Santa Helena\" width=\"169\" height=\"169\" srcset=\"https:\/\/cafesantahelena.com\/wp-content\/uploads\/2024\/11\/logo-1.png 300w, https:\/\/cafesantahelena.com\/wp-content\/uploads\/2024\/11\/logo-1-100x100.png 100w, https:\/\/cafesantahelena.com\/wp-content\/uploads\/2024\/11\/logo-1-64x64.png 64w, https:\/\/cafesantahelena.com\/wp-content\/uploads\/2024\/11\/logo-1-150x150.png 150w\" sizes=\"(max-width: 169px) 100vw, 169px\" \/><\/p>\n","protected":false},"excerpt":{"rendered":"<p>IVA inklusive. Versandkosten an der Kasse Geben Sie dieses sch\u00f6ne Kit bestehend aus: 1-Holztablett 1-Schafwollhandtuch 1-Tonbecher 1-Packung ganze Kaffeebohnen 250g.<\/p>\n","protected":false},"featured_media":17113,"comment_status":"open","ping_status":"closed","template":"","meta":[],"product_brand":[],"product_cat":[181],"product_tag":[],"class_list":{"0":"post-14723","1":"product","2":"type-product","3":"status-publish","4":"has-post-thumbnail","6":"product_cat-kits","8":"first","9":"instock","10":"featured","11":"shipping-taxable","12":"purchasable","13":"product-type-simple"},"yoast_head":"<!-- This site is optimized with the Yoast SEO plugin v26.4 - https:\/\/yoast.com\/wordpress\/plugins\/seo\/ -->\n<title>Kit Kaffee und Becher - Caf\u00e9 Santa Helena<\/title>\n<meta name=\"description\" content=\"Das Kit Kaffee und Becher ist ein sch\u00f6nes Geschenk f\u00fcr Kaffeeliebhaber. kaffeeset und Becher. Das Kaffeeset ist ein sch\u00f5nes Geschenk f\u00fcr Kaffeeliebhaber. Es besteht aus 1 packung Kaffeebohnen und einer Tonbecher, Holztablett...\" \/>\n<meta name=\"robots\" content=\"index, follow, max-snippet:-1, max-image-preview:large, max-video-preview:-1\" \/>\n<link rel=\"canonical\" href=\"https:\/\/cafesantahelena.com\/de\/products\/kaffeeset\/\" \/>\n<meta property=\"og:locale\" content=\"de_DE\" \/>\n<meta property=\"og:type\" content=\"article\" \/>\n<meta property=\"og:title\" content=\"Kit Kaffee und Becher - Caf\u00e9 Santa Helena\" \/>\n<meta property=\"og:description\" content=\"Das Kit Kaffee und Becher ist ein sch\u00f6nes Geschenk f\u00fcr Kaffeeliebhaber. kaffeeset und Becher. Das Kaffeeset ist ein sch\u00f5nes Geschenk f\u00fcr Kaffeeliebhaber. Es besteht aus 1 packung Kaffeebohnen und einer Tonbecher, Holztablett...\" \/>\n<meta property=\"og:url\" content=\"https:\/\/cafesantahelena.com\/de\/products\/kaffeeset\/\" \/>\n<meta property=\"og:site_name\" content=\"Caf\u00e9 Santa Helena\" \/>\n<meta property=\"article:modified_time\" content=\"2025-01-24T21:05:18+00:00\" \/>\n<meta property=\"og:image\" content=\"https:\/\/cafesantahelena.com\/wp-content\/uploads\/2024\/07\/Kit-coffee-and-mug.webp\" \/>\n\t<meta property=\"og:image:width\" content=\"350\" \/>\n\t<meta property=\"og:image:height\" content=\"450\" \/>\n\t<meta property=\"og:image:type\" content=\"image\/webp\" \/>\n<meta name=\"twitter:card\" content=\"summary_large_image\" \/>\n<meta name=\"twitter:label1\" content=\"Gesch\u00e4tzte Lesezeit\" \/>\n\t<meta name=\"twitter:data1\" content=\"1\u00a0Minute\" \/>\n<script type=\"application\/ld+json\" class=\"yoast-schema-graph\">{\"@context\":\"https:\/\/schema.org\",\"@graph\":[{\"@type\":\"WebPage\",\"@id\":\"https:\/\/cafesantahelena.com\/de\/products\/kaffeeset\/\",\"url\":\"https:\/\/cafesantahelena.com\/de\/products\/kaffeeset\/\",\"name\":\"Kit Kaffee und Becher - Caf\u00e9 Santa Helena\",\"isPartOf\":{\"@id\":\"https:\/\/cafesantahelena.com\/#website\"},\"primaryImageOfPage\":{\"@id\":\"https:\/\/cafesantahelena.com\/de\/products\/kaffeeset\/#primaryimage\"},\"image\":{\"@id\":\"https:\/\/cafesantahelena.com\/de\/products\/kaffeeset\/#primaryimage\"},\"thumbnailUrl\":\"https:\/\/cafesantahelena.com\/wp-content\/uploads\/2024\/07\/Kit-coffee-and-mug.webp\",\"datePublished\":\"2024-10-29T14:32:50+00:00\",\"dateModified\":\"2025-01-24T21:05:18+00:00\",\"description\":\"Das Kit Kaffee und Becher ist ein sch\u00f6nes Geschenk f\u00fcr Kaffeeliebhaber. kaffeeset und Becher. Das Kaffeeset ist ein sch\u00f5nes Geschenk f\u00fcr Kaffeeliebhaber. Es besteht aus 1 packung Kaffeebohnen und einer Tonbecher, Holztablett...\",\"breadcrumb\":{\"@id\":\"https:\/\/cafesantahelena.com\/de\/products\/kaffeeset\/#breadcrumb\"},\"inLanguage\":\"de\",\"potentialAction\":[{\"@type\":\"ReadAction\",\"target\":[\"https:\/\/cafesantahelena.com\/de\/products\/kaffeeset\/\"]}]},{\"@type\":\"ImageObject\",\"inLanguage\":\"de\",\"@id\":\"https:\/\/cafesantahelena.com\/de\/products\/kaffeeset\/#primaryimage\",\"url\":\"https:\/\/cafesantahelena.com\/wp-content\/uploads\/2024\/07\/Kit-coffee-and-mug.webp\",\"contentUrl\":\"https:\/\/cafesantahelena.com\/wp-content\/uploads\/2024\/07\/Kit-coffee-and-mug.webp\",\"width\":350,\"height\":450,\"caption\":\"Kit Kaffee und Becher\"},{\"@type\":\"BreadcrumbList\",\"@id\":\"https:\/\/cafesantahelena.com\/de\/products\/kaffeeset\/#breadcrumb\",\"itemListElement\":[{\"@type\":\"ListItem\",\"position\":1,\"name\":\"In\u00edcio\",\"item\":\"https:\/\/cafesantahelena.com\/de\/\"},{\"@type\":\"ListItem\",\"position\":2,\"name\":\"Produtos\",\"item\":\"https:\/\/cafesantahelena.com\/loja\/\"},{\"@type\":\"ListItem\",\"position\":3,\"name\":\"Kit Kaffee und Becher\"}]},{\"@type\":\"WebSite\",\"@id\":\"https:\/\/cafesantahelena.com\/#website\",\"url\":\"https:\/\/cafesantahelena.com\/\",\"name\":\"Caf\u00e9 Santa Helena\",\"description\":\"\",\"potentialAction\":[{\"@type\":\"SearchAction\",\"target\":{\"@type\":\"EntryPoint\",\"urlTemplate\":\"https:\/\/cafesantahelena.com\/?s={search_term_string}\"},\"query-input\":{\"@type\":\"PropertyValueSpecification\",\"valueRequired\":true,\"valueName\":\"search_term_string\"}}],\"inLanguage\":\"de\"}]}<\/script>\n<!-- \/ Yoast SEO plugin. -->","yoast_head_json":{"title":"Kit Kaffee und Becher - Caf\u00e9 Santa Helena","description":"Das Kit Kaffee und Becher ist ein sch\u00f6nes Geschenk f\u00fcr Kaffeeliebhaber. kaffeeset und Becher. Das Kaffeeset ist ein sch\u00f5nes Geschenk f\u00fcr Kaffeeliebhaber. Es besteht aus 1 packung Kaffeebohnen und einer Tonbecher, Holztablett...","robots":{"index":"index","follow":"follow","max-snippet":"max-snippet:-1","max-image-preview":"max-image-preview:large","max-video-preview":"max-video-preview:-1"},"canonical":"https:\/\/cafesantahelena.com\/de\/products\/kaffeeset\/","og_locale":"de_DE","og_type":"article","og_title":"Kit Kaffee und Becher - Caf\u00e9 Santa Helena","og_description":"Das Kit Kaffee und Becher ist ein sch\u00f6nes Geschenk f\u00fcr Kaffeeliebhaber. kaffeeset und Becher. Das Kaffeeset ist ein sch\u00f5nes Geschenk f\u00fcr Kaffeeliebhaber. Es besteht aus 1 packung Kaffeebohnen und einer Tonbecher, Holztablett...","og_url":"https:\/\/cafesantahelena.com\/de\/products\/kaffeeset\/","og_site_name":"Caf\u00e9 Santa Helena","article_modified_time":"2025-01-24T21:05:18+00:00","og_image":[{"width":350,"height":450,"url":"https:\/\/cafesantahelena.com\/wp-content\/uploads\/2024\/07\/Kit-coffee-and-mug.webp","type":"image\/webp"}],"twitter_card":"summary_large_image","twitter_misc":{"Gesch\u00e4tzte Lesezeit":"1\u00a0Minute"},"schema":{"@context":"https:\/\/schema.org","@graph":[{"@type":"WebPage","@id":"https:\/\/cafesantahelena.com\/de\/products\/kaffeeset\/","url":"https:\/\/cafesantahelena.com\/de\/products\/kaffeeset\/","name":"Kit Kaffee und Becher - Caf\u00e9 Santa Helena","isPartOf":{"@id":"https:\/\/cafesantahelena.com\/#website"},"primaryImageOfPage":{"@id":"https:\/\/cafesantahelena.com\/de\/products\/kaffeeset\/#primaryimage"},"image":{"@id":"https:\/\/cafesantahelena.com\/de\/products\/kaffeeset\/#primaryimage"},"thumbnailUrl":"https:\/\/cafesantahelena.com\/wp-content\/uploads\/2024\/07\/Kit-coffee-and-mug.webp","datePublished":"2024-10-29T14:32:50+00:00","dateModified":"2025-01-24T21:05:18+00:00","description":"Das Kit Kaffee und Becher ist ein sch\u00f6nes Geschenk f\u00fcr Kaffeeliebhaber. kaffeeset und Becher. Das Kaffeeset ist ein sch\u00f5nes Geschenk f\u00fcr Kaffeeliebhaber. Es besteht aus 1 packung Kaffeebohnen und einer Tonbecher, Holztablett...","breadcrumb":{"@id":"https:\/\/cafesantahelena.com\/de\/products\/kaffeeset\/#breadcrumb"},"inLanguage":"de","potentialAction":[{"@type":"ReadAction","target":["https:\/\/cafesantahelena.com\/de\/products\/kaffeeset\/"]}]},{"@type":"ImageObject","inLanguage":"de","@id":"https:\/\/cafesantahelena.com\/de\/products\/kaffeeset\/#primaryimage","url":"https:\/\/cafesantahelena.com\/wp-content\/uploads\/2024\/07\/Kit-coffee-and-mug.webp","contentUrl":"https:\/\/cafesantahelena.com\/wp-content\/uploads\/2024\/07\/Kit-coffee-and-mug.webp","width":350,"height":450,"caption":"Kit Kaffee und Becher"},{"@type":"BreadcrumbList","@id":"https:\/\/cafesantahelena.com\/de\/products\/kaffeeset\/#breadcrumb","itemListElement":[{"@type":"ListItem","position":1,"name":"In\u00edcio","item":"https:\/\/cafesantahelena.com\/de\/"},{"@type":"ListItem","position":2,"name":"Produtos","item":"https:\/\/cafesantahelena.com\/loja\/"},{"@type":"ListItem","position":3,"name":"Kit Kaffee und Becher"}]},{"@type":"WebSite","@id":"https:\/\/cafesantahelena.com\/#website","url":"https:\/\/cafesantahelena.com\/","name":"Caf\u00e9 Santa Helena","description":"","potentialAction":[{"@type":"SearchAction","target":{"@type":"EntryPoint","urlTemplate":"https:\/\/cafesantahelena.com\/?s={search_term_string}"},"query-input":{"@type":"PropertyValueSpecification","valueRequired":true,"valueName":"search_term_string"}}],"inLanguage":"de"}]}},"_links":{"self":[{"href":"https:\/\/cafesantahelena.com\/de\/wp-json\/wp\/v2\/product\/14723","targetHints":{"allow":["GET"]}}],"collection":[{"href":"https:\/\/cafesantahelena.com\/de\/wp-json\/wp\/v2\/product"}],"about":[{"href":"https:\/\/cafesantahelena.com\/de\/wp-json\/wp\/v2\/types\/product"}],"replies":[{"embeddable":true,"href":"https:\/\/cafesantahelena.com\/de\/wp-json\/wp\/v2\/comments?post=14723"}],"wp:featuredmedia":[{"embeddable":true,"href":"https:\/\/cafesantahelena.com\/de\/wp-json\/wp\/v2\/media\/17113"}],"wp:attachment":[{"href":"https:\/\/cafesantahelena.com\/de\/wp-json\/wp\/v2\/media?parent=14723"}],"wp:term":[{"taxonomy":"product_brand","embeddable":true,"href":"https:\/\/cafesantahelena.com\/de\/wp-json\/wp\/v2\/product_brand?post=14723"},{"taxonomy":"product_cat","embeddable":true,"href":"https:\/\/cafesantahelena.com\/de\/wp-json\/wp\/v2\/product_cat?post=14723"},{"taxonomy":"product_tag","embeddable":true,"href":"https:\/\/cafesantahelena.com\/de\/wp-json\/wp\/v2\/product_tag?post=14723"}],"curies":[{"name":"wp","href":"https:\/\/api.w.org\/{rel}","templated":true}]}}