{"id":16752,"date":"2025-01-04T13:58:58","date_gmt":"2025-01-04T13:58:58","guid":{"rendered":"https:\/\/cafesantahelena.com\/products\/bouilloire-electrique-brewista\/"},"modified":"2025-01-20T18:32:38","modified_gmt":"2025-01-20T18:32:38","slug":"wasserkoche","status":"publish","type":"product","link":"https:\/\/cafesantahelena.com\/de\/products\/wasserkoche\/","title":{"rendered":"Brewista Artisan Wasserkoche"},"content":{"rendered":"<h2>Brewista Electrischer Wasserkoche Artisan Schwanenhals<\/h2>\n<p class=\"p1\"><span class=\"Apple-converted-space\">\u00a0<\/span>Wasserkoche<\/p>\n<p class=\"p1\">Beginnen Sie Ihr morgendliches Kaffeeritual mit dem Artisan-Wasserkocher. Das intelligente, hauseigene Design von Brewista erm\u00f6glicht eine gradgenaue Temperaturregelung f\u00fcr eine perfekt gebr\u00fchte Bohne. Der Artisan ist von h\u00f6chster Qualit\u00e4t und Pr\u00e4zision und wird von erfahrenen Baristas auf der ganzen Welt und von Liebhabern eines gehobenen Kaffeeerlebnisses gesch\u00e4tzt.<\/p>\n<ul class=\"ul1\">\n<li class=\"li1\">Ergonomischer, komfortabler Griff<\/li>\n<li class=\"li1\">Schwanenhalsauslauf f\u00fcr ein leichteres, kontrolliertes Ausgie\u00dfen<\/li>\n<li class=\"li1\">Elektronische Temperaturkontrolle mit LCD-Anzeige<\/li>\n<li class=\"li1\">Schnellkoch- und Warmhaltefunktion<\/li>\n<li class=\"li1\">1,0 Liter Fassungsverm\u00f6gen<\/li>\n<\/ul>\n<ul class=\"ul1\">\n<li class=\"li1\"><b>FAHRENHEIT OR CELSIUS<\/b><\/li>\n<\/ul>\n<p><img decoding=\"async\" class=\"alignnone size-full wp-image-14196\" src=\"https:\/\/cafesantahelena.com\/wp-content\/uploads\/2024\/07\/6C3D558C-EDC3-40F7-946E-0946C8ECE5E5.webp\" alt=\"electrical kettle\" width=\"120\" height=\"100\" srcset=\"https:\/\/cafesantahelena.com\/wp-content\/uploads\/2024\/07\/6C3D558C-EDC3-40F7-946E-0946C8ECE5E5.webp 120w, https:\/\/cafesantahelena.com\/wp-content\/uploads\/2024\/07\/6C3D558C-EDC3-40F7-946E-0946C8ECE5E5-64x53.webp 64w\" sizes=\"(max-width: 120px) 100vw, 120px\" \/><\/p>\n<p class=\"p1\">Stellen Sie die LCD-Anzeige auf die von Ihnen bevorzugte Temperaturskala ein, um sicherzustellen, dass Ihr Wasser zum Br\u00fchen bereit ist.<\/p>\n<p class=\"p1\"><b>STEEP TEAS<\/b><\/p>\n<p><img decoding=\"async\" class=\"alignnone size-full wp-image-14201\" src=\"https:\/\/cafesantahelena.com\/wp-content\/uploads\/2024\/07\/85A0EB47-F876-4E71-8E84-1EC1FA0F4FFF.webp\" alt=\"electrical kettle\" width=\"120\" height=\"100\" srcset=\"https:\/\/cafesantahelena.com\/wp-content\/uploads\/2024\/07\/85A0EB47-F876-4E71-8E84-1EC1FA0F4FFF.webp 120w, https:\/\/cafesantahelena.com\/wp-content\/uploads\/2024\/07\/85A0EB47-F876-4E71-8E84-1EC1FA0F4FFF-64x53.webp 64w\" sizes=\"(max-width: 120px) 100vw, 120px\" \/><\/p>\n<p class=\"p1\">Dieser Wasserkocher ist f\u00fcr alle Arten von Hei\u00dfgetr\u00e4nken geeignet und erfreut Teetrinker mit einer wunderbar duftenden Tasse Pfefferminztee.<\/p>\n<p><img decoding=\"async\" class=\"alignnone size-full wp-image-14206\" src=\"https:\/\/cafesantahelena.com\/wp-content\/uploads\/2024\/07\/B0955A87-81FF-4444-AC9A-D2CD29147557.webp\" alt=\"electrical kettle\" width=\"120\" height=\"100\" srcset=\"https:\/\/cafesantahelena.com\/wp-content\/uploads\/2024\/07\/B0955A87-81FF-4444-AC9A-D2CD29147557.webp 120w, https:\/\/cafesantahelena.com\/wp-content\/uploads\/2024\/07\/B0955A87-81FF-4444-AC9A-D2CD29147557-64x53.webp 64w\" sizes=\"(max-width: 120px) 100vw, 120px\" \/><\/p>\n<p class=\"p1\"><b>PR\u00c4ZISE AUSGIESSKONTROLLE<\/b><\/p>\n<p class=\"p1\">Beherrschen Sie Ihr Kaffeeritual, indem Sie den Zeitpunkt des Ausgie\u00dfens mit unserem intelligenten und eleganten Schwanenhalsgriff steuern.<\/p>\n<p><img loading=\"lazy\" decoding=\"async\" class=\"alignnone size-full wp-image-14211\" src=\"https:\/\/cafesantahelena.com\/wp-content\/uploads\/2024\/07\/FFBABDBA-1B0E-4611-B025-BC5605B331D0.webp\" alt=\"electrical kettle\" width=\"120\" height=\"100\" srcset=\"https:\/\/cafesantahelena.com\/wp-content\/uploads\/2024\/07\/FFBABDBA-1B0E-4611-B025-BC5605B331D0.webp 120w, https:\/\/cafesantahelena.com\/wp-content\/uploads\/2024\/07\/FFBABDBA-1B0E-4611-B025-BC5605B331D0-64x53.webp 64w\" sizes=\"(max-width: 120px) 100vw, 120px\" \/><\/p>\n<p class=\"p1\"><b>GRADGENAUE TEMPERATURKONTROLLE<\/b><\/p>\n<p class=\"p1\">Durch die punktgenaue Erhitzung entfalten Sie das komplette Geschmacksprofil Ihrer Lieblingsr\u00f6stung und machen Ihren Kaffeegenuss zu einem echten Erlebnis.<\/p>\n<p><img loading=\"lazy\" decoding=\"async\" class=\"alignnone size-full wp-image-14216\" src=\"https:\/\/cafesantahelena.com\/wp-content\/uploads\/2024\/07\/icon-flash-boil_140x.png\" alt=\"electrical kettle\" width=\"120\" height=\"100\" srcset=\"https:\/\/cafesantahelena.com\/wp-content\/uploads\/2024\/07\/icon-flash-boil_140x.png 120w, https:\/\/cafesantahelena.com\/wp-content\/uploads\/2024\/07\/icon-flash-boil_140x-64x53.png 64w\" sizes=\"(max-width: 120px) 100vw, 120px\" \/><\/p>\n<p class=\"p1\"><b>FLASHBOIL-EINSTELLUNG<\/b><\/p>\n<p class=\"p1\">Mit Kochgeschwindigkeiten, die selbst Liebhabern von Deep L gefallen, bedeutet die hohe Kochleistung von Brewista weniger Zeit zum Warten und mehr Zeit f\u00fcr den Genuss einer perfekten Tasse Kaffee.<\/p>\n<p class=\"p1\"><img loading=\"lazy\" decoding=\"async\" class=\"alignnone size-full wp-image-14221\" src=\"https:\/\/cafesantahelena.com\/wp-content\/uploads\/2024\/07\/icon-warm_140x.png\" alt=\"electrical kettle\" width=\"120\" height=\"100\" srcset=\"https:\/\/cafesantahelena.com\/wp-content\/uploads\/2024\/07\/icon-warm_140x.png 120w, https:\/\/cafesantahelena.com\/wp-content\/uploads\/2024\/07\/icon-warm_140x-64x53.png 64w\" sizes=\"(max-width: 120px) 100vw, 120px\" \/><\/p>\n<p class=\"p1\"><b>WARMHALTEFUNKTION<\/b><\/p>\n<p class=\"p1\">Erleben Sie das Gef\u00fchl der ersten Tasse, ohne Ihr Wasser neu starten zu m\u00fcssen. Behalten Sie Ihr gew\u00fcnschtes wat.<\/p>\n<p class=\"p1\" style=\"text-align: center;\"><b>Wenn Sie aus Ihrem Kaffee ein schickes Ritual machen wollen, sollten Sie nicht z\u00f6gern.<\/b><\/p>\n<p style=\"text-align: center;\"><a href=\"?add-to-cart=16752\"><strong><span style=\"color: #800000;\">In den Warenkorb<\/span><\/strong><\/a><\/p>\n<p style=\"text-align: center;\"><img loading=\"lazy\" decoding=\"async\" class=\"alignnone wp-image-15375\" src=\"https:\/\/cafesantahelena.com\/wp-content\/uploads\/2024\/11\/logo-1.png\" alt=\"Logo Caf\u00e9 Santa Helena\" width=\"171\" height=\"171\" srcset=\"https:\/\/cafesantahelena.com\/wp-content\/uploads\/2024\/11\/logo-1.png 300w, https:\/\/cafesantahelena.com\/wp-content\/uploads\/2024\/11\/logo-1-100x100.png 100w, https:\/\/cafesantahelena.com\/wp-content\/uploads\/2024\/11\/logo-1-64x64.png 64w, https:\/\/cafesantahelena.com\/wp-content\/uploads\/2024\/11\/logo-1-150x150.png 150w\" sizes=\"(max-width: 171px) 100vw, 171px\" \/><\/p>\n<p class=\"p1\" style=\"text-align: center;\">\n","protected":false},"excerpt":{"rendered":"<p class=\"p1\">Inkl. MwSt<b><br \/>\n<\/b>Versandkosten an der Kasse<\/p>\n<p class=\"p1\">Die Artisan-Kesselserie von Brewista bringt Stil und digitale Kontrolle in Ihre Kaffee- und Teezubereitung.<\/p>\n<p class=\"p1\">Der Artisan Wasserkocher wurde mit einem pr\u00e4zisen Schwanenhals und einem speziellen Winkelauslauf f\u00fcr die genaueste Ausgie\u00dfkontrolle und einem ergonomischen, griffigen Griff f\u00fcr mehr Komfort entwickelt.<\/p>\n<p class=\"p1\"><b>Fassungsverm\u00f6gen 1 l &#8211; 220 V<\/b><\/p>\n<p class=\"p1\"><b>Edelstahl und Holz<\/b><\/p>\n<p class=\"p1\">\n","protected":false},"featured_media":17063,"comment_status":"open","ping_status":"closed","template":"","meta":[],"product_brand":[],"product_cat":[168],"product_tag":[307],"class_list":{"0":"post-16752","1":"product","2":"type-product","3":"status-publish","4":"has-post-thumbnail","6":"product_cat-zubehor","7":"product_tag-elektrischer-wasserkocher-de","9":"first","10":"outofstock","11":"featured","12":"shipping-taxable","13":"purchasable","14":"product-type-simple"},"yoast_head":"<!-- This site is optimized with the Yoast SEO plugin v26.4 - https:\/\/yoast.com\/wordpress\/plugins\/seo\/ -->\n<title>Wasserkoche Brewista - Caf\u00e9 Santa Helena<\/title>\n<meta name=\"description\" content=\"Wassekoche Brewista. Beginnen Sie Ihr morgendliches Kaffeeritual mit dem Artisan-Wasserkoche. 1,0 Liter Fassungsverm\u00f6gen. Jetzt Kaufen!.\" \/>\n<meta name=\"robots\" content=\"index, follow, max-snippet:-1, max-image-preview:large, max-video-preview:-1\" \/>\n<link rel=\"canonical\" href=\"https:\/\/cafesantahelena.com\/de\/products\/wasserkoche\/\" \/>\n<meta property=\"og:locale\" content=\"de_DE\" \/>\n<meta property=\"og:type\" content=\"article\" \/>\n<meta property=\"og:title\" content=\"Wasserkoche Brewista - Caf\u00e9 Santa Helena\" \/>\n<meta property=\"og:description\" content=\"Wassekoche Brewista. Beginnen Sie Ihr morgendliches Kaffeeritual mit dem Artisan-Wasserkoche. 1,0 Liter Fassungsverm\u00f6gen. Jetzt Kaufen!.\" \/>\n<meta property=\"og:url\" content=\"https:\/\/cafesantahelena.com\/de\/products\/wasserkoche\/\" \/>\n<meta property=\"og:site_name\" content=\"Caf\u00e9 Santa Helena\" \/>\n<meta property=\"article:modified_time\" content=\"2025-01-20T18:32:38+00:00\" \/>\n<meta property=\"og:image\" content=\"https:\/\/cafesantahelena.com\/wp-content\/uploads\/2024\/07\/Brewista-electrical-kettle-.webp\" \/>\n\t<meta property=\"og:image:width\" content=\"350\" \/>\n\t<meta property=\"og:image:height\" content=\"450\" \/>\n\t<meta property=\"og:image:type\" content=\"image\/webp\" \/>\n<meta name=\"twitter:card\" content=\"summary_large_image\" \/>\n<meta name=\"twitter:label1\" content=\"Gesch\u00e4tzte Lesezeit\" \/>\n\t<meta name=\"twitter:data1\" content=\"3\u00a0Minuten\" \/>\n<script type=\"application\/ld+json\" class=\"yoast-schema-graph\">{\"@context\":\"https:\/\/schema.org\",\"@graph\":[{\"@type\":\"WebPage\",\"@id\":\"https:\/\/cafesantahelena.com\/de\/products\/wasserkoche\/\",\"url\":\"https:\/\/cafesantahelena.com\/de\/products\/wasserkoche\/\",\"name\":\"Wasserkoche Brewista - Caf\u00e9 Santa Helena\",\"isPartOf\":{\"@id\":\"https:\/\/cafesantahelena.com\/#website\"},\"primaryImageOfPage\":{\"@id\":\"https:\/\/cafesantahelena.com\/de\/products\/wasserkoche\/#primaryimage\"},\"image\":{\"@id\":\"https:\/\/cafesantahelena.com\/de\/products\/wasserkoche\/#primaryimage\"},\"thumbnailUrl\":\"https:\/\/cafesantahelena.com\/wp-content\/uploads\/2024\/07\/Brewista-electrical-kettle-.webp\",\"datePublished\":\"2025-01-04T13:58:58+00:00\",\"dateModified\":\"2025-01-20T18:32:38+00:00\",\"description\":\"Wassekoche Brewista. Beginnen Sie Ihr morgendliches Kaffeeritual mit dem Artisan-Wasserkoche. 1,0 Liter Fassungsverm\u00f6gen. Jetzt Kaufen!.\",\"breadcrumb\":{\"@id\":\"https:\/\/cafesantahelena.com\/de\/products\/wasserkoche\/#breadcrumb\"},\"inLanguage\":\"de\",\"potentialAction\":[{\"@type\":\"ReadAction\",\"target\":[\"https:\/\/cafesantahelena.com\/de\/products\/wasserkoche\/\"]}]},{\"@type\":\"ImageObject\",\"inLanguage\":\"de\",\"@id\":\"https:\/\/cafesantahelena.com\/de\/products\/wasserkoche\/#primaryimage\",\"url\":\"https:\/\/cafesantahelena.com\/wp-content\/uploads\/2024\/07\/Brewista-electrical-kettle-.webp\",\"contentUrl\":\"https:\/\/cafesantahelena.com\/wp-content\/uploads\/2024\/07\/Brewista-electrical-kettle-.webp\",\"width\":350,\"height\":450,\"caption\":\"electrical kettle\"},{\"@type\":\"BreadcrumbList\",\"@id\":\"https:\/\/cafesantahelena.com\/de\/products\/wasserkoche\/#breadcrumb\",\"itemListElement\":[{\"@type\":\"ListItem\",\"position\":1,\"name\":\"In\u00edcio\",\"item\":\"https:\/\/cafesantahelena.com\/de\/\"},{\"@type\":\"ListItem\",\"position\":2,\"name\":\"Produtos\",\"item\":\"https:\/\/cafesantahelena.com\/loja\/\"},{\"@type\":\"ListItem\",\"position\":3,\"name\":\"Brewista Artisan Wasserkoche\"}]},{\"@type\":\"WebSite\",\"@id\":\"https:\/\/cafesantahelena.com\/#website\",\"url\":\"https:\/\/cafesantahelena.com\/\",\"name\":\"Caf\u00e9 Santa Helena\",\"description\":\"\",\"potentialAction\":[{\"@type\":\"SearchAction\",\"target\":{\"@type\":\"EntryPoint\",\"urlTemplate\":\"https:\/\/cafesantahelena.com\/?s={search_term_string}\"},\"query-input\":{\"@type\":\"PropertyValueSpecification\",\"valueRequired\":true,\"valueName\":\"search_term_string\"}}],\"inLanguage\":\"de\"}]}<\/script>\n<!-- \/ Yoast SEO plugin. -->","yoast_head_json":{"title":"Wasserkoche Brewista - Caf\u00e9 Santa Helena","description":"Wassekoche Brewista. Beginnen Sie Ihr morgendliches Kaffeeritual mit dem Artisan-Wasserkoche. 1,0 Liter Fassungsverm\u00f6gen. Jetzt Kaufen!.","robots":{"index":"index","follow":"follow","max-snippet":"max-snippet:-1","max-image-preview":"max-image-preview:large","max-video-preview":"max-video-preview:-1"},"canonical":"https:\/\/cafesantahelena.com\/de\/products\/wasserkoche\/","og_locale":"de_DE","og_type":"article","og_title":"Wasserkoche Brewista - Caf\u00e9 Santa Helena","og_description":"Wassekoche Brewista. Beginnen Sie Ihr morgendliches Kaffeeritual mit dem Artisan-Wasserkoche. 1,0 Liter Fassungsverm\u00f6gen. Jetzt Kaufen!.","og_url":"https:\/\/cafesantahelena.com\/de\/products\/wasserkoche\/","og_site_name":"Caf\u00e9 Santa Helena","article_modified_time":"2025-01-20T18:32:38+00:00","og_image":[{"width":350,"height":450,"url":"https:\/\/cafesantahelena.com\/wp-content\/uploads\/2024\/07\/Brewista-electrical-kettle-.webp","type":"image\/webp"}],"twitter_card":"summary_large_image","twitter_misc":{"Gesch\u00e4tzte Lesezeit":"3\u00a0Minuten"},"schema":{"@context":"https:\/\/schema.org","@graph":[{"@type":"WebPage","@id":"https:\/\/cafesantahelena.com\/de\/products\/wasserkoche\/","url":"https:\/\/cafesantahelena.com\/de\/products\/wasserkoche\/","name":"Wasserkoche Brewista - Caf\u00e9 Santa Helena","isPartOf":{"@id":"https:\/\/cafesantahelena.com\/#website"},"primaryImageOfPage":{"@id":"https:\/\/cafesantahelena.com\/de\/products\/wasserkoche\/#primaryimage"},"image":{"@id":"https:\/\/cafesantahelena.com\/de\/products\/wasserkoche\/#primaryimage"},"thumbnailUrl":"https:\/\/cafesantahelena.com\/wp-content\/uploads\/2024\/07\/Brewista-electrical-kettle-.webp","datePublished":"2025-01-04T13:58:58+00:00","dateModified":"2025-01-20T18:32:38+00:00","description":"Wassekoche Brewista. Beginnen Sie Ihr morgendliches Kaffeeritual mit dem Artisan-Wasserkoche. 1,0 Liter Fassungsverm\u00f6gen. Jetzt Kaufen!.","breadcrumb":{"@id":"https:\/\/cafesantahelena.com\/de\/products\/wasserkoche\/#breadcrumb"},"inLanguage":"de","potentialAction":[{"@type":"ReadAction","target":["https:\/\/cafesantahelena.com\/de\/products\/wasserkoche\/"]}]},{"@type":"ImageObject","inLanguage":"de","@id":"https:\/\/cafesantahelena.com\/de\/products\/wasserkoche\/#primaryimage","url":"https:\/\/cafesantahelena.com\/wp-content\/uploads\/2024\/07\/Brewista-electrical-kettle-.webp","contentUrl":"https:\/\/cafesantahelena.com\/wp-content\/uploads\/2024\/07\/Brewista-electrical-kettle-.webp","width":350,"height":450,"caption":"electrical kettle"},{"@type":"BreadcrumbList","@id":"https:\/\/cafesantahelena.com\/de\/products\/wasserkoche\/#breadcrumb","itemListElement":[{"@type":"ListItem","position":1,"name":"In\u00edcio","item":"https:\/\/cafesantahelena.com\/de\/"},{"@type":"ListItem","position":2,"name":"Produtos","item":"https:\/\/cafesantahelena.com\/loja\/"},{"@type":"ListItem","position":3,"name":"Brewista Artisan Wasserkoche"}]},{"@type":"WebSite","@id":"https:\/\/cafesantahelena.com\/#website","url":"https:\/\/cafesantahelena.com\/","name":"Caf\u00e9 Santa Helena","description":"","potentialAction":[{"@type":"SearchAction","target":{"@type":"EntryPoint","urlTemplate":"https:\/\/cafesantahelena.com\/?s={search_term_string}"},"query-input":{"@type":"PropertyValueSpecification","valueRequired":true,"valueName":"search_term_string"}}],"inLanguage":"de"}]}},"_links":{"self":[{"href":"https:\/\/cafesantahelena.com\/de\/wp-json\/wp\/v2\/product\/16752","targetHints":{"allow":["GET"]}}],"collection":[{"href":"https:\/\/cafesantahelena.com\/de\/wp-json\/wp\/v2\/product"}],"about":[{"href":"https:\/\/cafesantahelena.com\/de\/wp-json\/wp\/v2\/types\/product"}],"replies":[{"embeddable":true,"href":"https:\/\/cafesantahelena.com\/de\/wp-json\/wp\/v2\/comments?post=16752"}],"wp:featuredmedia":[{"embeddable":true,"href":"https:\/\/cafesantahelena.com\/de\/wp-json\/wp\/v2\/media\/17063"}],"wp:attachment":[{"href":"https:\/\/cafesantahelena.com\/de\/wp-json\/wp\/v2\/media?parent=16752"}],"wp:term":[{"taxonomy":"product_brand","embeddable":true,"href":"https:\/\/cafesantahelena.com\/de\/wp-json\/wp\/v2\/product_brand?post=16752"},{"taxonomy":"product_cat","embeddable":true,"href":"https:\/\/cafesantahelena.com\/de\/wp-json\/wp\/v2\/product_cat?post=16752"},{"taxonomy":"product_tag","embeddable":true,"href":"https:\/\/cafesantahelena.com\/de\/wp-json\/wp\/v2\/product_tag?post=16752"}],"curies":[{"name":"wp","href":"https:\/\/api.w.org\/{rel}","templated":true}]}}