{"id":16772,"date":"2025-01-05T14:49:41","date_gmt":"2025-01-05T14:49:41","guid":{"rendered":"https:\/\/cafesantahelena.com\/?post_type=product&#038;p=16772"},"modified":"2025-01-20T18:25:40","modified_gmt":"2025-01-20T18:25:40","slug":"bio-espresso-kaffeekapseln","status":"publish","type":"product","link":"https:\/\/cafesantahelena.com\/de\/products\/bio-espresso-kaffeekapseln\/","title":{"rendered":"Bio Espresso Kaffeekapseln"},"content":{"rendered":"<h2 style=\"text-align: left;\"><strong>Nachhaltige Kaffeekapseln aus Holz f\u00fcr Espresso<\/strong><\/h2>\n<p style=\"text-align: left;\"><span style=\"font-size: 12pt;\">Bio Espresso Kaffeekapseln<\/span><\/p>\n<p><span style=\"font-size: 12pt;\">kompatibel mit Nespresso\u00ae-System Maschinen<\/span><\/p>\n<p><span style=\"font-size: 12pt;\">100% organisch, heimkompostierbar und biologisch abbaubar\u00a0<\/span><\/p>\n<p><span style=\"font-size: 12pt;\">Spezialit\u00e4tenkaffee<\/span><\/p>\n<p><span style=\"font-size: 12pt;\">100% Bio-Arabica, Single Origin\u00a0<\/span><\/p>\n<p><span style=\"font-size: 12pt;\"><strong>R\u00f6stung: <\/strong>Langsame handwerkliche R\u00f6stung in einem Holzr\u00f6ster in den Schweizer Bergen.<\/span><\/p>\n<p><span style=\"font-size: 12pt;\"><b>Produktion:<\/b><\/span><\/p>\n<p><strong><span style=\"font-size: 12pt;\">Botanische Sorte: <\/span><\/strong><span style=\"font-size: 12pt;\">Arabica (Catuai Vermelho)<\/span><\/p>\n<p><strong><span style=\"font-size: 12pt;\">Herkunft Rohkaffee: <\/span><\/strong><span style=\"font-size: 12pt;\">Brasilien<\/span><\/p>\n<p><strong><span style=\"font-size: 12pt;\">Ernte: <\/span><\/strong><span style=\"font-size: 12pt;\">Von Hand<\/span><\/p>\n<p><strong><span style=\"font-size: 12pt;\">Trocknen: <\/span><\/strong><span style=\"font-size: 12pt;\">An der Sonne<\/span><\/p>\n<h3 style=\"text-align: center;\"><strong>Was ist die Bedeutung von Espresso-Kaffee?<\/strong><\/h3>\n<p><span style=\"font-size: 12pt;\">Espresso ist eine italienische Art von Kaffee, bei der hei\u00dfes Wasser (ca. 90 \u00b0C) unter Druck durch dunkel ger\u00f6stete, fein gemahlene Kaffeebohnen gepresst wird.<\/span><\/p>\n<p><span style=\"font-size: 12pt;\">Wenn Sie dem Espresso dampfende Milch hinzuf\u00fcgen, erhalten Sie einen Cappuccino.<\/span><\/p>\n<p><strong><span style=\"font-size: 14pt;\">Zutaten: <\/span><\/strong><span style=\"font-size: 12pt;\">Spezialit\u00e4tenkaffee 100% Arabica, Bio und Fairtrade<\/span><\/p>\n<p><span style=\"font-size: 12pt;\">Single Origin aus Brasilien \ud83c\udde7\ud83c\uddf7<\/span><\/p>\n<p><strong>Runde Schachtel aus Kraftpapier Mit 10 Kapseln = 60g<\/strong><\/p>\n<p><span style=\"font-size: 12pt;\"><b>Zertifizierung von \u00a0Caf\u00e9 Santa Helena:<\/b><\/span><\/p>\n<p style=\"text-align: left;\"><strong><img decoding=\"async\" class=\"alignnone size-full wp-image-14085\" src=\"https:\/\/cafesantahelena.com\/wp-content\/uploads\/2024\/07\/DA7819F7-177F-4E28-A0D0-2B99487CAE75-300x52-1.jpeg\" alt=\"\" width=\"300\" height=\"52\" srcset=\"https:\/\/cafesantahelena.com\/wp-content\/uploads\/2024\/07\/DA7819F7-177F-4E28-A0D0-2B99487CAE75-300x52-1.jpeg 300w, https:\/\/cafesantahelena.com\/wp-content\/uploads\/2024\/07\/DA7819F7-177F-4E28-A0D0-2B99487CAE75-300x52-1-64x11.jpeg 64w\" sizes=\"(max-width: 300px) 100vw, 300px\" \/><\/strong><\/p>\n<p>&nbsp;<\/p>\n<p style=\"text-align: center;\"><span style=\"font-size: 18pt;\"><strong><span style=\"color: #ff0000;\"><span style=\"color: #800000;\"><em>W\u00e4hlen Sie das Beste w\u00e4hlen<\/em><\/span><\/span><\/strong><\/span><span style=\"color: #800000;\"><em>\u00a0<strong><span style=\"font-size: 18pt;\">Caf\u00e9 Santa Helena!<\/span><\/strong><\/em><\/span><\/p>\n<p style=\"text-align: center;\"><span style=\"color: #800000;\"><em><a style=\"color: #800000;\" href=\"?add-to-cart=16772\"><span style=\"font-size: 24pt;\"><strong>In den Warenkorb!<\/strong><\/span><\/a><\/em><\/span><\/p>\n<h3 style=\"text-align: center;\"><\/h3>\n<p style=\"text-align: center;\"><img decoding=\"async\" class=\"alignnone wp-image-15375\" src=\"https:\/\/cafesantahelena.com\/wp-content\/uploads\/2024\/11\/logo-1.png\" alt=\"Logo Caf\u00e9 Santa Helena\" width=\"172\" height=\"172\" srcset=\"https:\/\/cafesantahelena.com\/wp-content\/uploads\/2024\/11\/logo-1.png 300w, https:\/\/cafesantahelena.com\/wp-content\/uploads\/2024\/11\/logo-1-100x100.png 100w, https:\/\/cafesantahelena.com\/wp-content\/uploads\/2024\/11\/logo-1-64x64.png 64w, https:\/\/cafesantahelena.com\/wp-content\/uploads\/2024\/11\/logo-1-150x150.png 150w\" sizes=\"(max-width: 172px) 100vw, 172px\" \/><\/p>\n<p>&nbsp;<\/p>\n","protected":false},"excerpt":{"rendered":"<p>Inkl. MwSt<\/p>\n<p>Versandkosten an der Kasse<\/p>\n<p>Au\u00dfergew\u00f6hnliche Espresso-Kaffee-Kapseln, handwerklich ger\u00f6stet in einem Holzr\u00f6ster, der ein besonderes Aroma verleiht.<\/p>\n<p>100% Bio Arabica Spezialit\u00e4tenkaffee Single Origin.<\/p>\n<p>Er bringt ein ausgepr\u00e4gtes Aroma mit einem geringen Rests\u00e4uregehalt. Akzentuierte S\u00fc\u00dfe mit Noten von Karamell, Schokolade, Honig, einem Hauch von Waln\u00fcssen und Fr\u00fcchten. Voller K\u00f6rper und schmackhafte Crema.<\/p>\n<p>Ideal f\u00fcr alle, die einen starken Espresso lieben.<\/p>\n<p>R\u00f6stgrad: Dunkle<\/p>\n<p><img decoding=\"async\" class=\"alignnone wp-image-14166\" src=\"https:\/\/cafesantahelena.com\/wp-content\/uploads\/2024\/07\/B3DDE4ED-DC26-45F4-9E02-44607276617E-300x33-1.png\" alt=\"\" width=\"209\" height=\"23\" srcset=\"https:\/\/cafesantahelena.com\/wp-content\/uploads\/2024\/07\/B3DDE4ED-DC26-45F4-9E02-44607276617E-300x33-1.png 300w, https:\/\/cafesantahelena.com\/wp-content\/uploads\/2024\/07\/B3DDE4ED-DC26-45F4-9E02-44607276617E-300x33-1-64x7.png 64w\" sizes=\"(max-width: 209px) 100vw, 209px\" \/><\/p>\n<p>Kapseln aus Naturmaterial, kompostierbar und biologisch abbaubar.<\/p>\n<p>Runde Box aus Kraftpapier = 10 Kapseln, <strong>kompatibel mit dem Nespresso\u00ae-System<\/strong><\/p>\n<p>&nbsp;<\/p>\n","protected":false},"featured_media":17023,"comment_status":"open","ping_status":"closed","template":"","meta":[],"product_brand":[],"product_cat":[182],"product_tag":[236,209],"class_list":{"0":"post-16772","1":"product","2":"type-product","3":"status-publish","4":"has-post-thumbnail","6":"product_cat-oko-kapseln","7":"product_tag-espresso-coffee-de","8":"product_tag-kapseln-de","10":"first","11":"outofstock","12":"featured","13":"shipping-taxable","14":"purchasable","15":"product-type-simple"},"yoast_head":"<!-- This site is optimized with the Yoast SEO plugin v26.4 - https:\/\/yoast.com\/wordpress\/plugins\/seo\/ -->\n<title>Bio Espresso Kaffeekapseln- Caf\u00e9 Santa Helena<\/title>\n<meta name=\"description\" content=\"Bio Espresso kaffeekapseln. 100% Bio Arabica, Spezialit\u00e4tenKaffee. Heimkompostierbar und biologisch abbaubar. Runde Schachtel Kraftpapier mit 10 Kapseln\" \/>\n<meta name=\"robots\" content=\"index, follow, max-snippet:-1, max-image-preview:large, max-video-preview:-1\" \/>\n<link rel=\"canonical\" href=\"https:\/\/cafesantahelena.com\/de\/products\/bio-espresso-kaffeekapseln\/\" \/>\n<meta property=\"og:locale\" content=\"de_DE\" \/>\n<meta property=\"og:type\" content=\"article\" \/>\n<meta property=\"og:title\" content=\"Bio Espresso Kaffeekapseln- Caf\u00e9 Santa Helena\" \/>\n<meta property=\"og:description\" content=\"Bio Espresso kaffeekapseln. 100% Bio Arabica, Spezialit\u00e4tenKaffee. Heimkompostierbar und biologisch abbaubar. Runde Schachtel Kraftpapier mit 10 Kapseln\" \/>\n<meta property=\"og:url\" content=\"https:\/\/cafesantahelena.com\/de\/products\/bio-espresso-kaffeekapseln\/\" \/>\n<meta property=\"og:site_name\" content=\"Caf\u00e9 Santa Helena\" \/>\n<meta property=\"article:modified_time\" content=\"2025-01-20T18:25:40+00:00\" \/>\n<meta property=\"og:image\" content=\"https:\/\/cafesantahelena.com\/wp-content\/uploads\/2024\/07\/Capsules-espresso-organic-coffee.webp\" \/>\n\t<meta property=\"og:image:width\" content=\"350\" \/>\n\t<meta property=\"og:image:height\" content=\"450\" \/>\n\t<meta property=\"og:image:type\" content=\"image\/webp\" \/>\n<meta name=\"twitter:card\" content=\"summary_large_image\" \/>\n<meta name=\"twitter:label1\" content=\"Gesch\u00e4tzte Lesezeit\" \/>\n\t<meta name=\"twitter:data1\" content=\"2\u00a0Minuten\" \/>\n<script type=\"application\/ld+json\" class=\"yoast-schema-graph\">{\"@context\":\"https:\/\/schema.org\",\"@graph\":[{\"@type\":\"WebPage\",\"@id\":\"https:\/\/cafesantahelena.com\/de\/products\/bio-espresso-kaffeekapseln\/\",\"url\":\"https:\/\/cafesantahelena.com\/de\/products\/bio-espresso-kaffeekapseln\/\",\"name\":\"Bio Espresso Kaffeekapseln- Caf\u00e9 Santa Helena\",\"isPartOf\":{\"@id\":\"https:\/\/cafesantahelena.com\/#website\"},\"primaryImageOfPage\":{\"@id\":\"https:\/\/cafesantahelena.com\/de\/products\/bio-espresso-kaffeekapseln\/#primaryimage\"},\"image\":{\"@id\":\"https:\/\/cafesantahelena.com\/de\/products\/bio-espresso-kaffeekapseln\/#primaryimage\"},\"thumbnailUrl\":\"https:\/\/cafesantahelena.com\/wp-content\/uploads\/2024\/07\/Capsules-espresso-organic-coffee.webp\",\"datePublished\":\"2025-01-05T14:49:41+00:00\",\"dateModified\":\"2025-01-20T18:25:40+00:00\",\"description\":\"Bio Espresso kaffeekapseln. 100% Bio Arabica, Spezialit\u00e4tenKaffee. Heimkompostierbar und biologisch abbaubar. Runde Schachtel Kraftpapier mit 10 Kapseln\",\"breadcrumb\":{\"@id\":\"https:\/\/cafesantahelena.com\/de\/products\/bio-espresso-kaffeekapseln\/#breadcrumb\"},\"inLanguage\":\"de\",\"potentialAction\":[{\"@type\":\"ReadAction\",\"target\":[\"https:\/\/cafesantahelena.com\/de\/products\/bio-espresso-kaffeekapseln\/\"]}]},{\"@type\":\"ImageObject\",\"inLanguage\":\"de\",\"@id\":\"https:\/\/cafesantahelena.com\/de\/products\/bio-espresso-kaffeekapseln\/#primaryimage\",\"url\":\"https:\/\/cafesantahelena.com\/wp-content\/uploads\/2024\/07\/Capsules-espresso-organic-coffee.webp\",\"contentUrl\":\"https:\/\/cafesantahelena.com\/wp-content\/uploads\/2024\/07\/Capsules-espresso-organic-coffee.webp\",\"width\":350,\"height\":450,\"caption\":\"capsules espresso organic coffee\"},{\"@type\":\"BreadcrumbList\",\"@id\":\"https:\/\/cafesantahelena.com\/de\/products\/bio-espresso-kaffeekapseln\/#breadcrumb\",\"itemListElement\":[{\"@type\":\"ListItem\",\"position\":1,\"name\":\"In\u00edcio\",\"item\":\"https:\/\/cafesantahelena.com\/de\/\"},{\"@type\":\"ListItem\",\"position\":2,\"name\":\"Produtos\",\"item\":\"https:\/\/cafesantahelena.com\/loja\/\"},{\"@type\":\"ListItem\",\"position\":3,\"name\":\"Bio Espresso Kaffeekapseln\"}]},{\"@type\":\"WebSite\",\"@id\":\"https:\/\/cafesantahelena.com\/#website\",\"url\":\"https:\/\/cafesantahelena.com\/\",\"name\":\"Caf\u00e9 Santa Helena\",\"description\":\"\",\"potentialAction\":[{\"@type\":\"SearchAction\",\"target\":{\"@type\":\"EntryPoint\",\"urlTemplate\":\"https:\/\/cafesantahelena.com\/?s={search_term_string}\"},\"query-input\":{\"@type\":\"PropertyValueSpecification\",\"valueRequired\":true,\"valueName\":\"search_term_string\"}}],\"inLanguage\":\"de\"}]}<\/script>\n<!-- \/ Yoast SEO plugin. -->","yoast_head_json":{"title":"Bio Espresso Kaffeekapseln- Caf\u00e9 Santa Helena","description":"Bio Espresso kaffeekapseln. 100% Bio Arabica, Spezialit\u00e4tenKaffee. Heimkompostierbar und biologisch abbaubar. Runde Schachtel Kraftpapier mit 10 Kapseln","robots":{"index":"index","follow":"follow","max-snippet":"max-snippet:-1","max-image-preview":"max-image-preview:large","max-video-preview":"max-video-preview:-1"},"canonical":"https:\/\/cafesantahelena.com\/de\/products\/bio-espresso-kaffeekapseln\/","og_locale":"de_DE","og_type":"article","og_title":"Bio Espresso Kaffeekapseln- Caf\u00e9 Santa Helena","og_description":"Bio Espresso kaffeekapseln. 100% Bio Arabica, Spezialit\u00e4tenKaffee. Heimkompostierbar und biologisch abbaubar. Runde Schachtel Kraftpapier mit 10 Kapseln","og_url":"https:\/\/cafesantahelena.com\/de\/products\/bio-espresso-kaffeekapseln\/","og_site_name":"Caf\u00e9 Santa Helena","article_modified_time":"2025-01-20T18:25:40+00:00","og_image":[{"width":350,"height":450,"url":"https:\/\/cafesantahelena.com\/wp-content\/uploads\/2024\/07\/Capsules-espresso-organic-coffee.webp","type":"image\/webp"}],"twitter_card":"summary_large_image","twitter_misc":{"Gesch\u00e4tzte Lesezeit":"2\u00a0Minuten"},"schema":{"@context":"https:\/\/schema.org","@graph":[{"@type":"WebPage","@id":"https:\/\/cafesantahelena.com\/de\/products\/bio-espresso-kaffeekapseln\/","url":"https:\/\/cafesantahelena.com\/de\/products\/bio-espresso-kaffeekapseln\/","name":"Bio Espresso Kaffeekapseln- Caf\u00e9 Santa Helena","isPartOf":{"@id":"https:\/\/cafesantahelena.com\/#website"},"primaryImageOfPage":{"@id":"https:\/\/cafesantahelena.com\/de\/products\/bio-espresso-kaffeekapseln\/#primaryimage"},"image":{"@id":"https:\/\/cafesantahelena.com\/de\/products\/bio-espresso-kaffeekapseln\/#primaryimage"},"thumbnailUrl":"https:\/\/cafesantahelena.com\/wp-content\/uploads\/2024\/07\/Capsules-espresso-organic-coffee.webp","datePublished":"2025-01-05T14:49:41+00:00","dateModified":"2025-01-20T18:25:40+00:00","description":"Bio Espresso kaffeekapseln. 100% Bio Arabica, Spezialit\u00e4tenKaffee. Heimkompostierbar und biologisch abbaubar. Runde Schachtel Kraftpapier mit 10 Kapseln","breadcrumb":{"@id":"https:\/\/cafesantahelena.com\/de\/products\/bio-espresso-kaffeekapseln\/#breadcrumb"},"inLanguage":"de","potentialAction":[{"@type":"ReadAction","target":["https:\/\/cafesantahelena.com\/de\/products\/bio-espresso-kaffeekapseln\/"]}]},{"@type":"ImageObject","inLanguage":"de","@id":"https:\/\/cafesantahelena.com\/de\/products\/bio-espresso-kaffeekapseln\/#primaryimage","url":"https:\/\/cafesantahelena.com\/wp-content\/uploads\/2024\/07\/Capsules-espresso-organic-coffee.webp","contentUrl":"https:\/\/cafesantahelena.com\/wp-content\/uploads\/2024\/07\/Capsules-espresso-organic-coffee.webp","width":350,"height":450,"caption":"capsules espresso organic coffee"},{"@type":"BreadcrumbList","@id":"https:\/\/cafesantahelena.com\/de\/products\/bio-espresso-kaffeekapseln\/#breadcrumb","itemListElement":[{"@type":"ListItem","position":1,"name":"In\u00edcio","item":"https:\/\/cafesantahelena.com\/de\/"},{"@type":"ListItem","position":2,"name":"Produtos","item":"https:\/\/cafesantahelena.com\/loja\/"},{"@type":"ListItem","position":3,"name":"Bio Espresso Kaffeekapseln"}]},{"@type":"WebSite","@id":"https:\/\/cafesantahelena.com\/#website","url":"https:\/\/cafesantahelena.com\/","name":"Caf\u00e9 Santa Helena","description":"","potentialAction":[{"@type":"SearchAction","target":{"@type":"EntryPoint","urlTemplate":"https:\/\/cafesantahelena.com\/?s={search_term_string}"},"query-input":{"@type":"PropertyValueSpecification","valueRequired":true,"valueName":"search_term_string"}}],"inLanguage":"de"}]}},"_links":{"self":[{"href":"https:\/\/cafesantahelena.com\/de\/wp-json\/wp\/v2\/product\/16772","targetHints":{"allow":["GET"]}}],"collection":[{"href":"https:\/\/cafesantahelena.com\/de\/wp-json\/wp\/v2\/product"}],"about":[{"href":"https:\/\/cafesantahelena.com\/de\/wp-json\/wp\/v2\/types\/product"}],"replies":[{"embeddable":true,"href":"https:\/\/cafesantahelena.com\/de\/wp-json\/wp\/v2\/comments?post=16772"}],"wp:featuredmedia":[{"embeddable":true,"href":"https:\/\/cafesantahelena.com\/de\/wp-json\/wp\/v2\/media\/17023"}],"wp:attachment":[{"href":"https:\/\/cafesantahelena.com\/de\/wp-json\/wp\/v2\/media?parent=16772"}],"wp:term":[{"taxonomy":"product_brand","embeddable":true,"href":"https:\/\/cafesantahelena.com\/de\/wp-json\/wp\/v2\/product_brand?post=16772"},{"taxonomy":"product_cat","embeddable":true,"href":"https:\/\/cafesantahelena.com\/de\/wp-json\/wp\/v2\/product_cat?post=16772"},{"taxonomy":"product_tag","embeddable":true,"href":"https:\/\/cafesantahelena.com\/de\/wp-json\/wp\/v2\/product_tag?post=16772"}],"curies":[{"name":"wp","href":"https:\/\/api.w.org\/{rel}","templated":true}]}}