{"id":16794,"date":"2025-01-05T20:26:11","date_gmt":"2025-01-05T20:26:11","guid":{"rendered":"https:\/\/cafesantahelena.com\/products\/specialty-lungo-capsules\/"},"modified":"2025-11-16T18:43:01","modified_gmt":"2025-11-16T18:43:01","slug":"nachhaltige-kaffeekapseln-lungo","status":"publish","type":"product","link":"https:\/\/cafesantahelena.com\/de\/products\/nachhaltige-kaffeekapseln-lungo\/","title":{"rendered":"Nachhaltige Kaffeekapseln Lungo"},"content":{"rendered":"<h3><span style=\"color: #000000;\">NACHHALTIGE KAFFEEKAPSELN AUS HOLZ<\/span><\/h3>\n<p><b style=\"color: #000000; font-size: 12pt;\">Nachhaltige Kaffeekapseln lungo<\/b><\/p>\n<p><b style=\"color: #000000; font-size: 12pt;\">Kompatibel mit dem Nespresso\u00ae-System.<\/b><\/p>\n<p><span style=\"color: #000000; font-size: 12pt;\">100% nat\u00fcrliches Material, zu Hause kompostierbar und biologisch abbaubar.<\/span><\/p>\n<p class=\"p1\" style=\"text-align: left;\"><span style=\"font-size: 12pt; color: #000000;\">Spezialit\u00e4tenKaffee\u00a0<\/span><\/p>\n<p>&nbsp;<\/p>\n<p><span style=\"font-size: 12pt; color: #000000;\"><strong>Produktion:<\/strong><\/span><\/p>\n<p><span style=\"font-size: 12pt; color: #000000;\"><strong>Botanische Sorte: <\/strong>Arabica (Catuai Vermelho)<\/span><\/p>\n<p><span style=\"font-size: 12pt; color: #000000;\"><strong>Herkunft Rohkaffee: <\/strong>Brasilien &#8211; Bio und Fairtrade zertifiziert<\/span><\/p>\n<p><span style=\"font-size: 12pt; color: #000000;\"><strong>Ernten: <\/strong>Von Hand<\/span><\/p>\n<p><span style=\"font-size: 12pt; color: #000000;\"><strong>Trocknen: <\/strong>An der Sonne<\/span><\/p>\n<p><span style=\"font-size: 12pt; color: #000000;\"><strong>R\u00f6stung: <\/strong>Langsame handwerkliche R\u00f6stung in einem Holzr\u00f6ster im Engadin, Schweizer Berge<\/span><\/p>\n<p><strong>R\u00f6stgrad: <\/strong>Mittlere R\u00f6stung<\/p>\n<p>&nbsp;<\/p>\n<p><strong>Geschmacksprofil:<\/strong><\/p>\n<p><strong>Intensit\u00e4t<\/strong>: 3 von 5<br \/>\n<strong>K\u00f6rper<\/strong>: Milder K\u00f6rper<br \/>\n<strong>Aromen<\/strong>: Karamell und Dunkle Schokolade Note<\/p>\n<h3 style=\"text-align: center;\"><span style=\"font-size: 12pt; color: #000000;\"><strong>Was bedeutet Lungo-Kaffee?<\/strong><\/span><\/h3>\n<p style=\"text-align: left;\"><span style=\"font-size: 12pt; color: #000000;\">Lungo ist ein Kaffeegetr\u00e4nk, das mit einer Espressomaschine nach italienischer Art zubereitet wird. Es ist ein kurzer schwarzer Kaffee mit mehr Wasser, was zu einem gr\u00f6\u00dferen Kaffee, einem Lungo, f\u00fchrt. <\/span><\/p>\n<p><span style=\"font-size: 12pt; color: #000000;\">Lungo Kaffee ist weniger stark als ein Espresso.<\/span><\/p>\n<p><span style=\"font-size: 12pt; color: #000000;\"><b>Zutaten:<\/b><\/span><\/p>\n<ul>\n<li><span style=\"color: #000000; font-size: 12pt;\">Runde Schachtel mit 10 Kapseln = 60g. Spezialit\u00e4t Lungo Kaffeekapseln, 100% Bio-Arabica. <\/span><\/li>\n<\/ul>\n<p style=\"text-align: center;\"><span style=\"font-size: 12pt; color: #000000;\"><strong>Zertifizierungen von Santa Helenas Kaffee:<\/strong><\/span><\/p>\n<p>&nbsp;<\/p>\n<p style=\"text-align: center;\"><img decoding=\"async\" class=\"size-full wp-image-14096 aligncenter\" src=\"https:\/\/cafesantahelena.com\/wp-content\/uploads\/2024\/07\/DA7819F7-177F-4E28-A0D0-2B99487CAE75-300x52-2.jpeg\" alt=\"\" width=\"300\" height=\"52\" srcset=\"https:\/\/cafesantahelena.com\/wp-content\/uploads\/2024\/07\/DA7819F7-177F-4E28-A0D0-2B99487CAE75-300x52-2.jpeg 300w, https:\/\/cafesantahelena.com\/wp-content\/uploads\/2024\/07\/DA7819F7-177F-4E28-A0D0-2B99487CAE75-300x52-2-64x11.jpeg 64w\" sizes=\"(max-width: 300px) 100vw, 300px\" \/><\/p>\n<h3><\/h3>\n<h3 style=\"text-align: center;\"><span style=\"color: #800000;\"><strong style=\"font-size: 18pt;\">Sie lieben Bio Coffee Lungo Kapseln? W\u00e4hlen Sie das Beste!<br \/>\nCaf\u00e9 Santa Helena<\/strong><\/span><\/h3>\n<p style=\"text-align: center;\"><span style=\"color: #800000;\"><a style=\"color: #800000;\" href=\"?add-to-cart=16790\"><span style=\"font-size: 24pt;\"><strong>Buy Now!<\/strong><\/span><\/a><\/span><\/p>\n<p style=\"text-align: center;\"><img fetchpriority=\"high\" decoding=\"async\" class=\"alignnone size-full wp-image-15375\" src=\"https:\/\/cafesantahelena.com\/wp-content\/uploads\/2024\/11\/logo-1.png\" alt=\"Logo Caf\u00e9 Santa Helena\" width=\"300\" height=\"300\" srcset=\"https:\/\/cafesantahelena.com\/wp-content\/uploads\/2024\/11\/logo-1.png 300w, https:\/\/cafesantahelena.com\/wp-content\/uploads\/2024\/11\/logo-1-100x100.png 100w, https:\/\/cafesantahelena.com\/wp-content\/uploads\/2024\/11\/logo-1-64x64.png 64w, https:\/\/cafesantahelena.com\/wp-content\/uploads\/2024\/11\/logo-1-150x150.png 150w\" sizes=\"(max-width: 300px) 100vw, 300px\" \/><\/p>\n<p class=\"p1\"><span class=\"s1\">[\/expander_maker]<\/span><\/p>\n","protected":false},"excerpt":{"rendered":"<p class=\"p1\"><span class=\"s1\">IVA inklusive.<\/span><\/p>\n<p class=\"p1\"><span class=\"s1\">Versandkosten an der Kasse<\/span><\/p>\n<p class=\"p1\"><span class=\"s1\">Spezialit\u00e4tenkaffee. 100% Arabica, Einzige Herkunft<\/span><\/p>\n<p class=\"p1\"><span class=\"s1\">Au\u00dfergew\u00f6hnlicher Kaffee, der handwerklich in einem Holzr\u00f6ster ger\u00f6stet wird, was ihm ein besonderes Aroma verleiht.<\/span><\/p>\n<p class=\"p1\"><span class=\"s2\">Intensit\u00e4t: Mittlere R\u00f6stung<\/span><\/p>\n<p class=\"p1\"><span class=\"s2\">3 von 5<\/span><\/p>\n<p class=\"p2\"><span class=\"s1\"><img decoding=\"async\" src=\"data:image\/png;base64,iVBORw0KGgoAAAANSUhEUgAAASwAAAAhCAYAAABjlJYfAAAACXBIWXMAAA7EAAAOxAGVKw4bAAANgklEQVR4nOWdcYgc1R3HP06X47iG4zhCCMdxHEd6HCEEkRBCkDRUsRKKBBEJIiIhiIhIkSISQkCCBCkiIkFCEBGRIBJCOIKENFxTseGapm0sVmNMk+uZpuGaHmm8nue6bv\/4zuPNzs7Mzs6+3Xt7fuERcjs7895v3vu93+\/7+73f3kUxrAU2AfcBm4EJYBXwPfBv4E\/AaeA3wBfh31cy+oF1wGj474+BMvAV8CXwN+A\/y9W5DqMEDAPjwBiwBvgRMI9k8TlwDfhumfrXSZSAESSHMbRujCy+CNs1fhiyWA2sBzYAP0GyAPgncAn4C\/AJ8I2rB5aAjcCbwCxakNUGbR54O+xo4KojnqAX2AYcQgJfACrUy2AJuAq8jl7WSpMDaEzDwC+BKeAWyfOjgubEaWAX0LccnW0zAqSkniOfLM4Aj6INf6WhB62Rw8AMWgtpumIBmAaeAgZaffBw+NDbGQ\/MajeBp1kZi7UE3I8mY9YLSFPgr7KyJucQGtMNmpNFBfgI2Nr5LrcNQ8Cv0Xz\/IcsiQGM5Re0auQlMAgeAZ4Dn0YY\/jRSWkcUFYEuRB5eQ9r9Ocy8gqZWBB4t0wiOMAUdpXlHF21lgsMN9d41eYDfNK6p4uw083OG+u0YPsgxmaU0Wd4CdHe67a6wB3gAW0ZgWgQ\/RuAZINlqM63wAWaRmc9\/WzIN7wxuYB7toj6CX222WVgD8DLiCGzlUgO2dHIBjrAbeoXXFbdrRznbfKQaBt8hHkeRpx+m+9WEwjqylStimkDfSk\/P7AVL8RhbPkVMWPcARkjmZou0C4iwOIfewWxAAj1PcHU5qlxDpuBst\/m7CEHJfXMmiDOxBPOeODo7DBYbRonQliyqaExPAQx0chwtsRVxtFZhDazyvojIIkH6oIst9HCmwB7K+1Bt+yaWyMuZdP3AZmX2jTQ5mufAkMtVdLtBH0M58FW0MpU4NpkWMoB3U5QI9jTayA2iSbujYaFrDWuA8bmUxhRb5S2iNjHdsNK1hC9YdvogyCIpgK9IVFcRx9QIfYzf4OgTAi7gzb6vhw18I730Pllx7Hf9N3x24VVZV5EoF6CWXkTy6gWwdQMrFpSxuoMgzWEvlvY6MpjW0QxbXkSyCyL3fwf\/NbBRLlfwV8bxFMBR+v4rc4h60QRpOa3\/Slx7CKhRXyup1rGm4P\/LZjbCTvmIjboIN8R3UkO0vR\/5+DL+Vdwmlp7iUxQLW7VmLnXdL+G1ZGLrEpSyiZPsYdpHeQa6yr+jHbjSXUA5iEazHWqvnsNbU41gZXSVGn6zF+qAu2hJyLXvD+\/cCn8Wu8TU6NIBbnsa8iJHw\/quAP0c+m4t85iN245YiuB3e0yjpZ2Kf7+vAmIpiD+6CDUZxP4mVxdPUyjrRsvAAAXAQm0+2vcA9Sigfbwa7RsYin53EyqEM\/CL68Ddw9xLuoCTCKOn2SMJ1bxYYZCewD3cLtILyUaI++A5qJ30FpY\/4iDHcWppzaKxmgfZRz4udoXnCthMYRv13LQuDEgpORa\/5CD+t783YQNSvaL6P48j9X0Lzf5LaNbIZS8dcCv99zXy4ETdcTRn534aXMBik1qIw7WP889FHcRcRnAP2Yq1M0HjPJVx7sK2jKoYAd+5PGSmiuLv3GPWbww2Uz+MTApQ87XITi7t7uxKu9VUWp7BrOO\/m0o8ifh9g06VmgWdj9wiAE7HPq2hjA2TptDoZp5EVFT9uESCzNsliuZxw\/XIiQFnbrU7IBeB9LIkaxRMky+JY+4ZVGBuQud\/q4vwUuT3xd70m\/Cz+nUX8424mcCeL3dTLYi2WdI62O\/gXOd2M1vwiyrPKQoCMgH0ogmg8i1uI306iQnZiA38vh88oh99hDcUzdCtIUWWdC9tBusUyg7SuL1iD9aeLtCWkeO4l2USeIF3WU20aUyuIBgaKtMtod0w6G5ZlsVSQDH3CQVqTxRXE1SWdcCiRbjQs0WTGd5sRfW+nSLeuAuBulFQbdaNvI0U1kfK9cWzUcQYF5jYj5bgIitQ0m8awiMz7B6l1d+LYSrbPfwW\/ztU9TDHuah54F+WfpPnyQ2Tn7fimsHooltlfRu7\/btI3oxI6R5Yma98UVh\/1AaM8zZyL20O6LAKU9pNG5PumsAbRvKiQHDQz6UvvUXtKZgYp\/RHS18gwls9cRHQBSI8sIc+lKRdoCZFj95OtqAKkCBuRtefwi8N6i+YV1WHk+mWNYxidH8y6l28u4XqaU95l9D4fI9tqLqEjF1npM765hNH8wbyymEayyNqQS8jqyjr+5ptLuAmNb5Z6bm0VUkomLaMSXrcfrYEsrMMqqwpKJDZramf4t0sg0izPTnEWWVSNogEDYafzvOAjDe7VSSRFaLIm0SHSzVqDAIV7k3iaePONdN9NfivC8JeNyNdB5Po0Sgu4jl9EczOyOI8sj6wNHSSLQ+SThU\/Ht4wsJqndpIepTaadQ4oqMUM9AlNg4SrWKDoYu7dxx98Hqw3T2hzaBRqR44OIWP2U\/DuzT6H8NTSuPFBGJ8\/vobHiHkZh2DzR1zTzejnxGo37fQPlDTVy63vR+C7muGcVcSM+Wd55+KvraJ3kkcVORLDnWSdn8Sut4RXUrwORv63D0h1l5C00Sv4tIW7qOFZpz6KgVCl23UUkqz2QzV99Gt40DdEIQDOKqopq4zQyEzuJdWSnMywi3iVrQgboRb1Cc+S9j1n\/75Dd5zM0dtv60aZ0luaSLV9wO5SW8R7Zm81ZGlvbq1BwaoqVIYsnw\/8PYzcis0ayjJs+pLAnsZv5IqrYkaTktmCTU8chXVDTpB9QXoWif8cpnr9lztT5grtJd2NvEsmyTcAAsiAmKVaO5yh+ySJAuTJp\/X2LbEJ9A80r7ejGMOp+SC3hOOnKKksWJlJ2kGKyuI1\/x5SOob7tQl6VOREyT7rHFKDN7SVqAzmGE0+LqpewCnLSXJOk7T+jPj\/ClMF9AZmzrRxPKOPfgd\/1JCvfOZLLWwRoV92PwvdFD4wv0TiXZTlwlOQF+jbJ\/Iyxpk7SWhLyiXYNqAWkKe8jJFvcA4jTi1oRRdox\/HKNwVrez2ADdgsowBBXOn3IsPmAWu9lHs2vbWTznluR\/GqO5cQJ4Tnq3cDVyGdttaKiaacTBrfcGKaezyuTvGtsQGkMjfi\/PO0j\/EqeNUjKCzpFvTXRj6J+hmdoRRZLNKh9tEwwNZqi7Qz1yqof5Z3l5aeyWgU\/N7K9qH9T2ETavdSu5xLKEviY2o18BuX25fmNhz4siX+OiKyjhGIZFcyKfmkPrZfBjbY7FKzX3GaUqD3TVkH1uaMYRzuMqyqsZfxcoCDyM9rXK9Ra3X2Ix2gl0TbeTuCfRQH1pxPisjDloq\/iThYn8W9TB1k9USV0ktp3tgUpMyOv2+E1D9Hcxrw3vEeZWGHHbVj3zhRTAx16PYHb2lhV\/K6DFc3svoDNSu5Fityl4q7idzncIaxijh\/O3ojmisu5MU\/xwm\/tRrTkSxmb0Aiytk\/hXhZZwa7lxACiQKpIJubccB+qpWdcv3m01jfS\/EH2e7Gu9PvE1sgqbITPZNRuwl398mi7gF85JXFsQsq7jK1PNIjcP9eKexb\/CNUoAmytozNoFw0QN9Psr8LkafvwV3mXkAyqSDkZDm8X7jexCuJFfZUFWLrg1fD\/g0ixmFruZ1DqTxGMYxXiZVLKLj2F3B\/zYwvtmJDdUP62D\/ndH6JJOUxyZYVW2wLd8esoT6BddDv2OI3LHyUxbRI\/y8lE8QTa9e\/FZuu7rItl2nH85DSjuBsp7hGUv2gihYtI2Rbt\/zpsVZdbSBclIsCGYF0R69F2E3+5mjjGkDu0FvdF\/KrIUnseP7maOHrRnAjQAm2HsprGr3y8NPRiE4afpT2yuEDjzHBf0IO8s0nsGk+KFOaBOX9oAoALyJJveK93cf8SZvEz2pGFgObPFeZpS\/hv7idhE+1ZoOfxL+eqEbbgvs6\/UdxF66EvFx5FLuAC2XmKWehDG4ApknCLJk7API67l1FB7lWjDGAfEVBbntVFm0ORpG6wrOJ4ALccXhntzD6dF8yLeLVYF+vkOP6ddMiDCRQZNWcod5LfHexHkcNp7Ny6SJP5mQEKVbeaXzSPLImkOkjdggmSq6QWmZDnUdSn2ywrgxJKf3GxUOdRyNqnskLNoAflJLqSxT7856yyEHXlTMWOF5FVPoBc6Z7w30FkoR5A7q9RVKaYQOENbAPFwtZzqNxKt5m2aViNrTtdZEJeQdxPN09IgwBxFEU5TlOFtRst7jgCFCEsWuvenJ3zqYROK1iNFE7UO6ugFIerSKHNhJ9H89nuIBrK8KQtoRf5pR8gQi1JeZlOnUNE8qiLB3uGHmS6TpGPx1lEFtVzdKfL0wij6AdLbtA4m7sSXncYWZjd6A5nYRTlGuWVxXV0nGclyqKEFM8hlI6wSL1MDN91AXlg62lSDnfluCZA\/vU4ekFD4d++Bv4OfAl8AXzbzIO7ED3IzN0O\/BRZoSax9L\/A58BvUUrEJ8D\/Ot7DzmIEhfh\/jtyCEbTJfQv8A\/gDksXvga+WqY+dwgiaF\/ehRTuGFuJ3wDXgjygN4HfAv4Dvl6OTHcQAsqRHsPPiaySLa2itfFPkxv8HjufClkIGVeMAAAAASUVORK5CYII=\" alt=\"B3DDE4ED-DC26-45F4-9E02-44607276617E-300x33-1.png\" \/><\/span><\/p>\n<p class=\"p1\"><span class=\"s1\">Ideal f\u00fcr:<\/span><\/p>\n<p class=\"p1\"><span class=\"s1\">F\u00fcr Kaffeetrinker, die einen ausgewogenen Geschmack m\u00f6gen, ist unser Kaffee Lungo perfekt. Er hat eine akzentuierte S\u00fc\u00dfe mit Noten von Karamell, Schokolade, Honig und einem Hauch von Fr\u00fcchten. Er ist lecker mit einer sch\u00f6nen Crema und einem vollmundigen Lungo. <\/span><\/p>\n<p class=\"p1\"><span class=\"s1\">Runde Kraftpapierschachtel mit 10 Kapseln, kompatibel zum <\/span><span class=\"s2\">Nespresso\u00ae-System.<\/span><\/p>\n","protected":false},"featured_media":17048,"comment_status":"open","ping_status":"closed","template":"","meta":[],"product_brand":[],"product_cat":[182],"product_tag":[313,324],"class_list":{"0":"post-16794","1":"product","2":"type-product","3":"status-publish","4":"has-post-thumbnail","6":"product_cat-oko-kapseln","7":"product_tag-kaffee-lungo-de","8":"product_tag-kaffeekapseln-de","10":"first","11":"outofstock","12":"featured","13":"shipping-taxable","14":"purchasable","15":"product-type-simple"},"yoast_head":"<!-- This site is optimized with the Yoast SEO plugin v26.4 - https:\/\/yoast.com\/wordpress\/plugins\/seo\/ -->\n<title>Nachhaltige Kaffeekapseln Lungo - Caf\u00e9 Santa Helena<\/title>\n<meta name=\"description\" content=\"Nachhaltige Kaffeekapseln Lungo aus nat\u00fcrlichem Material, zu Hause kompostierbar Bio-Kaffeespezialit\u00e4t 100% Arabica. Runde Schachtel mit 10 Kapseln\" \/>\n<meta name=\"robots\" content=\"index, follow, max-snippet:-1, max-image-preview:large, max-video-preview:-1\" \/>\n<link rel=\"canonical\" href=\"https:\/\/cafesantahelena.com\/de\/products\/nachhaltige-kaffeekapseln-lungo\/\" \/>\n<meta property=\"og:locale\" content=\"de_DE\" \/>\n<meta property=\"og:type\" content=\"article\" \/>\n<meta property=\"og:title\" content=\"Nachhaltige Kaffeekapseln Lungo - Caf\u00e9 Santa Helena\" \/>\n<meta property=\"og:description\" content=\"Nachhaltige Kaffeekapseln Lungo aus nat\u00fcrlichem Material, zu Hause kompostierbar Bio-Kaffeespezialit\u00e4t 100% Arabica. Runde Schachtel mit 10 Kapseln\" \/>\n<meta property=\"og:url\" content=\"https:\/\/cafesantahelena.com\/de\/products\/nachhaltige-kaffeekapseln-lungo\/\" \/>\n<meta property=\"og:site_name\" content=\"Caf\u00e9 Santa Helena\" \/>\n<meta property=\"article:modified_time\" content=\"2025-11-16T18:43:01+00:00\" \/>\n<meta property=\"og:image\" content=\"https:\/\/cafesantahelena.com\/wp-content\/uploads\/2024\/07\/Specialty-lungo-coffee-capsules.webp\" \/>\n\t<meta property=\"og:image:width\" content=\"350\" \/>\n\t<meta property=\"og:image:height\" content=\"450\" \/>\n\t<meta property=\"og:image:type\" content=\"image\/webp\" \/>\n<meta name=\"twitter:card\" content=\"summary_large_image\" \/>\n<meta name=\"twitter:label1\" content=\"Gesch\u00e4tzte Lesezeit\" \/>\n\t<meta name=\"twitter:data1\" content=\"2\u00a0Minuten\" \/>\n<script type=\"application\/ld+json\" class=\"yoast-schema-graph\">{\"@context\":\"https:\/\/schema.org\",\"@graph\":[{\"@type\":\"WebPage\",\"@id\":\"https:\/\/cafesantahelena.com\/de\/products\/nachhaltige-kaffeekapseln-lungo\/\",\"url\":\"https:\/\/cafesantahelena.com\/de\/products\/nachhaltige-kaffeekapseln-lungo\/\",\"name\":\"Nachhaltige Kaffeekapseln Lungo - Caf\u00e9 Santa Helena\",\"isPartOf\":{\"@id\":\"https:\/\/cafesantahelena.com\/#website\"},\"primaryImageOfPage\":{\"@id\":\"https:\/\/cafesantahelena.com\/de\/products\/nachhaltige-kaffeekapseln-lungo\/#primaryimage\"},\"image\":{\"@id\":\"https:\/\/cafesantahelena.com\/de\/products\/nachhaltige-kaffeekapseln-lungo\/#primaryimage\"},\"thumbnailUrl\":\"https:\/\/cafesantahelena.com\/wp-content\/uploads\/2024\/07\/Specialty-lungo-coffee-capsules.webp\",\"datePublished\":\"2025-01-05T20:26:11+00:00\",\"dateModified\":\"2025-11-16T18:43:01+00:00\",\"description\":\"Nachhaltige Kaffeekapseln Lungo aus nat\u00fcrlichem Material, zu Hause kompostierbar Bio-Kaffeespezialit\u00e4t 100% Arabica. Runde Schachtel mit 10 Kapseln\",\"breadcrumb\":{\"@id\":\"https:\/\/cafesantahelena.com\/de\/products\/nachhaltige-kaffeekapseln-lungo\/#breadcrumb\"},\"inLanguage\":\"de\",\"potentialAction\":[{\"@type\":\"ReadAction\",\"target\":[\"https:\/\/cafesantahelena.com\/de\/products\/nachhaltige-kaffeekapseln-lungo\/\"]}]},{\"@type\":\"ImageObject\",\"inLanguage\":\"de\",\"@id\":\"https:\/\/cafesantahelena.com\/de\/products\/nachhaltige-kaffeekapseln-lungo\/#primaryimage\",\"url\":\"https:\/\/cafesantahelena.com\/wp-content\/uploads\/2024\/07\/Specialty-lungo-coffee-capsules.webp\",\"contentUrl\":\"https:\/\/cafesantahelena.com\/wp-content\/uploads\/2024\/07\/Specialty-lungo-coffee-capsules.webp\",\"width\":350,\"height\":450,\"caption\":\"specialty lungo capsules\"},{\"@type\":\"BreadcrumbList\",\"@id\":\"https:\/\/cafesantahelena.com\/de\/products\/nachhaltige-kaffeekapseln-lungo\/#breadcrumb\",\"itemListElement\":[{\"@type\":\"ListItem\",\"position\":1,\"name\":\"In\u00edcio\",\"item\":\"https:\/\/cafesantahelena.com\/de\/\"},{\"@type\":\"ListItem\",\"position\":2,\"name\":\"Produtos\",\"item\":\"https:\/\/cafesantahelena.com\/loja\/\"},{\"@type\":\"ListItem\",\"position\":3,\"name\":\"Nachhaltige Kaffeekapseln Lungo\"}]},{\"@type\":\"WebSite\",\"@id\":\"https:\/\/cafesantahelena.com\/#website\",\"url\":\"https:\/\/cafesantahelena.com\/\",\"name\":\"Caf\u00e9 Santa Helena\",\"description\":\"\",\"potentialAction\":[{\"@type\":\"SearchAction\",\"target\":{\"@type\":\"EntryPoint\",\"urlTemplate\":\"https:\/\/cafesantahelena.com\/?s={search_term_string}\"},\"query-input\":{\"@type\":\"PropertyValueSpecification\",\"valueRequired\":true,\"valueName\":\"search_term_string\"}}],\"inLanguage\":\"de\"}]}<\/script>\n<!-- \/ Yoast SEO plugin. -->","yoast_head_json":{"title":"Nachhaltige Kaffeekapseln Lungo - Caf\u00e9 Santa Helena","description":"Nachhaltige Kaffeekapseln Lungo aus nat\u00fcrlichem Material, zu Hause kompostierbar Bio-Kaffeespezialit\u00e4t 100% Arabica. Runde Schachtel mit 10 Kapseln","robots":{"index":"index","follow":"follow","max-snippet":"max-snippet:-1","max-image-preview":"max-image-preview:large","max-video-preview":"max-video-preview:-1"},"canonical":"https:\/\/cafesantahelena.com\/de\/products\/nachhaltige-kaffeekapseln-lungo\/","og_locale":"de_DE","og_type":"article","og_title":"Nachhaltige Kaffeekapseln Lungo - Caf\u00e9 Santa Helena","og_description":"Nachhaltige Kaffeekapseln Lungo aus nat\u00fcrlichem Material, zu Hause kompostierbar Bio-Kaffeespezialit\u00e4t 100% Arabica. Runde Schachtel mit 10 Kapseln","og_url":"https:\/\/cafesantahelena.com\/de\/products\/nachhaltige-kaffeekapseln-lungo\/","og_site_name":"Caf\u00e9 Santa Helena","article_modified_time":"2025-11-16T18:43:01+00:00","og_image":[{"width":350,"height":450,"url":"https:\/\/cafesantahelena.com\/wp-content\/uploads\/2024\/07\/Specialty-lungo-coffee-capsules.webp","type":"image\/webp"}],"twitter_card":"summary_large_image","twitter_misc":{"Gesch\u00e4tzte Lesezeit":"2\u00a0Minuten"},"schema":{"@context":"https:\/\/schema.org","@graph":[{"@type":"WebPage","@id":"https:\/\/cafesantahelena.com\/de\/products\/nachhaltige-kaffeekapseln-lungo\/","url":"https:\/\/cafesantahelena.com\/de\/products\/nachhaltige-kaffeekapseln-lungo\/","name":"Nachhaltige Kaffeekapseln Lungo - Caf\u00e9 Santa Helena","isPartOf":{"@id":"https:\/\/cafesantahelena.com\/#website"},"primaryImageOfPage":{"@id":"https:\/\/cafesantahelena.com\/de\/products\/nachhaltige-kaffeekapseln-lungo\/#primaryimage"},"image":{"@id":"https:\/\/cafesantahelena.com\/de\/products\/nachhaltige-kaffeekapseln-lungo\/#primaryimage"},"thumbnailUrl":"https:\/\/cafesantahelena.com\/wp-content\/uploads\/2024\/07\/Specialty-lungo-coffee-capsules.webp","datePublished":"2025-01-05T20:26:11+00:00","dateModified":"2025-11-16T18:43:01+00:00","description":"Nachhaltige Kaffeekapseln Lungo aus nat\u00fcrlichem Material, zu Hause kompostierbar Bio-Kaffeespezialit\u00e4t 100% Arabica. Runde Schachtel mit 10 Kapseln","breadcrumb":{"@id":"https:\/\/cafesantahelena.com\/de\/products\/nachhaltige-kaffeekapseln-lungo\/#breadcrumb"},"inLanguage":"de","potentialAction":[{"@type":"ReadAction","target":["https:\/\/cafesantahelena.com\/de\/products\/nachhaltige-kaffeekapseln-lungo\/"]}]},{"@type":"ImageObject","inLanguage":"de","@id":"https:\/\/cafesantahelena.com\/de\/products\/nachhaltige-kaffeekapseln-lungo\/#primaryimage","url":"https:\/\/cafesantahelena.com\/wp-content\/uploads\/2024\/07\/Specialty-lungo-coffee-capsules.webp","contentUrl":"https:\/\/cafesantahelena.com\/wp-content\/uploads\/2024\/07\/Specialty-lungo-coffee-capsules.webp","width":350,"height":450,"caption":"specialty lungo capsules"},{"@type":"BreadcrumbList","@id":"https:\/\/cafesantahelena.com\/de\/products\/nachhaltige-kaffeekapseln-lungo\/#breadcrumb","itemListElement":[{"@type":"ListItem","position":1,"name":"In\u00edcio","item":"https:\/\/cafesantahelena.com\/de\/"},{"@type":"ListItem","position":2,"name":"Produtos","item":"https:\/\/cafesantahelena.com\/loja\/"},{"@type":"ListItem","position":3,"name":"Nachhaltige Kaffeekapseln Lungo"}]},{"@type":"WebSite","@id":"https:\/\/cafesantahelena.com\/#website","url":"https:\/\/cafesantahelena.com\/","name":"Caf\u00e9 Santa Helena","description":"","potentialAction":[{"@type":"SearchAction","target":{"@type":"EntryPoint","urlTemplate":"https:\/\/cafesantahelena.com\/?s={search_term_string}"},"query-input":{"@type":"PropertyValueSpecification","valueRequired":true,"valueName":"search_term_string"}}],"inLanguage":"de"}]}},"_links":{"self":[{"href":"https:\/\/cafesantahelena.com\/de\/wp-json\/wp\/v2\/product\/16794","targetHints":{"allow":["GET"]}}],"collection":[{"href":"https:\/\/cafesantahelena.com\/de\/wp-json\/wp\/v2\/product"}],"about":[{"href":"https:\/\/cafesantahelena.com\/de\/wp-json\/wp\/v2\/types\/product"}],"replies":[{"embeddable":true,"href":"https:\/\/cafesantahelena.com\/de\/wp-json\/wp\/v2\/comments?post=16794"}],"wp:featuredmedia":[{"embeddable":true,"href":"https:\/\/cafesantahelena.com\/de\/wp-json\/wp\/v2\/media\/17048"}],"wp:attachment":[{"href":"https:\/\/cafesantahelena.com\/de\/wp-json\/wp\/v2\/media?parent=16794"}],"wp:term":[{"taxonomy":"product_brand","embeddable":true,"href":"https:\/\/cafesantahelena.com\/de\/wp-json\/wp\/v2\/product_brand?post=16794"},{"taxonomy":"product_cat","embeddable":true,"href":"https:\/\/cafesantahelena.com\/de\/wp-json\/wp\/v2\/product_cat?post=16794"},{"taxonomy":"product_tag","embeddable":true,"href":"https:\/\/cafesantahelena.com\/de\/wp-json\/wp\/v2\/product_tag?post=16794"}],"curies":[{"name":"wp","href":"https:\/\/api.w.org\/{rel}","templated":true}]}}