{"id":17336,"date":"2024-12-31T20:35:22","date_gmt":"2024-12-31T20:35:22","guid":{"rendered":"https:\/\/cafesantahelena.com\/products\/kaffeekapseln-cafe-feminino\/"},"modified":"2024-12-31T20:35:22","modified_gmt":"2024-12-31T20:35:22","slug":"kaffeekapseln-cafe-feminino","status":"publish","type":"product","link":"https:\/\/cafesantahelena.com\/de\/products\/kaffeekapseln-cafe-feminino\/","title":{"rendered":"Kaffeekapseln Caf\u00e9 Feminino"},"content":{"rendered":"<p>Kaffeekapseln Caf\u00e9 Feminino<\/p>\n<p>Der Kaffee wird nur von Frauen produziert &#8211; S\u00fcdlich von Minas Gerais<br \/>\n100% Arabica, Spezialit\u00e4tenkaffee, 86 SCA-Punkte, Micro-lots. Langsame handwerkliche Holzr\u00f6stung \ud83e\udeb5 in einem Holzr\u00f6ster. R\u00f6stgrad: Mittel<\/p>\n<p style=\"text-align: left;\">Ideal f\u00fcr Espresso. Hohe S\u00fc\u00dfe und geringer S\u00e4uregehalt. Erzeugt eine sch\u00f6ne Crema. Sanfter Nachgeschmack. <strong>Sensorische Noten<\/strong>: Fruchtig und blumig.\n<\/p>\n<p style=\"text-align: left;\"><strong><br \/>\nKapseln<\/strong><\/p>\n<ul>\n<li style=\"text-align: left;\">Innovative Kapseln aus nat\u00fcrlichen Materialien in der Schweiz hergestellt<\/li>\n<li style=\"text-align: left;\">Biobasiertes erneuerbares Material<\/li>\n<li style=\"text-align: left;\">Nicht-GMO<\/li>\n<li style=\"text-align: left;\">Keine PLA<\/li>\n<li style=\"text-align: left;\">Kein Aluminium<\/li>\n<li style=\"text-align: left;\">Kein fossiles Material aus Plastik<\/li>\n<li>Hausgarten kompostierbar<\/li>\n<\/ul>\n<p>Kompatibel mit Nespresso-Maschinen<\/p>\n<p><strong>Infusion von Kaffee durch Wasser &#8211; Filter durch Mikrofalten &#8211; optimales Ergebnis in der Tasse.<\/strong><\/p>\n<p><strong>Zutaten<\/strong>:<br \/>\nKaffee in Kapseln. 100% Bio-Arabica.<br \/>\nMittlere R\u00f6stung.<br \/>\nSchachtel mit 10 Kapseln. <\/p>\n<p style=\"text-align: center;\"><a href=\"?add-to-cart=16659\"><span style=\"color: #800000;\"><strong>Zum Warenkorb hinzuf\u00fcgen<\/strong><\/span><\/a><\/p>\n<p style=\"text-align: center;\"><img decoding=\"async\" class=\"alignnone wp-image-15375\" src=\"https:\/\/cafesantahelena.com\/wp-content\/uploads\/2024\/11\/logo-1.png\" alt=\"Logo Caf\u00e9 Santa Helena\" width=\"170\" height=\"170\" srcset=\"https:\/\/cafesantahelena.com\/wp-content\/uploads\/2024\/11\/logo-1.png 300w, https:\/\/cafesantahelena.com\/wp-content\/uploads\/2024\/11\/logo-1-100x100.png 100w, https:\/\/cafesantahelena.com\/wp-content\/uploads\/2024\/11\/logo-1-64x64.png 64w, https:\/\/cafesantahelena.com\/wp-content\/uploads\/2024\/11\/logo-1-150x150.png 150w\" sizes=\"(max-width: 170px) 100vw, 170px\" \/><\/p>\n<p class=\"p1\">\n","protected":false},"excerpt":{"rendered":"<p>IVA inklusive.<\/p>\n<p>Zuz\u00fcglich Versandkosten an der Kasse Kaffee \u00d6ko-Kapseln Kompostierbare und biologisch abbaubare Kapseln aus nat\u00fcrlichem Material aus der Schweiz Bio-Spezialit\u00e4tenkaffee, 100% Arabica- Microlot-Kaffee mit geringem Rests\u00e4uregehalt und ausgepr\u00e4gter S\u00fc\u00dfe. <strong>Sensorische Noten<\/strong>: fruchtig und blumig<br \/>\nR\u00f6stgrad: Mittel Ideal f\u00fcr alle, die Espresso mit einer k\u00f6stlichen Crema genie\u00dfen. Sanfter Nachgeschmack. Kompatibel mit Nespresso-System-Maschinen.<br \/>\nSchachtel mit 10 Kapseln<\/p>\n","protected":false},"featured_media":16654,"comment_status":"open","ping_status":"closed","template":"","meta":[],"product_brand":[],"product_cat":[182],"product_tag":[236,324],"class_list":{"0":"post-17336","1":"product","2":"type-product","3":"status-publish","4":"has-post-thumbnail","6":"product_cat-oko-kapseln","7":"product_tag-espresso-coffee-de","8":"product_tag-kaffeekapseln-de","10":"first","11":"outofstock","12":"featured","13":"shipping-taxable","14":"purchasable","15":"product-type-simple"},"yoast_head":"<!-- This site is optimized with the Yoast SEO plugin v26.4 - https:\/\/yoast.com\/wordpress\/plugins\/seo\/ -->\n<title>Kaffeekapseln Caf\u00e9 Feminino - Caf\u00e9 Santa Helena<\/title>\n<meta name=\"description\" content=\"Kaffeekapseln Caf\u00e9 Feminino. Ausschlie\u00dflich von Frauen im S\u00fcden von Minas Gerais angebaut. 100% Bio-Arabica, Spezialit\u00e4tenkaffee Microlot. Schachtel mit 10 Kapseln.\" \/>\n<meta name=\"robots\" content=\"index, follow, max-snippet:-1, max-image-preview:large, max-video-preview:-1\" \/>\n<link rel=\"canonical\" href=\"https:\/\/cafesantahelena.com\/de\/products\/kaffeekapseln-cafe-feminino\/\" \/>\n<meta property=\"og:locale\" content=\"de_DE\" \/>\n<meta property=\"og:type\" content=\"article\" \/>\n<meta property=\"og:title\" content=\"Kaffeekapseln Caf\u00e9 Feminino - Caf\u00e9 Santa Helena\" \/>\n<meta property=\"og:description\" content=\"Kaffeekapseln Caf\u00e9 Feminino. Ausschlie\u00dflich von Frauen im S\u00fcden von Minas Gerais angebaut. 100% Bio-Arabica, Spezialit\u00e4tenkaffee Microlot. Schachtel mit 10 Kapseln.\" \/>\n<meta property=\"og:url\" content=\"https:\/\/cafesantahelena.com\/de\/products\/kaffeekapseln-cafe-feminino\/\" \/>\n<meta property=\"og:site_name\" content=\"Caf\u00e9 Santa Helena\" \/>\n<meta property=\"og:image\" content=\"https:\/\/cafesantahelena.com\/wp-content\/uploads\/2024\/12\/custom-3.png\" \/>\n\t<meta property=\"og:image:width\" content=\"350\" \/>\n\t<meta property=\"og:image:height\" content=\"450\" \/>\n\t<meta property=\"og:image:type\" content=\"image\/png\" \/>\n<meta name=\"twitter:card\" content=\"summary_large_image\" \/>\n<meta name=\"twitter:label1\" content=\"Gesch\u00e4tzte Lesezeit\" \/>\n\t<meta name=\"twitter:data1\" content=\"1\u00a0Minute\" \/>\n<script type=\"application\/ld+json\" class=\"yoast-schema-graph\">{\"@context\":\"https:\/\/schema.org\",\"@graph\":[{\"@type\":\"WebPage\",\"@id\":\"https:\/\/cafesantahelena.com\/de\/products\/kaffeekapseln-cafe-feminino\/\",\"url\":\"https:\/\/cafesantahelena.com\/de\/products\/kaffeekapseln-cafe-feminino\/\",\"name\":\"Kaffeekapseln Caf\u00e9 Feminino - Caf\u00e9 Santa Helena\",\"isPartOf\":{\"@id\":\"https:\/\/cafesantahelena.com\/#website\"},\"primaryImageOfPage\":{\"@id\":\"https:\/\/cafesantahelena.com\/de\/products\/kaffeekapseln-cafe-feminino\/#primaryimage\"},\"image\":{\"@id\":\"https:\/\/cafesantahelena.com\/de\/products\/kaffeekapseln-cafe-feminino\/#primaryimage\"},\"thumbnailUrl\":\"https:\/\/cafesantahelena.com\/wp-content\/uploads\/2024\/12\/custom-3.png\",\"datePublished\":\"2024-12-31T20:35:22+00:00\",\"description\":\"Kaffeekapseln Caf\u00e9 Feminino. Ausschlie\u00dflich von Frauen im S\u00fcden von Minas Gerais angebaut. 100% Bio-Arabica, Spezialit\u00e4tenkaffee Microlot. Schachtel mit 10 Kapseln.\",\"breadcrumb\":{\"@id\":\"https:\/\/cafesantahelena.com\/de\/products\/kaffeekapseln-cafe-feminino\/#breadcrumb\"},\"inLanguage\":\"de\",\"potentialAction\":[{\"@type\":\"ReadAction\",\"target\":[\"https:\/\/cafesantahelena.com\/de\/products\/kaffeekapseln-cafe-feminino\/\"]}]},{\"@type\":\"ImageObject\",\"inLanguage\":\"de\",\"@id\":\"https:\/\/cafesantahelena.com\/de\/products\/kaffeekapseln-cafe-feminino\/#primaryimage\",\"url\":\"https:\/\/cafesantahelena.com\/wp-content\/uploads\/2024\/12\/custom-3.png\",\"contentUrl\":\"https:\/\/cafesantahelena.com\/wp-content\/uploads\/2024\/12\/custom-3.png\",\"width\":350,\"height\":450},{\"@type\":\"BreadcrumbList\",\"@id\":\"https:\/\/cafesantahelena.com\/de\/products\/kaffeekapseln-cafe-feminino\/#breadcrumb\",\"itemListElement\":[{\"@type\":\"ListItem\",\"position\":1,\"name\":\"In\u00edcio\",\"item\":\"https:\/\/cafesantahelena.com\/de\/\"},{\"@type\":\"ListItem\",\"position\":2,\"name\":\"Produtos\",\"item\":\"https:\/\/cafesantahelena.com\/loja\/\"},{\"@type\":\"ListItem\",\"position\":3,\"name\":\"Kaffeekapseln Caf\u00e9 Feminino\"}]},{\"@type\":\"WebSite\",\"@id\":\"https:\/\/cafesantahelena.com\/#website\",\"url\":\"https:\/\/cafesantahelena.com\/\",\"name\":\"Caf\u00e9 Santa Helena\",\"description\":\"\",\"potentialAction\":[{\"@type\":\"SearchAction\",\"target\":{\"@type\":\"EntryPoint\",\"urlTemplate\":\"https:\/\/cafesantahelena.com\/?s={search_term_string}\"},\"query-input\":{\"@type\":\"PropertyValueSpecification\",\"valueRequired\":true,\"valueName\":\"search_term_string\"}}],\"inLanguage\":\"de\"}]}<\/script>\n<!-- \/ Yoast SEO plugin. -->","yoast_head_json":{"title":"Kaffeekapseln Caf\u00e9 Feminino - Caf\u00e9 Santa Helena","description":"Kaffeekapseln Caf\u00e9 Feminino. Ausschlie\u00dflich von Frauen im S\u00fcden von Minas Gerais angebaut. 100% Bio-Arabica, Spezialit\u00e4tenkaffee Microlot. Schachtel mit 10 Kapseln.","robots":{"index":"index","follow":"follow","max-snippet":"max-snippet:-1","max-image-preview":"max-image-preview:large","max-video-preview":"max-video-preview:-1"},"canonical":"https:\/\/cafesantahelena.com\/de\/products\/kaffeekapseln-cafe-feminino\/","og_locale":"de_DE","og_type":"article","og_title":"Kaffeekapseln Caf\u00e9 Feminino - Caf\u00e9 Santa Helena","og_description":"Kaffeekapseln Caf\u00e9 Feminino. Ausschlie\u00dflich von Frauen im S\u00fcden von Minas Gerais angebaut. 100% Bio-Arabica, Spezialit\u00e4tenkaffee Microlot. Schachtel mit 10 Kapseln.","og_url":"https:\/\/cafesantahelena.com\/de\/products\/kaffeekapseln-cafe-feminino\/","og_site_name":"Caf\u00e9 Santa Helena","og_image":[{"width":350,"height":450,"url":"https:\/\/cafesantahelena.com\/wp-content\/uploads\/2024\/12\/custom-3.png","type":"image\/png"}],"twitter_card":"summary_large_image","twitter_misc":{"Gesch\u00e4tzte Lesezeit":"1\u00a0Minute"},"schema":{"@context":"https:\/\/schema.org","@graph":[{"@type":"WebPage","@id":"https:\/\/cafesantahelena.com\/de\/products\/kaffeekapseln-cafe-feminino\/","url":"https:\/\/cafesantahelena.com\/de\/products\/kaffeekapseln-cafe-feminino\/","name":"Kaffeekapseln Caf\u00e9 Feminino - Caf\u00e9 Santa Helena","isPartOf":{"@id":"https:\/\/cafesantahelena.com\/#website"},"primaryImageOfPage":{"@id":"https:\/\/cafesantahelena.com\/de\/products\/kaffeekapseln-cafe-feminino\/#primaryimage"},"image":{"@id":"https:\/\/cafesantahelena.com\/de\/products\/kaffeekapseln-cafe-feminino\/#primaryimage"},"thumbnailUrl":"https:\/\/cafesantahelena.com\/wp-content\/uploads\/2024\/12\/custom-3.png","datePublished":"2024-12-31T20:35:22+00:00","description":"Kaffeekapseln Caf\u00e9 Feminino. Ausschlie\u00dflich von Frauen im S\u00fcden von Minas Gerais angebaut. 100% Bio-Arabica, Spezialit\u00e4tenkaffee Microlot. Schachtel mit 10 Kapseln.","breadcrumb":{"@id":"https:\/\/cafesantahelena.com\/de\/products\/kaffeekapseln-cafe-feminino\/#breadcrumb"},"inLanguage":"de","potentialAction":[{"@type":"ReadAction","target":["https:\/\/cafesantahelena.com\/de\/products\/kaffeekapseln-cafe-feminino\/"]}]},{"@type":"ImageObject","inLanguage":"de","@id":"https:\/\/cafesantahelena.com\/de\/products\/kaffeekapseln-cafe-feminino\/#primaryimage","url":"https:\/\/cafesantahelena.com\/wp-content\/uploads\/2024\/12\/custom-3.png","contentUrl":"https:\/\/cafesantahelena.com\/wp-content\/uploads\/2024\/12\/custom-3.png","width":350,"height":450},{"@type":"BreadcrumbList","@id":"https:\/\/cafesantahelena.com\/de\/products\/kaffeekapseln-cafe-feminino\/#breadcrumb","itemListElement":[{"@type":"ListItem","position":1,"name":"In\u00edcio","item":"https:\/\/cafesantahelena.com\/de\/"},{"@type":"ListItem","position":2,"name":"Produtos","item":"https:\/\/cafesantahelena.com\/loja\/"},{"@type":"ListItem","position":3,"name":"Kaffeekapseln Caf\u00e9 Feminino"}]},{"@type":"WebSite","@id":"https:\/\/cafesantahelena.com\/#website","url":"https:\/\/cafesantahelena.com\/","name":"Caf\u00e9 Santa Helena","description":"","potentialAction":[{"@type":"SearchAction","target":{"@type":"EntryPoint","urlTemplate":"https:\/\/cafesantahelena.com\/?s={search_term_string}"},"query-input":{"@type":"PropertyValueSpecification","valueRequired":true,"valueName":"search_term_string"}}],"inLanguage":"de"}]}},"_links":{"self":[{"href":"https:\/\/cafesantahelena.com\/de\/wp-json\/wp\/v2\/product\/17336","targetHints":{"allow":["GET"]}}],"collection":[{"href":"https:\/\/cafesantahelena.com\/de\/wp-json\/wp\/v2\/product"}],"about":[{"href":"https:\/\/cafesantahelena.com\/de\/wp-json\/wp\/v2\/types\/product"}],"replies":[{"embeddable":true,"href":"https:\/\/cafesantahelena.com\/de\/wp-json\/wp\/v2\/comments?post=17336"}],"wp:featuredmedia":[{"embeddable":true,"href":"https:\/\/cafesantahelena.com\/de\/wp-json\/wp\/v2\/media\/16654"}],"wp:attachment":[{"href":"https:\/\/cafesantahelena.com\/de\/wp-json\/wp\/v2\/media?parent=17336"}],"wp:term":[{"taxonomy":"product_brand","embeddable":true,"href":"https:\/\/cafesantahelena.com\/de\/wp-json\/wp\/v2\/product_brand?post=17336"},{"taxonomy":"product_cat","embeddable":true,"href":"https:\/\/cafesantahelena.com\/de\/wp-json\/wp\/v2\/product_cat?post=17336"},{"taxonomy":"product_tag","embeddable":true,"href":"https:\/\/cafesantahelena.com\/de\/wp-json\/wp\/v2\/product_tag?post=17336"}],"curies":[{"name":"wp","href":"https:\/\/api.w.org\/{rel}","templated":true}]}}