{"id":20055,"date":"2025-07-25T17:01:25","date_gmt":"2025-07-25T17:01:25","guid":{"rendered":"https:\/\/cafesantahelena.com\/products\/set-kaffee-und-golfbaellen\/"},"modified":"2025-07-25T21:07:49","modified_gmt":"2025-07-25T21:07:49","slug":"golfballe-distanz","status":"publish","type":"product","link":"https:\/\/cafesantahelena.com\/de\/products\/golfballe-distanz\/","title":{"rendered":"Set Kaffee und Golfb\u00e4llen"},"content":{"rendered":"<p>Golfb\u00e4lle Distanz und Kaffee<\/p>\n<p>F\u00fcr Kaffee- und Golfliebhaber haben wir das Kaffee- und Golf-Set zusammengestellt. Der Kaffee ist 100 % Arabica, Spezialit\u00e4tenkaffee und biologisch<\/p>\n<p>Handwerklich im Holzofen ger\u00f6stet. Dunkle R\u00f6stung<\/p>\n<p>Die Golfb\u00e4lle stammen von der renommierten Marke Callaway und wurden exklusiv f\u00fcr das Caf\u00e9 Santa Helena hergestellt<\/p>\n<p>Inhalt<br \/>\n1 Packung mit 500 g Spezialit\u00e4tenkaffeebohnen<br \/>\n1 Schachtel mit 3 wei\u00dfen Golfb\u00e4llen mit goldenem Kaffee-Logo<\/p>\n<p style=\"text-align: center;\"><a href=\"?add-to-cart=20055\"><span style=\"color: #800000;\"><strong><em>BUY<\/em>\u00a0<em>NOW!<\/em><\/strong><\/span><\/a><\/p>\n<p style=\"text-align: center;\"><img fetchpriority=\"high\" decoding=\"async\" class=\"alignnone size-full wp-image-15377\" src=\"https:\/\/cafesantahelena.com\/wp-content\/uploads\/2024\/11\/logo-1.png\" alt=\"Logo Caf\u00e9 Santa Helena\" width=\"300\" height=\"300\" srcset=\"https:\/\/cafesantahelena.com\/wp-content\/uploads\/2024\/11\/logo-1.png 300w, https:\/\/cafesantahelena.com\/wp-content\/uploads\/2024\/11\/logo-1-100x100.png 100w, https:\/\/cafesantahelena.com\/wp-content\/uploads\/2024\/11\/logo-1-64x64.png 64w, https:\/\/cafesantahelena.com\/wp-content\/uploads\/2024\/11\/logo-1-150x150.png 150w\" sizes=\"(max-width: 300px) 100vw, 300px\" \/><\/p>\n","protected":false},"excerpt":{"rendered":"<p>MWST inklusive<br \/>\nVersandkosten an der Kasse<\/p>\n<p>Dieses Set besteht<\/p>\n<p>1 pakung Caf\u00e9 Santa Helena bohnen 500g<\/p>\n<p>Schachtel mit 3 Golfb\u00e4llen Farbe wei\u00df mit goldenem Logo<\/p>\n<p>Ideal f\u00fcr Kaffee-und Golfliebhaber. Es ist ein sch\u00f6nes Geschenk.<\/p>\n","protected":false},"featured_media":20031,"comment_status":"open","ping_status":"closed","template":"","meta":[],"product_brand":[],"product_cat":[181],"product_tag":[401,386],"class_list":{"0":"post-20055","1":"product","2":"type-product","3":"status-publish","4":"has-post-thumbnail","6":"product_cat-kits","7":"product_tag-golfballe","8":"product_tag-spezialitaten-kaffeebohnen","10":"first","11":"outofstock","12":"featured","13":"shipping-taxable","14":"purchasable","15":"product-type-simple"},"yoast_head":"<!-- This site is optimized with the Yoast SEO plugin v26.4 - https:\/\/yoast.com\/wordpress\/plugins\/seo\/ -->\n<title>Golfb\u00e4lle Distanz und Kaffee-Set - Caf\u00e9 Santa Helena<\/title>\n<meta name=\"description\" content=\"Golfb\u00e4lle Distanz un Kaffee ist ein Set von Caf\u00e9 Santa Helena. Es besteht aus einer Packung Spezialit\u00e4tenkaffeebohnen und einer Schachtel mit 3 Golfb\u00e4llen.\" \/>\n<meta name=\"robots\" content=\"index, follow, max-snippet:-1, max-image-preview:large, max-video-preview:-1\" \/>\n<link rel=\"canonical\" href=\"https:\/\/cafesantahelena.com\/de\/products\/golfballe-distanz\/\" \/>\n<meta property=\"og:locale\" content=\"de_DE\" \/>\n<meta property=\"og:type\" content=\"article\" \/>\n<meta property=\"og:title\" content=\"Golfb\u00e4lle Distanz und Kaffee-Set - Caf\u00e9 Santa Helena\" \/>\n<meta property=\"og:description\" content=\"Golfb\u00e4lle Distanz un Kaffee ist ein Set von Caf\u00e9 Santa Helena. Es besteht aus einer Packung Spezialit\u00e4tenkaffeebohnen und einer Schachtel mit 3 Golfb\u00e4llen.\" \/>\n<meta property=\"og:url\" content=\"https:\/\/cafesantahelena.com\/de\/products\/golfballe-distanz\/\" \/>\n<meta property=\"og:site_name\" content=\"Caf\u00e9 Santa Helena\" \/>\n<meta property=\"article:modified_time\" content=\"2025-07-25T21:07:49+00:00\" \/>\n<meta property=\"og:image\" content=\"https:\/\/cafesantahelena.com\/wp-content\/uploads\/2025\/07\/IMG_6952.png\" \/>\n\t<meta property=\"og:image:width\" content=\"350\" \/>\n\t<meta property=\"og:image:height\" content=\"450\" \/>\n\t<meta property=\"og:image:type\" content=\"image\/png\" \/>\n<meta name=\"twitter:card\" content=\"summary_large_image\" \/>\n<meta name=\"twitter:label1\" content=\"Gesch\u00e4tzte Lesezeit\" \/>\n\t<meta name=\"twitter:data1\" content=\"1\u00a0Minute\" \/>\n<script type=\"application\/ld+json\" class=\"yoast-schema-graph\">{\"@context\":\"https:\/\/schema.org\",\"@graph\":[{\"@type\":\"WebPage\",\"@id\":\"https:\/\/cafesantahelena.com\/de\/products\/golfballe-distanz\/\",\"url\":\"https:\/\/cafesantahelena.com\/de\/products\/golfballe-distanz\/\",\"name\":\"Golfb\u00e4lle Distanz und Kaffee-Set - Caf\u00e9 Santa Helena\",\"isPartOf\":{\"@id\":\"https:\/\/cafesantahelena.com\/#website\"},\"primaryImageOfPage\":{\"@id\":\"https:\/\/cafesantahelena.com\/de\/products\/golfballe-distanz\/#primaryimage\"},\"image\":{\"@id\":\"https:\/\/cafesantahelena.com\/de\/products\/golfballe-distanz\/#primaryimage\"},\"thumbnailUrl\":\"https:\/\/cafesantahelena.com\/wp-content\/uploads\/2025\/07\/IMG_6952.png\",\"datePublished\":\"2025-07-25T17:01:25+00:00\",\"dateModified\":\"2025-07-25T21:07:49+00:00\",\"description\":\"Golfb\u00e4lle Distanz un Kaffee ist ein Set von Caf\u00e9 Santa Helena. Es besteht aus einer Packung Spezialit\u00e4tenkaffeebohnen und einer Schachtel mit 3 Golfb\u00e4llen.\",\"breadcrumb\":{\"@id\":\"https:\/\/cafesantahelena.com\/de\/products\/golfballe-distanz\/#breadcrumb\"},\"inLanguage\":\"de\",\"potentialAction\":[{\"@type\":\"ReadAction\",\"target\":[\"https:\/\/cafesantahelena.com\/de\/products\/golfballe-distanz\/\"]}]},{\"@type\":\"ImageObject\",\"inLanguage\":\"de\",\"@id\":\"https:\/\/cafesantahelena.com\/de\/products\/golfballe-distanz\/#primaryimage\",\"url\":\"https:\/\/cafesantahelena.com\/wp-content\/uploads\/2025\/07\/IMG_6952.png\",\"contentUrl\":\"https:\/\/cafesantahelena.com\/wp-content\/uploads\/2025\/07\/IMG_6952.png\",\"width\":350,\"height\":450,\"caption\":\"Golfb\u00e4llen distanz\"},{\"@type\":\"BreadcrumbList\",\"@id\":\"https:\/\/cafesantahelena.com\/de\/products\/golfballe-distanz\/#breadcrumb\",\"itemListElement\":[{\"@type\":\"ListItem\",\"position\":1,\"name\":\"In\u00edcio\",\"item\":\"https:\/\/cafesantahelena.com\/de\/\"},{\"@type\":\"ListItem\",\"position\":2,\"name\":\"Produtos\",\"item\":\"https:\/\/cafesantahelena.com\/loja\/\"},{\"@type\":\"ListItem\",\"position\":3,\"name\":\"Set Kaffee und Golfb\u00e4llen\"}]},{\"@type\":\"WebSite\",\"@id\":\"https:\/\/cafesantahelena.com\/#website\",\"url\":\"https:\/\/cafesantahelena.com\/\",\"name\":\"Caf\u00e9 Santa Helena\",\"description\":\"\",\"potentialAction\":[{\"@type\":\"SearchAction\",\"target\":{\"@type\":\"EntryPoint\",\"urlTemplate\":\"https:\/\/cafesantahelena.com\/?s={search_term_string}\"},\"query-input\":{\"@type\":\"PropertyValueSpecification\",\"valueRequired\":true,\"valueName\":\"search_term_string\"}}],\"inLanguage\":\"de\"}]}<\/script>\n<!-- \/ Yoast SEO plugin. -->","yoast_head_json":{"title":"Golfb\u00e4lle Distanz und Kaffee-Set - Caf\u00e9 Santa Helena","description":"Golfb\u00e4lle Distanz un Kaffee ist ein Set von Caf\u00e9 Santa Helena. Es besteht aus einer Packung Spezialit\u00e4tenkaffeebohnen und einer Schachtel mit 3 Golfb\u00e4llen.","robots":{"index":"index","follow":"follow","max-snippet":"max-snippet:-1","max-image-preview":"max-image-preview:large","max-video-preview":"max-video-preview:-1"},"canonical":"https:\/\/cafesantahelena.com\/de\/products\/golfballe-distanz\/","og_locale":"de_DE","og_type":"article","og_title":"Golfb\u00e4lle Distanz und Kaffee-Set - Caf\u00e9 Santa Helena","og_description":"Golfb\u00e4lle Distanz un Kaffee ist ein Set von Caf\u00e9 Santa Helena. Es besteht aus einer Packung Spezialit\u00e4tenkaffeebohnen und einer Schachtel mit 3 Golfb\u00e4llen.","og_url":"https:\/\/cafesantahelena.com\/de\/products\/golfballe-distanz\/","og_site_name":"Caf\u00e9 Santa Helena","article_modified_time":"2025-07-25T21:07:49+00:00","og_image":[{"width":350,"height":450,"url":"https:\/\/cafesantahelena.com\/wp-content\/uploads\/2025\/07\/IMG_6952.png","type":"image\/png"}],"twitter_card":"summary_large_image","twitter_misc":{"Gesch\u00e4tzte Lesezeit":"1\u00a0Minute"},"schema":{"@context":"https:\/\/schema.org","@graph":[{"@type":"WebPage","@id":"https:\/\/cafesantahelena.com\/de\/products\/golfballe-distanz\/","url":"https:\/\/cafesantahelena.com\/de\/products\/golfballe-distanz\/","name":"Golfb\u00e4lle Distanz und Kaffee-Set - Caf\u00e9 Santa Helena","isPartOf":{"@id":"https:\/\/cafesantahelena.com\/#website"},"primaryImageOfPage":{"@id":"https:\/\/cafesantahelena.com\/de\/products\/golfballe-distanz\/#primaryimage"},"image":{"@id":"https:\/\/cafesantahelena.com\/de\/products\/golfballe-distanz\/#primaryimage"},"thumbnailUrl":"https:\/\/cafesantahelena.com\/wp-content\/uploads\/2025\/07\/IMG_6952.png","datePublished":"2025-07-25T17:01:25+00:00","dateModified":"2025-07-25T21:07:49+00:00","description":"Golfb\u00e4lle Distanz un Kaffee ist ein Set von Caf\u00e9 Santa Helena. Es besteht aus einer Packung Spezialit\u00e4tenkaffeebohnen und einer Schachtel mit 3 Golfb\u00e4llen.","breadcrumb":{"@id":"https:\/\/cafesantahelena.com\/de\/products\/golfballe-distanz\/#breadcrumb"},"inLanguage":"de","potentialAction":[{"@type":"ReadAction","target":["https:\/\/cafesantahelena.com\/de\/products\/golfballe-distanz\/"]}]},{"@type":"ImageObject","inLanguage":"de","@id":"https:\/\/cafesantahelena.com\/de\/products\/golfballe-distanz\/#primaryimage","url":"https:\/\/cafesantahelena.com\/wp-content\/uploads\/2025\/07\/IMG_6952.png","contentUrl":"https:\/\/cafesantahelena.com\/wp-content\/uploads\/2025\/07\/IMG_6952.png","width":350,"height":450,"caption":"Golfb\u00e4llen distanz"},{"@type":"BreadcrumbList","@id":"https:\/\/cafesantahelena.com\/de\/products\/golfballe-distanz\/#breadcrumb","itemListElement":[{"@type":"ListItem","position":1,"name":"In\u00edcio","item":"https:\/\/cafesantahelena.com\/de\/"},{"@type":"ListItem","position":2,"name":"Produtos","item":"https:\/\/cafesantahelena.com\/loja\/"},{"@type":"ListItem","position":3,"name":"Set Kaffee und Golfb\u00e4llen"}]},{"@type":"WebSite","@id":"https:\/\/cafesantahelena.com\/#website","url":"https:\/\/cafesantahelena.com\/","name":"Caf\u00e9 Santa Helena","description":"","potentialAction":[{"@type":"SearchAction","target":{"@type":"EntryPoint","urlTemplate":"https:\/\/cafesantahelena.com\/?s={search_term_string}"},"query-input":{"@type":"PropertyValueSpecification","valueRequired":true,"valueName":"search_term_string"}}],"inLanguage":"de"}]}},"_links":{"self":[{"href":"https:\/\/cafesantahelena.com\/de\/wp-json\/wp\/v2\/product\/20055","targetHints":{"allow":["GET"]}}],"collection":[{"href":"https:\/\/cafesantahelena.com\/de\/wp-json\/wp\/v2\/product"}],"about":[{"href":"https:\/\/cafesantahelena.com\/de\/wp-json\/wp\/v2\/types\/product"}],"replies":[{"embeddable":true,"href":"https:\/\/cafesantahelena.com\/de\/wp-json\/wp\/v2\/comments?post=20055"}],"wp:featuredmedia":[{"embeddable":true,"href":"https:\/\/cafesantahelena.com\/de\/wp-json\/wp\/v2\/media\/20031"}],"wp:attachment":[{"href":"https:\/\/cafesantahelena.com\/de\/wp-json\/wp\/v2\/media?parent=20055"}],"wp:term":[{"taxonomy":"product_brand","embeddable":true,"href":"https:\/\/cafesantahelena.com\/de\/wp-json\/wp\/v2\/product_brand?post=20055"},{"taxonomy":"product_cat","embeddable":true,"href":"https:\/\/cafesantahelena.com\/de\/wp-json\/wp\/v2\/product_cat?post=20055"},{"taxonomy":"product_tag","embeddable":true,"href":"https:\/\/cafesantahelena.com\/de\/wp-json\/wp\/v2\/product_tag?post=20055"}],"curies":[{"name":"wp","href":"https:\/\/api.w.org\/{rel}","templated":true}]}}