{"id":13476,"date":"2024-07-12T17:16:14","date_gmt":"2024-07-12T17:16:14","guid":{"rendered":"https:\/\/cafesantahelena.alivanstudio.com\/panier\/"},"modified":"2025-03-16T10:01:47","modified_gmt":"2025-03-16T10:01:47","slug":"panier","status":"publish","type":"page","link":"https:\/\/cafesantahelena.com\/fr\/panier\/","title":{"rendered":"Panier"},"content":{"rendered":"\t\t<div data-elementor-type=\"wp-page\" data-elementor-id=\"13476\" class=\"elementor elementor-13476 elementor-9\" data-elementor-post-type=\"page\">\n\t\t\t\t<div class=\"elementor-element elementor-element-9e414ee e-flex e-con-boxed e-con e-parent\" data-id=\"9e414ee\" data-element_type=\"container\" data-settings=\"{&quot;background_background&quot;:&quot;classic&quot;}\">\n\t\t\t\t\t<div class=\"e-con-inner\">\n\t\t\t\t\t<\/div>\n\t\t\t\t<\/div>\n\t\t\t\t<\/div>\n\t\t","protected":false},"excerpt":{"rendered":"<p>Supprimer l\u2019\u00e9l\u00e9ment Miniature Produit Prix Quantit\u00e9 Sous-total \u00d7 Capsules de Caf\u00e9 Bio Lungo CHF\u00a07.00 quantit\u00e9 de Capsules de Caf\u00e9 Bio Lungo\u00a0 CHF\u00a07.00 \u00d7 Kit cadeau Caf\u00e9 Feminino CHF\u00a075.00 quantit\u00e9 de Kit cadeau Caf\u00e9 Feminino\u00a0 CHF\u00a075.00 Appliquer le coupon Total dans le panier Sous-total CHF\u00a082.00 Exp\u00e9dition Free shipping Livraison \u00e0 Via Grevas, 11, 7514 Sils\/Segl Maria. [&hellip;]<\/p>\n","protected":false},"author":1,"featured_media":0,"parent":0,"menu_order":0,"comment_status":"closed","ping_status":"closed","template":"elementor_header_footer","meta":{"footnotes":""},"class_list":["post-13476","page","type-page","status-publish","hentry"],"yoast_head":"<!-- This site is optimized with the Yoast SEO plugin v26.4 - https:\/\/yoast.com\/wordpress\/plugins\/seo\/ -->\n<title>Panier - Caf\u00e9 Santa Helena<\/title>\n<meta name=\"description\" content=\"Le panier du Caf\u00e9 Santa Helena est l&#039;endroit o\u00f9 vous placez les produits s\u00e9lectionn\u00e9s pour finaliser l&#039;achat.\" \/>\n<meta name=\"robots\" content=\"index, follow, max-snippet:-1, max-image-preview:large, max-video-preview:-1\" \/>\n<link rel=\"canonical\" href=\"https:\/\/cafesantahelena.com\/fr\/panier\/\" \/>\n<meta property=\"og:locale\" content=\"fr_FR\" \/>\n<meta property=\"og:type\" content=\"article\" \/>\n<meta property=\"og:title\" content=\"Panier - Caf\u00e9 Santa Helena\" \/>\n<meta property=\"og:description\" content=\"Le panier du Caf\u00e9 Santa Helena est l&#039;endroit o\u00f9 vous placez les produits s\u00e9lectionn\u00e9s pour finaliser l&#039;achat.\" \/>\n<meta property=\"og:url\" content=\"https:\/\/cafesantahelena.com\/fr\/panier\/\" \/>\n<meta property=\"og:site_name\" content=\"Caf\u00e9 Santa Helena\" \/>\n<meta property=\"article:modified_time\" content=\"2025-03-16T10:01:47+00:00\" \/>\n<meta property=\"og:image\" content=\"https:\/\/cafesantahelena.com\/wp-content\/uploads\/2024\/07\/Specialty-lungo-coffee-capsules.webp\" \/>\n<meta name=\"twitter:card\" content=\"summary_large_image\" \/>\n<meta name=\"twitter:label1\" content=\"Dur\u00e9e de lecture estim\u00e9e\" \/>\n\t<meta name=\"twitter:data1\" content=\"3 minutes\" \/>\n<script type=\"application\/ld+json\" class=\"yoast-schema-graph\">{\"@context\":\"https:\/\/schema.org\",\"@graph\":[{\"@type\":\"WebPage\",\"@id\":\"https:\/\/cafesantahelena.com\/fr\/panier\/\",\"url\":\"https:\/\/cafesantahelena.com\/fr\/panier\/\",\"name\":\"Panier - Caf\u00e9 Santa Helena\",\"isPartOf\":{\"@id\":\"https:\/\/cafesantahelena.com\/#website\"},\"primaryImageOfPage\":{\"@id\":\"https:\/\/cafesantahelena.com\/fr\/panier\/#primaryimage\"},\"image\":{\"@id\":\"https:\/\/cafesantahelena.com\/fr\/panier\/#primaryimage\"},\"thumbnailUrl\":\"https:\/\/cafesantahelena.com\/wp-content\/uploads\/2024\/07\/Specialty-lungo-coffee-capsules.webp\",\"datePublished\":\"2024-07-12T17:16:14+00:00\",\"dateModified\":\"2025-03-16T10:01:47+00:00\",\"description\":\"Le panier du Caf\u00e9 Santa Helena est l'endroit o\u00f9 vous placez les produits s\u00e9lectionn\u00e9s pour finaliser l'achat.\",\"breadcrumb\":{\"@id\":\"https:\/\/cafesantahelena.com\/fr\/panier\/#breadcrumb\"},\"inLanguage\":\"fr-FR\",\"potentialAction\":[{\"@type\":\"ReadAction\",\"target\":[\"https:\/\/cafesantahelena.com\/fr\/panier\/\"]}]},{\"@type\":\"ImageObject\",\"inLanguage\":\"fr-FR\",\"@id\":\"https:\/\/cafesantahelena.com\/fr\/panier\/#primaryimage\",\"url\":\"https:\/\/cafesantahelena.com\/wp-content\/uploads\/2024\/07\/Specialty-lungo-coffee-capsules.webp\",\"contentUrl\":\"https:\/\/cafesantahelena.com\/wp-content\/uploads\/2024\/07\/Specialty-lungo-coffee-capsules.webp\"},{\"@type\":\"BreadcrumbList\",\"@id\":\"https:\/\/cafesantahelena.com\/fr\/panier\/#breadcrumb\",\"itemListElement\":[{\"@type\":\"ListItem\",\"position\":1,\"name\":\"In\u00edcio\",\"item\":\"https:\/\/cafesantahelena.com\/fr\/\"},{\"@type\":\"ListItem\",\"position\":2,\"name\":\"Panier\"}]},{\"@type\":\"WebSite\",\"@id\":\"https:\/\/cafesantahelena.com\/#website\",\"url\":\"https:\/\/cafesantahelena.com\/\",\"name\":\"Caf\u00e9 Santa Helena\",\"description\":\"\",\"potentialAction\":[{\"@type\":\"SearchAction\",\"target\":{\"@type\":\"EntryPoint\",\"urlTemplate\":\"https:\/\/cafesantahelena.com\/?s={search_term_string}\"},\"query-input\":{\"@type\":\"PropertyValueSpecification\",\"valueRequired\":true,\"valueName\":\"search_term_string\"}}],\"inLanguage\":\"fr-FR\"}]}<\/script>\n<!-- \/ Yoast SEO plugin. -->","yoast_head_json":{"title":"Panier - Caf\u00e9 Santa Helena","description":"Le panier du Caf\u00e9 Santa Helena est l'endroit o\u00f9 vous placez les produits s\u00e9lectionn\u00e9s pour finaliser l'achat.","robots":{"index":"index","follow":"follow","max-snippet":"max-snippet:-1","max-image-preview":"max-image-preview:large","max-video-preview":"max-video-preview:-1"},"canonical":"https:\/\/cafesantahelena.com\/fr\/panier\/","og_locale":"fr_FR","og_type":"article","og_title":"Panier - Caf\u00e9 Santa Helena","og_description":"Le panier du Caf\u00e9 Santa Helena est l'endroit o\u00f9 vous placez les produits s\u00e9lectionn\u00e9s pour finaliser l'achat.","og_url":"https:\/\/cafesantahelena.com\/fr\/panier\/","og_site_name":"Caf\u00e9 Santa Helena","article_modified_time":"2025-03-16T10:01:47+00:00","og_image":[{"url":"https:\/\/cafesantahelena.com\/wp-content\/uploads\/2024\/07\/Specialty-lungo-coffee-capsules.webp","type":"","width":"","height":""}],"twitter_card":"summary_large_image","twitter_misc":{"Dur\u00e9e de lecture estim\u00e9e":"3 minutes"},"schema":{"@context":"https:\/\/schema.org","@graph":[{"@type":"WebPage","@id":"https:\/\/cafesantahelena.com\/fr\/panier\/","url":"https:\/\/cafesantahelena.com\/fr\/panier\/","name":"Panier - Caf\u00e9 Santa Helena","isPartOf":{"@id":"https:\/\/cafesantahelena.com\/#website"},"primaryImageOfPage":{"@id":"https:\/\/cafesantahelena.com\/fr\/panier\/#primaryimage"},"image":{"@id":"https:\/\/cafesantahelena.com\/fr\/panier\/#primaryimage"},"thumbnailUrl":"https:\/\/cafesantahelena.com\/wp-content\/uploads\/2024\/07\/Specialty-lungo-coffee-capsules.webp","datePublished":"2024-07-12T17:16:14+00:00","dateModified":"2025-03-16T10:01:47+00:00","description":"Le panier du Caf\u00e9 Santa Helena est l'endroit o\u00f9 vous placez les produits s\u00e9lectionn\u00e9s pour finaliser l'achat.","breadcrumb":{"@id":"https:\/\/cafesantahelena.com\/fr\/panier\/#breadcrumb"},"inLanguage":"fr-FR","potentialAction":[{"@type":"ReadAction","target":["https:\/\/cafesantahelena.com\/fr\/panier\/"]}]},{"@type":"ImageObject","inLanguage":"fr-FR","@id":"https:\/\/cafesantahelena.com\/fr\/panier\/#primaryimage","url":"https:\/\/cafesantahelena.com\/wp-content\/uploads\/2024\/07\/Specialty-lungo-coffee-capsules.webp","contentUrl":"https:\/\/cafesantahelena.com\/wp-content\/uploads\/2024\/07\/Specialty-lungo-coffee-capsules.webp"},{"@type":"BreadcrumbList","@id":"https:\/\/cafesantahelena.com\/fr\/panier\/#breadcrumb","itemListElement":[{"@type":"ListItem","position":1,"name":"In\u00edcio","item":"https:\/\/cafesantahelena.com\/fr\/"},{"@type":"ListItem","position":2,"name":"Panier"}]},{"@type":"WebSite","@id":"https:\/\/cafesantahelena.com\/#website","url":"https:\/\/cafesantahelena.com\/","name":"Caf\u00e9 Santa Helena","description":"","potentialAction":[{"@type":"SearchAction","target":{"@type":"EntryPoint","urlTemplate":"https:\/\/cafesantahelena.com\/?s={search_term_string}"},"query-input":{"@type":"PropertyValueSpecification","valueRequired":true,"valueName":"search_term_string"}}],"inLanguage":"fr-FR"}]}},"_links":{"self":[{"href":"https:\/\/cafesantahelena.com\/fr\/wp-json\/wp\/v2\/pages\/13476","targetHints":{"allow":["GET"]}}],"collection":[{"href":"https:\/\/cafesantahelena.com\/fr\/wp-json\/wp\/v2\/pages"}],"about":[{"href":"https:\/\/cafesantahelena.com\/fr\/wp-json\/wp\/v2\/types\/page"}],"author":[{"embeddable":true,"href":"https:\/\/cafesantahelena.com\/fr\/wp-json\/wp\/v2\/users\/1"}],"replies":[{"embeddable":true,"href":"https:\/\/cafesantahelena.com\/fr\/wp-json\/wp\/v2\/comments?post=13476"}],"version-history":[{"count":2,"href":"https:\/\/cafesantahelena.com\/fr\/wp-json\/wp\/v2\/pages\/13476\/revisions"}],"predecessor-version":[{"id":19861,"href":"https:\/\/cafesantahelena.com\/fr\/wp-json\/wp\/v2\/pages\/13476\/revisions\/19861"}],"wp:attachment":[{"href":"https:\/\/cafesantahelena.com\/fr\/wp-json\/wp\/v2\/media?parent=13476"}],"curies":[{"name":"wp","href":"https:\/\/api.w.org\/{rel}","templated":true}]}}