{"id":13519,"date":"2024-07-29T18:19:34","date_gmt":"2024-07-29T18:19:34","guid":{"rendered":"https:\/\/cafesantahelena.alivanstudio.com\/recherche\/"},"modified":"2024-09-20T18:01:48","modified_gmt":"2024-09-20T18:01:48","slug":"recherche","status":"publish","type":"page","link":"https:\/\/cafesantahelena.com\/fr\/recherche\/","title":{"rendered":"Recherche"},"content":{"rendered":"\t\t<div data-elementor-type=\"wp-post\" data-elementor-id=\"13519\" class=\"elementor elementor-13519 elementor-648\" data-elementor-post-type=\"page\">\n\t\t\t\t<div class=\"elementor-element elementor-element-52b8f74 e-flex e-con-boxed e-con e-parent\" data-id=\"52b8f74\" data-element_type=\"container\">\n\t\t\t\t\t<div class=\"e-con-inner\">\n\t\t\t\t<div class=\"elementor-element elementor-element-5d8052f elementor-widget elementor-widget-shortcode\" data-id=\"5d8052f\" data-element_type=\"widget\" data-widget_type=\"shortcode.default\">\n\t\t\t\t<div class=\"elementor-widget-container\">\n\t\t\t\t\t\t\t<div class=\"elementor-shortcode\"><div  class=\"dgwt-wcas-search-wrapp dgwt-wcas-is-detail-box dgwt-wcas-has-submit woocommerce dgwt-wcas-style-solaris js-dgwt-wcas-layout-classic dgwt-wcas-layout-classic js-dgwt-wcas-mobile-overlay-enabled\">\n\t\t<form class=\"dgwt-wcas-search-form\" role=\"search\" action=\"https:\/\/cafesantahelena.com\/fr\/\" method=\"get\">\n\t\t<div class=\"dgwt-wcas-sf-wrapp\">\n\t\t\t\t\t\t<label class=\"screen-reader-text\"\n\t\t\t\t   for=\"dgwt-wcas-search-input-1\">Recherche de produits<\/label>\n\n\t\t\t<input id=\"dgwt-wcas-search-input-1\"\n\t\t\t\t   type=\"search\"\n\t\t\t\t   class=\"dgwt-wcas-search-input\"\n\t\t\t\t   name=\"s\"\n\t\t\t\t   value=\"\"\n\t\t\t\t   placeholder=\"Search for products...\"\n\t\t\t\t   autocomplete=\"off\"\n\t\t\t\t\t\t\t\/>\n\t\t\t<div class=\"dgwt-wcas-preloader\"><\/div>\n\n\t\t\t<div class=\"dgwt-wcas-voice-search\"><\/div>\n\n\t\t\t\t\t\t\t<button type=\"submit\"\n\t\t\t\t\t\taria-label=\"Rechercher\"\n\t\t\t\t\t\tclass=\"dgwt-wcas-search-submit\">\t\t\t\t<svg class=\"dgwt-wcas-ico-magnifier\" xmlns=\"http:\/\/www.w3.org\/2000\/svg\"\n\t\t\t\t\t xmlns:xlink=\"http:\/\/www.w3.org\/1999\/xlink\" x=\"0px\" y=\"0px\"\n\t\t\t\t\t viewBox=\"0 0 51.539 51.361\" xml:space=\"preserve\">\n\t\t             <path \t\t\t\t\t\t d=\"M51.539,49.356L37.247,35.065c3.273-3.74,5.272-8.623,5.272-13.983c0-11.742-9.518-21.26-21.26-21.26 S0,9.339,0,21.082s9.518,21.26,21.26,21.26c5.361,0,10.244-1.999,13.983-5.272l14.292,14.292L51.539,49.356z M2.835,21.082 c0-10.176,8.249-18.425,18.425-18.425s18.425,8.249,18.425,18.425S31.436,39.507,21.26,39.507S2.835,31.258,2.835,21.082z\"\/>\n\t\t\t\t<\/svg>\n\t\t\t\t<\/button>\n\t\t\t\n\t\t\t<input type=\"hidden\" name=\"post_type\" value=\"product\"\/>\n\t\t\t<input type=\"hidden\" name=\"dgwt_wcas\" value=\"1\"\/>\n\n\t\t\t\t\t\t\t<input type=\"hidden\" name=\"lang\" value=\"fr\"\/>\n\t\t\t\n\t\t\t\t\t<\/div>\n\t<\/form>\n<\/div>\n<\/div>\n\t\t\t\t\t\t<\/div>\n\t\t\t\t<\/div>\n\t\t\t\t\t<\/div>\n\t\t\t\t<\/div>\n\t\t<div class=\"elementor-element elementor-element-5e9f5b2 e-con-full e-flex e-con e-parent\" data-id=\"5e9f5b2\" data-element_type=\"container\">\n\t\t\t\t<div class=\"elementor-element elementor-element-a3e0e41 elementor-widget elementor-widget-template\" data-id=\"a3e0e41\" data-element_type=\"widget\" data-widget_type=\"template.default\">\n\t\t\t\t<div class=\"elementor-widget-container\">\n\t\t\t\t\t\t\t<div class=\"elementor-template\">\n\t\t\t\t\t<div data-elementor-type=\"container\" data-elementor-id=\"14431\" class=\"elementor elementor-14431 elementor-130\" data-elementor-post-type=\"elementor_library\">\n\t\t\t\t<div class=\"elementor-element elementor-element-277ccdff e-flex e-con-boxed e-con e-parent\" data-id=\"277ccdff\" data-element_type=\"container\" data-settings=\"{&quot;background_background&quot;:&quot;classic&quot;}\">\n\t\t\t\t\t<div class=\"e-con-inner\">\n\t\t\t\t<div class=\"elementor-element elementor-element-2b83604f elementor-widget__width-initial elementor-widget-mobile__width-initial elementor-widget-tablet__width-initial elementor-widget elementor-widget-image-box\" data-id=\"2b83604f\" data-element_type=\"widget\" data-widget_type=\"image-box.default\">\n\t\t\t\t<div class=\"elementor-widget-container\">\n\t\t\t\t\t<div class=\"elementor-image-box-wrapper\"><div class=\"elementor-image-box-content\"><h3 class=\"elementor-image-box-title\">LAISSEZ-VOUS CONVAINCRE PAR NOTRE CAF\u00c9<\/h3><p class=\"elementor-image-box-description\"> Biologique, Caf\u00e9 de sp\u00e9cialit\u00e9 du Br\u00e9sil<\/p><\/div><\/div>\t\t\t\t<\/div>\n\t\t\t\t<\/div>\n\t\t\t\t<div class=\"elementor-element elementor-element-173352b3 elementor-widget__width-initial elementor-widget-tablet__width-initial elementor-widget elementor-widget-image-box\" data-id=\"173352b3\" data-element_type=\"widget\" data-widget_type=\"image-box.default\">\n\t\t\t\t<div class=\"elementor-widget-container\">\n\t\t\t\t\t<div class=\"elementor-image-box-wrapper\"><div class=\"elementor-image-box-content\"><h3 class=\"elementor-image-box-title\">ESSAYEZ NOS \u00c9CO-CAPSULES DE CAF\u00c9<\/h3><p class=\"elementor-image-box-description\">Compatible avec les machines Nespresso\u00ae-System<br>Mat\u00e9riau Naturel, Compostable, Biod\u00e9gradable<\/p><\/div><\/div>\t\t\t\t<\/div>\n\t\t\t\t<\/div>\n\t\t\t\t<div class=\"elementor-element elementor-element-2f16196b elementor-mobile-align-center elementor-widget__width-inherit elementor-align-center elementor-widget elementor-widget-button\" data-id=\"2f16196b\" data-element_type=\"widget\" data-widget_type=\"button.default\">\n\t\t\t\t<div class=\"elementor-widget-container\">\n\t\t\t\t\t\t\t\t\t<div class=\"elementor-button-wrapper\">\n\t\t\t\t\t<a class=\"elementor-button elementor-button-link elementor-size-sm elementor-animation-float\" href=\"https:\/\/cafesantahelena.com\/fr\/boutique\">\n\t\t\t\t\t\t<span class=\"elementor-button-content-wrapper\">\n\t\t\t\t\t\t\t\t\t<span class=\"elementor-button-text\">Vers la boutique<\/span>\n\t\t\t\t\t<\/span>\n\t\t\t\t\t<\/a>\n\t\t\t\t<\/div>\n\t\t\t\t\t\t\t\t<\/div>\n\t\t\t\t<\/div>\n\t\t\t\t\t<\/div>\n\t\t\t\t<\/div>\n\t\t\t\t<\/div>\n\t\t\t\t<\/div>\n\t\t\t\t\t\t<\/div>\n\t\t\t\t<\/div>\n\t\t\t\t<\/div>\n\t\t\t\t<\/div>\n\t\t","protected":false},"excerpt":{"rendered":"","protected":false},"author":1,"featured_media":0,"parent":0,"menu_order":0,"comment_status":"closed","ping_status":"closed","template":"elementor_header_footer","meta":{"footnotes":""},"class_list":["post-13519","page","type-page","status-publish","hentry"],"yoast_head":"<!-- This site is optimized with the Yoast SEO plugin v26.4 - https:\/\/yoast.com\/wordpress\/plugins\/seo\/ -->\n<title>Recherche - Caf\u00e9 Santa Helena<\/title>\n<meta name=\"robots\" content=\"index, follow, max-snippet:-1, max-image-preview:large, max-video-preview:-1\" \/>\n<link rel=\"canonical\" href=\"https:\/\/cafesantahelena.com\/fr\/recherche\/\" \/>\n<meta property=\"og:locale\" content=\"fr_FR\" \/>\n<meta property=\"og:type\" content=\"article\" \/>\n<meta property=\"og:title\" content=\"Recherche - Caf\u00e9 Santa Helena\" \/>\n<meta property=\"og:url\" content=\"https:\/\/cafesantahelena.com\/fr\/recherche\/\" \/>\n<meta property=\"og:site_name\" content=\"Caf\u00e9 Santa Helena\" \/>\n<meta property=\"article:modified_time\" content=\"2024-09-20T18:01:48+00:00\" \/>\n<meta name=\"twitter:card\" content=\"summary_large_image\" \/>\n<script type=\"application\/ld+json\" class=\"yoast-schema-graph\">{\"@context\":\"https:\/\/schema.org\",\"@graph\":[{\"@type\":\"WebPage\",\"@id\":\"https:\/\/cafesantahelena.com\/fr\/recherche\/\",\"url\":\"https:\/\/cafesantahelena.com\/fr\/recherche\/\",\"name\":\"Recherche - Caf\u00e9 Santa Helena\",\"isPartOf\":{\"@id\":\"https:\/\/cafesantahelena.com\/#website\"},\"datePublished\":\"2024-07-29T18:19:34+00:00\",\"dateModified\":\"2024-09-20T18:01:48+00:00\",\"breadcrumb\":{\"@id\":\"https:\/\/cafesantahelena.com\/fr\/recherche\/#breadcrumb\"},\"inLanguage\":\"fr-FR\",\"potentialAction\":[{\"@type\":\"ReadAction\",\"target\":[\"https:\/\/cafesantahelena.com\/fr\/recherche\/\"]}]},{\"@type\":\"BreadcrumbList\",\"@id\":\"https:\/\/cafesantahelena.com\/fr\/recherche\/#breadcrumb\",\"itemListElement\":[{\"@type\":\"ListItem\",\"position\":1,\"name\":\"In\u00edcio\",\"item\":\"https:\/\/cafesantahelena.com\/fr\/\"},{\"@type\":\"ListItem\",\"position\":2,\"name\":\"Recherche\"}]},{\"@type\":\"WebSite\",\"@id\":\"https:\/\/cafesantahelena.com\/#website\",\"url\":\"https:\/\/cafesantahelena.com\/\",\"name\":\"Caf\u00e9 Santa Helena\",\"description\":\"\",\"potentialAction\":[{\"@type\":\"SearchAction\",\"target\":{\"@type\":\"EntryPoint\",\"urlTemplate\":\"https:\/\/cafesantahelena.com\/?s={search_term_string}\"},\"query-input\":{\"@type\":\"PropertyValueSpecification\",\"valueRequired\":true,\"valueName\":\"search_term_string\"}}],\"inLanguage\":\"fr-FR\"}]}<\/script>\n<!-- \/ Yoast SEO plugin. -->","yoast_head_json":{"title":"Recherche - Caf\u00e9 Santa Helena","robots":{"index":"index","follow":"follow","max-snippet":"max-snippet:-1","max-image-preview":"max-image-preview:large","max-video-preview":"max-video-preview:-1"},"canonical":"https:\/\/cafesantahelena.com\/fr\/recherche\/","og_locale":"fr_FR","og_type":"article","og_title":"Recherche - Caf\u00e9 Santa Helena","og_url":"https:\/\/cafesantahelena.com\/fr\/recherche\/","og_site_name":"Caf\u00e9 Santa Helena","article_modified_time":"2024-09-20T18:01:48+00:00","twitter_card":"summary_large_image","schema":{"@context":"https:\/\/schema.org","@graph":[{"@type":"WebPage","@id":"https:\/\/cafesantahelena.com\/fr\/recherche\/","url":"https:\/\/cafesantahelena.com\/fr\/recherche\/","name":"Recherche - Caf\u00e9 Santa Helena","isPartOf":{"@id":"https:\/\/cafesantahelena.com\/#website"},"datePublished":"2024-07-29T18:19:34+00:00","dateModified":"2024-09-20T18:01:48+00:00","breadcrumb":{"@id":"https:\/\/cafesantahelena.com\/fr\/recherche\/#breadcrumb"},"inLanguage":"fr-FR","potentialAction":[{"@type":"ReadAction","target":["https:\/\/cafesantahelena.com\/fr\/recherche\/"]}]},{"@type":"BreadcrumbList","@id":"https:\/\/cafesantahelena.com\/fr\/recherche\/#breadcrumb","itemListElement":[{"@type":"ListItem","position":1,"name":"In\u00edcio","item":"https:\/\/cafesantahelena.com\/fr\/"},{"@type":"ListItem","position":2,"name":"Recherche"}]},{"@type":"WebSite","@id":"https:\/\/cafesantahelena.com\/#website","url":"https:\/\/cafesantahelena.com\/","name":"Caf\u00e9 Santa Helena","description":"","potentialAction":[{"@type":"SearchAction","target":{"@type":"EntryPoint","urlTemplate":"https:\/\/cafesantahelena.com\/?s={search_term_string}"},"query-input":{"@type":"PropertyValueSpecification","valueRequired":true,"valueName":"search_term_string"}}],"inLanguage":"fr-FR"}]}},"_links":{"self":[{"href":"https:\/\/cafesantahelena.com\/fr\/wp-json\/wp\/v2\/pages\/13519","targetHints":{"allow":["GET"]}}],"collection":[{"href":"https:\/\/cafesantahelena.com\/fr\/wp-json\/wp\/v2\/pages"}],"about":[{"href":"https:\/\/cafesantahelena.com\/fr\/wp-json\/wp\/v2\/types\/page"}],"author":[{"embeddable":true,"href":"https:\/\/cafesantahelena.com\/fr\/wp-json\/wp\/v2\/users\/1"}],"replies":[{"embeddable":true,"href":"https:\/\/cafesantahelena.com\/fr\/wp-json\/wp\/v2\/comments?post=13519"}],"version-history":[{"count":0,"href":"https:\/\/cafesantahelena.com\/fr\/wp-json\/wp\/v2\/pages\/13519\/revisions"}],"wp:attachment":[{"href":"https:\/\/cafesantahelena.com\/fr\/wp-json\/wp\/v2\/media?parent=13519"}],"curies":[{"name":"wp","href":"https:\/\/api.w.org\/{rel}","templated":true}]}}