{"id":13553,"date":"2024-08-14T19:32:26","date_gmt":"2024-08-14T19:32:26","guid":{"rendered":"https:\/\/cafesantahelena.alivanstudio.com\/blog\/"},"modified":"2025-02-26T16:58:48","modified_gmt":"2025-02-26T16:58:48","slug":"blog","status":"publish","type":"page","link":"https:\/\/cafesantahelena.com\/fr\/blog\/","title":{"rendered":"Blog"},"content":{"rendered":"\t\t<div data-elementor-type=\"wp-page\" data-elementor-id=\"13553\" class=\"elementor elementor-13553 elementor-11533\" data-elementor-post-type=\"page\">\n\t\t\t\t<div class=\"elementor-element elementor-element-11df917 e-con-full e-flex e-con e-parent\" data-id=\"11df917\" data-element_type=\"container\">\n\t\t\t\t<div class=\"elementor-element elementor-element-f119f31 elementor-widget elementor-widget-image\" data-id=\"f119f31\" data-element_type=\"widget\" data-widget_type=\"image.default\">\n\t\t\t\t<div class=\"elementor-widget-container\">\n\t\t\t\t\t\t\t\t\t\t\t\t\t\t\t<img fetchpriority=\"high\" decoding=\"async\" width=\"1050\" height=\"350\" src=\"https:\/\/cafesantahelena.com\/wp-content\/uploads\/2025\/01\/IMG_5174.webp\" class=\"attachment-full size-full wp-image-17498\" alt=\"blog\" srcset=\"https:\/\/cafesantahelena.com\/wp-content\/uploads\/2025\/01\/IMG_5174.webp 1050w, https:\/\/cafesantahelena.com\/wp-content\/uploads\/2025\/01\/IMG_5174-300x100.webp 300w, https:\/\/cafesantahelena.com\/wp-content\/uploads\/2025\/01\/IMG_5174-1024x341.webp 1024w, https:\/\/cafesantahelena.com\/wp-content\/uploads\/2025\/01\/IMG_5174-768x256.webp 768w, https:\/\/cafesantahelena.com\/wp-content\/uploads\/2025\/01\/IMG_5174-350x117.webp 350w, https:\/\/cafesantahelena.com\/wp-content\/uploads\/2025\/01\/IMG_5174-64x21.webp 64w\" sizes=\"(max-width: 1050px) 100vw, 1050px\" \/>\t\t\t\t\t\t\t\t\t\t\t\t\t\t\t<\/div>\n\t\t\t\t<\/div>\n\t\t\t\t<\/div>\n\t\t<div class=\"elementor-element elementor-element-0d0df48 e-flex e-con-boxed e-con e-parent\" data-id=\"0d0df48\" data-element_type=\"container\">\n\t\t\t\t\t<div class=\"e-con-inner\">\n\t\t<div class=\"elementor-element elementor-element-72be672 e-con-full e-flex elementor-invisible e-con e-child\" data-id=\"72be672\" data-element_type=\"container\" data-settings=\"{&quot;animation&quot;:&quot;fadeInUp&quot;}\">\n\t\t\t\t<div class=\"elementor-element elementor-element-7246af2 elementor-grid-tablet-3 elementor-posts--align-left elementor-grid-3 elementor-grid-mobile-1 elementor-posts--thumbnail-top elementor-posts__hover-gradient elementor-widget elementor-widget-posts\" data-id=\"7246af2\" data-element_type=\"widget\" data-settings=\"{&quot;pagination_type&quot;:&quot;numbers&quot;,&quot;cards_columns_tablet&quot;:&quot;3&quot;,&quot;cards_columns&quot;:&quot;3&quot;,&quot;cards_columns_mobile&quot;:&quot;1&quot;,&quot;cards_row_gap&quot;:{&quot;unit&quot;:&quot;px&quot;,&quot;size&quot;:35,&quot;sizes&quot;:[]},&quot;cards_row_gap_tablet&quot;:{&quot;unit&quot;:&quot;px&quot;,&quot;size&quot;:&quot;&quot;,&quot;sizes&quot;:[]},&quot;cards_row_gap_mobile&quot;:{&quot;unit&quot;:&quot;px&quot;,&quot;size&quot;:&quot;&quot;,&quot;sizes&quot;:[]}}\" data-widget_type=\"posts.cards\">\n\t\t\t\t<div class=\"elementor-widget-container\">\n\t\t\t\t\t\t\t<div class=\"elementor-posts-container elementor-posts elementor-posts--skin-cards elementor-grid\" role=\"list\">\n\t\t\t\t<article class=\"elementor-post elementor-grid-item post-13803 post type-post status-publish format-standard has-post-thumbnail hentry category-non-classifiee\" role=\"listitem\">\n\t\t\t<div class=\"elementor-post__card\">\n\t\t\t\t<a class=\"elementor-post__thumbnail__link\" href=\"https:\/\/cafesantahelena.com\/fr\/machine-espresso\/\" tabindex=\"-1\" ><div class=\"elementor-post__thumbnail\"><img decoding=\"async\" width=\"400\" height=\"250\" src=\"https:\/\/cafesantahelena.com\/wp-content\/uploads\/2023\/06\/F64295B7-5358-4964-8CF1-4FEAD82C077F-400x250-1.jpeg\" class=\"attachment-full size-full wp-image-13175\" alt=\"\" srcset=\"https:\/\/cafesantahelena.com\/wp-content\/uploads\/2023\/06\/F64295B7-5358-4964-8CF1-4FEAD82C077F-400x250-1.jpeg 400w, https:\/\/cafesantahelena.com\/wp-content\/uploads\/2023\/06\/F64295B7-5358-4964-8CF1-4FEAD82C077F-400x250-1-350x219.jpeg 350w, https:\/\/cafesantahelena.com\/wp-content\/uploads\/2023\/06\/F64295B7-5358-4964-8CF1-4FEAD82C077F-400x250-1-64x40.jpeg 64w, https:\/\/cafesantahelena.com\/wp-content\/uploads\/2023\/06\/F64295B7-5358-4964-8CF1-4FEAD82C077F-400x250-1-300x188.jpeg 300w\" sizes=\"(max-width: 400px) 100vw, 400px\" \/><\/div><\/a>\n\t\t\t\t<div class=\"elementor-post__text\">\n\t\t\t\t<h3 class=\"elementor-post__title\">\n\t\t\t<a href=\"https:\/\/cafesantahelena.com\/fr\/machine-espresso\/\" >\n\t\t\t\tQui a invent\u00e9 la premi\u00e8re machine \u00e0 espresso ?\t\t\t<\/a>\n\t\t<\/h3>\n\t\t\t\t<div class=\"elementor-post__excerpt\">\n\t\t\t<p>&nbsp; En 1884, l&rsquo;inventeur italien Angelo Moriondo de Turin a fait breveter la premi\u00e8re machine \u00e0 espresso. Elle portait le<\/p>\n\t\t<\/div>\n\t\t\n\t\t<a class=\"elementor-post__read-more\" href=\"https:\/\/cafesantahelena.com\/fr\/machine-espresso\/\" aria-label=\"En savoir plus sur Qui a invent\u00e9 la premi\u00e8re machine \u00e0 espresso ?\" tabindex=\"-1\" >\n\t\t\tEn savoir plus \"\t\t<\/a>\n\n\t\t\t\t<\/div>\n\t\t\t\t\t<\/div>\n\t\t<\/article>\n\t\t\t\t<article class=\"elementor-post elementor-grid-item post-13809 post type-post status-publish format-standard has-post-thumbnail hentry category-non-classifiee\" role=\"listitem\">\n\t\t\t<div class=\"elementor-post__card\">\n\t\t\t\t<a class=\"elementor-post__thumbnail__link\" href=\"https:\/\/cafesantahelena.com\/fr\/le-mhyte-du-cafe-fort\/\" tabindex=\"-1\" ><div class=\"elementor-post__thumbnail\"><img decoding=\"async\" width=\"1080\" height=\"650\" src=\"https:\/\/cafesantahelena.com\/wp-content\/uploads\/2023\/04\/IMG_5945.webp\" class=\"attachment-full size-full wp-image-18896\" alt=\"strong coffee\" srcset=\"https:\/\/cafesantahelena.com\/wp-content\/uploads\/2023\/04\/IMG_5945.webp 1080w, https:\/\/cafesantahelena.com\/wp-content\/uploads\/2023\/04\/IMG_5945-300x181.webp 300w, https:\/\/cafesantahelena.com\/wp-content\/uploads\/2023\/04\/IMG_5945-1024x616.webp 1024w, https:\/\/cafesantahelena.com\/wp-content\/uploads\/2023\/04\/IMG_5945-768x462.webp 768w, https:\/\/cafesantahelena.com\/wp-content\/uploads\/2023\/04\/IMG_5945-350x211.webp 350w, https:\/\/cafesantahelena.com\/wp-content\/uploads\/2023\/04\/IMG_5945-64x39.webp 64w\" sizes=\"(max-width: 1080px) 100vw, 1080px\" \/><\/div><\/a>\n\t\t\t\t<div class=\"elementor-post__text\">\n\t\t\t\t<h3 class=\"elementor-post__title\">\n\t\t\t<a href=\"https:\/\/cafesantahelena.com\/fr\/le-mhyte-du-cafe-fort\/\" >\n\t\t\t\tLe mythe du caf\u00e9 fort\t\t\t<\/a>\n\t\t<\/h3>\n\t\t\t\t<div class=\"elementor-post__excerpt\">\n\t\t\t<p>D\u00e9construire le mythe du caf\u00e9 fort Pourquoi les gens pensent-ils que le caf\u00e9 doit \u00eatre tr\u00e8s torr\u00e9fi\u00e9 pour \u00eatre bon<\/p>\n\t\t<\/div>\n\t\t\n\t\t<a class=\"elementor-post__read-more\" href=\"https:\/\/cafesantahelena.com\/fr\/le-mhyte-du-cafe-fort\/\" aria-label=\"En savoir plus sur Le mythe du caf\u00e9 fort\" tabindex=\"-1\" >\n\t\t\tEn savoir plus \"\t\t<\/a>\n\n\t\t\t\t<\/div>\n\t\t\t\t\t<\/div>\n\t\t<\/article>\n\t\t\t\t<article class=\"elementor-post elementor-grid-item post-13818 post type-post status-publish format-standard has-post-thumbnail hentry category-non-classifiee tag-cafe-fr tag-flat-white-fr-2\" role=\"listitem\">\n\t\t\t<div class=\"elementor-post__card\">\n\t\t\t\t<a class=\"elementor-post__thumbnail__link\" href=\"https:\/\/cafesantahelena.com\/fr\/cafe-flat-white\/\" tabindex=\"-1\" ><div class=\"elementor-post__thumbnail\"><img loading=\"lazy\" decoding=\"async\" width=\"400\" height=\"250\" src=\"https:\/\/cafesantahelena.com\/wp-content\/uploads\/2023\/04\/E2E33B25-2E88-4047-961A-E5C4BE720DF8-400x250-1.png\" class=\"attachment-full size-full wp-image-13183\" alt=\"\" srcset=\"https:\/\/cafesantahelena.com\/wp-content\/uploads\/2023\/04\/E2E33B25-2E88-4047-961A-E5C4BE720DF8-400x250-1.png 400w, https:\/\/cafesantahelena.com\/wp-content\/uploads\/2023\/04\/E2E33B25-2E88-4047-961A-E5C4BE720DF8-400x250-1-350x219.png 350w, https:\/\/cafesantahelena.com\/wp-content\/uploads\/2023\/04\/E2E33B25-2E88-4047-961A-E5C4BE720DF8-400x250-1-64x40.png 64w, https:\/\/cafesantahelena.com\/wp-content\/uploads\/2023\/04\/E2E33B25-2E88-4047-961A-E5C4BE720DF8-400x250-1-300x188.png 300w\" sizes=\"(max-width: 400px) 100vw, 400px\" \/><\/div><\/a>\n\t\t\t\t<div class=\"elementor-post__text\">\n\t\t\t\t<h3 class=\"elementor-post__title\">\n\t\t\t<a href=\"https:\/\/cafesantahelena.com\/fr\/cafe-flat-white\/\" >\n\t\t\t\tQu\u2019est-ce que le caf\u00e9 Flat White ?\t\t\t<\/a>\n\t\t<\/h3>\n\t\t\t\t<div class=\"elementor-post__excerpt\">\n\t\t\t<p>Qu&rsquo;est-ce que le caf\u00e9 Flat White ? Le caf\u00e9 blanc plat (Flat White)\u00a0est une boisson \u00e0 base d&rsquo;espresso qui contient<\/p>\n\t\t<\/div>\n\t\t\n\t\t<a class=\"elementor-post__read-more\" href=\"https:\/\/cafesantahelena.com\/fr\/cafe-flat-white\/\" aria-label=\"En savoir plus sur Qu\u2019est-ce que le caf\u00e9 Flat White ?\" tabindex=\"-1\" >\n\t\t\tEn savoir plus \"\t\t<\/a>\n\n\t\t\t\t<\/div>\n\t\t\t\t\t<\/div>\n\t\t<\/article>\n\t\t\t\t<article class=\"elementor-post elementor-grid-item post-13824 post type-post status-publish format-standard has-post-thumbnail hentry category-non-classifiee tag-decaffeination-process-fr\" role=\"listitem\">\n\t\t\t<div class=\"elementor-post__card\">\n\t\t\t\t<a class=\"elementor-post__thumbnail__link\" href=\"https:\/\/cafesantahelena.com\/fr\/processus-de-decafeination\/\" tabindex=\"-1\" ><div class=\"elementor-post__thumbnail\"><img loading=\"lazy\" decoding=\"async\" width=\"400\" height=\"250\" src=\"https:\/\/cafesantahelena.com\/wp-content\/uploads\/2023\/03\/FA2D9DA1-FBA1-4E24-8E15-29F59585188E-400x250-1.jpeg\" class=\"attachment-full size-full wp-image-13187\" alt=\"Prozess der Entkoffeinierung\" srcset=\"https:\/\/cafesantahelena.com\/wp-content\/uploads\/2023\/03\/FA2D9DA1-FBA1-4E24-8E15-29F59585188E-400x250-1.jpeg 400w, https:\/\/cafesantahelena.com\/wp-content\/uploads\/2023\/03\/FA2D9DA1-FBA1-4E24-8E15-29F59585188E-400x250-1-350x219.jpeg 350w, https:\/\/cafesantahelena.com\/wp-content\/uploads\/2023\/03\/FA2D9DA1-FBA1-4E24-8E15-29F59585188E-400x250-1-64x40.jpeg 64w, https:\/\/cafesantahelena.com\/wp-content\/uploads\/2023\/03\/FA2D9DA1-FBA1-4E24-8E15-29F59585188E-400x250-1-300x188.jpeg 300w\" sizes=\"(max-width: 400px) 100vw, 400px\" \/><\/div><\/a>\n\t\t\t\t<div class=\"elementor-post__text\">\n\t\t\t\t<h3 class=\"elementor-post__title\">\n\t\t\t<a href=\"https:\/\/cafesantahelena.com\/fr\/processus-de-decafeination\/\" >\n\t\t\t\tComment se d\u00e9roule le processus de D\u00e9caf\u00e9ination?\t\t\t<\/a>\n\t\t<\/h3>\n\t\t\t\t<div class=\"elementor-post__excerpt\">\n\t\t\t<p>Le processus de d\u00e9caf\u00e9ination &nbsp; &nbsp; &nbsp; &nbsp; &nbsp; &nbsp; La Mol\u00e9cule de la Caf\u00e9ine La premi\u00e8re personne \u00e0 avoir<\/p>\n\t\t<\/div>\n\t\t\n\t\t<a class=\"elementor-post__read-more\" href=\"https:\/\/cafesantahelena.com\/fr\/processus-de-decafeination\/\" aria-label=\"En savoir plus sur Comment se d\u00e9roule le processus de D\u00e9caf\u00e9ination?\" tabindex=\"-1\" >\n\t\t\tEn savoir plus \"\t\t<\/a>\n\n\t\t\t\t<\/div>\n\t\t\t\t\t<\/div>\n\t\t<\/article>\n\t\t\t\t<article class=\"elementor-post elementor-grid-item post-13831 post type-post status-publish format-standard has-post-thumbnail hentry category-non-classifiee\" role=\"listitem\">\n\t\t\t<div class=\"elementor-post__card\">\n\t\t\t\t<a class=\"elementor-post__thumbnail__link\" href=\"https:\/\/cafesantahelena.com\/fr\/cafe-traditionnel\/\" tabindex=\"-1\" ><div class=\"elementor-post__thumbnail\"><img loading=\"lazy\" decoding=\"async\" width=\"500\" height=\"500\" src=\"https:\/\/cafesantahelena.com\/wp-content\/uploads\/2023\/01\/B04FE065-358B-4B02-893D-B02CC7ACE616.png\" class=\"attachment-full size-full wp-image-13039\" alt=\"\" srcset=\"https:\/\/cafesantahelena.com\/wp-content\/uploads\/2023\/01\/B04FE065-358B-4B02-893D-B02CC7ACE616.png 500w, https:\/\/cafesantahelena.com\/wp-content\/uploads\/2023\/01\/B04FE065-358B-4B02-893D-B02CC7ACE616-450x450.png 450w, https:\/\/cafesantahelena.com\/wp-content\/uploads\/2023\/01\/B04FE065-358B-4B02-893D-B02CC7ACE616-100x100.png 100w, https:\/\/cafesantahelena.com\/wp-content\/uploads\/2023\/01\/B04FE065-358B-4B02-893D-B02CC7ACE616-350x350.png 350w, https:\/\/cafesantahelena.com\/wp-content\/uploads\/2023\/01\/B04FE065-358B-4B02-893D-B02CC7ACE616-64x64.png 64w, https:\/\/cafesantahelena.com\/wp-content\/uploads\/2023\/01\/B04FE065-358B-4B02-893D-B02CC7ACE616-300x300.png 300w, https:\/\/cafesantahelena.com\/wp-content\/uploads\/2023\/01\/B04FE065-358B-4B02-893D-B02CC7ACE616-150x150.png 150w\" sizes=\"(max-width: 500px) 100vw, 500px\" \/><\/div><\/a>\n\t\t\t\t<div class=\"elementor-post__text\">\n\t\t\t\t<h3 class=\"elementor-post__title\">\n\t\t\t<a href=\"https:\/\/cafesantahelena.com\/fr\/cafe-traditionnel\/\" >\n\t\t\t\tCaf\u00e9 traditionnel X Caf\u00e9 de sp\u00e9cialit\u00e9\t\t\t<\/a>\n\t\t<\/h3>\n\t\t\t\t<div class=\"elementor-post__excerpt\">\n\t\t\t<p>Tout n&rsquo;est pas caf\u00e9? &nbsp; Nonnnnn! Quelle est la diff\u00e9rence entre le caf\u00e9 de sp\u00e9cialit\u00e9 et le caf\u00e9 traditionnel? Le<\/p>\n\t\t<\/div>\n\t\t\n\t\t<a class=\"elementor-post__read-more\" href=\"https:\/\/cafesantahelena.com\/fr\/cafe-traditionnel\/\" aria-label=\"En savoir plus sur Caf\u00e9 traditionnel X Caf\u00e9 de sp\u00e9cialit\u00e9\" tabindex=\"-1\" >\n\t\t\tEn savoir plus \"\t\t<\/a>\n\n\t\t\t\t<\/div>\n\t\t\t\t\t<\/div>\n\t\t<\/article>\n\t\t\t\t<article class=\"elementor-post elementor-grid-item post-13837 post type-post status-publish format-standard has-post-thumbnail hentry category-non-classifiee\" role=\"listitem\">\n\t\t\t<div class=\"elementor-post__card\">\n\t\t\t\t<a class=\"elementor-post__thumbnail__link\" href=\"https:\/\/cafesantahelena.com\/fr\/le-corps-du-cafe\/\" tabindex=\"-1\" ><div class=\"elementor-post__thumbnail\"><img loading=\"lazy\" decoding=\"async\" width=\"1080\" height=\"750\" src=\"https:\/\/cafesantahelena.com\/wp-content\/uploads\/2023\/01\/IMG_5975.webp\" class=\"attachment-full size-full wp-image-19418\" alt=\"le corp du caf\u00e9\" srcset=\"https:\/\/cafesantahelena.com\/wp-content\/uploads\/2023\/01\/IMG_5975.webp 1080w, https:\/\/cafesantahelena.com\/wp-content\/uploads\/2023\/01\/IMG_5975-300x208.webp 300w, https:\/\/cafesantahelena.com\/wp-content\/uploads\/2023\/01\/IMG_5975-1024x711.webp 1024w, https:\/\/cafesantahelena.com\/wp-content\/uploads\/2023\/01\/IMG_5975-768x533.webp 768w, https:\/\/cafesantahelena.com\/wp-content\/uploads\/2023\/01\/IMG_5975-350x243.webp 350w, https:\/\/cafesantahelena.com\/wp-content\/uploads\/2023\/01\/IMG_5975-64x44.webp 64w\" sizes=\"(max-width: 1080px) 100vw, 1080px\" \/><\/div><\/a>\n\t\t\t\t<div class=\"elementor-post__text\">\n\t\t\t\t<h3 class=\"elementor-post__title\">\n\t\t\t<a href=\"https:\/\/cafesantahelena.com\/fr\/le-corps-du-cafe\/\" >\n\t\t\t\tQuel est le corps du caf\u00e9?\t\t\t<\/a>\n\t\t<\/h3>\n\t\t\t\t<div class=\"elementor-post__excerpt\">\n\t\t\t<p>Savoir ce qu&rsquo;est le corps d&rsquo;un caf\u00e9 et comment identifier cette sensation\u00a0 Bien entendu, le choix de la boisson id\u00e9ale<\/p>\n\t\t<\/div>\n\t\t\n\t\t<a class=\"elementor-post__read-more\" href=\"https:\/\/cafesantahelena.com\/fr\/le-corps-du-cafe\/\" aria-label=\"En savoir plus sur Quel est le corps du caf\u00e9?\" tabindex=\"-1\" >\n\t\t\tEn savoir plus \"\t\t<\/a>\n\n\t\t\t\t<\/div>\n\t\t\t\t\t<\/div>\n\t\t<\/article>\n\t\t\t\t<\/div>\n\t\t\n\t\t\t\t<div class=\"e-load-more-anchor\" data-page=\"1\" data-max-page=\"4\" data-next-page=\"https:\/\/cafesantahelena.com\/fr\/wp-json\/wp\/v2\/pages\/13553\/page\/2\/\"><\/div>\n\t\t\t\t<nav class=\"elementor-pagination\" aria-label=\"Pagination\">\n\t\t\t<span aria-current=\"page\" class=\"page-numbers current\"><span class=\"elementor-screen-only\">Page<\/span>1<\/span>\n<a class=\"page-numbers\" href=\"https:\/\/cafesantahelena.com\/fr\/wp-json\/wp\/v2\/pages\/13553\/page\/2\/\"><span class=\"elementor-screen-only\">Page<\/span>2<\/a>\n<a class=\"page-numbers\" href=\"https:\/\/cafesantahelena.com\/fr\/wp-json\/wp\/v2\/pages\/13553\/page\/3\/\"><span class=\"elementor-screen-only\">Page<\/span>3<\/a>\n<a class=\"page-numbers\" href=\"https:\/\/cafesantahelena.com\/fr\/wp-json\/wp\/v2\/pages\/13553\/page\/4\/\"><span class=\"elementor-screen-only\">Page<\/span>4<\/a>\t\t<\/nav>\n\t\t\t\t\t\t<\/div>\n\t\t\t\t<\/div>\n\t\t\t\t<\/div>\n\t\t\t\t\t<\/div>\n\t\t\t\t<\/div>\n\t\t<div class=\"elementor-element elementor-element-d7c10c2 e-con-full e-flex e-con e-parent\" data-id=\"d7c10c2\" data-element_type=\"container\">\n\t\t\t\t<div class=\"elementor-element elementor-element-98e4e09 elementor-widget elementor-widget-template\" data-id=\"98e4e09\" data-element_type=\"widget\" data-widget_type=\"template.default\">\n\t\t\t\t<div class=\"elementor-widget-container\">\n\t\t\t\t\t\t\t<div class=\"elementor-template\">\n\t\t\t\t\t<div data-elementor-type=\"container\" data-elementor-id=\"14431\" class=\"elementor elementor-14431 elementor-130\" data-elementor-post-type=\"elementor_library\">\n\t\t\t\t<div class=\"elementor-element elementor-element-277ccdff e-flex e-con-boxed e-con e-parent\" data-id=\"277ccdff\" data-element_type=\"container\" data-settings=\"{&quot;background_background&quot;:&quot;classic&quot;}\">\n\t\t\t\t\t<div class=\"e-con-inner\">\n\t\t\t\t<div class=\"elementor-element elementor-element-2b83604f elementor-widget__width-initial elementor-widget-mobile__width-initial elementor-widget-tablet__width-initial elementor-widget elementor-widget-image-box\" data-id=\"2b83604f\" data-element_type=\"widget\" data-widget_type=\"image-box.default\">\n\t\t\t\t<div class=\"elementor-widget-container\">\n\t\t\t\t\t<div class=\"elementor-image-box-wrapper\"><div class=\"elementor-image-box-content\"><h3 class=\"elementor-image-box-title\">LAISSEZ-VOUS CONVAINCRE PAR NOTRE CAF\u00c9<\/h3><p class=\"elementor-image-box-description\"> Biologique, Caf\u00e9 de sp\u00e9cialit\u00e9 du Br\u00e9sil<\/p><\/div><\/div>\t\t\t\t<\/div>\n\t\t\t\t<\/div>\n\t\t\t\t<div class=\"elementor-element elementor-element-173352b3 elementor-widget__width-initial elementor-widget-tablet__width-initial elementor-widget elementor-widget-image-box\" data-id=\"173352b3\" data-element_type=\"widget\" data-widget_type=\"image-box.default\">\n\t\t\t\t<div class=\"elementor-widget-container\">\n\t\t\t\t\t<div class=\"elementor-image-box-wrapper\"><div class=\"elementor-image-box-content\"><h3 class=\"elementor-image-box-title\">ESSAYEZ NOS \u00c9CO-CAPSULES DE CAF\u00c9<\/h3><p class=\"elementor-image-box-description\">Compatible avec les machines Nespresso\u00ae-System<br>Mat\u00e9riau Naturel, Compostable, Biod\u00e9gradable<\/p><\/div><\/div>\t\t\t\t<\/div>\n\t\t\t\t<\/div>\n\t\t\t\t<div class=\"elementor-element elementor-element-2f16196b elementor-mobile-align-center elementor-widget__width-inherit elementor-align-center elementor-widget elementor-widget-button\" data-id=\"2f16196b\" data-element_type=\"widget\" data-widget_type=\"button.default\">\n\t\t\t\t<div class=\"elementor-widget-container\">\n\t\t\t\t\t\t\t\t\t<div class=\"elementor-button-wrapper\">\n\t\t\t\t\t<a class=\"elementor-button elementor-button-link elementor-size-sm elementor-animation-float\" href=\"https:\/\/cafesantahelena.com\/fr\/boutique\">\n\t\t\t\t\t\t<span class=\"elementor-button-content-wrapper\">\n\t\t\t\t\t\t\t\t\t<span class=\"elementor-button-text\">Vers la boutique<\/span>\n\t\t\t\t\t<\/span>\n\t\t\t\t\t<\/a>\n\t\t\t\t<\/div>\n\t\t\t\t\t\t\t\t<\/div>\n\t\t\t\t<\/div>\n\t\t\t\t\t<\/div>\n\t\t\t\t<\/div>\n\t\t\t\t<\/div>\n\t\t\t\t<\/div>\n\t\t\t\t\t\t<\/div>\n\t\t\t\t<\/div>\n\t\t\t\t<\/div>\n\t\t\t\t<\/div>\n\t\t","protected":false},"excerpt":{"rendered":"","protected":false},"author":1,"featured_media":0,"parent":0,"menu_order":0,"comment_status":"closed","ping_status":"closed","template":"elementor_header_footer","meta":{"footnotes":""},"class_list":["post-13553","page","type-page","status-publish","hentry"],"yoast_head":"<!-- This site is optimized with the Yoast SEO plugin v26.4 - https:\/\/yoast.com\/wordpress\/plugins\/seo\/ -->\n<title>Blog - Caf\u00e9 Santa Helena<\/title>\n<meta name=\"robots\" content=\"index, follow, max-snippet:-1, max-image-preview:large, max-video-preview:-1\" \/>\n<link rel=\"canonical\" href=\"https:\/\/cafesantahelena.com\/blog\/\" \/>\n<meta property=\"og:locale\" content=\"fr_FR\" \/>\n<meta property=\"og:type\" content=\"article\" \/>\n<meta property=\"og:title\" content=\"Blog - Caf\u00e9 Santa Helena\" \/>\n<meta property=\"og:url\" content=\"https:\/\/cafesantahelena.com\/blog\/\" \/>\n<meta property=\"og:site_name\" content=\"Caf\u00e9 Santa Helena\" \/>\n<meta property=\"article:modified_time\" content=\"2025-02-26T16:58:48+00:00\" \/>\n<meta property=\"og:image\" content=\"https:\/\/cafesantahelena.com\/wp-content\/uploads\/2025\/01\/IMG_5174.webp\" \/>\n\t<meta property=\"og:image:width\" content=\"1050\" \/>\n\t<meta property=\"og:image:height\" content=\"350\" \/>\n\t<meta property=\"og:image:type\" content=\"image\/webp\" \/>\n<meta name=\"twitter:card\" content=\"summary_large_image\" \/>\n<meta name=\"twitter:label1\" content=\"Dur\u00e9e de lecture estim\u00e9e\" \/>\n\t<meta name=\"twitter:data1\" content=\"6 minutes\" \/>\n<script type=\"application\/ld+json\" class=\"yoast-schema-graph\">{\"@context\":\"https:\/\/schema.org\",\"@graph\":[{\"@type\":\"WebPage\",\"@id\":\"https:\/\/cafesantahelena.com\/blog\/\",\"url\":\"https:\/\/cafesantahelena.com\/blog\/\",\"name\":\"Blog - Caf\u00e9 Santa Helena\",\"isPartOf\":{\"@id\":\"https:\/\/cafesantahelena.com\/#website\"},\"primaryImageOfPage\":{\"@id\":\"https:\/\/cafesantahelena.com\/blog\/#primaryimage\"},\"image\":{\"@id\":\"https:\/\/cafesantahelena.com\/blog\/#primaryimage\"},\"thumbnailUrl\":\"https:\/\/cafesantahelena.com\/wp-content\/uploads\/2025\/01\/IMG_5174.webp\",\"datePublished\":\"2024-08-14T19:32:26+00:00\",\"dateModified\":\"2025-02-26T16:58:48+00:00\",\"breadcrumb\":{\"@id\":\"https:\/\/cafesantahelena.com\/blog\/#breadcrumb\"},\"inLanguage\":\"fr-FR\",\"potentialAction\":[{\"@type\":\"ReadAction\",\"target\":[\"https:\/\/cafesantahelena.com\/blog\/\"]}]},{\"@type\":\"ImageObject\",\"inLanguage\":\"fr-FR\",\"@id\":\"https:\/\/cafesantahelena.com\/blog\/#primaryimage\",\"url\":\"https:\/\/cafesantahelena.com\/wp-content\/uploads\/2025\/01\/IMG_5174.webp\",\"contentUrl\":\"https:\/\/cafesantahelena.com\/wp-content\/uploads\/2025\/01\/IMG_5174.webp\"},{\"@type\":\"BreadcrumbList\",\"@id\":\"https:\/\/cafesantahelena.com\/blog\/#breadcrumb\",\"itemListElement\":[{\"@type\":\"ListItem\",\"position\":1,\"name\":\"In\u00edcio\",\"item\":\"https:\/\/cafesantahelena.com\/fr\/\"},{\"@type\":\"ListItem\",\"position\":2,\"name\":\"Blog\"}]},{\"@type\":\"WebSite\",\"@id\":\"https:\/\/cafesantahelena.com\/#website\",\"url\":\"https:\/\/cafesantahelena.com\/\",\"name\":\"Caf\u00e9 Santa Helena\",\"description\":\"\",\"potentialAction\":[{\"@type\":\"SearchAction\",\"target\":{\"@type\":\"EntryPoint\",\"urlTemplate\":\"https:\/\/cafesantahelena.com\/?s={search_term_string}\"},\"query-input\":{\"@type\":\"PropertyValueSpecification\",\"valueRequired\":true,\"valueName\":\"search_term_string\"}}],\"inLanguage\":\"fr-FR\"}]}<\/script>\n<!-- \/ Yoast SEO plugin. -->","yoast_head_json":{"title":"Blog - Caf\u00e9 Santa Helena","robots":{"index":"index","follow":"follow","max-snippet":"max-snippet:-1","max-image-preview":"max-image-preview:large","max-video-preview":"max-video-preview:-1"},"canonical":"https:\/\/cafesantahelena.com\/blog\/","og_locale":"fr_FR","og_type":"article","og_title":"Blog - Caf\u00e9 Santa Helena","og_url":"https:\/\/cafesantahelena.com\/blog\/","og_site_name":"Caf\u00e9 Santa Helena","article_modified_time":"2025-02-26T16:58:48+00:00","og_image":[{"width":1050,"height":350,"url":"https:\/\/cafesantahelena.com\/wp-content\/uploads\/2025\/01\/IMG_5174.webp","type":"image\/webp"}],"twitter_card":"summary_large_image","twitter_misc":{"Dur\u00e9e de lecture estim\u00e9e":"6 minutes"},"schema":{"@context":"https:\/\/schema.org","@graph":[{"@type":"WebPage","@id":"https:\/\/cafesantahelena.com\/blog\/","url":"https:\/\/cafesantahelena.com\/blog\/","name":"Blog - Caf\u00e9 Santa Helena","isPartOf":{"@id":"https:\/\/cafesantahelena.com\/#website"},"primaryImageOfPage":{"@id":"https:\/\/cafesantahelena.com\/blog\/#primaryimage"},"image":{"@id":"https:\/\/cafesantahelena.com\/blog\/#primaryimage"},"thumbnailUrl":"https:\/\/cafesantahelena.com\/wp-content\/uploads\/2025\/01\/IMG_5174.webp","datePublished":"2024-08-14T19:32:26+00:00","dateModified":"2025-02-26T16:58:48+00:00","breadcrumb":{"@id":"https:\/\/cafesantahelena.com\/blog\/#breadcrumb"},"inLanguage":"fr-FR","potentialAction":[{"@type":"ReadAction","target":["https:\/\/cafesantahelena.com\/blog\/"]}]},{"@type":"ImageObject","inLanguage":"fr-FR","@id":"https:\/\/cafesantahelena.com\/blog\/#primaryimage","url":"https:\/\/cafesantahelena.com\/wp-content\/uploads\/2025\/01\/IMG_5174.webp","contentUrl":"https:\/\/cafesantahelena.com\/wp-content\/uploads\/2025\/01\/IMG_5174.webp"},{"@type":"BreadcrumbList","@id":"https:\/\/cafesantahelena.com\/blog\/#breadcrumb","itemListElement":[{"@type":"ListItem","position":1,"name":"In\u00edcio","item":"https:\/\/cafesantahelena.com\/fr\/"},{"@type":"ListItem","position":2,"name":"Blog"}]},{"@type":"WebSite","@id":"https:\/\/cafesantahelena.com\/#website","url":"https:\/\/cafesantahelena.com\/","name":"Caf\u00e9 Santa Helena","description":"","potentialAction":[{"@type":"SearchAction","target":{"@type":"EntryPoint","urlTemplate":"https:\/\/cafesantahelena.com\/?s={search_term_string}"},"query-input":{"@type":"PropertyValueSpecification","valueRequired":true,"valueName":"search_term_string"}}],"inLanguage":"fr-FR"}]}},"_links":{"self":[{"href":"https:\/\/cafesantahelena.com\/fr\/wp-json\/wp\/v2\/pages\/13553","targetHints":{"allow":["GET"]}}],"collection":[{"href":"https:\/\/cafesantahelena.com\/fr\/wp-json\/wp\/v2\/pages"}],"about":[{"href":"https:\/\/cafesantahelena.com\/fr\/wp-json\/wp\/v2\/types\/page"}],"author":[{"embeddable":true,"href":"https:\/\/cafesantahelena.com\/fr\/wp-json\/wp\/v2\/users\/1"}],"replies":[{"embeddable":true,"href":"https:\/\/cafesantahelena.com\/fr\/wp-json\/wp\/v2\/comments?post=13553"}],"version-history":[{"count":6,"href":"https:\/\/cafesantahelena.com\/fr\/wp-json\/wp\/v2\/pages\/13553\/revisions"}],"predecessor-version":[{"id":19276,"href":"https:\/\/cafesantahelena.com\/fr\/wp-json\/wp\/v2\/pages\/13553\/revisions\/19276"}],"wp:attachment":[{"href":"https:\/\/cafesantahelena.com\/fr\/wp-json\/wp\/v2\/media?parent=13553"}],"curies":[{"name":"wp","href":"https:\/\/api.w.org\/{rel}","templated":true}]}}