{"id":14041,"date":"2024-07-22T15:08:59","date_gmt":"2024-07-22T15:08:59","guid":{"rendered":"https:\/\/cafesantahelena.alivanstudio.com\/?post_type=product&#038;p=14041"},"modified":"2025-01-24T13:08:22","modified_gmt":"2025-01-24T13:08:22","slug":"cafe-feminino-moulu","status":"publish","type":"product","link":"https:\/\/cafesantahelena.com\/fr\/products\/cafe-feminino-moulu\/","title":{"rendered":"Caf\u00e9 Feminino Moulu"},"content":{"rendered":"<h2>Caf\u00e9 Feminino moulu<\/h2>\n<p><strong>Le caf\u00e9 est cultiv\u00e9, r\u00e9colt\u00e9, s\u00e9lectionn\u00e9 et trait\u00e9 par des femmes.<\/strong><\/p>\n<p><span lang=\"fr\">\ud83c\udf1f\u2615 L&rsquo;autonomisation des femmes gr\u00e2ce au caf\u00e9 \u2615\ufe0f<\/span><\/p>\n<p>Voici notre Caf\u00e9 Feminino moulu- un travail d&rsquo;amour et d&rsquo;autonomisation, \u00e9labor\u00e9 exclusivement par les incroyables femmes du Br\u00e9sil.<\/p>\n<p>Ces reines du caf\u00e9 ont nourri chaque grain, garantissant une infusion riche et biologique qui est bonne pour vous et pour le monde.<\/p>\n<p><strong>Composition :<\/strong><\/p>\n<p>100% Arabica &#8211; Caf\u00e9 de Sp\u00e9cialit\u00e9 86 points SCA. Biologique et commerce \u00e9quitable.<\/p>\n<p>Corps &#8211; doux avec un niveau \u00e9lev\u00e9 de douceur naturelle, finale longue, faible acidit\u00e9.<\/p>\n<p>Notes sensorielles &#8211; Floral et Fruit\u00e9<\/p>\n<p>Intensit\u00e9 &#8211; 3 sur 5<\/p>\n<p>Vari\u00e9t\u00e9 &#8211; Catua\u00ed Vermelho.<\/p>\n<p>Processus de torr\u00e9faction : Torr\u00e9faction lente artisanale avec un torr\u00e9facteur en bois \ud83e\udeb5\ud83d\udd25.<\/p>\n<p>Degr\u00e9 de torr\u00e9faction : Moyennement l\u00e9ger<\/p>\n<p>Id\u00e9al pour : Moka, filtre ou similaire<\/p>\n<p><b>Ingr\u00e9dients :<\/b><\/p>\n<p>Caf\u00e9 moulu, 100% Arabica, biologique et \u00e9quitable, caf\u00e9 de sp\u00e9cialit\u00e9, Microlot, origine unique du Br\u00e9sil. Emballage 500g.<\/p>\n<p style=\"text-align: center;\"><a href=\"?add-to-cart=14041\"><span style=\"color: #800000;\"><em><strong><span style=\"font-size: 18pt;\">Ajouter au panier Caf\u00e9 Feminino maintenant !<\/span><\/strong><\/em><\/span><\/a><\/p>\n<p><img decoding=\"async\" class=\" wp-image-14057 aligncenter\" src=\"https:\/\/cafesantahelena.com\/wp-content\/uploads\/2024\/07\/F16BA1DC-4552-44E6-9CAF-7827F4298B30-300x300-1.png\" alt=\"\" width=\"170\" height=\"170\" srcset=\"https:\/\/cafesantahelena.com\/wp-content\/uploads\/2024\/07\/F16BA1DC-4552-44E6-9CAF-7827F4298B30-300x300-1.png 300w, https:\/\/cafesantahelena.com\/wp-content\/uploads\/2024\/07\/F16BA1DC-4552-44E6-9CAF-7827F4298B30-300x300-1-100x100.png 100w, https:\/\/cafesantahelena.com\/wp-content\/uploads\/2024\/07\/F16BA1DC-4552-44E6-9CAF-7827F4298B30-300x300-1-64x64.png 64w, https:\/\/cafesantahelena.com\/wp-content\/uploads\/2024\/07\/F16BA1DC-4552-44E6-9CAF-7827F4298B30-300x300-1-150x150.png 150w\" sizes=\"(max-width: 170px) 100vw, 170px\" \/><\/p>\n<p>&nbsp;<\/p>\n<p>&nbsp;<\/p>\n","protected":false},"excerpt":{"rendered":"<p>IVA incl. plus frais d&rsquo;exp\u00e9dition<\/p>\n<p>Le caf\u00e9 est cultiv\u00e9, s\u00e9lectionn\u00e9 et trait\u00e9 par des femmes.<\/p>\n<p>Degr\u00e9 de torr\u00e9faction : Moyennement l\u00e9ger<\/p>\n<p>3 sur 5<\/p>\n<p><img decoding=\"async\" class=\"alignnone wp-image-14156\" src=\"https:\/\/cafesantahelena.com\/wp-content\/uploads\/2024\/07\/025D99D1-34D9-41E3-9975-494901AC3E57-300x33-2.png\" alt=\"\" width=\"209\" height=\"23\" srcset=\"https:\/\/cafesantahelena.com\/wp-content\/uploads\/2024\/07\/025D99D1-34D9-41E3-9975-494901AC3E57-300x33-2.png 300w, https:\/\/cafesantahelena.com\/wp-content\/uploads\/2024\/07\/025D99D1-34D9-41E3-9975-494901AC3E57-300x33-2-64x7.png 64w\" sizes=\"(max-width: 209px) 100vw, 209px\" \/><\/p>\n<p>Niveau \u00e9lev\u00e9 de douceur et faible acidit\u00e9<\/p>\n<p>Notes sensorielles : Floral et Fruit\u00e9<\/p>\n<p>100% Arabica biologique, commerce \u00e9quitable, caf\u00e9 de sp\u00e9cialit\u00e9, origine unique du Br\u00e9sil.<\/p>\n<p>Id\u00e9al pour : Moka, filtre ou similaire<\/p>\n<p>Emballage 500g<\/p>\n","protected":false},"featured_media":17227,"comment_status":"open","ping_status":"closed","template":"","meta":[],"product_brand":[],"product_cat":[170,176],"product_tag":[212,222,221,216],"class_list":{"0":"post-14041","1":"product","2":"type-product","3":"status-publish","4":"has-post-thumbnail","6":"product_cat-cafe","7":"product_cat-cafe-moulu","8":"product_tag-cafe-fr","9":"product_tag-cafe-bio-fr","10":"product_tag-cafe-feminino-fr","11":"product_tag-cafe-moulu-fr","13":"first","14":"outofstock","15":"featured","16":"shipping-taxable","17":"purchasable","18":"product-type-simple"},"yoast_head":"<!-- This site is optimized with the Yoast SEO plugin v26.4 - https:\/\/yoast.com\/wordpress\/plugins\/seo\/ -->\n<title>Caf\u00e9 Feminino Moulu-Caf\u00e9 Santa Helena<\/title>\n<meta name=\"description\" content=\"Caf\u00e9 Feminino Moulu. Le caf\u00e9 est cultiv\u00e9, r\u00e9colt\u00e9, s\u00e9lectionn\u00e9 et trait\u00e9 par des femmes. Torr\u00e9faction lente artisanale en bois. Acheter maintenant!\" \/>\n<meta name=\"robots\" content=\"index, follow, max-snippet:-1, max-image-preview:large, max-video-preview:-1\" \/>\n<link rel=\"canonical\" href=\"https:\/\/cafesantahelena.com\/fr\/products\/cafe-feminino-moulu\/\" \/>\n<meta property=\"og:locale\" content=\"fr_FR\" \/>\n<meta property=\"og:type\" content=\"article\" \/>\n<meta property=\"og:title\" content=\"Caf\u00e9 Feminino Moulu-Caf\u00e9 Santa Helena\" \/>\n<meta property=\"og:description\" content=\"Caf\u00e9 Feminino Moulu. Le caf\u00e9 est cultiv\u00e9, r\u00e9colt\u00e9, s\u00e9lectionn\u00e9 et trait\u00e9 par des femmes. Torr\u00e9faction lente artisanale en bois. Acheter maintenant!\" \/>\n<meta property=\"og:url\" content=\"https:\/\/cafesantahelena.com\/fr\/products\/cafe-feminino-moulu\/\" \/>\n<meta property=\"og:site_name\" content=\"Caf\u00e9 Santa Helena\" \/>\n<meta property=\"article:modified_time\" content=\"2025-01-24T13:08:22+00:00\" \/>\n<meta property=\"og:image\" content=\"https:\/\/cafesantahelena.com\/wp-content\/uploads\/2024\/07\/Cafe-Feminino-ground.webp\" \/>\n\t<meta property=\"og:image:width\" content=\"350\" \/>\n\t<meta property=\"og:image:height\" content=\"450\" \/>\n\t<meta property=\"og:image:type\" content=\"image\/webp\" \/>\n<meta name=\"twitter:card\" content=\"summary_large_image\" \/>\n<meta name=\"twitter:label1\" content=\"Dur\u00e9e de lecture estim\u00e9e\" \/>\n\t<meta name=\"twitter:data1\" content=\"2 minutes\" \/>\n<script type=\"application\/ld+json\" class=\"yoast-schema-graph\">{\"@context\":\"https:\/\/schema.org\",\"@graph\":[{\"@type\":\"WebPage\",\"@id\":\"https:\/\/cafesantahelena.com\/fr\/products\/cafe-feminino-moulu\/\",\"url\":\"https:\/\/cafesantahelena.com\/fr\/products\/cafe-feminino-moulu\/\",\"name\":\"Caf\u00e9 Feminino Moulu-Caf\u00e9 Santa Helena\",\"isPartOf\":{\"@id\":\"https:\/\/cafesantahelena.com\/#website\"},\"primaryImageOfPage\":{\"@id\":\"https:\/\/cafesantahelena.com\/fr\/products\/cafe-feminino-moulu\/#primaryimage\"},\"image\":{\"@id\":\"https:\/\/cafesantahelena.com\/fr\/products\/cafe-feminino-moulu\/#primaryimage\"},\"thumbnailUrl\":\"https:\/\/cafesantahelena.com\/wp-content\/uploads\/2024\/07\/Cafe-Feminino-ground.webp\",\"datePublished\":\"2024-07-22T15:08:59+00:00\",\"dateModified\":\"2025-01-24T13:08:22+00:00\",\"description\":\"Caf\u00e9 Feminino Moulu. Le caf\u00e9 est cultiv\u00e9, r\u00e9colt\u00e9, s\u00e9lectionn\u00e9 et trait\u00e9 par des femmes. Torr\u00e9faction lente artisanale en bois. Acheter maintenant!\",\"breadcrumb\":{\"@id\":\"https:\/\/cafesantahelena.com\/fr\/products\/cafe-feminino-moulu\/#breadcrumb\"},\"inLanguage\":\"fr-FR\",\"potentialAction\":[{\"@type\":\"ReadAction\",\"target\":[\"https:\/\/cafesantahelena.com\/fr\/products\/cafe-feminino-moulu\/\"]}]},{\"@type\":\"ImageObject\",\"inLanguage\":\"fr-FR\",\"@id\":\"https:\/\/cafesantahelena.com\/fr\/products\/cafe-feminino-moulu\/#primaryimage\",\"url\":\"https:\/\/cafesantahelena.com\/wp-content\/uploads\/2024\/07\/Cafe-Feminino-ground.webp\",\"contentUrl\":\"https:\/\/cafesantahelena.com\/wp-content\/uploads\/2024\/07\/Cafe-Feminino-ground.webp\",\"width\":350,\"height\":450,\"caption\":\"caf\u00e9 feminino moulu\"},{\"@type\":\"BreadcrumbList\",\"@id\":\"https:\/\/cafesantahelena.com\/fr\/products\/cafe-feminino-moulu\/#breadcrumb\",\"itemListElement\":[{\"@type\":\"ListItem\",\"position\":1,\"name\":\"In\u00edcio\",\"item\":\"https:\/\/cafesantahelena.com\/fr\/\"},{\"@type\":\"ListItem\",\"position\":2,\"name\":\"Produtos\",\"item\":\"https:\/\/cafesantahelena.com\/loja\/\"},{\"@type\":\"ListItem\",\"position\":3,\"name\":\"Caf\u00e9 Feminino Moulu\"}]},{\"@type\":\"WebSite\",\"@id\":\"https:\/\/cafesantahelena.com\/#website\",\"url\":\"https:\/\/cafesantahelena.com\/\",\"name\":\"Caf\u00e9 Santa Helena\",\"description\":\"\",\"potentialAction\":[{\"@type\":\"SearchAction\",\"target\":{\"@type\":\"EntryPoint\",\"urlTemplate\":\"https:\/\/cafesantahelena.com\/?s={search_term_string}\"},\"query-input\":{\"@type\":\"PropertyValueSpecification\",\"valueRequired\":true,\"valueName\":\"search_term_string\"}}],\"inLanguage\":\"fr-FR\"}]}<\/script>\n<!-- \/ Yoast SEO plugin. -->","yoast_head_json":{"title":"Caf\u00e9 Feminino Moulu-Caf\u00e9 Santa Helena","description":"Caf\u00e9 Feminino Moulu. Le caf\u00e9 est cultiv\u00e9, r\u00e9colt\u00e9, s\u00e9lectionn\u00e9 et trait\u00e9 par des femmes. Torr\u00e9faction lente artisanale en bois. Acheter maintenant!","robots":{"index":"index","follow":"follow","max-snippet":"max-snippet:-1","max-image-preview":"max-image-preview:large","max-video-preview":"max-video-preview:-1"},"canonical":"https:\/\/cafesantahelena.com\/fr\/products\/cafe-feminino-moulu\/","og_locale":"fr_FR","og_type":"article","og_title":"Caf\u00e9 Feminino Moulu-Caf\u00e9 Santa Helena","og_description":"Caf\u00e9 Feminino Moulu. Le caf\u00e9 est cultiv\u00e9, r\u00e9colt\u00e9, s\u00e9lectionn\u00e9 et trait\u00e9 par des femmes. Torr\u00e9faction lente artisanale en bois. Acheter maintenant!","og_url":"https:\/\/cafesantahelena.com\/fr\/products\/cafe-feminino-moulu\/","og_site_name":"Caf\u00e9 Santa Helena","article_modified_time":"2025-01-24T13:08:22+00:00","og_image":[{"width":350,"height":450,"url":"https:\/\/cafesantahelena.com\/wp-content\/uploads\/2024\/07\/Cafe-Feminino-ground.webp","type":"image\/webp"}],"twitter_card":"summary_large_image","twitter_misc":{"Dur\u00e9e de lecture estim\u00e9e":"2 minutes"},"schema":{"@context":"https:\/\/schema.org","@graph":[{"@type":"WebPage","@id":"https:\/\/cafesantahelena.com\/fr\/products\/cafe-feminino-moulu\/","url":"https:\/\/cafesantahelena.com\/fr\/products\/cafe-feminino-moulu\/","name":"Caf\u00e9 Feminino Moulu-Caf\u00e9 Santa Helena","isPartOf":{"@id":"https:\/\/cafesantahelena.com\/#website"},"primaryImageOfPage":{"@id":"https:\/\/cafesantahelena.com\/fr\/products\/cafe-feminino-moulu\/#primaryimage"},"image":{"@id":"https:\/\/cafesantahelena.com\/fr\/products\/cafe-feminino-moulu\/#primaryimage"},"thumbnailUrl":"https:\/\/cafesantahelena.com\/wp-content\/uploads\/2024\/07\/Cafe-Feminino-ground.webp","datePublished":"2024-07-22T15:08:59+00:00","dateModified":"2025-01-24T13:08:22+00:00","description":"Caf\u00e9 Feminino Moulu. Le caf\u00e9 est cultiv\u00e9, r\u00e9colt\u00e9, s\u00e9lectionn\u00e9 et trait\u00e9 par des femmes. Torr\u00e9faction lente artisanale en bois. Acheter maintenant!","breadcrumb":{"@id":"https:\/\/cafesantahelena.com\/fr\/products\/cafe-feminino-moulu\/#breadcrumb"},"inLanguage":"fr-FR","potentialAction":[{"@type":"ReadAction","target":["https:\/\/cafesantahelena.com\/fr\/products\/cafe-feminino-moulu\/"]}]},{"@type":"ImageObject","inLanguage":"fr-FR","@id":"https:\/\/cafesantahelena.com\/fr\/products\/cafe-feminino-moulu\/#primaryimage","url":"https:\/\/cafesantahelena.com\/wp-content\/uploads\/2024\/07\/Cafe-Feminino-ground.webp","contentUrl":"https:\/\/cafesantahelena.com\/wp-content\/uploads\/2024\/07\/Cafe-Feminino-ground.webp","width":350,"height":450,"caption":"caf\u00e9 feminino moulu"},{"@type":"BreadcrumbList","@id":"https:\/\/cafesantahelena.com\/fr\/products\/cafe-feminino-moulu\/#breadcrumb","itemListElement":[{"@type":"ListItem","position":1,"name":"In\u00edcio","item":"https:\/\/cafesantahelena.com\/fr\/"},{"@type":"ListItem","position":2,"name":"Produtos","item":"https:\/\/cafesantahelena.com\/loja\/"},{"@type":"ListItem","position":3,"name":"Caf\u00e9 Feminino Moulu"}]},{"@type":"WebSite","@id":"https:\/\/cafesantahelena.com\/#website","url":"https:\/\/cafesantahelena.com\/","name":"Caf\u00e9 Santa Helena","description":"","potentialAction":[{"@type":"SearchAction","target":{"@type":"EntryPoint","urlTemplate":"https:\/\/cafesantahelena.com\/?s={search_term_string}"},"query-input":{"@type":"PropertyValueSpecification","valueRequired":true,"valueName":"search_term_string"}}],"inLanguage":"fr-FR"}]}},"_links":{"self":[{"href":"https:\/\/cafesantahelena.com\/fr\/wp-json\/wp\/v2\/product\/14041","targetHints":{"allow":["GET"]}}],"collection":[{"href":"https:\/\/cafesantahelena.com\/fr\/wp-json\/wp\/v2\/product"}],"about":[{"href":"https:\/\/cafesantahelena.com\/fr\/wp-json\/wp\/v2\/types\/product"}],"replies":[{"embeddable":true,"href":"https:\/\/cafesantahelena.com\/fr\/wp-json\/wp\/v2\/comments?post=14041"}],"wp:featuredmedia":[{"embeddable":true,"href":"https:\/\/cafesantahelena.com\/fr\/wp-json\/wp\/v2\/media\/17227"}],"wp:attachment":[{"href":"https:\/\/cafesantahelena.com\/fr\/wp-json\/wp\/v2\/media?parent=14041"}],"wp:term":[{"taxonomy":"product_brand","embeddable":true,"href":"https:\/\/cafesantahelena.com\/fr\/wp-json\/wp\/v2\/product_brand?post=14041"},{"taxonomy":"product_cat","embeddable":true,"href":"https:\/\/cafesantahelena.com\/fr\/wp-json\/wp\/v2\/product_cat?post=14041"},{"taxonomy":"product_tag","embeddable":true,"href":"https:\/\/cafesantahelena.com\/fr\/wp-json\/wp\/v2\/product_tag?post=14041"}],"curies":[{"name":"wp","href":"https:\/\/api.w.org\/{rel}","templated":true}]}}