{"id":14061,"date":"2024-07-22T15:08:59","date_gmt":"2024-07-22T15:08:59","guid":{"rendered":"https:\/\/cafesantahelena.alivanstudio.com\/?post_type=product&#038;p=14061"},"modified":"2025-01-20T17:52:41","modified_gmt":"2025-01-20T17:52:41","slug":"cafe-feminino-en-grains-espresso","status":"publish","type":"product","link":"https:\/\/cafesantahelena.com\/fr\/products\/cafe-feminino-en-grains-espresso\/","title":{"rendered":"Caf\u00e9 Feminino en Grains Espresso"},"content":{"rendered":"<div id=\"cc-m-13695954727\">\n<h2 id=\"cc-m-header-13695954727\" style=\"text-align: center;\"><img decoding=\"async\" class=\"wp-image-14068 size-full alignleft\" src=\"https:\/\/cafesantahelena.com\/wp-content\/uploads\/2024\/07\/ADA25F9F-3EA5-4F45-80CF-42985FB6C14C-163x300-1-1.jpeg\" alt=\"\" width=\"163\" height=\"300\" srcset=\"https:\/\/cafesantahelena.com\/wp-content\/uploads\/2024\/07\/ADA25F9F-3EA5-4F45-80CF-42985FB6C14C-163x300-1-1.jpeg 163w, https:\/\/cafesantahelena.com\/wp-content\/uploads\/2024\/07\/ADA25F9F-3EA5-4F45-80CF-42985FB6C14C-163x300-1-1-64x118.jpeg 64w\" sizes=\"(max-width: 163px) 100vw, 163px\" \/><\/h2>\n<h2><b><br \/>\nCaf\u00e9 Feminino en grains pour le Espresso\u00a0<\/b><\/h2>\n<p><b>Le caf\u00e9 est cultiv\u00e9, r\u00e9colt\u00e9, s\u00e9lectionn\u00e9 et trait\u00e9e par des femmes.<\/b><\/p>\n<p>\ud83c\udf1f\ud83c\udf39Encourageant les femmes gr\u00e2ce au caf\u00e9 \u2615\ufe0f<\/p>\n<p>Un travail d&rsquo;amour et d&rsquo;autonomisation, \u00e9labor\u00e9 exclusivement par les incroyables femmes du Br\u00e9sil. Ces reines du caf\u00e9 ont nourri chaque grain, garantissant une infusion riche et biologique qui est bonne pour vous et pour le monde.<\/p>\n<p>&nbsp;<\/p>\n<p>&nbsp;<\/p>\n<p>&nbsp;<\/p>\n<p><b>Composition :<\/b><\/p>\n<p>Grains entiers, 100% Arabica, Caf\u00e9 de sp\u00e9cialit\u00e9 86 points SCA. Microlot.<\/p>\n<p>Corps &#8211; doux avec un niveau \u00e9lev\u00e9 de douceur naturelle, finale longue, faible acidit\u00e9.<\/p>\n<p>Notes sensorielles &#8211; Floral et Fruit\u00e9<\/p>\n<p>Vari\u00e9t\u00e9 &#8211; Catua\u00ed Vermelho, 100% Arabica.<\/p>\n<p>Processus de torr\u00e9faction : Torr\u00e9faction lente traditionnelle avec un torr\u00e9facteur en bois \ud83e\udeb5\ud83d\udd25.<\/p>\n<p>Degr\u00e9 de torr\u00e9faction : Moyen<\/p>\n<p>Intensit\u00e9 &#8211; 3 sur 5<\/p>\n<p>Id\u00e9al pour : Espresso, Lungo et Capuccino.<\/p>\n<p><b>Ingr\u00e9dients :<\/b><\/p>\n<p>Caf\u00e9 Feminino grains entiers, 100% Arabica, biologique et \u00e9quitable, Microlote, caf\u00e9 de sp\u00e9cialit\u00e9 du Br\u00e9sil. Emballage 500g.<\/p>\n<p style=\"text-align: center;\"><a href=\"?add-to-cart=10425\"><span style=\"color: #800000;\"><em><strong><span style=\"font-size: 18pt;\">Essayez notre Caf\u00e9 Feminino maintenant !<\/span><\/strong><\/em><\/span><\/a><\/p>\n<p><img decoding=\"async\" class=\" wp-image-14057 aligncenter\" src=\"https:\/\/cafesantahelena.com\/wp-content\/uploads\/2024\/07\/F16BA1DC-4552-44E6-9CAF-7827F4298B30-300x300-1.png\" alt=\"\" width=\"179\" height=\"179\" srcset=\"https:\/\/cafesantahelena.com\/wp-content\/uploads\/2024\/07\/F16BA1DC-4552-44E6-9CAF-7827F4298B30-300x300-1.png 300w, https:\/\/cafesantahelena.com\/wp-content\/uploads\/2024\/07\/F16BA1DC-4552-44E6-9CAF-7827F4298B30-300x300-1-100x100.png 100w, https:\/\/cafesantahelena.com\/wp-content\/uploads\/2024\/07\/F16BA1DC-4552-44E6-9CAF-7827F4298B30-300x300-1-64x64.png 64w, https:\/\/cafesantahelena.com\/wp-content\/uploads\/2024\/07\/F16BA1DC-4552-44E6-9CAF-7827F4298B30-300x300-1-150x150.png 150w\" sizes=\"(max-width: 179px) 100vw, 179px\" \/><\/p>\n<p>&nbsp;<\/p>\n<\/div>\n","protected":false},"excerpt":{"rendered":"<p>IVA incl.<\/p>\n<p>Frais de Livraison \u00e0 la casse<\/p>\n<p><b>Le caf\u00e9 est cultiv\u00e9, r\u00e9colt\u00e9, s\u00e9lectionn\u00e9 et trait\u00e9e par des femmes.<\/b><\/p>\n<p>100% Arabica, Biologique et \u00e9quitable. Caf\u00e9 de Sp\u00e9cialit\u00e9, origine unique du Br\u00e9sil.<\/p>\n<p>Corps &#8211; doux avec un niveau \u00e9lev\u00e9 de douceur naturelle, finale longue, faible acidit\u00e9.<\/p>\n<p>Notes sensorielles &#8211; Floral et Fruit\u00e9<\/p>\n<p>Vari\u00e9t\u00e9 &#8211; Catua\u00ed Vermelho, 100% Arabica.<\/p>\n<p>Processus de torr\u00e9faction : Torr\u00e9faction lente traditionnelle avec un torr\u00e9facteur en bois \ud83e\udeb5\ud83d\udd25.<\/p>\n<p>Degr\u00e9 de torr\u00e9faction : Moyen<\/p>\n<p>Intensit\u00e9 &#8211; 3 sur 5<\/p>\n<p>Id\u00e9al pour : Espresso, Lungo et Capuccino.<\/p>\n<p>Emballage: 500g<\/p>\n","protected":false},"featured_media":17082,"comment_status":"open","ping_status":"closed","template":"","meta":[],"product_brand":[],"product_cat":[170,177],"product_tag":[165,212,221,225],"class_list":{"0":"post-14061","1":"product","2":"type-product","3":"status-publish","4":"has-post-thumbnail","6":"product_cat-cafe","7":"product_cat-cafe-en-grains","8":"product_tag-best-seller-fr","9":"product_tag-cafe-fr","10":"product_tag-cafe-feminino-fr","11":"product_tag-espresso-coffee-fr","13":"first","14":"outofstock","15":"featured","16":"shipping-taxable","17":"purchasable","18":"product-type-simple"},"yoast_head":"<!-- This site is optimized with the Yoast SEO plugin v26.4 - https:\/\/yoast.com\/wordpress\/plugins\/seo\/ -->\n<title>Caf\u00e9 Feminino en grains-Caf\u00e9 Santa Helena<\/title>\n<meta name=\"description\" content=\"Caf\u00e9 Feminino en grains pour le espresso. Le caf\u00e9 est cultiv\u00e9, r\u00e9colt\u00e9, s\u00e9lectionn\u00e9 et trait\u00e9e par des femmes. Caf\u00e9 de Sp\u00e9cialit\u00e9,Microlote. Acheter\u2026\" \/>\n<meta name=\"robots\" content=\"index, follow, max-snippet:-1, max-image-preview:large, max-video-preview:-1\" \/>\n<link rel=\"canonical\" href=\"https:\/\/cafesantahelena.com\/fr\/products\/cafe-feminino-en-grains-espresso\/\" \/>\n<meta property=\"og:locale\" content=\"fr_FR\" \/>\n<meta property=\"og:type\" content=\"article\" \/>\n<meta property=\"og:title\" content=\"Caf\u00e9 Feminino en grains-Caf\u00e9 Santa Helena\" \/>\n<meta property=\"og:description\" content=\"Caf\u00e9 Feminino en grains pour le espresso. Le caf\u00e9 est cultiv\u00e9, r\u00e9colt\u00e9, s\u00e9lectionn\u00e9 et trait\u00e9e par des femmes. Caf\u00e9 de Sp\u00e9cialit\u00e9,Microlote. Acheter\u2026\" \/>\n<meta property=\"og:url\" content=\"https:\/\/cafesantahelena.com\/fr\/products\/cafe-feminino-en-grains-espresso\/\" \/>\n<meta property=\"og:site_name\" content=\"Caf\u00e9 Santa Helena\" \/>\n<meta property=\"article:modified_time\" content=\"2025-01-20T17:52:41+00:00\" \/>\n<meta property=\"og:image\" content=\"https:\/\/cafesantahelena.com\/wp-content\/uploads\/2024\/07\/Cafe-feminino-whole-beans.webp\" \/>\n\t<meta property=\"og:image:width\" content=\"350\" \/>\n\t<meta property=\"og:image:height\" content=\"450\" \/>\n\t<meta property=\"og:image:type\" content=\"image\/webp\" \/>\n<meta name=\"twitter:card\" content=\"summary_large_image\" \/>\n<meta name=\"twitter:label1\" content=\"Dur\u00e9e de lecture estim\u00e9e\" \/>\n\t<meta name=\"twitter:data1\" content=\"2 minutes\" \/>\n<script type=\"application\/ld+json\" class=\"yoast-schema-graph\">{\"@context\":\"https:\/\/schema.org\",\"@graph\":[{\"@type\":\"WebPage\",\"@id\":\"https:\/\/cafesantahelena.com\/fr\/products\/cafe-feminino-en-grains-espresso\/\",\"url\":\"https:\/\/cafesantahelena.com\/fr\/products\/cafe-feminino-en-grains-espresso\/\",\"name\":\"Caf\u00e9 Feminino en grains-Caf\u00e9 Santa Helena\",\"isPartOf\":{\"@id\":\"https:\/\/cafesantahelena.com\/#website\"},\"primaryImageOfPage\":{\"@id\":\"https:\/\/cafesantahelena.com\/fr\/products\/cafe-feminino-en-grains-espresso\/#primaryimage\"},\"image\":{\"@id\":\"https:\/\/cafesantahelena.com\/fr\/products\/cafe-feminino-en-grains-espresso\/#primaryimage\"},\"thumbnailUrl\":\"https:\/\/cafesantahelena.com\/wp-content\/uploads\/2024\/07\/Cafe-feminino-whole-beans.webp\",\"datePublished\":\"2024-07-22T15:08:59+00:00\",\"dateModified\":\"2025-01-20T17:52:41+00:00\",\"description\":\"Caf\u00e9 Feminino en grains pour le espresso. Le caf\u00e9 est cultiv\u00e9, r\u00e9colt\u00e9, s\u00e9lectionn\u00e9 et trait\u00e9e par des femmes. Caf\u00e9 de Sp\u00e9cialit\u00e9,Microlote. Acheter\u2026\",\"breadcrumb\":{\"@id\":\"https:\/\/cafesantahelena.com\/fr\/products\/cafe-feminino-en-grains-espresso\/#breadcrumb\"},\"inLanguage\":\"fr-FR\",\"potentialAction\":[{\"@type\":\"ReadAction\",\"target\":[\"https:\/\/cafesantahelena.com\/fr\/products\/cafe-feminino-en-grains-espresso\/\"]}]},{\"@type\":\"ImageObject\",\"inLanguage\":\"fr-FR\",\"@id\":\"https:\/\/cafesantahelena.com\/fr\/products\/cafe-feminino-en-grains-espresso\/#primaryimage\",\"url\":\"https:\/\/cafesantahelena.com\/wp-content\/uploads\/2024\/07\/Cafe-feminino-whole-beans.webp\",\"contentUrl\":\"https:\/\/cafesantahelena.com\/wp-content\/uploads\/2024\/07\/Cafe-feminino-whole-beans.webp\",\"width\":350,\"height\":450,\"caption\":\"cafe feminino en grains\"},{\"@type\":\"BreadcrumbList\",\"@id\":\"https:\/\/cafesantahelena.com\/fr\/products\/cafe-feminino-en-grains-espresso\/#breadcrumb\",\"itemListElement\":[{\"@type\":\"ListItem\",\"position\":1,\"name\":\"In\u00edcio\",\"item\":\"https:\/\/cafesantahelena.com\/fr\/\"},{\"@type\":\"ListItem\",\"position\":2,\"name\":\"Produtos\",\"item\":\"https:\/\/cafesantahelena.com\/loja\/\"},{\"@type\":\"ListItem\",\"position\":3,\"name\":\"Caf\u00e9 Feminino en Grains Espresso\"}]},{\"@type\":\"WebSite\",\"@id\":\"https:\/\/cafesantahelena.com\/#website\",\"url\":\"https:\/\/cafesantahelena.com\/\",\"name\":\"Caf\u00e9 Santa Helena\",\"description\":\"\",\"potentialAction\":[{\"@type\":\"SearchAction\",\"target\":{\"@type\":\"EntryPoint\",\"urlTemplate\":\"https:\/\/cafesantahelena.com\/?s={search_term_string}\"},\"query-input\":{\"@type\":\"PropertyValueSpecification\",\"valueRequired\":true,\"valueName\":\"search_term_string\"}}],\"inLanguage\":\"fr-FR\"}]}<\/script>\n<!-- \/ Yoast SEO plugin. -->","yoast_head_json":{"title":"Caf\u00e9 Feminino en grains-Caf\u00e9 Santa Helena","description":"Caf\u00e9 Feminino en grains pour le espresso. Le caf\u00e9 est cultiv\u00e9, r\u00e9colt\u00e9, s\u00e9lectionn\u00e9 et trait\u00e9e par des femmes. Caf\u00e9 de Sp\u00e9cialit\u00e9,Microlote. Acheter\u2026","robots":{"index":"index","follow":"follow","max-snippet":"max-snippet:-1","max-image-preview":"max-image-preview:large","max-video-preview":"max-video-preview:-1"},"canonical":"https:\/\/cafesantahelena.com\/fr\/products\/cafe-feminino-en-grains-espresso\/","og_locale":"fr_FR","og_type":"article","og_title":"Caf\u00e9 Feminino en grains-Caf\u00e9 Santa Helena","og_description":"Caf\u00e9 Feminino en grains pour le espresso. Le caf\u00e9 est cultiv\u00e9, r\u00e9colt\u00e9, s\u00e9lectionn\u00e9 et trait\u00e9e par des femmes. Caf\u00e9 de Sp\u00e9cialit\u00e9,Microlote. Acheter\u2026","og_url":"https:\/\/cafesantahelena.com\/fr\/products\/cafe-feminino-en-grains-espresso\/","og_site_name":"Caf\u00e9 Santa Helena","article_modified_time":"2025-01-20T17:52:41+00:00","og_image":[{"width":350,"height":450,"url":"https:\/\/cafesantahelena.com\/wp-content\/uploads\/2024\/07\/Cafe-feminino-whole-beans.webp","type":"image\/webp"}],"twitter_card":"summary_large_image","twitter_misc":{"Dur\u00e9e de lecture estim\u00e9e":"2 minutes"},"schema":{"@context":"https:\/\/schema.org","@graph":[{"@type":"WebPage","@id":"https:\/\/cafesantahelena.com\/fr\/products\/cafe-feminino-en-grains-espresso\/","url":"https:\/\/cafesantahelena.com\/fr\/products\/cafe-feminino-en-grains-espresso\/","name":"Caf\u00e9 Feminino en grains-Caf\u00e9 Santa Helena","isPartOf":{"@id":"https:\/\/cafesantahelena.com\/#website"},"primaryImageOfPage":{"@id":"https:\/\/cafesantahelena.com\/fr\/products\/cafe-feminino-en-grains-espresso\/#primaryimage"},"image":{"@id":"https:\/\/cafesantahelena.com\/fr\/products\/cafe-feminino-en-grains-espresso\/#primaryimage"},"thumbnailUrl":"https:\/\/cafesantahelena.com\/wp-content\/uploads\/2024\/07\/Cafe-feminino-whole-beans.webp","datePublished":"2024-07-22T15:08:59+00:00","dateModified":"2025-01-20T17:52:41+00:00","description":"Caf\u00e9 Feminino en grains pour le espresso. Le caf\u00e9 est cultiv\u00e9, r\u00e9colt\u00e9, s\u00e9lectionn\u00e9 et trait\u00e9e par des femmes. Caf\u00e9 de Sp\u00e9cialit\u00e9,Microlote. Acheter\u2026","breadcrumb":{"@id":"https:\/\/cafesantahelena.com\/fr\/products\/cafe-feminino-en-grains-espresso\/#breadcrumb"},"inLanguage":"fr-FR","potentialAction":[{"@type":"ReadAction","target":["https:\/\/cafesantahelena.com\/fr\/products\/cafe-feminino-en-grains-espresso\/"]}]},{"@type":"ImageObject","inLanguage":"fr-FR","@id":"https:\/\/cafesantahelena.com\/fr\/products\/cafe-feminino-en-grains-espresso\/#primaryimage","url":"https:\/\/cafesantahelena.com\/wp-content\/uploads\/2024\/07\/Cafe-feminino-whole-beans.webp","contentUrl":"https:\/\/cafesantahelena.com\/wp-content\/uploads\/2024\/07\/Cafe-feminino-whole-beans.webp","width":350,"height":450,"caption":"cafe feminino en grains"},{"@type":"BreadcrumbList","@id":"https:\/\/cafesantahelena.com\/fr\/products\/cafe-feminino-en-grains-espresso\/#breadcrumb","itemListElement":[{"@type":"ListItem","position":1,"name":"In\u00edcio","item":"https:\/\/cafesantahelena.com\/fr\/"},{"@type":"ListItem","position":2,"name":"Produtos","item":"https:\/\/cafesantahelena.com\/loja\/"},{"@type":"ListItem","position":3,"name":"Caf\u00e9 Feminino en Grains Espresso"}]},{"@type":"WebSite","@id":"https:\/\/cafesantahelena.com\/#website","url":"https:\/\/cafesantahelena.com\/","name":"Caf\u00e9 Santa Helena","description":"","potentialAction":[{"@type":"SearchAction","target":{"@type":"EntryPoint","urlTemplate":"https:\/\/cafesantahelena.com\/?s={search_term_string}"},"query-input":{"@type":"PropertyValueSpecification","valueRequired":true,"valueName":"search_term_string"}}],"inLanguage":"fr-FR"}]}},"_links":{"self":[{"href":"https:\/\/cafesantahelena.com\/fr\/wp-json\/wp\/v2\/product\/14061","targetHints":{"allow":["GET"]}}],"collection":[{"href":"https:\/\/cafesantahelena.com\/fr\/wp-json\/wp\/v2\/product"}],"about":[{"href":"https:\/\/cafesantahelena.com\/fr\/wp-json\/wp\/v2\/types\/product"}],"replies":[{"embeddable":true,"href":"https:\/\/cafesantahelena.com\/fr\/wp-json\/wp\/v2\/comments?post=14061"}],"wp:featuredmedia":[{"embeddable":true,"href":"https:\/\/cafesantahelena.com\/fr\/wp-json\/wp\/v2\/media\/17082"}],"wp:attachment":[{"href":"https:\/\/cafesantahelena.com\/fr\/wp-json\/wp\/v2\/media?parent=14061"}],"wp:term":[{"taxonomy":"product_brand","embeddable":true,"href":"https:\/\/cafesantahelena.com\/fr\/wp-json\/wp\/v2\/product_brand?post=14061"},{"taxonomy":"product_cat","embeddable":true,"href":"https:\/\/cafesantahelena.com\/fr\/wp-json\/wp\/v2\/product_cat?post=14061"},{"taxonomy":"product_tag","embeddable":true,"href":"https:\/\/cafesantahelena.com\/fr\/wp-json\/wp\/v2\/product_tag?post=14061"}],"curies":[{"name":"wp","href":"https:\/\/api.w.org\/{rel}","templated":true}]}}