{"id":14073,"date":"2024-07-27T15:08:57","date_gmt":"2024-07-27T15:08:57","guid":{"rendered":"https:\/\/cafesantahelena.alivanstudio.com\/?post_type=product&#038;p=14073"},"modified":"2025-01-24T22:04:26","modified_gmt":"2025-01-24T22:04:26","slug":"cafe-en-grains","status":"publish","type":"product","link":"https:\/\/cafesantahelena.com\/fr\/products\/cafe-en-grains\/","title":{"rendered":"Caf\u00e9 de Sp\u00e9cialit\u00e9 en grains"},"content":{"rendered":"<h2 style=\"text-align: left;\"><span style=\"font-size: medium;\"><strong>Caf\u00e9<\/strong> en grains <\/span><b style=\"color: #666666; font-size: 14px;\"><br \/>\n<\/b><b style=\"color: #666666; font-size: 14px;\"><span style=\"font-size: 12pt;\">Caf\u00e9 de Sp\u00e9cialit\u00e9- 100% Bio Arabica Pure Origine<\/span><br \/>\n<\/b><strong style=\"font-size: 12pt; color: #666666;\">Torr\u00e9faction lente artisanale\u00a0<\/strong><\/h2>\n<p>Il est certifi\u00e9 biologique par l&rsquo;AAO (Association d&rsquo;agriculture biologique), la certification biologique internationale USDA, Fairtrade \u00a0et BIO INSPECTA en Suisse.<\/p>\n<p><span style=\"color: #000000;\"><span style=\"font-size: 12pt;\">Notre caf\u00e9 provient du Br\u00e9sil en grains crus d&rsquo;Arabica vert et est torrefi\u00e9 directement dans les montagnes suisses de l&rsquo;Engadine.<br \/>\nL\u00e0, il est torr\u00e9fi\u00e9 dans un torr\u00e9facteur \u00e0 bois, dans le respect des anciennes traditions.<br \/>\nIl ne subit aucun processus chimique, m\u00e9canique ou de m\u00e9lange.<\/span><\/span><\/p>\n<p><strong style=\"color: #ff0000; font-size: 14pt;\"><br \/>\n<span style=\"color: #000000;\">Caract\u00e9ristique du Caf\u00e9 Santa Helena:<\/span><\/strong><\/p>\n<p><span style=\"font-size: 12pt;\"><strong>Vari\u00e9t\u00e9 botanique: <\/strong>Arabica (Catuai Vermelho)<\/span><\/p>\n<p><span style=\"font-size: 12pt;\"><strong>Provenance: <\/strong>Br\u00e9sil<\/span><\/p>\n<p><span style=\"font-size: 12pt;\"><strong>R\u00e9colte: <\/strong>\u00c0 la main<\/span><\/p>\n<p><span style=\"font-size: 12pt;\"><strong>S\u00e9chage: <\/strong>Au soleil<\/span><\/p>\n<p><span style=\"font-size: 12pt;\"><strong>Torr\u00e9faction artisanale lente \u00e0 la main dans un torr\u00e9facteur en bois\u00a0<\/strong><\/span><\/p>\n<p><span style=\"font-size: 12pt;\"><strong>Ingredients<\/strong>: Caf\u00e9 en grains.<\/span>Torr\u00e9faction fonc\u00e9e. Emballage 500g.<\/p>\n<p style=\"text-align: center;\"><span style=\"font-size: 14pt; color: #800000;\"><strong>Avant tout, un caf\u00e9 est un plaisir !<\/strong><\/span><\/p>\n<p>C&rsquo;est un plaisir qui met tous les sens en \u00e9veil : beau \u00e0 voir, subtil \u00e0 sentir, doux au palais et assur\u00e9ment d\u00e9licieux \u00e0 d\u00e9guster&#8230;<\/p>\n<p>Si vous aimez le caf\u00e9, essayez ce caf\u00e9 de sp\u00e9cialit\u00e9!<\/p>\n<p>&nbsp;<\/p>\n<p style=\"text-align: center;\"><span style=\"color: #800000;\"><a style=\"color: #800000;\" href=\"?add-to-cart=14073\"><span style=\"font-size: 24pt;\"><em><strong><strong><span style=\"font-size: 18pt;\">Ajouter au Panier!<\/span><\/strong><\/strong><\/em><\/span><\/a><\/span><\/p>\n<p><img decoding=\"async\" class=\"alignnone wp-image-15376 aligncenter\" src=\"https:\/\/cafesantahelena.com\/wp-content\/uploads\/2024\/11\/logo-1.png\" alt=\"\" width=\"163\" height=\"163\" srcset=\"https:\/\/cafesantahelena.com\/wp-content\/uploads\/2024\/11\/logo-1.png 300w, https:\/\/cafesantahelena.com\/wp-content\/uploads\/2024\/11\/logo-1-100x100.png 100w, https:\/\/cafesantahelena.com\/wp-content\/uploads\/2024\/11\/logo-1-64x64.png 64w, https:\/\/cafesantahelena.com\/wp-content\/uploads\/2024\/11\/logo-1-150x150.png 150w\" sizes=\"(max-width: 163px) 100vw, 163px\" \/><\/p>\n<p style=\"text-align: center;\">\n","protected":false},"excerpt":{"rendered":"<p><span style=\"font-size: 12pt;\">IVA incl.<\/span><\/p>\n<p>frais d&rsquo;exp\u00e9dition \u00e0 la caisse<\/p>\n<p>Caf\u00e9 de sp\u00e9cialit\u00e9<\/p>\n<p>100% Bio Arabica pure origine<\/p>\n<p><strong>Torr\u00e9faction artisanale lente<\/strong><\/p>\n<p>Grains de caf\u00e9 pour espresso<\/p>\n<p>Intensit\u00e9 Fonc\u00e9e<\/p>\n<p><span style=\"font-size: 12pt;\">4 sur 5<\/span><\/p>\n<p><img decoding=\"async\" class=\"alignnone size-full wp-image-14165\" src=\"https:\/\/cafesantahelena.com\/wp-content\/uploads\/2024\/07\/B3DDE4ED-DC26-45F4-9E02-44607276617E-300x33-1.png\" alt=\"\" width=\"300\" height=\"33\" srcset=\"https:\/\/cafesantahelena.com\/wp-content\/uploads\/2024\/07\/B3DDE4ED-DC26-45F4-9E02-44607276617E-300x33-1.png 300w, https:\/\/cafesantahelena.com\/wp-content\/uploads\/2024\/07\/B3DDE4ED-DC26-45F4-9E02-44607276617E-300x33-1-64x7.png 64w\" sizes=\"(max-width: 300px) 100vw, 300px\" \/><\/p>\n<p>&nbsp;<\/p>\n<p>Pour ceux qui aiment un go\u00fbt plus fort et plus accentu\u00e9 avec une cr\u00e8me savoureuse.<br \/>\nCaf\u00e9 fin, d&rsquo;une r\u00e9elle qualit\u00e9 sup\u00e9rieure.<br \/>\nDouceur accentu\u00e9e avec des notes de caramel, de chocolat, de miel, de noix et de fruits.<\/p>\n<p><strong>Emballage 500g<\/strong><\/p>\n<p>&nbsp;<\/p>\n","protected":false},"featured_media":17142,"comment_status":"open","ping_status":"closed","template":"","meta":[],"product_brand":[],"product_cat":[170,177],"product_tag":[165,166,167],"class_list":{"0":"post-14073","1":"product","2":"type-product","3":"status-publish","4":"has-post-thumbnail","6":"product_cat-cafe","7":"product_cat-cafe-en-grains","8":"product_tag-best-seller-fr","9":"product_tag-espresso-fr","10":"product_tag-grains-entiers-fr","12":"first","13":"instock","14":"featured","15":"shipping-taxable","16":"purchasable","17":"product-type-simple"},"yoast_head":"<!-- This site is optimized with the Yoast SEO plugin v26.4 - https:\/\/yoast.com\/wordpress\/plugins\/seo\/ -->\n<title>Caf\u00e9 en grains pour espresso-Caf\u00e9 Santa Helena<\/title>\n<meta name=\"description\" content=\"Caf\u00e9 en grains entiers emballage de 500g. Caf\u00e9 de sp\u00e9cialit\u00e9, 100% bio Arabica. Torr\u00e9faction \u00e0 bois artisanale. Pure origine du Br\u00e9sil.\" \/>\n<meta name=\"robots\" content=\"index, follow, max-snippet:-1, max-image-preview:large, max-video-preview:-1\" \/>\n<link rel=\"canonical\" href=\"https:\/\/cafesantahelena.com\/fr\/products\/cafe-en-grains\/\" \/>\n<meta property=\"og:locale\" content=\"fr_FR\" \/>\n<meta property=\"og:type\" content=\"article\" \/>\n<meta property=\"og:title\" content=\"Caf\u00e9 en grains pour espresso-Caf\u00e9 Santa Helena\" \/>\n<meta property=\"og:description\" content=\"Caf\u00e9 en grains entiers emballage de 500g. Caf\u00e9 de sp\u00e9cialit\u00e9, 100% bio Arabica. Torr\u00e9faction \u00e0 bois artisanale. Pure origine du Br\u00e9sil.\" \/>\n<meta property=\"og:url\" content=\"https:\/\/cafesantahelena.com\/fr\/products\/cafe-en-grains\/\" \/>\n<meta property=\"og:site_name\" content=\"Caf\u00e9 Santa Helena\" \/>\n<meta property=\"article:modified_time\" content=\"2025-01-24T22:04:26+00:00\" \/>\n<meta property=\"og:image\" content=\"https:\/\/cafesantahelena.com\/wp-content\/uploads\/2024\/07\/Whole-beans-coffee-espresso-.webp\" \/>\n\t<meta property=\"og:image:width\" content=\"350\" \/>\n\t<meta property=\"og:image:height\" content=\"450\" \/>\n\t<meta property=\"og:image:type\" content=\"image\/webp\" \/>\n<meta name=\"twitter:card\" content=\"summary_large_image\" \/>\n<meta name=\"twitter:label1\" content=\"Dur\u00e9e de lecture estim\u00e9e\" \/>\n\t<meta name=\"twitter:data1\" content=\"2 minutes\" \/>\n<script type=\"application\/ld+json\" class=\"yoast-schema-graph\">{\"@context\":\"https:\/\/schema.org\",\"@graph\":[{\"@type\":\"WebPage\",\"@id\":\"https:\/\/cafesantahelena.com\/fr\/products\/cafe-en-grains\/\",\"url\":\"https:\/\/cafesantahelena.com\/fr\/products\/cafe-en-grains\/\",\"name\":\"Caf\u00e9 en grains pour espresso-Caf\u00e9 Santa Helena\",\"isPartOf\":{\"@id\":\"https:\/\/cafesantahelena.com\/#website\"},\"primaryImageOfPage\":{\"@id\":\"https:\/\/cafesantahelena.com\/fr\/products\/cafe-en-grains\/#primaryimage\"},\"image\":{\"@id\":\"https:\/\/cafesantahelena.com\/fr\/products\/cafe-en-grains\/#primaryimage\"},\"thumbnailUrl\":\"https:\/\/cafesantahelena.com\/wp-content\/uploads\/2024\/07\/Whole-beans-coffee-espresso-.webp\",\"datePublished\":\"2024-07-27T15:08:57+00:00\",\"dateModified\":\"2025-01-24T22:04:26+00:00\",\"description\":\"Caf\u00e9 en grains entiers emballage de 500g. Caf\u00e9 de sp\u00e9cialit\u00e9, 100% bio Arabica. Torr\u00e9faction \u00e0 bois artisanale. Pure origine du Br\u00e9sil.\",\"breadcrumb\":{\"@id\":\"https:\/\/cafesantahelena.com\/fr\/products\/cafe-en-grains\/#breadcrumb\"},\"inLanguage\":\"fr-FR\",\"potentialAction\":[{\"@type\":\"ReadAction\",\"target\":[\"https:\/\/cafesantahelena.com\/fr\/products\/cafe-en-grains\/\"]}]},{\"@type\":\"ImageObject\",\"inLanguage\":\"fr-FR\",\"@id\":\"https:\/\/cafesantahelena.com\/fr\/products\/cafe-en-grains\/#primaryimage\",\"url\":\"https:\/\/cafesantahelena.com\/wp-content\/uploads\/2024\/07\/Whole-beans-coffee-espresso-.webp\",\"contentUrl\":\"https:\/\/cafesantahelena.com\/wp-content\/uploads\/2024\/07\/Whole-beans-coffee-espresso-.webp\",\"width\":350,\"height\":450,\"caption\":\"caf\u00e9 bio en grains\"},{\"@type\":\"BreadcrumbList\",\"@id\":\"https:\/\/cafesantahelena.com\/fr\/products\/cafe-en-grains\/#breadcrumb\",\"itemListElement\":[{\"@type\":\"ListItem\",\"position\":1,\"name\":\"In\u00edcio\",\"item\":\"https:\/\/cafesantahelena.com\/fr\/\"},{\"@type\":\"ListItem\",\"position\":2,\"name\":\"Produtos\",\"item\":\"https:\/\/cafesantahelena.com\/loja\/\"},{\"@type\":\"ListItem\",\"position\":3,\"name\":\"Caf\u00e9 de Sp\u00e9cialit\u00e9 en grains\"}]},{\"@type\":\"WebSite\",\"@id\":\"https:\/\/cafesantahelena.com\/#website\",\"url\":\"https:\/\/cafesantahelena.com\/\",\"name\":\"Caf\u00e9 Santa Helena\",\"description\":\"\",\"potentialAction\":[{\"@type\":\"SearchAction\",\"target\":{\"@type\":\"EntryPoint\",\"urlTemplate\":\"https:\/\/cafesantahelena.com\/?s={search_term_string}\"},\"query-input\":{\"@type\":\"PropertyValueSpecification\",\"valueRequired\":true,\"valueName\":\"search_term_string\"}}],\"inLanguage\":\"fr-FR\"}]}<\/script>\n<!-- \/ Yoast SEO plugin. -->","yoast_head_json":{"title":"Caf\u00e9 en grains pour espresso-Caf\u00e9 Santa Helena","description":"Caf\u00e9 en grains entiers emballage de 500g. Caf\u00e9 de sp\u00e9cialit\u00e9, 100% bio Arabica. Torr\u00e9faction \u00e0 bois artisanale. Pure origine du Br\u00e9sil.","robots":{"index":"index","follow":"follow","max-snippet":"max-snippet:-1","max-image-preview":"max-image-preview:large","max-video-preview":"max-video-preview:-1"},"canonical":"https:\/\/cafesantahelena.com\/fr\/products\/cafe-en-grains\/","og_locale":"fr_FR","og_type":"article","og_title":"Caf\u00e9 en grains pour espresso-Caf\u00e9 Santa Helena","og_description":"Caf\u00e9 en grains entiers emballage de 500g. Caf\u00e9 de sp\u00e9cialit\u00e9, 100% bio Arabica. Torr\u00e9faction \u00e0 bois artisanale. Pure origine du Br\u00e9sil.","og_url":"https:\/\/cafesantahelena.com\/fr\/products\/cafe-en-grains\/","og_site_name":"Caf\u00e9 Santa Helena","article_modified_time":"2025-01-24T22:04:26+00:00","og_image":[{"width":350,"height":450,"url":"https:\/\/cafesantahelena.com\/wp-content\/uploads\/2024\/07\/Whole-beans-coffee-espresso-.webp","type":"image\/webp"}],"twitter_card":"summary_large_image","twitter_misc":{"Dur\u00e9e de lecture estim\u00e9e":"2 minutes"},"schema":{"@context":"https:\/\/schema.org","@graph":[{"@type":"WebPage","@id":"https:\/\/cafesantahelena.com\/fr\/products\/cafe-en-grains\/","url":"https:\/\/cafesantahelena.com\/fr\/products\/cafe-en-grains\/","name":"Caf\u00e9 en grains pour espresso-Caf\u00e9 Santa Helena","isPartOf":{"@id":"https:\/\/cafesantahelena.com\/#website"},"primaryImageOfPage":{"@id":"https:\/\/cafesantahelena.com\/fr\/products\/cafe-en-grains\/#primaryimage"},"image":{"@id":"https:\/\/cafesantahelena.com\/fr\/products\/cafe-en-grains\/#primaryimage"},"thumbnailUrl":"https:\/\/cafesantahelena.com\/wp-content\/uploads\/2024\/07\/Whole-beans-coffee-espresso-.webp","datePublished":"2024-07-27T15:08:57+00:00","dateModified":"2025-01-24T22:04:26+00:00","description":"Caf\u00e9 en grains entiers emballage de 500g. Caf\u00e9 de sp\u00e9cialit\u00e9, 100% bio Arabica. Torr\u00e9faction \u00e0 bois artisanale. Pure origine du Br\u00e9sil.","breadcrumb":{"@id":"https:\/\/cafesantahelena.com\/fr\/products\/cafe-en-grains\/#breadcrumb"},"inLanguage":"fr-FR","potentialAction":[{"@type":"ReadAction","target":["https:\/\/cafesantahelena.com\/fr\/products\/cafe-en-grains\/"]}]},{"@type":"ImageObject","inLanguage":"fr-FR","@id":"https:\/\/cafesantahelena.com\/fr\/products\/cafe-en-grains\/#primaryimage","url":"https:\/\/cafesantahelena.com\/wp-content\/uploads\/2024\/07\/Whole-beans-coffee-espresso-.webp","contentUrl":"https:\/\/cafesantahelena.com\/wp-content\/uploads\/2024\/07\/Whole-beans-coffee-espresso-.webp","width":350,"height":450,"caption":"caf\u00e9 bio en grains"},{"@type":"BreadcrumbList","@id":"https:\/\/cafesantahelena.com\/fr\/products\/cafe-en-grains\/#breadcrumb","itemListElement":[{"@type":"ListItem","position":1,"name":"In\u00edcio","item":"https:\/\/cafesantahelena.com\/fr\/"},{"@type":"ListItem","position":2,"name":"Produtos","item":"https:\/\/cafesantahelena.com\/loja\/"},{"@type":"ListItem","position":3,"name":"Caf\u00e9 de Sp\u00e9cialit\u00e9 en grains"}]},{"@type":"WebSite","@id":"https:\/\/cafesantahelena.com\/#website","url":"https:\/\/cafesantahelena.com\/","name":"Caf\u00e9 Santa Helena","description":"","potentialAction":[{"@type":"SearchAction","target":{"@type":"EntryPoint","urlTemplate":"https:\/\/cafesantahelena.com\/?s={search_term_string}"},"query-input":{"@type":"PropertyValueSpecification","valueRequired":true,"valueName":"search_term_string"}}],"inLanguage":"fr-FR"}]}},"_links":{"self":[{"href":"https:\/\/cafesantahelena.com\/fr\/wp-json\/wp\/v2\/product\/14073","targetHints":{"allow":["GET"]}}],"collection":[{"href":"https:\/\/cafesantahelena.com\/fr\/wp-json\/wp\/v2\/product"}],"about":[{"href":"https:\/\/cafesantahelena.com\/fr\/wp-json\/wp\/v2\/types\/product"}],"replies":[{"embeddable":true,"href":"https:\/\/cafesantahelena.com\/fr\/wp-json\/wp\/v2\/comments?post=14073"}],"wp:featuredmedia":[{"embeddable":true,"href":"https:\/\/cafesantahelena.com\/fr\/wp-json\/wp\/v2\/media\/17142"}],"wp:attachment":[{"href":"https:\/\/cafesantahelena.com\/fr\/wp-json\/wp\/v2\/media?parent=14073"}],"wp:term":[{"taxonomy":"product_brand","embeddable":true,"href":"https:\/\/cafesantahelena.com\/fr\/wp-json\/wp\/v2\/product_brand?post=14073"},{"taxonomy":"product_cat","embeddable":true,"href":"https:\/\/cafesantahelena.com\/fr\/wp-json\/wp\/v2\/product_cat?post=14073"},{"taxonomy":"product_tag","embeddable":true,"href":"https:\/\/cafesantahelena.com\/fr\/wp-json\/wp\/v2\/product_tag?post=14073"}],"curies":[{"name":"wp","href":"https:\/\/api.w.org\/{rel}","templated":true}]}}