{"id":14081,"date":"2024-07-22T15:08:58","date_gmt":"2024-07-22T15:08:58","guid":{"rendered":"https:\/\/cafesantahelena.alivanstudio.com\/?post_type=product&#038;p=14081"},"modified":"2025-01-20T00:10:58","modified_gmt":"2025-01-20T00:10:58","slug":"capsules-de-cafe-lungo","status":"publish","type":"product","link":"https:\/\/cafesantahelena.com\/fr\/products\/capsules-de-cafe-lungo\/","title":{"rendered":"Capsules de Caf\u00e9 Lungo"},"content":{"rendered":"<h2>Capsules de Caf\u00e9 en Copeaux de bois Ecologiques<\/h2>\n<p><b><\/b><b>Capsules de caf\u00e9 Lungo compatibles avec le syst\u00e8me Nespresso\u00ae.<\/b><\/p>\n<p>Mat\u00e9riau Naturel, compostable \u00e0 la maison et biod\u00e9gradable.<\/p>\n<p>Caf\u00e9 de sp\u00e9cialit\u00e9<\/p>\n<p>100% Arabica Pure Origine du Br\u00e9sil<\/p>\n<p>Torr\u00e9faction : artisanale lente dans un torr\u00e9facteur en bois sur les montagnes suisses.<\/p>\n<p>Intensit\u00e9 : Torr\u00e9faction fonc\u00e9e<\/p>\n<p><span style=\"font-size: 14pt; color: #800000;\"><b>Caract\u00e9ristiques du Caf\u00e9:<\/b><\/span><\/p>\n<p><b>Vari\u00e9t\u00e9 botanique : <\/b>Arabica (Catuai Vermelho)<\/p>\n<p><b>Provenance : <\/b>Br\u00e9sil<\/p>\n<p><b>R\u00e9colte : <\/b>\u00c0 la main<\/p>\n<p><b>S\u00e9chage : <\/b>Au soleil<\/p>\n<h3 style=\"text-align: left;\"><span style=\"font-size: 12pt;\"><strong>Que signifie \u201cCaf\u00e9 Lungo\u201d?<\/strong><\/span><\/h3>\n<p style=\"text-align: left;\"><b>Le lungo <\/b>est une boisson \u00e0 base de caf\u00e9 obtenue en utilisant une machine \u00e0 espresso pour pr\u00e9parer un caf\u00e9 de style italien. Il est noir court avec plus d&rsquo;eau, ce qui donne un caf\u00e9 plus grand, un lungo.<\/p>\n<p style=\"text-align: left;\"><b>Le caf\u00e9 lungo est moins fort qu&rsquo;un espresso<\/b>.<\/p>\n<p><span style=\"font-size: 12pt;\"><strong>Ingr\u00e9dients :<\/strong><\/span>Caf\u00e9 de sp\u00e9cialit\u00e9. 100% Bio Arabica et commerce \u00e9quitable.<br \/>\nMoulu pour le caf\u00e9 Lungo. Bo\u00eete de 10 capsules = 60g<\/p>\n<p>&nbsp;<\/p>\n<p><span style=\"font-size: 12pt;\"><strong>Certifications du caf\u00e9 de Santa Helena :<\/strong><\/span><\/p>\n<p><img decoding=\"async\" class=\"alignnone size-full wp-image-14083\" src=\"https:\/\/cafesantahelena.com\/wp-content\/uploads\/2024\/07\/DA7819F7-177F-4E28-A0D0-2B99487CAE75-300x52-1.jpeg\" alt=\"\" width=\"300\" height=\"52\" \/><\/p>\n<p>&nbsp;<\/p>\n<p style=\"text-align: center;\"><span style=\"color: #800000;\"><strong style=\"font-size: 18pt;\">Vous aimez les capsules de caf\u00e9? Choisissez le meilleur!<\/strong><\/span><\/p>\n<p style=\"text-align: center;\"><span style=\"color: #800000;\"><strong style=\"font-size: 18pt;\"> Caf\u00e9 Santa Helena<\/strong><\/span><\/p>\n<p>&nbsp;<\/p>\n<p style=\"text-align: center;\"><span style=\"font-size: 24pt; color: #800000;\"><em><strong><a style=\"color: #800000;\" href=\"?add-to-cart=14081\">Ajouter au Panier!<\/a><\/strong><\/em><\/span><\/p>\n<p>&nbsp;<\/p>\n<p style=\"text-align: center;\"><a href=\"https:\/\/cafesantahelena.com\/wp-content\/uploads\/2021\/06\/F16BA1DC-4552-44E6-9CAF-7827F4298B30-300x300.png\"><img decoding=\"async\" class=\"alignnone wp-image-14057 \" src=\"https:\/\/cafesantahelena.com\/wp-content\/uploads\/2024\/07\/F16BA1DC-4552-44E6-9CAF-7827F4298B30-300x300-1.png\" alt=\"\" width=\"170\" height=\"170\" srcset=\"https:\/\/cafesantahelena.com\/wp-content\/uploads\/2024\/07\/F16BA1DC-4552-44E6-9CAF-7827F4298B30-300x300-1.png 300w, https:\/\/cafesantahelena.com\/wp-content\/uploads\/2024\/07\/F16BA1DC-4552-44E6-9CAF-7827F4298B30-300x300-1-100x100.png 100w, https:\/\/cafesantahelena.com\/wp-content\/uploads\/2024\/07\/F16BA1DC-4552-44E6-9CAF-7827F4298B30-300x300-1-64x64.png 64w, https:\/\/cafesantahelena.com\/wp-content\/uploads\/2024\/07\/F16BA1DC-4552-44E6-9CAF-7827F4298B30-300x300-1-150x150.png 150w\" sizes=\"(max-width: 170px) 100vw, 170px\" \/><\/a><\/p>\n<p>&nbsp;<\/p>\n","protected":false},"excerpt":{"rendered":"<p><span style=\"font-size: 12pt;\">IVA incl.<\/span><\/p>\n<p><span style=\"font-size: 12pt;\">F<\/span>rais d&rsquo;exp\u00e9dition \u00e0 la caisse<\/p>\n<p>Capsules de caf\u00e9 Lungo<\/p>\n<p>Caf\u00e9 de sp\u00e9cialit\u00e9. 100% Bio Arabica, Pure Origine<\/p>\n<p>Caf\u00e9 exceptionnel torr\u00e9fi\u00e9 artisanalement dans un torr\u00e9facteur en bois qui donne une saveur particuli\u00e8re.<\/p>\n<p><strong>Intensit\u00e9 : Torr\u00e9faction fonc\u00e9e<\/strong><\/p>\n<p><b>4 de 5<\/b><\/p>\n<p><img decoding=\"async\" class=\"alignnone wp-image-14165\" src=\"https:\/\/cafesantahelena.com\/wp-content\/uploads\/2024\/07\/B3DDE4ED-DC26-45F4-9E02-44607276617E-300x33-1.png\" alt=\"\" width=\"218\" height=\"24\" srcset=\"https:\/\/cafesantahelena.com\/wp-content\/uploads\/2024\/07\/B3DDE4ED-DC26-45F4-9E02-44607276617E-300x33-1.png 300w, https:\/\/cafesantahelena.com\/wp-content\/uploads\/2024\/07\/B3DDE4ED-DC26-45F4-9E02-44607276617E-300x33-1-64x7.png 64w\" sizes=\"(max-width: 218px) 100vw, 218px\" \/><\/p>\n<p>Id\u00e9al pour :<\/p>\n<p>Les buveurs de caf\u00e9 qui aiment un go\u00fbt \u00e9quilibr\u00e9, notre caf\u00e9 Lungo est parfait. Il a une douceur accentu\u00e9e avec des notes de caramel, de chocolat, de miel et des touches de fruits. Il est savoureux avec une belle cr\u00e8me et un lungo cors\u00e9.<\/p>\n<p>Bo\u00eete de 10 capsules = 60g compatibles avec le syst\u00e8me Nespresso\u00ae<\/p>\n<p>&nbsp;<\/p>\n","protected":false},"featured_media":17032,"comment_status":"open","ping_status":"closed","template":"","meta":[],"product_brand":[],"product_cat":[171],"product_tag":[226,208],"class_list":{"0":"post-14081","1":"product","2":"type-product","3":"status-publish","4":"has-post-thumbnail","6":"product_cat-eco-capsules","7":"product_tag-cafe-lungo-fr","8":"product_tag-capsules-fr","10":"first","11":"outofstock","12":"featured","13":"shipping-taxable","14":"purchasable","15":"product-type-simple"},"yoast_head":"<!-- This site is optimized with the Yoast SEO plugin v26.4 - https:\/\/yoast.com\/wordpress\/plugins\/seo\/ -->\n<title>Capsules de Caf\u00e9 Lungo - Caf\u00e9 Santa Helena<\/title>\n<meta name=\"description\" content=\"Capsules de caf\u00e9 lungo, 100% Bio Arabica, Pure Origine du Brazil. Capsules compostable \u00e0 la maison and biodegradable. Compatible avec Nespresso System.\" \/>\n<meta name=\"robots\" content=\"index, follow, max-snippet:-1, max-image-preview:large, max-video-preview:-1\" \/>\n<link rel=\"canonical\" href=\"https:\/\/cafesantahelena.com\/fr\/products\/capsules-de-cafe-lungo\/\" \/>\n<meta property=\"og:locale\" content=\"fr_FR\" \/>\n<meta property=\"og:type\" content=\"article\" \/>\n<meta property=\"og:title\" content=\"Capsules de Caf\u00e9 Lungo - Caf\u00e9 Santa Helena\" \/>\n<meta property=\"og:description\" content=\"Capsules de caf\u00e9 lungo, 100% Bio Arabica, Pure Origine du Brazil. Capsules compostable \u00e0 la maison and biodegradable. Compatible avec Nespresso System.\" \/>\n<meta property=\"og:url\" content=\"https:\/\/cafesantahelena.com\/fr\/products\/capsules-de-cafe-lungo\/\" \/>\n<meta property=\"og:site_name\" content=\"Caf\u00e9 Santa Helena\" \/>\n<meta property=\"article:modified_time\" content=\"2025-01-20T00:10:58+00:00\" \/>\n<meta property=\"og:image\" content=\"https:\/\/cafesantahelena.com\/wp-content\/uploads\/2024\/07\/Coffee-capsules-lungo-classico.webp\" \/>\n\t<meta property=\"og:image:width\" content=\"350\" \/>\n\t<meta property=\"og:image:height\" content=\"450\" \/>\n\t<meta property=\"og:image:type\" content=\"image\/webp\" \/>\n<meta name=\"twitter:card\" content=\"summary_large_image\" \/>\n<meta name=\"twitter:label1\" content=\"Dur\u00e9e de lecture estim\u00e9e\" \/>\n\t<meta name=\"twitter:data1\" content=\"2 minutes\" \/>\n<script type=\"application\/ld+json\" class=\"yoast-schema-graph\">{\"@context\":\"https:\/\/schema.org\",\"@graph\":[{\"@type\":\"WebPage\",\"@id\":\"https:\/\/cafesantahelena.com\/fr\/products\/capsules-de-cafe-lungo\/\",\"url\":\"https:\/\/cafesantahelena.com\/fr\/products\/capsules-de-cafe-lungo\/\",\"name\":\"Capsules de Caf\u00e9 Lungo - Caf\u00e9 Santa Helena\",\"isPartOf\":{\"@id\":\"https:\/\/cafesantahelena.com\/#website\"},\"primaryImageOfPage\":{\"@id\":\"https:\/\/cafesantahelena.com\/fr\/products\/capsules-de-cafe-lungo\/#primaryimage\"},\"image\":{\"@id\":\"https:\/\/cafesantahelena.com\/fr\/products\/capsules-de-cafe-lungo\/#primaryimage\"},\"thumbnailUrl\":\"https:\/\/cafesantahelena.com\/wp-content\/uploads\/2024\/07\/Coffee-capsules-lungo-classico.webp\",\"datePublished\":\"2024-07-22T15:08:58+00:00\",\"dateModified\":\"2025-01-20T00:10:58+00:00\",\"description\":\"Capsules de caf\u00e9 lungo, 100% Bio Arabica, Pure Origine du Brazil. Capsules compostable \u00e0 la maison and biodegradable. Compatible avec Nespresso System.\",\"breadcrumb\":{\"@id\":\"https:\/\/cafesantahelena.com\/fr\/products\/capsules-de-cafe-lungo\/#breadcrumb\"},\"inLanguage\":\"fr-FR\",\"potentialAction\":[{\"@type\":\"ReadAction\",\"target\":[\"https:\/\/cafesantahelena.com\/fr\/products\/capsules-de-cafe-lungo\/\"]}]},{\"@type\":\"ImageObject\",\"inLanguage\":\"fr-FR\",\"@id\":\"https:\/\/cafesantahelena.com\/fr\/products\/capsules-de-cafe-lungo\/#primaryimage\",\"url\":\"https:\/\/cafesantahelena.com\/wp-content\/uploads\/2024\/07\/Coffee-capsules-lungo-classico.webp\",\"contentUrl\":\"https:\/\/cafesantahelena.com\/wp-content\/uploads\/2024\/07\/Coffee-capsules-lungo-classico.webp\",\"width\":350,\"height\":450,\"caption\":\"lungo coffee capsules\"},{\"@type\":\"BreadcrumbList\",\"@id\":\"https:\/\/cafesantahelena.com\/fr\/products\/capsules-de-cafe-lungo\/#breadcrumb\",\"itemListElement\":[{\"@type\":\"ListItem\",\"position\":1,\"name\":\"In\u00edcio\",\"item\":\"https:\/\/cafesantahelena.com\/fr\/\"},{\"@type\":\"ListItem\",\"position\":2,\"name\":\"Produtos\",\"item\":\"https:\/\/cafesantahelena.com\/loja\/\"},{\"@type\":\"ListItem\",\"position\":3,\"name\":\"Capsules de Caf\u00e9 Lungo\"}]},{\"@type\":\"WebSite\",\"@id\":\"https:\/\/cafesantahelena.com\/#website\",\"url\":\"https:\/\/cafesantahelena.com\/\",\"name\":\"Caf\u00e9 Santa Helena\",\"description\":\"\",\"potentialAction\":[{\"@type\":\"SearchAction\",\"target\":{\"@type\":\"EntryPoint\",\"urlTemplate\":\"https:\/\/cafesantahelena.com\/?s={search_term_string}\"},\"query-input\":{\"@type\":\"PropertyValueSpecification\",\"valueRequired\":true,\"valueName\":\"search_term_string\"}}],\"inLanguage\":\"fr-FR\"}]}<\/script>\n<!-- \/ Yoast SEO plugin. -->","yoast_head_json":{"title":"Capsules de Caf\u00e9 Lungo - Caf\u00e9 Santa Helena","description":"Capsules de caf\u00e9 lungo, 100% Bio Arabica, Pure Origine du Brazil. Capsules compostable \u00e0 la maison and biodegradable. Compatible avec Nespresso System.","robots":{"index":"index","follow":"follow","max-snippet":"max-snippet:-1","max-image-preview":"max-image-preview:large","max-video-preview":"max-video-preview:-1"},"canonical":"https:\/\/cafesantahelena.com\/fr\/products\/capsules-de-cafe-lungo\/","og_locale":"fr_FR","og_type":"article","og_title":"Capsules de Caf\u00e9 Lungo - Caf\u00e9 Santa Helena","og_description":"Capsules de caf\u00e9 lungo, 100% Bio Arabica, Pure Origine du Brazil. Capsules compostable \u00e0 la maison and biodegradable. Compatible avec Nespresso System.","og_url":"https:\/\/cafesantahelena.com\/fr\/products\/capsules-de-cafe-lungo\/","og_site_name":"Caf\u00e9 Santa Helena","article_modified_time":"2025-01-20T00:10:58+00:00","og_image":[{"width":350,"height":450,"url":"https:\/\/cafesantahelena.com\/wp-content\/uploads\/2024\/07\/Coffee-capsules-lungo-classico.webp","type":"image\/webp"}],"twitter_card":"summary_large_image","twitter_misc":{"Dur\u00e9e de lecture estim\u00e9e":"2 minutes"},"schema":{"@context":"https:\/\/schema.org","@graph":[{"@type":"WebPage","@id":"https:\/\/cafesantahelena.com\/fr\/products\/capsules-de-cafe-lungo\/","url":"https:\/\/cafesantahelena.com\/fr\/products\/capsules-de-cafe-lungo\/","name":"Capsules de Caf\u00e9 Lungo - Caf\u00e9 Santa Helena","isPartOf":{"@id":"https:\/\/cafesantahelena.com\/#website"},"primaryImageOfPage":{"@id":"https:\/\/cafesantahelena.com\/fr\/products\/capsules-de-cafe-lungo\/#primaryimage"},"image":{"@id":"https:\/\/cafesantahelena.com\/fr\/products\/capsules-de-cafe-lungo\/#primaryimage"},"thumbnailUrl":"https:\/\/cafesantahelena.com\/wp-content\/uploads\/2024\/07\/Coffee-capsules-lungo-classico.webp","datePublished":"2024-07-22T15:08:58+00:00","dateModified":"2025-01-20T00:10:58+00:00","description":"Capsules de caf\u00e9 lungo, 100% Bio Arabica, Pure Origine du Brazil. Capsules compostable \u00e0 la maison and biodegradable. Compatible avec Nespresso System.","breadcrumb":{"@id":"https:\/\/cafesantahelena.com\/fr\/products\/capsules-de-cafe-lungo\/#breadcrumb"},"inLanguage":"fr-FR","potentialAction":[{"@type":"ReadAction","target":["https:\/\/cafesantahelena.com\/fr\/products\/capsules-de-cafe-lungo\/"]}]},{"@type":"ImageObject","inLanguage":"fr-FR","@id":"https:\/\/cafesantahelena.com\/fr\/products\/capsules-de-cafe-lungo\/#primaryimage","url":"https:\/\/cafesantahelena.com\/wp-content\/uploads\/2024\/07\/Coffee-capsules-lungo-classico.webp","contentUrl":"https:\/\/cafesantahelena.com\/wp-content\/uploads\/2024\/07\/Coffee-capsules-lungo-classico.webp","width":350,"height":450,"caption":"lungo coffee capsules"},{"@type":"BreadcrumbList","@id":"https:\/\/cafesantahelena.com\/fr\/products\/capsules-de-cafe-lungo\/#breadcrumb","itemListElement":[{"@type":"ListItem","position":1,"name":"In\u00edcio","item":"https:\/\/cafesantahelena.com\/fr\/"},{"@type":"ListItem","position":2,"name":"Produtos","item":"https:\/\/cafesantahelena.com\/loja\/"},{"@type":"ListItem","position":3,"name":"Capsules de Caf\u00e9 Lungo"}]},{"@type":"WebSite","@id":"https:\/\/cafesantahelena.com\/#website","url":"https:\/\/cafesantahelena.com\/","name":"Caf\u00e9 Santa Helena","description":"","potentialAction":[{"@type":"SearchAction","target":{"@type":"EntryPoint","urlTemplate":"https:\/\/cafesantahelena.com\/?s={search_term_string}"},"query-input":{"@type":"PropertyValueSpecification","valueRequired":true,"valueName":"search_term_string"}}],"inLanguage":"fr-FR"}]}},"_links":{"self":[{"href":"https:\/\/cafesantahelena.com\/fr\/wp-json\/wp\/v2\/product\/14081","targetHints":{"allow":["GET"]}}],"collection":[{"href":"https:\/\/cafesantahelena.com\/fr\/wp-json\/wp\/v2\/product"}],"about":[{"href":"https:\/\/cafesantahelena.com\/fr\/wp-json\/wp\/v2\/types\/product"}],"replies":[{"embeddable":true,"href":"https:\/\/cafesantahelena.com\/fr\/wp-json\/wp\/v2\/comments?post=14081"}],"wp:featuredmedia":[{"embeddable":true,"href":"https:\/\/cafesantahelena.com\/fr\/wp-json\/wp\/v2\/media\/17032"}],"wp:attachment":[{"href":"https:\/\/cafesantahelena.com\/fr\/wp-json\/wp\/v2\/media?parent=14081"}],"wp:term":[{"taxonomy":"product_brand","embeddable":true,"href":"https:\/\/cafesantahelena.com\/fr\/wp-json\/wp\/v2\/product_brand?post=14081"},{"taxonomy":"product_cat","embeddable":true,"href":"https:\/\/cafesantahelena.com\/fr\/wp-json\/wp\/v2\/product_cat?post=14081"},{"taxonomy":"product_tag","embeddable":true,"href":"https:\/\/cafesantahelena.com\/fr\/wp-json\/wp\/v2\/product_tag?post=14081"}],"curies":[{"name":"wp","href":"https:\/\/api.w.org\/{rel}","templated":true}]}}