{"id":14082,"date":"2024-07-22T15:08:57","date_gmt":"2024-07-22T15:08:57","guid":{"rendered":"https:\/\/cafesantahelena.alivanstudio.com\/?post_type=product&#038;p=14082"},"modified":"2025-01-20T17:57:27","modified_gmt":"2025-01-20T17:57:27","slug":"cafe-de-specialite-moulu-500g","status":"publish","type":"product","link":"https:\/\/cafesantahelena.com\/fr\/products\/cafe-de-specialite-moulu-500g\/","title":{"rendered":"Caf\u00e9 de Sp\u00e9cialit\u00e9 Moulu 500g"},"content":{"rendered":"<h2><strong>Caf\u00e9 de Sp\u00e9cialit\u00e9 Moulu<\/strong><\/h2>\n<p><strong>Sp\u00e9cialement moulu pour le Moka, le filtre ou autre.<\/strong><\/p>\n<p>Caf\u00e9 100% Arabica, Pure Origine<\/p>\n<p>Torrefaction Lente Artisanale \u00e0 bois<\/p>\n<p class=\"p1\">Il est certifi\u00e9 biologique par l&rsquo;AAO (Association d&rsquo;agriculture biologique), la certification biologique internationale USDA, Fairtrade \u00a0et BIO INSPECTA en Suisse<b>.<\/b><\/p>\n<p class=\"p1\"><img decoding=\"async\" class=\"alignnone size-full wp-image-14097\" src=\"https:\/\/cafesantahelena.com\/wp-content\/uploads\/2024\/07\/DA7819F7-177F-4E28-A0D0-2B99487CAE75-300x52-2.jpeg\" alt=\"\" width=\"300\" height=\"52\" srcset=\"https:\/\/cafesantahelena.com\/wp-content\/uploads\/2024\/07\/DA7819F7-177F-4E28-A0D0-2B99487CAE75-300x52-2.jpeg 300w, https:\/\/cafesantahelena.com\/wp-content\/uploads\/2024\/07\/DA7819F7-177F-4E28-A0D0-2B99487CAE75-300x52-2-64x11.jpeg 64w\" sizes=\"(max-width: 300px) 100vw, 300px\" \/><\/p>\n<p>Notre caf\u00e9 provient du Br\u00e9sil sous forme de grains crus d&rsquo;Arabica et est achemin\u00e9 directement dans les montagnes suisses de l&rsquo;Engadine.<\/p>\n<p>L\u00e0, nous torr\u00e9fions le caf\u00e9 dans un torr\u00e9facteur en bois selon un proc\u00e9d\u00e9 artisanal.<br \/>\nEnfin, il est moulu \u00e0 la main. C&rsquo;est-\u00e0-dire en respectant les anciennes traditions.<\/p>\n<p><strong>Il ne subit aucun processus chimique, m\u00e9canique ou de m\u00e9lange.<\/strong><\/p>\n<p><a href=\"https:\/\/cafesantahelena.com\/wp-content\/uploads\/2021\/06\/22AADE46-DD39-4F18-9BCE-5A7FDD95D917.png\"><br \/>\n<\/a><span style=\"font-size: 14pt; color: #800000;\"><strong><span class=\"s1\">Caract\u00e9ristique du Caf\u00e9 Santa Helena :<\/span><\/strong><\/span><\/p>\n<p class=\"p1\"><strong><span class=\"s1\">Vari\u00e9t\u00e9 botanique : <\/span><\/strong><span class=\"s1\">Arabica (Catuai Vermelho)<\/span><\/p>\n<p class=\"p1\"><strong><span class=\"s1\">Provenance : <\/span><\/strong><span class=\"s1\">Br\u00e9sil<\/span><\/p>\n<p class=\"p1\"><strong><span class=\"s1\">R\u00e9colte : <\/span><\/strong><span class=\"s1\">\u00c0 la main<\/span><\/p>\n<p class=\"p1\"><strong><span class=\"s1\">S\u00e9chage : <\/span><\/strong><span class=\"s1\">Au soleil<\/span><\/p>\n<p class=\"p1\"><span class=\"s1\">Torr\u00e9faction artisanale lente \u00e0 la main dans un torr\u00e9facteur en bois\u00a0<\/span><\/p>\n<p class=\"p1\"><strong><span class=\"s1\">Intensit\u00e9 : Moyenne<\/span><\/strong><\/p>\n<p><span style=\"font-size: 12pt;\"><strong>Ingredients<\/strong>: Caf\u00e9 de Sp\u00e9cialit\u00e9 moulu, 100% Arabica, \u00a0Biologique. Moulu sp\u00e9cialement pour le <\/span><b style=\"font-size: 12pt;\">Moka, le filtre ou autre. Emballage 500g<\/b><\/p>\n<h3 style=\"text-align: left;\"><span style=\"font-size: 12pt; text-align: left; color: #666666;\">Pour ceux qui pr\u00e9f\u00e8rent un caf\u00e9 plus doux, pr\u00e9servant la saveur naturelle du caf\u00e9 \u2615\ufe0f<\/span><\/h3>\n<p style=\"text-align: center;\"><span style=\"font-size: 14pt; color: #800000;\"><strong>Avant tout, un caf\u00e9 est un plaisir !<\/strong><\/span><\/p>\n<p style=\"text-align: center;\"><strong>C&rsquo;est un plaisir qui \u00e9veille tous les sens : beau \u00e0 voir, agr\u00e9able \u00e0 sentir et certainement d\u00e9licieux \u00e0 go\u00fbter.<\/strong><\/p>\n<p>&nbsp;<\/p>\n<p style=\"text-align: center;\"><span style=\"font-size: 18pt; color: #800000;\"><strong>Si vous aimez le caf\u00e9, essayez ce caf\u00e9 biologique sain !<\/strong><\/span><\/p>\n<p>&nbsp;<\/p>\n<p style=\"text-align: center;\"><span style=\"color: #800000;\"><a style=\"color: #800000;\" href=\"?add-to-cart=14082\"><em><strong><span style=\"font-size: 24pt;\">Ajouter au Panier!<\/span><\/strong><\/em><\/a><\/span><\/p>\n<p><img decoding=\"async\" class=\" wp-image-14057 aligncenter\" src=\"https:\/\/cafesantahelena.com\/wp-content\/uploads\/2024\/07\/F16BA1DC-4552-44E6-9CAF-7827F4298B30-300x300-1.png\" alt=\"\" width=\"169\" height=\"169\" srcset=\"https:\/\/cafesantahelena.com\/wp-content\/uploads\/2024\/07\/F16BA1DC-4552-44E6-9CAF-7827F4298B30-300x300-1.png 300w, https:\/\/cafesantahelena.com\/wp-content\/uploads\/2024\/07\/F16BA1DC-4552-44E6-9CAF-7827F4298B30-300x300-1-100x100.png 100w, https:\/\/cafesantahelena.com\/wp-content\/uploads\/2024\/07\/F16BA1DC-4552-44E6-9CAF-7827F4298B30-300x300-1-64x64.png 64w, https:\/\/cafesantahelena.com\/wp-content\/uploads\/2024\/07\/F16BA1DC-4552-44E6-9CAF-7827F4298B30-300x300-1-150x150.png 150w\" sizes=\"(max-width: 169px) 100vw, 169px\" \/><\/p>\n<p class=\"p1\">\n<p>&nbsp;<\/p>\n","protected":false},"excerpt":{"rendered":"<p>IVA incl. plus frais de port<\/p>\n<p>Caf\u00e9 de sp\u00e9cialit\u00e9<\/p>\n<p>100% Bio Arabica d&rsquo;origine unique du Br\u00e9sil<\/p>\n<p>Torr\u00e9faction artisanale lente \u00e0 bois<\/p>\n<p>Caf\u00e9 fin, d&rsquo;une qualit\u00e9 vraiment sup\u00e9rieure. Le caf\u00e9 a un go\u00fbt doux avec des notes de caramel, de chocolat, de miel, de noix et de fruits.<\/p>\n<p>Intensit\u00e9 : Torr\u00e9faction moyenne<\/p>\n<p>3 sur 5<\/p>\n<p><img decoding=\"async\" class=\"alignnone wp-image-14156\" src=\"https:\/\/cafesantahelena.com\/wp-content\/uploads\/2024\/07\/025D99D1-34D9-41E3-9975-494901AC3E57-300x33-2.png\" alt=\"\" width=\"236\" height=\"26\" srcset=\"https:\/\/cafesantahelena.com\/wp-content\/uploads\/2024\/07\/025D99D1-34D9-41E3-9975-494901AC3E57-300x33-2.png 300w, https:\/\/cafesantahelena.com\/wp-content\/uploads\/2024\/07\/025D99D1-34D9-41E3-9975-494901AC3E57-300x33-2-64x7.png 64w\" sizes=\"(max-width: 236px) 100vw, 236px\" \/><\/p>\n<p>Sp\u00e9cialement moulu pour Moka, Filtre ou similaire<\/p>\n<p>Paquet de 500g<\/p>\n","protected":false},"featured_media":17127,"comment_status":"closed","ping_status":"closed","template":"","meta":[],"product_brand":[],"product_cat":[170,176],"product_tag":[222,216],"class_list":{"0":"post-14082","1":"product","2":"type-product","3":"status-publish","4":"has-post-thumbnail","6":"product_cat-cafe","7":"product_cat-cafe-moulu","8":"product_tag-cafe-bio-fr","9":"product_tag-cafe-moulu-fr","11":"first","12":"instock","13":"featured","14":"shipping-taxable","15":"purchasable","16":"product-type-simple"},"yoast_head":"<!-- This site is optimized with the Yoast SEO plugin v26.4 - https:\/\/yoast.com\/wordpress\/plugins\/seo\/ -->\n<title>Caf\u00e9 de Sp\u00e9cialit\u00e9 Moulu - Caf\u00e9 Santa Helena<\/title>\n<meta name=\"description\" content=\"Caf\u00e9 de Sp\u00e9cialit\u00e9 Moulu. Caf\u00e9 de Sp\u00e9cialit\u00e9, 100% Arabica du Br\u00e9sil. Torrefaction lente Artisanale \u00e0 bois. Intensit\u00e9 moyenne. Moulu pour le moka, French\u2026\" \/>\n<meta name=\"robots\" content=\"index, follow, max-snippet:-1, max-image-preview:large, max-video-preview:-1\" \/>\n<link rel=\"canonical\" href=\"https:\/\/cafesantahelena.com\/fr\/products\/cafe-de-specialite-moulu-500g\/\" \/>\n<meta property=\"og:locale\" content=\"fr_FR\" \/>\n<meta property=\"og:type\" content=\"article\" \/>\n<meta property=\"og:title\" content=\"Caf\u00e9 de Sp\u00e9cialit\u00e9 Moulu - Caf\u00e9 Santa Helena\" \/>\n<meta property=\"og:description\" content=\"Caf\u00e9 de Sp\u00e9cialit\u00e9 Moulu. Caf\u00e9 de Sp\u00e9cialit\u00e9, 100% Arabica du Br\u00e9sil. Torrefaction lente Artisanale \u00e0 bois. Intensit\u00e9 moyenne. Moulu pour le moka, French\u2026\" \/>\n<meta property=\"og:url\" content=\"https:\/\/cafesantahelena.com\/fr\/products\/cafe-de-specialite-moulu-500g\/\" \/>\n<meta property=\"og:site_name\" content=\"Caf\u00e9 Santa Helena\" \/>\n<meta property=\"article:modified_time\" content=\"2025-01-20T17:57:27+00:00\" \/>\n<meta property=\"og:image\" content=\"https:\/\/cafesantahelena.com\/wp-content\/uploads\/2024\/07\/Organic-coffee-ground-2.webp\" \/>\n\t<meta property=\"og:image:width\" content=\"350\" \/>\n\t<meta property=\"og:image:height\" content=\"450\" \/>\n\t<meta property=\"og:image:type\" content=\"image\/webp\" \/>\n<meta name=\"twitter:card\" content=\"summary_large_image\" \/>\n<meta name=\"twitter:label1\" content=\"Dur\u00e9e de lecture estim\u00e9e\" \/>\n\t<meta name=\"twitter:data1\" content=\"2 minutes\" \/>\n<script type=\"application\/ld+json\" class=\"yoast-schema-graph\">{\"@context\":\"https:\/\/schema.org\",\"@graph\":[{\"@type\":\"WebPage\",\"@id\":\"https:\/\/cafesantahelena.com\/fr\/products\/cafe-de-specialite-moulu-500g\/\",\"url\":\"https:\/\/cafesantahelena.com\/fr\/products\/cafe-de-specialite-moulu-500g\/\",\"name\":\"Caf\u00e9 de Sp\u00e9cialit\u00e9 Moulu - Caf\u00e9 Santa Helena\",\"isPartOf\":{\"@id\":\"https:\/\/cafesantahelena.com\/#website\"},\"primaryImageOfPage\":{\"@id\":\"https:\/\/cafesantahelena.com\/fr\/products\/cafe-de-specialite-moulu-500g\/#primaryimage\"},\"image\":{\"@id\":\"https:\/\/cafesantahelena.com\/fr\/products\/cafe-de-specialite-moulu-500g\/#primaryimage\"},\"thumbnailUrl\":\"https:\/\/cafesantahelena.com\/wp-content\/uploads\/2024\/07\/Organic-coffee-ground-2.webp\",\"datePublished\":\"2024-07-22T15:08:57+00:00\",\"dateModified\":\"2025-01-20T17:57:27+00:00\",\"description\":\"Caf\u00e9 de Sp\u00e9cialit\u00e9 Moulu. Caf\u00e9 de Sp\u00e9cialit\u00e9, 100% Arabica du Br\u00e9sil. Torrefaction lente Artisanale \u00e0 bois. Intensit\u00e9 moyenne. Moulu pour le moka, French\u2026\",\"breadcrumb\":{\"@id\":\"https:\/\/cafesantahelena.com\/fr\/products\/cafe-de-specialite-moulu-500g\/#breadcrumb\"},\"inLanguage\":\"fr-FR\",\"potentialAction\":[{\"@type\":\"ReadAction\",\"target\":[\"https:\/\/cafesantahelena.com\/fr\/products\/cafe-de-specialite-moulu-500g\/\"]}]},{\"@type\":\"ImageObject\",\"inLanguage\":\"fr-FR\",\"@id\":\"https:\/\/cafesantahelena.com\/fr\/products\/cafe-de-specialite-moulu-500g\/#primaryimage\",\"url\":\"https:\/\/cafesantahelena.com\/wp-content\/uploads\/2024\/07\/Organic-coffee-ground-2.webp\",\"contentUrl\":\"https:\/\/cafesantahelena.com\/wp-content\/uploads\/2024\/07\/Organic-coffee-ground-2.webp\",\"width\":350,\"height\":450,\"caption\":\"caf\u00e9 bio moulu\"},{\"@type\":\"BreadcrumbList\",\"@id\":\"https:\/\/cafesantahelena.com\/fr\/products\/cafe-de-specialite-moulu-500g\/#breadcrumb\",\"itemListElement\":[{\"@type\":\"ListItem\",\"position\":1,\"name\":\"In\u00edcio\",\"item\":\"https:\/\/cafesantahelena.com\/fr\/\"},{\"@type\":\"ListItem\",\"position\":2,\"name\":\"Produtos\",\"item\":\"https:\/\/cafesantahelena.com\/loja\/\"},{\"@type\":\"ListItem\",\"position\":3,\"name\":\"Caf\u00e9 de Sp\u00e9cialit\u00e9 Moulu 500g\"}]},{\"@type\":\"WebSite\",\"@id\":\"https:\/\/cafesantahelena.com\/#website\",\"url\":\"https:\/\/cafesantahelena.com\/\",\"name\":\"Caf\u00e9 Santa Helena\",\"description\":\"\",\"potentialAction\":[{\"@type\":\"SearchAction\",\"target\":{\"@type\":\"EntryPoint\",\"urlTemplate\":\"https:\/\/cafesantahelena.com\/?s={search_term_string}\"},\"query-input\":{\"@type\":\"PropertyValueSpecification\",\"valueRequired\":true,\"valueName\":\"search_term_string\"}}],\"inLanguage\":\"fr-FR\"}]}<\/script>\n<!-- \/ Yoast SEO plugin. -->","yoast_head_json":{"title":"Caf\u00e9 de Sp\u00e9cialit\u00e9 Moulu - Caf\u00e9 Santa Helena","description":"Caf\u00e9 de Sp\u00e9cialit\u00e9 Moulu. Caf\u00e9 de Sp\u00e9cialit\u00e9, 100% Arabica du Br\u00e9sil. Torrefaction lente Artisanale \u00e0 bois. Intensit\u00e9 moyenne. Moulu pour le moka, French\u2026","robots":{"index":"index","follow":"follow","max-snippet":"max-snippet:-1","max-image-preview":"max-image-preview:large","max-video-preview":"max-video-preview:-1"},"canonical":"https:\/\/cafesantahelena.com\/fr\/products\/cafe-de-specialite-moulu-500g\/","og_locale":"fr_FR","og_type":"article","og_title":"Caf\u00e9 de Sp\u00e9cialit\u00e9 Moulu - Caf\u00e9 Santa Helena","og_description":"Caf\u00e9 de Sp\u00e9cialit\u00e9 Moulu. Caf\u00e9 de Sp\u00e9cialit\u00e9, 100% Arabica du Br\u00e9sil. Torrefaction lente Artisanale \u00e0 bois. Intensit\u00e9 moyenne. Moulu pour le moka, French\u2026","og_url":"https:\/\/cafesantahelena.com\/fr\/products\/cafe-de-specialite-moulu-500g\/","og_site_name":"Caf\u00e9 Santa Helena","article_modified_time":"2025-01-20T17:57:27+00:00","og_image":[{"width":350,"height":450,"url":"https:\/\/cafesantahelena.com\/wp-content\/uploads\/2024\/07\/Organic-coffee-ground-2.webp","type":"image\/webp"}],"twitter_card":"summary_large_image","twitter_misc":{"Dur\u00e9e de lecture estim\u00e9e":"2 minutes"},"schema":{"@context":"https:\/\/schema.org","@graph":[{"@type":"WebPage","@id":"https:\/\/cafesantahelena.com\/fr\/products\/cafe-de-specialite-moulu-500g\/","url":"https:\/\/cafesantahelena.com\/fr\/products\/cafe-de-specialite-moulu-500g\/","name":"Caf\u00e9 de Sp\u00e9cialit\u00e9 Moulu - Caf\u00e9 Santa Helena","isPartOf":{"@id":"https:\/\/cafesantahelena.com\/#website"},"primaryImageOfPage":{"@id":"https:\/\/cafesantahelena.com\/fr\/products\/cafe-de-specialite-moulu-500g\/#primaryimage"},"image":{"@id":"https:\/\/cafesantahelena.com\/fr\/products\/cafe-de-specialite-moulu-500g\/#primaryimage"},"thumbnailUrl":"https:\/\/cafesantahelena.com\/wp-content\/uploads\/2024\/07\/Organic-coffee-ground-2.webp","datePublished":"2024-07-22T15:08:57+00:00","dateModified":"2025-01-20T17:57:27+00:00","description":"Caf\u00e9 de Sp\u00e9cialit\u00e9 Moulu. Caf\u00e9 de Sp\u00e9cialit\u00e9, 100% Arabica du Br\u00e9sil. Torrefaction lente Artisanale \u00e0 bois. Intensit\u00e9 moyenne. Moulu pour le moka, French\u2026","breadcrumb":{"@id":"https:\/\/cafesantahelena.com\/fr\/products\/cafe-de-specialite-moulu-500g\/#breadcrumb"},"inLanguage":"fr-FR","potentialAction":[{"@type":"ReadAction","target":["https:\/\/cafesantahelena.com\/fr\/products\/cafe-de-specialite-moulu-500g\/"]}]},{"@type":"ImageObject","inLanguage":"fr-FR","@id":"https:\/\/cafesantahelena.com\/fr\/products\/cafe-de-specialite-moulu-500g\/#primaryimage","url":"https:\/\/cafesantahelena.com\/wp-content\/uploads\/2024\/07\/Organic-coffee-ground-2.webp","contentUrl":"https:\/\/cafesantahelena.com\/wp-content\/uploads\/2024\/07\/Organic-coffee-ground-2.webp","width":350,"height":450,"caption":"caf\u00e9 bio moulu"},{"@type":"BreadcrumbList","@id":"https:\/\/cafesantahelena.com\/fr\/products\/cafe-de-specialite-moulu-500g\/#breadcrumb","itemListElement":[{"@type":"ListItem","position":1,"name":"In\u00edcio","item":"https:\/\/cafesantahelena.com\/fr\/"},{"@type":"ListItem","position":2,"name":"Produtos","item":"https:\/\/cafesantahelena.com\/loja\/"},{"@type":"ListItem","position":3,"name":"Caf\u00e9 de Sp\u00e9cialit\u00e9 Moulu 500g"}]},{"@type":"WebSite","@id":"https:\/\/cafesantahelena.com\/#website","url":"https:\/\/cafesantahelena.com\/","name":"Caf\u00e9 Santa Helena","description":"","potentialAction":[{"@type":"SearchAction","target":{"@type":"EntryPoint","urlTemplate":"https:\/\/cafesantahelena.com\/?s={search_term_string}"},"query-input":{"@type":"PropertyValueSpecification","valueRequired":true,"valueName":"search_term_string"}}],"inLanguage":"fr-FR"}]}},"_links":{"self":[{"href":"https:\/\/cafesantahelena.com\/fr\/wp-json\/wp\/v2\/product\/14082","targetHints":{"allow":["GET"]}}],"collection":[{"href":"https:\/\/cafesantahelena.com\/fr\/wp-json\/wp\/v2\/product"}],"about":[{"href":"https:\/\/cafesantahelena.com\/fr\/wp-json\/wp\/v2\/types\/product"}],"replies":[{"embeddable":true,"href":"https:\/\/cafesantahelena.com\/fr\/wp-json\/wp\/v2\/comments?post=14082"}],"wp:featuredmedia":[{"embeddable":true,"href":"https:\/\/cafesantahelena.com\/fr\/wp-json\/wp\/v2\/media\/17127"}],"wp:attachment":[{"href":"https:\/\/cafesantahelena.com\/fr\/wp-json\/wp\/v2\/media?parent=14082"}],"wp:term":[{"taxonomy":"product_brand","embeddable":true,"href":"https:\/\/cafesantahelena.com\/fr\/wp-json\/wp\/v2\/product_brand?post=14082"},{"taxonomy":"product_cat","embeddable":true,"href":"https:\/\/cafesantahelena.com\/fr\/wp-json\/wp\/v2\/product_cat?post=14082"},{"taxonomy":"product_tag","embeddable":true,"href":"https:\/\/cafesantahelena.com\/fr\/wp-json\/wp\/v2\/product_tag?post=14082"}],"curies":[{"name":"wp","href":"https:\/\/api.w.org\/{rel}","templated":true}]}}