{"id":14093,"date":"2024-07-22T15:08:58","date_gmt":"2024-07-22T15:08:58","guid":{"rendered":"https:\/\/cafesantahelena.alivanstudio.com\/?post_type=product&#038;p=14093"},"modified":"2025-01-20T00:17:39","modified_gmt":"2025-01-20T00:17:39","slug":"capsules-de-cafe","status":"publish","type":"product","link":"https:\/\/cafesantahelena.com\/fr\/products\/capsules-de-cafe\/","title":{"rendered":"Capsules de Caf\u00e9 de Sp\u00e9cialit\u00e9"},"content":{"rendered":"<h2 style=\"text-align: left;\">Capsules de Caf\u00e9 en Copeaux de bois<b style=\"font-size: 12pt; color: #666666;\"><\/b><\/h2>\n<p><strong>Capsules de caf\u00e9 &#8211; compatibles avec le syst\u00e8me Nespresso\u00ae.<\/strong><\/p>\n<p>Mat\u00e9riau Naturel, compostable \u00e0 la maison et biod\u00e9gradable.<strong>\u00a0<\/strong><\/p>\n<p>Caf\u00e9 de sp\u00e9cialit\u00e9<\/p>\n<p>100% Arabica Pure Origine<\/p>\n<p>Torr\u00e9faction artisanale lente dans un torr\u00e9facteur en bois sur les montagnes suisses.<\/p>\n<p><span style=\"font-size: 12pt; color: #800000;\"><strong>Caract\u00e9ristiques du Caf\u00e9:<\/strong><\/span><\/p>\n<p><b>Vari\u00e9t\u00e9 botanique : <\/b>Arabica (Catuai Vermelho)<\/p>\n<p><b>Provenance : <\/b>Br\u00e9sil<\/p>\n<p><b>R\u00e9colte :<\/b> \u00c0 la main<\/p>\n<p><b>S\u00e9chage : <\/b>Au soleil<\/p>\n<p><strong>Degr\u00e9 de Torr\u00e9faction:\u00a0<\/strong>fonc\u00e9e<\/p>\n<p>Il est moulu \u00e0 la main, dans le respect des anciennes traditions.<br \/>\nIl ne subit aucun processus chimique, m\u00e9canique ou de m\u00e9lange. Par cons\u00e9quent, aucun danger pour votre sant\u00e9.<\/p>\n<p>Un caf\u00e9 fin, d&rsquo;une qualit\u00e9 vraiment sup\u00e9rieure.<br \/>\nIl apporte un ar\u00f4me distinctif avec un faible niveau d&rsquo;acidit\u00e9 r\u00e9siduelle.<br \/>\nDouceur accentu\u00e9e avec des notes de caramel, de chocolat, de miel, de noix et de fruits.<\/p>\n<h3 style=\"text-align: center;\"><span style=\"font-size: 14pt;\"><strong>Que veut dire caf\u00e9 espresso?<\/strong><\/span><\/h3>\n<p><b>L&rsquo;espresso<\/b> est un style de caf\u00e9 italien obtenu en faisant passer de l&rsquo;eau chaude (environ 90 \u00b0C) sous pression \u00e0 travers des grains de caf\u00e9 torr\u00e9fi\u00e9s et finement moulus.<\/p>\n<p>Lorsque vous ajoutez du lait chaud \u00e0 l&rsquo;espresso, vous obtenez un <b>cappuccino.<\/b><\/p>\n<p><span style=\"font-size: 12pt;\"><strong>Ingr\u00e9dients : <\/strong><\/span>Caf\u00e9 de sp\u00e9cialit\u00e9 100% Arabica du Br\u00e9sil. <span style=\"font-size: 12pt;\">Bo\u00eete avec 10 Capsules de Caf\u00e9. <\/span>Intensit\u00e9 fonc\u00e9e<\/p>\n<p>&nbsp;<\/p>\n<p><b style=\"font-size: 12pt;\">Certifications du Caf\u00e9 Santa Helena:<\/b><\/p>\n<p style=\"text-align: left;\"><strong><img decoding=\"async\" class=\"alignnone size-full wp-image-14083\" src=\"https:\/\/cafesantahelena.com\/wp-content\/uploads\/2024\/07\/DA7819F7-177F-4E28-A0D0-2B99487CAE75-300x52-1.jpeg\" alt=\"\" width=\"300\" height=\"52\" \/><\/strong><\/p>\n<p>&nbsp;<\/p>\n<p style=\"text-align: center;\"><strong style=\"color: #800000; font-size: 18pt;\"><em>Choisissez le meilleur !\u00a0Caf\u00e9 Santa Helena<\/em><\/strong><\/p>\n<p>&nbsp;<\/p>\n<p style=\"text-align: center;\"><span style=\"color: #800000;\"><em><a style=\"color: #800000;\" href=\"?add-to-cart=14093\"><span style=\"font-size: 24pt;\"><strong>Ajouter au Panier!<\/strong><\/span><\/a><\/em><\/span><\/p>\n<p style=\"text-align: center;\"><a href=\"https:\/\/cafesantahelena.com\/wp-content\/uploads\/2021\/06\/F16BA1DC-4552-44E6-9CAF-7827F4298B30-300x300.png\"><img decoding=\"async\" class=\"alignnone wp-image-14057\" src=\"https:\/\/cafesantahelena.com\/wp-content\/uploads\/2024\/07\/F16BA1DC-4552-44E6-9CAF-7827F4298B30-300x300-1.png\" alt=\"\" width=\"170\" height=\"170\" srcset=\"https:\/\/cafesantahelena.com\/wp-content\/uploads\/2024\/07\/F16BA1DC-4552-44E6-9CAF-7827F4298B30-300x300-1.png 300w, https:\/\/cafesantahelena.com\/wp-content\/uploads\/2024\/07\/F16BA1DC-4552-44E6-9CAF-7827F4298B30-300x300-1-100x100.png 100w, https:\/\/cafesantahelena.com\/wp-content\/uploads\/2024\/07\/F16BA1DC-4552-44E6-9CAF-7827F4298B30-300x300-1-64x64.png 64w, https:\/\/cafesantahelena.com\/wp-content\/uploads\/2024\/07\/F16BA1DC-4552-44E6-9CAF-7827F4298B30-300x300-1-150x150.png 150w\" sizes=\"(max-width: 170px) 100vw, 170px\" \/><\/a><\/p>\n<p>&nbsp;<\/p>\n<p>&nbsp;<\/p>\n","protected":false},"excerpt":{"rendered":"<p>IVA incl.<\/p>\n<p>frais d&rsquo;exp\u00e9dition \u00e0 la caisse<\/p>\n<p>Capsules de caf\u00e9 espresso exceptionnelles, torr\u00e9fi\u00e9es artisanalement dans un torr\u00e9facteur en bois qui donne une saveur particuli\u00e8re.<\/p>\n<p>Caf\u00e9 de sp\u00e9cialit\u00e9 100% Bio Arabica Pure Origine<\/p>\n<p>Il apporte un ar\u00f4me distinctif avec un faible niveau d&rsquo;acidit\u00e9 r\u00e9siduelle. Douceur accentu\u00e9e avec des notes de caramel, de chocolat, de miel, des soup\u00e7ons de noix et de fruits. Corps plein et cr\u00e8me savoureuse.<\/p>\n<p>Id\u00e9al pour ceux qui aiment un espresso fort.<\/p>\n<p><b>Intensit\u00e9 fonc\u00e9e\u00a0<\/b><\/p>\n<p><b>4 de 5<\/b><\/p>\n<p><img decoding=\"async\" class=\"alignnone wp-image-14165\" src=\"https:\/\/cafesantahelena.com\/wp-content\/uploads\/2024\/07\/B3DDE4ED-DC26-45F4-9E02-44607276617E-300x33-1.png\" alt=\"\" width=\"218\" height=\"24\" srcset=\"https:\/\/cafesantahelena.com\/wp-content\/uploads\/2024\/07\/B3DDE4ED-DC26-45F4-9E02-44607276617E-300x33-1.png 300w, https:\/\/cafesantahelena.com\/wp-content\/uploads\/2024\/07\/B3DDE4ED-DC26-45F4-9E02-44607276617E-300x33-1-64x7.png 64w\" sizes=\"(max-width: 218px) 100vw, 218px\" \/><\/p>\n<p>Capsules 100% ecologiques, compostable et biodegradable.<\/p>\n<p>Bo\u00eete 10 capsules=60g<\/p>\n<p>Compatible avec le Syst\u00e8me <b>Nespresso\u00ae<\/b><\/p>\n<p>&nbsp;<\/p>\n","protected":false},"featured_media":17042,"comment_status":"open","ping_status":"closed","template":"","meta":[],"product_brand":[],"product_cat":[171],"product_tag":[165,208,225],"class_list":{"0":"post-14093","1":"product","2":"type-product","3":"status-publish","4":"has-post-thumbnail","6":"product_cat-eco-capsules","7":"product_tag-best-seller-fr","8":"product_tag-capsules-fr","9":"product_tag-espresso-coffee-fr","11":"first","12":"outofstock","13":"featured","14":"shipping-taxable","15":"purchasable","16":"product-type-simple"},"yoast_head":"<!-- This site is optimized with the Yoast SEO plugin v26.4 - https:\/\/yoast.com\/wordpress\/plugins\/seo\/ -->\n<title>Capsules de Caf\u00e9 - Caf\u00e9 Santa Helena<\/title>\n<meta name=\"description\" content=\"Capsules de Caf\u00e9, 100%Arabica, Bio e Caf\u00e9 de Sp\u00e9cialit\u00e9. Capsules em bois, compostable \u00e0 la maison. Compatible avec Nespresso-system. Box 10 capsules.\" \/>\n<meta name=\"robots\" content=\"index, follow, max-snippet:-1, max-image-preview:large, max-video-preview:-1\" \/>\n<link rel=\"canonical\" href=\"https:\/\/cafesantahelena.com\/fr\/products\/capsules-de-cafe\/\" \/>\n<meta property=\"og:locale\" content=\"fr_FR\" \/>\n<meta property=\"og:type\" content=\"article\" \/>\n<meta property=\"og:title\" content=\"Capsules de Caf\u00e9 - Caf\u00e9 Santa Helena\" \/>\n<meta property=\"og:description\" content=\"Capsules de Caf\u00e9, 100%Arabica, Bio e Caf\u00e9 de Sp\u00e9cialit\u00e9. Capsules em bois, compostable \u00e0 la maison. Compatible avec Nespresso-system. Box 10 capsules.\" \/>\n<meta property=\"og:url\" content=\"https:\/\/cafesantahelena.com\/fr\/products\/capsules-de-cafe\/\" \/>\n<meta property=\"og:site_name\" content=\"Caf\u00e9 Santa Helena\" \/>\n<meta property=\"article:modified_time\" content=\"2025-01-20T00:17:39+00:00\" \/>\n<meta property=\"og:image\" content=\"https:\/\/cafesantahelena.com\/wp-content\/uploads\/2024\/07\/Espresso-coffee-capsules.webp\" \/>\n\t<meta property=\"og:image:width\" content=\"350\" \/>\n\t<meta property=\"og:image:height\" content=\"450\" \/>\n\t<meta property=\"og:image:type\" content=\"image\/webp\" \/>\n<meta name=\"twitter:card\" content=\"summary_large_image\" \/>\n<meta name=\"twitter:label1\" content=\"Dur\u00e9e de lecture estim\u00e9e\" \/>\n\t<meta name=\"twitter:data1\" content=\"2 minutes\" \/>\n<script type=\"application\/ld+json\" class=\"yoast-schema-graph\">{\"@context\":\"https:\/\/schema.org\",\"@graph\":[{\"@type\":\"WebPage\",\"@id\":\"https:\/\/cafesantahelena.com\/fr\/products\/capsules-de-cafe\/\",\"url\":\"https:\/\/cafesantahelena.com\/fr\/products\/capsules-de-cafe\/\",\"name\":\"Capsules de Caf\u00e9 - Caf\u00e9 Santa Helena\",\"isPartOf\":{\"@id\":\"https:\/\/cafesantahelena.com\/#website\"},\"primaryImageOfPage\":{\"@id\":\"https:\/\/cafesantahelena.com\/fr\/products\/capsules-de-cafe\/#primaryimage\"},\"image\":{\"@id\":\"https:\/\/cafesantahelena.com\/fr\/products\/capsules-de-cafe\/#primaryimage\"},\"thumbnailUrl\":\"https:\/\/cafesantahelena.com\/wp-content\/uploads\/2024\/07\/Espresso-coffee-capsules.webp\",\"datePublished\":\"2024-07-22T15:08:58+00:00\",\"dateModified\":\"2025-01-20T00:17:39+00:00\",\"description\":\"Capsules de Caf\u00e9, 100%Arabica, Bio e Caf\u00e9 de Sp\u00e9cialit\u00e9. Capsules em bois, compostable \u00e0 la maison. Compatible avec Nespresso-system. Box 10 capsules.\",\"breadcrumb\":{\"@id\":\"https:\/\/cafesantahelena.com\/fr\/products\/capsules-de-cafe\/#breadcrumb\"},\"inLanguage\":\"fr-FR\",\"potentialAction\":[{\"@type\":\"ReadAction\",\"target\":[\"https:\/\/cafesantahelena.com\/fr\/products\/capsules-de-cafe\/\"]}]},{\"@type\":\"ImageObject\",\"inLanguage\":\"fr-FR\",\"@id\":\"https:\/\/cafesantahelena.com\/fr\/products\/capsules-de-cafe\/#primaryimage\",\"url\":\"https:\/\/cafesantahelena.com\/wp-content\/uploads\/2024\/07\/Espresso-coffee-capsules.webp\",\"contentUrl\":\"https:\/\/cafesantahelena.com\/wp-content\/uploads\/2024\/07\/Espresso-coffee-capsules.webp\",\"width\":350,\"height\":450,\"caption\":\"espresso coffee capsules\"},{\"@type\":\"BreadcrumbList\",\"@id\":\"https:\/\/cafesantahelena.com\/fr\/products\/capsules-de-cafe\/#breadcrumb\",\"itemListElement\":[{\"@type\":\"ListItem\",\"position\":1,\"name\":\"In\u00edcio\",\"item\":\"https:\/\/cafesantahelena.com\/fr\/\"},{\"@type\":\"ListItem\",\"position\":2,\"name\":\"Produtos\",\"item\":\"https:\/\/cafesantahelena.com\/loja\/\"},{\"@type\":\"ListItem\",\"position\":3,\"name\":\"Capsules de Caf\u00e9 de Sp\u00e9cialit\u00e9\"}]},{\"@type\":\"WebSite\",\"@id\":\"https:\/\/cafesantahelena.com\/#website\",\"url\":\"https:\/\/cafesantahelena.com\/\",\"name\":\"Caf\u00e9 Santa Helena\",\"description\":\"\",\"potentialAction\":[{\"@type\":\"SearchAction\",\"target\":{\"@type\":\"EntryPoint\",\"urlTemplate\":\"https:\/\/cafesantahelena.com\/?s={search_term_string}\"},\"query-input\":{\"@type\":\"PropertyValueSpecification\",\"valueRequired\":true,\"valueName\":\"search_term_string\"}}],\"inLanguage\":\"fr-FR\"}]}<\/script>\n<!-- \/ Yoast SEO plugin. -->","yoast_head_json":{"title":"Capsules de Caf\u00e9 - Caf\u00e9 Santa Helena","description":"Capsules de Caf\u00e9, 100%Arabica, Bio e Caf\u00e9 de Sp\u00e9cialit\u00e9. Capsules em bois, compostable \u00e0 la maison. Compatible avec Nespresso-system. Box 10 capsules.","robots":{"index":"index","follow":"follow","max-snippet":"max-snippet:-1","max-image-preview":"max-image-preview:large","max-video-preview":"max-video-preview:-1"},"canonical":"https:\/\/cafesantahelena.com\/fr\/products\/capsules-de-cafe\/","og_locale":"fr_FR","og_type":"article","og_title":"Capsules de Caf\u00e9 - Caf\u00e9 Santa Helena","og_description":"Capsules de Caf\u00e9, 100%Arabica, Bio e Caf\u00e9 de Sp\u00e9cialit\u00e9. Capsules em bois, compostable \u00e0 la maison. Compatible avec Nespresso-system. Box 10 capsules.","og_url":"https:\/\/cafesantahelena.com\/fr\/products\/capsules-de-cafe\/","og_site_name":"Caf\u00e9 Santa Helena","article_modified_time":"2025-01-20T00:17:39+00:00","og_image":[{"width":350,"height":450,"url":"https:\/\/cafesantahelena.com\/wp-content\/uploads\/2024\/07\/Espresso-coffee-capsules.webp","type":"image\/webp"}],"twitter_card":"summary_large_image","twitter_misc":{"Dur\u00e9e de lecture estim\u00e9e":"2 minutes"},"schema":{"@context":"https:\/\/schema.org","@graph":[{"@type":"WebPage","@id":"https:\/\/cafesantahelena.com\/fr\/products\/capsules-de-cafe\/","url":"https:\/\/cafesantahelena.com\/fr\/products\/capsules-de-cafe\/","name":"Capsules de Caf\u00e9 - Caf\u00e9 Santa Helena","isPartOf":{"@id":"https:\/\/cafesantahelena.com\/#website"},"primaryImageOfPage":{"@id":"https:\/\/cafesantahelena.com\/fr\/products\/capsules-de-cafe\/#primaryimage"},"image":{"@id":"https:\/\/cafesantahelena.com\/fr\/products\/capsules-de-cafe\/#primaryimage"},"thumbnailUrl":"https:\/\/cafesantahelena.com\/wp-content\/uploads\/2024\/07\/Espresso-coffee-capsules.webp","datePublished":"2024-07-22T15:08:58+00:00","dateModified":"2025-01-20T00:17:39+00:00","description":"Capsules de Caf\u00e9, 100%Arabica, Bio e Caf\u00e9 de Sp\u00e9cialit\u00e9. Capsules em bois, compostable \u00e0 la maison. Compatible avec Nespresso-system. Box 10 capsules.","breadcrumb":{"@id":"https:\/\/cafesantahelena.com\/fr\/products\/capsules-de-cafe\/#breadcrumb"},"inLanguage":"fr-FR","potentialAction":[{"@type":"ReadAction","target":["https:\/\/cafesantahelena.com\/fr\/products\/capsules-de-cafe\/"]}]},{"@type":"ImageObject","inLanguage":"fr-FR","@id":"https:\/\/cafesantahelena.com\/fr\/products\/capsules-de-cafe\/#primaryimage","url":"https:\/\/cafesantahelena.com\/wp-content\/uploads\/2024\/07\/Espresso-coffee-capsules.webp","contentUrl":"https:\/\/cafesantahelena.com\/wp-content\/uploads\/2024\/07\/Espresso-coffee-capsules.webp","width":350,"height":450,"caption":"espresso coffee capsules"},{"@type":"BreadcrumbList","@id":"https:\/\/cafesantahelena.com\/fr\/products\/capsules-de-cafe\/#breadcrumb","itemListElement":[{"@type":"ListItem","position":1,"name":"In\u00edcio","item":"https:\/\/cafesantahelena.com\/fr\/"},{"@type":"ListItem","position":2,"name":"Produtos","item":"https:\/\/cafesantahelena.com\/loja\/"},{"@type":"ListItem","position":3,"name":"Capsules de Caf\u00e9 de Sp\u00e9cialit\u00e9"}]},{"@type":"WebSite","@id":"https:\/\/cafesantahelena.com\/#website","url":"https:\/\/cafesantahelena.com\/","name":"Caf\u00e9 Santa Helena","description":"","potentialAction":[{"@type":"SearchAction","target":{"@type":"EntryPoint","urlTemplate":"https:\/\/cafesantahelena.com\/?s={search_term_string}"},"query-input":{"@type":"PropertyValueSpecification","valueRequired":true,"valueName":"search_term_string"}}],"inLanguage":"fr-FR"}]}},"_links":{"self":[{"href":"https:\/\/cafesantahelena.com\/fr\/wp-json\/wp\/v2\/product\/14093","targetHints":{"allow":["GET"]}}],"collection":[{"href":"https:\/\/cafesantahelena.com\/fr\/wp-json\/wp\/v2\/product"}],"about":[{"href":"https:\/\/cafesantahelena.com\/fr\/wp-json\/wp\/v2\/types\/product"}],"replies":[{"embeddable":true,"href":"https:\/\/cafesantahelena.com\/fr\/wp-json\/wp\/v2\/comments?post=14093"}],"wp:featuredmedia":[{"embeddable":true,"href":"https:\/\/cafesantahelena.com\/fr\/wp-json\/wp\/v2\/media\/17042"}],"wp:attachment":[{"href":"https:\/\/cafesantahelena.com\/fr\/wp-json\/wp\/v2\/media?parent=14093"}],"wp:term":[{"taxonomy":"product_brand","embeddable":true,"href":"https:\/\/cafesantahelena.com\/fr\/wp-json\/wp\/v2\/product_brand?post=14093"},{"taxonomy":"product_cat","embeddable":true,"href":"https:\/\/cafesantahelena.com\/fr\/wp-json\/wp\/v2\/product_cat?post=14093"},{"taxonomy":"product_tag","embeddable":true,"href":"https:\/\/cafesantahelena.com\/fr\/wp-json\/wp\/v2\/product_tag?post=14093"}],"curies":[{"name":"wp","href":"https:\/\/api.w.org\/{rel}","templated":true}]}}