{"id":14106,"date":"2024-07-22T15:08:58","date_gmt":"2024-07-22T15:08:58","guid":{"rendered":"https:\/\/cafesantahelena.alivanstudio.com\/?post_type=product&#038;p=14106"},"modified":"2025-01-25T17:03:03","modified_gmt":"2025-01-25T17:03:03","slug":"filtres-en-papier","status":"publish","type":"product","link":"https:\/\/cafesantahelena.com\/fr\/products\/filtres-en-papier\/","title":{"rendered":"Filtres en papier"},"content":{"rendered":"<h2 class=\"h2 product-single__title\" style=\"text-align: left;\"><span style=\"color: #000000;\">CAFEC Filtres en papier Abaca jetables en forme de c\u00f4ne<\/span><\/h2>\n<p><span style=\"color: #000000;\">Les filtres \u00e0 caf\u00e9 CAFEC utilisent la technologie du papier cr\u00eap\u00e9 sur deux faces pour filtrer la mouture la plus fine et offrir un caf\u00e9 plus clair. Parfaitement adapt\u00e9s \u00e0 nos goutteurs Tornado, les filtres \u00e0 caf\u00e9 CAFEC sont un moyen \u00e9cologique de d\u00e9guster le meilleur caf\u00e9 au goutte-\u00e0-goutte. Fabriqu\u00e9s \u00e0 partir de pulpe raffin\u00e9e biod\u00e9gradable solide et fine, sans colorants ni produits chimiques, ils vous permettent de ne go\u00fbter que le caf\u00e9.  <\/span><\/p>\n<p><span style=\"color: #000000;\">Jeter le filtre en papier et le vieux caf\u00e9 dans le compost.<\/span><\/p>\n<p class=\"cbb-frequently-bought-title translatable\"><span style=\"font-size: 14pt; color: #000000;\"><strong>Souvent achet\u00e9s ensemble<\/strong><\/span><\/p>\n<p><a href=\"https:\/\/cafesantahelena.com\/products\/glass-coffee-dripper\/\"><img fetchpriority=\"high\" decoding=\"async\" class=\"alignnone wp-image-14616\" src=\"https:\/\/cafesantahelena.com\/wp-content\/uploads\/2024\/07\/image11-233x300.jpeg\" alt=\"\" width=\"197\" height=\"254\"><\/a>    <span style=\"font-size: 36pt;\">+<\/span>  <a href=\"https:\/\/cafesantahelena.com\/products\/organic-coffee-ground-500g\/\"><img decoding=\"async\" class=\"alignnone size-full wp-image-14108\" src=\"https:\/\/cafesantahelena.com\/wp-content\/uploads\/2024\/07\/9C5C9788-A87B-48D1-88EC-BA38B6E9CAD8-215x300-1.jpeg\" alt=\"\" width=\"215\" height=\"300\"><img decoding=\"async\" class=\"alignnone wp-image-14611\" src=\"https:\/\/cafesantahelena.com\/wp-content\/uploads\/2024\/07\/image12-233x300.jpeg\" alt=\"Filtres en papier\" width=\"190\" height=\"245\"><\/a><\/p>\n<p><span style=\"color: #800000;\"><b>Gouttoir Tornado Duo + Filtres en papier + Caf\u00e9 moulu bio 500g = CHF 99.90<\/b><\/span><\/p>\n<p style=\"text-align: center;\"><em><strong><span style=\"color: #800000; font-size: 14pt;\"><br \/>\nEconomisez 10% en achetant ces produits ensemble! <\/span><\/strong><\/em><\/p>\n<p style=\"text-align: center;\"><span style=\"font-size: 18pt; color: #800000;\"><em><strong>Profitez de cette r\u00e9duction sur ces excellents produits!<\/strong><\/em><\/span><\/p>\n<p>&nbsp;<\/p>\n<h3 style=\"text-align: center;\"><span style=\"font-size: 24pt; color: #800000;\"><em><strong><a href=\"?add-to-cart=369\"><span style=\"color: #800000;\">Ajouter au panier<\/span><\/a><span style=\"color: #800000;\"> <\/span><\/strong><\/em><\/span><\/h3>\n<p><img loading=\"lazy\" decoding=\"async\" class=\" wp-image-14056 aligncenter\" src=\"https:\/\/cafesantahelena.com\/wp-content\/uploads\/2024\/07\/F16BA1DC-4552-44E6-9CAF-7827F4298B30-300x300-1.png\" alt=\"\" width=\"170\" height=\"170\" srcset=\"https:\/\/cafesantahelena.com\/wp-content\/uploads\/2024\/07\/F16BA1DC-4552-44E6-9CAF-7827F4298B30-300x300-1.png 300w, https:\/\/cafesantahelena.com\/wp-content\/uploads\/2024\/07\/F16BA1DC-4552-44E6-9CAF-7827F4298B30-300x300-1-100x100.png 100w, https:\/\/cafesantahelena.com\/wp-content\/uploads\/2024\/07\/F16BA1DC-4552-44E6-9CAF-7827F4298B30-300x300-1-64x64.png 64w, https:\/\/cafesantahelena.com\/wp-content\/uploads\/2024\/07\/F16BA1DC-4552-44E6-9CAF-7827F4298B30-300x300-1-150x150.png 150w\" sizes=\"(max-width: 170px) 100vw, 170px\" \/><\/p>\n<p>&nbsp;<\/p>\n<p>&nbsp;<\/p>\n","protected":false},"excerpt":{"rendered":"<p>IVA incl.<br \/>\nFrais d&rsquo;exp\u00e9dition \u00e0 la caisse Les filtres \u00e0 caf\u00e9 CAFEC utilisent la technologie du papier cr\u00eap\u00e9 double face pour filtrer la mouture la plus fine et offrir un caf\u00e9 plus limpide.<\/p>\n<ul>\n<li style=\"font-weight: 400;\"><span style=\"font-weight: 400;\">Mat\u00e9riau \u00e9cologique en abaca<\/span><\/li>\n<li style=\"font-weight: 400;\"><span style=\"font-weight: 400;\">Conception universelle en forme de c\u00f4ne, convient aux goutteurs \u00e0 c\u00f4ne<\/span><\/li>\n<li style=\"font-weight: 400;\"><span style=\"font-weight: 400;\">100 filtres jetables par paquet<\/span><\/li>\n<\/ul>\n<p><strong><i>Economisez 10 % en achetant ensemble des filtres en papier, un gouttoir et un paquet de 500 g de caf\u00e9 moulu biologique et \u00e9quitable Caf\u00e9 Santa Helena !<\/i><\/strong><\/p>\n<p><strong>Ins\u00e9rez votre Promo3 Cupon \u00e0 la caisse<\/strong><\/p>\n","protected":false},"featured_media":17217,"comment_status":"open","ping_status":"closed","template":"","meta":[],"product_brand":[],"product_cat":[169],"product_tag":[223],"class_list":{"0":"post-14106","1":"product","2":"type-product","3":"status-publish","4":"has-post-thumbnail","6":"product_cat-accessoires","7":"product_tag-papier-filtres-fr","9":"first","10":"instock","11":"featured","12":"shipping-taxable","13":"purchasable","14":"product-type-variable"},"yoast_head":"<!-- This site is optimized with the Yoast SEO plugin v26.4 - https:\/\/yoast.com\/wordpress\/plugins\/seo\/ -->\n<title>Filtres en papier - Caf\u00e9 Santa Helena<\/title>\n<meta name=\"description\" content=\"Filtres en papier en abaca, mat\u00e9riau respectueux de l&#039;environnement. 100 filtres jetables par paquet. Conception universelle en forme de c\u00f4ne, s&#039;adaptant \u00e0 tous les goutteurs \u00e0 c\u00f4ne.\" \/>\n<meta name=\"robots\" content=\"index, follow, max-snippet:-1, max-image-preview:large, max-video-preview:-1\" \/>\n<link rel=\"canonical\" href=\"https:\/\/cafesantahelena.com\/fr\/products\/filtres-en-papier\/\" \/>\n<meta property=\"og:locale\" content=\"fr_FR\" \/>\n<meta property=\"og:type\" content=\"article\" \/>\n<meta property=\"og:title\" content=\"Filtres en papier - Caf\u00e9 Santa Helena\" \/>\n<meta property=\"og:description\" content=\"Filtres en papier en abaca, mat\u00e9riau respectueux de l&#039;environnement. 100 filtres jetables par paquet. Conception universelle en forme de c\u00f4ne, s&#039;adaptant \u00e0 tous les goutteurs \u00e0 c\u00f4ne.\" \/>\n<meta property=\"og:url\" content=\"https:\/\/cafesantahelena.com\/fr\/products\/filtres-en-papier\/\" \/>\n<meta property=\"og:site_name\" content=\"Caf\u00e9 Santa Helena\" \/>\n<meta property=\"article:modified_time\" content=\"2025-01-25T17:03:03+00:00\" \/>\n<meta property=\"og:image\" content=\"https:\/\/cafesantahelena.com\/wp-content\/uploads\/2024\/07\/Paper-filters-2.webp\" \/>\n\t<meta property=\"og:image:width\" content=\"350\" \/>\n\t<meta property=\"og:image:height\" content=\"450\" \/>\n\t<meta property=\"og:image:type\" content=\"image\/webp\" \/>\n<meta name=\"twitter:card\" content=\"summary_large_image\" \/>\n<meta name=\"twitter:label1\" content=\"Dur\u00e9e de lecture estim\u00e9e\" \/>\n\t<meta name=\"twitter:data1\" content=\"2 minutes\" \/>\n<script type=\"application\/ld+json\" class=\"yoast-schema-graph\">{\"@context\":\"https:\/\/schema.org\",\"@graph\":[{\"@type\":\"WebPage\",\"@id\":\"https:\/\/cafesantahelena.com\/fr\/products\/filtres-en-papier\/\",\"url\":\"https:\/\/cafesantahelena.com\/fr\/products\/filtres-en-papier\/\",\"name\":\"Filtres en papier - Caf\u00e9 Santa Helena\",\"isPartOf\":{\"@id\":\"https:\/\/cafesantahelena.com\/#website\"},\"primaryImageOfPage\":{\"@id\":\"https:\/\/cafesantahelena.com\/fr\/products\/filtres-en-papier\/#primaryimage\"},\"image\":{\"@id\":\"https:\/\/cafesantahelena.com\/fr\/products\/filtres-en-papier\/#primaryimage\"},\"thumbnailUrl\":\"https:\/\/cafesantahelena.com\/wp-content\/uploads\/2024\/07\/Paper-filters-2.webp\",\"datePublished\":\"2024-07-22T15:08:58+00:00\",\"dateModified\":\"2025-01-25T17:03:03+00:00\",\"description\":\"Filtres en papier en abaca, mat\u00e9riau respectueux de l'environnement. 100 filtres jetables par paquet. Conception universelle en forme de c\u00f4ne, s'adaptant \u00e0 tous les goutteurs \u00e0 c\u00f4ne.\",\"breadcrumb\":{\"@id\":\"https:\/\/cafesantahelena.com\/fr\/products\/filtres-en-papier\/#breadcrumb\"},\"inLanguage\":\"fr-FR\",\"potentialAction\":[{\"@type\":\"ReadAction\",\"target\":[\"https:\/\/cafesantahelena.com\/fr\/products\/filtres-en-papier\/\"]}]},{\"@type\":\"ImageObject\",\"inLanguage\":\"fr-FR\",\"@id\":\"https:\/\/cafesantahelena.com\/fr\/products\/filtres-en-papier\/#primaryimage\",\"url\":\"https:\/\/cafesantahelena.com\/wp-content\/uploads\/2024\/07\/Paper-filters-2.webp\",\"contentUrl\":\"https:\/\/cafesantahelena.com\/wp-content\/uploads\/2024\/07\/Paper-filters-2.webp\",\"width\":350,\"height\":450,\"caption\":\"Filtres en papier\"},{\"@type\":\"BreadcrumbList\",\"@id\":\"https:\/\/cafesantahelena.com\/fr\/products\/filtres-en-papier\/#breadcrumb\",\"itemListElement\":[{\"@type\":\"ListItem\",\"position\":1,\"name\":\"In\u00edcio\",\"item\":\"https:\/\/cafesantahelena.com\/fr\/\"},{\"@type\":\"ListItem\",\"position\":2,\"name\":\"Produtos\",\"item\":\"https:\/\/cafesantahelena.com\/loja\/\"},{\"@type\":\"ListItem\",\"position\":3,\"name\":\"Filtres en papier\"}]},{\"@type\":\"WebSite\",\"@id\":\"https:\/\/cafesantahelena.com\/#website\",\"url\":\"https:\/\/cafesantahelena.com\/\",\"name\":\"Caf\u00e9 Santa Helena\",\"description\":\"\",\"potentialAction\":[{\"@type\":\"SearchAction\",\"target\":{\"@type\":\"EntryPoint\",\"urlTemplate\":\"https:\/\/cafesantahelena.com\/?s={search_term_string}\"},\"query-input\":{\"@type\":\"PropertyValueSpecification\",\"valueRequired\":true,\"valueName\":\"search_term_string\"}}],\"inLanguage\":\"fr-FR\"}]}<\/script>\n<!-- \/ Yoast SEO plugin. -->","yoast_head_json":{"title":"Filtres en papier - Caf\u00e9 Santa Helena","description":"Filtres en papier en abaca, mat\u00e9riau respectueux de l'environnement. 100 filtres jetables par paquet. Conception universelle en forme de c\u00f4ne, s'adaptant \u00e0 tous les goutteurs \u00e0 c\u00f4ne.","robots":{"index":"index","follow":"follow","max-snippet":"max-snippet:-1","max-image-preview":"max-image-preview:large","max-video-preview":"max-video-preview:-1"},"canonical":"https:\/\/cafesantahelena.com\/fr\/products\/filtres-en-papier\/","og_locale":"fr_FR","og_type":"article","og_title":"Filtres en papier - Caf\u00e9 Santa Helena","og_description":"Filtres en papier en abaca, mat\u00e9riau respectueux de l'environnement. 100 filtres jetables par paquet. Conception universelle en forme de c\u00f4ne, s'adaptant \u00e0 tous les goutteurs \u00e0 c\u00f4ne.","og_url":"https:\/\/cafesantahelena.com\/fr\/products\/filtres-en-papier\/","og_site_name":"Caf\u00e9 Santa Helena","article_modified_time":"2025-01-25T17:03:03+00:00","og_image":[{"width":350,"height":450,"url":"https:\/\/cafesantahelena.com\/wp-content\/uploads\/2024\/07\/Paper-filters-2.webp","type":"image\/webp"}],"twitter_card":"summary_large_image","twitter_misc":{"Dur\u00e9e de lecture estim\u00e9e":"2 minutes"},"schema":{"@context":"https:\/\/schema.org","@graph":[{"@type":"WebPage","@id":"https:\/\/cafesantahelena.com\/fr\/products\/filtres-en-papier\/","url":"https:\/\/cafesantahelena.com\/fr\/products\/filtres-en-papier\/","name":"Filtres en papier - Caf\u00e9 Santa Helena","isPartOf":{"@id":"https:\/\/cafesantahelena.com\/#website"},"primaryImageOfPage":{"@id":"https:\/\/cafesantahelena.com\/fr\/products\/filtres-en-papier\/#primaryimage"},"image":{"@id":"https:\/\/cafesantahelena.com\/fr\/products\/filtres-en-papier\/#primaryimage"},"thumbnailUrl":"https:\/\/cafesantahelena.com\/wp-content\/uploads\/2024\/07\/Paper-filters-2.webp","datePublished":"2024-07-22T15:08:58+00:00","dateModified":"2025-01-25T17:03:03+00:00","description":"Filtres en papier en abaca, mat\u00e9riau respectueux de l'environnement. 100 filtres jetables par paquet. Conception universelle en forme de c\u00f4ne, s'adaptant \u00e0 tous les goutteurs \u00e0 c\u00f4ne.","breadcrumb":{"@id":"https:\/\/cafesantahelena.com\/fr\/products\/filtres-en-papier\/#breadcrumb"},"inLanguage":"fr-FR","potentialAction":[{"@type":"ReadAction","target":["https:\/\/cafesantahelena.com\/fr\/products\/filtres-en-papier\/"]}]},{"@type":"ImageObject","inLanguage":"fr-FR","@id":"https:\/\/cafesantahelena.com\/fr\/products\/filtres-en-papier\/#primaryimage","url":"https:\/\/cafesantahelena.com\/wp-content\/uploads\/2024\/07\/Paper-filters-2.webp","contentUrl":"https:\/\/cafesantahelena.com\/wp-content\/uploads\/2024\/07\/Paper-filters-2.webp","width":350,"height":450,"caption":"Filtres en papier"},{"@type":"BreadcrumbList","@id":"https:\/\/cafesantahelena.com\/fr\/products\/filtres-en-papier\/#breadcrumb","itemListElement":[{"@type":"ListItem","position":1,"name":"In\u00edcio","item":"https:\/\/cafesantahelena.com\/fr\/"},{"@type":"ListItem","position":2,"name":"Produtos","item":"https:\/\/cafesantahelena.com\/loja\/"},{"@type":"ListItem","position":3,"name":"Filtres en papier"}]},{"@type":"WebSite","@id":"https:\/\/cafesantahelena.com\/#website","url":"https:\/\/cafesantahelena.com\/","name":"Caf\u00e9 Santa Helena","description":"","potentialAction":[{"@type":"SearchAction","target":{"@type":"EntryPoint","urlTemplate":"https:\/\/cafesantahelena.com\/?s={search_term_string}"},"query-input":{"@type":"PropertyValueSpecification","valueRequired":true,"valueName":"search_term_string"}}],"inLanguage":"fr-FR"}]}},"_links":{"self":[{"href":"https:\/\/cafesantahelena.com\/fr\/wp-json\/wp\/v2\/product\/14106","targetHints":{"allow":["GET"]}}],"collection":[{"href":"https:\/\/cafesantahelena.com\/fr\/wp-json\/wp\/v2\/product"}],"about":[{"href":"https:\/\/cafesantahelena.com\/fr\/wp-json\/wp\/v2\/types\/product"}],"replies":[{"embeddable":true,"href":"https:\/\/cafesantahelena.com\/fr\/wp-json\/wp\/v2\/comments?post=14106"}],"wp:featuredmedia":[{"embeddable":true,"href":"https:\/\/cafesantahelena.com\/fr\/wp-json\/wp\/v2\/media\/17217"}],"wp:attachment":[{"href":"https:\/\/cafesantahelena.com\/fr\/wp-json\/wp\/v2\/media?parent=14106"}],"wp:term":[{"taxonomy":"product_brand","embeddable":true,"href":"https:\/\/cafesantahelena.com\/fr\/wp-json\/wp\/v2\/product_brand?post=14106"},{"taxonomy":"product_cat","embeddable":true,"href":"https:\/\/cafesantahelena.com\/fr\/wp-json\/wp\/v2\/product_cat?post=14106"},{"taxonomy":"product_tag","embeddable":true,"href":"https:\/\/cafesantahelena.com\/fr\/wp-json\/wp\/v2\/product_tag?post=14106"}],"curies":[{"name":"wp","href":"https:\/\/api.w.org\/{rel}","templated":true}]}}