{"id":14127,"date":"2024-07-22T15:08:57","date_gmt":"2024-07-22T15:08:57","guid":{"rendered":"https:\/\/cafesantahelena.alivanstudio.com\/?post_type=product&#038;p=14127"},"modified":"2025-02-08T20:16:00","modified_gmt":"2025-02-08T20:16:00","slug":"cafe-bio-en-grains","status":"publish","type":"product","link":"https:\/\/cafesantahelena.com\/fr\/products\/cafe-bio-en-grains\/","title":{"rendered":"Caf\u00e9 Bio en Grains"},"content":{"rendered":"<p>Caf\u00e9 de sp\u00e9ciialit\u00e9<br \/>\n100% Bio Arabica Pure Origine<\/p>\n<p>Torr\u00e9faction artisanale lente<\/p>\n<p>Notre caf\u00e9 vient du Br\u00e9sil en grains crus d&rsquo;Arabica et va directement dans les montagnes suisses de l&rsquo;Engadine.<br \/>\nIl y est torr\u00e9fi\u00e9 dans un torr\u00e9facteur \u00e0 bois, dans le respect des traditions ancestrales.<br \/>\nIl ne subit aucun processus chimique, m\u00e9canique ou de m\u00e9lange.<\/p>\n<p><span style=\"color: #000000;\"><strong>Production:<\/strong><\/span><\/p>\n<p class=\"p1\"><span style=\"font-size: 12pt; color: #000000;\"><span class=\"s1\">Vari\u00e9t\u00e9 Botanique: <\/span><span class=\"s1\">Ar\u00e1bica (Catuai Vermelho)<\/span><\/span><\/p>\n<p class=\"p1\"><span style=\"font-size: 12pt; color: #000000;\"><span class=\"s1\">Provenience<\/span><span class=\"s1\">: <\/span><span class=\"s1\">Br\u00e9sil (Sul de Minas)<\/span><\/span><\/p>\n<p class=\"p1\"><span style=\"font-size: 12pt; color: #000000;\"><span class=\"s1\">R\u00e9colte: \u00e0 la main<\/span><\/span><\/p>\n<p class=\"p1\"><span style=\"font-size: 12pt; color: #000000;\"><span class=\"s1\">S\u00e9chage: au Soleil<\/span><\/span><\/p>\n<p class=\"p1\"><span style=\"font-size: 12pt; color: #000000;\"><span class=\"s1\">Torr\u00e9faction: Artisanale lente \u00e0 la main dans un torr\u00e9facteur \u00e0 bois <\/span><\/span><span style=\"font-size: 12pt; color: #000000;\">: <\/span> <\/p>\n<p class=\"p1\"><span style=\"font-size: 12pt; color: #000000;\">Degr\u00e9 de Torr\u00e9faction: Fonc\u00e9e<\/span><\/p>\n<p>Pour ceux qui aiment une saveur plus forte et plus accentu\u00e9e, la torr\u00e9faction fonc\u00e9e est votre choix, car elle rehausse le go\u00fbt.<\/p>\n<p>Elle est id\u00e9ale pour pr\u00e9parer un espresso italien classique et cors\u00e9, avec une belle cr\u00e8me.<\/p>\n<p style=\"text-align: center;\"><span style=\"color: #000000;\"><strong>Avant tout, le caf\u00e9 est un plaisir !<\/strong><\/span><\/p>\n<p>C&rsquo;est un plaisir qui \u00e9veille tous les sens : beau \u00e0 voir, subtil \u00e0 sentir, doux en bouche et assur\u00e9ment d\u00e9licieux \u00e0 d\u00e9guster.<\/p>\n<p>Si vous aimez le caf\u00e9, essayez ce caf\u00e9 de sp\u00e9cialit\u00e9.<\/p>\n<h3 style=\"text-align: center;\"><span style=\"color: #800000;\"><a style=\"color: #800000;\" href=\"?add-to-cart=361\"><span style=\"font-size: 24pt;\"><em><strong>Ajouter au panier<\/strong><\/em><\/span><\/a><\/span><\/h3>\n<p><img decoding=\"async\" class=\" wp-image-15375 aligncenter\" src=\"https:\/\/cafesantahelena.com\/wp-content\/uploads\/2024\/11\/logo-1.png\" alt=\"\" width=\"170\" height=\"170\" srcset=\"https:\/\/cafesantahelena.com\/wp-content\/uploads\/2024\/11\/logo-1.png 300w, https:\/\/cafesantahelena.com\/wp-content\/uploads\/2024\/11\/logo-1-100x100.png 100w, https:\/\/cafesantahelena.com\/wp-content\/uploads\/2024\/11\/logo-1-64x64.png 64w, https:\/\/cafesantahelena.com\/wp-content\/uploads\/2024\/11\/logo-1-150x150.png 150w\" sizes=\"(max-width: 170px) 100vw, 170px\" \/><\/p>\n<p>&nbsp;<\/p>\n","protected":false},"excerpt":{"rendered":"<p style=\"text-align: left;\">IVA incl.<\/p>\n<p>Frais d&rsquo;exp\u00e9dition \u00e0 la caisse<\/p>\n<p>Caf\u00e9 Bio en grains<\/p>\n<p>Caf\u00e9 de sp\u00e9cialit\u00e9<\/p>\n<p>100% Bio Arabica, origine unique<\/p>\n<p>Torr\u00e9faction artisanale lente<\/p>\n<p><strong>Intensit\u00e9 de la torr\u00e9faction fonc\u00e9e<\/strong><\/p>\n<p><b>4 de 5<\/b><\/p>\n<p><img decoding=\"async\" class=\"alignnone wp-image-14166\" src=\"https:\/\/cafesantahelena.com\/wp-content\/uploads\/2024\/07\/B3DDE4ED-DC26-45F4-9E02-44607276617E-300x33-1.png\" alt=\"\" width=\"209\" height=\"23\" srcset=\"https:\/\/cafesantahelena.com\/wp-content\/uploads\/2024\/07\/B3DDE4ED-DC26-45F4-9E02-44607276617E-300x33-1.png 300w, https:\/\/cafesantahelena.com\/wp-content\/uploads\/2024\/07\/B3DDE4ED-DC26-45F4-9E02-44607276617E-300x33-1-64x7.png 64w\" sizes=\"(max-width: 209px) 100vw, 209px\" \/><\/p>\n<p><span style=\"font-size: 12pt;\">Pour ceux qui<\/span> <span style=\"font-size: 12pt;\">qui aiment une saveur plus forte et plus accentu\u00e9e avec une cr\u00e8me savoureuse.<\/span><br \/>\n<span style=\"font-size: 12pt;\">Caf\u00e9 fin, d&rsquo;une qualit\u00e9 vraiment sup\u00e9rieure.<\/span><br \/>\n<span style=\"font-size: 12pt;\">Douceur accentu\u00e9e avec des notes de caramel, de chocolat, de miel, de noix et de fruits.<\/span><br \/>\n<strong><br \/>\nEmballage 250g<\/strong><\/p>\n","protected":false},"featured_media":17007,"comment_status":"open","ping_status":"closed","template":"","meta":[],"product_brand":[],"product_cat":[170,177],"product_tag":[222,385,166],"class_list":{"0":"post-14127","1":"product","2":"type-product","3":"status-publish","4":"has-post-thumbnail","6":"product_cat-cafe","7":"product_cat-cafe-en-grains","8":"product_tag-cafe-bio-fr","9":"product_tag-cafe-bio-en-grains","10":"product_tag-espresso-fr","12":"first","13":"instock","14":"featured","15":"shipping-taxable","16":"purchasable","17":"product-type-simple"},"yoast_head":"<!-- This site is optimized with the Yoast SEO plugin v26.4 - https:\/\/yoast.com\/wordpress\/plugins\/seo\/ -->\n<title>Caf\u00e9 Bio en Grains - Caf\u00e9 Santa Helena<\/title>\n<meta name=\"description\" content=\"Caf\u00e9 Bio en Grains. Fairtrade, Caf\u00e9 de Sp\u00e9cialit\u00e9 100% Bio Arabica, origine unique du Br\u00e9sil. Torrefaction Lente Artisanale en bois. Emballage 250g.\" \/>\n<meta name=\"robots\" content=\"index, follow, max-snippet:-1, max-image-preview:large, max-video-preview:-1\" \/>\n<link rel=\"canonical\" href=\"https:\/\/cafesantahelena.com\/fr\/products\/cafe-bio-en-grains\/\" \/>\n<meta property=\"og:locale\" content=\"fr_FR\" \/>\n<meta property=\"og:type\" content=\"article\" \/>\n<meta property=\"og:title\" content=\"Caf\u00e9 Bio en Grains - Caf\u00e9 Santa Helena\" \/>\n<meta property=\"og:description\" content=\"Caf\u00e9 Bio en Grains. Fairtrade, Caf\u00e9 de Sp\u00e9cialit\u00e9 100% Bio Arabica, origine unique du Br\u00e9sil. Torrefaction Lente Artisanale en bois. Emballage 250g.\" \/>\n<meta property=\"og:url\" content=\"https:\/\/cafesantahelena.com\/fr\/products\/cafe-bio-en-grains\/\" \/>\n<meta property=\"og:site_name\" content=\"Caf\u00e9 Santa Helena\" \/>\n<meta property=\"article:modified_time\" content=\"2025-02-08T20:16:00+00:00\" \/>\n<meta property=\"og:image\" content=\"https:\/\/cafesantahelena.com\/wp-content\/uploads\/2024\/07\/Whole-beans-specialty-coffee-.webp\" \/>\n\t<meta property=\"og:image:width\" content=\"350\" \/>\n\t<meta property=\"og:image:height\" content=\"450\" \/>\n\t<meta property=\"og:image:type\" content=\"image\/webp\" \/>\n<meta name=\"twitter:card\" content=\"summary_large_image\" \/>\n<meta name=\"twitter:label1\" content=\"Dur\u00e9e de lecture estim\u00e9e\" \/>\n\t<meta name=\"twitter:data1\" content=\"2 minutes\" \/>\n<script type=\"application\/ld+json\" class=\"yoast-schema-graph\">{\"@context\":\"https:\/\/schema.org\",\"@graph\":[{\"@type\":\"WebPage\",\"@id\":\"https:\/\/cafesantahelena.com\/fr\/products\/cafe-bio-en-grains\/\",\"url\":\"https:\/\/cafesantahelena.com\/fr\/products\/cafe-bio-en-grains\/\",\"name\":\"Caf\u00e9 Bio en Grains - Caf\u00e9 Santa Helena\",\"isPartOf\":{\"@id\":\"https:\/\/cafesantahelena.com\/#website\"},\"primaryImageOfPage\":{\"@id\":\"https:\/\/cafesantahelena.com\/fr\/products\/cafe-bio-en-grains\/#primaryimage\"},\"image\":{\"@id\":\"https:\/\/cafesantahelena.com\/fr\/products\/cafe-bio-en-grains\/#primaryimage\"},\"thumbnailUrl\":\"https:\/\/cafesantahelena.com\/wp-content\/uploads\/2024\/07\/Whole-beans-specialty-coffee-.webp\",\"datePublished\":\"2024-07-22T15:08:57+00:00\",\"dateModified\":\"2025-02-08T20:16:00+00:00\",\"description\":\"Caf\u00e9 Bio en Grains. Fairtrade, Caf\u00e9 de Sp\u00e9cialit\u00e9 100% Bio Arabica, origine unique du Br\u00e9sil. Torrefaction Lente Artisanale en bois. Emballage 250g.\",\"breadcrumb\":{\"@id\":\"https:\/\/cafesantahelena.com\/fr\/products\/cafe-bio-en-grains\/#breadcrumb\"},\"inLanguage\":\"fr-FR\",\"potentialAction\":[{\"@type\":\"ReadAction\",\"target\":[\"https:\/\/cafesantahelena.com\/fr\/products\/cafe-bio-en-grains\/\"]}]},{\"@type\":\"ImageObject\",\"inLanguage\":\"fr-FR\",\"@id\":\"https:\/\/cafesantahelena.com\/fr\/products\/cafe-bio-en-grains\/#primaryimage\",\"url\":\"https:\/\/cafesantahelena.com\/wp-content\/uploads\/2024\/07\/Whole-beans-specialty-coffee-.webp\",\"contentUrl\":\"https:\/\/cafesantahelena.com\/wp-content\/uploads\/2024\/07\/Whole-beans-specialty-coffee-.webp\",\"width\":350,\"height\":450,\"caption\":\"caf\u00e9 bio en grains\"},{\"@type\":\"BreadcrumbList\",\"@id\":\"https:\/\/cafesantahelena.com\/fr\/products\/cafe-bio-en-grains\/#breadcrumb\",\"itemListElement\":[{\"@type\":\"ListItem\",\"position\":1,\"name\":\"In\u00edcio\",\"item\":\"https:\/\/cafesantahelena.com\/fr\/\"},{\"@type\":\"ListItem\",\"position\":2,\"name\":\"Produtos\",\"item\":\"https:\/\/cafesantahelena.com\/loja\/\"},{\"@type\":\"ListItem\",\"position\":3,\"name\":\"Caf\u00e9 Bio en Grains\"}]},{\"@type\":\"WebSite\",\"@id\":\"https:\/\/cafesantahelena.com\/#website\",\"url\":\"https:\/\/cafesantahelena.com\/\",\"name\":\"Caf\u00e9 Santa Helena\",\"description\":\"\",\"potentialAction\":[{\"@type\":\"SearchAction\",\"target\":{\"@type\":\"EntryPoint\",\"urlTemplate\":\"https:\/\/cafesantahelena.com\/?s={search_term_string}\"},\"query-input\":{\"@type\":\"PropertyValueSpecification\",\"valueRequired\":true,\"valueName\":\"search_term_string\"}}],\"inLanguage\":\"fr-FR\"}]}<\/script>\n<!-- \/ Yoast SEO plugin. -->","yoast_head_json":{"title":"Caf\u00e9 Bio en Grains - Caf\u00e9 Santa Helena","description":"Caf\u00e9 Bio en Grains. Fairtrade, Caf\u00e9 de Sp\u00e9cialit\u00e9 100% Bio Arabica, origine unique du Br\u00e9sil. Torrefaction Lente Artisanale en bois. Emballage 250g.","robots":{"index":"index","follow":"follow","max-snippet":"max-snippet:-1","max-image-preview":"max-image-preview:large","max-video-preview":"max-video-preview:-1"},"canonical":"https:\/\/cafesantahelena.com\/fr\/products\/cafe-bio-en-grains\/","og_locale":"fr_FR","og_type":"article","og_title":"Caf\u00e9 Bio en Grains - Caf\u00e9 Santa Helena","og_description":"Caf\u00e9 Bio en Grains. Fairtrade, Caf\u00e9 de Sp\u00e9cialit\u00e9 100% Bio Arabica, origine unique du Br\u00e9sil. Torrefaction Lente Artisanale en bois. Emballage 250g.","og_url":"https:\/\/cafesantahelena.com\/fr\/products\/cafe-bio-en-grains\/","og_site_name":"Caf\u00e9 Santa Helena","article_modified_time":"2025-02-08T20:16:00+00:00","og_image":[{"width":350,"height":450,"url":"https:\/\/cafesantahelena.com\/wp-content\/uploads\/2024\/07\/Whole-beans-specialty-coffee-.webp","type":"image\/webp"}],"twitter_card":"summary_large_image","twitter_misc":{"Dur\u00e9e de lecture estim\u00e9e":"2 minutes"},"schema":{"@context":"https:\/\/schema.org","@graph":[{"@type":"WebPage","@id":"https:\/\/cafesantahelena.com\/fr\/products\/cafe-bio-en-grains\/","url":"https:\/\/cafesantahelena.com\/fr\/products\/cafe-bio-en-grains\/","name":"Caf\u00e9 Bio en Grains - Caf\u00e9 Santa Helena","isPartOf":{"@id":"https:\/\/cafesantahelena.com\/#website"},"primaryImageOfPage":{"@id":"https:\/\/cafesantahelena.com\/fr\/products\/cafe-bio-en-grains\/#primaryimage"},"image":{"@id":"https:\/\/cafesantahelena.com\/fr\/products\/cafe-bio-en-grains\/#primaryimage"},"thumbnailUrl":"https:\/\/cafesantahelena.com\/wp-content\/uploads\/2024\/07\/Whole-beans-specialty-coffee-.webp","datePublished":"2024-07-22T15:08:57+00:00","dateModified":"2025-02-08T20:16:00+00:00","description":"Caf\u00e9 Bio en Grains. Fairtrade, Caf\u00e9 de Sp\u00e9cialit\u00e9 100% Bio Arabica, origine unique du Br\u00e9sil. Torrefaction Lente Artisanale en bois. Emballage 250g.","breadcrumb":{"@id":"https:\/\/cafesantahelena.com\/fr\/products\/cafe-bio-en-grains\/#breadcrumb"},"inLanguage":"fr-FR","potentialAction":[{"@type":"ReadAction","target":["https:\/\/cafesantahelena.com\/fr\/products\/cafe-bio-en-grains\/"]}]},{"@type":"ImageObject","inLanguage":"fr-FR","@id":"https:\/\/cafesantahelena.com\/fr\/products\/cafe-bio-en-grains\/#primaryimage","url":"https:\/\/cafesantahelena.com\/wp-content\/uploads\/2024\/07\/Whole-beans-specialty-coffee-.webp","contentUrl":"https:\/\/cafesantahelena.com\/wp-content\/uploads\/2024\/07\/Whole-beans-specialty-coffee-.webp","width":350,"height":450,"caption":"caf\u00e9 bio en grains"},{"@type":"BreadcrumbList","@id":"https:\/\/cafesantahelena.com\/fr\/products\/cafe-bio-en-grains\/#breadcrumb","itemListElement":[{"@type":"ListItem","position":1,"name":"In\u00edcio","item":"https:\/\/cafesantahelena.com\/fr\/"},{"@type":"ListItem","position":2,"name":"Produtos","item":"https:\/\/cafesantahelena.com\/loja\/"},{"@type":"ListItem","position":3,"name":"Caf\u00e9 Bio en Grains"}]},{"@type":"WebSite","@id":"https:\/\/cafesantahelena.com\/#website","url":"https:\/\/cafesantahelena.com\/","name":"Caf\u00e9 Santa Helena","description":"","potentialAction":[{"@type":"SearchAction","target":{"@type":"EntryPoint","urlTemplate":"https:\/\/cafesantahelena.com\/?s={search_term_string}"},"query-input":{"@type":"PropertyValueSpecification","valueRequired":true,"valueName":"search_term_string"}}],"inLanguage":"fr-FR"}]}},"_links":{"self":[{"href":"https:\/\/cafesantahelena.com\/fr\/wp-json\/wp\/v2\/product\/14127","targetHints":{"allow":["GET"]}}],"collection":[{"href":"https:\/\/cafesantahelena.com\/fr\/wp-json\/wp\/v2\/product"}],"about":[{"href":"https:\/\/cafesantahelena.com\/fr\/wp-json\/wp\/v2\/types\/product"}],"replies":[{"embeddable":true,"href":"https:\/\/cafesantahelena.com\/fr\/wp-json\/wp\/v2\/comments?post=14127"}],"wp:featuredmedia":[{"embeddable":true,"href":"https:\/\/cafesantahelena.com\/fr\/wp-json\/wp\/v2\/media\/17007"}],"wp:attachment":[{"href":"https:\/\/cafesantahelena.com\/fr\/wp-json\/wp\/v2\/media?parent=14127"}],"wp:term":[{"taxonomy":"product_brand","embeddable":true,"href":"https:\/\/cafesantahelena.com\/fr\/wp-json\/wp\/v2\/product_brand?post=14127"},{"taxonomy":"product_cat","embeddable":true,"href":"https:\/\/cafesantahelena.com\/fr\/wp-json\/wp\/v2\/product_cat?post=14127"},{"taxonomy":"product_tag","embeddable":true,"href":"https:\/\/cafesantahelena.com\/fr\/wp-json\/wp\/v2\/product_tag?post=14127"}],"curies":[{"name":"wp","href":"https:\/\/api.w.org\/{rel}","templated":true}]}}