{"id":14134,"date":"2024-07-22T15:08:58","date_gmt":"2024-07-22T15:08:58","guid":{"rendered":"https:\/\/cafesantahelena.alivanstudio.com\/?post_type=product&#038;p=14134"},"modified":"2025-01-25T17:37:11","modified_gmt":"2025-01-25T17:37:11","slug":"egouttoir-en-verre","status":"publish","type":"product","link":"https:\/\/cafesantahelena.com\/fr\/products\/egouttoir-en-verre\/","title":{"rendered":"\u00c9gouttoir en Verre Tornado Duo"},"content":{"rendered":"<h2 style=\"text-align: center;\">\u00c9gouttoir en verre<\/h2>\n<p style=\"text-align: center;\"><img decoding=\"async\" class=\"alignnone size-medium wp-image-17071\" src=\"https:\/\/cafesantahelena.com\/wp-content\/uploads\/2024\/07\/Dripper-brewista-300x157.webp\" alt=\"\u00c9gouttoir en verre\" width=\"300\" height=\"157\" srcset=\"https:\/\/cafesantahelena.com\/wp-content\/uploads\/2024\/07\/Dripper-brewista-300x157.webp 300w, https:\/\/cafesantahelena.com\/wp-content\/uploads\/2024\/07\/Dripper-brewista-350x183.webp 350w, https:\/\/cafesantahelena.com\/wp-content\/uploads\/2024\/07\/Dripper-brewista-64x33.webp 64w, https:\/\/cafesantahelena.com\/wp-content\/uploads\/2024\/07\/Dripper-brewista.webp 692w\" sizes=\"(max-width: 300px) 100vw, 300px\" \/><\/p>\n<p><span style=\"color: #000000;\"><strong>\u00c9gouttoir en Verre Brewista Tornado:<\/strong><\/span><\/p>\n<p><span style=\"color: #000000;\">L&rsquo;\u00e9quipe de conception et de direction de Brewista est certifi\u00e9e Q-grade. En d&rsquo;autres termes, Q-grade est le seul syst\u00e8me de notation et de certification du caf\u00e9 bas\u00e9 sur la qualit\u00e9. D\u00e9velopp\u00e9 par la Specialty Coffee Association of America (SCAA), il s&rsquo;agit d&rsquo;un cours intensif qui enseigne comment classer les caf\u00e9s torr\u00e9fi\u00e9s en fonction de nombreux facteurs. Depuis 15 ans, il est \u00e9galement devenu le langage normalis\u00e9 pour communiquer sur la qualit\u00e9 du caf\u00e9 dans l&rsquo;industrie.   <\/span><\/p>\n<p><span style=\"color: #000000;\">Des conceptions qui mettent l&rsquo;accent sur la science de la pr\u00e9paration du caf\u00e9 aux finitions \u00e9l\u00e9gantes. Les consommateurs sont enthousiastes \u00e0 l&rsquo;id\u00e9e d&rsquo;utiliser les produits Brewista chez eux, cr\u00e9ant ainsi des exp\u00e9riences de caf\u00e9 sans pr\u00e9c\u00e9dent. <\/span><\/p>\n<h3 style=\"text-align: center;\"><span style=\"color: #800000; font-size: 18pt;\"><em><strong>Ne r\u00e9fl\u00e9chissez pas trop ! Essayez de pr\u00e9parer un caf\u00e9 avec art en utilisant ce magnifique dripper \u00e0 la maison. <\/strong><\/em><\/span><\/h3>\n<h3 style=\"text-align: center;\"><a href=\"?add-to-cart=368\"><span style=\"font-size: 24pt; color: #800000;\"><em><strong>Ajouter au Panier!<\/strong><\/em><\/span><\/a><\/h3>\n<p><a href=\"https:\/\/cafesantahelena.com\/wp-content\/uploads\/2021\/11\/logo-preta-2.jpg\"><img decoding=\"async\" class=\" wp-image-14056 aligncenter\" src=\"https:\/\/cafesantahelena.com\/wp-content\/uploads\/2024\/07\/F16BA1DC-4552-44E6-9CAF-7827F4298B30-300x300-1.png\" alt=\"\" width=\"170\" height=\"170\" srcset=\"https:\/\/cafesantahelena.com\/wp-content\/uploads\/2024\/07\/F16BA1DC-4552-44E6-9CAF-7827F4298B30-300x300-1.png 300w, https:\/\/cafesantahelena.com\/wp-content\/uploads\/2024\/07\/F16BA1DC-4552-44E6-9CAF-7827F4298B30-300x300-1-100x100.png 100w, https:\/\/cafesantahelena.com\/wp-content\/uploads\/2024\/07\/F16BA1DC-4552-44E6-9CAF-7827F4298B30-300x300-1-64x64.png 64w, https:\/\/cafesantahelena.com\/wp-content\/uploads\/2024\/07\/F16BA1DC-4552-44E6-9CAF-7827F4298B30-300x300-1-150x150.png 150w\" sizes=\"(max-width: 170px) 100vw, 170px\" \/><\/a><\/p>\n<p>&nbsp;<\/p>\n","protected":false},"excerpt":{"rendered":"<p>IVA incl.<br \/>\nFrais d&rsquo;exp\u00e9dition \u00e0 la caisse Le nouveau Brewista Tornado Duo Dripper est le premier dripper en verre scell\u00e9 \u00e0 double paroi au monde. Le goutteur nervur\u00e9 unique ralentit le temps d&rsquo;extraction pour donner \u00e0 votre caf\u00e9 ou \u00e0 votre th\u00e9 un go\u00fbt plus robuste et plus satisfaisant. Avec son design \u00e9l\u00e9gant, le Tornado est un \u00e9l\u00e9ment essentiel de la bo\u00eete \u00e0 outils de tout amateur de caf\u00e9.<\/p>\n<ul>\n<li>Le \u00e9goutteur unique Tornado \u00e0 18 nervures pour une extraction optimale<\/li>\n<li>Verre double paroi isol\u00e9<\/li>\n<li>Conception \u00e9tanche et facile \u00e0 nettoyer<\/li>\n<li>1 \u00e0 2 tasses<\/li>\n<li>Utilise un filtre en papier &#8211; <strong>non inclus<\/strong><\/li>\n<\/ul>\n","protected":false},"featured_media":17052,"comment_status":"open","ping_status":"closed","template":"","meta":[],"product_brand":[],"product_cat":[169],"product_tag":[224],"class_list":{"0":"post-14134","1":"product","2":"type-product","3":"status-publish","4":"has-post-thumbnail","6":"product_cat-accessoires","7":"product_tag-egouttoir-fr","9":"first","10":"instock","11":"featured","12":"shipping-taxable","13":"purchasable","14":"product-type-simple"},"yoast_head":"<!-- This site is optimized with the Yoast SEO plugin v26.4 - https:\/\/yoast.com\/wordpress\/plugins\/seo\/ -->\n<title>\u00c9gouttoir en verre Tornado Duo- Caf\u00e9 Santa Helena<\/title>\n<meta name=\"description\" content=\"Le \u00c9gouttoir en verre Brewista Tornado est fabriqu\u00e9 en verre double paroi. Avec son design \u00e9l\u00e9gant, le Tornado est un \u00e9l\u00e9ment essentiel de la bo\u00eete \u00e0 outils de tout amateur de caf\u00e9.\" \/>\n<meta name=\"robots\" content=\"index, follow, max-snippet:-1, max-image-preview:large, max-video-preview:-1\" \/>\n<link rel=\"canonical\" href=\"https:\/\/cafesantahelena.com\/fr\/products\/egouttoir-en-verre\/\" \/>\n<meta property=\"og:locale\" content=\"fr_FR\" \/>\n<meta property=\"og:type\" content=\"article\" \/>\n<meta property=\"og:title\" content=\"\u00c9gouttoir en verre Tornado Duo- Caf\u00e9 Santa Helena\" \/>\n<meta property=\"og:description\" content=\"Le \u00c9gouttoir en verre Brewista Tornado est fabriqu\u00e9 en verre double paroi. Avec son design \u00e9l\u00e9gant, le Tornado est un \u00e9l\u00e9ment essentiel de la bo\u00eete \u00e0 outils de tout amateur de caf\u00e9.\" \/>\n<meta property=\"og:url\" content=\"https:\/\/cafesantahelena.com\/fr\/products\/egouttoir-en-verre\/\" \/>\n<meta property=\"og:site_name\" content=\"Caf\u00e9 Santa Helena\" \/>\n<meta property=\"article:modified_time\" content=\"2025-01-25T17:37:11+00:00\" \/>\n<meta property=\"og:image\" content=\"https:\/\/cafesantahelena.com\/wp-content\/uploads\/2024\/07\/Wall-glass-dripper.webp\" \/>\n\t<meta property=\"og:image:width\" content=\"350\" \/>\n\t<meta property=\"og:image:height\" content=\"450\" \/>\n\t<meta property=\"og:image:type\" content=\"image\/webp\" \/>\n<meta name=\"twitter:card\" content=\"summary_large_image\" \/>\n<meta name=\"twitter:label1\" content=\"Dur\u00e9e de lecture estim\u00e9e\" \/>\n\t<meta name=\"twitter:data1\" content=\"2 minutes\" \/>\n<script type=\"application\/ld+json\" class=\"yoast-schema-graph\">{\"@context\":\"https:\/\/schema.org\",\"@graph\":[{\"@type\":\"WebPage\",\"@id\":\"https:\/\/cafesantahelena.com\/fr\/products\/egouttoir-en-verre\/\",\"url\":\"https:\/\/cafesantahelena.com\/fr\/products\/egouttoir-en-verre\/\",\"name\":\"\u00c9gouttoir en verre Tornado Duo- Caf\u00e9 Santa Helena\",\"isPartOf\":{\"@id\":\"https:\/\/cafesantahelena.com\/#website\"},\"primaryImageOfPage\":{\"@id\":\"https:\/\/cafesantahelena.com\/fr\/products\/egouttoir-en-verre\/#primaryimage\"},\"image\":{\"@id\":\"https:\/\/cafesantahelena.com\/fr\/products\/egouttoir-en-verre\/#primaryimage\"},\"thumbnailUrl\":\"https:\/\/cafesantahelena.com\/wp-content\/uploads\/2024\/07\/Wall-glass-dripper.webp\",\"datePublished\":\"2024-07-22T15:08:58+00:00\",\"dateModified\":\"2025-01-25T17:37:11+00:00\",\"description\":\"Le \u00c9gouttoir en verre Brewista Tornado est fabriqu\u00e9 en verre double paroi. Avec son design \u00e9l\u00e9gant, le Tornado est un \u00e9l\u00e9ment essentiel de la bo\u00eete \u00e0 outils de tout amateur de caf\u00e9.\",\"breadcrumb\":{\"@id\":\"https:\/\/cafesantahelena.com\/fr\/products\/egouttoir-en-verre\/#breadcrumb\"},\"inLanguage\":\"fr-FR\",\"potentialAction\":[{\"@type\":\"ReadAction\",\"target\":[\"https:\/\/cafesantahelena.com\/fr\/products\/egouttoir-en-verre\/\"]}]},{\"@type\":\"ImageObject\",\"inLanguage\":\"fr-FR\",\"@id\":\"https:\/\/cafesantahelena.com\/fr\/products\/egouttoir-en-verre\/#primaryimage\",\"url\":\"https:\/\/cafesantahelena.com\/wp-content\/uploads\/2024\/07\/Wall-glass-dripper.webp\",\"contentUrl\":\"https:\/\/cafesantahelena.com\/wp-content\/uploads\/2024\/07\/Wall-glass-dripper.webp\",\"width\":350,\"height\":450,\"caption\":\"\u00e9gouttoir en verre\"},{\"@type\":\"BreadcrumbList\",\"@id\":\"https:\/\/cafesantahelena.com\/fr\/products\/egouttoir-en-verre\/#breadcrumb\",\"itemListElement\":[{\"@type\":\"ListItem\",\"position\":1,\"name\":\"In\u00edcio\",\"item\":\"https:\/\/cafesantahelena.com\/fr\/\"},{\"@type\":\"ListItem\",\"position\":2,\"name\":\"Produtos\",\"item\":\"https:\/\/cafesantahelena.com\/loja\/\"},{\"@type\":\"ListItem\",\"position\":3,\"name\":\"\u00c9gouttoir en Verre Tornado Duo\"}]},{\"@type\":\"WebSite\",\"@id\":\"https:\/\/cafesantahelena.com\/#website\",\"url\":\"https:\/\/cafesantahelena.com\/\",\"name\":\"Caf\u00e9 Santa Helena\",\"description\":\"\",\"potentialAction\":[{\"@type\":\"SearchAction\",\"target\":{\"@type\":\"EntryPoint\",\"urlTemplate\":\"https:\/\/cafesantahelena.com\/?s={search_term_string}\"},\"query-input\":{\"@type\":\"PropertyValueSpecification\",\"valueRequired\":true,\"valueName\":\"search_term_string\"}}],\"inLanguage\":\"fr-FR\"}]}<\/script>\n<!-- \/ Yoast SEO plugin. -->","yoast_head_json":{"title":"\u00c9gouttoir en verre Tornado Duo- Caf\u00e9 Santa Helena","description":"Le \u00c9gouttoir en verre Brewista Tornado est fabriqu\u00e9 en verre double paroi. Avec son design \u00e9l\u00e9gant, le Tornado est un \u00e9l\u00e9ment essentiel de la bo\u00eete \u00e0 outils de tout amateur de caf\u00e9.","robots":{"index":"index","follow":"follow","max-snippet":"max-snippet:-1","max-image-preview":"max-image-preview:large","max-video-preview":"max-video-preview:-1"},"canonical":"https:\/\/cafesantahelena.com\/fr\/products\/egouttoir-en-verre\/","og_locale":"fr_FR","og_type":"article","og_title":"\u00c9gouttoir en verre Tornado Duo- Caf\u00e9 Santa Helena","og_description":"Le \u00c9gouttoir en verre Brewista Tornado est fabriqu\u00e9 en verre double paroi. Avec son design \u00e9l\u00e9gant, le Tornado est un \u00e9l\u00e9ment essentiel de la bo\u00eete \u00e0 outils de tout amateur de caf\u00e9.","og_url":"https:\/\/cafesantahelena.com\/fr\/products\/egouttoir-en-verre\/","og_site_name":"Caf\u00e9 Santa Helena","article_modified_time":"2025-01-25T17:37:11+00:00","og_image":[{"width":350,"height":450,"url":"https:\/\/cafesantahelena.com\/wp-content\/uploads\/2024\/07\/Wall-glass-dripper.webp","type":"image\/webp"}],"twitter_card":"summary_large_image","twitter_misc":{"Dur\u00e9e de lecture estim\u00e9e":"2 minutes"},"schema":{"@context":"https:\/\/schema.org","@graph":[{"@type":"WebPage","@id":"https:\/\/cafesantahelena.com\/fr\/products\/egouttoir-en-verre\/","url":"https:\/\/cafesantahelena.com\/fr\/products\/egouttoir-en-verre\/","name":"\u00c9gouttoir en verre Tornado Duo- Caf\u00e9 Santa Helena","isPartOf":{"@id":"https:\/\/cafesantahelena.com\/#website"},"primaryImageOfPage":{"@id":"https:\/\/cafesantahelena.com\/fr\/products\/egouttoir-en-verre\/#primaryimage"},"image":{"@id":"https:\/\/cafesantahelena.com\/fr\/products\/egouttoir-en-verre\/#primaryimage"},"thumbnailUrl":"https:\/\/cafesantahelena.com\/wp-content\/uploads\/2024\/07\/Wall-glass-dripper.webp","datePublished":"2024-07-22T15:08:58+00:00","dateModified":"2025-01-25T17:37:11+00:00","description":"Le \u00c9gouttoir en verre Brewista Tornado est fabriqu\u00e9 en verre double paroi. Avec son design \u00e9l\u00e9gant, le Tornado est un \u00e9l\u00e9ment essentiel de la bo\u00eete \u00e0 outils de tout amateur de caf\u00e9.","breadcrumb":{"@id":"https:\/\/cafesantahelena.com\/fr\/products\/egouttoir-en-verre\/#breadcrumb"},"inLanguage":"fr-FR","potentialAction":[{"@type":"ReadAction","target":["https:\/\/cafesantahelena.com\/fr\/products\/egouttoir-en-verre\/"]}]},{"@type":"ImageObject","inLanguage":"fr-FR","@id":"https:\/\/cafesantahelena.com\/fr\/products\/egouttoir-en-verre\/#primaryimage","url":"https:\/\/cafesantahelena.com\/wp-content\/uploads\/2024\/07\/Wall-glass-dripper.webp","contentUrl":"https:\/\/cafesantahelena.com\/wp-content\/uploads\/2024\/07\/Wall-glass-dripper.webp","width":350,"height":450,"caption":"\u00e9gouttoir en verre"},{"@type":"BreadcrumbList","@id":"https:\/\/cafesantahelena.com\/fr\/products\/egouttoir-en-verre\/#breadcrumb","itemListElement":[{"@type":"ListItem","position":1,"name":"In\u00edcio","item":"https:\/\/cafesantahelena.com\/fr\/"},{"@type":"ListItem","position":2,"name":"Produtos","item":"https:\/\/cafesantahelena.com\/loja\/"},{"@type":"ListItem","position":3,"name":"\u00c9gouttoir en Verre Tornado Duo"}]},{"@type":"WebSite","@id":"https:\/\/cafesantahelena.com\/#website","url":"https:\/\/cafesantahelena.com\/","name":"Caf\u00e9 Santa Helena","description":"","potentialAction":[{"@type":"SearchAction","target":{"@type":"EntryPoint","urlTemplate":"https:\/\/cafesantahelena.com\/?s={search_term_string}"},"query-input":{"@type":"PropertyValueSpecification","valueRequired":true,"valueName":"search_term_string"}}],"inLanguage":"fr-FR"}]}},"_links":{"self":[{"href":"https:\/\/cafesantahelena.com\/fr\/wp-json\/wp\/v2\/product\/14134","targetHints":{"allow":["GET"]}}],"collection":[{"href":"https:\/\/cafesantahelena.com\/fr\/wp-json\/wp\/v2\/product"}],"about":[{"href":"https:\/\/cafesantahelena.com\/fr\/wp-json\/wp\/v2\/types\/product"}],"replies":[{"embeddable":true,"href":"https:\/\/cafesantahelena.com\/fr\/wp-json\/wp\/v2\/comments?post=14134"}],"wp:featuredmedia":[{"embeddable":true,"href":"https:\/\/cafesantahelena.com\/fr\/wp-json\/wp\/v2\/media\/17052"}],"wp:attachment":[{"href":"https:\/\/cafesantahelena.com\/fr\/wp-json\/wp\/v2\/media?parent=14134"}],"wp:term":[{"taxonomy":"product_brand","embeddable":true,"href":"https:\/\/cafesantahelena.com\/fr\/wp-json\/wp\/v2\/product_brand?post=14134"},{"taxonomy":"product_cat","embeddable":true,"href":"https:\/\/cafesantahelena.com\/fr\/wp-json\/wp\/v2\/product_cat?post=14134"},{"taxonomy":"product_tag","embeddable":true,"href":"https:\/\/cafesantahelena.com\/fr\/wp-json\/wp\/v2\/product_tag?post=14134"}],"curies":[{"name":"wp","href":"https:\/\/api.w.org\/{rel}","templated":true}]}}