{"id":14143,"date":"2024-07-22T15:08:57","date_gmt":"2024-07-22T15:08:57","guid":{"rendered":"https:\/\/cafesantahelena.alivanstudio.com\/?post_type=product&#038;p=14143"},"modified":"2025-01-25T18:05:27","modified_gmt":"2025-01-25T18:05:27","slug":"cafe-bio-moulu-250g","status":"publish","type":"product","link":"https:\/\/cafesantahelena.com\/fr\/products\/cafe-bio-moulu-250g\/","title":{"rendered":"Caf\u00e9 de sp\u00e9cialit\u00e9 moulu 250g"},"content":{"rendered":"<h2 style=\"text-align: left;\"><span style=\"font-size: 12pt; color: #000000;\"><strong>Caf\u00e9 de sp\u00e9cialit\u00e9 moulu<\/strong><\/span><\/h2>\n<p style=\"text-align: left;\"><span style=\"font-size: 12pt; color: #000000;\"><strong>Caf\u00e9 de sp\u00e9cialit\u00e9 85 points SCA- 100% Bio Arabica, Pure Origine<\/strong><\/span><\/p>\n<p class=\"p1\"><span style=\"color: #000000;\"><strong><span class=\"s1\" style=\"font-size: 12pt;\">Torr\u00e9faction artisanale lente dans un torr\u00e9facteur \u00e0 bois.<\/span><\/strong><\/span><\/p>\n<p>&nbsp;<\/p>\n<p><span style=\"color: #800000;\"><strong style=\"text-align: center; font-size: 14pt;\">Les caract\u00e9ristiques du caf\u00e9<\/strong><span style=\"text-align: center; font-size: 14pt;\">:<\/span><\/span><\/p>\n<p><span style=\"color: #000000;\"><strong style=\"font-size: 12pt;\">Vari\u00e9t\u00e9 botanique : <\/strong>Arabica (Catuai Vermelho)<\/span><\/p>\n<p><span style=\"font-size: 12pt; color: #000000;\"><strong>Provenance : <\/strong>Br\u00e9sil<\/span><\/p>\n<p><span style=\"font-size: 12pt; color: #000000;\"><strong>R\u00e9colte :<\/strong> \u00e0 la main<\/span><\/p>\n<p><span style=\"font-size: 12pt; color: #000000;\"><strong>S\u00e9chage : <\/strong>Au soleil<\/span><\/p>\n<p><span style=\"font-size: 12pt; color: #000000;\"><strong>Torr\u00e9faction : <\/strong>Torr\u00e9faction artisanale lente \u00e0 la main dans un torr\u00e9facteur en bois.<\/span><\/p>\n<p><strong>Intensit\u00e9:<\/strong> Torr\u00e9faction moyenne<\/p>\n<p>Pour ceux qui pr\u00e9f\u00e8rent un caf\u00e9 plus doux, pr\u00e9servant la saveur naturelle du caf\u00e9, la torr\u00e9faction est moyenne.<\/p>\n<p style=\"text-align: left;\"><span style=\"color: #000000;\"><b style=\"\">Ingr\u00e9dients :<\/b> Caf\u00e9 de sp\u00e9cialit\u00e9 moulu, 100% Bio Arabica. Emballage 250g <\/span><br \/>\n<span style=\"color: #000000;\"><span style=\"font-size: 12pt;\">Caf\u00e9 sp\u00e9cialement moulu pour <\/span><b style=\"font-size: 12pt;\">Moka, filtre <\/b><span style=\"font-size: 12pt;\">ou similaire.<\/span><\/span><\/p>\n<p style=\"text-align: center;\"><strong style=\"color: #800000; font-size: 12pt; text-align: center;\">Un caf\u00e9, c&rsquo;est avant tout un plaisir<\/strong><span style=\"color: #800000; font-size: 12pt; text-align: center;\">!<\/span><\/p>\n<p style=\"text-align: center;\"><span style=\"color: #000000;\"><strong><span style=\"font-size: 12pt;\">C&rsquo;est un plaisir qui \u00e9veille tous les sens : beau \u00e0 voir, agr\u00e9able \u00e0 sentir et assur\u00e9ment d\u00e9licieux \u00e0 go\u00fbter.<\/span><\/strong><\/span><\/p>\n<h3><\/h3>\n<h3 style=\"text-align: center;\"><span style=\"color: #800000;\"><em><strong><span style=\"font-size: 18pt;\">Si vous aimez le caf\u00e9, essayez ce caf\u00e9 bio et sain !<\/span><\/strong><\/em><\/span><\/h3>\n<h3 style=\"text-align: center;\"><a href=\"?add-to-cart=14143\"><span style=\"color: #800000;\"><em><strong><span style=\"font-size: 24pt;\">Ajouter au panier !<\/span><\/strong><\/em><\/span><\/a><\/h3>\n<p><img decoding=\"async\" class=\"alignnone wp-image-15375 aligncenter\" src=\"https:\/\/cafesantahelena.com\/wp-content\/uploads\/2024\/11\/logo-1.png\" alt=\"Logo Caf\u00e9 Santa Helena\" width=\"171\" height=\"171\" srcset=\"https:\/\/cafesantahelena.com\/wp-content\/uploads\/2024\/11\/logo-1.png 300w, https:\/\/cafesantahelena.com\/wp-content\/uploads\/2024\/11\/logo-1-100x100.png 100w, https:\/\/cafesantahelena.com\/wp-content\/uploads\/2024\/11\/logo-1-64x64.png 64w, https:\/\/cafesantahelena.com\/wp-content\/uploads\/2024\/11\/logo-1-150x150.png 150w\" sizes=\"(max-width: 171px) 100vw, 171px\" \/><\/p>\n<p>&nbsp;<\/p>\n<h3 style=\"text-align: center;\"><span style=\"font-size: 24pt; color: #800000;\"><em><strong>Vous pouvez aussi aimer<\/strong><\/em><\/span><\/h3>\n<p style=\"text-align: center;\"><a href=\"https:\/\/cafesantahelena.com\/products\/electrical-kettle-brewista\/\"><img fetchpriority=\"high\" decoding=\"async\" class=\"alignnone size-medium wp-image-14596\" src=\"https:\/\/cafesantahelena.com\/wp-content\/uploads\/2024\/07\/image13-233x300.jpeg\" alt=\"Bouilloire \u00e9lectrique\" width=\"233\" height=\"300\"><\/a><\/p>\n<p>&nbsp;<\/p>\n","protected":false},"excerpt":{"rendered":"<p>IVA incl.<\/p>\n<p>frais de livraison \u00e0 la caisse Caf\u00e9 de sp\u00e9cialit\u00e9 100% Bio Arabica, origine unique du Br\u00e9sil.<\/p>\n<p><b>Torr\u00e9faction artisanale lente<\/b><\/p>\n<p>Le caf\u00e9 a un go\u00fbt sucr\u00e9 avec des notes de caramel, de chocolat, de miel, de noix et de fruits. Moulu sp\u00e9cialement pour Moka, filtre ou similaire.<\/p>\n<p>Intensit\u00e9 Torr\u00e9faction moyenne<\/p>\n<p><img decoding=\"async\" class=\"alignnone wp-image-14157\" src=\"https:\/\/cafesantahelena.com\/wp-content\/uploads\/2024\/07\/025D99D1-34D9-41E3-9975-494901AC3E57-300x33-2.png\" alt=\"\" width=\"218\" height=\"24\" srcset=\"https:\/\/cafesantahelena.com\/wp-content\/uploads\/2024\/07\/025D99D1-34D9-41E3-9975-494901AC3E57-300x33-2.png 300w, https:\/\/cafesantahelena.com\/wp-content\/uploads\/2024\/07\/025D99D1-34D9-41E3-9975-494901AC3E57-300x33-2-64x7.png 64w\" sizes=\"(max-width: 218px) 100vw, 218px\" \/><\/p>\n<p>Emballage 250g<\/p>\n","protected":false},"featured_media":17222,"comment_status":"open","ping_status":"closed","template":"","meta":[],"product_brand":[],"product_cat":[170,176],"product_tag":[222,372,216],"class_list":{"0":"post-14143","1":"product","2":"type-product","3":"status-publish","4":"has-post-thumbnail","6":"product_cat-cafe","7":"product_cat-cafe-moulu","8":"product_tag-cafe-bio-fr","9":"product_tag-cafe-de-specialite","10":"product_tag-cafe-moulu-fr","12":"first","13":"instock","14":"featured","15":"shipping-taxable","16":"purchasable","17":"product-type-simple"},"yoast_head":"<!-- This site is optimized with the Yoast SEO plugin v26.4 - https:\/\/yoast.com\/wordpress\/plugins\/seo\/ -->\n<title>Caf\u00e9 de sp\u00e9cialit\u00e9 moulu 250g-Caf\u00e9 Santa Helena<\/title>\n<meta name=\"description\" content=\"Caf\u00e9 de sp\u00e9cialit\u00e9 moulu. 100% Bio Arabica, origine unique du Br\u00e9sil. Emballage de 250g. Torr\u00e9faction artisanale lente dans un torr\u00e9facteur \u00e0 bois. Degr\u00e9 de torrefaction: moyenne\" \/>\n<meta name=\"robots\" content=\"index, follow, max-snippet:-1, max-image-preview:large, max-video-preview:-1\" \/>\n<link rel=\"canonical\" href=\"https:\/\/cafesantahelena.com\/fr\/products\/cafe-bio-moulu-250g\/\" \/>\n<meta property=\"og:locale\" content=\"fr_FR\" \/>\n<meta property=\"og:type\" content=\"article\" \/>\n<meta property=\"og:title\" content=\"Caf\u00e9 de sp\u00e9cialit\u00e9 moulu 250g-Caf\u00e9 Santa Helena\" \/>\n<meta property=\"og:description\" content=\"Caf\u00e9 de sp\u00e9cialit\u00e9 moulu. 100% Bio Arabica, origine unique du Br\u00e9sil. Emballage de 250g. Torr\u00e9faction artisanale lente dans un torr\u00e9facteur \u00e0 bois. Degr\u00e9 de torrefaction: moyenne\" \/>\n<meta property=\"og:url\" content=\"https:\/\/cafesantahelena.com\/fr\/products\/cafe-bio-moulu-250g\/\" \/>\n<meta property=\"og:site_name\" content=\"Caf\u00e9 Santa Helena\" \/>\n<meta property=\"article:modified_time\" content=\"2025-01-25T18:05:27+00:00\" \/>\n<meta property=\"og:image\" content=\"https:\/\/cafesantahelena.com\/wp-content\/uploads\/2024\/07\/Specialty-coffee-ground.webp\" \/>\n\t<meta property=\"og:image:width\" content=\"350\" \/>\n\t<meta property=\"og:image:height\" content=\"450\" \/>\n\t<meta property=\"og:image:type\" content=\"image\/webp\" \/>\n<meta name=\"twitter:card\" content=\"summary_large_image\" \/>\n<meta name=\"twitter:label1\" content=\"Dur\u00e9e de lecture estim\u00e9e\" \/>\n\t<meta name=\"twitter:data1\" content=\"2 minutes\" \/>\n<script type=\"application\/ld+json\" class=\"yoast-schema-graph\">{\"@context\":\"https:\/\/schema.org\",\"@graph\":[{\"@type\":\"WebPage\",\"@id\":\"https:\/\/cafesantahelena.com\/fr\/products\/cafe-bio-moulu-250g\/\",\"url\":\"https:\/\/cafesantahelena.com\/fr\/products\/cafe-bio-moulu-250g\/\",\"name\":\"Caf\u00e9 de sp\u00e9cialit\u00e9 moulu 250g-Caf\u00e9 Santa Helena\",\"isPartOf\":{\"@id\":\"https:\/\/cafesantahelena.com\/#website\"},\"primaryImageOfPage\":{\"@id\":\"https:\/\/cafesantahelena.com\/fr\/products\/cafe-bio-moulu-250g\/#primaryimage\"},\"image\":{\"@id\":\"https:\/\/cafesantahelena.com\/fr\/products\/cafe-bio-moulu-250g\/#primaryimage\"},\"thumbnailUrl\":\"https:\/\/cafesantahelena.com\/wp-content\/uploads\/2024\/07\/Specialty-coffee-ground.webp\",\"datePublished\":\"2024-07-22T15:08:57+00:00\",\"dateModified\":\"2025-01-25T18:05:27+00:00\",\"description\":\"Caf\u00e9 de sp\u00e9cialit\u00e9 moulu. 100% Bio Arabica, origine unique du Br\u00e9sil. Emballage de 250g. Torr\u00e9faction artisanale lente dans un torr\u00e9facteur \u00e0 bois. Degr\u00e9 de torrefaction: moyenne\",\"breadcrumb\":{\"@id\":\"https:\/\/cafesantahelena.com\/fr\/products\/cafe-bio-moulu-250g\/#breadcrumb\"},\"inLanguage\":\"fr-FR\",\"potentialAction\":[{\"@type\":\"ReadAction\",\"target\":[\"https:\/\/cafesantahelena.com\/fr\/products\/cafe-bio-moulu-250g\/\"]}]},{\"@type\":\"ImageObject\",\"inLanguage\":\"fr-FR\",\"@id\":\"https:\/\/cafesantahelena.com\/fr\/products\/cafe-bio-moulu-250g\/#primaryimage\",\"url\":\"https:\/\/cafesantahelena.com\/wp-content\/uploads\/2024\/07\/Specialty-coffee-ground.webp\",\"contentUrl\":\"https:\/\/cafesantahelena.com\/wp-content\/uploads\/2024\/07\/Specialty-coffee-ground.webp\",\"width\":350,\"height\":450,\"caption\":\"caf\u00e9 de sp\u00e9cialit\u00e9 moulu\"},{\"@type\":\"BreadcrumbList\",\"@id\":\"https:\/\/cafesantahelena.com\/fr\/products\/cafe-bio-moulu-250g\/#breadcrumb\",\"itemListElement\":[{\"@type\":\"ListItem\",\"position\":1,\"name\":\"In\u00edcio\",\"item\":\"https:\/\/cafesantahelena.com\/fr\/\"},{\"@type\":\"ListItem\",\"position\":2,\"name\":\"Produtos\",\"item\":\"https:\/\/cafesantahelena.com\/loja\/\"},{\"@type\":\"ListItem\",\"position\":3,\"name\":\"Caf\u00e9 de sp\u00e9cialit\u00e9 moulu 250g\"}]},{\"@type\":\"WebSite\",\"@id\":\"https:\/\/cafesantahelena.com\/#website\",\"url\":\"https:\/\/cafesantahelena.com\/\",\"name\":\"Caf\u00e9 Santa Helena\",\"description\":\"\",\"potentialAction\":[{\"@type\":\"SearchAction\",\"target\":{\"@type\":\"EntryPoint\",\"urlTemplate\":\"https:\/\/cafesantahelena.com\/?s={search_term_string}\"},\"query-input\":{\"@type\":\"PropertyValueSpecification\",\"valueRequired\":true,\"valueName\":\"search_term_string\"}}],\"inLanguage\":\"fr-FR\"}]}<\/script>\n<!-- \/ Yoast SEO plugin. -->","yoast_head_json":{"title":"Caf\u00e9 de sp\u00e9cialit\u00e9 moulu 250g-Caf\u00e9 Santa Helena","description":"Caf\u00e9 de sp\u00e9cialit\u00e9 moulu. 100% Bio Arabica, origine unique du Br\u00e9sil. Emballage de 250g. Torr\u00e9faction artisanale lente dans un torr\u00e9facteur \u00e0 bois. Degr\u00e9 de torrefaction: moyenne","robots":{"index":"index","follow":"follow","max-snippet":"max-snippet:-1","max-image-preview":"max-image-preview:large","max-video-preview":"max-video-preview:-1"},"canonical":"https:\/\/cafesantahelena.com\/fr\/products\/cafe-bio-moulu-250g\/","og_locale":"fr_FR","og_type":"article","og_title":"Caf\u00e9 de sp\u00e9cialit\u00e9 moulu 250g-Caf\u00e9 Santa Helena","og_description":"Caf\u00e9 de sp\u00e9cialit\u00e9 moulu. 100% Bio Arabica, origine unique du Br\u00e9sil. Emballage de 250g. Torr\u00e9faction artisanale lente dans un torr\u00e9facteur \u00e0 bois. Degr\u00e9 de torrefaction: moyenne","og_url":"https:\/\/cafesantahelena.com\/fr\/products\/cafe-bio-moulu-250g\/","og_site_name":"Caf\u00e9 Santa Helena","article_modified_time":"2025-01-25T18:05:27+00:00","og_image":[{"width":350,"height":450,"url":"https:\/\/cafesantahelena.com\/wp-content\/uploads\/2024\/07\/Specialty-coffee-ground.webp","type":"image\/webp"}],"twitter_card":"summary_large_image","twitter_misc":{"Dur\u00e9e de lecture estim\u00e9e":"2 minutes"},"schema":{"@context":"https:\/\/schema.org","@graph":[{"@type":"WebPage","@id":"https:\/\/cafesantahelena.com\/fr\/products\/cafe-bio-moulu-250g\/","url":"https:\/\/cafesantahelena.com\/fr\/products\/cafe-bio-moulu-250g\/","name":"Caf\u00e9 de sp\u00e9cialit\u00e9 moulu 250g-Caf\u00e9 Santa Helena","isPartOf":{"@id":"https:\/\/cafesantahelena.com\/#website"},"primaryImageOfPage":{"@id":"https:\/\/cafesantahelena.com\/fr\/products\/cafe-bio-moulu-250g\/#primaryimage"},"image":{"@id":"https:\/\/cafesantahelena.com\/fr\/products\/cafe-bio-moulu-250g\/#primaryimage"},"thumbnailUrl":"https:\/\/cafesantahelena.com\/wp-content\/uploads\/2024\/07\/Specialty-coffee-ground.webp","datePublished":"2024-07-22T15:08:57+00:00","dateModified":"2025-01-25T18:05:27+00:00","description":"Caf\u00e9 de sp\u00e9cialit\u00e9 moulu. 100% Bio Arabica, origine unique du Br\u00e9sil. Emballage de 250g. Torr\u00e9faction artisanale lente dans un torr\u00e9facteur \u00e0 bois. Degr\u00e9 de torrefaction: moyenne","breadcrumb":{"@id":"https:\/\/cafesantahelena.com\/fr\/products\/cafe-bio-moulu-250g\/#breadcrumb"},"inLanguage":"fr-FR","potentialAction":[{"@type":"ReadAction","target":["https:\/\/cafesantahelena.com\/fr\/products\/cafe-bio-moulu-250g\/"]}]},{"@type":"ImageObject","inLanguage":"fr-FR","@id":"https:\/\/cafesantahelena.com\/fr\/products\/cafe-bio-moulu-250g\/#primaryimage","url":"https:\/\/cafesantahelena.com\/wp-content\/uploads\/2024\/07\/Specialty-coffee-ground.webp","contentUrl":"https:\/\/cafesantahelena.com\/wp-content\/uploads\/2024\/07\/Specialty-coffee-ground.webp","width":350,"height":450,"caption":"caf\u00e9 de sp\u00e9cialit\u00e9 moulu"},{"@type":"BreadcrumbList","@id":"https:\/\/cafesantahelena.com\/fr\/products\/cafe-bio-moulu-250g\/#breadcrumb","itemListElement":[{"@type":"ListItem","position":1,"name":"In\u00edcio","item":"https:\/\/cafesantahelena.com\/fr\/"},{"@type":"ListItem","position":2,"name":"Produtos","item":"https:\/\/cafesantahelena.com\/loja\/"},{"@type":"ListItem","position":3,"name":"Caf\u00e9 de sp\u00e9cialit\u00e9 moulu 250g"}]},{"@type":"WebSite","@id":"https:\/\/cafesantahelena.com\/#website","url":"https:\/\/cafesantahelena.com\/","name":"Caf\u00e9 Santa Helena","description":"","potentialAction":[{"@type":"SearchAction","target":{"@type":"EntryPoint","urlTemplate":"https:\/\/cafesantahelena.com\/?s={search_term_string}"},"query-input":{"@type":"PropertyValueSpecification","valueRequired":true,"valueName":"search_term_string"}}],"inLanguage":"fr-FR"}]}},"_links":{"self":[{"href":"https:\/\/cafesantahelena.com\/fr\/wp-json\/wp\/v2\/product\/14143","targetHints":{"allow":["GET"]}}],"collection":[{"href":"https:\/\/cafesantahelena.com\/fr\/wp-json\/wp\/v2\/product"}],"about":[{"href":"https:\/\/cafesantahelena.com\/fr\/wp-json\/wp\/v2\/types\/product"}],"replies":[{"embeddable":true,"href":"https:\/\/cafesantahelena.com\/fr\/wp-json\/wp\/v2\/comments?post=14143"}],"wp:featuredmedia":[{"embeddable":true,"href":"https:\/\/cafesantahelena.com\/fr\/wp-json\/wp\/v2\/media\/17222"}],"wp:attachment":[{"href":"https:\/\/cafesantahelena.com\/fr\/wp-json\/wp\/v2\/media?parent=14143"}],"wp:term":[{"taxonomy":"product_brand","embeddable":true,"href":"https:\/\/cafesantahelena.com\/fr\/wp-json\/wp\/v2\/product_brand?post=14143"},{"taxonomy":"product_cat","embeddable":true,"href":"https:\/\/cafesantahelena.com\/fr\/wp-json\/wp\/v2\/product_cat?post=14143"},{"taxonomy":"product_tag","embeddable":true,"href":"https:\/\/cafesantahelena.com\/fr\/wp-json\/wp\/v2\/product_tag?post=14143"}],"curies":[{"name":"wp","href":"https:\/\/api.w.org\/{rel}","templated":true}]}}