{"id":14164,"date":"2024-07-22T15:08:57","date_gmt":"2024-07-22T15:08:57","guid":{"rendered":"https:\/\/cafesantahelena.alivanstudio.com\/?post_type=product&#038;p=14164"},"modified":"2025-01-20T17:59:47","modified_gmt":"2025-01-20T17:59:47","slug":"cafe-bulletproof","status":"publish","type":"product","link":"https:\/\/cafesantahelena.com\/fr\/products\/cafe-bulletproof\/","title":{"rendered":"Caf\u00e9 Bulletproof"},"content":{"rendered":"<p style=\"text-align: left;\"><strong><span style=\"font-size: 14pt;\"><br \/>\n<span style=\"font-size: 12pt;\">Le Caf\u00e9 bulletproof est compos\u00e9:<\/span><\/span><\/strong><\/p>\n<p style=\"text-align: left;\"><span style=\"font-size: 12pt;\"><strong>\u00a0Pour Caf\u00e9 et le ghee.<\/strong><\/span><\/p>\n<h2 style=\"text-align: left;\"><strong><span style=\"font-size: 14pt;\">Qu&rsquo;est-ce que le caf\u00e9 au ghee?<\/span><\/strong><\/h2>\n<p><strong><span style=\"font-size: 12pt;\">Le caf\u00e9 et le ghee sont \u00e9galement appel\u00e9s Keto Coffee.\u00a0<\/span><\/strong><\/p>\n<p>Il s&rsquo;agit d&rsquo;une boisson \u00e9nergisante \u00e0 base de graisses de qualit\u00e9. Pour le pr\u00e9parer, il faut m\u00e9langer du caf\u00e9 fra\u00eechement pr\u00e9par\u00e9, de l&rsquo;huile MCT ou du beurre de ghee biologique.<\/p>\n<p>La recette du Bulletproof Coffee a \u00e9t\u00e9 cr\u00e9\u00e9e par <b>Dave Asprey<\/b>, un entrepreneur en technologie. Apr\u00e8s un voyage qu&rsquo;il a fait au Tibet et o\u00f9 il a go\u00fbt\u00e9 du th\u00e9 avec du beurre fait \u00e0 partir du <b>lait de yak, un bovin sauvage de la r\u00e9gion<\/b>. Il est cr\u00e9\u00e9 pour vous maintenir en \u00e9tat de sati\u00e9t\u00e9 et r\u00e9duire la faim. Aussi favoriser la clart\u00e9 mentale, augmenter votre concentration sur vos t\u00e2ches, augmenter la combustion des graisses et l&rsquo;endurance du corps.<\/p>\n<p><b>Le ghee <\/b>aide \u00e0 r\u00e9duire l&rsquo;acidit\u00e9 et l&rsquo;inflammation et sa teneur en calcium en neutralise les effets. Il contient \u00a0de bonnes graisses, de l&rsquo;acide butyrique et des om\u00e9ga-3, ce qui est bon pour la sant\u00e9 intestinale et le m\u00e9tabolisme. Le ghee est un beurre clarifi\u00e9, obtenu en faisant mijoter du beurre (de pr\u00e9f\u00e9rence du beurre biologique) jusqu&rsquo;\u00e0 ce que l&rsquo;eau et les solides du lait s&rsquo;\u00e9vaporent. Il a une apparence, une saveur et un profil nutritionnel diff\u00e9rents de ceux du beurre que vous trouvez dans votre r\u00e9frig\u00e9rateur.<\/p>\n<p>Le ghee est \u00e9galement devenu une option populaire parmi les personnes intol\u00e9rantes aux produits laitiers. Car il est exempt des solides du lait et des prot\u00e9ines du beurre.<\/p>\n<p>Le caf\u00e9 Bulletproof vous aide \u00e0 vous sentir satisfait, alerte et concentr\u00e9, gr\u00e2ce \u00e0 une combinaison de caf\u00e9 et de graisses de qualit\u00e9. Cela signifie des niveaux d&rsquo;\u00e9nergie constants.<\/p>\n<h4><strong style=\"color: #333333; font-size: 22px;\"><span style=\"font-size: 14pt;\">Comment \u00e7a marche?<\/span><\/strong><\/h4>\n<p><b>Le caf\u00e9 n&rsquo;a pas seulement bon go\u00fbt. Il fournit \u00e9galement des antioxydants<\/b>. La caf\u00e9ine vous permet de rester alerte et peut \u00e9galement stimuler votre m\u00e9tabolisme. Il vous aide \u00e0 br\u00fbler les graisses pour obtenir de l&rsquo;\u00e9nergie. La qualit\u00e9 du caf\u00e9 que vous buvez est importante. Un mauvais caf\u00e9 peut vous faire sentir mal, alors que les bons grains peuvent vous donner un excellent avantage. C&rsquo;est pourquoi choisissez de prendre votre bulletproof avec notre caf\u00e9 biologique, 100% Arabica provenant de la ferme Santa Helena, au Br\u00e9sil \ud83c\udde7\ud83c\uddf7.<\/p>\n<p>Vous pouvez pr\u00e9parer le caf\u00e9 et le ghee avec du caf\u00e9 de grains entiers dans une machine \u00e0 expresso, ou du caf\u00e9 moulu pour moka, filtre ou similaire. Vous pouvez \u00e9galement pr\u00e9parer votre boisson en utilisant des capsules de caf\u00e9.<\/p>\n<p>Vraiment, en entendant cela de premi\u00e8re main, cela semble \u00e9trange de m\u00e9langer du beurre de ghee avec du caf\u00e9, n&rsquo;est-ce pas ?<\/p>\n<p>Mais sachez que ce m\u00e9lange a le pouvoir de vous faire sentir rassasi\u00e9 plus longtemps. En plus d&rsquo;augmenter votre concentration, d&rsquo;accro\u00eetre votre attention et d&rsquo;avoir un go\u00fbt diff\u00e9rent.<\/p>\n<p>Le plus cool, c&rsquo;est que vous pouvez pr\u00e9parer ce m\u00e9lange vous-m\u00eame \u00e0 la maison ! L&rsquo;effet est jusqu&rsquo;\u00e0 50% sup\u00e9rieur \u00e0 celui du caf\u00e9 que nous buvons tous les jours.<\/p>\n<p><b>Pour ce faire, vous aurez besoin de 200 ml de caf\u00e9 infus\u00e9 ou press\u00e9, et d&rsquo;une cuill\u00e8re \u00e0 soupe de beurre ghee.<\/b><\/p>\n<p><b>Le mode de pr\u00e9paration est tr\u00e8s simple : ajoutez tous les ingr\u00e9dients et battez, \u00e0 plusieurs reprises, pendant 40 secondes. Apr\u00e8s cela, il suffit de consommer ce d\u00e9lice !<\/b><\/p>\n<p style=\"text-align: center;\"><span style=\"font-size: 14pt;\"><strong>Voulez-vous essayer Bulletproof ?<\/strong><\/span><\/p>\n<p style=\"text-align: center;\"><span style=\"font-size: 14pt;\"><strong>Alors, commandez maintenant notre caf\u00e9 ou nos capsules !<\/strong><\/span><\/p>\n<p style=\"text-align: center;\"><span style=\"color: #800000;\"><a style=\"color: #800000;\" href=\"?add-to-cart=14164\"><span style=\"font-size: 24pt;\"><em><strong>Ajouter au Panier<\/strong><\/em><\/span><\/a><a style=\"color: #800000;\" href=\"?add-to-cart=14164\"><span style=\"font-size: 24pt;\"><em><strong>!<\/strong><\/em><\/span><\/a><\/span><\/p>\n<p style=\"text-align: center;\"><a href=\"https:\/\/cafesantahelena.com\/wp-content\/uploads\/2021\/06\/F16BA1DC-4552-44E6-9CAF-7827F4298B30.png\"><img decoding=\"async\" class=\"alignnone wp-image-14057\" src=\"https:\/\/cafesantahelena.com\/wp-content\/uploads\/2024\/07\/F16BA1DC-4552-44E6-9CAF-7827F4298B30-300x300-1.png\" alt=\"\" width=\"173\" height=\"173\" srcset=\"https:\/\/cafesantahelena.com\/wp-content\/uploads\/2024\/07\/F16BA1DC-4552-44E6-9CAF-7827F4298B30-300x300-1.png 300w, https:\/\/cafesantahelena.com\/wp-content\/uploads\/2024\/07\/F16BA1DC-4552-44E6-9CAF-7827F4298B30-300x300-1-100x100.png 100w, https:\/\/cafesantahelena.com\/wp-content\/uploads\/2024\/07\/F16BA1DC-4552-44E6-9CAF-7827F4298B30-300x300-1-64x64.png 64w, https:\/\/cafesantahelena.com\/wp-content\/uploads\/2024\/07\/F16BA1DC-4552-44E6-9CAF-7827F4298B30-300x300-1-150x150.png 150w\" sizes=\"(max-width: 173px) 100vw, 173px\" \/><\/a><\/p>\n<p>&nbsp;<\/p>\n","protected":false},"excerpt":{"rendered":"<p>IVA incl.<\/p>\n<p>Frais d\u2019expedition a la caisse<\/p>\n<p>Ingredients:<\/p>\n<p>Caf\u00e9 en grains 250g. Caf\u00e9 de Sp\u00e9cialit\u00e9, 100% Bio Arabica<\/p>\n<p>Beurre Ghee \u00a0Chr\u00fcterh\u00e4x 180g<\/p>\n<p>Produit biologique selon la tradition ayurv\u00e9dique !<\/p>\n<p>Le ghee biologique Cr\u00fcterh\u00e4x est produit en remuant continuellement et en contr\u00f4lant soigneusement la temp\u00e9rature. Il faut beaucoup de dext\u00e9rit\u00e9 pour que le ghee conserve sa couleur jaune d&rsquo;or et ne br\u00fble pas.<\/p>\n<p>&nbsp;<\/p>\n","protected":false},"featured_media":17132,"comment_status":"open","ping_status":"closed","template":"","meta":[],"product_brand":[],"product_cat":[173,175],"product_tag":[204,212,229],"class_list":{"0":"post-14164","1":"product","2":"type-product","3":"status-publish","4":"has-post-thumbnail","6":"product_cat-divers","7":"product_cat-kits-fr","8":"product_tag-bulletproof-fr","9":"product_tag-cafe-fr","10":"product_tag-ghee-fr","12":"first","13":"instock","14":"featured","15":"shipping-taxable","16":"purchasable","17":"product-type-simple"},"yoast_head":"<!-- This site is optimized with the Yoast SEO plugin v26.4 - https:\/\/yoast.com\/wordpress\/plugins\/seo\/ -->\n<title>Caf\u00e9 Bulletproof - Caf\u00e9 Santa Helena<\/title>\n<meta name=\"description\" content=\"Caf\u00e9 Bulletproof.mLe caf\u00e9 et le ghee sont \u00e9galement appel\u00e9s Keto Coffee. Il s&#039;agit d&#039;une boisson \u00e9nergisante \u00e0 base de graisses de qualit\u00e9 e caf\u00e9.\" \/>\n<meta name=\"robots\" content=\"index, follow, max-snippet:-1, max-image-preview:large, max-video-preview:-1\" \/>\n<link rel=\"canonical\" href=\"https:\/\/cafesantahelena.com\/fr\/products\/cafe-bulletproof\/\" \/>\n<meta property=\"og:locale\" content=\"fr_FR\" \/>\n<meta property=\"og:type\" content=\"article\" \/>\n<meta property=\"og:title\" content=\"Caf\u00e9 Bulletproof - Caf\u00e9 Santa Helena\" \/>\n<meta property=\"og:description\" content=\"Caf\u00e9 Bulletproof.mLe caf\u00e9 et le ghee sont \u00e9galement appel\u00e9s Keto Coffee. Il s&#039;agit d&#039;une boisson \u00e9nergisante \u00e0 base de graisses de qualit\u00e9 e caf\u00e9.\" \/>\n<meta property=\"og:url\" content=\"https:\/\/cafesantahelena.com\/fr\/products\/cafe-bulletproof\/\" \/>\n<meta property=\"og:site_name\" content=\"Caf\u00e9 Santa Helena\" \/>\n<meta property=\"article:modified_time\" content=\"2025-01-20T17:59:47+00:00\" \/>\n<meta property=\"og:image\" content=\"https:\/\/cafesantahelena.com\/wp-content\/uploads\/2024\/07\/Bulletproof.webp\" \/>\n\t<meta property=\"og:image:width\" content=\"350\" \/>\n\t<meta property=\"og:image:height\" content=\"450\" \/>\n\t<meta property=\"og:image:type\" content=\"image\/webp\" \/>\n<meta name=\"twitter:card\" content=\"summary_large_image\" \/>\n<meta name=\"twitter:label1\" content=\"Dur\u00e9e de lecture estim\u00e9e\" \/>\n\t<meta name=\"twitter:data1\" content=\"3 minutes\" \/>\n<script type=\"application\/ld+json\" class=\"yoast-schema-graph\">{\"@context\":\"https:\/\/schema.org\",\"@graph\":[{\"@type\":\"WebPage\",\"@id\":\"https:\/\/cafesantahelena.com\/fr\/products\/cafe-bulletproof\/\",\"url\":\"https:\/\/cafesantahelena.com\/fr\/products\/cafe-bulletproof\/\",\"name\":\"Caf\u00e9 Bulletproof - Caf\u00e9 Santa Helena\",\"isPartOf\":{\"@id\":\"https:\/\/cafesantahelena.com\/#website\"},\"primaryImageOfPage\":{\"@id\":\"https:\/\/cafesantahelena.com\/fr\/products\/cafe-bulletproof\/#primaryimage\"},\"image\":{\"@id\":\"https:\/\/cafesantahelena.com\/fr\/products\/cafe-bulletproof\/#primaryimage\"},\"thumbnailUrl\":\"https:\/\/cafesantahelena.com\/wp-content\/uploads\/2024\/07\/Bulletproof.webp\",\"datePublished\":\"2024-07-22T15:08:57+00:00\",\"dateModified\":\"2025-01-20T17:59:47+00:00\",\"description\":\"Caf\u00e9 Bulletproof.mLe caf\u00e9 et le ghee sont \u00e9galement appel\u00e9s Keto Coffee. Il s'agit d'une boisson \u00e9nergisante \u00e0 base de graisses de qualit\u00e9 e caf\u00e9.\",\"breadcrumb\":{\"@id\":\"https:\/\/cafesantahelena.com\/fr\/products\/cafe-bulletproof\/#breadcrumb\"},\"inLanguage\":\"fr-FR\",\"potentialAction\":[{\"@type\":\"ReadAction\",\"target\":[\"https:\/\/cafesantahelena.com\/fr\/products\/cafe-bulletproof\/\"]}]},{\"@type\":\"ImageObject\",\"inLanguage\":\"fr-FR\",\"@id\":\"https:\/\/cafesantahelena.com\/fr\/products\/cafe-bulletproof\/#primaryimage\",\"url\":\"https:\/\/cafesantahelena.com\/wp-content\/uploads\/2024\/07\/Bulletproof.webp\",\"contentUrl\":\"https:\/\/cafesantahelena.com\/wp-content\/uploads\/2024\/07\/Bulletproof.webp\",\"width\":350,\"height\":450,\"caption\":\"bulletproof\"},{\"@type\":\"BreadcrumbList\",\"@id\":\"https:\/\/cafesantahelena.com\/fr\/products\/cafe-bulletproof\/#breadcrumb\",\"itemListElement\":[{\"@type\":\"ListItem\",\"position\":1,\"name\":\"In\u00edcio\",\"item\":\"https:\/\/cafesantahelena.com\/fr\/\"},{\"@type\":\"ListItem\",\"position\":2,\"name\":\"Produtos\",\"item\":\"https:\/\/cafesantahelena.com\/loja\/\"},{\"@type\":\"ListItem\",\"position\":3,\"name\":\"Caf\u00e9 Bulletproof\"}]},{\"@type\":\"WebSite\",\"@id\":\"https:\/\/cafesantahelena.com\/#website\",\"url\":\"https:\/\/cafesantahelena.com\/\",\"name\":\"Caf\u00e9 Santa Helena\",\"description\":\"\",\"potentialAction\":[{\"@type\":\"SearchAction\",\"target\":{\"@type\":\"EntryPoint\",\"urlTemplate\":\"https:\/\/cafesantahelena.com\/?s={search_term_string}\"},\"query-input\":{\"@type\":\"PropertyValueSpecification\",\"valueRequired\":true,\"valueName\":\"search_term_string\"}}],\"inLanguage\":\"fr-FR\"}]}<\/script>\n<!-- \/ Yoast SEO plugin. -->","yoast_head_json":{"title":"Caf\u00e9 Bulletproof - Caf\u00e9 Santa Helena","description":"Caf\u00e9 Bulletproof.mLe caf\u00e9 et le ghee sont \u00e9galement appel\u00e9s Keto Coffee. Il s'agit d'une boisson \u00e9nergisante \u00e0 base de graisses de qualit\u00e9 e caf\u00e9.","robots":{"index":"index","follow":"follow","max-snippet":"max-snippet:-1","max-image-preview":"max-image-preview:large","max-video-preview":"max-video-preview:-1"},"canonical":"https:\/\/cafesantahelena.com\/fr\/products\/cafe-bulletproof\/","og_locale":"fr_FR","og_type":"article","og_title":"Caf\u00e9 Bulletproof - Caf\u00e9 Santa Helena","og_description":"Caf\u00e9 Bulletproof.mLe caf\u00e9 et le ghee sont \u00e9galement appel\u00e9s Keto Coffee. Il s'agit d'une boisson \u00e9nergisante \u00e0 base de graisses de qualit\u00e9 e caf\u00e9.","og_url":"https:\/\/cafesantahelena.com\/fr\/products\/cafe-bulletproof\/","og_site_name":"Caf\u00e9 Santa Helena","article_modified_time":"2025-01-20T17:59:47+00:00","og_image":[{"width":350,"height":450,"url":"https:\/\/cafesantahelena.com\/wp-content\/uploads\/2024\/07\/Bulletproof.webp","type":"image\/webp"}],"twitter_card":"summary_large_image","twitter_misc":{"Dur\u00e9e de lecture estim\u00e9e":"3 minutes"},"schema":{"@context":"https:\/\/schema.org","@graph":[{"@type":"WebPage","@id":"https:\/\/cafesantahelena.com\/fr\/products\/cafe-bulletproof\/","url":"https:\/\/cafesantahelena.com\/fr\/products\/cafe-bulletproof\/","name":"Caf\u00e9 Bulletproof - Caf\u00e9 Santa Helena","isPartOf":{"@id":"https:\/\/cafesantahelena.com\/#website"},"primaryImageOfPage":{"@id":"https:\/\/cafesantahelena.com\/fr\/products\/cafe-bulletproof\/#primaryimage"},"image":{"@id":"https:\/\/cafesantahelena.com\/fr\/products\/cafe-bulletproof\/#primaryimage"},"thumbnailUrl":"https:\/\/cafesantahelena.com\/wp-content\/uploads\/2024\/07\/Bulletproof.webp","datePublished":"2024-07-22T15:08:57+00:00","dateModified":"2025-01-20T17:59:47+00:00","description":"Caf\u00e9 Bulletproof.mLe caf\u00e9 et le ghee sont \u00e9galement appel\u00e9s Keto Coffee. Il s'agit d'une boisson \u00e9nergisante \u00e0 base de graisses de qualit\u00e9 e caf\u00e9.","breadcrumb":{"@id":"https:\/\/cafesantahelena.com\/fr\/products\/cafe-bulletproof\/#breadcrumb"},"inLanguage":"fr-FR","potentialAction":[{"@type":"ReadAction","target":["https:\/\/cafesantahelena.com\/fr\/products\/cafe-bulletproof\/"]}]},{"@type":"ImageObject","inLanguage":"fr-FR","@id":"https:\/\/cafesantahelena.com\/fr\/products\/cafe-bulletproof\/#primaryimage","url":"https:\/\/cafesantahelena.com\/wp-content\/uploads\/2024\/07\/Bulletproof.webp","contentUrl":"https:\/\/cafesantahelena.com\/wp-content\/uploads\/2024\/07\/Bulletproof.webp","width":350,"height":450,"caption":"bulletproof"},{"@type":"BreadcrumbList","@id":"https:\/\/cafesantahelena.com\/fr\/products\/cafe-bulletproof\/#breadcrumb","itemListElement":[{"@type":"ListItem","position":1,"name":"In\u00edcio","item":"https:\/\/cafesantahelena.com\/fr\/"},{"@type":"ListItem","position":2,"name":"Produtos","item":"https:\/\/cafesantahelena.com\/loja\/"},{"@type":"ListItem","position":3,"name":"Caf\u00e9 Bulletproof"}]},{"@type":"WebSite","@id":"https:\/\/cafesantahelena.com\/#website","url":"https:\/\/cafesantahelena.com\/","name":"Caf\u00e9 Santa Helena","description":"","potentialAction":[{"@type":"SearchAction","target":{"@type":"EntryPoint","urlTemplate":"https:\/\/cafesantahelena.com\/?s={search_term_string}"},"query-input":{"@type":"PropertyValueSpecification","valueRequired":true,"valueName":"search_term_string"}}],"inLanguage":"fr-FR"}]}},"_links":{"self":[{"href":"https:\/\/cafesantahelena.com\/fr\/wp-json\/wp\/v2\/product\/14164","targetHints":{"allow":["GET"]}}],"collection":[{"href":"https:\/\/cafesantahelena.com\/fr\/wp-json\/wp\/v2\/product"}],"about":[{"href":"https:\/\/cafesantahelena.com\/fr\/wp-json\/wp\/v2\/types\/product"}],"replies":[{"embeddable":true,"href":"https:\/\/cafesantahelena.com\/fr\/wp-json\/wp\/v2\/comments?post=14164"}],"wp:featuredmedia":[{"embeddable":true,"href":"https:\/\/cafesantahelena.com\/fr\/wp-json\/wp\/v2\/media\/17132"}],"wp:attachment":[{"href":"https:\/\/cafesantahelena.com\/fr\/wp-json\/wp\/v2\/media?parent=14164"}],"wp:term":[{"taxonomy":"product_brand","embeddable":true,"href":"https:\/\/cafesantahelena.com\/fr\/wp-json\/wp\/v2\/product_brand?post=14164"},{"taxonomy":"product_cat","embeddable":true,"href":"https:\/\/cafesantahelena.com\/fr\/wp-json\/wp\/v2\/product_cat?post=14164"},{"taxonomy":"product_tag","embeddable":true,"href":"https:\/\/cafesantahelena.com\/fr\/wp-json\/wp\/v2\/product_tag?post=14164"}],"curies":[{"name":"wp","href":"https:\/\/api.w.org\/{rel}","templated":true}]}}