{"id":14186,"date":"2024-06-22T15:08:57","date_gmt":"2024-06-22T15:08:57","guid":{"rendered":"https:\/\/cafesantahelena.alivanstudio.com\/?post_type=product&#038;p=14186"},"modified":"2025-01-24T14:15:34","modified_gmt":"2025-01-24T14:15:34","slug":"the-au-cafe-vert","status":"publish","type":"product","link":"https:\/\/cafesantahelena.com\/fr\/products\/the-au-cafe-vert\/","title":{"rendered":"Th\u00e9 au Caf\u00e9 Vert"},"content":{"rendered":"<h2 style=\"text-align: left;\"><span style=\"color: #000000;\">Qu&rsquo;est-ce que le caf\u00e9 vert ?<\/span><\/h2>\n<p style=\"text-align: left;\"><img decoding=\"async\" class=\" wp-image-14182 alignleft\" src=\"https:\/\/cafesantahelena.com\/wp-content\/uploads\/2024\/06\/99FE1F14-0E97-47CC-8F91-CA9C4E84A91C-267x300-1.jpeg\" alt=\"Caf\u00e9 vert\" width=\"176\" height=\"198\" srcset=\"https:\/\/cafesantahelena.com\/wp-content\/uploads\/2024\/06\/99FE1F14-0E97-47CC-8F91-CA9C4E84A91C-267x300-1.jpeg 267w, https:\/\/cafesantahelena.com\/wp-content\/uploads\/2024\/06\/99FE1F14-0E97-47CC-8F91-CA9C4E84A91C-267x300-1-64x72.jpeg 64w\" sizes=\"(max-width: 176px) 100vw, 176px\" \/><\/p>\n<p>&nbsp;<\/p>\n<p>&nbsp;<\/p>\n<p>&nbsp;<\/p>\n<p>&nbsp;<\/p>\n<p>&nbsp;<\/p>\n<p>&nbsp;<\/p>\n<p style=\"text-align: left;\"><span style=\"font-size: 12pt; color: #000000;\">Les grains de caf\u00e9 vert ne subissent pas le processus de torr\u00e9faction. Il contient donc 3 \u00e0 5 fois plus d&rsquo;antioxydants que la version traditionnelle du caf\u00e9, ce qui le rend plus \u00ab\u00a0pur\u00a0\u00bb et tr\u00e8s b\u00e9n\u00e9fique pour notre sant\u00e9.<br \/>\nIl contient notamment de l&rsquo;acide chlorog\u00e9nique (une substance phytochimique) qui augmente le m\u00e9tabolisme. <\/span><\/p>\n<p><span style=\"font-size: 12pt; color: #000000;\">Il aide \u00e0 r\u00e9duire la graisse corporelle et contient deux fois plus de caf\u00e9ine que le caf\u00e9 torr\u00e9fi\u00e9 traditionnel.<\/span><\/p>\n<h3 style=\"text-align: left;\"><span style=\"color: #000000;\"><strong><span style=\"font-size: 14pt;\">Les avantages du caf\u00e9 vert<\/span><\/strong><\/span><\/h3>\n<p><span style=\"font-size: 12pt; color: #000000;\">Les bienfaits attribu\u00e9s au caf\u00e9 cru sont dus aux substances qu&rsquo;il contient : l&rsquo;<strong>acide chlorog\u00e9nique et la caf\u00e9ine<\/strong>. Il est ainsi possible de mettre en \u00e9vidence leurs principaux avantages : <\/span><\/p>\n<p><span style=\"font-size: 12pt; color: #000000;\"><strong>Pr\u00e9vention de l&rsquo;hypertension<\/strong>: Les grains de caf\u00e9 crus ont une concentration \u00e9lev\u00e9e en acides ph\u00e9noliques, notamment en polyph\u00e9nols, comme l&rsquo;acide chlorog\u00e9nique, qui a des effets hypotenseurs.<br \/>\n<strong style=\"font-size: 12pt;\"><br \/>\nPerte de poids :<\/strong><span style=\"font-size: 12pt;\"> Des \u00e9tudes indiquent que le caf\u00e9 aide \u00e0 la perte de poids, en agissant sur la mobilisation et la combustion des graisses, ainsi qu&rsquo;en diminuant le stockage des graisses dans les cellules.<\/span><br \/>\n<\/span><\/p>\n<p><span style=\"font-size: 12pt; color: #000000;\"><strong>Alli\u00e9 de l&rsquo;activit\u00e9 physique :<\/strong> Parce qu&rsquo;il contient de bonnes doses de caf\u00e9ine, le caf\u00e9 en grains cru peut \u00eatre un bon alli\u00e9 pour ceux qui pratiquent une activit\u00e9 physique, avec un excellent effet thermog\u00e9nique.<\/span><\/p>\n<p><span style=\"font-size: 12pt; color: #000000;\"><strong>Stabilisation de la glyc\u00e9mie :<\/strong> Des recherches r\u00e9centes montrent \u00e9galement que ce type de caf\u00e9 contribue \u00e0 stabiliser les niveaux de sucre dans le sang, d\u00e9montrant une r\u00e9duction de 32% des niveaux de sucre dans le sang apr\u00e8s un repas en utilisant 400 mg d&rsquo;extrait de caf\u00e9 vert sur une consommation quotidienne.<\/span><\/p>\n<p><span style=\"font-size: 12pt; color: #000000;\"><strong>Pr\u00e9vention des maladies :<\/strong> Les acides chlorog\u00e9niques, pr\u00e9sents dans le caf\u00e9, pr\u00e9sentent des propri\u00e9t\u00e9s anti-inflammatoires, anticanc\u00e9reuses, antimutag\u00e8nes et antioxydantes. Ainsi, le produit peut agir pour pr\u00e9venir diff\u00e9rents types de maladies. <\/span><\/p>\n<p>&nbsp;<\/p>\n<p style=\"text-align: left;\"><span style=\"font-size: 14pt; color: #000000;\"><strong>Comment consommer le caf\u00e9 cru sous forme de th\u00e9 ?<\/strong><\/span><\/p>\n<p>&nbsp;<\/p>\n<p style=\"text-align: center;\"><img decoding=\"async\" class=\" wp-image-14177 alignleft\" src=\"https:\/\/cafesantahelena.com\/wp-content\/uploads\/2024\/06\/01050EF5-8528-491D-979D-8D7AD3DC7CE7-210x300-1.jpeg\" alt=\"th\u00e9 au caf\u00e9 vert\" width=\"124\" height=\"177\" srcset=\"https:\/\/cafesantahelena.com\/wp-content\/uploads\/2024\/06\/01050EF5-8528-491D-979D-8D7AD3DC7CE7-210x300-1.jpeg 210w, https:\/\/cafesantahelena.com\/wp-content\/uploads\/2024\/06\/01050EF5-8528-491D-979D-8D7AD3DC7CE7-210x300-1-64x91.jpeg 64w\" sizes=\"(max-width: 124px) 100vw, 124px\" \/><\/p>\n<p>&nbsp;<\/p>\n<p>&nbsp;<\/p>\n<p>&nbsp;<\/p>\n<p>&nbsp;<\/p>\n<p>&nbsp;<\/p>\n<p><span style=\"color: #000000;\"><strong><span style=\"font-size: 14pt;\">Caf\u00e9 Vert Brut Moulu<\/span><\/strong><\/span><\/p>\n<ul>\n<li><span style=\"color: #000000;\">Portez 300 ml d&rsquo;eau \u00e0 \u00e9bullition.<\/span><\/li>\n<li><span style=\"color: #000000;\">Ajoutez 15 g de caf\u00e9 vert moulu dans une presse fran\u00e7aise ou similaire.<\/span><\/li>\n<li><span style=\"color: #000000;\">Versez l&rsquo;eau bouillante et laissez reposer pendant 5 minutes.<\/span><\/li>\n<li><span style=\"color: #000000;\">Placez-les dans une tasse et d\u00e9gustez-les !<\/span><\/li>\n<\/ul>\n<p><span style=\"font-size: 12pt; color: #000000;\">Pour varier les plaisirs, vous pouvez ajouter quelques feuilles de menthe ou un peu de gingembre lors de votre infusion. <\/span><\/p>\n<p><span style=\"font-size: 12pt; color: #000000;\">Si vous aimez un peu de douceur, vous pouvez ajouter une cuill\u00e8re de miel. A savourer! <\/span><\/p>\n<p><span style=\"font-size: 12pt; color: #000000;\">Cette recette vous a plu ? Alors, n&rsquo;h\u00e9sitez pas. Essayez ce th\u00e9 puissant!   <\/span><\/p>\n<p style=\"text-align: center;\"><a href=\"?add-to-cart=14186\"><span style=\"color: #800000;\"><em><span style=\"font-size: 24pt;\"><strong> Ajouter au panier !<\/strong><\/span><\/em><\/span><\/a><\/p>\n<p style=\"text-align: center;\"><img decoding=\"async\" class=\"alignnone wp-image-15375\" src=\"https:\/\/cafesantahelena.com\/wp-content\/uploads\/2024\/11\/logo-1.png\" alt=\"\" width=\"170\" height=\"170\" srcset=\"https:\/\/cafesantahelena.com\/wp-content\/uploads\/2024\/11\/logo-1.png 300w, https:\/\/cafesantahelena.com\/wp-content\/uploads\/2024\/11\/logo-1-100x100.png 100w, https:\/\/cafesantahelena.com\/wp-content\/uploads\/2024\/11\/logo-1-64x64.png 64w, https:\/\/cafesantahelena.com\/wp-content\/uploads\/2024\/11\/logo-1-150x150.png 150w\" sizes=\"(max-width: 170px) 100vw, 170px\" \/><\/p>\n<p>&nbsp;<\/p>\n","protected":false},"excerpt":{"rendered":"<p><span style=\"font-size: 12pt;\">IVA incl. <\/span><\/p>\n<p><span style=\"font-size: 12pt;\">frais de livraison \u00e0 la caisse<\/span><\/p>\n<p><span style=\"font-size: 12pt;\">Caf\u00e9 vert moulu pour infusion<\/span><\/p>\n<p><span style=\"font-size: 12pt;\">Caf\u00e9 de sp\u00e9cialit\u00e9-<\/span><span style=\"font-size: 12pt;\">100% Arabica <\/span> <\/p>\n<p><span style=\"font-size: 12pt;\">Biologique et Fairtrade de la Fazenda Santa Helena au Bresil<\/span><\/p>\n<p><span style=\"font-size: 12pt;\">Le th\u00e9 au caf\u00e9 vert est un puissant antioxydant avec une teneur \u00e9lev\u00e9e en caf\u00e9ine et en acide chlorog\u00e9nique. Il est id\u00e9al avant une s\u00e9ance d&rsquo;entra\u00eenement. <\/span>. <span style=\"font-size: 12pt;\">Perte de poids !<\/span><\/p>\n<p><span style=\"font-size: 12pt;\">Emballage 250g<\/span><\/p>\n","protected":false},"featured_media":17122,"comment_status":"closed","ping_status":"closed","template":"","meta":[],"product_brand":[],"product_cat":[172],"product_tag":[309,340],"class_list":{"0":"post-14186","1":"product","2":"type-product","3":"status-publish","4":"has-post-thumbnail","6":"product_cat-the","7":"product_tag-cafe-vert-fr","8":"product_tag-the-fr","10":"first","11":"outofstock","12":"featured","13":"shipping-taxable","14":"purchasable","15":"product-type-simple"},"yoast_head":"<!-- This site is optimized with the Yoast SEO plugin v26.4 - https:\/\/yoast.com\/wordpress\/plugins\/seo\/ -->\n<title>Th\u00e9 au caf\u00e9 vert<\/title>\n<meta name=\"description\" content=\"Le th\u00e9 vert ne subit pas de processus de torr\u00e9faction. Il est brut et utilis\u00e9 pour les infusions. Caf\u00e9 de sp\u00e9cialit\u00e9 100% Bio Arabica, origine unique du Br\u00e9sil.\" \/>\n<meta name=\"robots\" content=\"index, follow, max-snippet:-1, max-image-preview:large, max-video-preview:-1\" \/>\n<link rel=\"canonical\" href=\"https:\/\/cafesantahelena.com\/fr\/products\/the-au-cafe-vert\/\" \/>\n<meta property=\"og:locale\" content=\"fr_FR\" \/>\n<meta property=\"og:type\" content=\"article\" \/>\n<meta property=\"og:title\" content=\"Th\u00e9 au caf\u00e9 vert\" \/>\n<meta property=\"og:description\" content=\"Le th\u00e9 vert ne subit pas de processus de torr\u00e9faction. Il est brut et utilis\u00e9 pour les infusions. Caf\u00e9 de sp\u00e9cialit\u00e9 100% Bio Arabica, origine unique du Br\u00e9sil.\" \/>\n<meta property=\"og:url\" content=\"https:\/\/cafesantahelena.com\/fr\/products\/the-au-cafe-vert\/\" \/>\n<meta property=\"og:site_name\" content=\"Caf\u00e9 Santa Helena\" \/>\n<meta property=\"article:modified_time\" content=\"2025-01-24T14:15:34+00:00\" \/>\n<meta property=\"og:image\" content=\"https:\/\/cafesantahelena.com\/wp-content\/uploads\/2024\/07\/Green-coffee-tea.webp\" \/>\n\t<meta property=\"og:image:width\" content=\"350\" \/>\n\t<meta property=\"og:image:height\" content=\"450\" \/>\n\t<meta property=\"og:image:type\" content=\"image\/webp\" \/>\n<meta name=\"twitter:card\" content=\"summary_large_image\" \/>\n<meta name=\"twitter:label1\" content=\"Dur\u00e9e de lecture estim\u00e9e\" \/>\n\t<meta name=\"twitter:data1\" content=\"3 minutes\" \/>\n<script type=\"application\/ld+json\" class=\"yoast-schema-graph\">{\"@context\":\"https:\/\/schema.org\",\"@graph\":[{\"@type\":\"WebPage\",\"@id\":\"https:\/\/cafesantahelena.com\/fr\/products\/the-au-cafe-vert\/\",\"url\":\"https:\/\/cafesantahelena.com\/fr\/products\/the-au-cafe-vert\/\",\"name\":\"Th\u00e9 au caf\u00e9 vert\",\"isPartOf\":{\"@id\":\"https:\/\/cafesantahelena.com\/#website\"},\"primaryImageOfPage\":{\"@id\":\"https:\/\/cafesantahelena.com\/fr\/products\/the-au-cafe-vert\/#primaryimage\"},\"image\":{\"@id\":\"https:\/\/cafesantahelena.com\/fr\/products\/the-au-cafe-vert\/#primaryimage\"},\"thumbnailUrl\":\"https:\/\/cafesantahelena.com\/wp-content\/uploads\/2024\/07\/Green-coffee-tea.webp\",\"datePublished\":\"2024-06-22T15:08:57+00:00\",\"dateModified\":\"2025-01-24T14:15:34+00:00\",\"description\":\"Le th\u00e9 vert ne subit pas de processus de torr\u00e9faction. Il est brut et utilis\u00e9 pour les infusions. Caf\u00e9 de sp\u00e9cialit\u00e9 100% Bio Arabica, origine unique du Br\u00e9sil.\",\"breadcrumb\":{\"@id\":\"https:\/\/cafesantahelena.com\/fr\/products\/the-au-cafe-vert\/#breadcrumb\"},\"inLanguage\":\"fr-FR\",\"potentialAction\":[{\"@type\":\"ReadAction\",\"target\":[\"https:\/\/cafesantahelena.com\/fr\/products\/the-au-cafe-vert\/\"]}]},{\"@type\":\"ImageObject\",\"inLanguage\":\"fr-FR\",\"@id\":\"https:\/\/cafesantahelena.com\/fr\/products\/the-au-cafe-vert\/#primaryimage\",\"url\":\"https:\/\/cafesantahelena.com\/wp-content\/uploads\/2024\/07\/Green-coffee-tea.webp\",\"contentUrl\":\"https:\/\/cafesantahelena.com\/wp-content\/uploads\/2024\/07\/Green-coffee-tea.webp\",\"width\":350,\"height\":450,\"caption\":\"th\u00e9 au caf\u00e9 vert\"},{\"@type\":\"BreadcrumbList\",\"@id\":\"https:\/\/cafesantahelena.com\/fr\/products\/the-au-cafe-vert\/#breadcrumb\",\"itemListElement\":[{\"@type\":\"ListItem\",\"position\":1,\"name\":\"In\u00edcio\",\"item\":\"https:\/\/cafesantahelena.com\/fr\/\"},{\"@type\":\"ListItem\",\"position\":2,\"name\":\"Produtos\",\"item\":\"https:\/\/cafesantahelena.com\/loja\/\"},{\"@type\":\"ListItem\",\"position\":3,\"name\":\"Th\u00e9 au Caf\u00e9 Vert\"}]},{\"@type\":\"WebSite\",\"@id\":\"https:\/\/cafesantahelena.com\/#website\",\"url\":\"https:\/\/cafesantahelena.com\/\",\"name\":\"Caf\u00e9 Santa Helena\",\"description\":\"\",\"potentialAction\":[{\"@type\":\"SearchAction\",\"target\":{\"@type\":\"EntryPoint\",\"urlTemplate\":\"https:\/\/cafesantahelena.com\/?s={search_term_string}\"},\"query-input\":{\"@type\":\"PropertyValueSpecification\",\"valueRequired\":true,\"valueName\":\"search_term_string\"}}],\"inLanguage\":\"fr-FR\"}]}<\/script>\n<!-- \/ Yoast SEO plugin. -->","yoast_head_json":{"title":"Th\u00e9 au caf\u00e9 vert","description":"Le th\u00e9 vert ne subit pas de processus de torr\u00e9faction. Il est brut et utilis\u00e9 pour les infusions. Caf\u00e9 de sp\u00e9cialit\u00e9 100% Bio Arabica, origine unique du Br\u00e9sil.","robots":{"index":"index","follow":"follow","max-snippet":"max-snippet:-1","max-image-preview":"max-image-preview:large","max-video-preview":"max-video-preview:-1"},"canonical":"https:\/\/cafesantahelena.com\/fr\/products\/the-au-cafe-vert\/","og_locale":"fr_FR","og_type":"article","og_title":"Th\u00e9 au caf\u00e9 vert","og_description":"Le th\u00e9 vert ne subit pas de processus de torr\u00e9faction. Il est brut et utilis\u00e9 pour les infusions. Caf\u00e9 de sp\u00e9cialit\u00e9 100% Bio Arabica, origine unique du Br\u00e9sil.","og_url":"https:\/\/cafesantahelena.com\/fr\/products\/the-au-cafe-vert\/","og_site_name":"Caf\u00e9 Santa Helena","article_modified_time":"2025-01-24T14:15:34+00:00","og_image":[{"width":350,"height":450,"url":"https:\/\/cafesantahelena.com\/wp-content\/uploads\/2024\/07\/Green-coffee-tea.webp","type":"image\/webp"}],"twitter_card":"summary_large_image","twitter_misc":{"Dur\u00e9e de lecture estim\u00e9e":"3 minutes"},"schema":{"@context":"https:\/\/schema.org","@graph":[{"@type":"WebPage","@id":"https:\/\/cafesantahelena.com\/fr\/products\/the-au-cafe-vert\/","url":"https:\/\/cafesantahelena.com\/fr\/products\/the-au-cafe-vert\/","name":"Th\u00e9 au caf\u00e9 vert","isPartOf":{"@id":"https:\/\/cafesantahelena.com\/#website"},"primaryImageOfPage":{"@id":"https:\/\/cafesantahelena.com\/fr\/products\/the-au-cafe-vert\/#primaryimage"},"image":{"@id":"https:\/\/cafesantahelena.com\/fr\/products\/the-au-cafe-vert\/#primaryimage"},"thumbnailUrl":"https:\/\/cafesantahelena.com\/wp-content\/uploads\/2024\/07\/Green-coffee-tea.webp","datePublished":"2024-06-22T15:08:57+00:00","dateModified":"2025-01-24T14:15:34+00:00","description":"Le th\u00e9 vert ne subit pas de processus de torr\u00e9faction. Il est brut et utilis\u00e9 pour les infusions. Caf\u00e9 de sp\u00e9cialit\u00e9 100% Bio Arabica, origine unique du Br\u00e9sil.","breadcrumb":{"@id":"https:\/\/cafesantahelena.com\/fr\/products\/the-au-cafe-vert\/#breadcrumb"},"inLanguage":"fr-FR","potentialAction":[{"@type":"ReadAction","target":["https:\/\/cafesantahelena.com\/fr\/products\/the-au-cafe-vert\/"]}]},{"@type":"ImageObject","inLanguage":"fr-FR","@id":"https:\/\/cafesantahelena.com\/fr\/products\/the-au-cafe-vert\/#primaryimage","url":"https:\/\/cafesantahelena.com\/wp-content\/uploads\/2024\/07\/Green-coffee-tea.webp","contentUrl":"https:\/\/cafesantahelena.com\/wp-content\/uploads\/2024\/07\/Green-coffee-tea.webp","width":350,"height":450,"caption":"th\u00e9 au caf\u00e9 vert"},{"@type":"BreadcrumbList","@id":"https:\/\/cafesantahelena.com\/fr\/products\/the-au-cafe-vert\/#breadcrumb","itemListElement":[{"@type":"ListItem","position":1,"name":"In\u00edcio","item":"https:\/\/cafesantahelena.com\/fr\/"},{"@type":"ListItem","position":2,"name":"Produtos","item":"https:\/\/cafesantahelena.com\/loja\/"},{"@type":"ListItem","position":3,"name":"Th\u00e9 au Caf\u00e9 Vert"}]},{"@type":"WebSite","@id":"https:\/\/cafesantahelena.com\/#website","url":"https:\/\/cafesantahelena.com\/","name":"Caf\u00e9 Santa Helena","description":"","potentialAction":[{"@type":"SearchAction","target":{"@type":"EntryPoint","urlTemplate":"https:\/\/cafesantahelena.com\/?s={search_term_string}"},"query-input":{"@type":"PropertyValueSpecification","valueRequired":true,"valueName":"search_term_string"}}],"inLanguage":"fr-FR"}]}},"_links":{"self":[{"href":"https:\/\/cafesantahelena.com\/fr\/wp-json\/wp\/v2\/product\/14186","targetHints":{"allow":["GET"]}}],"collection":[{"href":"https:\/\/cafesantahelena.com\/fr\/wp-json\/wp\/v2\/product"}],"about":[{"href":"https:\/\/cafesantahelena.com\/fr\/wp-json\/wp\/v2\/types\/product"}],"replies":[{"embeddable":true,"href":"https:\/\/cafesantahelena.com\/fr\/wp-json\/wp\/v2\/comments?post=14186"}],"wp:featuredmedia":[{"embeddable":true,"href":"https:\/\/cafesantahelena.com\/fr\/wp-json\/wp\/v2\/media\/17122"}],"wp:attachment":[{"href":"https:\/\/cafesantahelena.com\/fr\/wp-json\/wp\/v2\/media?parent=14186"}],"wp:term":[{"taxonomy":"product_brand","embeddable":true,"href":"https:\/\/cafesantahelena.com\/fr\/wp-json\/wp\/v2\/product_brand?post=14186"},{"taxonomy":"product_cat","embeddable":true,"href":"https:\/\/cafesantahelena.com\/fr\/wp-json\/wp\/v2\/product_cat?post=14186"},{"taxonomy":"product_tag","embeddable":true,"href":"https:\/\/cafesantahelena.com\/fr\/wp-json\/wp\/v2\/product_tag?post=14186"}],"curies":[{"name":"wp","href":"https:\/\/api.w.org\/{rel}","templated":true}]}}