{"id":14404,"date":"2024-10-01T16:47:38","date_gmt":"2024-10-01T16:47:38","guid":{"rendered":"https:\/\/cafesantahelena.alivanstudio.com\/?post_type=product&#038;p=14404"},"modified":"2025-01-01T23:36:00","modified_gmt":"2025-01-01T23:36:00","slug":"cafe-cadeau-en-capsules","status":"publish","type":"product","link":"https:\/\/cafesantahelena.com\/fr\/products\/cafe-cadeau-en-capsules\/","title":{"rendered":"Sac et capsules de caf\u00e9"},"content":{"rendered":"<p><strong>Kit Caf\u00e9 en Capsules<\/strong><\/p>\n<p>Il s&rsquo;agit d&rsquo;un kit sp\u00e9cial pour les amateurs de un bon caf\u00e9 de qualit\u00e9 en capsules<\/p>\n<p><span style=\"font-weight: 400;\">Capsules de caf\u00e9 100% Arabica, <\/span><span style=\"font-weight: 400;\">Caf\u00e9 de sp\u00e9cialit\u00e9\u00a0<\/span><\/p>\n<p><span style=\"font-weight: 400;\">1 bo\u00eete de capsules pour l&rsquo;espresso<\/span><\/p>\n<p>1 bo\u00eete de capsules pour lungo<\/p>\n<p>Capsules compostables \u00e0 la maison et biod\u00e9gradables<\/p>\n<p><span style=\"font-weight: 400;\">Compatible avec les machines du syst\u00e8me Nespresso<\/span><\/p>\n<p>1 Sac de Juta Caf\u00e9 Santa Helena<\/p>\n<p style=\"text-align: center;\"><a href=\"?add-to-cart=14404\"><span style=\"color: #800000;\"><strong>Ajouter au Panier<\/strong><\/span><\/a><\/p>\n<p><img decoding=\"async\" class=\" wp-image-14057 aligncenter\" src=\"https:\/\/cafesantahelena.com\/wp-content\/uploads\/2024\/07\/F16BA1DC-4552-44E6-9CAF-7827F4298B30-300x300-1.png\" alt=\"\" width=\"171\" height=\"171\" srcset=\"https:\/\/cafesantahelena.com\/wp-content\/uploads\/2024\/07\/F16BA1DC-4552-44E6-9CAF-7827F4298B30-300x300-1.png 300w, https:\/\/cafesantahelena.com\/wp-content\/uploads\/2024\/07\/F16BA1DC-4552-44E6-9CAF-7827F4298B30-300x300-1-100x100.png 100w, https:\/\/cafesantahelena.com\/wp-content\/uploads\/2024\/07\/F16BA1DC-4552-44E6-9CAF-7827F4298B30-300x300-1-64x64.png 64w, https:\/\/cafesantahelena.com\/wp-content\/uploads\/2024\/07\/F16BA1DC-4552-44E6-9CAF-7827F4298B30-300x300-1-150x150.png 150w\" sizes=\"(max-width: 171px) 100vw, 171px\" \/><\/p>\n","protected":false},"excerpt":{"rendered":"<p><span style=\"font-weight: 400;\">IVA incl.<\/span><\/p>\n<p><span style=\"font-weight: 400;\">Frais de livraison \u00e0 la casse<\/span><\/p>\n<p>Ce kit est compos\u00e9 de:<\/p>\n<p><span style=\"font-weight: 400;\">1 bo\u00eete de Caf\u00e9 Espresso<\/span><\/p>\n<p><span style=\"font-weight: 400;\">1 bo\u00eete de caf\u00e9 Lungo<\/span><\/p>\n<p><span style=\"font-weight: 400;\">1 Sac en jute Caf\u00e9 Santa Helena<\/span><\/p>\n","protected":false},"featured_media":14423,"comment_status":"open","ping_status":"closed","template":"","meta":[],"product_brand":[],"product_cat":[175],"product_tag":[208,336],"class_list":{"0":"post-14404","1":"product","2":"type-product","3":"status-publish","4":"has-post-thumbnail","6":"product_cat-kits-fr","7":"product_tag-capsules-fr","8":"product_tag-kits-fr","10":"first","11":"instock","12":"featured","13":"shipping-taxable","14":"purchasable","15":"product-type-simple"},"yoast_head":"<!-- This site is optimized with the Yoast SEO plugin v26.4 - https:\/\/yoast.com\/wordpress\/plugins\/seo\/ -->\n<title>Caf\u00e9 Cadeau en Capsules et Sac - Caf\u00e9 Santa Helena<\/title>\n<meta name=\"description\" content=\"Caf\u00e9 Cadeau en Capsules et Sac c&#039;est un bel cadeau pour les amateurs de caf\u00e9 en capsules.\" \/>\n<meta name=\"robots\" content=\"index, follow, max-snippet:-1, max-image-preview:large, max-video-preview:-1\" \/>\n<link rel=\"canonical\" href=\"https:\/\/cafesantahelena.com\/fr\/products\/cafe-cadeau-en-capsules\/\" \/>\n<meta property=\"og:locale\" content=\"fr_FR\" \/>\n<meta property=\"og:type\" content=\"article\" \/>\n<meta property=\"og:title\" content=\"Caf\u00e9 Cadeau en Capsules et Sac - Caf\u00e9 Santa Helena\" \/>\n<meta property=\"og:description\" content=\"Caf\u00e9 Cadeau en Capsules et Sac c&#039;est un bel cadeau pour les amateurs de caf\u00e9 en capsules.\" \/>\n<meta property=\"og:url\" content=\"https:\/\/cafesantahelena.com\/fr\/products\/cafe-cadeau-en-capsules\/\" \/>\n<meta property=\"og:site_name\" content=\"Caf\u00e9 Santa Helena\" \/>\n<meta property=\"article:modified_time\" content=\"2025-01-01T23:36:00+00:00\" \/>\n<meta property=\"og:image\" content=\"https:\/\/cafesantahelena.com\/wp-content\/uploads\/2024\/10\/Kit-Capsules-and-Bagjpg-e1727812994952.jpg\" \/>\n\t<meta property=\"og:image:width\" content=\"300\" \/>\n\t<meta property=\"og:image:height\" content=\"225\" \/>\n\t<meta property=\"og:image:type\" content=\"image\/jpeg\" \/>\n<meta name=\"twitter:card\" content=\"summary_large_image\" \/>\n<meta name=\"twitter:label1\" content=\"Dur\u00e9e de lecture estim\u00e9e\" \/>\n\t<meta name=\"twitter:data1\" content=\"1 minute\" \/>\n<script type=\"application\/ld+json\" class=\"yoast-schema-graph\">{\"@context\":\"https:\/\/schema.org\",\"@graph\":[{\"@type\":\"WebPage\",\"@id\":\"https:\/\/cafesantahelena.com\/fr\/products\/cafe-cadeau-en-capsules\/\",\"url\":\"https:\/\/cafesantahelena.com\/fr\/products\/cafe-cadeau-en-capsules\/\",\"name\":\"Caf\u00e9 Cadeau en Capsules et Sac - Caf\u00e9 Santa Helena\",\"isPartOf\":{\"@id\":\"https:\/\/cafesantahelena.com\/#website\"},\"primaryImageOfPage\":{\"@id\":\"https:\/\/cafesantahelena.com\/fr\/products\/cafe-cadeau-en-capsules\/#primaryimage\"},\"image\":{\"@id\":\"https:\/\/cafesantahelena.com\/fr\/products\/cafe-cadeau-en-capsules\/#primaryimage\"},\"thumbnailUrl\":\"https:\/\/cafesantahelena.com\/wp-content\/uploads\/2024\/10\/Kit-Capsules-and-Bagjpg-e1727812994952.jpg\",\"datePublished\":\"2024-10-01T16:47:38+00:00\",\"dateModified\":\"2025-01-01T23:36:00+00:00\",\"description\":\"Caf\u00e9 Cadeau en Capsules et Sac c'est un bel cadeau pour les amateurs de caf\u00e9 en capsules.\",\"breadcrumb\":{\"@id\":\"https:\/\/cafesantahelena.com\/fr\/products\/cafe-cadeau-en-capsules\/#breadcrumb\"},\"inLanguage\":\"fr-FR\",\"potentialAction\":[{\"@type\":\"ReadAction\",\"target\":[\"https:\/\/cafesantahelena.com\/fr\/products\/cafe-cadeau-en-capsules\/\"]}]},{\"@type\":\"ImageObject\",\"inLanguage\":\"fr-FR\",\"@id\":\"https:\/\/cafesantahelena.com\/fr\/products\/cafe-cadeau-en-capsules\/#primaryimage\",\"url\":\"https:\/\/cafesantahelena.com\/wp-content\/uploads\/2024\/10\/Kit-Capsules-and-Bagjpg-e1727812994952.jpg\",\"contentUrl\":\"https:\/\/cafesantahelena.com\/wp-content\/uploads\/2024\/10\/Kit-Capsules-and-Bagjpg-e1727812994952.jpg\",\"width\":300,\"height\":225,\"caption\":\"kit caff\u00e8 in capsule\"},{\"@type\":\"BreadcrumbList\",\"@id\":\"https:\/\/cafesantahelena.com\/fr\/products\/cafe-cadeau-en-capsules\/#breadcrumb\",\"itemListElement\":[{\"@type\":\"ListItem\",\"position\":1,\"name\":\"In\u00edcio\",\"item\":\"https:\/\/cafesantahelena.com\/fr\/\"},{\"@type\":\"ListItem\",\"position\":2,\"name\":\"Produtos\",\"item\":\"https:\/\/cafesantahelena.com\/loja\/\"},{\"@type\":\"ListItem\",\"position\":3,\"name\":\"Sac et capsules de caf\u00e9\"}]},{\"@type\":\"WebSite\",\"@id\":\"https:\/\/cafesantahelena.com\/#website\",\"url\":\"https:\/\/cafesantahelena.com\/\",\"name\":\"Caf\u00e9 Santa Helena\",\"description\":\"\",\"potentialAction\":[{\"@type\":\"SearchAction\",\"target\":{\"@type\":\"EntryPoint\",\"urlTemplate\":\"https:\/\/cafesantahelena.com\/?s={search_term_string}\"},\"query-input\":{\"@type\":\"PropertyValueSpecification\",\"valueRequired\":true,\"valueName\":\"search_term_string\"}}],\"inLanguage\":\"fr-FR\"}]}<\/script>\n<!-- \/ Yoast SEO plugin. -->","yoast_head_json":{"title":"Caf\u00e9 Cadeau en Capsules et Sac - Caf\u00e9 Santa Helena","description":"Caf\u00e9 Cadeau en Capsules et Sac c'est un bel cadeau pour les amateurs de caf\u00e9 en capsules.","robots":{"index":"index","follow":"follow","max-snippet":"max-snippet:-1","max-image-preview":"max-image-preview:large","max-video-preview":"max-video-preview:-1"},"canonical":"https:\/\/cafesantahelena.com\/fr\/products\/cafe-cadeau-en-capsules\/","og_locale":"fr_FR","og_type":"article","og_title":"Caf\u00e9 Cadeau en Capsules et Sac - Caf\u00e9 Santa Helena","og_description":"Caf\u00e9 Cadeau en Capsules et Sac c'est un bel cadeau pour les amateurs de caf\u00e9 en capsules.","og_url":"https:\/\/cafesantahelena.com\/fr\/products\/cafe-cadeau-en-capsules\/","og_site_name":"Caf\u00e9 Santa Helena","article_modified_time":"2025-01-01T23:36:00+00:00","og_image":[{"width":300,"height":225,"url":"https:\/\/cafesantahelena.com\/wp-content\/uploads\/2024\/10\/Kit-Capsules-and-Bagjpg-e1727812994952.jpg","type":"image\/jpeg"}],"twitter_card":"summary_large_image","twitter_misc":{"Dur\u00e9e de lecture estim\u00e9e":"1 minute"},"schema":{"@context":"https:\/\/schema.org","@graph":[{"@type":"WebPage","@id":"https:\/\/cafesantahelena.com\/fr\/products\/cafe-cadeau-en-capsules\/","url":"https:\/\/cafesantahelena.com\/fr\/products\/cafe-cadeau-en-capsules\/","name":"Caf\u00e9 Cadeau en Capsules et Sac - Caf\u00e9 Santa Helena","isPartOf":{"@id":"https:\/\/cafesantahelena.com\/#website"},"primaryImageOfPage":{"@id":"https:\/\/cafesantahelena.com\/fr\/products\/cafe-cadeau-en-capsules\/#primaryimage"},"image":{"@id":"https:\/\/cafesantahelena.com\/fr\/products\/cafe-cadeau-en-capsules\/#primaryimage"},"thumbnailUrl":"https:\/\/cafesantahelena.com\/wp-content\/uploads\/2024\/10\/Kit-Capsules-and-Bagjpg-e1727812994952.jpg","datePublished":"2024-10-01T16:47:38+00:00","dateModified":"2025-01-01T23:36:00+00:00","description":"Caf\u00e9 Cadeau en Capsules et Sac c'est un bel cadeau pour les amateurs de caf\u00e9 en capsules.","breadcrumb":{"@id":"https:\/\/cafesantahelena.com\/fr\/products\/cafe-cadeau-en-capsules\/#breadcrumb"},"inLanguage":"fr-FR","potentialAction":[{"@type":"ReadAction","target":["https:\/\/cafesantahelena.com\/fr\/products\/cafe-cadeau-en-capsules\/"]}]},{"@type":"ImageObject","inLanguage":"fr-FR","@id":"https:\/\/cafesantahelena.com\/fr\/products\/cafe-cadeau-en-capsules\/#primaryimage","url":"https:\/\/cafesantahelena.com\/wp-content\/uploads\/2024\/10\/Kit-Capsules-and-Bagjpg-e1727812994952.jpg","contentUrl":"https:\/\/cafesantahelena.com\/wp-content\/uploads\/2024\/10\/Kit-Capsules-and-Bagjpg-e1727812994952.jpg","width":300,"height":225,"caption":"kit caff\u00e8 in capsule"},{"@type":"BreadcrumbList","@id":"https:\/\/cafesantahelena.com\/fr\/products\/cafe-cadeau-en-capsules\/#breadcrumb","itemListElement":[{"@type":"ListItem","position":1,"name":"In\u00edcio","item":"https:\/\/cafesantahelena.com\/fr\/"},{"@type":"ListItem","position":2,"name":"Produtos","item":"https:\/\/cafesantahelena.com\/loja\/"},{"@type":"ListItem","position":3,"name":"Sac et capsules de caf\u00e9"}]},{"@type":"WebSite","@id":"https:\/\/cafesantahelena.com\/#website","url":"https:\/\/cafesantahelena.com\/","name":"Caf\u00e9 Santa Helena","description":"","potentialAction":[{"@type":"SearchAction","target":{"@type":"EntryPoint","urlTemplate":"https:\/\/cafesantahelena.com\/?s={search_term_string}"},"query-input":{"@type":"PropertyValueSpecification","valueRequired":true,"valueName":"search_term_string"}}],"inLanguage":"fr-FR"}]}},"_links":{"self":[{"href":"https:\/\/cafesantahelena.com\/fr\/wp-json\/wp\/v2\/product\/14404","targetHints":{"allow":["GET"]}}],"collection":[{"href":"https:\/\/cafesantahelena.com\/fr\/wp-json\/wp\/v2\/product"}],"about":[{"href":"https:\/\/cafesantahelena.com\/fr\/wp-json\/wp\/v2\/types\/product"}],"replies":[{"embeddable":true,"href":"https:\/\/cafesantahelena.com\/fr\/wp-json\/wp\/v2\/comments?post=14404"}],"wp:featuredmedia":[{"embeddable":true,"href":"https:\/\/cafesantahelena.com\/fr\/wp-json\/wp\/v2\/media\/14423"}],"wp:attachment":[{"href":"https:\/\/cafesantahelena.com\/fr\/wp-json\/wp\/v2\/media?parent=14404"}],"wp:term":[{"taxonomy":"product_brand","embeddable":true,"href":"https:\/\/cafesantahelena.com\/fr\/wp-json\/wp\/v2\/product_brand?post=14404"},{"taxonomy":"product_cat","embeddable":true,"href":"https:\/\/cafesantahelena.com\/fr\/wp-json\/wp\/v2\/product_cat?post=14404"},{"taxonomy":"product_tag","embeddable":true,"href":"https:\/\/cafesantahelena.com\/fr\/wp-json\/wp\/v2\/product_tag?post=14404"}],"curies":[{"name":"wp","href":"https:\/\/api.w.org\/{rel}","templated":true}]}}