{"id":14658,"date":"2024-10-22T14:43:14","date_gmt":"2024-10-22T14:43:14","guid":{"rendered":"https:\/\/cafesantahelena.alivanstudio.com\/?post_type=product&#038;p=14658"},"modified":"2025-01-24T21:09:03","modified_gmt":"2025-01-24T21:09:03","slug":"poudre-de-cacao-bio","status":"publish","type":"product","link":"https:\/\/cafesantahelena.com\/fr\/products\/poudre-de-cacao-bio\/","title":{"rendered":"Chocolat en poudre Bio"},"content":{"rendered":"<h2><strong>Chocolat en poudre Bio<\/strong><\/h2>\n<p>La poudre de cacao est fabriqu\u00e9e \u00e0 partir des f\u00e8ves de cacao, qui proviennent de la plante <em>Theobroma cacao L.<\/em> Les f\u00e8ves de cacao sont l&rsquo;ingr\u00e9dient principal du chocolat, mais elles peuvent \u00e9galement \u00eatre moulues en poudre de cacao. La poudre offre de nombreux avantages potentiels pour la sant\u00e9, en particulier si votre poudre est compos\u00e9e d&rsquo;au moins 100 % de cacao.  <\/p>\n<h4 id=\"1-2\" class=\"jumplink-headers\"><strong>La nutrition<\/strong><\/h4>\n<p>La poudre de cacao regorge de nutriments, notamment de min\u00e9raux tels que le fer, le zinc, le s\u00e9l\u00e9nium et le magn\u00e9sium.<\/p>\n<p><strong>Nutriments par portion<\/strong><\/p>\n<p>Un quart de tasse de cacao en poudre non sucr\u00e9 contient :<\/p>\n<ul>\n<li>Calories : 49<\/li>\n<li>Glucides : 12 grammes<\/li>\n<li>Fibres : 7 grammes<\/li>\n<li>Prot\u00e9ines : 4 grammes<\/li>\n<li>Mati\u00e8res grasses : 3 grammes<\/li>\n<\/ul>\n<p><strong><br \/>\nIngr\u00e9dients :<\/strong><\/p>\n<p>Poudre de cacao pur 150g. Provenant d&rsquo;une ferme biologique au Br\u00e9sil. <\/p>\n<p style=\"text-align: center;\"><span style=\"color: #800000;\"><a style=\"color: #800000;\" href=\"?add-to-cart=14657\"><span style=\"font-size: 18pt;\"><em><strong>Ajouter au panier<\/strong><\/em><\/span><\/a><\/span><\/p>\n<p><img decoding=\"async\" class=\" wp-image-14056 aligncenter\" src=\"https:\/\/cafesantahelena.com\/wp-content\/uploads\/2024\/07\/F16BA1DC-4552-44E6-9CAF-7827F4298B30-300x300-1.png\" alt=\"\" width=\"170\" height=\"170\" srcset=\"https:\/\/cafesantahelena.com\/wp-content\/uploads\/2024\/07\/F16BA1DC-4552-44E6-9CAF-7827F4298B30-300x300-1.png 300w, https:\/\/cafesantahelena.com\/wp-content\/uploads\/2024\/07\/F16BA1DC-4552-44E6-9CAF-7827F4298B30-300x300-1-100x100.png 100w, https:\/\/cafesantahelena.com\/wp-content\/uploads\/2024\/07\/F16BA1DC-4552-44E6-9CAF-7827F4298B30-300x300-1-64x64.png 64w, https:\/\/cafesantahelena.com\/wp-content\/uploads\/2024\/07\/F16BA1DC-4552-44E6-9CAF-7827F4298B30-300x300-1-150x150.png 150w\" sizes=\"(max-width: 170px) 100vw, 170px\" \/><\/p>\n<p>&nbsp;<\/p>\n","protected":false},"excerpt":{"rendered":"<p>Iva incl.<br \/>\nplus les frais d&rsquo;exp\u00e9dition<br \/>\nPoudre de cacao bio 100% brut <\/p>\n<p>Provenance : Br\u00e9sil<\/p>\n<p>Emballage 150g<\/p>\n","protected":false},"featured_media":17261,"comment_status":"open","ping_status":"closed","template":"","meta":[],"product_brand":[],"product_cat":[173],"product_tag":[358,357],"class_list":{"0":"post-14658","1":"product","2":"type-product","3":"status-publish","4":"has-post-thumbnail","6":"product_cat-divers","7":"product_tag-poudre-de-cacao","8":"product_tag-poudre-de-chocolat","10":"first","11":"outofstock","12":"featured","13":"shipping-taxable","14":"purchasable","15":"product-type-simple"},"yoast_head":"<!-- This site is optimized with the Yoast SEO plugin v26.4 - https:\/\/yoast.com\/wordpress\/plugins\/seo\/ -->\n<title>Chocolat en poudre bio-Caf\u00e9 Santa Helena<\/title>\n<meta name=\"description\" content=\"Poudre de chocolat bio 100% pur cacao. Issu d&#039;une ferme biologique au Br\u00e9sil. Sans sucre ajout\u00e9. Emballage de 150g. Ajouter au Panier! Livraison gratuite \u00e0 partir de 45chf en Suisse.\" \/>\n<meta name=\"robots\" content=\"index, follow, max-snippet:-1, max-image-preview:large, max-video-preview:-1\" \/>\n<link rel=\"canonical\" href=\"https:\/\/cafesantahelena.com\/fr\/products\/poudre-de-cacao-bio\/\" \/>\n<meta property=\"og:locale\" content=\"fr_FR\" \/>\n<meta property=\"og:type\" content=\"article\" \/>\n<meta property=\"og:title\" content=\"Chocolat en poudre bio-Caf\u00e9 Santa Helena\" \/>\n<meta property=\"og:description\" content=\"Poudre de chocolat bio 100% pur cacao. Issu d&#039;une ferme biologique au Br\u00e9sil. Sans sucre ajout\u00e9. Emballage de 150g. Ajouter au Panier! Livraison gratuite \u00e0 partir de 45chf en Suisse.\" \/>\n<meta property=\"og:url\" content=\"https:\/\/cafesantahelena.com\/fr\/products\/poudre-de-cacao-bio\/\" \/>\n<meta property=\"og:site_name\" content=\"Caf\u00e9 Santa Helena\" \/>\n<meta property=\"article:modified_time\" content=\"2025-01-24T21:09:03+00:00\" \/>\n<meta property=\"og:image\" content=\"https:\/\/cafesantahelena.com\/wp-content\/uploads\/2024\/10\/Bio-chocolate-powder.webp\" \/>\n\t<meta property=\"og:image:width\" content=\"350\" \/>\n\t<meta property=\"og:image:height\" content=\"450\" \/>\n\t<meta property=\"og:image:type\" content=\"image\/webp\" \/>\n<meta name=\"twitter:card\" content=\"summary_large_image\" \/>\n<meta name=\"twitter:label1\" content=\"Dur\u00e9e de lecture estim\u00e9e\" \/>\n\t<meta name=\"twitter:data1\" content=\"1 minute\" \/>\n<script type=\"application\/ld+json\" class=\"yoast-schema-graph\">{\"@context\":\"https:\/\/schema.org\",\"@graph\":[{\"@type\":\"WebPage\",\"@id\":\"https:\/\/cafesantahelena.com\/fr\/products\/poudre-de-cacao-bio\/\",\"url\":\"https:\/\/cafesantahelena.com\/fr\/products\/poudre-de-cacao-bio\/\",\"name\":\"Chocolat en poudre bio-Caf\u00e9 Santa Helena\",\"isPartOf\":{\"@id\":\"https:\/\/cafesantahelena.com\/#website\"},\"primaryImageOfPage\":{\"@id\":\"https:\/\/cafesantahelena.com\/fr\/products\/poudre-de-cacao-bio\/#primaryimage\"},\"image\":{\"@id\":\"https:\/\/cafesantahelena.com\/fr\/products\/poudre-de-cacao-bio\/#primaryimage\"},\"thumbnailUrl\":\"https:\/\/cafesantahelena.com\/wp-content\/uploads\/2024\/10\/Bio-chocolate-powder.webp\",\"datePublished\":\"2024-10-22T14:43:14+00:00\",\"dateModified\":\"2025-01-24T21:09:03+00:00\",\"description\":\"Poudre de chocolat bio 100% pur cacao. Issu d'une ferme biologique au Br\u00e9sil. Sans sucre ajout\u00e9. Emballage de 150g. Ajouter au Panier! Livraison gratuite \u00e0 partir de 45chf en Suisse.\",\"breadcrumb\":{\"@id\":\"https:\/\/cafesantahelena.com\/fr\/products\/poudre-de-cacao-bio\/#breadcrumb\"},\"inLanguage\":\"fr-FR\",\"potentialAction\":[{\"@type\":\"ReadAction\",\"target\":[\"https:\/\/cafesantahelena.com\/fr\/products\/poudre-de-cacao-bio\/\"]}]},{\"@type\":\"ImageObject\",\"inLanguage\":\"fr-FR\",\"@id\":\"https:\/\/cafesantahelena.com\/fr\/products\/poudre-de-cacao-bio\/#primaryimage\",\"url\":\"https:\/\/cafesantahelena.com\/wp-content\/uploads\/2024\/10\/Bio-chocolate-powder.webp\",\"contentUrl\":\"https:\/\/cafesantahelena.com\/wp-content\/uploads\/2024\/10\/Bio-chocolate-powder.webp\",\"width\":350,\"height\":450,\"caption\":\"Chocolat en poudre bio\"},{\"@type\":\"BreadcrumbList\",\"@id\":\"https:\/\/cafesantahelena.com\/fr\/products\/poudre-de-cacao-bio\/#breadcrumb\",\"itemListElement\":[{\"@type\":\"ListItem\",\"position\":1,\"name\":\"In\u00edcio\",\"item\":\"https:\/\/cafesantahelena.com\/fr\/\"},{\"@type\":\"ListItem\",\"position\":2,\"name\":\"Produtos\",\"item\":\"https:\/\/cafesantahelena.com\/loja\/\"},{\"@type\":\"ListItem\",\"position\":3,\"name\":\"Chocolat en poudre Bio\"}]},{\"@type\":\"WebSite\",\"@id\":\"https:\/\/cafesantahelena.com\/#website\",\"url\":\"https:\/\/cafesantahelena.com\/\",\"name\":\"Caf\u00e9 Santa Helena\",\"description\":\"\",\"potentialAction\":[{\"@type\":\"SearchAction\",\"target\":{\"@type\":\"EntryPoint\",\"urlTemplate\":\"https:\/\/cafesantahelena.com\/?s={search_term_string}\"},\"query-input\":{\"@type\":\"PropertyValueSpecification\",\"valueRequired\":true,\"valueName\":\"search_term_string\"}}],\"inLanguage\":\"fr-FR\"}]}<\/script>\n<!-- \/ Yoast SEO plugin. -->","yoast_head_json":{"title":"Chocolat en poudre bio-Caf\u00e9 Santa Helena","description":"Poudre de chocolat bio 100% pur cacao. Issu d'une ferme biologique au Br\u00e9sil. Sans sucre ajout\u00e9. Emballage de 150g. Ajouter au Panier! Livraison gratuite \u00e0 partir de 45chf en Suisse.","robots":{"index":"index","follow":"follow","max-snippet":"max-snippet:-1","max-image-preview":"max-image-preview:large","max-video-preview":"max-video-preview:-1"},"canonical":"https:\/\/cafesantahelena.com\/fr\/products\/poudre-de-cacao-bio\/","og_locale":"fr_FR","og_type":"article","og_title":"Chocolat en poudre bio-Caf\u00e9 Santa Helena","og_description":"Poudre de chocolat bio 100% pur cacao. Issu d'une ferme biologique au Br\u00e9sil. Sans sucre ajout\u00e9. Emballage de 150g. Ajouter au Panier! Livraison gratuite \u00e0 partir de 45chf en Suisse.","og_url":"https:\/\/cafesantahelena.com\/fr\/products\/poudre-de-cacao-bio\/","og_site_name":"Caf\u00e9 Santa Helena","article_modified_time":"2025-01-24T21:09:03+00:00","og_image":[{"width":350,"height":450,"url":"https:\/\/cafesantahelena.com\/wp-content\/uploads\/2024\/10\/Bio-chocolate-powder.webp","type":"image\/webp"}],"twitter_card":"summary_large_image","twitter_misc":{"Dur\u00e9e de lecture estim\u00e9e":"1 minute"},"schema":{"@context":"https:\/\/schema.org","@graph":[{"@type":"WebPage","@id":"https:\/\/cafesantahelena.com\/fr\/products\/poudre-de-cacao-bio\/","url":"https:\/\/cafesantahelena.com\/fr\/products\/poudre-de-cacao-bio\/","name":"Chocolat en poudre bio-Caf\u00e9 Santa Helena","isPartOf":{"@id":"https:\/\/cafesantahelena.com\/#website"},"primaryImageOfPage":{"@id":"https:\/\/cafesantahelena.com\/fr\/products\/poudre-de-cacao-bio\/#primaryimage"},"image":{"@id":"https:\/\/cafesantahelena.com\/fr\/products\/poudre-de-cacao-bio\/#primaryimage"},"thumbnailUrl":"https:\/\/cafesantahelena.com\/wp-content\/uploads\/2024\/10\/Bio-chocolate-powder.webp","datePublished":"2024-10-22T14:43:14+00:00","dateModified":"2025-01-24T21:09:03+00:00","description":"Poudre de chocolat bio 100% pur cacao. Issu d'une ferme biologique au Br\u00e9sil. Sans sucre ajout\u00e9. Emballage de 150g. Ajouter au Panier! Livraison gratuite \u00e0 partir de 45chf en Suisse.","breadcrumb":{"@id":"https:\/\/cafesantahelena.com\/fr\/products\/poudre-de-cacao-bio\/#breadcrumb"},"inLanguage":"fr-FR","potentialAction":[{"@type":"ReadAction","target":["https:\/\/cafesantahelena.com\/fr\/products\/poudre-de-cacao-bio\/"]}]},{"@type":"ImageObject","inLanguage":"fr-FR","@id":"https:\/\/cafesantahelena.com\/fr\/products\/poudre-de-cacao-bio\/#primaryimage","url":"https:\/\/cafesantahelena.com\/wp-content\/uploads\/2024\/10\/Bio-chocolate-powder.webp","contentUrl":"https:\/\/cafesantahelena.com\/wp-content\/uploads\/2024\/10\/Bio-chocolate-powder.webp","width":350,"height":450,"caption":"Chocolat en poudre bio"},{"@type":"BreadcrumbList","@id":"https:\/\/cafesantahelena.com\/fr\/products\/poudre-de-cacao-bio\/#breadcrumb","itemListElement":[{"@type":"ListItem","position":1,"name":"In\u00edcio","item":"https:\/\/cafesantahelena.com\/fr\/"},{"@type":"ListItem","position":2,"name":"Produtos","item":"https:\/\/cafesantahelena.com\/loja\/"},{"@type":"ListItem","position":3,"name":"Chocolat en poudre Bio"}]},{"@type":"WebSite","@id":"https:\/\/cafesantahelena.com\/#website","url":"https:\/\/cafesantahelena.com\/","name":"Caf\u00e9 Santa Helena","description":"","potentialAction":[{"@type":"SearchAction","target":{"@type":"EntryPoint","urlTemplate":"https:\/\/cafesantahelena.com\/?s={search_term_string}"},"query-input":{"@type":"PropertyValueSpecification","valueRequired":true,"valueName":"search_term_string"}}],"inLanguage":"fr-FR"}]}},"_links":{"self":[{"href":"https:\/\/cafesantahelena.com\/fr\/wp-json\/wp\/v2\/product\/14658","targetHints":{"allow":["GET"]}}],"collection":[{"href":"https:\/\/cafesantahelena.com\/fr\/wp-json\/wp\/v2\/product"}],"about":[{"href":"https:\/\/cafesantahelena.com\/fr\/wp-json\/wp\/v2\/types\/product"}],"replies":[{"embeddable":true,"href":"https:\/\/cafesantahelena.com\/fr\/wp-json\/wp\/v2\/comments?post=14658"}],"wp:featuredmedia":[{"embeddable":true,"href":"https:\/\/cafesantahelena.com\/fr\/wp-json\/wp\/v2\/media\/17261"}],"wp:attachment":[{"href":"https:\/\/cafesantahelena.com\/fr\/wp-json\/wp\/v2\/media?parent=14658"}],"wp:term":[{"taxonomy":"product_brand","embeddable":true,"href":"https:\/\/cafesantahelena.com\/fr\/wp-json\/wp\/v2\/product_brand?post=14658"},{"taxonomy":"product_cat","embeddable":true,"href":"https:\/\/cafesantahelena.com\/fr\/wp-json\/wp\/v2\/product_cat?post=14658"},{"taxonomy":"product_tag","embeddable":true,"href":"https:\/\/cafesantahelena.com\/fr\/wp-json\/wp\/v2\/product_tag?post=14658"}],"curies":[{"name":"wp","href":"https:\/\/api.w.org\/{rel}","templated":true}]}}