{"id":14722,"date":"2024-10-29T14:32:50","date_gmt":"2024-10-29T14:32:50","guid":{"rendered":"https:\/\/cafesantahelena.alivanstudio.com\/?post_type=product&#038;p=14722"},"modified":"2025-01-24T20:56:58","modified_gmt":"2025-01-24T20:56:58","slug":"cadeau-de-cafe-2","status":"publish","type":"product","link":"https:\/\/cafesantahelena.com\/fr\/products\/cadeau-de-cafe-2\/","title":{"rendered":"Kit Caf\u00e9 et Tasse"},"content":{"rendered":"<p>C&rsquo;est un beau cadeau pour quelqu&rsquo;un qui aime le caf\u00e9 ! Compos\u00e9 de : 1- Plateau en bois Caf\u00e9 Santa Helena. Fabriqu\u00e9 en Suisse \ud83c\udde8\ud83c\udded 2- Serviette en laine de mouton fabriqu\u00e9e \u00e0 la main. Fabriqu\u00e9 en Autriche \ud83c\udde6\ud83c\uddf9 3- 1x Mug en terre cuite. Fabriqu\u00e9 au Portugal \ud83c\uddf5\ud83c\uddf9 4- 1 x paquet de grains entiers Caf\u00e9 Santa Helena 250g. Caf\u00e9 sp\u00e9cial, biologique 100% Arabica du Br\u00e9sil.<\/p>\n<p style=\"text-align: center;\"><a href=\"?add-to-cart=14716\"><span style=\"font-size: 18pt; color: #800000;\"><em><strong>Ajouter au Panier!<\/strong><\/em><\/span><\/a><\/p>\n<p style=\"text-align: center;\"><img decoding=\"async\" class=\"alignnone wp-image-15375\" src=\"https:\/\/cafesantahelena.com\/wp-content\/uploads\/2024\/11\/logo-1.png\" alt=\"Logo Caf\u00e9 Santa Helena\" width=\"169\" height=\"169\" srcset=\"https:\/\/cafesantahelena.com\/wp-content\/uploads\/2024\/11\/logo-1.png 300w, https:\/\/cafesantahelena.com\/wp-content\/uploads\/2024\/11\/logo-1-100x100.png 100w, https:\/\/cafesantahelena.com\/wp-content\/uploads\/2024\/11\/logo-1-64x64.png 64w, https:\/\/cafesantahelena.com\/wp-content\/uploads\/2024\/11\/logo-1-150x150.png 150w\" sizes=\"(max-width: 169px) 100vw, 169px\" \/><\/p>\n","protected":false},"excerpt":{"rendered":"<p>IVA incl.<\/p>\n<p>Frais d&rsquo;exp\u00e9dition \u00e0 la caisse<\/p>\n<p>Offrez ce beau kit compos\u00e9 de :<\/p>\n<p>1 plateau en bois<\/p>\n<p>1 serviette en laine de mouton<\/p>\n<p>1 tasse en argile<\/p>\n<p>1 paquet de caf\u00e9 en grains entiers 250g.<\/p>\n","protected":false},"featured_media":17112,"comment_status":"open","ping_status":"closed","template":"","meta":[],"product_brand":[],"product_cat":[175],"product_tag":[],"class_list":{"0":"post-14722","1":"product","2":"type-product","3":"status-publish","4":"has-post-thumbnail","6":"product_cat-kits-fr","8":"first","9":"instock","10":"featured","11":"shipping-taxable","12":"purchasable","13":"product-type-simple"},"yoast_head":"<!-- This site is optimized with the Yoast SEO plugin v26.4 - https:\/\/yoast.com\/wordpress\/plugins\/seo\/ -->\n<title>Kit Caf\u00e9 et Tasse - Caf\u00e9 Santa Helena<\/title>\n<meta name=\"description\" content=\"Le Kit Caf\u00e9 et Mug est un beau cadeau pour les amateurs de caf\u00e9. Un plateau en bois, une tasse en terre cuite, un paquet de grains de caf\u00e9 entiers de sp\u00e9cialit\u00e9 et une serviette en laine de mouton.\" \/>\n<meta name=\"robots\" content=\"index, follow, max-snippet:-1, max-image-preview:large, max-video-preview:-1\" \/>\n<link rel=\"canonical\" href=\"https:\/\/cafesantahelena.com\/fr\/products\/cadeau-de-cafe-2\/\" \/>\n<meta property=\"og:locale\" content=\"fr_FR\" \/>\n<meta property=\"og:type\" content=\"article\" \/>\n<meta property=\"og:title\" content=\"Kit Caf\u00e9 et Tasse - Caf\u00e9 Santa Helena\" \/>\n<meta property=\"og:description\" content=\"Le Kit Caf\u00e9 et Mug est un beau cadeau pour les amateurs de caf\u00e9. Un plateau en bois, une tasse en terre cuite, un paquet de grains de caf\u00e9 entiers de sp\u00e9cialit\u00e9 et une serviette en laine de mouton.\" \/>\n<meta property=\"og:url\" content=\"https:\/\/cafesantahelena.com\/fr\/products\/cadeau-de-cafe-2\/\" \/>\n<meta property=\"og:site_name\" content=\"Caf\u00e9 Santa Helena\" \/>\n<meta property=\"article:modified_time\" content=\"2025-01-24T20:56:58+00:00\" \/>\n<meta property=\"og:image\" content=\"https:\/\/cafesantahelena.com\/wp-content\/uploads\/2024\/07\/Kit-coffee-and-mug.webp\" \/>\n\t<meta property=\"og:image:width\" content=\"350\" \/>\n\t<meta property=\"og:image:height\" content=\"450\" \/>\n\t<meta property=\"og:image:type\" content=\"image\/webp\" \/>\n<meta name=\"twitter:card\" content=\"summary_large_image\" \/>\n<meta name=\"twitter:label1\" content=\"Dur\u00e9e de lecture estim\u00e9e\" \/>\n\t<meta name=\"twitter:data1\" content=\"1 minute\" \/>\n<script type=\"application\/ld+json\" class=\"yoast-schema-graph\">{\"@context\":\"https:\/\/schema.org\",\"@graph\":[{\"@type\":\"WebPage\",\"@id\":\"https:\/\/cafesantahelena.com\/fr\/products\/cadeau-de-cafe-2\/\",\"url\":\"https:\/\/cafesantahelena.com\/fr\/products\/cadeau-de-cafe-2\/\",\"name\":\"Kit Caf\u00e9 et Tasse - Caf\u00e9 Santa Helena\",\"isPartOf\":{\"@id\":\"https:\/\/cafesantahelena.com\/#website\"},\"primaryImageOfPage\":{\"@id\":\"https:\/\/cafesantahelena.com\/fr\/products\/cadeau-de-cafe-2\/#primaryimage\"},\"image\":{\"@id\":\"https:\/\/cafesantahelena.com\/fr\/products\/cadeau-de-cafe-2\/#primaryimage\"},\"thumbnailUrl\":\"https:\/\/cafesantahelena.com\/wp-content\/uploads\/2024\/07\/Kit-coffee-and-mug.webp\",\"datePublished\":\"2024-10-29T14:32:50+00:00\",\"dateModified\":\"2025-01-24T20:56:58+00:00\",\"description\":\"Le Kit Caf\u00e9 et Mug est un beau cadeau pour les amateurs de caf\u00e9. Un plateau en bois, une tasse en terre cuite, un paquet de grains de caf\u00e9 entiers de sp\u00e9cialit\u00e9 et une serviette en laine de mouton.\",\"breadcrumb\":{\"@id\":\"https:\/\/cafesantahelena.com\/fr\/products\/cadeau-de-cafe-2\/#breadcrumb\"},\"inLanguage\":\"fr-FR\",\"potentialAction\":[{\"@type\":\"ReadAction\",\"target\":[\"https:\/\/cafesantahelena.com\/fr\/products\/cadeau-de-cafe-2\/\"]}]},{\"@type\":\"ImageObject\",\"inLanguage\":\"fr-FR\",\"@id\":\"https:\/\/cafesantahelena.com\/fr\/products\/cadeau-de-cafe-2\/#primaryimage\",\"url\":\"https:\/\/cafesantahelena.com\/wp-content\/uploads\/2024\/07\/Kit-coffee-and-mug.webp\",\"contentUrl\":\"https:\/\/cafesantahelena.com\/wp-content\/uploads\/2024\/07\/Kit-coffee-and-mug.webp\",\"width\":350,\"height\":450,\"caption\":\"Kit Caf\u00e9 et tasse\"},{\"@type\":\"BreadcrumbList\",\"@id\":\"https:\/\/cafesantahelena.com\/fr\/products\/cadeau-de-cafe-2\/#breadcrumb\",\"itemListElement\":[{\"@type\":\"ListItem\",\"position\":1,\"name\":\"In\u00edcio\",\"item\":\"https:\/\/cafesantahelena.com\/fr\/\"},{\"@type\":\"ListItem\",\"position\":2,\"name\":\"Produtos\",\"item\":\"https:\/\/cafesantahelena.com\/loja\/\"},{\"@type\":\"ListItem\",\"position\":3,\"name\":\"Kit Caf\u00e9 et Tasse\"}]},{\"@type\":\"WebSite\",\"@id\":\"https:\/\/cafesantahelena.com\/#website\",\"url\":\"https:\/\/cafesantahelena.com\/\",\"name\":\"Caf\u00e9 Santa Helena\",\"description\":\"\",\"potentialAction\":[{\"@type\":\"SearchAction\",\"target\":{\"@type\":\"EntryPoint\",\"urlTemplate\":\"https:\/\/cafesantahelena.com\/?s={search_term_string}\"},\"query-input\":{\"@type\":\"PropertyValueSpecification\",\"valueRequired\":true,\"valueName\":\"search_term_string\"}}],\"inLanguage\":\"fr-FR\"}]}<\/script>\n<!-- \/ Yoast SEO plugin. -->","yoast_head_json":{"title":"Kit Caf\u00e9 et Tasse - Caf\u00e9 Santa Helena","description":"Le Kit Caf\u00e9 et Mug est un beau cadeau pour les amateurs de caf\u00e9. Un plateau en bois, une tasse en terre cuite, un paquet de grains de caf\u00e9 entiers de sp\u00e9cialit\u00e9 et une serviette en laine de mouton.","robots":{"index":"index","follow":"follow","max-snippet":"max-snippet:-1","max-image-preview":"max-image-preview:large","max-video-preview":"max-video-preview:-1"},"canonical":"https:\/\/cafesantahelena.com\/fr\/products\/cadeau-de-cafe-2\/","og_locale":"fr_FR","og_type":"article","og_title":"Kit Caf\u00e9 et Tasse - Caf\u00e9 Santa Helena","og_description":"Le Kit Caf\u00e9 et Mug est un beau cadeau pour les amateurs de caf\u00e9. Un plateau en bois, une tasse en terre cuite, un paquet de grains de caf\u00e9 entiers de sp\u00e9cialit\u00e9 et une serviette en laine de mouton.","og_url":"https:\/\/cafesantahelena.com\/fr\/products\/cadeau-de-cafe-2\/","og_site_name":"Caf\u00e9 Santa Helena","article_modified_time":"2025-01-24T20:56:58+00:00","og_image":[{"width":350,"height":450,"url":"https:\/\/cafesantahelena.com\/wp-content\/uploads\/2024\/07\/Kit-coffee-and-mug.webp","type":"image\/webp"}],"twitter_card":"summary_large_image","twitter_misc":{"Dur\u00e9e de lecture estim\u00e9e":"1 minute"},"schema":{"@context":"https:\/\/schema.org","@graph":[{"@type":"WebPage","@id":"https:\/\/cafesantahelena.com\/fr\/products\/cadeau-de-cafe-2\/","url":"https:\/\/cafesantahelena.com\/fr\/products\/cadeau-de-cafe-2\/","name":"Kit Caf\u00e9 et Tasse - Caf\u00e9 Santa Helena","isPartOf":{"@id":"https:\/\/cafesantahelena.com\/#website"},"primaryImageOfPage":{"@id":"https:\/\/cafesantahelena.com\/fr\/products\/cadeau-de-cafe-2\/#primaryimage"},"image":{"@id":"https:\/\/cafesantahelena.com\/fr\/products\/cadeau-de-cafe-2\/#primaryimage"},"thumbnailUrl":"https:\/\/cafesantahelena.com\/wp-content\/uploads\/2024\/07\/Kit-coffee-and-mug.webp","datePublished":"2024-10-29T14:32:50+00:00","dateModified":"2025-01-24T20:56:58+00:00","description":"Le Kit Caf\u00e9 et Mug est un beau cadeau pour les amateurs de caf\u00e9. Un plateau en bois, une tasse en terre cuite, un paquet de grains de caf\u00e9 entiers de sp\u00e9cialit\u00e9 et une serviette en laine de mouton.","breadcrumb":{"@id":"https:\/\/cafesantahelena.com\/fr\/products\/cadeau-de-cafe-2\/#breadcrumb"},"inLanguage":"fr-FR","potentialAction":[{"@type":"ReadAction","target":["https:\/\/cafesantahelena.com\/fr\/products\/cadeau-de-cafe-2\/"]}]},{"@type":"ImageObject","inLanguage":"fr-FR","@id":"https:\/\/cafesantahelena.com\/fr\/products\/cadeau-de-cafe-2\/#primaryimage","url":"https:\/\/cafesantahelena.com\/wp-content\/uploads\/2024\/07\/Kit-coffee-and-mug.webp","contentUrl":"https:\/\/cafesantahelena.com\/wp-content\/uploads\/2024\/07\/Kit-coffee-and-mug.webp","width":350,"height":450,"caption":"Kit Caf\u00e9 et tasse"},{"@type":"BreadcrumbList","@id":"https:\/\/cafesantahelena.com\/fr\/products\/cadeau-de-cafe-2\/#breadcrumb","itemListElement":[{"@type":"ListItem","position":1,"name":"In\u00edcio","item":"https:\/\/cafesantahelena.com\/fr\/"},{"@type":"ListItem","position":2,"name":"Produtos","item":"https:\/\/cafesantahelena.com\/loja\/"},{"@type":"ListItem","position":3,"name":"Kit Caf\u00e9 et Tasse"}]},{"@type":"WebSite","@id":"https:\/\/cafesantahelena.com\/#website","url":"https:\/\/cafesantahelena.com\/","name":"Caf\u00e9 Santa Helena","description":"","potentialAction":[{"@type":"SearchAction","target":{"@type":"EntryPoint","urlTemplate":"https:\/\/cafesantahelena.com\/?s={search_term_string}"},"query-input":{"@type":"PropertyValueSpecification","valueRequired":true,"valueName":"search_term_string"}}],"inLanguage":"fr-FR"}]}},"_links":{"self":[{"href":"https:\/\/cafesantahelena.com\/fr\/wp-json\/wp\/v2\/product\/14722","targetHints":{"allow":["GET"]}}],"collection":[{"href":"https:\/\/cafesantahelena.com\/fr\/wp-json\/wp\/v2\/product"}],"about":[{"href":"https:\/\/cafesantahelena.com\/fr\/wp-json\/wp\/v2\/types\/product"}],"replies":[{"embeddable":true,"href":"https:\/\/cafesantahelena.com\/fr\/wp-json\/wp\/v2\/comments?post=14722"}],"wp:featuredmedia":[{"embeddable":true,"href":"https:\/\/cafesantahelena.com\/fr\/wp-json\/wp\/v2\/media\/17112"}],"wp:attachment":[{"href":"https:\/\/cafesantahelena.com\/fr\/wp-json\/wp\/v2\/media?parent=14722"}],"wp:term":[{"taxonomy":"product_brand","embeddable":true,"href":"https:\/\/cafesantahelena.com\/fr\/wp-json\/wp\/v2\/product_brand?post=14722"},{"taxonomy":"product_cat","embeddable":true,"href":"https:\/\/cafesantahelena.com\/fr\/wp-json\/wp\/v2\/product_cat?post=14722"},{"taxonomy":"product_tag","embeddable":true,"href":"https:\/\/cafesantahelena.com\/fr\/wp-json\/wp\/v2\/product_tag?post=14722"}],"curies":[{"name":"wp","href":"https:\/\/api.w.org\/{rel}","templated":true}]}}