{"id":14733,"date":"2024-10-29T15:03:35","date_gmt":"2024-10-29T15:03:35","guid":{"rendered":"https:\/\/cafesantahelena.alivanstudio.com\/?post_type=product&#038;p=14733"},"modified":"2025-01-24T20:48:47","modified_gmt":"2025-01-24T20:48:47","slug":"cadeau-de-cafe","status":"publish","type":"product","link":"https:\/\/cafesantahelena.com\/fr\/products\/cadeau-de-cafe\/","title":{"rendered":"Kit cadeau Caf\u00e9 Feminino"},"content":{"rendered":"<p>Ce magnifique Kit Cadeau est un excellent cadeau pour quelqu&rsquo;un de sp\u00e9cial qui aime le caf\u00e9 Il est compos\u00e9 de : 1- Plateau en bois Caf\u00e9 Santa Helena 2- Serviette en laine de mouton fabriqu\u00e9e \u00e0 la main. Fabriqu\u00e9 en Autriche. 3- Ornement en laine de mouton. 4- 2 x Tasse en terre cuite Caf\u00e9 Santa Helena. Fabriqu\u00e9 au Portugal. 5- 1 x Caf\u00e9 Feminino Santa Helena grains entiers 500g.<\/p>\n<p style=\"text-align: center;\"><a href=\"?add-to-cart=14727\"><span style=\"color: #800000; font-size: 18pt;\"><em><strong>Ajouter au Panier!<\/strong><\/em><\/span><\/a><\/p>\n<p><img decoding=\"async\" class=\"alignnone wp-image-15375 aligncenter\" src=\"https:\/\/cafesantahelena.com\/wp-content\/uploads\/2024\/11\/logo-1.png\" alt=\"Logo Caf\u00e9 Santa Helena\" width=\"169\" height=\"169\" srcset=\"https:\/\/cafesantahelena.com\/wp-content\/uploads\/2024\/11\/logo-1.png 300w, https:\/\/cafesantahelena.com\/wp-content\/uploads\/2024\/11\/logo-1-100x100.png 100w, https:\/\/cafesantahelena.com\/wp-content\/uploads\/2024\/11\/logo-1-64x64.png 64w, https:\/\/cafesantahelena.com\/wp-content\/uploads\/2024\/11\/logo-1-150x150.png 150w\" sizes=\"(max-width: 169px) 100vw, 169px\" \/><\/p>\n<p>&nbsp;<\/p>\n<p>&nbsp;<\/p>\n","protected":false},"excerpt":{"rendered":"<p>IVA incl.<\/p>\n<p>Frais d&rsquo;exp\u00e9dition \u00e0 la caisse<\/p>\n<p>Offrez ce kit original <\/p>\n<p>Plateau en bois, serviette en laine de mouton, ornement en laine de mouton, 2 mugs en terre cuite et un paquet de grains entiers Caf\u00e9 Feminino 500g<\/p>\n","protected":false},"featured_media":17117,"comment_status":"open","ping_status":"closed","template":"","meta":[],"product_brand":[],"product_cat":[175],"product_tag":[],"class_list":{"0":"post-14733","1":"product","2":"type-product","3":"status-publish","4":"has-post-thumbnail","6":"product_cat-kits-fr","8":"first","9":"outofstock","10":"featured","11":"shipping-taxable","12":"purchasable","13":"product-type-simple"},"yoast_head":"<!-- This site is optimized with the Yoast SEO plugin v26.4 - https:\/\/yoast.com\/wordpress\/plugins\/seo\/ -->\n<title>Kit caf\u00e9 Caf\u00e9 Feminino - Caf\u00e9 Santa Helena<\/title>\n<meta name=\"description\" content=\"Le kit caf\u00e9 est un ensemble Caf\u00e9 Feminino 500g, 2 mugs en terre cuite, un plateau en bois, une serviette en laine de mouton, un ornement en laine de mouton. Pour quelqu&#039;un de sp\u00e9cial qui aime le caf\u00e9\" \/>\n<meta name=\"robots\" content=\"index, follow, max-snippet:-1, max-image-preview:large, max-video-preview:-1\" \/>\n<link rel=\"canonical\" href=\"https:\/\/cafesantahelena.com\/fr\/products\/cadeau-de-cafe\/\" \/>\n<meta property=\"og:locale\" content=\"fr_FR\" \/>\n<meta property=\"og:type\" content=\"article\" \/>\n<meta property=\"og:title\" content=\"Kit caf\u00e9 Caf\u00e9 Feminino - Caf\u00e9 Santa Helena\" \/>\n<meta property=\"og:description\" content=\"Le kit caf\u00e9 est un ensemble Caf\u00e9 Feminino 500g, 2 mugs en terre cuite, un plateau en bois, une serviette en laine de mouton, un ornement en laine de mouton. Pour quelqu&#039;un de sp\u00e9cial qui aime le caf\u00e9\" \/>\n<meta property=\"og:url\" content=\"https:\/\/cafesantahelena.com\/fr\/products\/cadeau-de-cafe\/\" \/>\n<meta property=\"og:site_name\" content=\"Caf\u00e9 Santa Helena\" \/>\n<meta property=\"article:modified_time\" content=\"2025-01-24T20:48:47+00:00\" \/>\n<meta property=\"og:image\" content=\"https:\/\/cafesantahelena.com\/wp-content\/uploads\/2024\/07\/Kit-cafe-feminino.webp\" \/>\n\t<meta property=\"og:image:width\" content=\"350\" \/>\n\t<meta property=\"og:image:height\" content=\"450\" \/>\n\t<meta property=\"og:image:type\" content=\"image\/webp\" \/>\n<meta name=\"twitter:card\" content=\"summary_large_image\" \/>\n<meta name=\"twitter:label1\" content=\"Dur\u00e9e de lecture estim\u00e9e\" \/>\n\t<meta name=\"twitter:data1\" content=\"1 minute\" \/>\n<script type=\"application\/ld+json\" class=\"yoast-schema-graph\">{\"@context\":\"https:\/\/schema.org\",\"@graph\":[{\"@type\":\"WebPage\",\"@id\":\"https:\/\/cafesantahelena.com\/fr\/products\/cadeau-de-cafe\/\",\"url\":\"https:\/\/cafesantahelena.com\/fr\/products\/cadeau-de-cafe\/\",\"name\":\"Kit caf\u00e9 Caf\u00e9 Feminino - Caf\u00e9 Santa Helena\",\"isPartOf\":{\"@id\":\"https:\/\/cafesantahelena.com\/#website\"},\"primaryImageOfPage\":{\"@id\":\"https:\/\/cafesantahelena.com\/fr\/products\/cadeau-de-cafe\/#primaryimage\"},\"image\":{\"@id\":\"https:\/\/cafesantahelena.com\/fr\/products\/cadeau-de-cafe\/#primaryimage\"},\"thumbnailUrl\":\"https:\/\/cafesantahelena.com\/wp-content\/uploads\/2024\/07\/Kit-cafe-feminino.webp\",\"datePublished\":\"2024-10-29T15:03:35+00:00\",\"dateModified\":\"2025-01-24T20:48:47+00:00\",\"description\":\"Le kit caf\u00e9 est un ensemble Caf\u00e9 Feminino 500g, 2 mugs en terre cuite, un plateau en bois, une serviette en laine de mouton, un ornement en laine de mouton. Pour quelqu'un de sp\u00e9cial qui aime le caf\u00e9\",\"breadcrumb\":{\"@id\":\"https:\/\/cafesantahelena.com\/fr\/products\/cadeau-de-cafe\/#breadcrumb\"},\"inLanguage\":\"fr-FR\",\"potentialAction\":[{\"@type\":\"ReadAction\",\"target\":[\"https:\/\/cafesantahelena.com\/fr\/products\/cadeau-de-cafe\/\"]}]},{\"@type\":\"ImageObject\",\"inLanguage\":\"fr-FR\",\"@id\":\"https:\/\/cafesantahelena.com\/fr\/products\/cadeau-de-cafe\/#primaryimage\",\"url\":\"https:\/\/cafesantahelena.com\/wp-content\/uploads\/2024\/07\/Kit-cafe-feminino.webp\",\"contentUrl\":\"https:\/\/cafesantahelena.com\/wp-content\/uploads\/2024\/07\/Kit-cafe-feminino.webp\",\"width\":350,\"height\":450,\"caption\":\"kit caf\u00e9\"},{\"@type\":\"BreadcrumbList\",\"@id\":\"https:\/\/cafesantahelena.com\/fr\/products\/cadeau-de-cafe\/#breadcrumb\",\"itemListElement\":[{\"@type\":\"ListItem\",\"position\":1,\"name\":\"In\u00edcio\",\"item\":\"https:\/\/cafesantahelena.com\/fr\/\"},{\"@type\":\"ListItem\",\"position\":2,\"name\":\"Produtos\",\"item\":\"https:\/\/cafesantahelena.com\/loja\/\"},{\"@type\":\"ListItem\",\"position\":3,\"name\":\"Kit cadeau Caf\u00e9 Feminino\"}]},{\"@type\":\"WebSite\",\"@id\":\"https:\/\/cafesantahelena.com\/#website\",\"url\":\"https:\/\/cafesantahelena.com\/\",\"name\":\"Caf\u00e9 Santa Helena\",\"description\":\"\",\"potentialAction\":[{\"@type\":\"SearchAction\",\"target\":{\"@type\":\"EntryPoint\",\"urlTemplate\":\"https:\/\/cafesantahelena.com\/?s={search_term_string}\"},\"query-input\":{\"@type\":\"PropertyValueSpecification\",\"valueRequired\":true,\"valueName\":\"search_term_string\"}}],\"inLanguage\":\"fr-FR\"}]}<\/script>\n<!-- \/ Yoast SEO plugin. -->","yoast_head_json":{"title":"Kit caf\u00e9 Caf\u00e9 Feminino - Caf\u00e9 Santa Helena","description":"Le kit caf\u00e9 est un ensemble Caf\u00e9 Feminino 500g, 2 mugs en terre cuite, un plateau en bois, une serviette en laine de mouton, un ornement en laine de mouton. Pour quelqu'un de sp\u00e9cial qui aime le caf\u00e9","robots":{"index":"index","follow":"follow","max-snippet":"max-snippet:-1","max-image-preview":"max-image-preview:large","max-video-preview":"max-video-preview:-1"},"canonical":"https:\/\/cafesantahelena.com\/fr\/products\/cadeau-de-cafe\/","og_locale":"fr_FR","og_type":"article","og_title":"Kit caf\u00e9 Caf\u00e9 Feminino - Caf\u00e9 Santa Helena","og_description":"Le kit caf\u00e9 est un ensemble Caf\u00e9 Feminino 500g, 2 mugs en terre cuite, un plateau en bois, une serviette en laine de mouton, un ornement en laine de mouton. Pour quelqu'un de sp\u00e9cial qui aime le caf\u00e9","og_url":"https:\/\/cafesantahelena.com\/fr\/products\/cadeau-de-cafe\/","og_site_name":"Caf\u00e9 Santa Helena","article_modified_time":"2025-01-24T20:48:47+00:00","og_image":[{"width":350,"height":450,"url":"https:\/\/cafesantahelena.com\/wp-content\/uploads\/2024\/07\/Kit-cafe-feminino.webp","type":"image\/webp"}],"twitter_card":"summary_large_image","twitter_misc":{"Dur\u00e9e de lecture estim\u00e9e":"1 minute"},"schema":{"@context":"https:\/\/schema.org","@graph":[{"@type":"WebPage","@id":"https:\/\/cafesantahelena.com\/fr\/products\/cadeau-de-cafe\/","url":"https:\/\/cafesantahelena.com\/fr\/products\/cadeau-de-cafe\/","name":"Kit caf\u00e9 Caf\u00e9 Feminino - Caf\u00e9 Santa Helena","isPartOf":{"@id":"https:\/\/cafesantahelena.com\/#website"},"primaryImageOfPage":{"@id":"https:\/\/cafesantahelena.com\/fr\/products\/cadeau-de-cafe\/#primaryimage"},"image":{"@id":"https:\/\/cafesantahelena.com\/fr\/products\/cadeau-de-cafe\/#primaryimage"},"thumbnailUrl":"https:\/\/cafesantahelena.com\/wp-content\/uploads\/2024\/07\/Kit-cafe-feminino.webp","datePublished":"2024-10-29T15:03:35+00:00","dateModified":"2025-01-24T20:48:47+00:00","description":"Le kit caf\u00e9 est un ensemble Caf\u00e9 Feminino 500g, 2 mugs en terre cuite, un plateau en bois, une serviette en laine de mouton, un ornement en laine de mouton. Pour quelqu'un de sp\u00e9cial qui aime le caf\u00e9","breadcrumb":{"@id":"https:\/\/cafesantahelena.com\/fr\/products\/cadeau-de-cafe\/#breadcrumb"},"inLanguage":"fr-FR","potentialAction":[{"@type":"ReadAction","target":["https:\/\/cafesantahelena.com\/fr\/products\/cadeau-de-cafe\/"]}]},{"@type":"ImageObject","inLanguage":"fr-FR","@id":"https:\/\/cafesantahelena.com\/fr\/products\/cadeau-de-cafe\/#primaryimage","url":"https:\/\/cafesantahelena.com\/wp-content\/uploads\/2024\/07\/Kit-cafe-feminino.webp","contentUrl":"https:\/\/cafesantahelena.com\/wp-content\/uploads\/2024\/07\/Kit-cafe-feminino.webp","width":350,"height":450,"caption":"kit caf\u00e9"},{"@type":"BreadcrumbList","@id":"https:\/\/cafesantahelena.com\/fr\/products\/cadeau-de-cafe\/#breadcrumb","itemListElement":[{"@type":"ListItem","position":1,"name":"In\u00edcio","item":"https:\/\/cafesantahelena.com\/fr\/"},{"@type":"ListItem","position":2,"name":"Produtos","item":"https:\/\/cafesantahelena.com\/loja\/"},{"@type":"ListItem","position":3,"name":"Kit cadeau Caf\u00e9 Feminino"}]},{"@type":"WebSite","@id":"https:\/\/cafesantahelena.com\/#website","url":"https:\/\/cafesantahelena.com\/","name":"Caf\u00e9 Santa Helena","description":"","potentialAction":[{"@type":"SearchAction","target":{"@type":"EntryPoint","urlTemplate":"https:\/\/cafesantahelena.com\/?s={search_term_string}"},"query-input":{"@type":"PropertyValueSpecification","valueRequired":true,"valueName":"search_term_string"}}],"inLanguage":"fr-FR"}]}},"_links":{"self":[{"href":"https:\/\/cafesantahelena.com\/fr\/wp-json\/wp\/v2\/product\/14733","targetHints":{"allow":["GET"]}}],"collection":[{"href":"https:\/\/cafesantahelena.com\/fr\/wp-json\/wp\/v2\/product"}],"about":[{"href":"https:\/\/cafesantahelena.com\/fr\/wp-json\/wp\/v2\/types\/product"}],"replies":[{"embeddable":true,"href":"https:\/\/cafesantahelena.com\/fr\/wp-json\/wp\/v2\/comments?post=14733"}],"wp:featuredmedia":[{"embeddable":true,"href":"https:\/\/cafesantahelena.com\/fr\/wp-json\/wp\/v2\/media\/17117"}],"wp:attachment":[{"href":"https:\/\/cafesantahelena.com\/fr\/wp-json\/wp\/v2\/media?parent=14733"}],"wp:term":[{"taxonomy":"product_brand","embeddable":true,"href":"https:\/\/cafesantahelena.com\/fr\/wp-json\/wp\/v2\/product_brand?post=14733"},{"taxonomy":"product_cat","embeddable":true,"href":"https:\/\/cafesantahelena.com\/fr\/wp-json\/wp\/v2\/product_cat?post=14733"},{"taxonomy":"product_tag","embeddable":true,"href":"https:\/\/cafesantahelena.com\/fr\/wp-json\/wp\/v2\/product_tag?post=14733"}],"curies":[{"name":"wp","href":"https:\/\/api.w.org\/{rel}","templated":true}]}}