{"id":16659,"date":"2024-12-31T20:35:22","date_gmt":"2024-12-31T20:35:22","guid":{"rendered":"https:\/\/cafesantahelena.com\/?post_type=product&#038;p=16659"},"modified":"2026-02-24T20:27:45","modified_gmt":"2026-02-24T20:27:45","slug":"coffee-capsules-cafe-feminino","status":"publish","type":"product","link":"https:\/\/cafesantahelena.com\/fr\/products\/coffee-capsules-cafe-feminino\/","title":{"rendered":"Coffee Capsules Caf\u00e9 Feminino"},"content":{"rendered":"<p>Coffee Capsules Caf\u00e9 Feminino<\/p>\n<p>The coffee is produced only by women &#8211; South of Minas Gerais<br \/>\n100% Arabica, Specialty Coffee, 86 SCA points, Micro-lots.<\/p>\n<p>Slow Artisanal Wood Roasting \ud83e\udeb5 in a wood roaster.<\/p>\n<p>Roast Degree: Medium<\/p>\n<p style=\"text-align: left;\">Ideal for espresso. High sweetness and low acidity. Produces a beautiful crema. Smooth aftertaste.<br \/>\n<strong>Sensory Notes<\/strong>: Fruity and floral.<\/p>\n<p style=\"text-align: left;\"><strong><br \/>\nCapsules<\/strong><\/p>\n<ul>\n<li style=\"text-align: left;\">Innovative capsules made from natural materials in Switzerland<\/li>\n<li style=\"text-align: left;\">Bio-based renewable material<\/li>\n<li style=\"text-align: left;\">Non-GMO<\/li>\n<li style=\"text-align: left;\">No PLA<\/li>\n<li style=\"text-align: left;\">No Aluminum<\/li>\n<li style=\"text-align: left;\">No Plastic fossil material<\/li>\n<li>Home garden compostable<\/li>\n<\/ul>\n<p>Compatible with Nespresso systems machines<\/p>\n<p><strong>Infusion of coffee by water &#8211; filter through micro folds &#8211; optimum result in the cup.<\/strong><\/p>\n<p><strong>Ingredients<\/strong>:<br \/>\nCoffee in capsules. 100% Organic Arabica.<br \/>\nMedium roast.<br \/>\nBox of 10 capsules.<\/p>\n<p style=\"text-align: center;\"><a href=\"?add-to-cart=16659\"><span style=\"color: #800000;\"><strong>Add to Cart<\/strong><\/span><\/a><\/p>\n<p style=\"text-align: center;\"><img decoding=\"async\" class=\"alignnone wp-image-15375\" src=\"https:\/\/cafesantahelena.com\/wp-content\/uploads\/2024\/11\/logo-1.png\" alt=\"Logo Caf\u00e9 Santa Helena\" width=\"170\" height=\"170\" srcset=\"https:\/\/cafesantahelena.com\/wp-content\/uploads\/2024\/11\/logo-1.png 300w, https:\/\/cafesantahelena.com\/wp-content\/uploads\/2024\/11\/logo-1-100x100.png 100w, https:\/\/cafesantahelena.com\/wp-content\/uploads\/2024\/11\/logo-1-64x64.png 64w, https:\/\/cafesantahelena.com\/wp-content\/uploads\/2024\/11\/logo-1-150x150.png 150w\" sizes=\"(max-width: 170px) 100vw, 170px\" \/><\/p>\n<p class=\"p1\">\n","protected":false},"excerpt":{"rendered":"<p>IVA incl.<\/p>\n<p>Plus shipping costs at checkout<\/p>\n<p>Coffee Eco-Capsules<\/p>\n<p>Compostable and biodegradable capsules made from natural material in Switzerland<\/p>\n<p>Organic, Specialty Coffee, 100% Arabica- Microlot<\/p>\n<p>Coffee with a low level of residual acidity and a pronounced sweetness.<br \/>\n<strong>Sensory notes<\/strong>: fruity and floral<br \/>\nRoast grade: Medium<\/p>\n<p>Ideal for those who enjoy espresso with a delicious crema. Smooth aftertaste.<\/p>\n<p>Compatible with Nespresso System machines.<br \/>\nBox of 10 capsules<\/p>\n","protected":false},"featured_media":16652,"comment_status":"open","ping_status":"closed","template":"","meta":[],"product_brand":[],"product_cat":[171],"product_tag":[323,225],"class_list":{"0":"post-16659","1":"product","2":"type-product","3":"status-publish","4":"has-post-thumbnail","6":"product_cat-eco-capsules","7":"product_tag-capsules-de-cafe-fr","8":"product_tag-espresso-coffee-fr","10":"first","11":"outofstock","12":"featured","13":"shipping-taxable","14":"purchasable","15":"product-type-simple"},"yoast_head":"<!-- This site is optimized with the Yoast SEO plugin v26.4 - https:\/\/yoast.com\/wordpress\/plugins\/seo\/ -->\n<title>Coffee Capsules Caf\u00e9 Feminino - Caf\u00e9 Santa Helena<\/title>\n<meta name=\"description\" content=\"Coffee Capsules Caf\u00e9 Feminino. Grown only by women in the South of Minas Gerais. 100% Organic Arabica, Specialty Coffee Microlot. Box of 10 capsules.\" \/>\n<meta name=\"robots\" content=\"index, follow, max-snippet:-1, max-image-preview:large, max-video-preview:-1\" \/>\n<link rel=\"canonical\" href=\"https:\/\/cafesantahelena.com\/products\/coffee-capsules-cafe-feminino\/\" \/>\n<meta property=\"og:locale\" content=\"fr_FR\" \/>\n<meta property=\"og:type\" content=\"article\" \/>\n<meta property=\"og:title\" content=\"Coffee Capsules Caf\u00e9 Feminino - Caf\u00e9 Santa Helena\" \/>\n<meta property=\"og:description\" content=\"Coffee Capsules Caf\u00e9 Feminino. Grown only by women in the South of Minas Gerais. 100% Organic Arabica, Specialty Coffee Microlot. Box of 10 capsules.\" \/>\n<meta property=\"og:url\" content=\"https:\/\/cafesantahelena.com\/products\/coffee-capsules-cafe-feminino\/\" \/>\n<meta property=\"og:site_name\" content=\"Caf\u00e9 Santa Helena\" \/>\n<meta property=\"article:modified_time\" content=\"2026-02-24T20:27:45+00:00\" \/>\n<meta property=\"og:image\" content=\"https:\/\/cafesantahelena.com\/wp-content\/uploads\/2024\/12\/custom-3.png\" \/>\n\t<meta property=\"og:image:width\" content=\"350\" \/>\n\t<meta property=\"og:image:height\" content=\"450\" \/>\n\t<meta property=\"og:image:type\" content=\"image\/png\" \/>\n<meta name=\"twitter:card\" content=\"summary_large_image\" \/>\n<meta name=\"twitter:label1\" content=\"Dur\u00e9e de lecture estim\u00e9e\" \/>\n\t<meta name=\"twitter:data1\" content=\"1 minute\" \/>\n<script type=\"application\/ld+json\" class=\"yoast-schema-graph\">{\"@context\":\"https:\/\/schema.org\",\"@graph\":[{\"@type\":\"WebPage\",\"@id\":\"https:\/\/cafesantahelena.com\/products\/coffee-capsules-cafe-feminino\/\",\"url\":\"https:\/\/cafesantahelena.com\/products\/coffee-capsules-cafe-feminino\/\",\"name\":\"Coffee Capsules Caf\u00e9 Feminino - Caf\u00e9 Santa Helena\",\"isPartOf\":{\"@id\":\"https:\/\/cafesantahelena.com\/#website\"},\"primaryImageOfPage\":{\"@id\":\"https:\/\/cafesantahelena.com\/products\/coffee-capsules-cafe-feminino\/#primaryimage\"},\"image\":{\"@id\":\"https:\/\/cafesantahelena.com\/products\/coffee-capsules-cafe-feminino\/#primaryimage\"},\"thumbnailUrl\":\"https:\/\/cafesantahelena.com\/wp-content\/uploads\/2024\/12\/custom-3.png\",\"datePublished\":\"2024-12-31T20:35:22+00:00\",\"dateModified\":\"2026-02-24T20:27:45+00:00\",\"description\":\"Coffee Capsules Caf\u00e9 Feminino. Grown only by women in the South of Minas Gerais. 100% Organic Arabica, Specialty Coffee Microlot. Box of 10 capsules.\",\"breadcrumb\":{\"@id\":\"https:\/\/cafesantahelena.com\/products\/coffee-capsules-cafe-feminino\/#breadcrumb\"},\"inLanguage\":\"fr-FR\",\"potentialAction\":[{\"@type\":\"ReadAction\",\"target\":[\"https:\/\/cafesantahelena.com\/products\/coffee-capsules-cafe-feminino\/\"]}]},{\"@type\":\"ImageObject\",\"inLanguage\":\"fr-FR\",\"@id\":\"https:\/\/cafesantahelena.com\/products\/coffee-capsules-cafe-feminino\/#primaryimage\",\"url\":\"https:\/\/cafesantahelena.com\/wp-content\/uploads\/2024\/12\/custom-3.png\",\"contentUrl\":\"https:\/\/cafesantahelena.com\/wp-content\/uploads\/2024\/12\/custom-3.png\",\"width\":350,\"height\":450},{\"@type\":\"BreadcrumbList\",\"@id\":\"https:\/\/cafesantahelena.com\/products\/coffee-capsules-cafe-feminino\/#breadcrumb\",\"itemListElement\":[{\"@type\":\"ListItem\",\"position\":1,\"name\":\"In\u00edcio\",\"item\":\"https:\/\/cafesantahelena.com\/fr\/\"},{\"@type\":\"ListItem\",\"position\":2,\"name\":\"Produtos\",\"item\":\"https:\/\/cafesantahelena.com\/loja\/\"},{\"@type\":\"ListItem\",\"position\":3,\"name\":\"Coffee Capsules Caf\u00e9 Feminino\"}]},{\"@type\":\"WebSite\",\"@id\":\"https:\/\/cafesantahelena.com\/#website\",\"url\":\"https:\/\/cafesantahelena.com\/\",\"name\":\"Caf\u00e9 Santa Helena\",\"description\":\"\",\"potentialAction\":[{\"@type\":\"SearchAction\",\"target\":{\"@type\":\"EntryPoint\",\"urlTemplate\":\"https:\/\/cafesantahelena.com\/?s={search_term_string}\"},\"query-input\":{\"@type\":\"PropertyValueSpecification\",\"valueRequired\":true,\"valueName\":\"search_term_string\"}}],\"inLanguage\":\"fr-FR\"}]}<\/script>\n<!-- \/ Yoast SEO plugin. -->","yoast_head_json":{"title":"Coffee Capsules Caf\u00e9 Feminino - Caf\u00e9 Santa Helena","description":"Coffee Capsules Caf\u00e9 Feminino. Grown only by women in the South of Minas Gerais. 100% Organic Arabica, Specialty Coffee Microlot. Box of 10 capsules.","robots":{"index":"index","follow":"follow","max-snippet":"max-snippet:-1","max-image-preview":"max-image-preview:large","max-video-preview":"max-video-preview:-1"},"canonical":"https:\/\/cafesantahelena.com\/products\/coffee-capsules-cafe-feminino\/","og_locale":"fr_FR","og_type":"article","og_title":"Coffee Capsules Caf\u00e9 Feminino - Caf\u00e9 Santa Helena","og_description":"Coffee Capsules Caf\u00e9 Feminino. Grown only by women in the South of Minas Gerais. 100% Organic Arabica, Specialty Coffee Microlot. Box of 10 capsules.","og_url":"https:\/\/cafesantahelena.com\/products\/coffee-capsules-cafe-feminino\/","og_site_name":"Caf\u00e9 Santa Helena","article_modified_time":"2026-02-24T20:27:45+00:00","og_image":[{"width":350,"height":450,"url":"https:\/\/cafesantahelena.com\/wp-content\/uploads\/2024\/12\/custom-3.png","type":"image\/png"}],"twitter_card":"summary_large_image","twitter_misc":{"Dur\u00e9e de lecture estim\u00e9e":"1 minute"},"schema":{"@context":"https:\/\/schema.org","@graph":[{"@type":"WebPage","@id":"https:\/\/cafesantahelena.com\/products\/coffee-capsules-cafe-feminino\/","url":"https:\/\/cafesantahelena.com\/products\/coffee-capsules-cafe-feminino\/","name":"Coffee Capsules Caf\u00e9 Feminino - Caf\u00e9 Santa Helena","isPartOf":{"@id":"https:\/\/cafesantahelena.com\/#website"},"primaryImageOfPage":{"@id":"https:\/\/cafesantahelena.com\/products\/coffee-capsules-cafe-feminino\/#primaryimage"},"image":{"@id":"https:\/\/cafesantahelena.com\/products\/coffee-capsules-cafe-feminino\/#primaryimage"},"thumbnailUrl":"https:\/\/cafesantahelena.com\/wp-content\/uploads\/2024\/12\/custom-3.png","datePublished":"2024-12-31T20:35:22+00:00","dateModified":"2026-02-24T20:27:45+00:00","description":"Coffee Capsules Caf\u00e9 Feminino. Grown only by women in the South of Minas Gerais. 100% Organic Arabica, Specialty Coffee Microlot. Box of 10 capsules.","breadcrumb":{"@id":"https:\/\/cafesantahelena.com\/products\/coffee-capsules-cafe-feminino\/#breadcrumb"},"inLanguage":"fr-FR","potentialAction":[{"@type":"ReadAction","target":["https:\/\/cafesantahelena.com\/products\/coffee-capsules-cafe-feminino\/"]}]},{"@type":"ImageObject","inLanguage":"fr-FR","@id":"https:\/\/cafesantahelena.com\/products\/coffee-capsules-cafe-feminino\/#primaryimage","url":"https:\/\/cafesantahelena.com\/wp-content\/uploads\/2024\/12\/custom-3.png","contentUrl":"https:\/\/cafesantahelena.com\/wp-content\/uploads\/2024\/12\/custom-3.png","width":350,"height":450},{"@type":"BreadcrumbList","@id":"https:\/\/cafesantahelena.com\/products\/coffee-capsules-cafe-feminino\/#breadcrumb","itemListElement":[{"@type":"ListItem","position":1,"name":"In\u00edcio","item":"https:\/\/cafesantahelena.com\/fr\/"},{"@type":"ListItem","position":2,"name":"Produtos","item":"https:\/\/cafesantahelena.com\/loja\/"},{"@type":"ListItem","position":3,"name":"Coffee Capsules Caf\u00e9 Feminino"}]},{"@type":"WebSite","@id":"https:\/\/cafesantahelena.com\/#website","url":"https:\/\/cafesantahelena.com\/","name":"Caf\u00e9 Santa Helena","description":"","potentialAction":[{"@type":"SearchAction","target":{"@type":"EntryPoint","urlTemplate":"https:\/\/cafesantahelena.com\/?s={search_term_string}"},"query-input":{"@type":"PropertyValueSpecification","valueRequired":true,"valueName":"search_term_string"}}],"inLanguage":"fr-FR"}]}},"_links":{"self":[{"href":"https:\/\/cafesantahelena.com\/fr\/wp-json\/wp\/v2\/product\/16659","targetHints":{"allow":["GET"]}}],"collection":[{"href":"https:\/\/cafesantahelena.com\/fr\/wp-json\/wp\/v2\/product"}],"about":[{"href":"https:\/\/cafesantahelena.com\/fr\/wp-json\/wp\/v2\/types\/product"}],"replies":[{"embeddable":true,"href":"https:\/\/cafesantahelena.com\/fr\/wp-json\/wp\/v2\/comments?post=16659"}],"wp:featuredmedia":[{"embeddable":true,"href":"https:\/\/cafesantahelena.com\/fr\/wp-json\/wp\/v2\/media\/16652"}],"wp:attachment":[{"href":"https:\/\/cafesantahelena.com\/fr\/wp-json\/wp\/v2\/media?parent=16659"}],"wp:term":[{"taxonomy":"product_brand","embeddable":true,"href":"https:\/\/cafesantahelena.com\/fr\/wp-json\/wp\/v2\/product_brand?post=16659"},{"taxonomy":"product_cat","embeddable":true,"href":"https:\/\/cafesantahelena.com\/fr\/wp-json\/wp\/v2\/product_cat?post=16659"},{"taxonomy":"product_tag","embeddable":true,"href":"https:\/\/cafesantahelena.com\/fr\/wp-json\/wp\/v2\/product_tag?post=16659"}],"curies":[{"name":"wp","href":"https:\/\/api.w.org\/{rel}","templated":true}]}}