{"id":16749,"date":"2025-01-04T13:58:58","date_gmt":"2025-01-04T13:58:58","guid":{"rendered":"https:\/\/cafesantahelena.com\/products\/electrical-kettle-brewista\/"},"modified":"2025-01-21T21:31:47","modified_gmt":"2025-01-21T21:31:47","slug":"bouilloire-electrique-brewista","status":"publish","type":"product","link":"https:\/\/cafesantahelena.com\/fr\/products\/bouilloire-electrique-brewista\/","title":{"rendered":"Bouilloire \u00e9lectrique Brewista"},"content":{"rendered":"<h2>Bouilloire \u00e9lectrique \u00e0 col de cygne Brewista Artisan 1L<\/h2>\n<p class=\"p1\">Bouilloire \u00e9lectrique<\/p>\n<p class=\"p1\">Commencez votre rituel de caf\u00e9 matinal avec la bouilloire Artisan. La conception interne intelligente de Brewista permet un contr\u00f4le de la temp\u00e9rature au degr\u00e9 pr\u00e8s pour un caf\u00e9 parfaitement infus\u00e9. Fabriqu\u00e9e avec qualit\u00e9 et pr\u00e9cision, la bouilloire Artisan est convoit\u00e9e par les baristas experts du monde entier et par les amateurs de caf\u00e9 \u00e0 la recherche d&rsquo;une exp\u00e9rience plus \u00e9lev\u00e9e.  <\/p>\n<ul class=\"ul1\">\n<li class=\"li1\">Poign\u00e9e ergonomique et confortable<\/li>\n<li class=\"li1\">Bec en col de cygne pour un versement plus facile et mieux contr\u00f4l\u00e9<\/li>\n<li class=\"li1\">Contr\u00f4le \u00e9lectronique de la temp\u00e9rature Panneau LCD<\/li>\n<li class=\"li1\">R\u00e9glages pour l&rsquo;\u00e9bullition rapide et le maintien au chaud<\/li>\n<li class=\"li1\">Capacit\u00e9 de 1,0 litre<\/li>\n<li class=\"li1\"><b>FAHRENHEIT OU CELSIUS<\/b><\/li>\n<\/ul>\n<p><img decoding=\"async\" class=\"alignnone size-full wp-image-14196\" src=\"https:\/\/cafesantahelena.com\/wp-content\/uploads\/2024\/07\/6C3D558C-EDC3-40F7-946E-0946C8ECE5E5.webp\" alt=\"bouilloire \u00e9lectrique\" width=\"120\" height=\"100\" srcset=\"https:\/\/cafesantahelena.com\/wp-content\/uploads\/2024\/07\/6C3D558C-EDC3-40F7-946E-0946C8ECE5E5.webp 120w, https:\/\/cafesantahelena.com\/wp-content\/uploads\/2024\/07\/6C3D558C-EDC3-40F7-946E-0946C8ECE5E5-64x53.webp 64w\" sizes=\"(max-width: 120px) 100vw, 120px\" \/><\/p>\n<p class=\"p2\">R\u00e9glez l&rsquo;\u00e9cran LCD sur l&rsquo;\u00e9chelle de temp\u00e9rature de votre choix pour vous assurer que l&rsquo;eau est pr\u00eate \u00e0 \u00eatre brass\u00e9e.<\/p>\n<p class=\"p2\"><b>Th\u00e9s Infus\u00e9s<\/b><\/p>\n<p><img decoding=\"async\" class=\"alignnone size-full wp-image-14201\" src=\"https:\/\/cafesantahelena.com\/wp-content\/uploads\/2024\/07\/85A0EB47-F876-4E71-8E84-1EC1FA0F4FFF.webp\" alt=\"bouilloire \u00e9lectrique\" width=\"120\" height=\"100\" srcset=\"https:\/\/cafesantahelena.com\/wp-content\/uploads\/2024\/07\/85A0EB47-F876-4E71-8E84-1EC1FA0F4FFF.webp 120w, https:\/\/cafesantahelena.com\/wp-content\/uploads\/2024\/07\/85A0EB47-F876-4E71-8E84-1EC1FA0F4FFF-64x53.webp 64w\" sizes=\"(max-width: 120px) 100vw, 120px\" \/><\/p>\n<p class=\"p2\">Cette bouilloire est con\u00e7ue pour tous les types de boissons chaudes, et ravira les amateurs de th\u00e9 avec une tasse de menthe poivr\u00e9e joliment tremp\u00e9e.<\/p>\n<p><img decoding=\"async\" class=\"alignnone size-full wp-image-14206\" src=\"https:\/\/cafesantahelena.com\/wp-content\/uploads\/2024\/07\/B0955A87-81FF-4444-AC9A-D2CD29147557.webp\" alt=\"bouilloire \u00e9lectrique\" width=\"120\" height=\"100\" srcset=\"https:\/\/cafesantahelena.com\/wp-content\/uploads\/2024\/07\/B0955A87-81FF-4444-AC9A-D2CD29147557.webp 120w, https:\/\/cafesantahelena.com\/wp-content\/uploads\/2024\/07\/B0955A87-81FF-4444-AC9A-D2CD29147557-64x53.webp 64w\" sizes=\"(max-width: 120px) 100vw, 120px\" \/><\/p>\n<p class=\"p1\"><b>CONTR\u00d4LE PR\u00c9CIS DE L&rsquo;\u00c9COULEMENT<\/b><\/p>\n<p class=\"p1\">Ma\u00eetrisez votre rituel du caf\u00e9 en contr\u00f4lant le temps d&rsquo;\u00e9coulement gr\u00e2ce \u00e0 notre poign\u00e9e col de cygne intelligente et \u00e9l\u00e9gante.<\/p>\n<p><img loading=\"lazy\" decoding=\"async\" class=\"alignnone size-full wp-image-14211\" src=\"https:\/\/cafesantahelena.com\/wp-content\/uploads\/2024\/07\/FFBABDBA-1B0E-4611-B025-BC5605B331D0.webp\" alt=\"bouilloire \u00e9lectrique\" width=\"120\" height=\"100\" srcset=\"https:\/\/cafesantahelena.com\/wp-content\/uploads\/2024\/07\/FFBABDBA-1B0E-4611-B025-BC5605B331D0.webp 120w, https:\/\/cafesantahelena.com\/wp-content\/uploads\/2024\/07\/FFBABDBA-1B0E-4611-B025-BC5605B331D0-64x53.webp 64w\" sizes=\"(max-width: 120px) 100vw, 120px\" \/><\/p>\n<p class=\"p1\"><b>CONTR\u00d4LE DE LA TEMP\u00c9RATURE AU DEGR\u00c9 PR\u00c8S<\/b><\/p>\n<p class=\"p1\">Gr\u00e2ce \u00e0 la pr\u00e9cision de la chaleur, lib\u00e9rez le profil aromatique complet de vos torr\u00e9factions pr\u00e9f\u00e9r\u00e9es et am\u00e9liorez r\u00e9ellement votre exp\u00e9rience de d\u00e9gustation de caf\u00e9.<\/p>\n<p><img loading=\"lazy\" decoding=\"async\" class=\"alignnone size-full wp-image-14216\" src=\"https:\/\/cafesantahelena.com\/wp-content\/uploads\/2024\/07\/icon-flash-boil_140x.png\" alt=\"bouilloire \u00e9lectrique\" width=\"120\" height=\"100\" srcset=\"https:\/\/cafesantahelena.com\/wp-content\/uploads\/2024\/07\/icon-flash-boil_140x.png 120w, https:\/\/cafesantahelena.com\/wp-content\/uploads\/2024\/07\/icon-flash-boil_140x-64x53.png 64w\" sizes=\"(max-width: 120px) 100vw, 120px\" \/><\/p>\n<p class=\"p1\"><b>R\u00c9GLAGE DE L&rsquo;\u00c9BULLITION INSTANTAN\u00c9E<\/b><\/p>\n<p class=\"p1\">Avec des vitesses d&rsquo;\u00e9bullition que m\u00eame les amateurs de caf\u00e9 peuvent appr\u00e9cier, l&rsquo;\u00e9bullition puissante de Brewista signifie moins de temps \u00e0 attendre, et plus de temps \u00e0 profiter d&rsquo;une tasse de caf\u00e9 parfaite.<\/p>\n<p class=\"p1\"><img loading=\"lazy\" decoding=\"async\" class=\"alignnone size-full wp-image-14221\" src=\"https:\/\/cafesantahelena.com\/wp-content\/uploads\/2024\/07\/icon-warm_140x.png\" alt=\"bouilloire \u00e9lectrique\" width=\"120\" height=\"100\" srcset=\"https:\/\/cafesantahelena.com\/wp-content\/uploads\/2024\/07\/icon-warm_140x.png 120w, https:\/\/cafesantahelena.com\/wp-content\/uploads\/2024\/07\/icon-warm_140x-64x53.png 64w\" sizes=\"(max-width: 120px) 100vw, 120px\" \/><\/p>\n<p class=\"p1\"><b>R\u00c9GLAGE DU MAINTIEN AU CHAUD<\/b><\/p>\n<p class=\"p1\">Retrouvez la sensation de la premi\u00e8re tasse sans avoir \u00e0 red\u00e9marrer votre eau. Maintenez la temp\u00e9rature de l&rsquo;eau souhait\u00e9e. <\/p>\n<p class=\"p1\" style=\"text-align: center;\"><b>Si vous voulez faire de votre caf\u00e9 un rituel chic, n&rsquo;h\u00e9sitez pas !<\/b><\/p>\n<p style=\"text-align: center;\"><a href=\"?add-to-cart=16745\"><strong><span style=\"color: #800000;\">Ajouter au panier<\/span><\/strong><\/a><\/p>\n<p style=\"text-align: center;\"><img loading=\"lazy\" decoding=\"async\" class=\"alignnone wp-image-15375\" src=\"https:\/\/cafesantahelena.com\/wp-content\/uploads\/2024\/11\/logo-1.png\" alt=\"Logo Caf\u00e9 Santa Helena\" width=\"171\" height=\"171\" srcset=\"https:\/\/cafesantahelena.com\/wp-content\/uploads\/2024\/11\/logo-1.png 300w, https:\/\/cafesantahelena.com\/wp-content\/uploads\/2024\/11\/logo-1-100x100.png 100w, https:\/\/cafesantahelena.com\/wp-content\/uploads\/2024\/11\/logo-1-64x64.png 64w, https:\/\/cafesantahelena.com\/wp-content\/uploads\/2024\/11\/logo-1-150x150.png 150w\" sizes=\"(max-width: 171px) 100vw, 171px\" \/><\/p>\n<p class=\"p1\" style=\"text-align: center;\">\n","protected":false},"excerpt":{"rendered":"<p class=\"p1\">IVA incl.<\/p>\n<p class=\"p1\">frais de livraison \u00e0 la caisse<\/p>\n<p class=\"p1\">La gamme de bouilloires Artisan de Brewista apporte style et contr\u00f4le num\u00e9rique \u00e0 la pr\u00e9paration de votre caf\u00e9 et de votre th\u00e9.<\/p>\n<p class=\"p1\">La bouilloire Artisan a \u00e9t\u00e9 con\u00e7ue avec un col de cygne de pr\u00e9cision et un bec \u00e0 angle sp\u00e9cial pour un contr\u00f4le tr\u00e8s pr\u00e9cis du versement, et une poign\u00e9e ergonomique facile \u00e0 saisir pour plus de confort.<\/p>\n<p class=\"p1\">Capacit\u00e9 1L &#8211; 220V<\/p>\n<p class=\"p1\">Inox et bois.<\/p>\n<p class=\"p1\">\n","protected":false},"featured_media":17062,"comment_status":"open","ping_status":"closed","template":"","meta":[],"product_brand":[],"product_cat":[169],"product_tag":[228],"class_list":{"0":"post-16749","1":"product","2":"type-product","3":"status-publish","4":"has-post-thumbnail","6":"product_cat-accessoires","7":"product_tag-bouilloire-electrique-fr","9":"first","10":"outofstock","11":"featured","12":"shipping-taxable","13":"purchasable","14":"product-type-simple"},"yoast_head":"<!-- This site is optimized with the Yoast SEO plugin v26.4 - https:\/\/yoast.com\/wordpress\/plugins\/seo\/ -->\n<title>Bouilloire \u00e9lectrique Brewista - Caf\u00e9 Santa Helena<\/title>\n<meta name=\"description\" content=\"Bouilloire \u00e9lectrique Brewista Col de Cygne. Commencez votre rituel du caf\u00e9 du matin avec la bouilloire Artisan. Couleur Inox et bois. Capacit\u00e9 1L - 220V\" \/>\n<meta name=\"robots\" content=\"index, follow, max-snippet:-1, max-image-preview:large, max-video-preview:-1\" \/>\n<link rel=\"canonical\" href=\"https:\/\/cafesantahelena.com\/fr\/products\/bouilloire-electrique-brewista\/\" \/>\n<meta property=\"og:locale\" content=\"fr_FR\" \/>\n<meta property=\"og:type\" content=\"article\" \/>\n<meta property=\"og:title\" content=\"Bouilloire \u00e9lectrique Brewista - Caf\u00e9 Santa Helena\" \/>\n<meta property=\"og:description\" content=\"Bouilloire \u00e9lectrique Brewista Col de Cygne. Commencez votre rituel du caf\u00e9 du matin avec la bouilloire Artisan. Couleur Inox et bois. Capacit\u00e9 1L - 220V\" \/>\n<meta property=\"og:url\" content=\"https:\/\/cafesantahelena.com\/fr\/products\/bouilloire-electrique-brewista\/\" \/>\n<meta property=\"og:site_name\" content=\"Caf\u00e9 Santa Helena\" \/>\n<meta property=\"article:modified_time\" content=\"2025-01-21T21:31:47+00:00\" \/>\n<meta property=\"og:image\" content=\"https:\/\/cafesantahelena.com\/wp-content\/uploads\/2024\/07\/Brewista-electrical-kettle-.webp\" \/>\n\t<meta property=\"og:image:width\" content=\"350\" \/>\n\t<meta property=\"og:image:height\" content=\"450\" \/>\n\t<meta property=\"og:image:type\" content=\"image\/webp\" \/>\n<meta name=\"twitter:card\" content=\"summary_large_image\" \/>\n<meta name=\"twitter:label1\" content=\"Dur\u00e9e de lecture estim\u00e9e\" \/>\n\t<meta name=\"twitter:data1\" content=\"3 minutes\" \/>\n<script type=\"application\/ld+json\" class=\"yoast-schema-graph\">{\"@context\":\"https:\/\/schema.org\",\"@graph\":[{\"@type\":\"WebPage\",\"@id\":\"https:\/\/cafesantahelena.com\/fr\/products\/bouilloire-electrique-brewista\/\",\"url\":\"https:\/\/cafesantahelena.com\/fr\/products\/bouilloire-electrique-brewista\/\",\"name\":\"Bouilloire \u00e9lectrique Brewista - Caf\u00e9 Santa Helena\",\"isPartOf\":{\"@id\":\"https:\/\/cafesantahelena.com\/#website\"},\"primaryImageOfPage\":{\"@id\":\"https:\/\/cafesantahelena.com\/fr\/products\/bouilloire-electrique-brewista\/#primaryimage\"},\"image\":{\"@id\":\"https:\/\/cafesantahelena.com\/fr\/products\/bouilloire-electrique-brewista\/#primaryimage\"},\"thumbnailUrl\":\"https:\/\/cafesantahelena.com\/wp-content\/uploads\/2024\/07\/Brewista-electrical-kettle-.webp\",\"datePublished\":\"2025-01-04T13:58:58+00:00\",\"dateModified\":\"2025-01-21T21:31:47+00:00\",\"description\":\"Bouilloire \u00e9lectrique Brewista Col de Cygne. Commencez votre rituel du caf\u00e9 du matin avec la bouilloire Artisan. Couleur Inox et bois. Capacit\u00e9 1L - 220V\",\"breadcrumb\":{\"@id\":\"https:\/\/cafesantahelena.com\/fr\/products\/bouilloire-electrique-brewista\/#breadcrumb\"},\"inLanguage\":\"fr-FR\",\"potentialAction\":[{\"@type\":\"ReadAction\",\"target\":[\"https:\/\/cafesantahelena.com\/fr\/products\/bouilloire-electrique-brewista\/\"]}]},{\"@type\":\"ImageObject\",\"inLanguage\":\"fr-FR\",\"@id\":\"https:\/\/cafesantahelena.com\/fr\/products\/bouilloire-electrique-brewista\/#primaryimage\",\"url\":\"https:\/\/cafesantahelena.com\/wp-content\/uploads\/2024\/07\/Brewista-electrical-kettle-.webp\",\"contentUrl\":\"https:\/\/cafesantahelena.com\/wp-content\/uploads\/2024\/07\/Brewista-electrical-kettle-.webp\",\"width\":350,\"height\":450,\"caption\":\"bouilloire \u00e9lectrique\"},{\"@type\":\"BreadcrumbList\",\"@id\":\"https:\/\/cafesantahelena.com\/fr\/products\/bouilloire-electrique-brewista\/#breadcrumb\",\"itemListElement\":[{\"@type\":\"ListItem\",\"position\":1,\"name\":\"In\u00edcio\",\"item\":\"https:\/\/cafesantahelena.com\/fr\/\"},{\"@type\":\"ListItem\",\"position\":2,\"name\":\"Produtos\",\"item\":\"https:\/\/cafesantahelena.com\/loja\/\"},{\"@type\":\"ListItem\",\"position\":3,\"name\":\"Bouilloire \u00e9lectrique Brewista\"}]},{\"@type\":\"WebSite\",\"@id\":\"https:\/\/cafesantahelena.com\/#website\",\"url\":\"https:\/\/cafesantahelena.com\/\",\"name\":\"Caf\u00e9 Santa Helena\",\"description\":\"\",\"potentialAction\":[{\"@type\":\"SearchAction\",\"target\":{\"@type\":\"EntryPoint\",\"urlTemplate\":\"https:\/\/cafesantahelena.com\/?s={search_term_string}\"},\"query-input\":{\"@type\":\"PropertyValueSpecification\",\"valueRequired\":true,\"valueName\":\"search_term_string\"}}],\"inLanguage\":\"fr-FR\"}]}<\/script>\n<!-- \/ Yoast SEO plugin. -->","yoast_head_json":{"title":"Bouilloire \u00e9lectrique Brewista - Caf\u00e9 Santa Helena","description":"Bouilloire \u00e9lectrique Brewista Col de Cygne. Commencez votre rituel du caf\u00e9 du matin avec la bouilloire Artisan. Couleur Inox et bois. Capacit\u00e9 1L - 220V","robots":{"index":"index","follow":"follow","max-snippet":"max-snippet:-1","max-image-preview":"max-image-preview:large","max-video-preview":"max-video-preview:-1"},"canonical":"https:\/\/cafesantahelena.com\/fr\/products\/bouilloire-electrique-brewista\/","og_locale":"fr_FR","og_type":"article","og_title":"Bouilloire \u00e9lectrique Brewista - Caf\u00e9 Santa Helena","og_description":"Bouilloire \u00e9lectrique Brewista Col de Cygne. Commencez votre rituel du caf\u00e9 du matin avec la bouilloire Artisan. Couleur Inox et bois. Capacit\u00e9 1L - 220V","og_url":"https:\/\/cafesantahelena.com\/fr\/products\/bouilloire-electrique-brewista\/","og_site_name":"Caf\u00e9 Santa Helena","article_modified_time":"2025-01-21T21:31:47+00:00","og_image":[{"width":350,"height":450,"url":"https:\/\/cafesantahelena.com\/wp-content\/uploads\/2024\/07\/Brewista-electrical-kettle-.webp","type":"image\/webp"}],"twitter_card":"summary_large_image","twitter_misc":{"Dur\u00e9e de lecture estim\u00e9e":"3 minutes"},"schema":{"@context":"https:\/\/schema.org","@graph":[{"@type":"WebPage","@id":"https:\/\/cafesantahelena.com\/fr\/products\/bouilloire-electrique-brewista\/","url":"https:\/\/cafesantahelena.com\/fr\/products\/bouilloire-electrique-brewista\/","name":"Bouilloire \u00e9lectrique Brewista - Caf\u00e9 Santa Helena","isPartOf":{"@id":"https:\/\/cafesantahelena.com\/#website"},"primaryImageOfPage":{"@id":"https:\/\/cafesantahelena.com\/fr\/products\/bouilloire-electrique-brewista\/#primaryimage"},"image":{"@id":"https:\/\/cafesantahelena.com\/fr\/products\/bouilloire-electrique-brewista\/#primaryimage"},"thumbnailUrl":"https:\/\/cafesantahelena.com\/wp-content\/uploads\/2024\/07\/Brewista-electrical-kettle-.webp","datePublished":"2025-01-04T13:58:58+00:00","dateModified":"2025-01-21T21:31:47+00:00","description":"Bouilloire \u00e9lectrique Brewista Col de Cygne. Commencez votre rituel du caf\u00e9 du matin avec la bouilloire Artisan. Couleur Inox et bois. Capacit\u00e9 1L - 220V","breadcrumb":{"@id":"https:\/\/cafesantahelena.com\/fr\/products\/bouilloire-electrique-brewista\/#breadcrumb"},"inLanguage":"fr-FR","potentialAction":[{"@type":"ReadAction","target":["https:\/\/cafesantahelena.com\/fr\/products\/bouilloire-electrique-brewista\/"]}]},{"@type":"ImageObject","inLanguage":"fr-FR","@id":"https:\/\/cafesantahelena.com\/fr\/products\/bouilloire-electrique-brewista\/#primaryimage","url":"https:\/\/cafesantahelena.com\/wp-content\/uploads\/2024\/07\/Brewista-electrical-kettle-.webp","contentUrl":"https:\/\/cafesantahelena.com\/wp-content\/uploads\/2024\/07\/Brewista-electrical-kettle-.webp","width":350,"height":450,"caption":"bouilloire \u00e9lectrique"},{"@type":"BreadcrumbList","@id":"https:\/\/cafesantahelena.com\/fr\/products\/bouilloire-electrique-brewista\/#breadcrumb","itemListElement":[{"@type":"ListItem","position":1,"name":"In\u00edcio","item":"https:\/\/cafesantahelena.com\/fr\/"},{"@type":"ListItem","position":2,"name":"Produtos","item":"https:\/\/cafesantahelena.com\/loja\/"},{"@type":"ListItem","position":3,"name":"Bouilloire \u00e9lectrique Brewista"}]},{"@type":"WebSite","@id":"https:\/\/cafesantahelena.com\/#website","url":"https:\/\/cafesantahelena.com\/","name":"Caf\u00e9 Santa Helena","description":"","potentialAction":[{"@type":"SearchAction","target":{"@type":"EntryPoint","urlTemplate":"https:\/\/cafesantahelena.com\/?s={search_term_string}"},"query-input":{"@type":"PropertyValueSpecification","valueRequired":true,"valueName":"search_term_string"}}],"inLanguage":"fr-FR"}]}},"_links":{"self":[{"href":"https:\/\/cafesantahelena.com\/fr\/wp-json\/wp\/v2\/product\/16749","targetHints":{"allow":["GET"]}}],"collection":[{"href":"https:\/\/cafesantahelena.com\/fr\/wp-json\/wp\/v2\/product"}],"about":[{"href":"https:\/\/cafesantahelena.com\/fr\/wp-json\/wp\/v2\/types\/product"}],"replies":[{"embeddable":true,"href":"https:\/\/cafesantahelena.com\/fr\/wp-json\/wp\/v2\/comments?post=16749"}],"wp:featuredmedia":[{"embeddable":true,"href":"https:\/\/cafesantahelena.com\/fr\/wp-json\/wp\/v2\/media\/17062"}],"wp:attachment":[{"href":"https:\/\/cafesantahelena.com\/fr\/wp-json\/wp\/v2\/media?parent=16749"}],"wp:term":[{"taxonomy":"product_brand","embeddable":true,"href":"https:\/\/cafesantahelena.com\/fr\/wp-json\/wp\/v2\/product_brand?post=16749"},{"taxonomy":"product_cat","embeddable":true,"href":"https:\/\/cafesantahelena.com\/fr\/wp-json\/wp\/v2\/product_cat?post=16749"},{"taxonomy":"product_tag","embeddable":true,"href":"https:\/\/cafesantahelena.com\/fr\/wp-json\/wp\/v2\/product_tag?post=16749"}],"curies":[{"name":"wp","href":"https:\/\/api.w.org\/{rel}","templated":true}]}}