{"id":16788,"date":"2025-01-05T14:49:41","date_gmt":"2025-01-05T14:49:41","guid":{"rendered":"https:\/\/cafesantahelena.com\/products\/capsules-espresso-coffee\/"},"modified":"2025-01-19T23:55:11","modified_gmt":"2025-01-19T23:55:11","slug":"capsules-de-cafe-espresso","status":"publish","type":"product","link":"https:\/\/cafesantahelena.com\/fr\/products\/capsules-de-cafe-espresso\/","title":{"rendered":"Capsules de Caf\u00e9 Espresso"},"content":{"rendered":"<h2><strong>Capsules de Caf\u00e9 \u00e0 partir de Copeaux de bois<br \/>\n<\/strong><\/h2>\n<p><strong>Capsules de caf\u00e9 espresso &#8211; compatibles avec le syst\u00e8me Nespresso\u00ae.<\/strong><\/p>\n<p>Mat\u00e9riau naturel, compostable \u00e0 la maison et biod\u00e9gradable.<\/p>\n<p>Caf\u00e9 100% bio Arabica, de Commerce \u00e9quitable. Caf\u00e9 de Sp\u00e9cialit\u00e9<\/p>\n<p><strong>Il est certifi\u00e9 biologique par l&rsquo;AAO (Association of Organic Agriculture), USDA international, Fairtrade et Bio Inspecta en Suisse<\/strong>.<\/p>\n<p><b style=\"font-size: 12pt;\"><span style=\"font-size: 12pt;\">Certifications du caf\u00e9 de Santa Helena<\/span><\/b><\/p>\n<p style=\"text-align: left;\"><strong><img decoding=\"async\" class=\"alignnone size-full wp-image-14083\" src=\"https:\/\/cafesantahelena.com\/wp-content\/uploads\/2024\/07\/DA7819F7-177F-4E28-A0D0-2B99487CAE75-300x52-1.jpeg\" alt=\"\" width=\"300\" height=\"52\" \/><\/strong><\/p>\n<p><span style=\"font-size: 14pt; color: #000000;\"><strong>Caract\u00e9ristiques du caf\u00e9:<\/strong><\/span><\/p>\n<p><strong>Vari\u00e9t\u00e9 botanique : <\/strong>Arabica (Catuai Vermelho)<\/p>\n<p><strong>Provenance : <\/strong>Br\u00e9sil<\/p>\n<p><strong>R\u00e9colte :<\/strong> \u00c0 la main<\/p>\n<p><strong>S\u00e9chage : <\/strong>Au soleil<\/p>\n<p><strong>Torr\u00e9faction : Torr\u00e9faction artisanale lente dans un torr\u00e9facteur \u00e0 bois sur les montagnes suisses.<\/strong><\/p>\n<p><strong>Intensit\u00e9 :<\/strong> Torr\u00e9faction fonc\u00e9e pour un espresso italien classique.<\/p>\n<h3 style=\"text-align: center;\"><span style=\"font-size: 14pt;\"><strong>Quelle est la signification du caf\u00e9 espresso?<\/strong><\/span><\/h3>\n<p><strong>L&rsquo;espresso<\/strong> est un style de caf\u00e9 italien obtenu en faisant passer de l&rsquo;eau chaude (environ 90 \u00b0C) sous pression \u00e0 travers des grains de caf\u00e9 torr\u00e9fi\u00e9s et finement moulus.<\/p>\n<p>Lorsque vous ajoutez du lait chaud \u00e0 l&rsquo;espresso, vous obtenez un cappuccino.<\/p>\n<p><span style=\"font-size: 12pt;\"><strong>Ingr\u00e9dients : <\/strong><\/span>Capsules de Caf\u00e9 de sp\u00e9cialit\u00e9 100% Arabica, biologique et \u00e9quitable. Pure Origine du Br\u00e9sil \ud83c\udde7\ud83c\uddf7. Bo\u00eete ronde en papier kraft-10 capsules<\/p>\n<p>&nbsp;<\/p>\n<h3 style=\"text-align: center;\"><span style=\"font-size: 18pt;\"><strong><span style=\"color: #ff0000;\"><span style=\"color: #800000;\"><em>Choisissez le meilleur ! Caf\u00e9 Santa Helena<\/em><\/span><\/span><\/strong><\/span><\/h3>\n<h3 style=\"text-align: center;\"><span style=\"color: #800000;\"><em><a style=\"color: #800000;\" href=\"?add-to-cart=16770\"><span style=\"font-size: 24pt;\"><strong>Ajouter au Panier<\/strong><\/span><\/a><\/em><\/span><\/h3>\n<p style=\"text-align: center;\"><img decoding=\"async\" class=\"alignnone wp-image-15375\" src=\"https:\/\/cafesantahelena.com\/wp-content\/uploads\/2024\/11\/logo-1.png\" alt=\"Logo Caf\u00e9 Santa Helena\" width=\"172\" height=\"172\" srcset=\"https:\/\/cafesantahelena.com\/wp-content\/uploads\/2024\/11\/logo-1.png 300w, https:\/\/cafesantahelena.com\/wp-content\/uploads\/2024\/11\/logo-1-100x100.png 100w, https:\/\/cafesantahelena.com\/wp-content\/uploads\/2024\/11\/logo-1-64x64.png 64w, https:\/\/cafesantahelena.com\/wp-content\/uploads\/2024\/11\/logo-1-150x150.png 150w\" sizes=\"(max-width: 172px) 100vw, 172px\" \/><\/p>\n<p>&nbsp;<\/p>\n<p>&nbsp;<\/p>\n","protected":false},"excerpt":{"rendered":"<p>IVA incl.<\/p>\n<p>frais d&rsquo;exp\u00e9dition \u00e0 la caisse<\/p>\n<p>Capsules de caf\u00e9 exceptionnelles, torr\u00e9fi\u00e9es artisanalement dans un torr\u00e9facteur en bois qui leur conf\u00e8re une saveur particuli\u00e8re.<\/p>\n<p>Caf\u00e9 de sp\u00e9cialit\u00e9 100% Bio Arabica Single Origin.<\/p>\n<p>Douceur accentu\u00e9e et faible acidit\u00e9 r\u00e9siduelle. Notes sensorielles de caramel, de chocolat noir, de noix et de fruits. Corps plein et cr\u00e8me savoureuse.<\/p>\n<p>Id\u00e9al pour les amateurs d&rsquo;espresso cors\u00e9.<\/p>\n<p>Intensit\u00e9 : Torr\u00e9faction fonc\u00e9<\/p>\n<p><img decoding=\"async\" class=\"alignnone wp-image-14166\" src=\"https:\/\/cafesantahelena.com\/wp-content\/uploads\/2024\/07\/B3DDE4ED-DC26-45F4-9E02-44607276617E-300x33-1.png\" alt=\"\" width=\"209\" height=\"23\" srcset=\"https:\/\/cafesantahelena.com\/wp-content\/uploads\/2024\/07\/B3DDE4ED-DC26-45F4-9E02-44607276617E-300x33-1.png 300w, https:\/\/cafesantahelena.com\/wp-content\/uploads\/2024\/07\/B3DDE4ED-DC26-45F4-9E02-44607276617E-300x33-1-64x7.png 64w\" sizes=\"(max-width: 209px) 100vw, 209px\" \/><\/p>\n<p>Capsules 100% biologiques, compostables et biod\u00e9gradables.<\/p>\n<p>Bo\u00eete ronde en papier kraft = 10 capsules compatible avec <b>Nespresso\u00ae-system\u00a0<\/b><\/p>\n","protected":false},"featured_media":17022,"comment_status":"open","ping_status":"closed","template":"","meta":[],"product_brand":[],"product_cat":[171],"product_tag":[208,225],"class_list":{"0":"post-16788","1":"product","2":"type-product","3":"status-publish","4":"has-post-thumbnail","6":"product_cat-eco-capsules","7":"product_tag-capsules-fr","8":"product_tag-espresso-coffee-fr","10":"first","11":"outofstock","12":"featured","13":"shipping-taxable","14":"purchasable","15":"product-type-simple"},"yoast_head":"<!-- This site is optimized with the Yoast SEO plugin v26.4 - https:\/\/yoast.com\/wordpress\/plugins\/seo\/ -->\n<title>Capsules de Caf\u00e9 Espresso - Caf\u00e9 Santa Helena<\/title>\n<meta name=\"description\" content=\"Capsules de caf\u00e9 espresso. Mat\u00e9riau naturel \u00e0 base de copeaux de bois. Caf\u00e9 de sp\u00e9cialit\u00e9, 100% Bio Arabica. Bo\u00eete ronde avec 10 capsules.\" \/>\n<meta name=\"robots\" content=\"index, follow, max-snippet:-1, max-image-preview:large, max-video-preview:-1\" \/>\n<link rel=\"canonical\" href=\"https:\/\/cafesantahelena.com\/fr\/products\/capsules-de-cafe-espresso\/\" \/>\n<meta property=\"og:locale\" content=\"fr_FR\" \/>\n<meta property=\"og:type\" content=\"article\" \/>\n<meta property=\"og:title\" content=\"Capsules de Caf\u00e9 Espresso - Caf\u00e9 Santa Helena\" \/>\n<meta property=\"og:description\" content=\"Capsules de caf\u00e9 espresso. Mat\u00e9riau naturel \u00e0 base de copeaux de bois. Caf\u00e9 de sp\u00e9cialit\u00e9, 100% Bio Arabica. Bo\u00eete ronde avec 10 capsules.\" \/>\n<meta property=\"og:url\" content=\"https:\/\/cafesantahelena.com\/fr\/products\/capsules-de-cafe-espresso\/\" \/>\n<meta property=\"og:site_name\" content=\"Caf\u00e9 Santa Helena\" \/>\n<meta property=\"article:modified_time\" content=\"2025-01-19T23:55:11+00:00\" \/>\n<meta property=\"og:image\" content=\"https:\/\/cafesantahelena.com\/wp-content\/uploads\/2024\/07\/Capsules-espresso-organic-coffee.webp\" \/>\n\t<meta property=\"og:image:width\" content=\"350\" \/>\n\t<meta property=\"og:image:height\" content=\"450\" \/>\n\t<meta property=\"og:image:type\" content=\"image\/webp\" \/>\n<meta name=\"twitter:card\" content=\"summary_large_image\" \/>\n<meta name=\"twitter:label1\" content=\"Dur\u00e9e de lecture estim\u00e9e\" \/>\n\t<meta name=\"twitter:data1\" content=\"2 minutes\" \/>\n<script type=\"application\/ld+json\" class=\"yoast-schema-graph\">{\"@context\":\"https:\/\/schema.org\",\"@graph\":[{\"@type\":\"WebPage\",\"@id\":\"https:\/\/cafesantahelena.com\/fr\/products\/capsules-de-cafe-espresso\/\",\"url\":\"https:\/\/cafesantahelena.com\/fr\/products\/capsules-de-cafe-espresso\/\",\"name\":\"Capsules de Caf\u00e9 Espresso - Caf\u00e9 Santa Helena\",\"isPartOf\":{\"@id\":\"https:\/\/cafesantahelena.com\/#website\"},\"primaryImageOfPage\":{\"@id\":\"https:\/\/cafesantahelena.com\/fr\/products\/capsules-de-cafe-espresso\/#primaryimage\"},\"image\":{\"@id\":\"https:\/\/cafesantahelena.com\/fr\/products\/capsules-de-cafe-espresso\/#primaryimage\"},\"thumbnailUrl\":\"https:\/\/cafesantahelena.com\/wp-content\/uploads\/2024\/07\/Capsules-espresso-organic-coffee.webp\",\"datePublished\":\"2025-01-05T14:49:41+00:00\",\"dateModified\":\"2025-01-19T23:55:11+00:00\",\"description\":\"Capsules de caf\u00e9 espresso. Mat\u00e9riau naturel \u00e0 base de copeaux de bois. Caf\u00e9 de sp\u00e9cialit\u00e9, 100% Bio Arabica. Bo\u00eete ronde avec 10 capsules.\",\"breadcrumb\":{\"@id\":\"https:\/\/cafesantahelena.com\/fr\/products\/capsules-de-cafe-espresso\/#breadcrumb\"},\"inLanguage\":\"fr-FR\",\"potentialAction\":[{\"@type\":\"ReadAction\",\"target\":[\"https:\/\/cafesantahelena.com\/fr\/products\/capsules-de-cafe-espresso\/\"]}]},{\"@type\":\"ImageObject\",\"inLanguage\":\"fr-FR\",\"@id\":\"https:\/\/cafesantahelena.com\/fr\/products\/capsules-de-cafe-espresso\/#primaryimage\",\"url\":\"https:\/\/cafesantahelena.com\/wp-content\/uploads\/2024\/07\/Capsules-espresso-organic-coffee.webp\",\"contentUrl\":\"https:\/\/cafesantahelena.com\/wp-content\/uploads\/2024\/07\/Capsules-espresso-organic-coffee.webp\",\"width\":350,\"height\":450,\"caption\":\"capsules espresso organic coffee\"},{\"@type\":\"BreadcrumbList\",\"@id\":\"https:\/\/cafesantahelena.com\/fr\/products\/capsules-de-cafe-espresso\/#breadcrumb\",\"itemListElement\":[{\"@type\":\"ListItem\",\"position\":1,\"name\":\"In\u00edcio\",\"item\":\"https:\/\/cafesantahelena.com\/fr\/\"},{\"@type\":\"ListItem\",\"position\":2,\"name\":\"Produtos\",\"item\":\"https:\/\/cafesantahelena.com\/loja\/\"},{\"@type\":\"ListItem\",\"position\":3,\"name\":\"Capsules de Caf\u00e9 Espresso\"}]},{\"@type\":\"WebSite\",\"@id\":\"https:\/\/cafesantahelena.com\/#website\",\"url\":\"https:\/\/cafesantahelena.com\/\",\"name\":\"Caf\u00e9 Santa Helena\",\"description\":\"\",\"potentialAction\":[{\"@type\":\"SearchAction\",\"target\":{\"@type\":\"EntryPoint\",\"urlTemplate\":\"https:\/\/cafesantahelena.com\/?s={search_term_string}\"},\"query-input\":{\"@type\":\"PropertyValueSpecification\",\"valueRequired\":true,\"valueName\":\"search_term_string\"}}],\"inLanguage\":\"fr-FR\"}]}<\/script>\n<!-- \/ Yoast SEO plugin. -->","yoast_head_json":{"title":"Capsules de Caf\u00e9 Espresso - Caf\u00e9 Santa Helena","description":"Capsules de caf\u00e9 espresso. Mat\u00e9riau naturel \u00e0 base de copeaux de bois. Caf\u00e9 de sp\u00e9cialit\u00e9, 100% Bio Arabica. Bo\u00eete ronde avec 10 capsules.","robots":{"index":"index","follow":"follow","max-snippet":"max-snippet:-1","max-image-preview":"max-image-preview:large","max-video-preview":"max-video-preview:-1"},"canonical":"https:\/\/cafesantahelena.com\/fr\/products\/capsules-de-cafe-espresso\/","og_locale":"fr_FR","og_type":"article","og_title":"Capsules de Caf\u00e9 Espresso - Caf\u00e9 Santa Helena","og_description":"Capsules de caf\u00e9 espresso. Mat\u00e9riau naturel \u00e0 base de copeaux de bois. Caf\u00e9 de sp\u00e9cialit\u00e9, 100% Bio Arabica. Bo\u00eete ronde avec 10 capsules.","og_url":"https:\/\/cafesantahelena.com\/fr\/products\/capsules-de-cafe-espresso\/","og_site_name":"Caf\u00e9 Santa Helena","article_modified_time":"2025-01-19T23:55:11+00:00","og_image":[{"width":350,"height":450,"url":"https:\/\/cafesantahelena.com\/wp-content\/uploads\/2024\/07\/Capsules-espresso-organic-coffee.webp","type":"image\/webp"}],"twitter_card":"summary_large_image","twitter_misc":{"Dur\u00e9e de lecture estim\u00e9e":"2 minutes"},"schema":{"@context":"https:\/\/schema.org","@graph":[{"@type":"WebPage","@id":"https:\/\/cafesantahelena.com\/fr\/products\/capsules-de-cafe-espresso\/","url":"https:\/\/cafesantahelena.com\/fr\/products\/capsules-de-cafe-espresso\/","name":"Capsules de Caf\u00e9 Espresso - Caf\u00e9 Santa Helena","isPartOf":{"@id":"https:\/\/cafesantahelena.com\/#website"},"primaryImageOfPage":{"@id":"https:\/\/cafesantahelena.com\/fr\/products\/capsules-de-cafe-espresso\/#primaryimage"},"image":{"@id":"https:\/\/cafesantahelena.com\/fr\/products\/capsules-de-cafe-espresso\/#primaryimage"},"thumbnailUrl":"https:\/\/cafesantahelena.com\/wp-content\/uploads\/2024\/07\/Capsules-espresso-organic-coffee.webp","datePublished":"2025-01-05T14:49:41+00:00","dateModified":"2025-01-19T23:55:11+00:00","description":"Capsules de caf\u00e9 espresso. Mat\u00e9riau naturel \u00e0 base de copeaux de bois. Caf\u00e9 de sp\u00e9cialit\u00e9, 100% Bio Arabica. Bo\u00eete ronde avec 10 capsules.","breadcrumb":{"@id":"https:\/\/cafesantahelena.com\/fr\/products\/capsules-de-cafe-espresso\/#breadcrumb"},"inLanguage":"fr-FR","potentialAction":[{"@type":"ReadAction","target":["https:\/\/cafesantahelena.com\/fr\/products\/capsules-de-cafe-espresso\/"]}]},{"@type":"ImageObject","inLanguage":"fr-FR","@id":"https:\/\/cafesantahelena.com\/fr\/products\/capsules-de-cafe-espresso\/#primaryimage","url":"https:\/\/cafesantahelena.com\/wp-content\/uploads\/2024\/07\/Capsules-espresso-organic-coffee.webp","contentUrl":"https:\/\/cafesantahelena.com\/wp-content\/uploads\/2024\/07\/Capsules-espresso-organic-coffee.webp","width":350,"height":450,"caption":"capsules espresso organic coffee"},{"@type":"BreadcrumbList","@id":"https:\/\/cafesantahelena.com\/fr\/products\/capsules-de-cafe-espresso\/#breadcrumb","itemListElement":[{"@type":"ListItem","position":1,"name":"In\u00edcio","item":"https:\/\/cafesantahelena.com\/fr\/"},{"@type":"ListItem","position":2,"name":"Produtos","item":"https:\/\/cafesantahelena.com\/loja\/"},{"@type":"ListItem","position":3,"name":"Capsules de Caf\u00e9 Espresso"}]},{"@type":"WebSite","@id":"https:\/\/cafesantahelena.com\/#website","url":"https:\/\/cafesantahelena.com\/","name":"Caf\u00e9 Santa Helena","description":"","potentialAction":[{"@type":"SearchAction","target":{"@type":"EntryPoint","urlTemplate":"https:\/\/cafesantahelena.com\/?s={search_term_string}"},"query-input":{"@type":"PropertyValueSpecification","valueRequired":true,"valueName":"search_term_string"}}],"inLanguage":"fr-FR"}]}},"_links":{"self":[{"href":"https:\/\/cafesantahelena.com\/fr\/wp-json\/wp\/v2\/product\/16788","targetHints":{"allow":["GET"]}}],"collection":[{"href":"https:\/\/cafesantahelena.com\/fr\/wp-json\/wp\/v2\/product"}],"about":[{"href":"https:\/\/cafesantahelena.com\/fr\/wp-json\/wp\/v2\/types\/product"}],"replies":[{"embeddable":true,"href":"https:\/\/cafesantahelena.com\/fr\/wp-json\/wp\/v2\/comments?post=16788"}],"wp:featuredmedia":[{"embeddable":true,"href":"https:\/\/cafesantahelena.com\/fr\/wp-json\/wp\/v2\/media\/17022"}],"wp:attachment":[{"href":"https:\/\/cafesantahelena.com\/fr\/wp-json\/wp\/v2\/media?parent=16788"}],"wp:term":[{"taxonomy":"product_brand","embeddable":true,"href":"https:\/\/cafesantahelena.com\/fr\/wp-json\/wp\/v2\/product_brand?post=16788"},{"taxonomy":"product_cat","embeddable":true,"href":"https:\/\/cafesantahelena.com\/fr\/wp-json\/wp\/v2\/product_cat?post=16788"},{"taxonomy":"product_tag","embeddable":true,"href":"https:\/\/cafesantahelena.com\/fr\/wp-json\/wp\/v2\/product_tag?post=16788"}],"curies":[{"name":"wp","href":"https:\/\/api.w.org\/{rel}","templated":true}]}}