{"id":16797,"date":"2025-01-05T20:26:11","date_gmt":"2025-01-05T20:26:11","guid":{"rendered":"https:\/\/cafesantahelena.com\/products\/specialty-lungo-capsules\/"},"modified":"2025-01-21T20:20:09","modified_gmt":"2025-01-21T20:20:09","slug":"capsules-de-cafe-bio","status":"publish","type":"product","link":"https:\/\/cafesantahelena.com\/fr\/products\/capsules-de-cafe-bio\/","title":{"rendered":"Capsules de Caf\u00e9 Bio Lungo"},"content":{"rendered":"<h2><span style=\"color: #000000;\">Capsules de Caf\u00e9 en Copeaux de Bois\u00a0<\/span><\/h2>\n<p><b style=\"color: #000000; font-size: 12pt;\">Capsules de Caf\u00e9 Bio Lungo<\/b><\/p>\n<p><b style=\"color: #000000; font-size: 12pt;\">Nespresso\u00ae-system Compatible.<\/b><\/p>\n<p>Mat\u00e9riau 100% naturel, compostable \u00e0 domicile et biod\u00e9gradable.<\/p>\n<p>Caf\u00e9 de sp\u00e9cialit\u00e9<\/p>\n<p><strong>Vari\u00e9t\u00e9 botanique<\/strong> : Arabica (Catuai Vermelho)<\/p>\n<p><strong>Provenance<\/strong> : Br\u00e9sil<\/p>\n<p><strong>R\u00e9colte<\/strong> : A la main<\/p>\n<p><strong>S\u00e9chage<\/strong> : Au soleil<\/p>\n<p><strong>Torr\u00e9faction<\/strong> : Torr\u00e9faction artisanale lente dans un torr\u00e9facteur \u00e0 bois en Engadine, dans les montagnes suisses.<\/p>\n<p><strong>Degr\u00e9 de torr\u00e9faction<\/strong> : Torr\u00e9faction moyenne<\/p>\n<h3 style=\"text-align: center;\"><span style=\"font-size: 12pt; color: #000000;\"><strong>Que signifie \u00ab Caf\u00e9 Lungo \u00bb ?<\/strong><\/span><\/h3>\n<p>Le lungo est une boisson \u00e0 base de caf\u00e9 pr\u00e9par\u00e9e \u00e0 l&rsquo;aide d&rsquo;une machine \u00e0 expresso pour obtenir un caf\u00e9 de style italien. Il s&rsquo;agit d&rsquo;un caf\u00e9 noir court avec plus d&rsquo;eau, ce qui donne un caf\u00e9 plus grand, un lungo.<\/p>\n<p>Le caf\u00e9 lungo est moins fort qu&rsquo;un espresso.<\/p>\n<p><span style=\"font-size: 12pt; color: #000000;\"><b>Ingredients: <\/b>Bo\u00eete ronde de 10 capsules = 60g. Capsules de caf\u00e9 de sp\u00e9cialit\u00e9 lungo, 100% bio Arabica.\u00a0<\/span><\/p>\n<p>&nbsp;<\/p>\n<p style=\"text-align: center;\"><span style=\"font-size: 12pt; color: #000000;\"><strong>Certifications du Caf\u00e9 Santa Helena:<\/strong><\/span><\/p>\n<p>&nbsp;<\/p>\n<p style=\"text-align: center;\"><img decoding=\"async\" class=\"size-full wp-image-14096 aligncenter\" src=\"https:\/\/cafesantahelena.com\/wp-content\/uploads\/2024\/07\/DA7819F7-177F-4E28-A0D0-2B99487CAE75-300x52-2.jpeg\" alt=\"\" width=\"300\" height=\"52\" srcset=\"https:\/\/cafesantahelena.com\/wp-content\/uploads\/2024\/07\/DA7819F7-177F-4E28-A0D0-2B99487CAE75-300x52-2.jpeg 300w, https:\/\/cafesantahelena.com\/wp-content\/uploads\/2024\/07\/DA7819F7-177F-4E28-A0D0-2B99487CAE75-300x52-2-64x11.jpeg 64w\" sizes=\"(max-width: 300px) 100vw, 300px\" \/><\/p>\n<h3><\/h3>\n<h3 style=\"text-align: center;\"><span style=\"color: #800000;\"><strong style=\"font-size: 18pt;\">Vous aimez Capsules de Caf\u00e9 bio? Choisissez le meilleur!<br \/>\nCaf\u00e9 Santa Helena<\/strong><\/span><\/h3>\n<p style=\"text-align: center;\"><span style=\"color: #800000;\"><a style=\"color: #800000;\" href=\"?add-to-cart=16797\"><span style=\"font-size: 24pt;\"><strong>Ajouter au Panier!<\/strong><\/span><\/a><\/span><\/p>\n<p style=\"text-align: center;\"><img decoding=\"async\" class=\"alignnone wp-image-15375\" src=\"https:\/\/cafesantahelena.com\/wp-content\/uploads\/2024\/11\/logo-1.png\" alt=\"Logo Caf\u00e9 Santa Helena\" width=\"171\" height=\"171\" srcset=\"https:\/\/cafesantahelena.com\/wp-content\/uploads\/2024\/11\/logo-1.png 300w, https:\/\/cafesantahelena.com\/wp-content\/uploads\/2024\/11\/logo-1-100x100.png 100w, https:\/\/cafesantahelena.com\/wp-content\/uploads\/2024\/11\/logo-1-64x64.png 64w, https:\/\/cafesantahelena.com\/wp-content\/uploads\/2024\/11\/logo-1-150x150.png 150w\" sizes=\"(max-width: 171px) 100vw, 171px\" \/><\/p>\n<p>&nbsp;<\/p>\n","protected":false},"excerpt":{"rendered":"<p>IVA incl.<\/p>\n<p>frais d&rsquo;exp\u00e9dition \u00e0 la caisse<\/p>\n<p>Caf\u00e9 de sp\u00e9cialit\u00e9. 100% Arabica, origine unique<\/p>\n<p>Caf\u00e9 exceptionnel torr\u00e9fi\u00e9 artisanalement dans un torr\u00e9facteur en bois qui lui conf\u00e8re une saveur particuli\u00e8re.<\/p>\n<p>Intensit\u00e9 : Torr\u00e9faction moyenne<\/p>\n<p>3 sur 5<\/p>\n<p class=\"p2\"><span class=\"s1\"><img decoding=\"async\" class=\"\" src=\"data:image\/png;base64,iVBORw0KGgoAAAANSUhEUgAAASwAAAAhCAYAAABjlJYfAAAACXBIWXMAAA7EAAAOxAGVKw4bAAANgklEQVR4nOWdcYgc1R3HP06X47iG4zhCCMdxHEd6HCEEkRBCkDRUsRKKBBEJIiIhiIhIkSISQkCCBCkiIkFCEBGRIBJCOIKENFxTseGapm0sVmNMk+uZpuGaHmm8nue6bv\/4zuPNzs7Mzs6+3Xt7fuERcjs7895v3vu93+\/7+73f3kUxrAU2AfcBm4EJYBXwPfBv4E\/AaeA3wBfh31cy+oF1wGj474+BMvAV8CXwN+A\/y9W5DqMEDAPjwBiwBvgRMI9k8TlwDfhumfrXSZSAESSHMbRujCy+CNs1fhiyWA2sBzYAP0GyAPgncAn4C\/AJ8I2rB5aAjcCbwCxakNUGbR54O+xo4KojnqAX2AYcQgJfACrUy2AJuAq8jl7WSpMDaEzDwC+BKeAWyfOjgubEaWAX0LccnW0zAqSkniOfLM4Aj6INf6WhB62Rw8AMWgtpumIBmAaeAgZaffBw+NDbGQ\/MajeBp1kZi7UE3I8mY9YLSFPgr7KyJucQGtMNmpNFBfgI2Nr5LrcNQ8Cv0Xz\/IcsiQGM5Re0auQlMAgeAZ4Dn0YY\/jRSWkcUFYEuRB5eQ9r9Ocy8gqZWBB4t0wiOMAUdpXlHF21lgsMN9d41eYDfNK6p4uw083OG+u0YPsgxmaU0Wd4CdHe67a6wB3gAW0ZgWgQ\/RuAZINlqM63wAWaRmc9\/WzIN7wxuYB7toj6CX222WVgD8DLiCGzlUgO2dHIBjrAbeoXXFbdrRznbfKQaBt8hHkeRpx+m+9WEwjqylStimkDfSk\/P7AVL8RhbPkVMWPcARkjmZou0C4iwOIfewWxAAj1PcHU5qlxDpuBst\/m7CEHJfXMmiDOxBPOeODo7DBYbRonQliyqaExPAQx0chwtsRVxtFZhDazyvojIIkH6oIst9HCmwB7K+1Bt+yaWyMuZdP3AZmX2jTQ5mufAkMtVdLtBH0M58FW0MpU4NpkWMoB3U5QI9jTayA2iSbujYaFrDWuA8bmUxhRb5S2iNjHdsNK1hC9YdvogyCIpgK9IVFcRx9QIfYzf4OgTAi7gzb6vhw18I730Pllx7Hf9N3x24VVZV5EoF6CWXkTy6gWwdQMrFpSxuoMgzWEvlvY6MpjW0QxbXkSyCyL3fwf\/NbBRLlfwV8bxFMBR+v4rc4h60QRpOa3\/Slx7CKhRXyup1rGm4P\/LZjbCTvmIjboIN8R3UkO0vR\/5+DL+Vdwmlp7iUxQLW7VmLnXdL+G1ZGLrEpSyiZPsYdpHeQa6yr+jHbjSXUA5iEazHWqvnsNbU41gZXSVGn6zF+qAu2hJyLXvD+\/cCn8Wu8TU6NIBbnsa8iJHw\/quAP0c+m4t85iN245YiuB3e0yjpZ2Kf7+vAmIpiD+6CDUZxP4mVxdPUyjrRsvAAAXAQm0+2vcA9Sigfbwa7RsYin53EyqEM\/CL68Ddw9xLuoCTCKOn2SMJ1bxYYZCewD3cLtILyUaI++A5qJ30FpY\/4iDHcWppzaKxmgfZRz4udoXnCthMYRv13LQuDEgpORa\/5CD+t783YQNSvaL6P48j9X0Lzf5LaNbIZS8dcCv99zXy4ETdcTRn534aXMBik1qIw7WP889FHcRcRnAP2Yq1M0HjPJVx7sK2jKoYAd+5PGSmiuLv3GPWbww2Uz+MTApQ87XITi7t7uxKu9VUWp7BrOO\/m0o8ifh9g06VmgWdj9wiAE7HPq2hjA2TptDoZp5EVFT9uESCzNsliuZxw\/XIiQFnbrU7IBeB9LIkaxRMky+JY+4ZVGBuQud\/q4vwUuT3xd70m\/Cz+nUX8424mcCeL3dTLYi2WdI62O\/gXOd2M1vwiyrPKQoCMgH0ogmg8i1uI306iQnZiA38vh88oh99hDcUzdCtIUWWdC9tBusUyg7SuL1iD9aeLtCWkeO4l2USeIF3WU20aUyuIBgaKtMtod0w6G5ZlsVSQDH3CQVqTxRXE1SWdcCiRbjQs0WTGd5sRfW+nSLeuAuBulFQbdaNvI0U1kfK9cWzUcQYF5jYj5bgIitQ0m8awiMz7B6l1d+LYSrbPfwW\/ztU9TDHuah54F+WfpPnyQ2Tn7fimsHooltlfRu7\/btI3oxI6R5Yma98UVh\/1AaM8zZyL20O6LAKU9pNG5PumsAbRvKiQHDQz6UvvUXtKZgYp\/RHS18gwls9cRHQBSI8sIc+lKRdoCZFj95OtqAKkCBuRtefwi8N6i+YV1WHk+mWNYxidH8y6l28u4XqaU95l9D4fI9tqLqEjF1npM765hNH8wbyymEayyNqQS8jqyjr+5ptLuAmNb5Z6bm0VUkomLaMSXrcfrYEsrMMqqwpKJDZramf4t0sg0izPTnEWWVSNogEDYafzvOAjDe7VSSRFaLIm0SHSzVqDAIV7k3iaePONdN9NfivC8JeNyNdB5Po0Sgu4jl9EczOyOI8sj6wNHSSLQ+SThU\/Ht4wsJqndpIepTaadQ4oqMUM9AlNg4SrWKDoYu7dxx98Hqw3T2hzaBRqR44OIWP2U\/DuzT6H8NTSuPFBGJ8\/vobHiHkZh2DzR1zTzejnxGo37fQPlDTVy63vR+C7muGcVcSM+Wd55+KvraJ3kkcVORLDnWSdn8Sut4RXUrwORv63D0h1l5C00Sv4tIW7qOFZpz6KgVCl23UUkqz2QzV99Gt40DdEIQDOKqopq4zQyEzuJdWSnMywi3iVrQgboRb1Cc+S9j1n\/75Dd5zM0dtv60aZ0luaSLV9wO5SW8R7Zm81ZGlvbq1BwaoqVIYsnw\/8PYzcis0ayjJs+pLAnsZv5IqrYkaTktmCTU8chXVDTpB9QXoWif8cpnr9lztT5grtJd2NvEsmyTcAAsiAmKVaO5yh+ySJAuTJp\/X2LbEJ9A80r7ejGMOp+SC3hOOnKKksWJlJ2kGKyuI1\/x5SOob7tQl6VOREyT7rHFKDN7SVqAzmGE0+LqpewCnLSXJOk7T+jPj\/ClMF9AZmzrRxPKOPfgd\/1JCvfOZLLWwRoV92PwvdFD4wv0TiXZTlwlOQF+jbJ\/Iyxpk7SWhLyiXYNqAWkKe8jJFvcA4jTi1oRRdox\/HKNwVrez2ADdgsowBBXOn3IsPmAWu9lHs2vbWTznluR\/GqO5cQJ4Tnq3cDVyGdttaKiaacTBrfcGKaezyuTvGtsQGkMjfi\/PO0j\/EqeNUjKCzpFvTXRj6J+hmdoRRZLNKh9tEwwNZqi7Qz1yqof5Z3l5aeyWgU\/N7K9qH9T2ETavdSu5xLKEviY2o18BuX25fmNhz4siX+OiKyjhGIZFcyKfmkPrZfBjbY7FKzX3GaUqD3TVkH1uaMYRzuMqyqsZfxcoCDyM9rXK9Ra3X2Ix2gl0TbeTuCfRQH1pxPisjDloq\/iThYn8W9TB1k9USV0ktp3tgUpMyOv2+E1D9Hcxrw3vEeZWGHHbVj3zhRTAx16PYHb2lhV\/K6DFc3svoDNSu5Fityl4q7idzncIaxijh\/O3ojmisu5MU\/xwm\/tRrTkSxmb0Aiytk\/hXhZZwa7lxACiQKpIJubccB+qpWdcv3m01jfS\/EH2e7Gu9PvE1sgqbITPZNRuwl398mi7gF85JXFsQsq7jK1PNIjcP9eKexb\/CNUoAmytozNoFw0QN9Psr8LkafvwV3mXkAyqSDkZDm8X7jexCuJFfZUFWLrg1fD\/g0ixmFruZ1DqTxGMYxXiZVLKLj2F3B\/zYwvtmJDdUP62D\/ndH6JJOUxyZYVW2wLd8esoT6BddDv2OI3LHyUxbRI\/y8lE8QTa9e\/FZuu7rItl2nH85DSjuBsp7hGUv2gihYtI2Rbt\/zpsVZdbSBclIsCGYF0R69F2E3+5mjjGkDu0FvdF\/KrIUnseP7maOHrRnAjQAm2HsprGr3y8NPRiE4afpT2yuEDjzHBf0IO8s0nsGk+KFOaBOX9oAoALyJJveK93cf8SZvEz2pGFgObPFeZpS\/hv7idhE+1ZoOfxL+eqEbbgvs6\/UdxF66EvFx5FLuAC2XmKWehDG4ApknCLJk7API67l1FB7lWjDGAfEVBbntVFm0ORpG6wrOJ4ALccXhntzD6dF8yLeLVYF+vkOP6ddMiDCRQZNWcod5LfHexHkcNp7Ny6SJP5mQEKVbeaXzSPLImkOkjdggmSq6QWmZDnUdSn2ywrgxJKf3GxUOdRyNqnskLNoAflJLqSxT7856yyEHXlTMWOF5FVPoBc6Z7w30FkoR5A7q9RVKaYQOENbAPFwtZzqNxKt5m2aViNrTtdZEJeQdxPN09IgwBxFEU5TlOFtRst7jgCFCEsWuvenJ3zqYROK1iNFE7UO6ugFIerSKHNhJ9H89nuIBrK8KQtoRf5pR8gQi1JeZlOnUNE8qiLB3uGHmS6TpGPx1lEFtVzdKfL0wij6AdLbtA4m7sSXncYWZjd6A5nYRTlGuWVxXV0nGclyqKEFM8hlI6wSL1MDN91AXlg62lSDnfluCZA\/vU4ekFD4d++Bv4OfAl8AXzbzIO7ED3IzN0O\/BRZoSax9L\/A58BvUUrEJ8D\/Ot7DzmIEhfh\/jtyCEbTJfQv8A\/gDksXvga+WqY+dwgiaF\/ehRTuGFuJ3wDXgjygN4HfAv4Dvl6OTHcQAsqRHsPPiaySLa2itfFPkxv8HjufClkIGVeMAAAAASUVORK5CYII=\" alt=\"B3DDE4ED-DC26-45F4-9E02-44607276617E-300x33-1.png\" width=\"209\" height=\"23\" \/><\/span><\/p>\n<p>Id\u00e9al pour :<\/p>\n<p>Les buveurs de caf\u00e9 qui aiment un go\u00fbt \u00e9quilibr\u00e9, notre caf\u00e9 Lungo est parfait. Il a une douceur accentu\u00e9e avec des notes de caramel, de chocolat, de miel et de fruits. Il est savoureux avec une belle cr\u00e8me et un lungo cors\u00e9.<\/p>\n<p>Bo\u00eete ronde en papier kraft de 10 capsules compatibles avec le syst\u00e8me Nespresso\u00ae.<\/p>\n<p class=\"p1\">\n","protected":false},"featured_media":17047,"comment_status":"open","ping_status":"closed","template":"","meta":[],"product_brand":[],"product_cat":[171],"product_tag":[226,323],"class_list":{"0":"post-16797","1":"product","2":"type-product","3":"status-publish","4":"has-post-thumbnail","6":"product_cat-eco-capsules","7":"product_tag-cafe-lungo-fr","8":"product_tag-capsules-de-cafe-fr","10":"first","11":"outofstock","12":"featured","13":"shipping-taxable","14":"purchasable","15":"product-type-simple"},"yoast_head":"<!-- This site is optimized with the Yoast SEO plugin v26.4 - https:\/\/yoast.com\/wordpress\/plugins\/seo\/ -->\n<title>Capsules de Caf\u00e9 Bio Lungo - Caf\u00e9 Santa Helena<\/title>\n<meta name=\"description\" content=\"Capsules de caf\u00e9 bio lungo en mati\u00e8re naturelle, compostable et biod\u00e9gradable. Caf\u00e9 de sp\u00e9cialit\u00e9 biologique 100% Arabica. Bo\u00eete ronde de 10 capsules.\" \/>\n<meta name=\"robots\" content=\"index, follow, max-snippet:-1, max-image-preview:large, max-video-preview:-1\" \/>\n<link rel=\"canonical\" href=\"https:\/\/cafesantahelena.com\/fr\/products\/capsules-de-cafe-bio\/\" \/>\n<meta property=\"og:locale\" content=\"fr_FR\" \/>\n<meta property=\"og:type\" content=\"article\" \/>\n<meta property=\"og:title\" content=\"Capsules de Caf\u00e9 Bio Lungo - Caf\u00e9 Santa Helena\" \/>\n<meta property=\"og:description\" content=\"Capsules de caf\u00e9 bio lungo en mati\u00e8re naturelle, compostable et biod\u00e9gradable. Caf\u00e9 de sp\u00e9cialit\u00e9 biologique 100% Arabica. Bo\u00eete ronde de 10 capsules.\" \/>\n<meta property=\"og:url\" content=\"https:\/\/cafesantahelena.com\/fr\/products\/capsules-de-cafe-bio\/\" \/>\n<meta property=\"og:site_name\" content=\"Caf\u00e9 Santa Helena\" \/>\n<meta property=\"article:modified_time\" content=\"2025-01-21T20:20:09+00:00\" \/>\n<meta property=\"og:image\" content=\"https:\/\/cafesantahelena.com\/wp-content\/uploads\/2024\/07\/Specialty-lungo-coffee-capsules.webp\" \/>\n\t<meta property=\"og:image:width\" content=\"350\" \/>\n\t<meta property=\"og:image:height\" content=\"450\" \/>\n\t<meta property=\"og:image:type\" content=\"image\/webp\" \/>\n<meta name=\"twitter:card\" content=\"summary_large_image\" \/>\n<meta name=\"twitter:label1\" content=\"Dur\u00e9e de lecture estim\u00e9e\" \/>\n\t<meta name=\"twitter:data1\" content=\"2 minutes\" \/>\n<script type=\"application\/ld+json\" class=\"yoast-schema-graph\">{\"@context\":\"https:\/\/schema.org\",\"@graph\":[{\"@type\":\"WebPage\",\"@id\":\"https:\/\/cafesantahelena.com\/fr\/products\/capsules-de-cafe-bio\/\",\"url\":\"https:\/\/cafesantahelena.com\/fr\/products\/capsules-de-cafe-bio\/\",\"name\":\"Capsules de Caf\u00e9 Bio Lungo - Caf\u00e9 Santa Helena\",\"isPartOf\":{\"@id\":\"https:\/\/cafesantahelena.com\/#website\"},\"primaryImageOfPage\":{\"@id\":\"https:\/\/cafesantahelena.com\/fr\/products\/capsules-de-cafe-bio\/#primaryimage\"},\"image\":{\"@id\":\"https:\/\/cafesantahelena.com\/fr\/products\/capsules-de-cafe-bio\/#primaryimage\"},\"thumbnailUrl\":\"https:\/\/cafesantahelena.com\/wp-content\/uploads\/2024\/07\/Specialty-lungo-coffee-capsules.webp\",\"datePublished\":\"2025-01-05T20:26:11+00:00\",\"dateModified\":\"2025-01-21T20:20:09+00:00\",\"description\":\"Capsules de caf\u00e9 bio lungo en mati\u00e8re naturelle, compostable et biod\u00e9gradable. Caf\u00e9 de sp\u00e9cialit\u00e9 biologique 100% Arabica. Bo\u00eete ronde de 10 capsules.\",\"breadcrumb\":{\"@id\":\"https:\/\/cafesantahelena.com\/fr\/products\/capsules-de-cafe-bio\/#breadcrumb\"},\"inLanguage\":\"fr-FR\",\"potentialAction\":[{\"@type\":\"ReadAction\",\"target\":[\"https:\/\/cafesantahelena.com\/fr\/products\/capsules-de-cafe-bio\/\"]}]},{\"@type\":\"ImageObject\",\"inLanguage\":\"fr-FR\",\"@id\":\"https:\/\/cafesantahelena.com\/fr\/products\/capsules-de-cafe-bio\/#primaryimage\",\"url\":\"https:\/\/cafesantahelena.com\/wp-content\/uploads\/2024\/07\/Specialty-lungo-coffee-capsules.webp\",\"contentUrl\":\"https:\/\/cafesantahelena.com\/wp-content\/uploads\/2024\/07\/Specialty-lungo-coffee-capsules.webp\",\"width\":350,\"height\":450,\"caption\":\"specialty lungo capsules\"},{\"@type\":\"BreadcrumbList\",\"@id\":\"https:\/\/cafesantahelena.com\/fr\/products\/capsules-de-cafe-bio\/#breadcrumb\",\"itemListElement\":[{\"@type\":\"ListItem\",\"position\":1,\"name\":\"In\u00edcio\",\"item\":\"https:\/\/cafesantahelena.com\/fr\/\"},{\"@type\":\"ListItem\",\"position\":2,\"name\":\"Produtos\",\"item\":\"https:\/\/cafesantahelena.com\/loja\/\"},{\"@type\":\"ListItem\",\"position\":3,\"name\":\"Capsules de Caf\u00e9 Bio Lungo\"}]},{\"@type\":\"WebSite\",\"@id\":\"https:\/\/cafesantahelena.com\/#website\",\"url\":\"https:\/\/cafesantahelena.com\/\",\"name\":\"Caf\u00e9 Santa Helena\",\"description\":\"\",\"potentialAction\":[{\"@type\":\"SearchAction\",\"target\":{\"@type\":\"EntryPoint\",\"urlTemplate\":\"https:\/\/cafesantahelena.com\/?s={search_term_string}\"},\"query-input\":{\"@type\":\"PropertyValueSpecification\",\"valueRequired\":true,\"valueName\":\"search_term_string\"}}],\"inLanguage\":\"fr-FR\"}]}<\/script>\n<!-- \/ Yoast SEO plugin. -->","yoast_head_json":{"title":"Capsules de Caf\u00e9 Bio Lungo - Caf\u00e9 Santa Helena","description":"Capsules de caf\u00e9 bio lungo en mati\u00e8re naturelle, compostable et biod\u00e9gradable. Caf\u00e9 de sp\u00e9cialit\u00e9 biologique 100% Arabica. Bo\u00eete ronde de 10 capsules.","robots":{"index":"index","follow":"follow","max-snippet":"max-snippet:-1","max-image-preview":"max-image-preview:large","max-video-preview":"max-video-preview:-1"},"canonical":"https:\/\/cafesantahelena.com\/fr\/products\/capsules-de-cafe-bio\/","og_locale":"fr_FR","og_type":"article","og_title":"Capsules de Caf\u00e9 Bio Lungo - Caf\u00e9 Santa Helena","og_description":"Capsules de caf\u00e9 bio lungo en mati\u00e8re naturelle, compostable et biod\u00e9gradable. Caf\u00e9 de sp\u00e9cialit\u00e9 biologique 100% Arabica. Bo\u00eete ronde de 10 capsules.","og_url":"https:\/\/cafesantahelena.com\/fr\/products\/capsules-de-cafe-bio\/","og_site_name":"Caf\u00e9 Santa Helena","article_modified_time":"2025-01-21T20:20:09+00:00","og_image":[{"width":350,"height":450,"url":"https:\/\/cafesantahelena.com\/wp-content\/uploads\/2024\/07\/Specialty-lungo-coffee-capsules.webp","type":"image\/webp"}],"twitter_card":"summary_large_image","twitter_misc":{"Dur\u00e9e de lecture estim\u00e9e":"2 minutes"},"schema":{"@context":"https:\/\/schema.org","@graph":[{"@type":"WebPage","@id":"https:\/\/cafesantahelena.com\/fr\/products\/capsules-de-cafe-bio\/","url":"https:\/\/cafesantahelena.com\/fr\/products\/capsules-de-cafe-bio\/","name":"Capsules de Caf\u00e9 Bio Lungo - Caf\u00e9 Santa Helena","isPartOf":{"@id":"https:\/\/cafesantahelena.com\/#website"},"primaryImageOfPage":{"@id":"https:\/\/cafesantahelena.com\/fr\/products\/capsules-de-cafe-bio\/#primaryimage"},"image":{"@id":"https:\/\/cafesantahelena.com\/fr\/products\/capsules-de-cafe-bio\/#primaryimage"},"thumbnailUrl":"https:\/\/cafesantahelena.com\/wp-content\/uploads\/2024\/07\/Specialty-lungo-coffee-capsules.webp","datePublished":"2025-01-05T20:26:11+00:00","dateModified":"2025-01-21T20:20:09+00:00","description":"Capsules de caf\u00e9 bio lungo en mati\u00e8re naturelle, compostable et biod\u00e9gradable. Caf\u00e9 de sp\u00e9cialit\u00e9 biologique 100% Arabica. Bo\u00eete ronde de 10 capsules.","breadcrumb":{"@id":"https:\/\/cafesantahelena.com\/fr\/products\/capsules-de-cafe-bio\/#breadcrumb"},"inLanguage":"fr-FR","potentialAction":[{"@type":"ReadAction","target":["https:\/\/cafesantahelena.com\/fr\/products\/capsules-de-cafe-bio\/"]}]},{"@type":"ImageObject","inLanguage":"fr-FR","@id":"https:\/\/cafesantahelena.com\/fr\/products\/capsules-de-cafe-bio\/#primaryimage","url":"https:\/\/cafesantahelena.com\/wp-content\/uploads\/2024\/07\/Specialty-lungo-coffee-capsules.webp","contentUrl":"https:\/\/cafesantahelena.com\/wp-content\/uploads\/2024\/07\/Specialty-lungo-coffee-capsules.webp","width":350,"height":450,"caption":"specialty lungo capsules"},{"@type":"BreadcrumbList","@id":"https:\/\/cafesantahelena.com\/fr\/products\/capsules-de-cafe-bio\/#breadcrumb","itemListElement":[{"@type":"ListItem","position":1,"name":"In\u00edcio","item":"https:\/\/cafesantahelena.com\/fr\/"},{"@type":"ListItem","position":2,"name":"Produtos","item":"https:\/\/cafesantahelena.com\/loja\/"},{"@type":"ListItem","position":3,"name":"Capsules de Caf\u00e9 Bio Lungo"}]},{"@type":"WebSite","@id":"https:\/\/cafesantahelena.com\/#website","url":"https:\/\/cafesantahelena.com\/","name":"Caf\u00e9 Santa Helena","description":"","potentialAction":[{"@type":"SearchAction","target":{"@type":"EntryPoint","urlTemplate":"https:\/\/cafesantahelena.com\/?s={search_term_string}"},"query-input":{"@type":"PropertyValueSpecification","valueRequired":true,"valueName":"search_term_string"}}],"inLanguage":"fr-FR"}]}},"_links":{"self":[{"href":"https:\/\/cafesantahelena.com\/fr\/wp-json\/wp\/v2\/product\/16797","targetHints":{"allow":["GET"]}}],"collection":[{"href":"https:\/\/cafesantahelena.com\/fr\/wp-json\/wp\/v2\/product"}],"about":[{"href":"https:\/\/cafesantahelena.com\/fr\/wp-json\/wp\/v2\/types\/product"}],"replies":[{"embeddable":true,"href":"https:\/\/cafesantahelena.com\/fr\/wp-json\/wp\/v2\/comments?post=16797"}],"wp:featuredmedia":[{"embeddable":true,"href":"https:\/\/cafesantahelena.com\/fr\/wp-json\/wp\/v2\/media\/17047"}],"wp:attachment":[{"href":"https:\/\/cafesantahelena.com\/fr\/wp-json\/wp\/v2\/media?parent=16797"}],"wp:term":[{"taxonomy":"product_brand","embeddable":true,"href":"https:\/\/cafesantahelena.com\/fr\/wp-json\/wp\/v2\/product_brand?post=16797"},{"taxonomy":"product_cat","embeddable":true,"href":"https:\/\/cafesantahelena.com\/fr\/wp-json\/wp\/v2\/product_cat?post=16797"},{"taxonomy":"product_tag","embeddable":true,"href":"https:\/\/cafesantahelena.com\/fr\/wp-json\/wp\/v2\/product_tag?post=16797"}],"curies":[{"name":"wp","href":"https:\/\/api.w.org\/{rel}","templated":true}]}}