{"id":20067,"date":"2025-07-24T21:40:49","date_gmt":"2025-07-24T21:40:49","guid":{"rendered":"https:\/\/cafesantahelena.com\/products\/cafe-santa-helena-balles-de-golf\/"},"modified":"2025-07-25T21:06:17","modified_gmt":"2025-07-25T21:06:17","slug":"balles-de-golf","status":"publish","type":"product","link":"https:\/\/cafesantahelena.com\/fr\/products\/balles-de-golf\/","title":{"rendered":"Caf\u00e9 Santa Helena Balles de Golf"},"content":{"rendered":"<p>Les balles de golf Caf\u00e9 Santa Helena son fabriqu\u00e9es exclusivement pour les amateurs de caf\u00e9 et de golf.\ud83c\udfcc\ufe0f\u200d\u2642\ufe0f\u2615\ufe0f<\/p>\n<p>La Warbird Distance + est une balle longue distance qui g\u00e9n\u00e8re une vitesse maximale gr\u00e2ce \u00e0 son noyau extra large \u00e0 haute \u00e9nergie et \u00e0 sa construction en deux parties<\/p>\n<p>Cette conception r\u00e9sistante favorise un angle de lancement \u00e9lev\u00e9 et une longue distance de vol gr\u00e2ce \u00e0 la technologie Hex Aerodynamics, tout en offrant une sensation et un contr\u00f4le impressionnants.<\/p>\n<p>Avantages:<\/p>\n<p>Longue distance \u2013 con\u00e7u pour lib\u00e9rer davantage de potentiel de distance, quelle que soit la vitesse de swing<\/p>\n<p>Distance durable \u2013 une balle fiable et durable gr\u00e2ce \u00e0 un syst\u00e8me de rev\u00eatement optimis\u00e9<\/p>\n<p>Design \u00e9l\u00e9gant et raffin\u00e9, orn\u00e9 du logo dor\u00e9 du Caf\u00e9 Santa Helena<\/p>\n<p>Si vous \u00eates golfeur et amateur de caf\u00e9, ou si vous souhaitez offrir un cadeau \u00e0 quelqu&rsquo;un, n&rsquo;h\u00e9sitez pas et achetez ces magnifiques balles<\/p>\n<p style=\"text-align: center;\"><em><a href=\"?add-to-cart=20067\"><span style=\"color: #800000;\"><strong>Achet\u00e9 Maintenant!<\/strong><\/span><\/a><\/em><\/p>\n<p style=\"text-align: center;\"><img fetchpriority=\"high\" decoding=\"async\" class=\"alignnone size-full wp-image-15375\" src=\"https:\/\/cafesantahelena.com\/wp-content\/uploads\/2024\/11\/logo-1.png\" alt=\"Logo Caf\u00e9 Santa Helena\" width=\"300\" height=\"300\" srcset=\"https:\/\/cafesantahelena.com\/wp-content\/uploads\/2024\/11\/logo-1.png 300w, https:\/\/cafesantahelena.com\/wp-content\/uploads\/2024\/11\/logo-1-100x100.png 100w, https:\/\/cafesantahelena.com\/wp-content\/uploads\/2024\/11\/logo-1-64x64.png 64w, https:\/\/cafesantahelena.com\/wp-content\/uploads\/2024\/11\/logo-1-150x150.png 150w\" sizes=\"(max-width: 300px) 100vw, 300px\" \/><\/p>\n<p>&nbsp;<\/p>\n","protected":false},"excerpt":{"rendered":"<p>TVA comprise + frais d&rsquo;exp\u00e9dition \u00e0 la caisse.<\/p>\n<p>Exclusivement des balles de golf Callaway.<\/p>\n<p>Couleur : blanc avec le logo dor\u00e9 du Caf\u00e9 Santa Helena<\/p>\n<p>Warbird Distance + garantit une vitesse maximale gr\u00e2ce \u00e0 un noyau extra-large \u00e0 haute \u00e9nergie et une construction en deux parties<\/p>\n","protected":false},"featured_media":20025,"comment_status":"open","ping_status":"closed","template":"","meta":[],"product_brand":[],"product_cat":[173],"product_tag":[405],"class_list":{"0":"post-20067","1":"product","2":"type-product","3":"status-publish","4":"has-post-thumbnail","6":"product_cat-divers","7":"product_tag-golf-balls-fr","9":"first","10":"outofstock","11":"featured","12":"shipping-taxable","13":"purchasable","14":"product-type-variable","15":"has-default-attributes"},"yoast_head":"<!-- This site is optimized with the Yoast SEO plugin v26.4 - https:\/\/yoast.com\/wordpress\/plugins\/seo\/ -->\n<title>Balles de Golf - Caf\u00e9 Santa Helena<\/title>\n<meta name=\"description\" content=\"Balles de golf Caf\u00e9 Santa Helena. Fabriqu\u00e9es en exclusivit\u00e9 par Callaway avec le logo dor\u00e9 du Caf\u00e9 Santa Helena. Si vous \u00eates golfeur, achetez-les!\" \/>\n<meta name=\"robots\" content=\"index, follow, max-snippet:-1, max-image-preview:large, max-video-preview:-1\" \/>\n<link rel=\"canonical\" href=\"https:\/\/cafesantahelena.com\/fr\/products\/balles-de-golf\/\" \/>\n<meta property=\"og:locale\" content=\"fr_FR\" \/>\n<meta property=\"og:type\" content=\"article\" \/>\n<meta property=\"og:title\" content=\"Balles de Golf - Caf\u00e9 Santa Helena\" \/>\n<meta property=\"og:description\" content=\"Balles de golf Caf\u00e9 Santa Helena. Fabriqu\u00e9es en exclusivit\u00e9 par Callaway avec le logo dor\u00e9 du Caf\u00e9 Santa Helena. Si vous \u00eates golfeur, achetez-les!\" \/>\n<meta property=\"og:url\" content=\"https:\/\/cafesantahelena.com\/fr\/products\/balles-de-golf\/\" \/>\n<meta property=\"og:site_name\" content=\"Caf\u00e9 Santa Helena\" \/>\n<meta property=\"article:modified_time\" content=\"2025-07-25T21:06:17+00:00\" \/>\n<meta property=\"og:image\" content=\"https:\/\/cafesantahelena.com\/wp-content\/uploads\/2025\/07\/IMG_6948.png\" \/>\n\t<meta property=\"og:image:width\" content=\"350\" \/>\n\t<meta property=\"og:image:height\" content=\"450\" \/>\n\t<meta property=\"og:image:type\" content=\"image\/png\" \/>\n<meta name=\"twitter:card\" content=\"summary_large_image\" \/>\n<meta name=\"twitter:label1\" content=\"Dur\u00e9e de lecture estim\u00e9e\" \/>\n\t<meta name=\"twitter:data1\" content=\"2 minutes\" \/>\n<script type=\"application\/ld+json\" class=\"yoast-schema-graph\">{\"@context\":\"https:\/\/schema.org\",\"@graph\":[{\"@type\":\"WebPage\",\"@id\":\"https:\/\/cafesantahelena.com\/fr\/products\/balles-de-golf\/\",\"url\":\"https:\/\/cafesantahelena.com\/fr\/products\/balles-de-golf\/\",\"name\":\"Balles de Golf - Caf\u00e9 Santa Helena\",\"isPartOf\":{\"@id\":\"https:\/\/cafesantahelena.com\/#website\"},\"primaryImageOfPage\":{\"@id\":\"https:\/\/cafesantahelena.com\/fr\/products\/balles-de-golf\/#primaryimage\"},\"image\":{\"@id\":\"https:\/\/cafesantahelena.com\/fr\/products\/balles-de-golf\/#primaryimage\"},\"thumbnailUrl\":\"https:\/\/cafesantahelena.com\/wp-content\/uploads\/2025\/07\/IMG_6948.png\",\"datePublished\":\"2025-07-24T21:40:49+00:00\",\"dateModified\":\"2025-07-25T21:06:17+00:00\",\"description\":\"Balles de golf Caf\u00e9 Santa Helena. Fabriqu\u00e9es en exclusivit\u00e9 par Callaway avec le logo dor\u00e9 du Caf\u00e9 Santa Helena. Si vous \u00eates golfeur, achetez-les!\",\"breadcrumb\":{\"@id\":\"https:\/\/cafesantahelena.com\/fr\/products\/balles-de-golf\/#breadcrumb\"},\"inLanguage\":\"fr-FR\",\"potentialAction\":[{\"@type\":\"ReadAction\",\"target\":[\"https:\/\/cafesantahelena.com\/fr\/products\/balles-de-golf\/\"]}]},{\"@type\":\"ImageObject\",\"inLanguage\":\"fr-FR\",\"@id\":\"https:\/\/cafesantahelena.com\/fr\/products\/balles-de-golf\/#primaryimage\",\"url\":\"https:\/\/cafesantahelena.com\/wp-content\/uploads\/2025\/07\/IMG_6948.png\",\"contentUrl\":\"https:\/\/cafesantahelena.com\/wp-content\/uploads\/2025\/07\/IMG_6948.png\",\"width\":350,\"height\":450,\"caption\":\"Balles de Golf\"},{\"@type\":\"BreadcrumbList\",\"@id\":\"https:\/\/cafesantahelena.com\/fr\/products\/balles-de-golf\/#breadcrumb\",\"itemListElement\":[{\"@type\":\"ListItem\",\"position\":1,\"name\":\"In\u00edcio\",\"item\":\"https:\/\/cafesantahelena.com\/fr\/\"},{\"@type\":\"ListItem\",\"position\":2,\"name\":\"Produtos\",\"item\":\"https:\/\/cafesantahelena.com\/loja\/\"},{\"@type\":\"ListItem\",\"position\":3,\"name\":\"Caf\u00e9 Santa Helena Balles de Golf\"}]},{\"@type\":\"WebSite\",\"@id\":\"https:\/\/cafesantahelena.com\/#website\",\"url\":\"https:\/\/cafesantahelena.com\/\",\"name\":\"Caf\u00e9 Santa Helena\",\"description\":\"\",\"potentialAction\":[{\"@type\":\"SearchAction\",\"target\":{\"@type\":\"EntryPoint\",\"urlTemplate\":\"https:\/\/cafesantahelena.com\/?s={search_term_string}\"},\"query-input\":{\"@type\":\"PropertyValueSpecification\",\"valueRequired\":true,\"valueName\":\"search_term_string\"}}],\"inLanguage\":\"fr-FR\"}]}<\/script>\n<!-- \/ Yoast SEO plugin. -->","yoast_head_json":{"title":"Balles de Golf - Caf\u00e9 Santa Helena","description":"Balles de golf Caf\u00e9 Santa Helena. Fabriqu\u00e9es en exclusivit\u00e9 par Callaway avec le logo dor\u00e9 du Caf\u00e9 Santa Helena. Si vous \u00eates golfeur, achetez-les!","robots":{"index":"index","follow":"follow","max-snippet":"max-snippet:-1","max-image-preview":"max-image-preview:large","max-video-preview":"max-video-preview:-1"},"canonical":"https:\/\/cafesantahelena.com\/fr\/products\/balles-de-golf\/","og_locale":"fr_FR","og_type":"article","og_title":"Balles de Golf - Caf\u00e9 Santa Helena","og_description":"Balles de golf Caf\u00e9 Santa Helena. Fabriqu\u00e9es en exclusivit\u00e9 par Callaway avec le logo dor\u00e9 du Caf\u00e9 Santa Helena. Si vous \u00eates golfeur, achetez-les!","og_url":"https:\/\/cafesantahelena.com\/fr\/products\/balles-de-golf\/","og_site_name":"Caf\u00e9 Santa Helena","article_modified_time":"2025-07-25T21:06:17+00:00","og_image":[{"width":350,"height":450,"url":"https:\/\/cafesantahelena.com\/wp-content\/uploads\/2025\/07\/IMG_6948.png","type":"image\/png"}],"twitter_card":"summary_large_image","twitter_misc":{"Dur\u00e9e de lecture estim\u00e9e":"2 minutes"},"schema":{"@context":"https:\/\/schema.org","@graph":[{"@type":"WebPage","@id":"https:\/\/cafesantahelena.com\/fr\/products\/balles-de-golf\/","url":"https:\/\/cafesantahelena.com\/fr\/products\/balles-de-golf\/","name":"Balles de Golf - Caf\u00e9 Santa Helena","isPartOf":{"@id":"https:\/\/cafesantahelena.com\/#website"},"primaryImageOfPage":{"@id":"https:\/\/cafesantahelena.com\/fr\/products\/balles-de-golf\/#primaryimage"},"image":{"@id":"https:\/\/cafesantahelena.com\/fr\/products\/balles-de-golf\/#primaryimage"},"thumbnailUrl":"https:\/\/cafesantahelena.com\/wp-content\/uploads\/2025\/07\/IMG_6948.png","datePublished":"2025-07-24T21:40:49+00:00","dateModified":"2025-07-25T21:06:17+00:00","description":"Balles de golf Caf\u00e9 Santa Helena. Fabriqu\u00e9es en exclusivit\u00e9 par Callaway avec le logo dor\u00e9 du Caf\u00e9 Santa Helena. Si vous \u00eates golfeur, achetez-les!","breadcrumb":{"@id":"https:\/\/cafesantahelena.com\/fr\/products\/balles-de-golf\/#breadcrumb"},"inLanguage":"fr-FR","potentialAction":[{"@type":"ReadAction","target":["https:\/\/cafesantahelena.com\/fr\/products\/balles-de-golf\/"]}]},{"@type":"ImageObject","inLanguage":"fr-FR","@id":"https:\/\/cafesantahelena.com\/fr\/products\/balles-de-golf\/#primaryimage","url":"https:\/\/cafesantahelena.com\/wp-content\/uploads\/2025\/07\/IMG_6948.png","contentUrl":"https:\/\/cafesantahelena.com\/wp-content\/uploads\/2025\/07\/IMG_6948.png","width":350,"height":450,"caption":"Balles de Golf"},{"@type":"BreadcrumbList","@id":"https:\/\/cafesantahelena.com\/fr\/products\/balles-de-golf\/#breadcrumb","itemListElement":[{"@type":"ListItem","position":1,"name":"In\u00edcio","item":"https:\/\/cafesantahelena.com\/fr\/"},{"@type":"ListItem","position":2,"name":"Produtos","item":"https:\/\/cafesantahelena.com\/loja\/"},{"@type":"ListItem","position":3,"name":"Caf\u00e9 Santa Helena Balles de Golf"}]},{"@type":"WebSite","@id":"https:\/\/cafesantahelena.com\/#website","url":"https:\/\/cafesantahelena.com\/","name":"Caf\u00e9 Santa Helena","description":"","potentialAction":[{"@type":"SearchAction","target":{"@type":"EntryPoint","urlTemplate":"https:\/\/cafesantahelena.com\/?s={search_term_string}"},"query-input":{"@type":"PropertyValueSpecification","valueRequired":true,"valueName":"search_term_string"}}],"inLanguage":"fr-FR"}]}},"_links":{"self":[{"href":"https:\/\/cafesantahelena.com\/fr\/wp-json\/wp\/v2\/product\/20067","targetHints":{"allow":["GET"]}}],"collection":[{"href":"https:\/\/cafesantahelena.com\/fr\/wp-json\/wp\/v2\/product"}],"about":[{"href":"https:\/\/cafesantahelena.com\/fr\/wp-json\/wp\/v2\/types\/product"}],"replies":[{"embeddable":true,"href":"https:\/\/cafesantahelena.com\/fr\/wp-json\/wp\/v2\/comments?post=20067"}],"wp:featuredmedia":[{"embeddable":true,"href":"https:\/\/cafesantahelena.com\/fr\/wp-json\/wp\/v2\/media\/20025"}],"wp:attachment":[{"href":"https:\/\/cafesantahelena.com\/fr\/wp-json\/wp\/v2\/media?parent=20067"}],"wp:term":[{"taxonomy":"product_brand","embeddable":true,"href":"https:\/\/cafesantahelena.com\/fr\/wp-json\/wp\/v2\/product_brand?post=20067"},{"taxonomy":"product_cat","embeddable":true,"href":"https:\/\/cafesantahelena.com\/fr\/wp-json\/wp\/v2\/product_cat?post=20067"},{"taxonomy":"product_tag","embeddable":true,"href":"https:\/\/cafesantahelena.com\/fr\/wp-json\/wp\/v2\/product_tag?post=20067"}],"curies":[{"name":"wp","href":"https:\/\/api.w.org\/{rel}","templated":true}]}}