{"id":13484,"date":"2024-07-12T17:16:14","date_gmt":"2024-07-12T17:16:14","guid":{"rendered":"https:\/\/cafesantahelena.alivanstudio.com\/carrello\/"},"modified":"2025-03-16T10:02:54","modified_gmt":"2025-03-16T10:02:54","slug":"carrello","status":"publish","type":"page","link":"https:\/\/cafesantahelena.com\/it\/carrello\/","title":{"rendered":"Carrello"},"content":{"rendered":"\t\t<div data-elementor-type=\"wp-page\" data-elementor-id=\"13484\" class=\"elementor elementor-13484 elementor-9\" data-elementor-post-type=\"page\">\n\t\t\t\t<div class=\"elementor-element elementor-element-9e414ee e-flex e-con-boxed e-con e-parent\" data-id=\"9e414ee\" data-element_type=\"container\" data-settings=\"{&quot;background_background&quot;:&quot;classic&quot;}\">\n\t\t\t\t\t<div class=\"e-con-inner\">\n\t\t\t\t\t<\/div>\n\t\t\t\t<\/div>\n\t\t\t\t<\/div>\n\t\t","protected":false},"excerpt":{"rendered":"<p>Rimuovi articolo Miniatura immagine Prodotto Prezzo Quantit\u00e0 Subtotale \u00d7 Capsule di Caff\u00e8 Speciale Lungo CHF\u00a07.00 Capsule di Caff\u00e8 Speciale Lungo\u00a0 quantit\u00e0 CHF\u00a07.00 \u00d7 Kit regalo Caf\u00e9 Feminino CHF\u00a075.00 Kit regalo Caf\u00e9 Feminino\u00a0 quantit\u00e0 CHF\u00a075.00 Applicare cupom Totale senza passeggino Subtotale CHF\u00a082.00 Spedizione Free shipping Spedizione a Via Grevas, 11, 7514 Sils\/Segl Maria. Modifica indirizzo Paese\/regione: [&hellip;]<\/p>\n","protected":false},"author":1,"featured_media":0,"parent":0,"menu_order":0,"comment_status":"closed","ping_status":"closed","template":"elementor_header_footer","meta":{"footnotes":""},"class_list":["post-13484","page","type-page","status-publish","hentry"],"yoast_head":"<!-- This site is optimized with the Yoast SEO plugin v26.4 - https:\/\/yoast.com\/wordpress\/plugins\/seo\/ -->\n<title>Carrello di Acquisti - Caf\u00e9 Santa Helena<\/title>\n<meta name=\"description\" content=\"Carrello di acquisti del Caf\u00e9 Santa Helena \u00e8 il posto dove si mette i prodotti per arrivare alla cassa e finalizzare la compera.\" \/>\n<meta name=\"robots\" content=\"index, follow, max-snippet:-1, max-image-preview:large, max-video-preview:-1\" \/>\n<link rel=\"canonical\" href=\"https:\/\/cafesantahelena.com\/it\/carrello\/\" \/>\n<meta property=\"og:locale\" content=\"it_IT\" \/>\n<meta property=\"og:type\" content=\"article\" \/>\n<meta property=\"og:title\" content=\"Carrello di Acquisti - Caf\u00e9 Santa Helena\" \/>\n<meta property=\"og:description\" content=\"Carrello di acquisti del Caf\u00e9 Santa Helena \u00e8 il posto dove si mette i prodotti per arrivare alla cassa e finalizzare la compera.\" \/>\n<meta property=\"og:url\" content=\"https:\/\/cafesantahelena.com\/it\/carrello\/\" \/>\n<meta property=\"og:site_name\" content=\"Caf\u00e9 Santa Helena\" \/>\n<meta property=\"article:modified_time\" content=\"2025-03-16T10:02:54+00:00\" \/>\n<meta property=\"og:image\" content=\"https:\/\/cafesantahelena.com\/wp-content\/uploads\/2024\/07\/Specialty-lungo-coffee-capsules.webp\" \/>\n<meta name=\"twitter:card\" content=\"summary_large_image\" \/>\n<meta name=\"twitter:label1\" content=\"Tempo di lettura stimato\" \/>\n\t<meta name=\"twitter:data1\" content=\"3 minuti\" \/>\n<script type=\"application\/ld+json\" class=\"yoast-schema-graph\">{\"@context\":\"https:\/\/schema.org\",\"@graph\":[{\"@type\":\"WebPage\",\"@id\":\"https:\/\/cafesantahelena.com\/it\/carrello\/\",\"url\":\"https:\/\/cafesantahelena.com\/it\/carrello\/\",\"name\":\"Carrello di Acquisti - Caf\u00e9 Santa Helena\",\"isPartOf\":{\"@id\":\"https:\/\/cafesantahelena.com\/#website\"},\"primaryImageOfPage\":{\"@id\":\"https:\/\/cafesantahelena.com\/it\/carrello\/#primaryimage\"},\"image\":{\"@id\":\"https:\/\/cafesantahelena.com\/it\/carrello\/#primaryimage\"},\"thumbnailUrl\":\"https:\/\/cafesantahelena.com\/wp-content\/uploads\/2024\/07\/Specialty-lungo-coffee-capsules.webp\",\"datePublished\":\"2024-07-12T17:16:14+00:00\",\"dateModified\":\"2025-03-16T10:02:54+00:00\",\"description\":\"Carrello di acquisti del Caf\u00e9 Santa Helena \u00e8 il posto dove si mette i prodotti per arrivare alla cassa e finalizzare la compera.\",\"breadcrumb\":{\"@id\":\"https:\/\/cafesantahelena.com\/it\/carrello\/#breadcrumb\"},\"inLanguage\":\"it-IT\",\"potentialAction\":[{\"@type\":\"ReadAction\",\"target\":[\"https:\/\/cafesantahelena.com\/it\/carrello\/\"]}]},{\"@type\":\"ImageObject\",\"inLanguage\":\"it-IT\",\"@id\":\"https:\/\/cafesantahelena.com\/it\/carrello\/#primaryimage\",\"url\":\"https:\/\/cafesantahelena.com\/wp-content\/uploads\/2024\/07\/Specialty-lungo-coffee-capsules.webp\",\"contentUrl\":\"https:\/\/cafesantahelena.com\/wp-content\/uploads\/2024\/07\/Specialty-lungo-coffee-capsules.webp\"},{\"@type\":\"BreadcrumbList\",\"@id\":\"https:\/\/cafesantahelena.com\/it\/carrello\/#breadcrumb\",\"itemListElement\":[{\"@type\":\"ListItem\",\"position\":1,\"name\":\"In\u00edcio\",\"item\":\"https:\/\/cafesantahelena.com\/it\/\"},{\"@type\":\"ListItem\",\"position\":2,\"name\":\"Carrello\"}]},{\"@type\":\"WebSite\",\"@id\":\"https:\/\/cafesantahelena.com\/#website\",\"url\":\"https:\/\/cafesantahelena.com\/\",\"name\":\"Caf\u00e9 Santa Helena\",\"description\":\"\",\"potentialAction\":[{\"@type\":\"SearchAction\",\"target\":{\"@type\":\"EntryPoint\",\"urlTemplate\":\"https:\/\/cafesantahelena.com\/?s={search_term_string}\"},\"query-input\":{\"@type\":\"PropertyValueSpecification\",\"valueRequired\":true,\"valueName\":\"search_term_string\"}}],\"inLanguage\":\"it-IT\"}]}<\/script>\n<!-- \/ Yoast SEO plugin. -->","yoast_head_json":{"title":"Carrello di Acquisti - Caf\u00e9 Santa Helena","description":"Carrello di acquisti del Caf\u00e9 Santa Helena \u00e8 il posto dove si mette i prodotti per arrivare alla cassa e finalizzare la compera.","robots":{"index":"index","follow":"follow","max-snippet":"max-snippet:-1","max-image-preview":"max-image-preview:large","max-video-preview":"max-video-preview:-1"},"canonical":"https:\/\/cafesantahelena.com\/it\/carrello\/","og_locale":"it_IT","og_type":"article","og_title":"Carrello di Acquisti - Caf\u00e9 Santa Helena","og_description":"Carrello di acquisti del Caf\u00e9 Santa Helena \u00e8 il posto dove si mette i prodotti per arrivare alla cassa e finalizzare la compera.","og_url":"https:\/\/cafesantahelena.com\/it\/carrello\/","og_site_name":"Caf\u00e9 Santa Helena","article_modified_time":"2025-03-16T10:02:54+00:00","og_image":[{"url":"https:\/\/cafesantahelena.com\/wp-content\/uploads\/2024\/07\/Specialty-lungo-coffee-capsules.webp","type":"","width":"","height":""}],"twitter_card":"summary_large_image","twitter_misc":{"Tempo di lettura stimato":"3 minuti"},"schema":{"@context":"https:\/\/schema.org","@graph":[{"@type":"WebPage","@id":"https:\/\/cafesantahelena.com\/it\/carrello\/","url":"https:\/\/cafesantahelena.com\/it\/carrello\/","name":"Carrello di Acquisti - Caf\u00e9 Santa Helena","isPartOf":{"@id":"https:\/\/cafesantahelena.com\/#website"},"primaryImageOfPage":{"@id":"https:\/\/cafesantahelena.com\/it\/carrello\/#primaryimage"},"image":{"@id":"https:\/\/cafesantahelena.com\/it\/carrello\/#primaryimage"},"thumbnailUrl":"https:\/\/cafesantahelena.com\/wp-content\/uploads\/2024\/07\/Specialty-lungo-coffee-capsules.webp","datePublished":"2024-07-12T17:16:14+00:00","dateModified":"2025-03-16T10:02:54+00:00","description":"Carrello di acquisti del Caf\u00e9 Santa Helena \u00e8 il posto dove si mette i prodotti per arrivare alla cassa e finalizzare la compera.","breadcrumb":{"@id":"https:\/\/cafesantahelena.com\/it\/carrello\/#breadcrumb"},"inLanguage":"it-IT","potentialAction":[{"@type":"ReadAction","target":["https:\/\/cafesantahelena.com\/it\/carrello\/"]}]},{"@type":"ImageObject","inLanguage":"it-IT","@id":"https:\/\/cafesantahelena.com\/it\/carrello\/#primaryimage","url":"https:\/\/cafesantahelena.com\/wp-content\/uploads\/2024\/07\/Specialty-lungo-coffee-capsules.webp","contentUrl":"https:\/\/cafesantahelena.com\/wp-content\/uploads\/2024\/07\/Specialty-lungo-coffee-capsules.webp"},{"@type":"BreadcrumbList","@id":"https:\/\/cafesantahelena.com\/it\/carrello\/#breadcrumb","itemListElement":[{"@type":"ListItem","position":1,"name":"In\u00edcio","item":"https:\/\/cafesantahelena.com\/it\/"},{"@type":"ListItem","position":2,"name":"Carrello"}]},{"@type":"WebSite","@id":"https:\/\/cafesantahelena.com\/#website","url":"https:\/\/cafesantahelena.com\/","name":"Caf\u00e9 Santa Helena","description":"","potentialAction":[{"@type":"SearchAction","target":{"@type":"EntryPoint","urlTemplate":"https:\/\/cafesantahelena.com\/?s={search_term_string}"},"query-input":{"@type":"PropertyValueSpecification","valueRequired":true,"valueName":"search_term_string"}}],"inLanguage":"it-IT"}]}},"_links":{"self":[{"href":"https:\/\/cafesantahelena.com\/it\/wp-json\/wp\/v2\/pages\/13484","targetHints":{"allow":["GET"]}}],"collection":[{"href":"https:\/\/cafesantahelena.com\/it\/wp-json\/wp\/v2\/pages"}],"about":[{"href":"https:\/\/cafesantahelena.com\/it\/wp-json\/wp\/v2\/types\/page"}],"author":[{"embeddable":true,"href":"https:\/\/cafesantahelena.com\/it\/wp-json\/wp\/v2\/users\/1"}],"replies":[{"embeddable":true,"href":"https:\/\/cafesantahelena.com\/it\/wp-json\/wp\/v2\/comments?post=13484"}],"version-history":[{"count":2,"href":"https:\/\/cafesantahelena.com\/it\/wp-json\/wp\/v2\/pages\/13484\/revisions"}],"predecessor-version":[{"id":19869,"href":"https:\/\/cafesantahelena.com\/it\/wp-json\/wp\/v2\/pages\/13484\/revisions\/19869"}],"wp:attachment":[{"href":"https:\/\/cafesantahelena.com\/it\/wp-json\/wp\/v2\/media?parent=13484"}],"curies":[{"name":"wp","href":"https:\/\/api.w.org\/{rel}","templated":true}]}}