{"id":13557,"date":"2024-08-14T19:32:26","date_gmt":"2024-08-14T19:32:26","guid":{"rendered":"https:\/\/cafesantahelena.alivanstudio.com\/blog\/"},"modified":"2025-02-26T17:00:14","modified_gmt":"2025-02-26T17:00:14","slug":"blog","status":"publish","type":"page","link":"https:\/\/cafesantahelena.com\/it\/blog\/","title":{"rendered":"Blog"},"content":{"rendered":"\t\t<div data-elementor-type=\"wp-page\" data-elementor-id=\"13557\" class=\"elementor elementor-13557 elementor-11533\" data-elementor-post-type=\"page\">\n\t\t\t\t<div class=\"elementor-element elementor-element-59e061d e-con-full e-flex e-con e-parent\" data-id=\"59e061d\" data-element_type=\"container\">\n\t\t\t\t<div class=\"elementor-element elementor-element-0544fa4 elementor-widget elementor-widget-image\" data-id=\"0544fa4\" data-element_type=\"widget\" data-widget_type=\"image.default\">\n\t\t\t\t<div class=\"elementor-widget-container\">\n\t\t\t\t\t\t\t\t\t\t\t\t\t\t\t<img fetchpriority=\"high\" decoding=\"async\" width=\"1050\" height=\"350\" src=\"https:\/\/cafesantahelena.com\/wp-content\/uploads\/2025\/01\/IMG_5174.webp\" class=\"attachment-full size-full wp-image-17500\" alt=\"blog\" srcset=\"https:\/\/cafesantahelena.com\/wp-content\/uploads\/2025\/01\/IMG_5174.webp 1050w, https:\/\/cafesantahelena.com\/wp-content\/uploads\/2025\/01\/IMG_5174-300x100.webp 300w, https:\/\/cafesantahelena.com\/wp-content\/uploads\/2025\/01\/IMG_5174-1024x341.webp 1024w, https:\/\/cafesantahelena.com\/wp-content\/uploads\/2025\/01\/IMG_5174-768x256.webp 768w, https:\/\/cafesantahelena.com\/wp-content\/uploads\/2025\/01\/IMG_5174-350x117.webp 350w, https:\/\/cafesantahelena.com\/wp-content\/uploads\/2025\/01\/IMG_5174-64x21.webp 64w\" sizes=\"(max-width: 1050px) 100vw, 1050px\" \/>\t\t\t\t\t\t\t\t\t\t\t\t\t\t\t<\/div>\n\t\t\t\t<\/div>\n\t\t\t\t<\/div>\n\t\t<div class=\"elementor-element elementor-element-0d0df48 e-flex e-con-boxed e-con e-parent\" data-id=\"0d0df48\" data-element_type=\"container\">\n\t\t\t\t\t<div class=\"e-con-inner\">\n\t\t<div class=\"elementor-element elementor-element-72be672 e-con-full e-flex elementor-invisible e-con e-child\" data-id=\"72be672\" data-element_type=\"container\" data-settings=\"{&quot;animation&quot;:&quot;fadeInUp&quot;}\">\n\t\t\t\t<div class=\"elementor-element elementor-element-7246af2 elementor-grid-tablet-3 elementor-posts--align-left elementor-grid-3 elementor-grid-mobile-1 elementor-posts--thumbnail-top elementor-posts__hover-gradient elementor-widget elementor-widget-posts\" data-id=\"7246af2\" data-element_type=\"widget\" data-settings=\"{&quot;pagination_type&quot;:&quot;numbers&quot;,&quot;cards_columns_tablet&quot;:&quot;3&quot;,&quot;cards_columns&quot;:&quot;3&quot;,&quot;cards_columns_mobile&quot;:&quot;1&quot;,&quot;cards_row_gap&quot;:{&quot;unit&quot;:&quot;px&quot;,&quot;size&quot;:35,&quot;sizes&quot;:[]},&quot;cards_row_gap_tablet&quot;:{&quot;unit&quot;:&quot;px&quot;,&quot;size&quot;:&quot;&quot;,&quot;sizes&quot;:[]},&quot;cards_row_gap_mobile&quot;:{&quot;unit&quot;:&quot;px&quot;,&quot;size&quot;:&quot;&quot;,&quot;sizes&quot;:[]}}\" data-widget_type=\"posts.cards\">\n\t\t\t\t<div class=\"elementor-widget-container\">\n\t\t\t\t\t\t\t<div class=\"elementor-posts-container elementor-posts elementor-posts--skin-cards elementor-grid\" role=\"list\">\n\t\t\t\t<article class=\"elementor-post elementor-grid-item post-13807 post type-post status-publish format-standard has-post-thumbnail hentry category-sem-categoria\" role=\"listitem\">\n\t\t\t<div class=\"elementor-post__card\">\n\t\t\t\t<a class=\"elementor-post__thumbnail__link\" href=\"https:\/\/cafesantahelena.com\/it\/who-invented-the-first-espresso-machine\/\" tabindex=\"-1\" ><div class=\"elementor-post__thumbnail\"><img decoding=\"async\" width=\"400\" height=\"250\" src=\"https:\/\/cafesantahelena.com\/wp-content\/uploads\/2023\/06\/F64295B7-5358-4964-8CF1-4FEAD82C077F-400x250-1.jpeg\" class=\"attachment-full size-full wp-image-13177\" alt=\"\" srcset=\"https:\/\/cafesantahelena.com\/wp-content\/uploads\/2023\/06\/F64295B7-5358-4964-8CF1-4FEAD82C077F-400x250-1.jpeg 400w, https:\/\/cafesantahelena.com\/wp-content\/uploads\/2023\/06\/F64295B7-5358-4964-8CF1-4FEAD82C077F-400x250-1-350x219.jpeg 350w, https:\/\/cafesantahelena.com\/wp-content\/uploads\/2023\/06\/F64295B7-5358-4964-8CF1-4FEAD82C077F-400x250-1-64x40.jpeg 64w, https:\/\/cafesantahelena.com\/wp-content\/uploads\/2023\/06\/F64295B7-5358-4964-8CF1-4FEAD82C077F-400x250-1-300x188.jpeg 300w\" sizes=\"(max-width: 400px) 100vw, 400px\" \/><\/div><\/a>\n\t\t\t\t<div class=\"elementor-post__text\">\n\t\t\t\t<h3 class=\"elementor-post__title\">\n\t\t\t<a href=\"https:\/\/cafesantahelena.com\/it\/who-invented-the-first-espresso-machine\/\" >\n\t\t\t\tLa prima macchina per caff\u00e8 espresso\t\t\t<\/a>\n\t\t<\/h3>\n\t\t\t\t<div class=\"elementor-post__excerpt\">\n\t\t\t<p>La prima Macchina per caff\u00e8 Espresso Nel 1884, l&#8217;inventore italiano Angelo Moriondo di Torino brevett\u00f2 la prima macchina<\/p>\n\t\t<\/div>\n\t\t\t\t\t<div class=\"elementor-post__read-more-wrapper\">\n\t\t\n\t\t<a class=\"elementor-post__read-more\" href=\"https:\/\/cafesantahelena.com\/it\/who-invented-the-first-espresso-machine\/\" aria-label=\"Leggi tutto La prima macchina per caff\u00e8 espresso\" tabindex=\"-1\" >\n\t\t\tPer saperne di pi\u00f9 \u00bb\t\t<\/a>\n\n\t\t\t\t\t<\/div>\n\t\t\t\t<\/div>\n\t\t\t\t\t<\/div>\n\t\t<\/article>\n\t\t\t\t<article class=\"elementor-post elementor-grid-item post-13816 post type-post status-publish format-standard has-post-thumbnail hentry category-non-categorizzato\" role=\"listitem\">\n\t\t\t<div class=\"elementor-post__card\">\n\t\t\t\t<a class=\"elementor-post__thumbnail__link\" href=\"https:\/\/cafesantahelena.com\/it\/il-mito-del-caffe-forte\/\" tabindex=\"-1\" ><div class=\"elementor-post__thumbnail\"><img decoding=\"async\" width=\"1080\" height=\"650\" src=\"https:\/\/cafesantahelena.com\/wp-content\/uploads\/2023\/04\/IMG_5945.webp\" class=\"attachment-full size-full wp-image-18898\" alt=\"strong coffee\" srcset=\"https:\/\/cafesantahelena.com\/wp-content\/uploads\/2023\/04\/IMG_5945.webp 1080w, https:\/\/cafesantahelena.com\/wp-content\/uploads\/2023\/04\/IMG_5945-300x181.webp 300w, https:\/\/cafesantahelena.com\/wp-content\/uploads\/2023\/04\/IMG_5945-1024x616.webp 1024w, https:\/\/cafesantahelena.com\/wp-content\/uploads\/2023\/04\/IMG_5945-768x462.webp 768w, https:\/\/cafesantahelena.com\/wp-content\/uploads\/2023\/04\/IMG_5945-350x211.webp 350w, https:\/\/cafesantahelena.com\/wp-content\/uploads\/2023\/04\/IMG_5945-64x39.webp 64w\" sizes=\"(max-width: 1080px) 100vw, 1080px\" \/><\/div><\/a>\n\t\t\t\t<div class=\"elementor-post__text\">\n\t\t\t\t<h3 class=\"elementor-post__title\">\n\t\t\t<a href=\"https:\/\/cafesantahelena.com\/it\/il-mito-del-caffe-forte\/\" >\n\t\t\t\tIl miito del caff\u00e8 forte\t\t\t<\/a>\n\t\t<\/h3>\n\t\t\t\t<div class=\"elementor-post__excerpt\">\n\t\t\t<p>Decostruire il mito del caff\u00e8 forte Perch\u00e9 si pensa che il caff\u00e8 debba essere molto tostato per essere<\/p>\n\t\t<\/div>\n\t\t\t\t\t<div class=\"elementor-post__read-more-wrapper\">\n\t\t\n\t\t<a class=\"elementor-post__read-more\" href=\"https:\/\/cafesantahelena.com\/it\/il-mito-del-caffe-forte\/\" aria-label=\"Leggi tutto Il miito del caff\u00e8 forte\" tabindex=\"-1\" >\n\t\t\tPer saperne di pi\u00f9 \u00bb\t\t<\/a>\n\n\t\t\t\t\t<\/div>\n\t\t\t\t<\/div>\n\t\t\t\t\t<\/div>\n\t\t<\/article>\n\t\t\t\t<article class=\"elementor-post elementor-grid-item post-13820 post type-post status-publish format-standard has-post-thumbnail hentry category-non-categorizzato tag-caffe-it tag-flat-white-it-2\" role=\"listitem\">\n\t\t\t<div class=\"elementor-post__card\">\n\t\t\t\t<a class=\"elementor-post__thumbnail__link\" href=\"https:\/\/cafesantahelena.com\/it\/caffe-flat-white\/\" tabindex=\"-1\" ><div class=\"elementor-post__thumbnail\"><img loading=\"lazy\" decoding=\"async\" width=\"400\" height=\"250\" src=\"https:\/\/cafesantahelena.com\/wp-content\/uploads\/2023\/04\/E2E33B25-2E88-4047-961A-E5C4BE720DF8-400x250-1.png\" class=\"attachment-full size-full wp-image-13185\" alt=\"\" srcset=\"https:\/\/cafesantahelena.com\/wp-content\/uploads\/2023\/04\/E2E33B25-2E88-4047-961A-E5C4BE720DF8-400x250-1.png 400w, https:\/\/cafesantahelena.com\/wp-content\/uploads\/2023\/04\/E2E33B25-2E88-4047-961A-E5C4BE720DF8-400x250-1-350x219.png 350w, https:\/\/cafesantahelena.com\/wp-content\/uploads\/2023\/04\/E2E33B25-2E88-4047-961A-E5C4BE720DF8-400x250-1-64x40.png 64w, https:\/\/cafesantahelena.com\/wp-content\/uploads\/2023\/04\/E2E33B25-2E88-4047-961A-E5C4BE720DF8-400x250-1-300x188.png 300w\" sizes=\"(max-width: 400px) 100vw, 400px\" \/><\/div><\/a>\n\t\t\t\t<div class=\"elementor-post__text\">\n\t\t\t\t<h3 class=\"elementor-post__title\">\n\t\t\t<a href=\"https:\/\/cafesantahelena.com\/it\/caffe-flat-white\/\" >\n\t\t\t\tCaff\u00e8 Flat White\t\t\t<\/a>\n\t\t<\/h3>\n\t\t\t\t<div class=\"elementor-post__excerpt\">\n\t\t\t<p>Che cos&#8217;\u00e8 il caff\u00e8 Flat White? Il caff\u00e8 Flat White \u00e8 una bevanda a base di caff\u00e8 espresso<\/p>\n\t\t<\/div>\n\t\t\t\t\t<div class=\"elementor-post__read-more-wrapper\">\n\t\t\n\t\t<a class=\"elementor-post__read-more\" href=\"https:\/\/cafesantahelena.com\/it\/caffe-flat-white\/\" aria-label=\"Leggi tutto Caff\u00e8 Flat White\" tabindex=\"-1\" >\n\t\t\tPer saperne di pi\u00f9 \u00bb\t\t<\/a>\n\n\t\t\t\t\t<\/div>\n\t\t\t\t<\/div>\n\t\t\t\t\t<\/div>\n\t\t<\/article>\n\t\t\t\t<article class=\"elementor-post elementor-grid-item post-13826 post type-post status-publish format-standard has-post-thumbnail hentry category-non-categorizzato tag-decaffeination-process-it\" role=\"listitem\">\n\t\t\t<div class=\"elementor-post__card\">\n\t\t\t\t<a class=\"elementor-post__thumbnail__link\" href=\"https:\/\/cafesantahelena.com\/it\/how-is-the-process-of-decaffeination-carried-out\/\" tabindex=\"-1\" ><div class=\"elementor-post__thumbnail\"><img loading=\"lazy\" decoding=\"async\" width=\"980\" height=\"849\" src=\"https:\/\/cafesantahelena.com\/wp-content\/uploads\/2023\/03\/FA2D9DA1-FBA1-4E24-8E15-29F59585188E-980x849-1.jpeg\" class=\"attachment-full size-full wp-image-19392\" alt=\"\" srcset=\"https:\/\/cafesantahelena.com\/wp-content\/uploads\/2023\/03\/FA2D9DA1-FBA1-4E24-8E15-29F59585188E-980x849-1.jpeg 980w, https:\/\/cafesantahelena.com\/wp-content\/uploads\/2023\/03\/FA2D9DA1-FBA1-4E24-8E15-29F59585188E-980x849-1-350x303.jpeg 350w, https:\/\/cafesantahelena.com\/wp-content\/uploads\/2023\/03\/FA2D9DA1-FBA1-4E24-8E15-29F59585188E-980x849-1-64x55.jpeg 64w, https:\/\/cafesantahelena.com\/wp-content\/uploads\/2023\/03\/FA2D9DA1-FBA1-4E24-8E15-29F59585188E-980x849-1-300x260.jpeg 300w, https:\/\/cafesantahelena.com\/wp-content\/uploads\/2023\/03\/FA2D9DA1-FBA1-4E24-8E15-29F59585188E-980x849-1-768x665.jpeg 768w\" sizes=\"(max-width: 980px) 100vw, 980px\" \/><\/div><\/a>\n\t\t\t\t<div class=\"elementor-post__text\">\n\t\t\t\t<h3 class=\"elementor-post__title\">\n\t\t\t<a href=\"https:\/\/cafesantahelena.com\/it\/how-is-the-process-of-decaffeination-carried-out\/\" >\n\t\t\t\tCome funziona il processo di decaffeinizzazione?\t\t\t<\/a>\n\t\t<\/h3>\n\t\t\t\t<div class=\"elementor-post__excerpt\">\n\t\t\t<p>Il processo di decaffeinizzazione Molecula della Caffeina\u00a0 Il primo a scoprire un metodo pratico di decaffeinizzazione fu il<\/p>\n\t\t<\/div>\n\t\t\t\t\t<div class=\"elementor-post__read-more-wrapper\">\n\t\t\n\t\t<a class=\"elementor-post__read-more\" href=\"https:\/\/cafesantahelena.com\/it\/how-is-the-process-of-decaffeination-carried-out\/\" aria-label=\"Leggi tutto Come funziona il processo di decaffeinizzazione?\" tabindex=\"-1\" >\n\t\t\tPer saperne di pi\u00f9 \u00bb\t\t<\/a>\n\n\t\t\t\t\t<\/div>\n\t\t\t\t<\/div>\n\t\t\t\t\t<\/div>\n\t\t<\/article>\n\t\t\t\t<article class=\"elementor-post elementor-grid-item post-13833 post type-post status-publish format-standard has-post-thumbnail hentry category-non-categorizzato\" role=\"listitem\">\n\t\t\t<div class=\"elementor-post__card\">\n\t\t\t\t<a class=\"elementor-post__thumbnail__link\" href=\"https:\/\/cafesantahelena.com\/it\/caffe-tradizionale\/\" tabindex=\"-1\" ><div class=\"elementor-post__thumbnail\"><img loading=\"lazy\" decoding=\"async\" width=\"500\" height=\"500\" src=\"https:\/\/cafesantahelena.com\/wp-content\/uploads\/2023\/01\/B04FE065-358B-4B02-893D-B02CC7ACE616.png\" class=\"attachment-full size-full wp-image-13041\" alt=\"\" srcset=\"https:\/\/cafesantahelena.com\/wp-content\/uploads\/2023\/01\/B04FE065-358B-4B02-893D-B02CC7ACE616.png 500w, https:\/\/cafesantahelena.com\/wp-content\/uploads\/2023\/01\/B04FE065-358B-4B02-893D-B02CC7ACE616-450x450.png 450w, https:\/\/cafesantahelena.com\/wp-content\/uploads\/2023\/01\/B04FE065-358B-4B02-893D-B02CC7ACE616-100x100.png 100w, https:\/\/cafesantahelena.com\/wp-content\/uploads\/2023\/01\/B04FE065-358B-4B02-893D-B02CC7ACE616-350x350.png 350w, https:\/\/cafesantahelena.com\/wp-content\/uploads\/2023\/01\/B04FE065-358B-4B02-893D-B02CC7ACE616-64x64.png 64w, https:\/\/cafesantahelena.com\/wp-content\/uploads\/2023\/01\/B04FE065-358B-4B02-893D-B02CC7ACE616-300x300.png 300w, https:\/\/cafesantahelena.com\/wp-content\/uploads\/2023\/01\/B04FE065-358B-4B02-893D-B02CC7ACE616-150x150.png 150w\" sizes=\"(max-width: 500px) 100vw, 500px\" \/><\/div><\/a>\n\t\t\t\t<div class=\"elementor-post__text\">\n\t\t\t\t<h3 class=\"elementor-post__title\">\n\t\t\t<a href=\"https:\/\/cafesantahelena.com\/it\/caffe-tradizionale\/\" >\n\t\t\t\tCaff\u00e8 tradizionale X Caff\u00e8 Speciale\t\t\t<\/a>\n\t\t<\/h3>\n\t\t\t\t<div class=\"elementor-post__excerpt\">\n\t\t\t<p>Il caff\u00e8 \u00e8 tutto uguale? &nbsp; &nbsp; Noooooo! Qual \u00e8 la differenza tra caff\u00e8 speciale e caff\u00e8 tradizionale?<\/p>\n\t\t<\/div>\n\t\t\t\t\t<div class=\"elementor-post__read-more-wrapper\">\n\t\t\n\t\t<a class=\"elementor-post__read-more\" href=\"https:\/\/cafesantahelena.com\/it\/caffe-tradizionale\/\" aria-label=\"Leggi tutto Caff\u00e8 tradizionale X Caff\u00e8 Speciale\" tabindex=\"-1\" >\n\t\t\tPer saperne di pi\u00f9 \u00bb\t\t<\/a>\n\n\t\t\t\t\t<\/div>\n\t\t\t\t<\/div>\n\t\t\t\t\t<\/div>\n\t\t<\/article>\n\t\t\t\t<article class=\"elementor-post elementor-grid-item post-13839 post type-post status-publish format-standard has-post-thumbnail hentry category-non-categorizzato\" role=\"listitem\">\n\t\t\t<div class=\"elementor-post__card\">\n\t\t\t\t<a class=\"elementor-post__thumbnail__link\" href=\"https:\/\/cafesantahelena.com\/it\/il-corpo-del-caffe\/\" tabindex=\"-1\" ><div class=\"elementor-post__thumbnail\"><img loading=\"lazy\" decoding=\"async\" width=\"1080\" height=\"750\" src=\"https:\/\/cafesantahelena.com\/wp-content\/uploads\/2023\/01\/IMG_5975.webp\" class=\"attachment-full size-full wp-image-19420\" alt=\"il corpo del caff\u00e8\" srcset=\"https:\/\/cafesantahelena.com\/wp-content\/uploads\/2023\/01\/IMG_5975.webp 1080w, https:\/\/cafesantahelena.com\/wp-content\/uploads\/2023\/01\/IMG_5975-300x208.webp 300w, https:\/\/cafesantahelena.com\/wp-content\/uploads\/2023\/01\/IMG_5975-1024x711.webp 1024w, https:\/\/cafesantahelena.com\/wp-content\/uploads\/2023\/01\/IMG_5975-768x533.webp 768w, https:\/\/cafesantahelena.com\/wp-content\/uploads\/2023\/01\/IMG_5975-350x243.webp 350w, https:\/\/cafesantahelena.com\/wp-content\/uploads\/2023\/01\/IMG_5975-64x44.webp 64w\" sizes=\"(max-width: 1080px) 100vw, 1080px\" \/><\/div><\/a>\n\t\t\t\t<div class=\"elementor-post__text\">\n\t\t\t\t<h3 class=\"elementor-post__title\">\n\t\t\t<a href=\"https:\/\/cafesantahelena.com\/it\/il-corpo-del-caffe\/\" >\n\t\t\t\tCos\u2019\u00e8 il corpo del caff\u00e8?\t\t\t<\/a>\n\t\t<\/h3>\n\t\t\t\t<div class=\"elementor-post__excerpt\">\n\t\t\t<p>Sapere cos&#8217;\u00e8 il corpo del caff\u00e8 e come identificare questa sensazione\u00a0 Naturalmente, la scelta della bevanda ideale dipende<\/p>\n\t\t<\/div>\n\t\t\t\t\t<div class=\"elementor-post__read-more-wrapper\">\n\t\t\n\t\t<a class=\"elementor-post__read-more\" href=\"https:\/\/cafesantahelena.com\/it\/il-corpo-del-caffe\/\" aria-label=\"Leggi tutto Cos\u2019\u00e8 il corpo del caff\u00e8?\" tabindex=\"-1\" >\n\t\t\tPer saperne di pi\u00f9 \u00bb\t\t<\/a>\n\n\t\t\t\t\t<\/div>\n\t\t\t\t<\/div>\n\t\t\t\t\t<\/div>\n\t\t<\/article>\n\t\t\t\t<\/div>\n\t\t\n\t\t\t\t<div class=\"e-load-more-anchor\" data-page=\"1\" data-max-page=\"4\" data-next-page=\"https:\/\/cafesantahelena.com\/it\/wp-json\/wp\/v2\/pages\/13557\/page\/2\/\"><\/div>\n\t\t\t\t<nav class=\"elementor-pagination\" aria-label=\"Paginazione\">\n\t\t\t<span aria-current=\"page\" class=\"page-numbers current\"><span class=\"elementor-screen-only\">Pagina<\/span>1<\/span>\n<a class=\"page-numbers\" href=\"https:\/\/cafesantahelena.com\/it\/wp-json\/wp\/v2\/pages\/13557\/page\/2\/\"><span class=\"elementor-screen-only\">Pagina<\/span>2<\/a>\n<a class=\"page-numbers\" href=\"https:\/\/cafesantahelena.com\/it\/wp-json\/wp\/v2\/pages\/13557\/page\/3\/\"><span class=\"elementor-screen-only\">Pagina<\/span>3<\/a>\n<a class=\"page-numbers\" href=\"https:\/\/cafesantahelena.com\/it\/wp-json\/wp\/v2\/pages\/13557\/page\/4\/\"><span class=\"elementor-screen-only\">Pagina<\/span>4<\/a>\t\t<\/nav>\n\t\t\t\t\t\t<\/div>\n\t\t\t\t<\/div>\n\t\t\t\t<\/div>\n\t\t\t\t\t<\/div>\n\t\t\t\t<\/div>\n\t\t<div class=\"elementor-element elementor-element-d7c10c2 e-con-full e-flex e-con e-parent\" data-id=\"d7c10c2\" data-element_type=\"container\">\n\t\t\t\t<div class=\"elementor-element elementor-element-98e4e09 elementor-widget elementor-widget-template\" data-id=\"98e4e09\" data-element_type=\"widget\" data-widget_type=\"template.default\">\n\t\t\t\t<div class=\"elementor-widget-container\">\n\t\t\t\t\t\t\t<div class=\"elementor-template\">\n\t\t\t\t\t<div data-elementor-type=\"container\" data-elementor-id=\"14435\" class=\"elementor elementor-14435 elementor-130\" data-elementor-post-type=\"elementor_library\">\n\t\t\t\t<div class=\"elementor-element elementor-element-277ccdff e-flex e-con-boxed e-con e-parent\" data-id=\"277ccdff\" data-element_type=\"container\" data-settings=\"{&quot;background_background&quot;:&quot;classic&quot;}\">\n\t\t\t\t\t<div class=\"e-con-inner\">\n\t\t\t\t<div class=\"elementor-element elementor-element-2b83604f elementor-widget__width-initial elementor-widget-mobile__width-initial elementor-widget-tablet__width-initial elementor-widget elementor-widget-image-box\" data-id=\"2b83604f\" data-element_type=\"widget\" data-widget_type=\"image-box.default\">\n\t\t\t\t<div class=\"elementor-widget-container\">\n\t\t\t\t\t<div class=\"elementor-image-box-wrapper\"><div class=\"elementor-image-box-content\"><h3 class=\"elementor-image-box-title\">LASCIATI CONVINCERE DAL NOSTRO CAFF\u00c8<\/h3><p class=\"elementor-image-box-description\"> Caf\u00e9 Santa Helena   Caff\u00e8 Speciale Bio dal Brasile<\/p><\/div><\/div>\t\t\t\t<\/div>\n\t\t\t\t<\/div>\n\t\t\t\t<div class=\"elementor-element elementor-element-173352b3 elementor-widget__width-initial elementor-widget-mobile__width-initial elementor-widget-tablet__width-initial elementor-widget elementor-widget-image-box\" data-id=\"173352b3\" data-element_type=\"widget\" data-widget_type=\"image-box.default\">\n\t\t\t\t<div class=\"elementor-widget-container\">\n\t\t\t\t\t<div class=\"elementor-image-box-wrapper\"><div class=\"elementor-image-box-content\"><h3 class=\"elementor-image-box-title\">PROVA LE NOSTRE ECO-CAPSULE<\/h3><p class=\"elementor-image-box-description\">Compatibile con Macchine Nespresso\u00ae-System <br>Materiale Naturale, Compostabile, Biodegradabile<\/p><\/div><\/div>\t\t\t\t<\/div>\n\t\t\t\t<\/div>\n\t\t\t\t<div class=\"elementor-element elementor-element-2f16196b elementor-mobile-align-center elementor-widget__width-inherit elementor-align-center elementor-widget elementor-widget-button\" data-id=\"2f16196b\" data-element_type=\"widget\" data-widget_type=\"button.default\">\n\t\t\t\t<div class=\"elementor-widget-container\">\n\t\t\t\t\t\t\t\t\t<div class=\"elementor-button-wrapper\">\n\t\t\t\t\t<a class=\"elementor-button elementor-button-link elementor-size-sm elementor-animation-float\" href=\"https:\/\/cafesantahelena.com\/shop\">\n\t\t\t\t\t\t<span class=\"elementor-button-content-wrapper\">\n\t\t\t\t\t\t\t\t\t<span class=\"elementor-button-text\">Acquista ora<\/span>\n\t\t\t\t\t<\/span>\n\t\t\t\t\t<\/a>\n\t\t\t\t<\/div>\n\t\t\t\t\t\t\t\t<\/div>\n\t\t\t\t<\/div>\n\t\t\t\t\t<\/div>\n\t\t\t\t<\/div>\n\t\t\t\t<\/div>\n\t\t\t\t<\/div>\n\t\t\t\t\t\t<\/div>\n\t\t\t\t<\/div>\n\t\t\t\t<\/div>\n\t\t\t\t<\/div>\n\t\t","protected":false},"excerpt":{"rendered":"","protected":false},"author":1,"featured_media":0,"parent":0,"menu_order":0,"comment_status":"closed","ping_status":"closed","template":"elementor_header_footer","meta":{"footnotes":""},"class_list":["post-13557","page","type-page","status-publish","hentry"],"yoast_head":"<!-- This site is optimized with the Yoast SEO plugin v26.4 - https:\/\/yoast.com\/wordpress\/plugins\/seo\/ -->\n<title>Blog - Caf\u00e9 Santa Helena<\/title>\n<meta name=\"robots\" content=\"index, follow, max-snippet:-1, max-image-preview:large, max-video-preview:-1\" \/>\n<link rel=\"canonical\" href=\"https:\/\/cafesantahelena.com\/blog\/\" \/>\n<meta property=\"og:locale\" content=\"it_IT\" \/>\n<meta property=\"og:type\" content=\"article\" \/>\n<meta property=\"og:title\" content=\"Blog - Caf\u00e9 Santa Helena\" \/>\n<meta property=\"og:url\" content=\"https:\/\/cafesantahelena.com\/blog\/\" \/>\n<meta property=\"og:site_name\" content=\"Caf\u00e9 Santa Helena\" \/>\n<meta property=\"article:modified_time\" content=\"2025-02-26T17:00:14+00:00\" \/>\n<meta property=\"og:image\" content=\"https:\/\/cafesantahelena.com\/wp-content\/uploads\/2025\/01\/IMG_5174.webp\" \/>\n\t<meta property=\"og:image:width\" content=\"1050\" \/>\n\t<meta property=\"og:image:height\" content=\"350\" \/>\n\t<meta property=\"og:image:type\" content=\"image\/webp\" \/>\n<meta name=\"twitter:card\" content=\"summary_large_image\" \/>\n<meta name=\"twitter:label1\" content=\"Tempo di lettura stimato\" \/>\n\t<meta name=\"twitter:data1\" content=\"6 minuti\" \/>\n<script type=\"application\/ld+json\" class=\"yoast-schema-graph\">{\"@context\":\"https:\/\/schema.org\",\"@graph\":[{\"@type\":\"WebPage\",\"@id\":\"https:\/\/cafesantahelena.com\/blog\/\",\"url\":\"https:\/\/cafesantahelena.com\/blog\/\",\"name\":\"Blog - Caf\u00e9 Santa Helena\",\"isPartOf\":{\"@id\":\"https:\/\/cafesantahelena.com\/#website\"},\"primaryImageOfPage\":{\"@id\":\"https:\/\/cafesantahelena.com\/blog\/#primaryimage\"},\"image\":{\"@id\":\"https:\/\/cafesantahelena.com\/blog\/#primaryimage\"},\"thumbnailUrl\":\"https:\/\/cafesantahelena.com\/wp-content\/uploads\/2025\/01\/IMG_5174.webp\",\"datePublished\":\"2024-08-14T19:32:26+00:00\",\"dateModified\":\"2025-02-26T17:00:14+00:00\",\"breadcrumb\":{\"@id\":\"https:\/\/cafesantahelena.com\/blog\/#breadcrumb\"},\"inLanguage\":\"it-IT\",\"potentialAction\":[{\"@type\":\"ReadAction\",\"target\":[\"https:\/\/cafesantahelena.com\/blog\/\"]}]},{\"@type\":\"ImageObject\",\"inLanguage\":\"it-IT\",\"@id\":\"https:\/\/cafesantahelena.com\/blog\/#primaryimage\",\"url\":\"https:\/\/cafesantahelena.com\/wp-content\/uploads\/2025\/01\/IMG_5174.webp\",\"contentUrl\":\"https:\/\/cafesantahelena.com\/wp-content\/uploads\/2025\/01\/IMG_5174.webp\"},{\"@type\":\"BreadcrumbList\",\"@id\":\"https:\/\/cafesantahelena.com\/blog\/#breadcrumb\",\"itemListElement\":[{\"@type\":\"ListItem\",\"position\":1,\"name\":\"In\u00edcio\",\"item\":\"https:\/\/cafesantahelena.com\/it\/\"},{\"@type\":\"ListItem\",\"position\":2,\"name\":\"Blog\"}]},{\"@type\":\"WebSite\",\"@id\":\"https:\/\/cafesantahelena.com\/#website\",\"url\":\"https:\/\/cafesantahelena.com\/\",\"name\":\"Caf\u00e9 Santa Helena\",\"description\":\"\",\"potentialAction\":[{\"@type\":\"SearchAction\",\"target\":{\"@type\":\"EntryPoint\",\"urlTemplate\":\"https:\/\/cafesantahelena.com\/?s={search_term_string}\"},\"query-input\":{\"@type\":\"PropertyValueSpecification\",\"valueRequired\":true,\"valueName\":\"search_term_string\"}}],\"inLanguage\":\"it-IT\"}]}<\/script>\n<!-- \/ Yoast SEO plugin. -->","yoast_head_json":{"title":"Blog - Caf\u00e9 Santa Helena","robots":{"index":"index","follow":"follow","max-snippet":"max-snippet:-1","max-image-preview":"max-image-preview:large","max-video-preview":"max-video-preview:-1"},"canonical":"https:\/\/cafesantahelena.com\/blog\/","og_locale":"it_IT","og_type":"article","og_title":"Blog - Caf\u00e9 Santa Helena","og_url":"https:\/\/cafesantahelena.com\/blog\/","og_site_name":"Caf\u00e9 Santa Helena","article_modified_time":"2025-02-26T17:00:14+00:00","og_image":[{"width":1050,"height":350,"url":"https:\/\/cafesantahelena.com\/wp-content\/uploads\/2025\/01\/IMG_5174.webp","type":"image\/webp"}],"twitter_card":"summary_large_image","twitter_misc":{"Tempo di lettura stimato":"6 minuti"},"schema":{"@context":"https:\/\/schema.org","@graph":[{"@type":"WebPage","@id":"https:\/\/cafesantahelena.com\/blog\/","url":"https:\/\/cafesantahelena.com\/blog\/","name":"Blog - Caf\u00e9 Santa Helena","isPartOf":{"@id":"https:\/\/cafesantahelena.com\/#website"},"primaryImageOfPage":{"@id":"https:\/\/cafesantahelena.com\/blog\/#primaryimage"},"image":{"@id":"https:\/\/cafesantahelena.com\/blog\/#primaryimage"},"thumbnailUrl":"https:\/\/cafesantahelena.com\/wp-content\/uploads\/2025\/01\/IMG_5174.webp","datePublished":"2024-08-14T19:32:26+00:00","dateModified":"2025-02-26T17:00:14+00:00","breadcrumb":{"@id":"https:\/\/cafesantahelena.com\/blog\/#breadcrumb"},"inLanguage":"it-IT","potentialAction":[{"@type":"ReadAction","target":["https:\/\/cafesantahelena.com\/blog\/"]}]},{"@type":"ImageObject","inLanguage":"it-IT","@id":"https:\/\/cafesantahelena.com\/blog\/#primaryimage","url":"https:\/\/cafesantahelena.com\/wp-content\/uploads\/2025\/01\/IMG_5174.webp","contentUrl":"https:\/\/cafesantahelena.com\/wp-content\/uploads\/2025\/01\/IMG_5174.webp"},{"@type":"BreadcrumbList","@id":"https:\/\/cafesantahelena.com\/blog\/#breadcrumb","itemListElement":[{"@type":"ListItem","position":1,"name":"In\u00edcio","item":"https:\/\/cafesantahelena.com\/it\/"},{"@type":"ListItem","position":2,"name":"Blog"}]},{"@type":"WebSite","@id":"https:\/\/cafesantahelena.com\/#website","url":"https:\/\/cafesantahelena.com\/","name":"Caf\u00e9 Santa Helena","description":"","potentialAction":[{"@type":"SearchAction","target":{"@type":"EntryPoint","urlTemplate":"https:\/\/cafesantahelena.com\/?s={search_term_string}"},"query-input":{"@type":"PropertyValueSpecification","valueRequired":true,"valueName":"search_term_string"}}],"inLanguage":"it-IT"}]}},"_links":{"self":[{"href":"https:\/\/cafesantahelena.com\/it\/wp-json\/wp\/v2\/pages\/13557","targetHints":{"allow":["GET"]}}],"collection":[{"href":"https:\/\/cafesantahelena.com\/it\/wp-json\/wp\/v2\/pages"}],"about":[{"href":"https:\/\/cafesantahelena.com\/it\/wp-json\/wp\/v2\/types\/page"}],"author":[{"embeddable":true,"href":"https:\/\/cafesantahelena.com\/it\/wp-json\/wp\/v2\/users\/1"}],"replies":[{"embeddable":true,"href":"https:\/\/cafesantahelena.com\/it\/wp-json\/wp\/v2\/comments?post=13557"}],"version-history":[{"count":12,"href":"https:\/\/cafesantahelena.com\/it\/wp-json\/wp\/v2\/pages\/13557\/revisions"}],"predecessor-version":[{"id":19279,"href":"https:\/\/cafesantahelena.com\/it\/wp-json\/wp\/v2\/pages\/13557\/revisions\/19279"}],"wp:attachment":[{"href":"https:\/\/cafesantahelena.com\/it\/wp-json\/wp\/v2\/media?parent=13557"}],"curies":[{"name":"wp","href":"https:\/\/api.w.org\/{rel}","templated":true}]}}