{"id":13581,"date":"2024-08-17T14:22:15","date_gmt":"2024-08-17T14:22:15","guid":{"rendered":"https:\/\/cafesantahelena.alivanstudio.com\/caffe\/"},"modified":"2025-03-04T20:43:13","modified_gmt":"2025-03-04T20:43:13","slug":"caffe","status":"publish","type":"page","link":"https:\/\/cafesantahelena.com\/it\/caffe\/","title":{"rendered":"Il Caff\u00e8"},"content":{"rendered":"\t\t<div data-elementor-type=\"wp-post\" data-elementor-id=\"13581\" class=\"elementor elementor-13581 elementor-11825\" data-elementor-post-type=\"page\">\n\t\t\t\t<div class=\"elementor-element elementor-element-b624800 e-flex e-con-boxed e-con e-parent\" data-id=\"b624800\" data-element_type=\"container\">\n\t\t\t\t\t<div class=\"e-con-inner\">\n\t\t\t\t\t<\/div>\n\t\t\t\t<\/div>\n\t\t<div class=\"elementor-element elementor-element-ef34acb e-flex e-con-boxed e-con e-parent\" data-id=\"ef34acb\" data-element_type=\"container\">\n\t\t\t\t\t<div class=\"e-con-inner\">\n\t\t\t\t<div class=\"elementor-element elementor-element-4a4f95f elementor-widget elementor-widget-image\" data-id=\"4a4f95f\" data-element_type=\"widget\" data-widget_type=\"image.default\">\n\t\t\t\t<div class=\"elementor-widget-container\">\n\t\t\t\t\t\t\t\t\t\t\t\t\t\t\t<img fetchpriority=\"high\" decoding=\"async\" width=\"1070\" height=\"345\" src=\"https:\/\/cafesantahelena.com\/wp-content\/uploads\/2024\/09\/banner-e1725384177993.png\" class=\"attachment-full size-full wp-image-17402\" alt=\"\" srcset=\"https:\/\/cafesantahelena.com\/wp-content\/uploads\/2024\/09\/banner-e1725384177993.png 1070w, https:\/\/cafesantahelena.com\/wp-content\/uploads\/2024\/09\/banner-e1725384177993-350x113.png 350w, https:\/\/cafesantahelena.com\/wp-content\/uploads\/2024\/09\/banner-e1725384177993-64x21.png 64w, https:\/\/cafesantahelena.com\/wp-content\/uploads\/2024\/09\/banner-e1725384177993-300x97.png 300w, https:\/\/cafesantahelena.com\/wp-content\/uploads\/2024\/09\/banner-e1725384177993-1024x330.png 1024w, https:\/\/cafesantahelena.com\/wp-content\/uploads\/2024\/09\/banner-e1725384177993-768x248.png 768w\" sizes=\"(max-width: 1070px) 100vw, 1070px\" \/>\t\t\t\t\t\t\t\t\t\t\t\t\t\t\t<\/div>\n\t\t\t\t<\/div>\n\t\t\t\t\t<\/div>\n\t\t\t\t<\/div>\n\t\t<div class=\"elementor-element elementor-element-e9b4d8d container e-flex e-con-boxed e-con e-parent\" data-id=\"e9b4d8d\" data-element_type=\"container\">\n\t\t\t\t\t<div class=\"e-con-inner\">\n\t\t\t\t<div class=\"elementor-element elementor-element-3176689 elementor-widget elementor-widget-heading\" data-id=\"3176689\" data-element_type=\"widget\" data-widget_type=\"heading.default\">\n\t\t\t\t<div class=\"elementor-widget-container\">\n\t\t\t\t\t<h2 class=\"elementor-heading-title elementor-size-default\">Cos'\u00e8 il Terroir?<\/h2>\t\t\t\t<\/div>\n\t\t\t\t<\/div>\n\t\t\t\t\t<\/div>\n\t\t\t\t<\/div>\n\t\t<div class=\"elementor-element elementor-element-d39f677 e-flex e-con-boxed e-con e-parent\" data-id=\"d39f677\" data-element_type=\"container\">\n\t\t\t\t\t<div class=\"e-con-inner\">\n\t\t<div class=\"elementor-element elementor-element-64a6eb5 e-flex e-con-boxed e-con e-child\" data-id=\"64a6eb5\" data-element_type=\"container\" data-settings=\"{&quot;background_background&quot;:&quot;classic&quot;}\">\n\t\t\t\t\t<div class=\"e-con-inner\">\n\t\t\t\t<div class=\"elementor-element elementor-element-21b6c71 elementor-widget elementor-widget-text-editor\" data-id=\"21b6c71\" data-element_type=\"widget\" data-widget_type=\"text-editor.default\">\n\t\t\t\t<div class=\"elementor-widget-container\">\n\t\t\t\t\t\t\t\t\t<p>\u201cIl<strong> terroir<\/strong> esalta le caratteristiche del vitigno in questione. Poich\u00e9 ogni terroir \u00e8 diverso, ci\u00f2 significa che esalta queste caratteristiche in modi diversi. Ad esempio, <strong>altitudine, terreno e clima<\/strong>, sono fondamentali affinch\u00e9 il <strong>caff\u00e8 esprima il suo potenziale<\/strong>. Influir\u00e0 in modo decisivo sullo sviluppo dei chicchi.<\/p><p>&#8220;Di conseguenza anche la stessa pianta pu\u00f2 esprimersi in modo totalmente diverso a seconda della regione di coltivazione\u201d. In altre parole il terroir \u00e8 ci\u00f2 che rende un caff\u00e8 brasiliano diverso da uno colombiano, etiope ecc.<\/p><p><strong>Terroir\u201d deriva dalla parola francese \u201cterre\u201d<\/strong>. Per terroir si intende l&#8217;insieme delle caratteristiche che governano ciascuna coltura. Questi sono la <strong>latitudine, l&#8217;altitudine, il tipo di terreno, il clima, le precipitazioni, il vento e la luce solare<\/strong> esposta a ciascun cespuglio. Il terroir funziona quindi come il\u201c<strong>direttore d\u2019orchestra<\/strong>\u201d.<\/p><p>Influisce direttamente sul gusto e sulle \u201c<strong>Note Sensoriali<\/strong>&#8221; delle Piantagioni di Caff\u00e8. Vale a dire lo sviluppo del frutto, il <strong>sapore, l&#8217;aroma, il colore dei chicchi e perfino la personalit\u00e0 di ogni tipo<\/strong> <strong>di tostatura.<\/strong><\/p><p>Sul mercato, il<strong> concetto di terroir \u00e8 gi\u00e0 ben noto poich\u00e9 la sua influenza determina la qualit\u00e0 dei chicchi.<\/strong> Pertanto, con lo sviluppo della cultura degli amanti del caff\u00e8, i consumatori cercano anche di saperne di pi\u00f9 sul caff\u00e8 speciale nella loro tazza. In questo senso, comprendere un terroir significa sviluppare la capacit\u00e0 di sapere cosa aspettarsi da ogni sorso.<\/p>\t\t\t\t\t\t\t\t<\/div>\n\t\t\t\t<\/div>\n\t\t\t\t\t<\/div>\n\t\t\t\t<\/div>\n\t\t\t\t\t<\/div>\n\t\t\t\t<\/div>\n\t\t<div class=\"elementor-element elementor-element-28e209b e-flex e-con-boxed e-con e-parent\" data-id=\"28e209b\" data-element_type=\"container\">\n\t\t\t\t\t<div class=\"e-con-inner\">\n\t\t<div class=\"elementor-element elementor-element-e616627 e-con-full e-flex e-con e-child\" data-id=\"e616627\" data-element_type=\"container\" data-settings=\"{&quot;background_background&quot;:&quot;classic&quot;}\">\n\t\t\t\t<div class=\"elementor-element elementor-element-d2e9062 elementor-widget elementor-widget-image\" data-id=\"d2e9062\" data-element_type=\"widget\" data-widget_type=\"image.default\">\n\t\t\t\t<div class=\"elementor-widget-container\">\n\t\t\t\t\t\t\t\t\t\t\t\t\t\t\t<img decoding=\"async\" width=\"460\" height=\"435\" src=\"https:\/\/cafesantahelena.com\/wp-content\/uploads\/2024\/11\/about-2.jpg\" class=\"attachment-full size-full wp-image-18721\" alt=\"terroir\" srcset=\"https:\/\/cafesantahelena.com\/wp-content\/uploads\/2024\/11\/about-2.jpg 460w, https:\/\/cafesantahelena.com\/wp-content\/uploads\/2024\/11\/about-2-350x331.jpg 350w, https:\/\/cafesantahelena.com\/wp-content\/uploads\/2024\/11\/about-2-64x61.jpg 64w, https:\/\/cafesantahelena.com\/wp-content\/uploads\/2024\/11\/about-2-300x284.jpg 300w\" sizes=\"(max-width: 460px) 100vw, 460px\" \/>\t\t\t\t\t\t\t\t\t\t\t\t\t\t\t<\/div>\n\t\t\t\t<\/div>\n\t\t\t\t<\/div>\n\t\t<div class=\"elementor-element elementor-element-94daaab e-con-full e-flex elementor-invisible e-con e-child\" data-id=\"94daaab\" data-element_type=\"container\" data-settings=\"{&quot;background_background&quot;:&quot;classic&quot;,&quot;animation&quot;:&quot;fadeInRight&quot;}\">\n\t\t\t\t<div class=\"elementor-element elementor-element-8ab2d19 elementor-widget elementor-widget-image-box\" data-id=\"8ab2d19\" data-element_type=\"widget\" data-widget_type=\"image-box.default\">\n\t\t\t\t<div class=\"elementor-widget-container\">\n\t\t\t\t\t<div class=\"elementor-image-box-wrapper\"><div class=\"elementor-image-box-content\"><h3 class=\"elementor-image-box-title\">Quanto \u00e8 importante l'altitudine?<\/h3><p class=\"elementor-image-box-description\"> Pi\u00f9 si va in alto, pi\u00f9 i frutti saranno dolci e di qualit\u00e0 superiore. L'elevazione influisce direttamente sul processo di maturazione del frutto. I frutti con sviluppo pi\u00f9 lento presentano caratteristiche quali maggiore concentrazione di zuccheri. Ci\u00f2 conferisce al caff\u00e8 una dolcezza molto apprezzata nei caff\u00e8 speciality. Il Brasile \u00e8 noto per i suoi metodi di lavorazione naturali che esaltano dolcezza e corposit\u00e0.     <br><br> Il Caf\u00e9 Santa Helena cresce a 1200 metri di altitudine e questo gli conferisce il suo sapore speciale!<\/p><\/div><\/div>\t\t\t\t<\/div>\n\t\t\t\t<\/div>\n\t\t\t\t<\/div>\n\t\t\t\t\t<\/div>\n\t\t\t\t<\/div>\n\t\t<div class=\"elementor-element elementor-element-9e9419f e-flex e-con-boxed e-con e-parent\" data-id=\"9e9419f\" data-element_type=\"container\">\n\t\t\t\t\t<div class=\"e-con-inner\">\n\t\t<div class=\"elementor-element elementor-element-2417937 e-con-full e-flex e-con e-child\" data-id=\"2417937\" data-element_type=\"container\" data-settings=\"{&quot;background_background&quot;:&quot;classic&quot;}\">\n\t\t\t\t<div class=\"elementor-element elementor-element-d86bcd2 elementor-invisible elementor-widget elementor-widget-image-box\" data-id=\"d86bcd2\" data-element_type=\"widget\" data-settings=\"{&quot;_animation&quot;:&quot;fadeInLeft&quot;}\" data-widget_type=\"image-box.default\">\n\t\t\t\t<div class=\"elementor-widget-container\">\n\t\t\t\t\t<div class=\"elementor-image-box-wrapper\"><div class=\"elementor-image-box-content\"><h3 class=\"elementor-image-box-title\">Perch\u00e9 il terroir brasiliano \u00e8 cos\u00ec famoso?<\/h3><p class=\"elementor-image-box-description\">Il Brasile \u00e8 il pi\u00f9 grande produttore di caff\u00e8 al mondo. Gran parte del caff\u00e8 coltivato in regioni alte e secche che ne esaltano la dolcezza.\n\nGrazie all\u2019estensione territoriale del Brasile, e rappresentando il 30% della produzione mondiale di caff\u00e8, i terroir variano da regione a regione. \n<br><br>Di norma, il caff\u00e8 brasiliano ha una dolcezza molto spiccata ed \u00e8 famoso per questo, poich\u00e9 ogni regione e piantagione ha le proprie caratteristiche.  <br><br> Le piantagioni di caff\u00e8 in Brasile sono privilegiate, data la posizione del paese al centro della zona equatoriale. Ci\u00f2 significa stesso clima, precipitazioni e temperatura durante tutte le stagioni dell\u2019anno, compreso il caldo, che \u00e8 favorevole alla produzione.<br><br> Circa l'80% della coltivazione totale del caff\u00e8 nel paese utilizza variet\u00e0 di chicchi come Mundo Novo e Catua\u00ed. Ogni variet\u00e0 \u00e8 divisa in ceppi o variet\u00e0, la maggior parte delle volte si distinguono per il colore del frutto, come le variet\u00e0 Catua\u00ed Rosso e Catua\u00ed Giallo.   <\/p><\/div><\/div>\t\t\t\t<\/div>\n\t\t\t\t<\/div>\n\t\t\t\t<\/div>\n\t\t<div class=\"elementor-element elementor-element-8daba26 e-con-full e-flex e-con e-child\" data-id=\"8daba26\" data-element_type=\"container\" data-settings=\"{&quot;background_background&quot;:&quot;classic&quot;}\">\n\t\t\t\t<div class=\"elementor-element elementor-element-1668bb3 elementor-widget elementor-widget-image\" data-id=\"1668bb3\" data-element_type=\"widget\" data-widget_type=\"image.default\">\n\t\t\t\t<div class=\"elementor-widget-container\">\n\t\t\t\t\t\t\t\t\t\t\t\t\t\t\t<img decoding=\"async\" width=\"530\" height=\"630\" src=\"https:\/\/cafesantahelena.com\/wp-content\/uploads\/2024\/08\/coffee-3.webp\" class=\"attachment-full size-full wp-image-13081\" alt=\"\" srcset=\"https:\/\/cafesantahelena.com\/wp-content\/uploads\/2024\/08\/coffee-3.webp 530w, https:\/\/cafesantahelena.com\/wp-content\/uploads\/2024\/08\/coffee-3-350x416.webp 350w, https:\/\/cafesantahelena.com\/wp-content\/uploads\/2024\/08\/coffee-3-64x76.webp 64w, https:\/\/cafesantahelena.com\/wp-content\/uploads\/2024\/08\/coffee-3-252x300.webp 252w\" sizes=\"(max-width: 530px) 100vw, 530px\" \/>\t\t\t\t\t\t\t\t\t\t\t\t\t\t\t<\/div>\n\t\t\t\t<\/div>\n\t\t\t\t<\/div>\n\t\t\t\t\t<\/div>\n\t\t\t\t<\/div>\n\t\t<div class=\"elementor-element elementor-element-a96da72 e-flex e-con-boxed e-con e-parent\" data-id=\"a96da72\" data-element_type=\"container\">\n\t\t\t\t\t<div class=\"e-con-inner\">\n\t\t<div class=\"elementor-element elementor-element-bd51e38 e-con-full e-flex e-con e-child\" data-id=\"bd51e38\" data-element_type=\"container\" data-settings=\"{&quot;background_background&quot;:&quot;classic&quot;}\">\n\t\t\t\t<div class=\"elementor-element elementor-element-f62bdb7 elementor-widget elementor-widget-image-box\" data-id=\"f62bdb7\" data-element_type=\"widget\" data-widget_type=\"image-box.default\">\n\t\t\t\t<div class=\"elementor-widget-container\">\n\t\t\t\t\t<div class=\"elementor-image-box-wrapper\"><div class=\"elementor-image-box-content\"><h3 class=\"elementor-image-box-title\">Da dove vieni il nostro caff\u00e8?<\/h3><p class=\"elementor-image-box-description\">La principale regione produttrice di caff\u00e8 nello stato di Minas Gerais \u00e8 nel sud. <\/b><br><br>\n<b>Fazenda Santa Helena si trova nel sud dello stato di Minas Gerais. Produce chicchi di caff\u00e8 Arabica biologico e del commercio equo e solidale ad un'altitudine di 1200 metri. La variet\u00e0 delle piantagioni di caff\u00e8 \u00e8 Red Catua\u00ed.   <\/b><br><br> Il sistema di produzione del caff\u00e8 biologico \u00e8 lo stesso del sistema tradizionale utilizzato alla fine del XIX secolo. Di conseguenza, le piante crescono solo con fertilizzanti organici naturali, come letame di pollo o compost e polpa di caff\u00e8.  <br><br> La raccolta viene effettuata manualmente e i frutti del caff\u00e8 vengono essiccati al sole sugli ampi terrazzamenti dell\u2019azienda agricola. <b>(Processo naturale)<\/b> La qualit\u00e0, la coerenza e la trasparenza riguardano il terroir e le pratiche di gestione che mirano all'eccellenza in tutte le fasi della produzione. <br><br> Ogni caff\u00e8 ha una personalit\u00e0 e la sua tostatura la riflette. Tieni presente che la tostatura scura del caff\u00e8 ad alta temperatura \u00e8 un processo comunemente utilizzato per nascondere i difetti dei chicchi e accentuare ulteriormente l'amarezza e la durezza della bevanda.  <br><br>\n<\/p><\/div><\/div>\t\t\t\t<\/div>\n\t\t\t\t<\/div>\n\t\t\t\t<div class=\"elementor-element elementor-element-8a0e862 elementor-widget elementor-widget-heading\" data-id=\"8a0e862\" data-element_type=\"widget\" data-widget_type=\"heading.default\">\n\t\t\t\t<div class=\"elementor-widget-container\">\n\t\t\t\t\t<p class=\"elementor-heading-title elementor-size-default\">\u201cUn buon caff\u00e8 ha una sensazione di dolcezza naturale, e non richiede l\u2019aggiunta di zuccheri\u201d.<\/p>\t\t\t\t<\/div>\n\t\t\t\t<\/div>\n\t\t\t\t<div class=\"elementor-element elementor-element-d03ad20 elementor-widget elementor-widget-image\" data-id=\"d03ad20\" data-element_type=\"widget\" data-widget_type=\"image.default\">\n\t\t\t\t<div class=\"elementor-widget-container\">\n\t\t\t\t\t\t\t\t\t\t\t\t\t\t\t<img loading=\"lazy\" decoding=\"async\" width=\"150\" height=\"150\" src=\"https:\/\/cafesantahelena.com\/wp-content\/uploads\/2024\/11\/logo-1-150x150.png\" class=\"attachment-thumbnail size-thumbnail wp-image-15378\" alt=\"Logo Caf\u00e9 Santa Helena\" srcset=\"https:\/\/cafesantahelena.com\/wp-content\/uploads\/2024\/11\/logo-1-150x150.png 150w, https:\/\/cafesantahelena.com\/wp-content\/uploads\/2024\/11\/logo-1-100x100.png 100w, https:\/\/cafesantahelena.com\/wp-content\/uploads\/2024\/11\/logo-1-64x64.png 64w, https:\/\/cafesantahelena.com\/wp-content\/uploads\/2024\/11\/logo-1.png 300w\" sizes=\"(max-width: 150px) 100vw, 150px\" \/>\t\t\t\t\t\t\t\t\t\t\t\t\t\t\t<\/div>\n\t\t\t\t<\/div>\n\t\t\t\t<\/div>\n\t\t\t\t\t<\/div>\n\t\t\t\t<\/div>\n\t\t<div class=\"elementor-element elementor-element-7a8501a e-con-full e-flex e-con e-parent\" data-id=\"7a8501a\" data-element_type=\"container\">\n\t\t\t\t<div class=\"elementor-element elementor-element-8161e10 elementor-widget elementor-widget-template\" data-id=\"8161e10\" data-element_type=\"widget\" data-widget_type=\"template.default\">\n\t\t\t\t<div class=\"elementor-widget-container\">\n\t\t\t\t\t\t\t<div class=\"elementor-template\">\n\t\t\t\t\t<div data-elementor-type=\"container\" data-elementor-id=\"14435\" class=\"elementor elementor-14435 elementor-130\" data-elementor-post-type=\"elementor_library\">\n\t\t\t\t<div class=\"elementor-element elementor-element-277ccdff e-flex e-con-boxed e-con e-parent\" data-id=\"277ccdff\" data-element_type=\"container\" data-settings=\"{&quot;background_background&quot;:&quot;classic&quot;}\">\n\t\t\t\t\t<div class=\"e-con-inner\">\n\t\t\t\t<div class=\"elementor-element elementor-element-2b83604f elementor-widget__width-initial elementor-widget-mobile__width-initial elementor-widget-tablet__width-initial elementor-widget elementor-widget-image-box\" data-id=\"2b83604f\" data-element_type=\"widget\" data-widget_type=\"image-box.default\">\n\t\t\t\t<div class=\"elementor-widget-container\">\n\t\t\t\t\t<div class=\"elementor-image-box-wrapper\"><div class=\"elementor-image-box-content\"><h3 class=\"elementor-image-box-title\">LASCIATI CONVINCERE DAL NOSTRO CAFF\u00c8<\/h3><p class=\"elementor-image-box-description\"> Caf\u00e9 Santa Helena   Caff\u00e8 Speciale Bio dal Brasile<\/p><\/div><\/div>\t\t\t\t<\/div>\n\t\t\t\t<\/div>\n\t\t\t\t<div class=\"elementor-element elementor-element-173352b3 elementor-widget__width-initial elementor-widget-mobile__width-initial elementor-widget-tablet__width-initial elementor-widget elementor-widget-image-box\" data-id=\"173352b3\" data-element_type=\"widget\" data-widget_type=\"image-box.default\">\n\t\t\t\t<div class=\"elementor-widget-container\">\n\t\t\t\t\t<div class=\"elementor-image-box-wrapper\"><div class=\"elementor-image-box-content\"><h3 class=\"elementor-image-box-title\">PROVA LE NOSTRE ECO-CAPSULE<\/h3><p class=\"elementor-image-box-description\">Compatibile con Macchine Nespresso\u00ae-System <br>Materiale Naturale, Compostabile, Biodegradabile<\/p><\/div><\/div>\t\t\t\t<\/div>\n\t\t\t\t<\/div>\n\t\t\t\t<div class=\"elementor-element elementor-element-2f16196b elementor-mobile-align-center elementor-widget__width-inherit elementor-align-center elementor-widget elementor-widget-button\" data-id=\"2f16196b\" data-element_type=\"widget\" data-widget_type=\"button.default\">\n\t\t\t\t<div class=\"elementor-widget-container\">\n\t\t\t\t\t\t\t\t\t<div class=\"elementor-button-wrapper\">\n\t\t\t\t\t<a class=\"elementor-button elementor-button-link elementor-size-sm elementor-animation-float\" href=\"https:\/\/cafesantahelena.com\/shop\">\n\t\t\t\t\t\t<span class=\"elementor-button-content-wrapper\">\n\t\t\t\t\t\t\t\t\t<span class=\"elementor-button-text\">Acquista ora<\/span>\n\t\t\t\t\t<\/span>\n\t\t\t\t\t<\/a>\n\t\t\t\t<\/div>\n\t\t\t\t\t\t\t\t<\/div>\n\t\t\t\t<\/div>\n\t\t\t\t\t<\/div>\n\t\t\t\t<\/div>\n\t\t\t\t<\/div>\n\t\t\t\t<\/div>\n\t\t\t\t\t\t<\/div>\n\t\t\t\t<\/div>\n\t\t\t\t<\/div>\n\t\t\t\t<\/div>\n\t\t","protected":false},"excerpt":{"rendered":"<p>Cos&#8217;\u00e8 il Terroir? \u201cIl terroir esalta le caratteristiche del vitigno in questione. Poich\u00e9 ogni terroir \u00e8 diverso, ci\u00f2 significa che esalta queste caratteristiche in modi diversi. Ad esempio, altitudine, terreno e clima, sono fondamentali affinch\u00e9 il caff\u00e8 esprima il suo potenziale. Influir\u00e0 in modo decisivo sullo sviluppo dei chicchi. &#8220;Di conseguenza anche la stessa pianta [&hellip;]<\/p>\n","protected":false},"author":1,"featured_media":0,"parent":0,"menu_order":0,"comment_status":"closed","ping_status":"closed","template":"elementor_header_footer","meta":{"footnotes":""},"class_list":["post-13581","page","type-page","status-publish","hentry"],"yoast_head":"<!-- This site is optimized with the Yoast SEO plugin v26.4 - https:\/\/yoast.com\/wordpress\/plugins\/seo\/ -->\n<title>Terroir del Caff\u00e8 - Caf\u00e9 Santa Helena<\/title>\n<meta name=\"description\" content=\"Il Terroir del caff\u00e8 riflette la identit\u00e0 de ogni variet\u00e0. Il clima, l&#039;altitude ed il solo influenza nel gusto, sapore e qualit\u00e0 del caff\u00e8.\" \/>\n<meta name=\"robots\" content=\"index, follow, max-snippet:-1, max-image-preview:large, max-video-preview:-1\" \/>\n<link rel=\"canonical\" href=\"https:\/\/cafesantahelena.com\/it\/caffe\/\" \/>\n<meta property=\"og:locale\" content=\"it_IT\" \/>\n<meta property=\"og:type\" content=\"article\" \/>\n<meta property=\"og:title\" content=\"Terroir del Caff\u00e8 - Caf\u00e9 Santa Helena\" \/>\n<meta property=\"og:description\" content=\"Il Terroir del caff\u00e8 riflette la identit\u00e0 de ogni variet\u00e0. Il clima, l&#039;altitude ed il solo influenza nel gusto, sapore e qualit\u00e0 del caff\u00e8.\" \/>\n<meta property=\"og:url\" content=\"https:\/\/cafesantahelena.com\/it\/caffe\/\" \/>\n<meta property=\"og:site_name\" content=\"Caf\u00e9 Santa Helena\" \/>\n<meta property=\"article:modified_time\" content=\"2025-03-04T20:43:13+00:00\" \/>\n<meta property=\"og:image\" content=\"https:\/\/cafesantahelena.com\/wp-content\/uploads\/2024\/09\/banner-e1725384177993.png\" \/>\n\t<meta property=\"og:image:width\" content=\"1070\" \/>\n\t<meta property=\"og:image:height\" content=\"345\" \/>\n\t<meta property=\"og:image:type\" content=\"image\/png\" \/>\n<meta name=\"twitter:card\" content=\"summary_large_image\" \/>\n<meta name=\"twitter:label1\" content=\"Tempo di lettura stimato\" \/>\n\t<meta name=\"twitter:data1\" content=\"5 minuti\" \/>\n<script type=\"application\/ld+json\" class=\"yoast-schema-graph\">{\"@context\":\"https:\/\/schema.org\",\"@graph\":[{\"@type\":\"WebPage\",\"@id\":\"https:\/\/cafesantahelena.com\/it\/caffe\/\",\"url\":\"https:\/\/cafesantahelena.com\/it\/caffe\/\",\"name\":\"Terroir del Caff\u00e8 - Caf\u00e9 Santa Helena\",\"isPartOf\":{\"@id\":\"https:\/\/cafesantahelena.com\/#website\"},\"primaryImageOfPage\":{\"@id\":\"https:\/\/cafesantahelena.com\/it\/caffe\/#primaryimage\"},\"image\":{\"@id\":\"https:\/\/cafesantahelena.com\/it\/caffe\/#primaryimage\"},\"thumbnailUrl\":\"https:\/\/cafesantahelena.com\/wp-content\/uploads\/2024\/09\/banner-e1725384177993.png\",\"datePublished\":\"2024-08-17T14:22:15+00:00\",\"dateModified\":\"2025-03-04T20:43:13+00:00\",\"description\":\"Il Terroir del caff\u00e8 riflette la identit\u00e0 de ogni variet\u00e0. Il clima, l'altitude ed il solo influenza nel gusto, sapore e qualit\u00e0 del caff\u00e8.\",\"breadcrumb\":{\"@id\":\"https:\/\/cafesantahelena.com\/it\/caffe\/#breadcrumb\"},\"inLanguage\":\"it-IT\",\"potentialAction\":[{\"@type\":\"ReadAction\",\"target\":[\"https:\/\/cafesantahelena.com\/it\/caffe\/\"]}]},{\"@type\":\"ImageObject\",\"inLanguage\":\"it-IT\",\"@id\":\"https:\/\/cafesantahelena.com\/it\/caffe\/#primaryimage\",\"url\":\"https:\/\/cafesantahelena.com\/wp-content\/uploads\/2024\/09\/banner-e1725384177993.png\",\"contentUrl\":\"https:\/\/cafesantahelena.com\/wp-content\/uploads\/2024\/09\/banner-e1725384177993.png\"},{\"@type\":\"BreadcrumbList\",\"@id\":\"https:\/\/cafesantahelena.com\/it\/caffe\/#breadcrumb\",\"itemListElement\":[{\"@type\":\"ListItem\",\"position\":1,\"name\":\"In\u00edcio\",\"item\":\"https:\/\/cafesantahelena.com\/it\/\"},{\"@type\":\"ListItem\",\"position\":2,\"name\":\"Il Caff\u00e8\"}]},{\"@type\":\"WebSite\",\"@id\":\"https:\/\/cafesantahelena.com\/#website\",\"url\":\"https:\/\/cafesantahelena.com\/\",\"name\":\"Caf\u00e9 Santa Helena\",\"description\":\"\",\"potentialAction\":[{\"@type\":\"SearchAction\",\"target\":{\"@type\":\"EntryPoint\",\"urlTemplate\":\"https:\/\/cafesantahelena.com\/?s={search_term_string}\"},\"query-input\":{\"@type\":\"PropertyValueSpecification\",\"valueRequired\":true,\"valueName\":\"search_term_string\"}}],\"inLanguage\":\"it-IT\"}]}<\/script>\n<!-- \/ Yoast SEO plugin. -->","yoast_head_json":{"title":"Terroir del Caff\u00e8 - Caf\u00e9 Santa Helena","description":"Il Terroir del caff\u00e8 riflette la identit\u00e0 de ogni variet\u00e0. Il clima, l'altitude ed il solo influenza nel gusto, sapore e qualit\u00e0 del caff\u00e8.","robots":{"index":"index","follow":"follow","max-snippet":"max-snippet:-1","max-image-preview":"max-image-preview:large","max-video-preview":"max-video-preview:-1"},"canonical":"https:\/\/cafesantahelena.com\/it\/caffe\/","og_locale":"it_IT","og_type":"article","og_title":"Terroir del Caff\u00e8 - Caf\u00e9 Santa Helena","og_description":"Il Terroir del caff\u00e8 riflette la identit\u00e0 de ogni variet\u00e0. Il clima, l'altitude ed il solo influenza nel gusto, sapore e qualit\u00e0 del caff\u00e8.","og_url":"https:\/\/cafesantahelena.com\/it\/caffe\/","og_site_name":"Caf\u00e9 Santa Helena","article_modified_time":"2025-03-04T20:43:13+00:00","og_image":[{"width":1070,"height":345,"url":"https:\/\/cafesantahelena.com\/wp-content\/uploads\/2024\/09\/banner-e1725384177993.png","type":"image\/png"}],"twitter_card":"summary_large_image","twitter_misc":{"Tempo di lettura stimato":"5 minuti"},"schema":{"@context":"https:\/\/schema.org","@graph":[{"@type":"WebPage","@id":"https:\/\/cafesantahelena.com\/it\/caffe\/","url":"https:\/\/cafesantahelena.com\/it\/caffe\/","name":"Terroir del Caff\u00e8 - Caf\u00e9 Santa Helena","isPartOf":{"@id":"https:\/\/cafesantahelena.com\/#website"},"primaryImageOfPage":{"@id":"https:\/\/cafesantahelena.com\/it\/caffe\/#primaryimage"},"image":{"@id":"https:\/\/cafesantahelena.com\/it\/caffe\/#primaryimage"},"thumbnailUrl":"https:\/\/cafesantahelena.com\/wp-content\/uploads\/2024\/09\/banner-e1725384177993.png","datePublished":"2024-08-17T14:22:15+00:00","dateModified":"2025-03-04T20:43:13+00:00","description":"Il Terroir del caff\u00e8 riflette la identit\u00e0 de ogni variet\u00e0. Il clima, l'altitude ed il solo influenza nel gusto, sapore e qualit\u00e0 del caff\u00e8.","breadcrumb":{"@id":"https:\/\/cafesantahelena.com\/it\/caffe\/#breadcrumb"},"inLanguage":"it-IT","potentialAction":[{"@type":"ReadAction","target":["https:\/\/cafesantahelena.com\/it\/caffe\/"]}]},{"@type":"ImageObject","inLanguage":"it-IT","@id":"https:\/\/cafesantahelena.com\/it\/caffe\/#primaryimage","url":"https:\/\/cafesantahelena.com\/wp-content\/uploads\/2024\/09\/banner-e1725384177993.png","contentUrl":"https:\/\/cafesantahelena.com\/wp-content\/uploads\/2024\/09\/banner-e1725384177993.png"},{"@type":"BreadcrumbList","@id":"https:\/\/cafesantahelena.com\/it\/caffe\/#breadcrumb","itemListElement":[{"@type":"ListItem","position":1,"name":"In\u00edcio","item":"https:\/\/cafesantahelena.com\/it\/"},{"@type":"ListItem","position":2,"name":"Il Caff\u00e8"}]},{"@type":"WebSite","@id":"https:\/\/cafesantahelena.com\/#website","url":"https:\/\/cafesantahelena.com\/","name":"Caf\u00e9 Santa Helena","description":"","potentialAction":[{"@type":"SearchAction","target":{"@type":"EntryPoint","urlTemplate":"https:\/\/cafesantahelena.com\/?s={search_term_string}"},"query-input":{"@type":"PropertyValueSpecification","valueRequired":true,"valueName":"search_term_string"}}],"inLanguage":"it-IT"}]}},"_links":{"self":[{"href":"https:\/\/cafesantahelena.com\/it\/wp-json\/wp\/v2\/pages\/13581","targetHints":{"allow":["GET"]}}],"collection":[{"href":"https:\/\/cafesantahelena.com\/it\/wp-json\/wp\/v2\/pages"}],"about":[{"href":"https:\/\/cafesantahelena.com\/it\/wp-json\/wp\/v2\/types\/page"}],"author":[{"embeddable":true,"href":"https:\/\/cafesantahelena.com\/it\/wp-json\/wp\/v2\/users\/1"}],"replies":[{"embeddable":true,"href":"https:\/\/cafesantahelena.com\/it\/wp-json\/wp\/v2\/comments?post=13581"}],"version-history":[{"count":40,"href":"https:\/\/cafesantahelena.com\/it\/wp-json\/wp\/v2\/pages\/13581\/revisions"}],"predecessor-version":[{"id":19536,"href":"https:\/\/cafesantahelena.com\/it\/wp-json\/wp\/v2\/pages\/13581\/revisions\/19536"}],"wp:attachment":[{"href":"https:\/\/cafesantahelena.com\/it\/wp-json\/wp\/v2\/media?parent=13581"}],"curies":[{"name":"wp","href":"https:\/\/api.w.org\/{rel}","templated":true}]}}