{"id":14049,"date":"2024-07-22T15:08:59","date_gmt":"2024-07-22T15:08:59","guid":{"rendered":"https:\/\/cafesantahelena.alivanstudio.com\/?post_type=product&#038;p=14049"},"modified":"2025-01-19T23:23:49","modified_gmt":"2025-01-19T23:23:49","slug":"caffe-macinato","status":"publish","type":"product","link":"https:\/\/cafesantahelena.com\/it\/products\/caffe-macinato\/","title":{"rendered":"Caf\u00e9 Feminino Macinato"},"content":{"rendered":"<p><span style=\"color: #333333; font-size: 26px;\">Caff\u00e8 Feminino macinato<\/span><\/p>\n<p><strong>Il caff\u00e8 viene coltivato, selezionato soltanto dalle donne.<\/strong><\/p>\n<p>\ud83c\udf1f\u2615 Dare potere alle donne attraverso il caff\u00e8 \u2615\ud83c\udf31\u2615\ud83c\udf31<\/p>\n<p>Vi presentiamo il nostro Caf\u00e9 Feminino: un lavoro d&#8217;amore e di emancipazione, realizzato esclusivamente dalle incredibili donne del Brasile. Queste regine del caff\u00e8 hanno coltivato ogni chicco, garantendo un caff\u00e8 ricco e biologico che fa bene a voi e al mondo<\/p>\n<p><strong>Composizione:<\/strong><\/p>\n<p>100% Arabica (caff\u00e8 speciale). Biologico e Fairtrade.<\/p>\n<p>Corpo &#8211; Corpo leggero con un alto livello di dolcezza naturale, finale di lunga durata, bassa acidit\u00e0.<\/p>\n<p>Note sensoriali &#8211; floreali e fruttate<\/p>\n<p>Variet\u00e0 &#8211; Catua\u00ed Vermelho.<\/p>\n<p>Processo di tostatura: Tradizionale tostatura lenta a legna \ud83e\udeb5\ud83d\udd25.<\/p>\n<p>Grado di tostatura: Medio Leggero<\/p>\n<p>Ideale per: Moka, filtro o simili<\/p>\n<p><b>Ingredienti: <\/b>Caff\u00e8 macinato, 100% arabica, biologico e Fairtrade, caff\u00e8 speciale, Microlot, monorigine dal Brasile. Confezione 500g.<\/p>\n<p style=\"text-align: center;\"><span style=\"font-size: 18pt; color: #800000;\"><em><strong>Prova subito il nostro Caf\u00e9 Feminino!<\/strong><\/em><\/span><\/p>\n<p style=\"text-align: center;\"><a href=\"?add-to-cart=14049\"><span style=\"font-size: 18pt; color: #800000;\"><em><strong>\u00a0Aggiungi al Carrello<\/strong><\/em><\/span><\/a><\/p>\n<p>\u00a0<img decoding=\"async\" class=\" wp-image-14055 aligncenter\" src=\"https:\/\/cafesantahelena.com\/wp-content\/uploads\/2024\/07\/F16BA1DC-4552-44E6-9CAF-7827F4298B30-300x300-1.png\" alt=\"\" width=\"170\" height=\"170\" srcset=\"https:\/\/cafesantahelena.com\/wp-content\/uploads\/2024\/07\/F16BA1DC-4552-44E6-9CAF-7827F4298B30-300x300-1.png 300w, https:\/\/cafesantahelena.com\/wp-content\/uploads\/2024\/07\/F16BA1DC-4552-44E6-9CAF-7827F4298B30-300x300-1-100x100.png 100w, https:\/\/cafesantahelena.com\/wp-content\/uploads\/2024\/07\/F16BA1DC-4552-44E6-9CAF-7827F4298B30-300x300-1-64x64.png 64w, https:\/\/cafesantahelena.com\/wp-content\/uploads\/2024\/07\/F16BA1DC-4552-44E6-9CAF-7827F4298B30-300x300-1-150x150.png 150w\" sizes=\"(max-width: 170px) 100vw, 170px\" \/><\/p>\n<p>&nbsp;<\/p>\n<p>&nbsp;<\/p>\n","protected":false},"excerpt":{"rendered":"<p style=\"text-align: left;\">IVA inclusa<\/p>\n<p style=\"text-align: left;\">Spese di spedizione alla cassa<\/p>\n<p>Il caff\u00e8 viene coltivato soltanto dalle donne.<\/p>\n<p>Grado di tostatura: Medio Leggero<\/p>\n<p>Alto livello di dolcezza<\/p>\n<p>Note sensoriali: Floreae e fruttate<\/p>\n<p>100% Arabica biologico, Fairtrade, caff\u00e8 speciale, origine singola dal Brasile<\/p>\n<p>Ideale per: Moka, filtro o simili<\/p>\n","protected":false},"featured_media":17229,"comment_status":"closed","ping_status":"closed","template":"","meta":[],"product_brand":[],"product_cat":[188,192],"product_tag":[240,214,316,218],"class_list":{"0":"post-14049","1":"product","2":"type-product","3":"status-publish","4":"has-post-thumbnail","6":"product_cat-caffe","7":"product_cat-caffe-macinato","8":"product_tag-cafe-feminino-it","9":"product_tag-caffe-it","10":"product_tag-caffe-bio-it","11":"product_tag-caffe-macinato-it","13":"first","14":"outofstock","15":"featured","16":"shipping-taxable","17":"purchasable","18":"product-type-simple"},"yoast_head":"<!-- This site is optimized with the Yoast SEO plugin v26.4 - https:\/\/yoast.com\/wordpress\/plugins\/seo\/ -->\n<title>Caff\u00e8 Macinato Feminino - Caf\u00e9 Santa Helena<\/title>\n<meta name=\"description\" content=\"Caff\u00e8 Macinato-Caf\u00e9 Feminino. Coltivato sollo da donne in Brasile. 100% Arabica, Caff\u00e8 Speciale. Biologico e Fairtrade. Ideale per Moka, filtro o simili.\" \/>\n<meta name=\"robots\" content=\"index, follow, max-snippet:-1, max-image-preview:large, max-video-preview:-1\" \/>\n<link rel=\"canonical\" href=\"https:\/\/cafesantahelena.com\/it\/products\/caffe-macinato\/\" \/>\n<meta property=\"og:locale\" content=\"it_IT\" \/>\n<meta property=\"og:type\" content=\"article\" \/>\n<meta property=\"og:title\" content=\"Caff\u00e8 Macinato Feminino - Caf\u00e9 Santa Helena\" \/>\n<meta property=\"og:description\" content=\"Caff\u00e8 Macinato-Caf\u00e9 Feminino. Coltivato sollo da donne in Brasile. 100% Arabica, Caff\u00e8 Speciale. Biologico e Fairtrade. Ideale per Moka, filtro o simili.\" \/>\n<meta property=\"og:url\" content=\"https:\/\/cafesantahelena.com\/it\/products\/caffe-macinato\/\" \/>\n<meta property=\"og:site_name\" content=\"Caf\u00e9 Santa Helena\" \/>\n<meta property=\"article:modified_time\" content=\"2025-01-19T23:23:49+00:00\" \/>\n<meta property=\"og:image\" content=\"https:\/\/cafesantahelena.com\/wp-content\/uploads\/2024\/07\/Cafe-Feminino-ground.webp\" \/>\n\t<meta property=\"og:image:width\" content=\"350\" \/>\n\t<meta property=\"og:image:height\" content=\"450\" \/>\n\t<meta property=\"og:image:type\" content=\"image\/webp\" \/>\n<meta name=\"twitter:card\" content=\"summary_large_image\" \/>\n<meta name=\"twitter:label1\" content=\"Tempo di lettura stimato\" \/>\n\t<meta name=\"twitter:data1\" content=\"2 minuti\" \/>\n<script type=\"application\/ld+json\" class=\"yoast-schema-graph\">{\"@context\":\"https:\/\/schema.org\",\"@graph\":[{\"@type\":\"WebPage\",\"@id\":\"https:\/\/cafesantahelena.com\/it\/products\/caffe-macinato\/\",\"url\":\"https:\/\/cafesantahelena.com\/it\/products\/caffe-macinato\/\",\"name\":\"Caff\u00e8 Macinato Feminino - Caf\u00e9 Santa Helena\",\"isPartOf\":{\"@id\":\"https:\/\/cafesantahelena.com\/#website\"},\"primaryImageOfPage\":{\"@id\":\"https:\/\/cafesantahelena.com\/it\/products\/caffe-macinato\/#primaryimage\"},\"image\":{\"@id\":\"https:\/\/cafesantahelena.com\/it\/products\/caffe-macinato\/#primaryimage\"},\"thumbnailUrl\":\"https:\/\/cafesantahelena.com\/wp-content\/uploads\/2024\/07\/Cafe-Feminino-ground.webp\",\"datePublished\":\"2024-07-22T15:08:59+00:00\",\"dateModified\":\"2025-01-19T23:23:49+00:00\",\"description\":\"Caff\u00e8 Macinato-Caf\u00e9 Feminino. Coltivato sollo da donne in Brasile. 100% Arabica, Caff\u00e8 Speciale. Biologico e Fairtrade. Ideale per Moka, filtro o simili.\",\"breadcrumb\":{\"@id\":\"https:\/\/cafesantahelena.com\/it\/products\/caffe-macinato\/#breadcrumb\"},\"inLanguage\":\"it-IT\",\"potentialAction\":[{\"@type\":\"ReadAction\",\"target\":[\"https:\/\/cafesantahelena.com\/it\/products\/caffe-macinato\/\"]}]},{\"@type\":\"ImageObject\",\"inLanguage\":\"it-IT\",\"@id\":\"https:\/\/cafesantahelena.com\/it\/products\/caffe-macinato\/#primaryimage\",\"url\":\"https:\/\/cafesantahelena.com\/wp-content\/uploads\/2024\/07\/Cafe-Feminino-ground.webp\",\"contentUrl\":\"https:\/\/cafesantahelena.com\/wp-content\/uploads\/2024\/07\/Cafe-Feminino-ground.webp\",\"width\":350,\"height\":450,\"caption\":\"caf\u00e9 feminino ground\"},{\"@type\":\"BreadcrumbList\",\"@id\":\"https:\/\/cafesantahelena.com\/it\/products\/caffe-macinato\/#breadcrumb\",\"itemListElement\":[{\"@type\":\"ListItem\",\"position\":1,\"name\":\"In\u00edcio\",\"item\":\"https:\/\/cafesantahelena.com\/it\/\"},{\"@type\":\"ListItem\",\"position\":2,\"name\":\"Produtos\",\"item\":\"https:\/\/cafesantahelena.com\/loja\/\"},{\"@type\":\"ListItem\",\"position\":3,\"name\":\"Caf\u00e9 Feminino Macinato\"}]},{\"@type\":\"WebSite\",\"@id\":\"https:\/\/cafesantahelena.com\/#website\",\"url\":\"https:\/\/cafesantahelena.com\/\",\"name\":\"Caf\u00e9 Santa Helena\",\"description\":\"\",\"potentialAction\":[{\"@type\":\"SearchAction\",\"target\":{\"@type\":\"EntryPoint\",\"urlTemplate\":\"https:\/\/cafesantahelena.com\/?s={search_term_string}\"},\"query-input\":{\"@type\":\"PropertyValueSpecification\",\"valueRequired\":true,\"valueName\":\"search_term_string\"}}],\"inLanguage\":\"it-IT\"}]}<\/script>\n<!-- \/ Yoast SEO plugin. -->","yoast_head_json":{"title":"Caff\u00e8 Macinato Feminino - Caf\u00e9 Santa Helena","description":"Caff\u00e8 Macinato-Caf\u00e9 Feminino. Coltivato sollo da donne in Brasile. 100% Arabica, Caff\u00e8 Speciale. Biologico e Fairtrade. Ideale per Moka, filtro o simili.","robots":{"index":"index","follow":"follow","max-snippet":"max-snippet:-1","max-image-preview":"max-image-preview:large","max-video-preview":"max-video-preview:-1"},"canonical":"https:\/\/cafesantahelena.com\/it\/products\/caffe-macinato\/","og_locale":"it_IT","og_type":"article","og_title":"Caff\u00e8 Macinato Feminino - Caf\u00e9 Santa Helena","og_description":"Caff\u00e8 Macinato-Caf\u00e9 Feminino. Coltivato sollo da donne in Brasile. 100% Arabica, Caff\u00e8 Speciale. Biologico e Fairtrade. Ideale per Moka, filtro o simili.","og_url":"https:\/\/cafesantahelena.com\/it\/products\/caffe-macinato\/","og_site_name":"Caf\u00e9 Santa Helena","article_modified_time":"2025-01-19T23:23:49+00:00","og_image":[{"width":350,"height":450,"url":"https:\/\/cafesantahelena.com\/wp-content\/uploads\/2024\/07\/Cafe-Feminino-ground.webp","type":"image\/webp"}],"twitter_card":"summary_large_image","twitter_misc":{"Tempo di lettura stimato":"2 minuti"},"schema":{"@context":"https:\/\/schema.org","@graph":[{"@type":"WebPage","@id":"https:\/\/cafesantahelena.com\/it\/products\/caffe-macinato\/","url":"https:\/\/cafesantahelena.com\/it\/products\/caffe-macinato\/","name":"Caff\u00e8 Macinato Feminino - Caf\u00e9 Santa Helena","isPartOf":{"@id":"https:\/\/cafesantahelena.com\/#website"},"primaryImageOfPage":{"@id":"https:\/\/cafesantahelena.com\/it\/products\/caffe-macinato\/#primaryimage"},"image":{"@id":"https:\/\/cafesantahelena.com\/it\/products\/caffe-macinato\/#primaryimage"},"thumbnailUrl":"https:\/\/cafesantahelena.com\/wp-content\/uploads\/2024\/07\/Cafe-Feminino-ground.webp","datePublished":"2024-07-22T15:08:59+00:00","dateModified":"2025-01-19T23:23:49+00:00","description":"Caff\u00e8 Macinato-Caf\u00e9 Feminino. Coltivato sollo da donne in Brasile. 100% Arabica, Caff\u00e8 Speciale. Biologico e Fairtrade. Ideale per Moka, filtro o simili.","breadcrumb":{"@id":"https:\/\/cafesantahelena.com\/it\/products\/caffe-macinato\/#breadcrumb"},"inLanguage":"it-IT","potentialAction":[{"@type":"ReadAction","target":["https:\/\/cafesantahelena.com\/it\/products\/caffe-macinato\/"]}]},{"@type":"ImageObject","inLanguage":"it-IT","@id":"https:\/\/cafesantahelena.com\/it\/products\/caffe-macinato\/#primaryimage","url":"https:\/\/cafesantahelena.com\/wp-content\/uploads\/2024\/07\/Cafe-Feminino-ground.webp","contentUrl":"https:\/\/cafesantahelena.com\/wp-content\/uploads\/2024\/07\/Cafe-Feminino-ground.webp","width":350,"height":450,"caption":"caf\u00e9 feminino ground"},{"@type":"BreadcrumbList","@id":"https:\/\/cafesantahelena.com\/it\/products\/caffe-macinato\/#breadcrumb","itemListElement":[{"@type":"ListItem","position":1,"name":"In\u00edcio","item":"https:\/\/cafesantahelena.com\/it\/"},{"@type":"ListItem","position":2,"name":"Produtos","item":"https:\/\/cafesantahelena.com\/loja\/"},{"@type":"ListItem","position":3,"name":"Caf\u00e9 Feminino Macinato"}]},{"@type":"WebSite","@id":"https:\/\/cafesantahelena.com\/#website","url":"https:\/\/cafesantahelena.com\/","name":"Caf\u00e9 Santa Helena","description":"","potentialAction":[{"@type":"SearchAction","target":{"@type":"EntryPoint","urlTemplate":"https:\/\/cafesantahelena.com\/?s={search_term_string}"},"query-input":{"@type":"PropertyValueSpecification","valueRequired":true,"valueName":"search_term_string"}}],"inLanguage":"it-IT"}]}},"_links":{"self":[{"href":"https:\/\/cafesantahelena.com\/it\/wp-json\/wp\/v2\/product\/14049","targetHints":{"allow":["GET"]}}],"collection":[{"href":"https:\/\/cafesantahelena.com\/it\/wp-json\/wp\/v2\/product"}],"about":[{"href":"https:\/\/cafesantahelena.com\/it\/wp-json\/wp\/v2\/types\/product"}],"replies":[{"embeddable":true,"href":"https:\/\/cafesantahelena.com\/it\/wp-json\/wp\/v2\/comments?post=14049"}],"wp:featuredmedia":[{"embeddable":true,"href":"https:\/\/cafesantahelena.com\/it\/wp-json\/wp\/v2\/media\/17229"}],"wp:attachment":[{"href":"https:\/\/cafesantahelena.com\/it\/wp-json\/wp\/v2\/media?parent=14049"}],"wp:term":[{"taxonomy":"product_brand","embeddable":true,"href":"https:\/\/cafesantahelena.com\/it\/wp-json\/wp\/v2\/product_brand?post=14049"},{"taxonomy":"product_cat","embeddable":true,"href":"https:\/\/cafesantahelena.com\/it\/wp-json\/wp\/v2\/product_cat?post=14049"},{"taxonomy":"product_tag","embeddable":true,"href":"https:\/\/cafesantahelena.com\/it\/wp-json\/wp\/v2\/product_tag?post=14049"}],"curies":[{"name":"wp","href":"https:\/\/api.w.org\/{rel}","templated":true}]}}