{"id":14077,"date":"2024-07-27T15:08:57","date_gmt":"2024-07-27T15:08:57","guid":{"rendered":"https:\/\/cafesantahelena.alivanstudio.com\/?post_type=product&#038;p=14077"},"modified":"2025-01-25T18:46:45","modified_gmt":"2025-01-25T18:46:45","slug":"bio-caffe-espresso-500g","status":"publish","type":"product","link":"https:\/\/cafesantahelena.com\/it\/products\/bio-caffe-espresso-500g\/","title":{"rendered":"Bio Caff\u00e8 Espresso 500g"},"content":{"rendered":"<h2><b><span style=\"font-size: 12pt;\">Bio Caff\u00e8 in chicchi per Espresso\u00a0<\/span><\/b><\/h2>\n<p><b><span style=\"font-size: 12pt;\">Caff\u00e8 Speciale 100% Bio Arabica Origine Singola dal Brasile \ud83c\udde7\ud83c\uddf7<\/span><\/b><\/p>\n<p><b><\/b><strong style=\"font-size: 12pt; color: #666666;\"><span style=\"font-size: 12pt;\"><strong><span class=\"s1\">Tostatura lenta Artigianale\u00a0 in una tostatrice \u00e0 legno\ud83e\udeb5.<\/span><\/strong><\/span><\/strong><\/p>\n<p>\u00c8 certificato Biologico da AAO (Associazione di Agricoltura Biologica), Certificazione Organica Internazionale USDA, Fairtrade e BIO INSPECTA in Svizzera.<\/p>\n<p><span style=\"font-size: 12pt;\">Il nostro caff\u00e8 arriva dal <strong>Brasile in chicchi crudi (verde) di Arabica <\/strong>\u00a0e va direttamente sulle <strong>montagne svizzere dell&#8217;Engadina<\/strong>.<br \/>\nL\u00ec viene tostato in una torrefazione a legna, rispettando le antiche tradizioni.<\/span><\/p>\n<p><strong><span style=\"font-size: 12pt;\">Non passa attraverso nessun processo chimico, meccanico o di miscelazione.<\/span><\/strong><\/p>\n<p><span style=\"color: #800000;\"><strong style=\"font-size: 14pt;\">Caratteristiche del Caff\u00e8 Santa Helena:<\/strong><\/span><\/p>\n<p class=\"p1\"><span style=\"font-size: 12pt;\"><strong><span class=\"s1\">Variet\u00e0 Botanica: <\/span><\/strong><span class=\"s1\">Arabica (Catuai Vermelho)<\/span><\/span><\/p>\n<p class=\"p1\"><span style=\"font-size: 12pt;\"><strong><span class=\"s1\">Provenienza: <\/span><\/strong><span class=\"s1\">Brasile\u00a0<\/span><\/span><\/p>\n<p class=\"p1\"><span style=\"font-size: 12pt;\"><strong><span class=\"s1\">Raccolta: <\/span><\/strong><span class=\"s1\">A mano<\/span><\/span><\/p>\n<p class=\"p1\"><span style=\"font-size: 12pt;\"><strong><span class=\"s1\">Essiccazione: <\/span><\/strong><span class=\"s1\">Al Sole<\/span><\/span><\/p>\n<p style=\"text-align: left;\"><span style=\"font-size: 12pt; color: #800000;\"><span style=\"color: #000000;\"><strong>Ingredienti<\/strong>: Bio Caff\u00e8<\/span><span style=\"color: #000000;\"> in chicchi interi. 100% Arabica. Confezione 500g<\/span>.<\/span><\/p>\n<p>Per chi ama un sapore pi\u00f9 forte e accentuato, la tostatura scura \u00e8 la scelta giusta, perch\u00e9 ne esalta il gusto. \u00c8 ideale per fare un classico espresso italiano corposo, con una bella crema.<\/p>\n<p style=\"text-align: center;\"><span style=\"font-size: 14pt;\"><strong>Soprattutto, il caff\u00e8 \u00e8 un divertimento!<\/strong><\/span><\/p>\n<p>\u00c8 un piacere che risveglia tutti i sensi: bello da vedere, sottile da annusare, morbido al palato e sicuramente delizioso da gustare.<\/p>\n<p style=\"text-align: center;\"><span style=\"color: #ff0000;\"><strong><span style=\"font-size: 18pt;\"><br \/>\n<span style=\"color: #800000;\">Se ami il caff\u00e8, prova questo caff\u00e8 speciale!<\/span><\/span><\/strong><\/span><\/p>\n<p>&nbsp;<\/p>\n<p style=\"text-align: center;\"><span style=\"color: #800000;\"><a style=\"color: #800000;\" href=\"?add-to-cart=14077\"><span style=\"font-size: 24pt;\"><em><strong>Aggiungi al Carrello!<\/strong><\/em><\/span><\/a><\/span><\/p>\n<p>&nbsp;<\/p>\n<p style=\"text-align: center;\"><img decoding=\"async\" class=\"alignnone wp-image-15378\" src=\"https:\/\/cafesantahelena.com\/wp-content\/uploads\/2024\/11\/logo-1.png\" alt=\"\" width=\"170\" height=\"170\" srcset=\"https:\/\/cafesantahelena.com\/wp-content\/uploads\/2024\/11\/logo-1.png 300w, https:\/\/cafesantahelena.com\/wp-content\/uploads\/2024\/11\/logo-1-100x100.png 100w, https:\/\/cafesantahelena.com\/wp-content\/uploads\/2024\/11\/logo-1-64x64.png 64w, https:\/\/cafesantahelena.com\/wp-content\/uploads\/2024\/11\/logo-1-150x150.png 150w\" sizes=\"(max-width: 170px) 100vw, 170px\" \/><\/p>\n<p style=\"text-align: center;\">\n","protected":false},"excerpt":{"rendered":"<p><span style=\"font-size: 12pt;\">IVA incl.<\/span><\/p>\n<p><span style=\"font-size: 12pt;\">costi di spedizione alla cassa<\/span><\/p>\n<p><span style=\"font-size: 12pt;\">Caff\u00e8 Speciale<\/span><\/p>\n<p><span style=\"font-size: 12pt;\">100% Bio Arabica\u00a0<\/span><\/p>\n<p><strong><span style=\"font-size: 12pt;\">Torrefazione lenta Artigianale \ud83e\udeb5<\/span><\/strong><\/p>\n<p><span style=\"font-size: 12pt;\">Intensit\u00e0: tostatura scura<\/span><\/p>\n<p>4 di 5<\/p>\n<p><img decoding=\"async\" class=\"alignnone wp-image-14168\" src=\"https:\/\/cafesantahelena.com\/wp-content\/uploads\/2024\/07\/B3DDE4ED-DC26-45F4-9E02-44607276617E-300x33-1.png\" alt=\"\" width=\"227\" height=\"25\" srcset=\"https:\/\/cafesantahelena.com\/wp-content\/uploads\/2024\/07\/B3DDE4ED-DC26-45F4-9E02-44607276617E-300x33-1.png 300w, https:\/\/cafesantahelena.com\/wp-content\/uploads\/2024\/07\/B3DDE4ED-DC26-45F4-9E02-44607276617E-300x33-1-64x7.png 64w\" sizes=\"(max-width: 227px) 100vw, 227px\" \/><\/p>\n<p><span style=\"font-size: 12pt;\">Per coloro che amano un sapore pi\u00f9 forte e accentuato con una gustosa crema.<\/span><br \/>\n<span style=\"font-size: 12pt;\">Caff\u00e8 pregiato, con una qualit\u00e0 davvero superiore.<\/span><br \/>\n<span style=\"font-size: 12pt;\">Dolcezza accentuata con note di caramello, cioccolato, miele, sentori di noci e frutta.<\/span><\/p>\n<p><span style=\"font-size: 12pt;\"><strong>Confezione 500g<\/strong><\/span><\/p>\n<p>&nbsp;<\/p>\n","protected":false},"featured_media":17144,"comment_status":"open","ping_status":"closed","template":"","meta":[],"product_brand":[],"product_cat":[188,193],"product_tag":[237,331,238],"class_list":{"0":"post-14077","1":"product","2":"type-product","3":"status-publish","4":"has-post-thumbnail","6":"product_cat-caffe","7":"product_cat-caffe-in-chicchi","8":"product_tag-best-seller-it","9":"product_tag-espresso-it","10":"product_tag-whole-beans-it","12":"first","13":"instock","14":"featured","15":"shipping-taxable","16":"purchasable","17":"product-type-simple"},"yoast_head":"<!-- This site is optimized with the Yoast SEO plugin v26.4 - https:\/\/yoast.com\/wordpress\/plugins\/seo\/ -->\n<title>Bio Caff\u00e8 in chicchi per espresso-Caf\u00e9 Santa Helena<\/title>\n<meta name=\"description\" content=\"Bio caff\u00e8 in chicchi interi per espresso. 100% Arabica, Caff\u00e8 Speciale dal Brasile. Torrefazione artigianale \u00e0 legna in Engadina. Confezione 500g.\" \/>\n<meta name=\"robots\" content=\"index, follow, max-snippet:-1, max-image-preview:large, max-video-preview:-1\" \/>\n<link rel=\"canonical\" href=\"https:\/\/cafesantahelena.com\/it\/products\/bio-caffe-espresso-500g\/\" \/>\n<meta property=\"og:locale\" content=\"it_IT\" \/>\n<meta property=\"og:type\" content=\"article\" \/>\n<meta property=\"og:title\" content=\"Bio Caff\u00e8 in chicchi per espresso-Caf\u00e9 Santa Helena\" \/>\n<meta property=\"og:description\" content=\"Bio caff\u00e8 in chicchi interi per espresso. 100% Arabica, Caff\u00e8 Speciale dal Brasile. Torrefazione artigianale \u00e0 legna in Engadina. Confezione 500g.\" \/>\n<meta property=\"og:url\" content=\"https:\/\/cafesantahelena.com\/it\/products\/bio-caffe-espresso-500g\/\" \/>\n<meta property=\"og:site_name\" content=\"Caf\u00e9 Santa Helena\" \/>\n<meta property=\"article:modified_time\" content=\"2025-01-25T18:46:45+00:00\" \/>\n<meta property=\"og:image\" content=\"https:\/\/cafesantahelena.com\/wp-content\/uploads\/2024\/07\/Whole-beans-coffee-espresso-.webp\" \/>\n\t<meta property=\"og:image:width\" content=\"350\" \/>\n\t<meta property=\"og:image:height\" content=\"450\" \/>\n\t<meta property=\"og:image:type\" content=\"image\/webp\" \/>\n<meta name=\"twitter:card\" content=\"summary_large_image\" \/>\n<meta name=\"twitter:label1\" content=\"Tempo di lettura stimato\" \/>\n\t<meta name=\"twitter:data1\" content=\"2 minuti\" \/>\n<script type=\"application\/ld+json\" class=\"yoast-schema-graph\">{\"@context\":\"https:\/\/schema.org\",\"@graph\":[{\"@type\":\"WebPage\",\"@id\":\"https:\/\/cafesantahelena.com\/it\/products\/bio-caffe-espresso-500g\/\",\"url\":\"https:\/\/cafesantahelena.com\/it\/products\/bio-caffe-espresso-500g\/\",\"name\":\"Bio Caff\u00e8 in chicchi per espresso-Caf\u00e9 Santa Helena\",\"isPartOf\":{\"@id\":\"https:\/\/cafesantahelena.com\/#website\"},\"primaryImageOfPage\":{\"@id\":\"https:\/\/cafesantahelena.com\/it\/products\/bio-caffe-espresso-500g\/#primaryimage\"},\"image\":{\"@id\":\"https:\/\/cafesantahelena.com\/it\/products\/bio-caffe-espresso-500g\/#primaryimage\"},\"thumbnailUrl\":\"https:\/\/cafesantahelena.com\/wp-content\/uploads\/2024\/07\/Whole-beans-coffee-espresso-.webp\",\"datePublished\":\"2024-07-27T15:08:57+00:00\",\"dateModified\":\"2025-01-25T18:46:45+00:00\",\"description\":\"Bio caff\u00e8 in chicchi interi per espresso. 100% Arabica, Caff\u00e8 Speciale dal Brasile. Torrefazione artigianale \u00e0 legna in Engadina. Confezione 500g.\",\"breadcrumb\":{\"@id\":\"https:\/\/cafesantahelena.com\/it\/products\/bio-caffe-espresso-500g\/#breadcrumb\"},\"inLanguage\":\"it-IT\",\"potentialAction\":[{\"@type\":\"ReadAction\",\"target\":[\"https:\/\/cafesantahelena.com\/it\/products\/bio-caffe-espresso-500g\/\"]}]},{\"@type\":\"ImageObject\",\"inLanguage\":\"it-IT\",\"@id\":\"https:\/\/cafesantahelena.com\/it\/products\/bio-caffe-espresso-500g\/#primaryimage\",\"url\":\"https:\/\/cafesantahelena.com\/wp-content\/uploads\/2024\/07\/Whole-beans-coffee-espresso-.webp\",\"contentUrl\":\"https:\/\/cafesantahelena.com\/wp-content\/uploads\/2024\/07\/Whole-beans-coffee-espresso-.webp\",\"width\":350,\"height\":450,\"caption\":\"whole beans coffee\"},{\"@type\":\"BreadcrumbList\",\"@id\":\"https:\/\/cafesantahelena.com\/it\/products\/bio-caffe-espresso-500g\/#breadcrumb\",\"itemListElement\":[{\"@type\":\"ListItem\",\"position\":1,\"name\":\"In\u00edcio\",\"item\":\"https:\/\/cafesantahelena.com\/it\/\"},{\"@type\":\"ListItem\",\"position\":2,\"name\":\"Produtos\",\"item\":\"https:\/\/cafesantahelena.com\/loja\/\"},{\"@type\":\"ListItem\",\"position\":3,\"name\":\"Bio Caff\u00e8 Espresso 500g\"}]},{\"@type\":\"WebSite\",\"@id\":\"https:\/\/cafesantahelena.com\/#website\",\"url\":\"https:\/\/cafesantahelena.com\/\",\"name\":\"Caf\u00e9 Santa Helena\",\"description\":\"\",\"potentialAction\":[{\"@type\":\"SearchAction\",\"target\":{\"@type\":\"EntryPoint\",\"urlTemplate\":\"https:\/\/cafesantahelena.com\/?s={search_term_string}\"},\"query-input\":{\"@type\":\"PropertyValueSpecification\",\"valueRequired\":true,\"valueName\":\"search_term_string\"}}],\"inLanguage\":\"it-IT\"}]}<\/script>\n<!-- \/ Yoast SEO plugin. -->","yoast_head_json":{"title":"Bio Caff\u00e8 in chicchi per espresso-Caf\u00e9 Santa Helena","description":"Bio caff\u00e8 in chicchi interi per espresso. 100% Arabica, Caff\u00e8 Speciale dal Brasile. Torrefazione artigianale \u00e0 legna in Engadina. Confezione 500g.","robots":{"index":"index","follow":"follow","max-snippet":"max-snippet:-1","max-image-preview":"max-image-preview:large","max-video-preview":"max-video-preview:-1"},"canonical":"https:\/\/cafesantahelena.com\/it\/products\/bio-caffe-espresso-500g\/","og_locale":"it_IT","og_type":"article","og_title":"Bio Caff\u00e8 in chicchi per espresso-Caf\u00e9 Santa Helena","og_description":"Bio caff\u00e8 in chicchi interi per espresso. 100% Arabica, Caff\u00e8 Speciale dal Brasile. Torrefazione artigianale \u00e0 legna in Engadina. Confezione 500g.","og_url":"https:\/\/cafesantahelena.com\/it\/products\/bio-caffe-espresso-500g\/","og_site_name":"Caf\u00e9 Santa Helena","article_modified_time":"2025-01-25T18:46:45+00:00","og_image":[{"width":350,"height":450,"url":"https:\/\/cafesantahelena.com\/wp-content\/uploads\/2024\/07\/Whole-beans-coffee-espresso-.webp","type":"image\/webp"}],"twitter_card":"summary_large_image","twitter_misc":{"Tempo di lettura stimato":"2 minuti"},"schema":{"@context":"https:\/\/schema.org","@graph":[{"@type":"WebPage","@id":"https:\/\/cafesantahelena.com\/it\/products\/bio-caffe-espresso-500g\/","url":"https:\/\/cafesantahelena.com\/it\/products\/bio-caffe-espresso-500g\/","name":"Bio Caff\u00e8 in chicchi per espresso-Caf\u00e9 Santa Helena","isPartOf":{"@id":"https:\/\/cafesantahelena.com\/#website"},"primaryImageOfPage":{"@id":"https:\/\/cafesantahelena.com\/it\/products\/bio-caffe-espresso-500g\/#primaryimage"},"image":{"@id":"https:\/\/cafesantahelena.com\/it\/products\/bio-caffe-espresso-500g\/#primaryimage"},"thumbnailUrl":"https:\/\/cafesantahelena.com\/wp-content\/uploads\/2024\/07\/Whole-beans-coffee-espresso-.webp","datePublished":"2024-07-27T15:08:57+00:00","dateModified":"2025-01-25T18:46:45+00:00","description":"Bio caff\u00e8 in chicchi interi per espresso. 100% Arabica, Caff\u00e8 Speciale dal Brasile. Torrefazione artigianale \u00e0 legna in Engadina. Confezione 500g.","breadcrumb":{"@id":"https:\/\/cafesantahelena.com\/it\/products\/bio-caffe-espresso-500g\/#breadcrumb"},"inLanguage":"it-IT","potentialAction":[{"@type":"ReadAction","target":["https:\/\/cafesantahelena.com\/it\/products\/bio-caffe-espresso-500g\/"]}]},{"@type":"ImageObject","inLanguage":"it-IT","@id":"https:\/\/cafesantahelena.com\/it\/products\/bio-caffe-espresso-500g\/#primaryimage","url":"https:\/\/cafesantahelena.com\/wp-content\/uploads\/2024\/07\/Whole-beans-coffee-espresso-.webp","contentUrl":"https:\/\/cafesantahelena.com\/wp-content\/uploads\/2024\/07\/Whole-beans-coffee-espresso-.webp","width":350,"height":450,"caption":"whole beans coffee"},{"@type":"BreadcrumbList","@id":"https:\/\/cafesantahelena.com\/it\/products\/bio-caffe-espresso-500g\/#breadcrumb","itemListElement":[{"@type":"ListItem","position":1,"name":"In\u00edcio","item":"https:\/\/cafesantahelena.com\/it\/"},{"@type":"ListItem","position":2,"name":"Produtos","item":"https:\/\/cafesantahelena.com\/loja\/"},{"@type":"ListItem","position":3,"name":"Bio Caff\u00e8 Espresso 500g"}]},{"@type":"WebSite","@id":"https:\/\/cafesantahelena.com\/#website","url":"https:\/\/cafesantahelena.com\/","name":"Caf\u00e9 Santa Helena","description":"","potentialAction":[{"@type":"SearchAction","target":{"@type":"EntryPoint","urlTemplate":"https:\/\/cafesantahelena.com\/?s={search_term_string}"},"query-input":{"@type":"PropertyValueSpecification","valueRequired":true,"valueName":"search_term_string"}}],"inLanguage":"it-IT"}]}},"_links":{"self":[{"href":"https:\/\/cafesantahelena.com\/it\/wp-json\/wp\/v2\/product\/14077","targetHints":{"allow":["GET"]}}],"collection":[{"href":"https:\/\/cafesantahelena.com\/it\/wp-json\/wp\/v2\/product"}],"about":[{"href":"https:\/\/cafesantahelena.com\/it\/wp-json\/wp\/v2\/types\/product"}],"replies":[{"embeddable":true,"href":"https:\/\/cafesantahelena.com\/it\/wp-json\/wp\/v2\/comments?post=14077"}],"wp:featuredmedia":[{"embeddable":true,"href":"https:\/\/cafesantahelena.com\/it\/wp-json\/wp\/v2\/media\/17144"}],"wp:attachment":[{"href":"https:\/\/cafesantahelena.com\/it\/wp-json\/wp\/v2\/media?parent=14077"}],"wp:term":[{"taxonomy":"product_brand","embeddable":true,"href":"https:\/\/cafesantahelena.com\/it\/wp-json\/wp\/v2\/product_brand?post=14077"},{"taxonomy":"product_cat","embeddable":true,"href":"https:\/\/cafesantahelena.com\/it\/wp-json\/wp\/v2\/product_cat?post=14077"},{"taxonomy":"product_tag","embeddable":true,"href":"https:\/\/cafesantahelena.com\/it\/wp-json\/wp\/v2\/product_tag?post=14077"}],"curies":[{"name":"wp","href":"https:\/\/api.w.org\/{rel}","templated":true}]}}