{"id":14089,"date":"2024-07-22T15:08:57","date_gmt":"2024-07-22T15:08:57","guid":{"rendered":"https:\/\/cafesantahelena.alivanstudio.com\/?post_type=product&#038;p=14089"},"modified":"2025-01-20T18:47:51","modified_gmt":"2025-01-20T18:47:51","slug":"bio-caffe-speciale-macinato","status":"publish","type":"product","link":"https:\/\/cafesantahelena.com\/it\/products\/bio-caffe-speciale-macinato\/","title":{"rendered":"Bio Caff\u00e8 Speciale Macinato"},"content":{"rendered":"<p><strong>Bio Caff\u00e8 Macinato specialmente per Moka, filtro o similar.<\/strong><\/p>\n<p><b>Caff\u00e8 Speciale 85 punti SCA<\/b><\/p>\n<p><strong>100% Bio Arabica, Origine Singola<\/strong><\/p>\n<p><b><span style=\"font-size: 12pt;\"><strong><span class=\"s1\">Torrefazione: <\/span><\/strong><\/span><\/b><span style=\"font-size: 12pt;\"><span class=\"s1\">tostatura lenta Artigianale a mano in una torrefatrice a legna.<\/span><\/span><\/p>\n<p>E&#8217; certificato Biologico da AAO (Associazione di Agricoltura Biologica), Certificazione Organica Internazionale USDA, Fairtrade e BIO INSPECTA in Svizzera<strong style=\"font-size: 12pt;\">.<\/strong><\/p>\n<p><img decoding=\"async\" class=\"alignnone size-full wp-image-14095\" src=\"https:\/\/cafesantahelena.com\/wp-content\/uploads\/2024\/07\/DA7819F7-177F-4E28-A0D0-2B99487CAE75-300x52-2.jpeg\" alt=\"\" width=\"300\" height=\"52\" \/><\/p>\n<p>&nbsp;<\/p>\n<p><strong style=\"color: #800000; font-size: 14pt;\">Caratteristica del Caff\u00e8:<\/strong><\/p>\n<p class=\"p2\"><span style=\"font-size: 12pt;\"><strong><span class=\"s1\">Variet\u00e0 Botanica: Arabica (Catuai Vermelho)<\/span><\/strong><\/span><\/p>\n<p class=\"p2\"><span style=\"font-size: 12pt;\"><strong><span class=\"s1\">Provenienza: Brasile\u00a0<\/span><\/strong><\/span><\/p>\n<p class=\"p2\"><span style=\"font-size: 12pt;\"><strong><span class=\"s1\">Raccolta: A Mano<\/span><\/strong><\/span><\/p>\n<p class=\"p2\"><span style=\"font-size: 12pt;\"><strong><span class=\"s1\">Essiccatura: Al Sole<\/span><\/strong><\/span><\/p>\n<p class=\"p2\"><strong style=\"font-size: 12pt;\">Il nostro caff\u00e8 proviene dal Brasile in chicchi crudo di Arabica<\/strong><span style=\"font-size: 12pt;\">\u00a0e va direttamente alle <\/span><strong style=\"font-size: 12pt;\">montagne svizzere dell&#8217;Engadina.<\/strong><span style=\"font-size: 12pt;\">\u00a0L\u00ec il caff\u00e8 viene <\/span><strong style=\"font-size: 12pt;\">torreffato a legna<\/strong><span style=\"font-size: 12pt;\"> attraverso un processo artigianale.<\/span><\/p>\n<p><span style=\"font-size: 12pt;\">Infine viene <strong>macinato a mano. Vale a dire, rispettando le antiche tradizioni.<\/strong><\/span><\/p>\n<p style=\"text-align: left;\"><strong><span style=\"font-size: 12pt;\">Non passa attraverso nessun processo chimico, meccanico o di miscelazione.<\/span><\/strong><\/p>\n<p><strong>Ingredienti<\/strong>:Bio Caff\u00e8 macinato, 100% \u00a0Arabica. Confezione 500g.<\/p>\n<p style=\"text-align: center;\"><strong style=\"color: #800000; font-size: 18pt; text-align: center;\">Soprattutto, un caff\u00e8 \u00e8 divertente!<\/strong><\/p>\n<p style=\"text-align: center;\"><strong><span style=\"font-size: 14pt;\">\u00c8 un piacere che risveglia tutti i sensi: bello da vedere, piacevole da annusare e sicuramente delizioso da gustare.<\/span><\/strong><\/p>\n<p style=\"text-align: center;\"><em><strong><span style=\"font-size: 18pt; color: #ff0000;\"><br \/>\n<span style=\"color: #800000;\">Se ami il caff\u00e8 in infusioni, prova questo caff\u00e8 biologico!<\/span><\/span><\/strong><\/em><\/p>\n<p style=\"text-align: center;\"><span style=\"color: #800000;\"><a style=\"color: #800000;\" href=\"?add-to-cart=14089\"><em><strong><span style=\"font-size: 24pt;\">Aggiungi al Carrello!<\/span><\/strong><\/em><\/a><\/span><\/p>\n<p>&nbsp;<\/p>\n<p><img decoding=\"async\" class=\" wp-image-14055 aligncenter\" src=\"https:\/\/cafesantahelena.com\/wp-content\/uploads\/2024\/07\/F16BA1DC-4552-44E6-9CAF-7827F4298B30-300x300-1.png\" alt=\"\" width=\"189\" height=\"189\" srcset=\"https:\/\/cafesantahelena.com\/wp-content\/uploads\/2024\/07\/F16BA1DC-4552-44E6-9CAF-7827F4298B30-300x300-1.png 300w, https:\/\/cafesantahelena.com\/wp-content\/uploads\/2024\/07\/F16BA1DC-4552-44E6-9CAF-7827F4298B30-300x300-1-100x100.png 100w, https:\/\/cafesantahelena.com\/wp-content\/uploads\/2024\/07\/F16BA1DC-4552-44E6-9CAF-7827F4298B30-300x300-1-64x64.png 64w, https:\/\/cafesantahelena.com\/wp-content\/uploads\/2024\/07\/F16BA1DC-4552-44E6-9CAF-7827F4298B30-300x300-1-150x150.png 150w\" sizes=\"(max-width: 189px) 100vw, 189px\" \/><\/p>\n<p>&nbsp;<\/p>\n","protected":false},"excerpt":{"rendered":"<p><span style=\"font-size: 12pt;\">IVA incl.<\/span><\/p>\n<p><span style=\"font-size: 12pt;\">Costi di spedizione alla Cassa<\/span><\/p>\n<p><span style=\"font-size: 12pt;\">Specialty Coffee<\/span><\/p>\n<p><span style=\"font-size: 12pt;\">100% Bio Arabica Single Origin dal Brasile<\/span><\/p>\n<p><span style=\"font-size: 12pt;\"><strong>Torrefazione lenta Artigianale <\/strong><\/span><\/p>\n<p><span style=\"font-size: 12pt;\">Caff\u00e8 pregiato, con una qualit\u00e0 davvero superiore. \u00a0Il caff\u00e8 ha un sapore dolce con note di caramello, cioccolato, miele, sentori di noci e frutta.<\/span><\/p>\n<p><strong><span style=\"font-size: 12pt;\">Intensit\u00e0:Tostatura Media<\/span><\/strong><\/p>\n<p><strong>3 di 5<\/strong><\/p>\n<p><img decoding=\"async\" class=\"alignnone size-full wp-image-14159\" src=\"https:\/\/cafesantahelena.com\/wp-content\/uploads\/2024\/07\/025D99D1-34D9-41E3-9975-494901AC3E57-300x33-2.png\" alt=\"\" width=\"300\" height=\"33\" \/><\/p>\n<p>&nbsp;<\/p>\n<p><span style=\"font-size: 12pt;\">Specialmente macinato per Moka, Filtro o simile<\/span><\/p>\n<p><strong><span style=\"font-size: 12pt;\">Confezione \u00a0500g<\/span><\/strong><\/p>\n","protected":false},"featured_media":17129,"comment_status":"closed","ping_status":"closed","template":"","meta":[],"product_brand":[],"product_cat":[188,192],"product_tag":[316,218],"class_list":{"0":"post-14089","1":"product","2":"type-product","3":"status-publish","4":"has-post-thumbnail","6":"product_cat-caffe","7":"product_cat-caffe-macinato","8":"product_tag-caffe-bio-it","9":"product_tag-caffe-macinato-it","11":"first","12":"instock","13":"shipping-taxable","14":"purchasable","15":"product-type-simple"},"yoast_head":"<!-- This site is optimized with the Yoast SEO plugin v26.4 - https:\/\/yoast.com\/wordpress\/plugins\/seo\/ -->\n<title>Bio Caff\u00e8 Macinato - Caf\u00e9 Santa Helena<\/title>\n<meta name=\"description\" content=\"Bio Caff\u00e8 macinato, 100% Arabica, caff\u00e8 speciale dal Brasile. Torrefazione artigianale a legna. Ideale per Moka, filtro, French Press. Confezione 500g.\" \/>\n<meta name=\"robots\" content=\"index, follow, max-snippet:-1, max-image-preview:large, max-video-preview:-1\" \/>\n<link rel=\"canonical\" href=\"https:\/\/cafesantahelena.com\/it\/products\/bio-caffe-speciale-macinato\/\" \/>\n<meta property=\"og:locale\" content=\"it_IT\" \/>\n<meta property=\"og:type\" content=\"article\" \/>\n<meta property=\"og:title\" content=\"Bio Caff\u00e8 Macinato - Caf\u00e9 Santa Helena\" \/>\n<meta property=\"og:description\" content=\"Bio Caff\u00e8 macinato, 100% Arabica, caff\u00e8 speciale dal Brasile. Torrefazione artigianale a legna. Ideale per Moka, filtro, French Press. Confezione 500g.\" \/>\n<meta property=\"og:url\" content=\"https:\/\/cafesantahelena.com\/it\/products\/bio-caffe-speciale-macinato\/\" \/>\n<meta property=\"og:site_name\" content=\"Caf\u00e9 Santa Helena\" \/>\n<meta property=\"article:modified_time\" content=\"2025-01-20T18:47:51+00:00\" \/>\n<meta property=\"og:image\" content=\"https:\/\/cafesantahelena.com\/wp-content\/uploads\/2024\/07\/Organic-coffee-ground-2.webp\" \/>\n\t<meta property=\"og:image:width\" content=\"350\" \/>\n\t<meta property=\"og:image:height\" content=\"450\" \/>\n\t<meta property=\"og:image:type\" content=\"image\/webp\" \/>\n<meta name=\"twitter:card\" content=\"summary_large_image\" \/>\n<meta name=\"twitter:label1\" content=\"Tempo di lettura stimato\" \/>\n\t<meta name=\"twitter:data1\" content=\"2 minuti\" \/>\n<script type=\"application\/ld+json\" class=\"yoast-schema-graph\">{\"@context\":\"https:\/\/schema.org\",\"@graph\":[{\"@type\":\"WebPage\",\"@id\":\"https:\/\/cafesantahelena.com\/it\/products\/bio-caffe-speciale-macinato\/\",\"url\":\"https:\/\/cafesantahelena.com\/it\/products\/bio-caffe-speciale-macinato\/\",\"name\":\"Bio Caff\u00e8 Macinato - Caf\u00e9 Santa Helena\",\"isPartOf\":{\"@id\":\"https:\/\/cafesantahelena.com\/#website\"},\"primaryImageOfPage\":{\"@id\":\"https:\/\/cafesantahelena.com\/it\/products\/bio-caffe-speciale-macinato\/#primaryimage\"},\"image\":{\"@id\":\"https:\/\/cafesantahelena.com\/it\/products\/bio-caffe-speciale-macinato\/#primaryimage\"},\"thumbnailUrl\":\"https:\/\/cafesantahelena.com\/wp-content\/uploads\/2024\/07\/Organic-coffee-ground-2.webp\",\"datePublished\":\"2024-07-22T15:08:57+00:00\",\"dateModified\":\"2025-01-20T18:47:51+00:00\",\"description\":\"Bio Caff\u00e8 macinato, 100% Arabica, caff\u00e8 speciale dal Brasile. Torrefazione artigianale a legna. Ideale per Moka, filtro, French Press. Confezione 500g.\",\"breadcrumb\":{\"@id\":\"https:\/\/cafesantahelena.com\/it\/products\/bio-caffe-speciale-macinato\/#breadcrumb\"},\"inLanguage\":\"it-IT\",\"potentialAction\":[{\"@type\":\"ReadAction\",\"target\":[\"https:\/\/cafesantahelena.com\/it\/products\/bio-caffe-speciale-macinato\/\"]}]},{\"@type\":\"ImageObject\",\"inLanguage\":\"it-IT\",\"@id\":\"https:\/\/cafesantahelena.com\/it\/products\/bio-caffe-speciale-macinato\/#primaryimage\",\"url\":\"https:\/\/cafesantahelena.com\/wp-content\/uploads\/2024\/07\/Organic-coffee-ground-2.webp\",\"contentUrl\":\"https:\/\/cafesantahelena.com\/wp-content\/uploads\/2024\/07\/Organic-coffee-ground-2.webp\",\"width\":350,\"height\":450,\"caption\":\"organic coffee ground\"},{\"@type\":\"BreadcrumbList\",\"@id\":\"https:\/\/cafesantahelena.com\/it\/products\/bio-caffe-speciale-macinato\/#breadcrumb\",\"itemListElement\":[{\"@type\":\"ListItem\",\"position\":1,\"name\":\"In\u00edcio\",\"item\":\"https:\/\/cafesantahelena.com\/it\/\"},{\"@type\":\"ListItem\",\"position\":2,\"name\":\"Produtos\",\"item\":\"https:\/\/cafesantahelena.com\/loja\/\"},{\"@type\":\"ListItem\",\"position\":3,\"name\":\"Bio Caff\u00e8 Speciale Macinato\"}]},{\"@type\":\"WebSite\",\"@id\":\"https:\/\/cafesantahelena.com\/#website\",\"url\":\"https:\/\/cafesantahelena.com\/\",\"name\":\"Caf\u00e9 Santa Helena\",\"description\":\"\",\"potentialAction\":[{\"@type\":\"SearchAction\",\"target\":{\"@type\":\"EntryPoint\",\"urlTemplate\":\"https:\/\/cafesantahelena.com\/?s={search_term_string}\"},\"query-input\":{\"@type\":\"PropertyValueSpecification\",\"valueRequired\":true,\"valueName\":\"search_term_string\"}}],\"inLanguage\":\"it-IT\"}]}<\/script>\n<!-- \/ Yoast SEO plugin. -->","yoast_head_json":{"title":"Bio Caff\u00e8 Macinato - Caf\u00e9 Santa Helena","description":"Bio Caff\u00e8 macinato, 100% Arabica, caff\u00e8 speciale dal Brasile. Torrefazione artigianale a legna. Ideale per Moka, filtro, French Press. Confezione 500g.","robots":{"index":"index","follow":"follow","max-snippet":"max-snippet:-1","max-image-preview":"max-image-preview:large","max-video-preview":"max-video-preview:-1"},"canonical":"https:\/\/cafesantahelena.com\/it\/products\/bio-caffe-speciale-macinato\/","og_locale":"it_IT","og_type":"article","og_title":"Bio Caff\u00e8 Macinato - Caf\u00e9 Santa Helena","og_description":"Bio Caff\u00e8 macinato, 100% Arabica, caff\u00e8 speciale dal Brasile. Torrefazione artigianale a legna. Ideale per Moka, filtro, French Press. Confezione 500g.","og_url":"https:\/\/cafesantahelena.com\/it\/products\/bio-caffe-speciale-macinato\/","og_site_name":"Caf\u00e9 Santa Helena","article_modified_time":"2025-01-20T18:47:51+00:00","og_image":[{"width":350,"height":450,"url":"https:\/\/cafesantahelena.com\/wp-content\/uploads\/2024\/07\/Organic-coffee-ground-2.webp","type":"image\/webp"}],"twitter_card":"summary_large_image","twitter_misc":{"Tempo di lettura stimato":"2 minuti"},"schema":{"@context":"https:\/\/schema.org","@graph":[{"@type":"WebPage","@id":"https:\/\/cafesantahelena.com\/it\/products\/bio-caffe-speciale-macinato\/","url":"https:\/\/cafesantahelena.com\/it\/products\/bio-caffe-speciale-macinato\/","name":"Bio Caff\u00e8 Macinato - Caf\u00e9 Santa Helena","isPartOf":{"@id":"https:\/\/cafesantahelena.com\/#website"},"primaryImageOfPage":{"@id":"https:\/\/cafesantahelena.com\/it\/products\/bio-caffe-speciale-macinato\/#primaryimage"},"image":{"@id":"https:\/\/cafesantahelena.com\/it\/products\/bio-caffe-speciale-macinato\/#primaryimage"},"thumbnailUrl":"https:\/\/cafesantahelena.com\/wp-content\/uploads\/2024\/07\/Organic-coffee-ground-2.webp","datePublished":"2024-07-22T15:08:57+00:00","dateModified":"2025-01-20T18:47:51+00:00","description":"Bio Caff\u00e8 macinato, 100% Arabica, caff\u00e8 speciale dal Brasile. Torrefazione artigianale a legna. Ideale per Moka, filtro, French Press. Confezione 500g.","breadcrumb":{"@id":"https:\/\/cafesantahelena.com\/it\/products\/bio-caffe-speciale-macinato\/#breadcrumb"},"inLanguage":"it-IT","potentialAction":[{"@type":"ReadAction","target":["https:\/\/cafesantahelena.com\/it\/products\/bio-caffe-speciale-macinato\/"]}]},{"@type":"ImageObject","inLanguage":"it-IT","@id":"https:\/\/cafesantahelena.com\/it\/products\/bio-caffe-speciale-macinato\/#primaryimage","url":"https:\/\/cafesantahelena.com\/wp-content\/uploads\/2024\/07\/Organic-coffee-ground-2.webp","contentUrl":"https:\/\/cafesantahelena.com\/wp-content\/uploads\/2024\/07\/Organic-coffee-ground-2.webp","width":350,"height":450,"caption":"organic coffee ground"},{"@type":"BreadcrumbList","@id":"https:\/\/cafesantahelena.com\/it\/products\/bio-caffe-speciale-macinato\/#breadcrumb","itemListElement":[{"@type":"ListItem","position":1,"name":"In\u00edcio","item":"https:\/\/cafesantahelena.com\/it\/"},{"@type":"ListItem","position":2,"name":"Produtos","item":"https:\/\/cafesantahelena.com\/loja\/"},{"@type":"ListItem","position":3,"name":"Bio Caff\u00e8 Speciale Macinato"}]},{"@type":"WebSite","@id":"https:\/\/cafesantahelena.com\/#website","url":"https:\/\/cafesantahelena.com\/","name":"Caf\u00e9 Santa Helena","description":"","potentialAction":[{"@type":"SearchAction","target":{"@type":"EntryPoint","urlTemplate":"https:\/\/cafesantahelena.com\/?s={search_term_string}"},"query-input":{"@type":"PropertyValueSpecification","valueRequired":true,"valueName":"search_term_string"}}],"inLanguage":"it-IT"}]}},"_links":{"self":[{"href":"https:\/\/cafesantahelena.com\/it\/wp-json\/wp\/v2\/product\/14089","targetHints":{"allow":["GET"]}}],"collection":[{"href":"https:\/\/cafesantahelena.com\/it\/wp-json\/wp\/v2\/product"}],"about":[{"href":"https:\/\/cafesantahelena.com\/it\/wp-json\/wp\/v2\/types\/product"}],"replies":[{"embeddable":true,"href":"https:\/\/cafesantahelena.com\/it\/wp-json\/wp\/v2\/comments?post=14089"}],"wp:featuredmedia":[{"embeddable":true,"href":"https:\/\/cafesantahelena.com\/it\/wp-json\/wp\/v2\/media\/17129"}],"wp:attachment":[{"href":"https:\/\/cafesantahelena.com\/it\/wp-json\/wp\/v2\/media?parent=14089"}],"wp:term":[{"taxonomy":"product_brand","embeddable":true,"href":"https:\/\/cafesantahelena.com\/it\/wp-json\/wp\/v2\/product_brand?post=14089"},{"taxonomy":"product_cat","embeddable":true,"href":"https:\/\/cafesantahelena.com\/it\/wp-json\/wp\/v2\/product_cat?post=14089"},{"taxonomy":"product_tag","embeddable":true,"href":"https:\/\/cafesantahelena.com\/it\/wp-json\/wp\/v2\/product_tag?post=14089"}],"curies":[{"name":"wp","href":"https:\/\/api.w.org\/{rel}","templated":true}]}}